{"id":351428,"date":"2020-04-16T21:40:57","date_gmt":"2020-04-16T19:40:57","guid":{"rendered":"https:\/\/www.daisho.be\/produit\/cuerda-de-saltar-de-acero-300-cm-negra\/"},"modified":"2024-01-16T17:13:23","modified_gmt":"2024-01-16T16:13:23","slug":"cuerda-de-saltar-de-acero-300-cm-negra","status":"publish","type":"product","link":"https:\/\/www.daisho.be\/es\/produit\/cuerda-de-saltar-de-acero-300-cm-negra\/","title":{"rendered":"CUERDA DE SALTAR DE ACERO 300 CM NEGRA"},"content":{"rendered":"<p>Se trata de la \u00faltima generaci\u00f3n de cuerdas r\u00e1pidas profesionales. Ideal para todo tipo de entrenamiento profesional con cuerda de saltar.<br \/>\nLa cuerda es muy flexible, por lo que cuelga recta sin retorcerse en espiral.<br \/>\nCuerda de acero con un resistente revestimiento protector. Las asas son de pl\u00e1stico irrompible con rodamientos de bolas.<br \/>\nGracias a los tornillos de ajuste integrados, la longitud puede ajustarse r\u00e1pida y f\u00e1cilmente. Ajuste manual, no requiere llave Allen.<br \/>\nCuerda de saltar de acero.<br \/>\nColor: negro.<br \/>\nLongitud: 300 cm.<\/p>\n","protected":false},"excerpt":{"rendered":"<p>Se trata de la \u00faltima generaci\u00f3n de cuerdas r\u00e1pidas profesionales. Ideal para todo tipo de entrenamiento profesional con cuerda de saltar. La cuerda es muy flexible, por lo que cuelga recta sin retorcerse en espiral. Cuerda de acero con un resistente revestimiento protector. Las asas son de pl\u00e1stico irrompible con rodamientos de bolas. Gracias a [&hellip;]<\/p>\n","protected":false},"featured_media":338571,"comment_status":"open","ping_status":"closed","template":"","meta":{"inline_featured_image":false},"product_brand":[],"product_cat":[1418,1324,1409,1301],"product_tag":[1320],"sport":[],"class_list":{"0":"post-351428","1":"product","2":"type-product","3":"status-publish","4":"has-post-thumbnail","6":"product_cat-equipo-de-entrenamiento-de-boxeo","7":"product_cat-equipo-de-entrenamiento-de-muay-thai","8":"product_cat-equipos-de-formacion-es","9":"product_cat-material-de-entrenamiento-de-karate","10":"product_tag-dax-es","11":"pa_size-sans-taille-defaut","13":"first","14":"instock","15":"taxable","16":"shipping-taxable","17":"purchasable","18":"product-type-simple"},"yoast_head":"<!-- This site is optimized with the Yoast SEO plugin v27.2 - https:\/\/yoast.com\/product\/yoast-seo-wordpress\/ -->\n<title>CUERDA DE SALTAR DE ACERO 300 CM NEGRA &#8211; Daisho<\/title>\n<meta name=\"robots\" content=\"index, follow, max-snippet:-1, max-image-preview:large, max-video-preview:-1\" \/>\n<link rel=\"canonical\" href=\"https:\/\/www.daisho.be\/es\/produit\/cuerda-de-saltar-de-acero-300-cm-negra\/\" \/>\n<meta property=\"og:locale\" content=\"es_ES\" \/>\n<meta property=\"og:type\" content=\"article\" \/>\n<meta property=\"og:title\" content=\"CUERDA DE SALTAR DE ACERO 300 CM NEGRA &#8211; Daisho\" \/>\n<meta property=\"og:description\" content=\"Se trata de la \u00faltima generaci\u00f3n de cuerdas r\u00e1pidas profesionales. Ideal para todo tipo de entrenamiento profesional con cuerda de saltar. La cuerda es muy flexible, por lo que cuelga recta sin retorcerse en espiral. Cuerda de acero con un resistente revestimiento protector. Las asas son de pl\u00e1stico irrompible con rodamientos de bolas. Gracias a [&hellip;]\" \/>\n<meta property=\"og:url\" content=\"https:\/\/www.daisho.be\/es\/produit\/cuerda-de-saltar-de-acero-300-cm-negra\/\" \/>\n<meta property=\"og:site_name\" content=\"Daisho\" \/>\n<meta property=\"article:modified_time\" content=\"2024-01-16T16:13:23+00:00\" \/>\n<meta property=\"og:image\" content=\"https:\/\/www.daisho.be\/wp-content\/uploads\/2023\/08\/image-22.jpg\" \/>\n\t<meta property=\"og:image:width\" content=\"384\" \/>\n\t<meta property=\"og:image:height\" content=\"543\" \/>\n\t<meta property=\"og:image:type\" content=\"image\/jpeg\" \/>\n<meta name=\"twitter:card\" content=\"summary_large_image\" \/>\n<script type=\"application\/ld+json\" class=\"yoast-schema-graph\">{\"@context\":\"https:\/\/schema.org\",\"@graph\":[{\"@type\":\"WebPage\",\"@id\":\"https:\/\/www.daisho.be\/es\/produit\/cuerda-de-saltar-de-acero-300-cm-negra\/\",\"url\":\"https:\/\/www.daisho.be\/es\/produit\/cuerda-de-saltar-de-acero-300-cm-negra\/\",\"name\":\"CUERDA DE SALTAR DE ACERO 300 CM NEGRA &#8211; Daisho\",\"isPartOf\":{\"@id\":\"https:\/\/www.daisho.be\/es\/#website\"},\"primaryImageOfPage\":{\"@id\":\"https:\/\/www.daisho.be\/es\/produit\/cuerda-de-saltar-de-acero-300-cm-negra\/#primaryimage\"},\"image\":{\"@id\":\"https:\/\/www.daisho.be\/es\/produit\/cuerda-de-saltar-de-acero-300-cm-negra\/#primaryimage\"},\"thumbnailUrl\":\"https:\/\/www.daisho.be\/wp-content\/uploads\/2023\/08\/image-22.jpg\",\"datePublished\":\"2020-04-16T19:40:57+00:00\",\"dateModified\":\"2024-01-16T16:13:23+00:00\",\"breadcrumb\":{\"@id\":\"https:\/\/www.daisho.be\/es\/produit\/cuerda-de-saltar-de-acero-300-cm-negra\/#breadcrumb\"},\"inLanguage\":\"es\",\"potentialAction\":[{\"@type\":\"ReadAction\",\"target\":[\"https:\/\/www.daisho.be\/es\/produit\/cuerda-de-saltar-de-acero-300-cm-negra\/\"]}]},{\"@type\":\"ImageObject\",\"inLanguage\":\"es\",\"@id\":\"https:\/\/www.daisho.be\/es\/produit\/cuerda-de-saltar-de-acero-300-cm-negra\/#primaryimage\",\"url\":\"https:\/\/www.daisho.be\/wp-content\/uploads\/2023\/08\/image-22.jpg\",\"contentUrl\":\"https:\/\/www.daisho.be\/wp-content\/uploads\/2023\/08\/image-22.jpg\",\"width\":384,\"height\":543,\"caption\":\"CUERDA DE SALTAR DE ACERO 300 CM NEGRO-1\"},{\"@type\":\"BreadcrumbList\",\"@id\":\"https:\/\/www.daisho.be\/es\/produit\/cuerda-de-saltar-de-acero-300-cm-negra\/#breadcrumb\",\"itemListElement\":[{\"@type\":\"ListItem\",\"position\":1,\"name\":\"Accueil\",\"item\":\"https:\/\/www.daisho.be\/es\/\"},{\"@type\":\"ListItem\",\"position\":2,\"name\":\"Productos\",\"item\":\"https:\/\/www.daisho.be\/es\/productos\/\"},{\"@type\":\"ListItem\",\"position\":3,\"name\":\"Equipamiento y ropa para artes marciales y deportes de combate\",\"item\":\"https:\/\/www.daisho.be\/es\/categorie-produit\/equipamiento-y-ropa-para-artes-marciales-y-deportes-de-combate\/\"},{\"@type\":\"ListItem\",\"position\":4,\"name\":\"Boxeo\",\"item\":\"https:\/\/www.daisho.be\/es\/categorie-produit\/equipamiento-y-ropa-para-artes-marciales-y-deportes-de-combate\/boxeo-es\/\"},{\"@type\":\"ListItem\",\"position\":5,\"name\":\"Equipo de entrenamiento de boxeo\",\"item\":\"https:\/\/www.daisho.be\/es\/categorie-produit\/equipamiento-y-ropa-para-artes-marciales-y-deportes-de-combate\/boxeo-es\/equipo-de-entrenamiento-de-boxeo\/\"},{\"@type\":\"ListItem\",\"position\":6,\"name\":\"CUERDA DE SALTAR DE ACERO 300 CM NEGRA\"}]},{\"@type\":\"WebSite\",\"@id\":\"https:\/\/www.daisho.be\/es\/#website\",\"url\":\"https:\/\/www.daisho.be\/es\/\",\"name\":\"Daisho\",\"description\":\"Sp&eacute;cialiste de l'&eacute;quipement sportif d'arts martiaux\",\"publisher\":{\"@id\":\"https:\/\/www.daisho.be\/es\/#organization\"},\"potentialAction\":[{\"@type\":\"SearchAction\",\"target\":{\"@type\":\"EntryPoint\",\"urlTemplate\":\"https:\/\/www.daisho.be\/es\/?s={search_term_string}\"},\"query-input\":{\"@type\":\"PropertyValueSpecification\",\"valueRequired\":true,\"valueName\":\"search_term_string\"}}],\"inLanguage\":\"es\"},{\"@type\":\"Organization\",\"@id\":\"https:\/\/www.daisho.be\/es\/#organization\",\"name\":\"Daisho\",\"url\":\"https:\/\/www.daisho.be\/es\/\",\"logo\":{\"@type\":\"ImageObject\",\"inLanguage\":\"es\",\"@id\":\"https:\/\/www.daisho.be\/es\/#\/schema\/logo\/image\/\",\"url\":\"https:\/\/www.daisho.be\/wp-content\/uploads\/2019\/07\/color-nothing-horizontale4x-e1564486100247.png\",\"contentUrl\":\"https:\/\/www.daisho.be\/wp-content\/uploads\/2019\/07\/color-nothing-horizontale4x-e1564486100247.png\",\"width\":1547,\"height\":385,\"caption\":\"Daisho\"},\"image\":{\"@id\":\"https:\/\/www.daisho.be\/es\/#\/schema\/logo\/image\/\"}}]}<\/script>\n<!-- \/ Yoast SEO plugin. -->","yoast_head_json":{"title":"CUERDA DE SALTAR DE ACERO 300 CM NEGRA &#8211; Daisho","robots":{"index":"index","follow":"follow","max-snippet":"max-snippet:-1","max-image-preview":"max-image-preview:large","max-video-preview":"max-video-preview:-1"},"canonical":"https:\/\/www.daisho.be\/es\/produit\/cuerda-de-saltar-de-acero-300-cm-negra\/","og_locale":"es_ES","og_type":"article","og_title":"CUERDA DE SALTAR DE ACERO 300 CM NEGRA &#8211; Daisho","og_description":"Se trata de la \u00faltima generaci\u00f3n de cuerdas r\u00e1pidas profesionales. Ideal para todo tipo de entrenamiento profesional con cuerda de saltar. La cuerda es muy flexible, por lo que cuelga recta sin retorcerse en espiral. Cuerda de acero con un resistente revestimiento protector. Las asas son de pl\u00e1stico irrompible con rodamientos de bolas. Gracias a [&hellip;]","og_url":"https:\/\/www.daisho.be\/es\/produit\/cuerda-de-saltar-de-acero-300-cm-negra\/","og_site_name":"Daisho","article_modified_time":"2024-01-16T16:13:23+00:00","og_image":[{"width":384,"height":543,"url":"https:\/\/www.daisho.be\/wp-content\/uploads\/2023\/08\/image-22.jpg","type":"image\/jpeg"}],"twitter_card":"summary_large_image","schema":{"@context":"https:\/\/schema.org","@graph":[{"@type":"WebPage","@id":"https:\/\/www.daisho.be\/es\/produit\/cuerda-de-saltar-de-acero-300-cm-negra\/","url":"https:\/\/www.daisho.be\/es\/produit\/cuerda-de-saltar-de-acero-300-cm-negra\/","name":"CUERDA DE SALTAR DE ACERO 300 CM NEGRA &#8211; Daisho","isPartOf":{"@id":"https:\/\/www.daisho.be\/es\/#website"},"primaryImageOfPage":{"@id":"https:\/\/www.daisho.be\/es\/produit\/cuerda-de-saltar-de-acero-300-cm-negra\/#primaryimage"},"image":{"@id":"https:\/\/www.daisho.be\/es\/produit\/cuerda-de-saltar-de-acero-300-cm-negra\/#primaryimage"},"thumbnailUrl":"https:\/\/www.daisho.be\/wp-content\/uploads\/2023\/08\/image-22.jpg","datePublished":"2020-04-16T19:40:57+00:00","dateModified":"2024-01-16T16:13:23+00:00","breadcrumb":{"@id":"https:\/\/www.daisho.be\/es\/produit\/cuerda-de-saltar-de-acero-300-cm-negra\/#breadcrumb"},"inLanguage":"es","potentialAction":[{"@type":"ReadAction","target":["https:\/\/www.daisho.be\/es\/produit\/cuerda-de-saltar-de-acero-300-cm-negra\/"]}]},{"@type":"ImageObject","inLanguage":"es","@id":"https:\/\/www.daisho.be\/es\/produit\/cuerda-de-saltar-de-acero-300-cm-negra\/#primaryimage","url":"https:\/\/www.daisho.be\/wp-content\/uploads\/2023\/08\/image-22.jpg","contentUrl":"https:\/\/www.daisho.be\/wp-content\/uploads\/2023\/08\/image-22.jpg","width":384,"height":543,"caption":"CUERDA DE SALTAR DE ACERO 300 CM NEGRO-1"},{"@type":"BreadcrumbList","@id":"https:\/\/www.daisho.be\/es\/produit\/cuerda-de-saltar-de-acero-300-cm-negra\/#breadcrumb","itemListElement":[{"@type":"ListItem","position":1,"name":"Accueil","item":"https:\/\/www.daisho.be\/es\/"},{"@type":"ListItem","position":2,"name":"Productos","item":"https:\/\/www.daisho.be\/es\/productos\/"},{"@type":"ListItem","position":3,"name":"Equipamiento y ropa para artes marciales y deportes de combate","item":"https:\/\/www.daisho.be\/es\/categorie-produit\/equipamiento-y-ropa-para-artes-marciales-y-deportes-de-combate\/"},{"@type":"ListItem","position":4,"name":"Boxeo","item":"https:\/\/www.daisho.be\/es\/categorie-produit\/equipamiento-y-ropa-para-artes-marciales-y-deportes-de-combate\/boxeo-es\/"},{"@type":"ListItem","position":5,"name":"Equipo de entrenamiento de boxeo","item":"https:\/\/www.daisho.be\/es\/categorie-produit\/equipamiento-y-ropa-para-artes-marciales-y-deportes-de-combate\/boxeo-es\/equipo-de-entrenamiento-de-boxeo\/"},{"@type":"ListItem","position":6,"name":"CUERDA DE SALTAR DE ACERO 300 CM NEGRA"}]},{"@type":"WebSite","@id":"https:\/\/www.daisho.be\/es\/#website","url":"https:\/\/www.daisho.be\/es\/","name":"Daisho","description":"Sp&eacute;cialiste de l'&eacute;quipement sportif d'arts martiaux","publisher":{"@id":"https:\/\/www.daisho.be\/es\/#organization"},"potentialAction":[{"@type":"SearchAction","target":{"@type":"EntryPoint","urlTemplate":"https:\/\/www.daisho.be\/es\/?s={search_term_string}"},"query-input":{"@type":"PropertyValueSpecification","valueRequired":true,"valueName":"search_term_string"}}],"inLanguage":"es"},{"@type":"Organization","@id":"https:\/\/www.daisho.be\/es\/#organization","name":"Daisho","url":"https:\/\/www.daisho.be\/es\/","logo":{"@type":"ImageObject","inLanguage":"es","@id":"https:\/\/www.daisho.be\/es\/#\/schema\/logo\/image\/","url":"https:\/\/www.daisho.be\/wp-content\/uploads\/2019\/07\/color-nothing-horizontale4x-e1564486100247.png","contentUrl":"https:\/\/www.daisho.be\/wp-content\/uploads\/2019\/07\/color-nothing-horizontale4x-e1564486100247.png","width":1547,"height":385,"caption":"Daisho"},"image":{"@id":"https:\/\/www.daisho.be\/es\/#\/schema\/logo\/image\/"}}]}},"_links":{"self":[{"href":"https:\/\/www.daisho.be\/es\/wp-json\/wp\/v2\/product\/351428","targetHints":{"allow":["GET"]}}],"collection":[{"href":"https:\/\/www.daisho.be\/es\/wp-json\/wp\/v2\/product"}],"about":[{"href":"https:\/\/www.daisho.be\/es\/wp-json\/wp\/v2\/types\/product"}],"replies":[{"embeddable":true,"href":"https:\/\/www.daisho.be\/es\/wp-json\/wp\/v2\/comments?post=351428"}],"wp:featuredmedia":[{"embeddable":true,"href":"https:\/\/www.daisho.be\/es\/wp-json\/wp\/v2\/media\/338571"}],"wp:attachment":[{"href":"https:\/\/www.daisho.be\/es\/wp-json\/wp\/v2\/media?parent=351428"}],"wp:term":[{"taxonomy":"product_brand","embeddable":true,"href":"https:\/\/www.daisho.be\/es\/wp-json\/wp\/v2\/product_brand?post=351428"},{"taxonomy":"product_cat","embeddable":true,"href":"https:\/\/www.daisho.be\/es\/wp-json\/wp\/v2\/product_cat?post=351428"},{"taxonomy":"product_tag","embeddable":true,"href":"https:\/\/www.daisho.be\/es\/wp-json\/wp\/v2\/product_tag?post=351428"},{"taxonomy":"sport","embeddable":true,"href":"https:\/\/www.daisho.be\/es\/wp-json\/wp\/v2\/sport?post=351428"}],"curies":[{"name":"wp","href":"https:\/\/api.w.org\/{rel}","templated":true}]}}