{"id":350974,"date":"2019-10-15T09:09:12","date_gmt":"2019-10-15T07:09:12","guid":{"rendered":"https:\/\/www.daisho.be\/produit\/cinturon-de-competicion-tokaido-kata-wkf-rojo\/"},"modified":"2025-10-09T13:49:04","modified_gmt":"2025-10-09T11:49:04","slug":"cinturon-de-competicion-tokaido-kata-wkf-rojo","status":"publish","type":"product","link":"https:\/\/www.daisho.be\/es\/produit\/cinturon-de-competicion-tokaido-kata-wkf-rojo\/","title":{"rendered":"CINTUR\u00d3N DE COMPETICI\u00d3N TOKAIDO KATA, WKF, ROJO"},"content":{"rendered":"<p>Cintur\u00f3n de competici\u00f3n espec\u00edfico para kata. Aprobado por la WKF.<br \/>\nCalidad superior.<br \/>\nColor: Rojo.<br \/>\nMaterial: 100% algod\u00f3n.<\/p>\n<p><img loading=\"lazy\" decoding=\"async\" class=\"size-full wp-image-416621 alignleft\" src=\"https:\/\/www.daisho.be\/wp-content\/uploads\/2019\/09\/wkf-approved.png\" alt=\"\" width=\"108\" height=\"121\" srcset=\"https:\/\/www.daisho.be\/wp-content\/uploads\/2019\/09\/wkf-approved.png 108w, https:\/\/www.daisho.be\/wp-content\/uploads\/2019\/09\/wkf-approved-71x80.png 71w\" sizes=\"auto, (max-width: 108px) 100vw, 108px\" \/><\/p>\n","protected":false},"excerpt":{"rendered":"<p>Cintur\u00f3n de competici\u00f3n espec\u00edfico para kata. Aprobado por la WKF. Calidad superior. Color: Rojo. Material: 100% algod\u00f3n.<\/p>\n","protected":false},"featured_media":338829,"comment_status":"closed","ping_status":"closed","template":"","meta":{"inline_featured_image":false},"product_brand":[],"product_cat":[1403,1404],"product_tag":[1306],"sport":[73],"class_list":{"0":"post-350974","1":"product","2":"type-product","3":"status-publish","4":"has-post-thumbnail","6":"product_cat-cinturones","7":"product_cat-cinturones-de-karate","8":"product_tag-tokaido-es","9":"pa_size-245-25","10":"pa_size-255-30","11":"pa_size-265-35","12":"pa_size-275-40","13":"pa_size-285-45","14":"pa_size-295-50","15":"pa_size-305-55","16":"pa_size-315-60","17":"pa_size-335-70","18":"pa_size-355-80","19":"sport-karate","21":"first","22":"instock","23":"taxable","24":"shipping-taxable","25":"purchasable","26":"product-type-variable"},"yoast_head":"<!-- This site is optimized with the Yoast SEO plugin v27.2 - https:\/\/yoast.com\/product\/yoast-seo-wordpress\/ -->\n<title>Cintur\u00f3n Rojo de Competici\u00f3n Tokaido Kata - WKF | Daisho Martial Arts<\/title>\n<meta name=\"description\" content=\"Daisho &#8211; Cintur\u00f3n de competici\u00f3n espec\u00edfico para kata. Aprobado por la WKF. C\u00f3mpralo en nuestra web www.daisho.be|Daisho\" \/>\n<meta name=\"robots\" content=\"index, follow, max-snippet:-1, max-image-preview:large, max-video-preview:-1\" \/>\n<link rel=\"canonical\" href=\"https:\/\/www.daisho.be\/es\/produit\/cinturon-de-competicion-tokaido-kata-wkf-rojo\/\" \/>\n<meta property=\"og:locale\" content=\"es_ES\" \/>\n<meta property=\"og:type\" content=\"article\" \/>\n<meta property=\"og:title\" content=\"Cintur\u00f3n Rojo de Competici\u00f3n Tokaido Kata - WKF | Daisho Martial Arts\" \/>\n<meta property=\"og:description\" content=\"Daisho &#8211; Cintur\u00f3n de competici\u00f3n espec\u00edfico para kata. Aprobado por la WKF. C\u00f3mpralo en nuestra web www.daisho.be|Daisho\" \/>\n<meta property=\"og:url\" content=\"https:\/\/www.daisho.be\/es\/produit\/cinturon-de-competicion-tokaido-kata-wkf-rojo\/\" \/>\n<meta property=\"og:site_name\" content=\"Daisho\" \/>\n<meta property=\"article:modified_time\" content=\"2025-10-09T11:49:04+00:00\" \/>\n<meta property=\"og:image\" content=\"https:\/\/www.daisho.be\/wp-content\/uploads\/2023\/09\/image-11.jpg\" \/>\n\t<meta property=\"og:image:width\" content=\"800\" \/>\n\t<meta property=\"og:image:height\" content=\"1280\" \/>\n\t<meta property=\"og:image:type\" content=\"image\/jpeg\" \/>\n<meta name=\"twitter:card\" content=\"summary_large_image\" \/>\n<script type=\"application\/ld+json\" class=\"yoast-schema-graph\">{\"@context\":\"https:\/\/schema.org\",\"@graph\":[{\"@type\":\"WebPage\",\"@id\":\"https:\/\/www.daisho.be\/es\/produit\/cinturon-de-competicion-tokaido-kata-wkf-rojo\/\",\"url\":\"https:\/\/www.daisho.be\/es\/produit\/cinturon-de-competicion-tokaido-kata-wkf-rojo\/\",\"name\":\"Cintur\u00f3n Rojo de Competici\u00f3n Tokaido Kata - WKF | Daisho Martial Arts\",\"isPartOf\":{\"@id\":\"https:\/\/www.daisho.be\/es\/#website\"},\"primaryImageOfPage\":{\"@id\":\"https:\/\/www.daisho.be\/es\/produit\/cinturon-de-competicion-tokaido-kata-wkf-rojo\/#primaryimage\"},\"image\":{\"@id\":\"https:\/\/www.daisho.be\/es\/produit\/cinturon-de-competicion-tokaido-kata-wkf-rojo\/#primaryimage\"},\"thumbnailUrl\":\"https:\/\/www.daisho.be\/wp-content\/uploads\/2023\/09\/image-11.jpg\",\"datePublished\":\"2019-10-15T07:09:12+00:00\",\"dateModified\":\"2025-10-09T11:49:04+00:00\",\"description\":\"Daisho &#8211; Cintur\u00f3n de competici\u00f3n espec\u00edfico para kata. Aprobado por la WKF. C\u00f3mpralo en nuestra web www.daisho.be|Daisho\",\"breadcrumb\":{\"@id\":\"https:\/\/www.daisho.be\/es\/produit\/cinturon-de-competicion-tokaido-kata-wkf-rojo\/#breadcrumb\"},\"inLanguage\":\"es\",\"potentialAction\":[{\"@type\":\"ReadAction\",\"target\":[\"https:\/\/www.daisho.be\/es\/produit\/cinturon-de-competicion-tokaido-kata-wkf-rojo\/\"]}]},{\"@type\":\"ImageObject\",\"inLanguage\":\"es\",\"@id\":\"https:\/\/www.daisho.be\/es\/produit\/cinturon-de-competicion-tokaido-kata-wkf-rojo\/#primaryimage\",\"url\":\"https:\/\/www.daisho.be\/wp-content\/uploads\/2023\/09\/image-11.jpg\",\"contentUrl\":\"https:\/\/www.daisho.be\/wp-content\/uploads\/2023\/09\/image-11.jpg\",\"width\":800,\"height\":1280,\"caption\":\"CINTUR\u00d3N DE COMPETICI\u00d3N TOKAIDO KATA, WKF, ROJO-1\"},{\"@type\":\"BreadcrumbList\",\"@id\":\"https:\/\/www.daisho.be\/es\/produit\/cinturon-de-competicion-tokaido-kata-wkf-rojo\/#breadcrumb\",\"itemListElement\":[{\"@type\":\"ListItem\",\"position\":1,\"name\":\"Accueil\",\"item\":\"https:\/\/www.daisho.be\/es\/\"},{\"@type\":\"ListItem\",\"position\":2,\"name\":\"Productos\",\"item\":\"https:\/\/www.daisho.be\/es\/productos\/\"},{\"@type\":\"ListItem\",\"position\":3,\"name\":\"Equipamiento y ropa para artes marciales y deportes de combate\",\"item\":\"https:\/\/www.daisho.be\/es\/categorie-produit\/equipamiento-y-ropa-para-artes-marciales-y-deportes-de-combate\/\"},{\"@type\":\"ListItem\",\"position\":4,\"name\":\"Karate\",\"item\":\"https:\/\/www.daisho.be\/es\/categorie-produit\/equipamiento-y-ropa-para-artes-marciales-y-deportes-de-combate\/karate-es-2\/\"},{\"@type\":\"ListItem\",\"position\":5,\"name\":\"Cinturones de k\u00e1rate\",\"item\":\"https:\/\/www.daisho.be\/es\/categorie-produit\/equipamiento-y-ropa-para-artes-marciales-y-deportes-de-combate\/karate-es-2\/cinturones-de-karate\/\"},{\"@type\":\"ListItem\",\"position\":6,\"name\":\"CINTUR\u00d3N DE COMPETICI\u00d3N TOKAIDO KATA, WKF, ROJO\"}]},{\"@type\":\"WebSite\",\"@id\":\"https:\/\/www.daisho.be\/es\/#website\",\"url\":\"https:\/\/www.daisho.be\/es\/\",\"name\":\"Daisho\",\"description\":\"Sp&eacute;cialiste de l'&eacute;quipement sportif d'arts martiaux\",\"publisher\":{\"@id\":\"https:\/\/www.daisho.be\/es\/#organization\"},\"potentialAction\":[{\"@type\":\"SearchAction\",\"target\":{\"@type\":\"EntryPoint\",\"urlTemplate\":\"https:\/\/www.daisho.be\/es\/?s={search_term_string}\"},\"query-input\":{\"@type\":\"PropertyValueSpecification\",\"valueRequired\":true,\"valueName\":\"search_term_string\"}}],\"inLanguage\":\"es\"},{\"@type\":\"Organization\",\"@id\":\"https:\/\/www.daisho.be\/es\/#organization\",\"name\":\"Daisho\",\"url\":\"https:\/\/www.daisho.be\/es\/\",\"logo\":{\"@type\":\"ImageObject\",\"inLanguage\":\"es\",\"@id\":\"https:\/\/www.daisho.be\/es\/#\/schema\/logo\/image\/\",\"url\":\"https:\/\/www.daisho.be\/wp-content\/uploads\/2019\/07\/color-nothing-horizontale4x-e1564486100247.png\",\"contentUrl\":\"https:\/\/www.daisho.be\/wp-content\/uploads\/2019\/07\/color-nothing-horizontale4x-e1564486100247.png\",\"width\":1547,\"height\":385,\"caption\":\"Daisho\"},\"image\":{\"@id\":\"https:\/\/www.daisho.be\/es\/#\/schema\/logo\/image\/\"}}]}<\/script>\n<!-- \/ Yoast SEO plugin. -->","yoast_head_json":{"title":"Cintur\u00f3n Rojo de Competici\u00f3n Tokaido Kata - WKF | Daisho Martial Arts","description":"Daisho &#8211; Cintur\u00f3n de competici\u00f3n espec\u00edfico para kata. Aprobado por la WKF. C\u00f3mpralo en nuestra web www.daisho.be|Daisho","robots":{"index":"index","follow":"follow","max-snippet":"max-snippet:-1","max-image-preview":"max-image-preview:large","max-video-preview":"max-video-preview:-1"},"canonical":"https:\/\/www.daisho.be\/es\/produit\/cinturon-de-competicion-tokaido-kata-wkf-rojo\/","og_locale":"es_ES","og_type":"article","og_title":"Cintur\u00f3n Rojo de Competici\u00f3n Tokaido Kata - WKF | Daisho Martial Arts","og_description":"Daisho &#8211; Cintur\u00f3n de competici\u00f3n espec\u00edfico para kata. Aprobado por la WKF. C\u00f3mpralo en nuestra web www.daisho.be|Daisho","og_url":"https:\/\/www.daisho.be\/es\/produit\/cinturon-de-competicion-tokaido-kata-wkf-rojo\/","og_site_name":"Daisho","article_modified_time":"2025-10-09T11:49:04+00:00","og_image":[{"width":800,"height":1280,"url":"https:\/\/www.daisho.be\/wp-content\/uploads\/2023\/09\/image-11.jpg","type":"image\/jpeg"}],"twitter_card":"summary_large_image","schema":{"@context":"https:\/\/schema.org","@graph":[{"@type":"WebPage","@id":"https:\/\/www.daisho.be\/es\/produit\/cinturon-de-competicion-tokaido-kata-wkf-rojo\/","url":"https:\/\/www.daisho.be\/es\/produit\/cinturon-de-competicion-tokaido-kata-wkf-rojo\/","name":"Cintur\u00f3n Rojo de Competici\u00f3n Tokaido Kata - WKF | Daisho Martial Arts","isPartOf":{"@id":"https:\/\/www.daisho.be\/es\/#website"},"primaryImageOfPage":{"@id":"https:\/\/www.daisho.be\/es\/produit\/cinturon-de-competicion-tokaido-kata-wkf-rojo\/#primaryimage"},"image":{"@id":"https:\/\/www.daisho.be\/es\/produit\/cinturon-de-competicion-tokaido-kata-wkf-rojo\/#primaryimage"},"thumbnailUrl":"https:\/\/www.daisho.be\/wp-content\/uploads\/2023\/09\/image-11.jpg","datePublished":"2019-10-15T07:09:12+00:00","dateModified":"2025-10-09T11:49:04+00:00","description":"Daisho &#8211; Cintur\u00f3n de competici\u00f3n espec\u00edfico para kata. Aprobado por la WKF. C\u00f3mpralo en nuestra web www.daisho.be|Daisho","breadcrumb":{"@id":"https:\/\/www.daisho.be\/es\/produit\/cinturon-de-competicion-tokaido-kata-wkf-rojo\/#breadcrumb"},"inLanguage":"es","potentialAction":[{"@type":"ReadAction","target":["https:\/\/www.daisho.be\/es\/produit\/cinturon-de-competicion-tokaido-kata-wkf-rojo\/"]}]},{"@type":"ImageObject","inLanguage":"es","@id":"https:\/\/www.daisho.be\/es\/produit\/cinturon-de-competicion-tokaido-kata-wkf-rojo\/#primaryimage","url":"https:\/\/www.daisho.be\/wp-content\/uploads\/2023\/09\/image-11.jpg","contentUrl":"https:\/\/www.daisho.be\/wp-content\/uploads\/2023\/09\/image-11.jpg","width":800,"height":1280,"caption":"CINTUR\u00d3N DE COMPETICI\u00d3N TOKAIDO KATA, WKF, ROJO-1"},{"@type":"BreadcrumbList","@id":"https:\/\/www.daisho.be\/es\/produit\/cinturon-de-competicion-tokaido-kata-wkf-rojo\/#breadcrumb","itemListElement":[{"@type":"ListItem","position":1,"name":"Accueil","item":"https:\/\/www.daisho.be\/es\/"},{"@type":"ListItem","position":2,"name":"Productos","item":"https:\/\/www.daisho.be\/es\/productos\/"},{"@type":"ListItem","position":3,"name":"Equipamiento y ropa para artes marciales y deportes de combate","item":"https:\/\/www.daisho.be\/es\/categorie-produit\/equipamiento-y-ropa-para-artes-marciales-y-deportes-de-combate\/"},{"@type":"ListItem","position":4,"name":"Karate","item":"https:\/\/www.daisho.be\/es\/categorie-produit\/equipamiento-y-ropa-para-artes-marciales-y-deportes-de-combate\/karate-es-2\/"},{"@type":"ListItem","position":5,"name":"Cinturones de k\u00e1rate","item":"https:\/\/www.daisho.be\/es\/categorie-produit\/equipamiento-y-ropa-para-artes-marciales-y-deportes-de-combate\/karate-es-2\/cinturones-de-karate\/"},{"@type":"ListItem","position":6,"name":"CINTUR\u00d3N DE COMPETICI\u00d3N TOKAIDO KATA, WKF, ROJO"}]},{"@type":"WebSite","@id":"https:\/\/www.daisho.be\/es\/#website","url":"https:\/\/www.daisho.be\/es\/","name":"Daisho","description":"Sp&eacute;cialiste de l'&eacute;quipement sportif d'arts martiaux","publisher":{"@id":"https:\/\/www.daisho.be\/es\/#organization"},"potentialAction":[{"@type":"SearchAction","target":{"@type":"EntryPoint","urlTemplate":"https:\/\/www.daisho.be\/es\/?s={search_term_string}"},"query-input":{"@type":"PropertyValueSpecification","valueRequired":true,"valueName":"search_term_string"}}],"inLanguage":"es"},{"@type":"Organization","@id":"https:\/\/www.daisho.be\/es\/#organization","name":"Daisho","url":"https:\/\/www.daisho.be\/es\/","logo":{"@type":"ImageObject","inLanguage":"es","@id":"https:\/\/www.daisho.be\/es\/#\/schema\/logo\/image\/","url":"https:\/\/www.daisho.be\/wp-content\/uploads\/2019\/07\/color-nothing-horizontale4x-e1564486100247.png","contentUrl":"https:\/\/www.daisho.be\/wp-content\/uploads\/2019\/07\/color-nothing-horizontale4x-e1564486100247.png","width":1547,"height":385,"caption":"Daisho"},"image":{"@id":"https:\/\/www.daisho.be\/es\/#\/schema\/logo\/image\/"}}]}},"_links":{"self":[{"href":"https:\/\/www.daisho.be\/es\/wp-json\/wp\/v2\/product\/350974","targetHints":{"allow":["GET"]}}],"collection":[{"href":"https:\/\/www.daisho.be\/es\/wp-json\/wp\/v2\/product"}],"about":[{"href":"https:\/\/www.daisho.be\/es\/wp-json\/wp\/v2\/types\/product"}],"replies":[{"embeddable":true,"href":"https:\/\/www.daisho.be\/es\/wp-json\/wp\/v2\/comments?post=350974"}],"wp:featuredmedia":[{"embeddable":true,"href":"https:\/\/www.daisho.be\/es\/wp-json\/wp\/v2\/media\/338829"}],"wp:attachment":[{"href":"https:\/\/www.daisho.be\/es\/wp-json\/wp\/v2\/media?parent=350974"}],"wp:term":[{"taxonomy":"product_brand","embeddable":true,"href":"https:\/\/www.daisho.be\/es\/wp-json\/wp\/v2\/product_brand?post=350974"},{"taxonomy":"product_cat","embeddable":true,"href":"https:\/\/www.daisho.be\/es\/wp-json\/wp\/v2\/product_cat?post=350974"},{"taxonomy":"product_tag","embeddable":true,"href":"https:\/\/www.daisho.be\/es\/wp-json\/wp\/v2\/product_tag?post=350974"},{"taxonomy":"sport","embeddable":true,"href":"https:\/\/www.daisho.be\/es\/wp-json\/wp\/v2\/sport?post=350974"}],"curies":[{"name":"wp","href":"https:\/\/api.w.org\/{rel}","templated":true}]}}