{"id":350651,"date":"2022-02-05T16:57:50","date_gmt":"2022-02-05T15:57:50","guid":{"rendered":"https:\/\/www.daisho.be\/produit\/espinilleras-adidas-para-taekwondo\/"},"modified":"2025-10-09T13:54:52","modified_gmt":"2025-10-09T11:54:52","slug":"espinilleras-adidas-para-taekwondo","status":"publish","type":"product","link":"https:\/\/www.daisho.be\/es\/produit\/espinilleras-adidas-para-taekwondo\/","title":{"rendered":"Espinilleras adidas para taekwondo"},"content":{"rendered":"<p>Estas espinilleras adidas absorben perfectamente cada golpe y lo distribuyen de forma muy uniforme para reducir el impacto. Las espinilleras est\u00e1n homologadas por la WTF. Las espinilleras tienen forma anat\u00f3mica, por lo que se ajustan perfectamente para proporcionar una protecci\u00f3n ideal a tus espinillas. Gracias a los cierres de velcro ajustables, las espinilleras se adaptan perfectamente a todo el mundo.<br \/>\nVentajas:<br \/>\n&#8211; buena absorci\u00f3n de las patadas<br \/>\n&#8211; seguras para los adversarios<br \/>\n&#8211; fabricadas en PU<br \/>\n&#8211; ajuste perfecto gracias a los cierres de velcro<br \/>\n&#8211; homologadas por la WTF WTF<br \/>\n&#8211; con logotipo adidas <\/p>\n<p><span style=\"display: flex;align-items: flex-start\"><img decoding=\"async\" class=\"alignleft\" src=\"https:\/\/www.daisho.be\/wp-content\/uploads\/2025\/10\/adites01.jpg\" alt=\"\" width=\"50%\" height=\"\"><\/span><\/p>\n","protected":false},"excerpt":{"rendered":"<p>Estas espinilleras adidas absorben perfectamente cada golpe y lo distribuyen de forma muy uniforme para reducir el impacto. Las espinilleras est\u00e1n homologadas por la WTF. Las espinilleras tienen forma anat\u00f3mica, por lo que se ajustan perfectamente para proporcionar una protecci\u00f3n ideal a tus espinillas. Gracias a los cierres de velcro ajustables, las espinilleras se adaptan [&hellip;]<\/p>\n","protected":false},"featured_media":338040,"comment_status":"open","ping_status":"closed","template":"","meta":{"inline_featured_image":false},"product_brand":[],"product_cat":[1364,1361,1574],"product_tag":[1560],"sport":[],"class_list":{"0":"post-350651","1":"product","2":"type-product","3":"status-publish","4":"has-post-thumbnail","6":"product_cat-equipos-de-proteccion-para-taekwondo","7":"product_cat-protecciones","8":"product_cat-protectores-adidas-taekwondo","9":"product_tag-adidas-es","10":"pa_size-l","11":"pa_size-m","12":"pa_size-s","13":"pa_size-xl","14":"pa_size-xs","15":"pa_size-xxs","17":"first","18":"instock","19":"taxable","20":"shipping-taxable","21":"purchasable","22":"product-type-variable"},"yoast_head":"<!-- This site is optimized with the Yoast SEO plugin v27.2 - https:\/\/yoast.com\/product\/yoast-seo-wordpress\/ -->\n<title>Espinilleras adidas para taekwondo &#8211; Daisho<\/title>\n<meta name=\"description\" content=\"Descubre las espinilleras Adidas aprobadas por la WTF para todos los artistas marciales. C\u00f3mpralas en www.daisho.be|Daisho\" \/>\n<meta name=\"robots\" content=\"index, follow, max-snippet:-1, max-image-preview:large, max-video-preview:-1\" \/>\n<link rel=\"canonical\" href=\"https:\/\/www.daisho.be\/es\/produit\/espinilleras-adidas-para-taekwondo\/\" \/>\n<meta property=\"og:locale\" content=\"es_ES\" \/>\n<meta property=\"og:type\" content=\"article\" \/>\n<meta property=\"og:title\" content=\"Espinilleras adidas para taekwondo &#8211; Daisho\" \/>\n<meta property=\"og:description\" content=\"Descubre las espinilleras Adidas aprobadas por la WTF para todos los artistas marciales. C\u00f3mpralas en www.daisho.be|Daisho\" \/>\n<meta property=\"og:url\" content=\"https:\/\/www.daisho.be\/es\/produit\/espinilleras-adidas-para-taekwondo\/\" \/>\n<meta property=\"og:site_name\" content=\"Daisho\" \/>\n<meta property=\"article:modified_time\" content=\"2025-10-09T11:54:52+00:00\" \/>\n<meta property=\"og:image\" content=\"https:\/\/www.daisho.be\/wp-content\/uploads\/2023\/06\/image-75.jpg\" \/>\n\t<meta property=\"og:image:width\" content=\"650\" \/>\n\t<meta property=\"og:image:height\" content=\"650\" \/>\n\t<meta property=\"og:image:type\" content=\"image\/jpeg\" \/>\n<meta name=\"twitter:card\" content=\"summary_large_image\" \/>\n<script type=\"application\/ld+json\" class=\"yoast-schema-graph\">{\"@context\":\"https:\/\/schema.org\",\"@graph\":[{\"@type\":\"WebPage\",\"@id\":\"https:\/\/www.daisho.be\/es\/produit\/espinilleras-adidas-para-taekwondo\/\",\"url\":\"https:\/\/www.daisho.be\/es\/produit\/espinilleras-adidas-para-taekwondo\/\",\"name\":\"Espinilleras adidas para taekwondo &#8211; Daisho\",\"isPartOf\":{\"@id\":\"https:\/\/www.daisho.be\/es\/#website\"},\"primaryImageOfPage\":{\"@id\":\"https:\/\/www.daisho.be\/es\/produit\/espinilleras-adidas-para-taekwondo\/#primaryimage\"},\"image\":{\"@id\":\"https:\/\/www.daisho.be\/es\/produit\/espinilleras-adidas-para-taekwondo\/#primaryimage\"},\"thumbnailUrl\":\"https:\/\/www.daisho.be\/wp-content\/uploads\/2023\/06\/image-75.jpg\",\"datePublished\":\"2022-02-05T15:57:50+00:00\",\"dateModified\":\"2025-10-09T11:54:52+00:00\",\"description\":\"Descubre las espinilleras Adidas aprobadas por la WTF para todos los artistas marciales. C\u00f3mpralas en www.daisho.be|Daisho\",\"breadcrumb\":{\"@id\":\"https:\/\/www.daisho.be\/es\/produit\/espinilleras-adidas-para-taekwondo\/#breadcrumb\"},\"inLanguage\":\"es\",\"potentialAction\":[{\"@type\":\"ReadAction\",\"target\":[\"https:\/\/www.daisho.be\/es\/produit\/espinilleras-adidas-para-taekwondo\/\"]}]},{\"@type\":\"ImageObject\",\"inLanguage\":\"es\",\"@id\":\"https:\/\/www.daisho.be\/es\/produit\/espinilleras-adidas-para-taekwondo\/#primaryimage\",\"url\":\"https:\/\/www.daisho.be\/wp-content\/uploads\/2023\/06\/image-75.jpg\",\"contentUrl\":\"https:\/\/www.daisho.be\/wp-content\/uploads\/2023\/06\/image-75.jpg\",\"width\":650,\"height\":650,\"caption\":\"Espinilleras adidas Taekwondo-1\"},{\"@type\":\"BreadcrumbList\",\"@id\":\"https:\/\/www.daisho.be\/es\/produit\/espinilleras-adidas-para-taekwondo\/#breadcrumb\",\"itemListElement\":[{\"@type\":\"ListItem\",\"position\":1,\"name\":\"Accueil\",\"item\":\"https:\/\/www.daisho.be\/es\/\"},{\"@type\":\"ListItem\",\"position\":2,\"name\":\"Productos\",\"item\":\"https:\/\/www.daisho.be\/es\/productos\/\"},{\"@type\":\"ListItem\",\"position\":3,\"name\":\"Equipamiento y ropa para artes marciales y deportes de combate\",\"item\":\"https:\/\/www.daisho.be\/es\/categorie-produit\/equipamiento-y-ropa-para-artes-marciales-y-deportes-de-combate\/\"},{\"@type\":\"ListItem\",\"position\":4,\"name\":\"Taekwondo\",\"item\":\"https:\/\/www.daisho.be\/es\/categorie-produit\/equipamiento-y-ropa-para-artes-marciales-y-deportes-de-combate\/taekwondo-es\/\"},{\"@type\":\"ListItem\",\"position\":5,\"name\":\"Equipos de protecci\u00f3n para taekwondo\",\"item\":\"https:\/\/www.daisho.be\/es\/categorie-produit\/equipamiento-y-ropa-para-artes-marciales-y-deportes-de-combate\/taekwondo-es\/equipos-de-proteccion-para-taekwondo\/\"},{\"@type\":\"ListItem\",\"position\":6,\"name\":\"Espinilleras adidas para taekwondo\"}]},{\"@type\":\"WebSite\",\"@id\":\"https:\/\/www.daisho.be\/es\/#website\",\"url\":\"https:\/\/www.daisho.be\/es\/\",\"name\":\"Daisho\",\"description\":\"Sp&eacute;cialiste de l'&eacute;quipement sportif d'arts martiaux\",\"publisher\":{\"@id\":\"https:\/\/www.daisho.be\/es\/#organization\"},\"potentialAction\":[{\"@type\":\"SearchAction\",\"target\":{\"@type\":\"EntryPoint\",\"urlTemplate\":\"https:\/\/www.daisho.be\/es\/?s={search_term_string}\"},\"query-input\":{\"@type\":\"PropertyValueSpecification\",\"valueRequired\":true,\"valueName\":\"search_term_string\"}}],\"inLanguage\":\"es\"},{\"@type\":\"Organization\",\"@id\":\"https:\/\/www.daisho.be\/es\/#organization\",\"name\":\"Daisho\",\"url\":\"https:\/\/www.daisho.be\/es\/\",\"logo\":{\"@type\":\"ImageObject\",\"inLanguage\":\"es\",\"@id\":\"https:\/\/www.daisho.be\/es\/#\/schema\/logo\/image\/\",\"url\":\"https:\/\/www.daisho.be\/wp-content\/uploads\/2019\/07\/color-nothing-horizontale4x-e1564486100247.png\",\"contentUrl\":\"https:\/\/www.daisho.be\/wp-content\/uploads\/2019\/07\/color-nothing-horizontale4x-e1564486100247.png\",\"width\":1547,\"height\":385,\"caption\":\"Daisho\"},\"image\":{\"@id\":\"https:\/\/www.daisho.be\/es\/#\/schema\/logo\/image\/\"}}]}<\/script>\n<!-- \/ Yoast SEO plugin. -->","yoast_head_json":{"title":"Espinilleras adidas para taekwondo &#8211; Daisho","description":"Descubre las espinilleras Adidas aprobadas por la WTF para todos los artistas marciales. C\u00f3mpralas en www.daisho.be|Daisho","robots":{"index":"index","follow":"follow","max-snippet":"max-snippet:-1","max-image-preview":"max-image-preview:large","max-video-preview":"max-video-preview:-1"},"canonical":"https:\/\/www.daisho.be\/es\/produit\/espinilleras-adidas-para-taekwondo\/","og_locale":"es_ES","og_type":"article","og_title":"Espinilleras adidas para taekwondo &#8211; Daisho","og_description":"Descubre las espinilleras Adidas aprobadas por la WTF para todos los artistas marciales. C\u00f3mpralas en www.daisho.be|Daisho","og_url":"https:\/\/www.daisho.be\/es\/produit\/espinilleras-adidas-para-taekwondo\/","og_site_name":"Daisho","article_modified_time":"2025-10-09T11:54:52+00:00","og_image":[{"width":650,"height":650,"url":"https:\/\/www.daisho.be\/wp-content\/uploads\/2023\/06\/image-75.jpg","type":"image\/jpeg"}],"twitter_card":"summary_large_image","schema":{"@context":"https:\/\/schema.org","@graph":[{"@type":"WebPage","@id":"https:\/\/www.daisho.be\/es\/produit\/espinilleras-adidas-para-taekwondo\/","url":"https:\/\/www.daisho.be\/es\/produit\/espinilleras-adidas-para-taekwondo\/","name":"Espinilleras adidas para taekwondo &#8211; Daisho","isPartOf":{"@id":"https:\/\/www.daisho.be\/es\/#website"},"primaryImageOfPage":{"@id":"https:\/\/www.daisho.be\/es\/produit\/espinilleras-adidas-para-taekwondo\/#primaryimage"},"image":{"@id":"https:\/\/www.daisho.be\/es\/produit\/espinilleras-adidas-para-taekwondo\/#primaryimage"},"thumbnailUrl":"https:\/\/www.daisho.be\/wp-content\/uploads\/2023\/06\/image-75.jpg","datePublished":"2022-02-05T15:57:50+00:00","dateModified":"2025-10-09T11:54:52+00:00","description":"Descubre las espinilleras Adidas aprobadas por la WTF para todos los artistas marciales. C\u00f3mpralas en www.daisho.be|Daisho","breadcrumb":{"@id":"https:\/\/www.daisho.be\/es\/produit\/espinilleras-adidas-para-taekwondo\/#breadcrumb"},"inLanguage":"es","potentialAction":[{"@type":"ReadAction","target":["https:\/\/www.daisho.be\/es\/produit\/espinilleras-adidas-para-taekwondo\/"]}]},{"@type":"ImageObject","inLanguage":"es","@id":"https:\/\/www.daisho.be\/es\/produit\/espinilleras-adidas-para-taekwondo\/#primaryimage","url":"https:\/\/www.daisho.be\/wp-content\/uploads\/2023\/06\/image-75.jpg","contentUrl":"https:\/\/www.daisho.be\/wp-content\/uploads\/2023\/06\/image-75.jpg","width":650,"height":650,"caption":"Espinilleras adidas Taekwondo-1"},{"@type":"BreadcrumbList","@id":"https:\/\/www.daisho.be\/es\/produit\/espinilleras-adidas-para-taekwondo\/#breadcrumb","itemListElement":[{"@type":"ListItem","position":1,"name":"Accueil","item":"https:\/\/www.daisho.be\/es\/"},{"@type":"ListItem","position":2,"name":"Productos","item":"https:\/\/www.daisho.be\/es\/productos\/"},{"@type":"ListItem","position":3,"name":"Equipamiento y ropa para artes marciales y deportes de combate","item":"https:\/\/www.daisho.be\/es\/categorie-produit\/equipamiento-y-ropa-para-artes-marciales-y-deportes-de-combate\/"},{"@type":"ListItem","position":4,"name":"Taekwondo","item":"https:\/\/www.daisho.be\/es\/categorie-produit\/equipamiento-y-ropa-para-artes-marciales-y-deportes-de-combate\/taekwondo-es\/"},{"@type":"ListItem","position":5,"name":"Equipos de protecci\u00f3n para taekwondo","item":"https:\/\/www.daisho.be\/es\/categorie-produit\/equipamiento-y-ropa-para-artes-marciales-y-deportes-de-combate\/taekwondo-es\/equipos-de-proteccion-para-taekwondo\/"},{"@type":"ListItem","position":6,"name":"Espinilleras adidas para taekwondo"}]},{"@type":"WebSite","@id":"https:\/\/www.daisho.be\/es\/#website","url":"https:\/\/www.daisho.be\/es\/","name":"Daisho","description":"Sp&eacute;cialiste de l'&eacute;quipement sportif d'arts martiaux","publisher":{"@id":"https:\/\/www.daisho.be\/es\/#organization"},"potentialAction":[{"@type":"SearchAction","target":{"@type":"EntryPoint","urlTemplate":"https:\/\/www.daisho.be\/es\/?s={search_term_string}"},"query-input":{"@type":"PropertyValueSpecification","valueRequired":true,"valueName":"search_term_string"}}],"inLanguage":"es"},{"@type":"Organization","@id":"https:\/\/www.daisho.be\/es\/#organization","name":"Daisho","url":"https:\/\/www.daisho.be\/es\/","logo":{"@type":"ImageObject","inLanguage":"es","@id":"https:\/\/www.daisho.be\/es\/#\/schema\/logo\/image\/","url":"https:\/\/www.daisho.be\/wp-content\/uploads\/2019\/07\/color-nothing-horizontale4x-e1564486100247.png","contentUrl":"https:\/\/www.daisho.be\/wp-content\/uploads\/2019\/07\/color-nothing-horizontale4x-e1564486100247.png","width":1547,"height":385,"caption":"Daisho"},"image":{"@id":"https:\/\/www.daisho.be\/es\/#\/schema\/logo\/image\/"}}]}},"_links":{"self":[{"href":"https:\/\/www.daisho.be\/es\/wp-json\/wp\/v2\/product\/350651","targetHints":{"allow":["GET"]}}],"collection":[{"href":"https:\/\/www.daisho.be\/es\/wp-json\/wp\/v2\/product"}],"about":[{"href":"https:\/\/www.daisho.be\/es\/wp-json\/wp\/v2\/types\/product"}],"replies":[{"embeddable":true,"href":"https:\/\/www.daisho.be\/es\/wp-json\/wp\/v2\/comments?post=350651"}],"wp:featuredmedia":[{"embeddable":true,"href":"https:\/\/www.daisho.be\/es\/wp-json\/wp\/v2\/media\/338040"}],"wp:attachment":[{"href":"https:\/\/www.daisho.be\/es\/wp-json\/wp\/v2\/media?parent=350651"}],"wp:term":[{"taxonomy":"product_brand","embeddable":true,"href":"https:\/\/www.daisho.be\/es\/wp-json\/wp\/v2\/product_brand?post=350651"},{"taxonomy":"product_cat","embeddable":true,"href":"https:\/\/www.daisho.be\/es\/wp-json\/wp\/v2\/product_cat?post=350651"},{"taxonomy":"product_tag","embeddable":true,"href":"https:\/\/www.daisho.be\/es\/wp-json\/wp\/v2\/product_tag?post=350651"},{"taxonomy":"sport","embeddable":true,"href":"https:\/\/www.daisho.be\/es\/wp-json\/wp\/v2\/sport?post=350651"}],"curies":[{"name":"wp","href":"https:\/\/api.w.org\/{rel}","templated":true}]}}