{"id":350591,"date":"2022-02-05T17:02:33","date_gmt":"2022-02-05T16:02:33","guid":{"rendered":"https:\/\/www.daisho.be\/produit\/espinilleras-y-empeines-elasticos-adidas\/"},"modified":"2025-12-24T15:56:09","modified_gmt":"2025-12-24T14:56:09","slug":"espinilleras-y-empeines-elasticos-adidas","status":"publish","type":"product","link":"https:\/\/www.daisho.be\/es\/produit\/espinilleras-y-empeines-elasticos-adidas\/","title":{"rendered":"espinilleras y empeines el\u00e1sticos adidas"},"content":{"rendered":"<p>Los protectores de espinilla y empeine adidas est\u00e1n preformados y dise\u00f1ados para un ajuste ce\u00f1ido. El protector est\u00e1 fabricado en poli\u00e9ster 100% con acolchado de espuma para absorber golpes y patadas. La parte trasera el\u00e1stica hace que sean f\u00e1ciles de poner y quitar.<br \/>\nLos protectores son adecuados para todas las ramas de las artes marciales, como el taekwondo o el k\u00e1rate.<br \/>\nVentajas:<br \/>\n&#8211; modelo el\u00e1stico<br \/>\n&#8211; fabricado en poli\u00e9ster con espuma<br \/>\n&#8211; adecuado para diversas artes marciales<br \/>\n&#8211; buen ajuste<br \/>\n&#8211; con protecci\u00f3n en el empeine  <\/p>\n","protected":false},"excerpt":{"rendered":"<p>Los protectores de espinilla y empeine adidas est\u00e1n preformados y dise\u00f1ados para un ajuste ce\u00f1ido. El protector est\u00e1 fabricado en poli\u00e9ster 100% con acolchado de espuma para absorber golpes y patadas. La parte trasera el\u00e1stica hace que sean f\u00e1ciles de poner y quitar. Los protectores son adecuados para todas las ramas de las artes marciales, [&hellip;]<\/p>\n","protected":false},"featured_media":548624,"comment_status":"open","ping_status":"closed","template":"","meta":{"inline_featured_image":false},"product_brand":[],"product_cat":[1363,1361,1574,1572],"product_tag":[1560],"sport":[],"class_list":{"0":"post-350591","1":"product","2":"type-product","3":"status-publish","4":"has-post-thumbnail","6":"product_cat-proteccion-del-karate","7":"product_cat-protecciones","8":"product_cat-protectores-adidas-taekwondo","9":"product_cat-protectores-de-karate-adidas","10":"product_tag-adidas-es","11":"pa_size-l","12":"pa_size-m","13":"pa_size-s","14":"pa_size-xs","15":"pa_size-xxs","17":"first","18":"instock","19":"taxable","20":"shipping-taxable","21":"purchasable","22":"product-type-variable"},"yoast_head":"<!-- This site is optimized with the Yoast SEO plugin v27.2 - https:\/\/yoast.com\/product\/yoast-seo-wordpress\/ -->\n<title>espinilleras y empeines el\u00e1sticos adidas &#8211; Daisho<\/title>\n<meta name=\"description\" content=\"Descubre las espinilleras para todos los artistas marciales. C\u00f3mpralas ahora en www.daisho.be|Daisho\" \/>\n<meta name=\"robots\" content=\"index, follow, max-snippet:-1, max-image-preview:large, max-video-preview:-1\" \/>\n<link rel=\"canonical\" href=\"https:\/\/www.daisho.be\/es\/produit\/espinilleras-y-empeines-elasticos-adidas\/\" \/>\n<meta property=\"og:locale\" content=\"es_ES\" \/>\n<meta property=\"og:type\" content=\"article\" \/>\n<meta property=\"og:title\" content=\"espinilleras y empeines el\u00e1sticos adidas &#8211; Daisho\" \/>\n<meta property=\"og:description\" content=\"Descubre las espinilleras para todos los artistas marciales. C\u00f3mpralas ahora en www.daisho.be|Daisho\" \/>\n<meta property=\"og:url\" content=\"https:\/\/www.daisho.be\/es\/produit\/espinilleras-y-empeines-elasticos-adidas\/\" \/>\n<meta property=\"og:site_name\" content=\"Daisho\" \/>\n<meta property=\"article:modified_time\" content=\"2025-12-24T14:56:09+00:00\" \/>\n<meta property=\"og:image\" content=\"https:\/\/www.daisho.be\/wp-content\/uploads\/2025\/08\/image-39.jpg\" \/>\n\t<meta property=\"og:image:width\" content=\"650\" \/>\n\t<meta property=\"og:image:height\" content=\"650\" \/>\n\t<meta property=\"og:image:type\" content=\"image\/jpeg\" \/>\n<meta name=\"twitter:card\" content=\"summary_large_image\" \/>\n<script type=\"application\/ld+json\" class=\"yoast-schema-graph\">{\"@context\":\"https:\/\/schema.org\",\"@graph\":[{\"@type\":\"WebPage\",\"@id\":\"https:\/\/www.daisho.be\/es\/produit\/espinilleras-y-empeines-elasticos-adidas\/\",\"url\":\"https:\/\/www.daisho.be\/es\/produit\/espinilleras-y-empeines-elasticos-adidas\/\",\"name\":\"espinilleras y empeines el\u00e1sticos adidas &#8211; Daisho\",\"isPartOf\":{\"@id\":\"https:\/\/www.daisho.be\/es\/#website\"},\"primaryImageOfPage\":{\"@id\":\"https:\/\/www.daisho.be\/es\/produit\/espinilleras-y-empeines-elasticos-adidas\/#primaryimage\"},\"image\":{\"@id\":\"https:\/\/www.daisho.be\/es\/produit\/espinilleras-y-empeines-elasticos-adidas\/#primaryimage\"},\"thumbnailUrl\":\"https:\/\/www.daisho.be\/wp-content\/uploads\/2025\/08\/image-39.jpg\",\"datePublished\":\"2022-02-05T16:02:33+00:00\",\"dateModified\":\"2025-12-24T14:56:09+00:00\",\"description\":\"Descubre las espinilleras para todos los artistas marciales. C\u00f3mpralas ahora en www.daisho.be|Daisho\",\"breadcrumb\":{\"@id\":\"https:\/\/www.daisho.be\/es\/produit\/espinilleras-y-empeines-elasticos-adidas\/#breadcrumb\"},\"inLanguage\":\"es\",\"potentialAction\":[{\"@type\":\"ReadAction\",\"target\":[\"https:\/\/www.daisho.be\/es\/produit\/espinilleras-y-empeines-elasticos-adidas\/\"]}]},{\"@type\":\"ImageObject\",\"inLanguage\":\"es\",\"@id\":\"https:\/\/www.daisho.be\/es\/produit\/espinilleras-y-empeines-elasticos-adidas\/#primaryimage\",\"url\":\"https:\/\/www.daisho.be\/wp-content\/uploads\/2025\/08\/image-39.jpg\",\"contentUrl\":\"https:\/\/www.daisho.be\/wp-content\/uploads\/2025\/08\/image-39.jpg\",\"width\":650,\"height\":650,\"caption\":\"Protectores el\u00e1sticos adidas-1 para la espinilla y el empeine\"},{\"@type\":\"BreadcrumbList\",\"@id\":\"https:\/\/www.daisho.be\/es\/produit\/espinilleras-y-empeines-elasticos-adidas\/#breadcrumb\",\"itemListElement\":[{\"@type\":\"ListItem\",\"position\":1,\"name\":\"Accueil\",\"item\":\"https:\/\/www.daisho.be\/es\/\"},{\"@type\":\"ListItem\",\"position\":2,\"name\":\"Productos\",\"item\":\"https:\/\/www.daisho.be\/es\/productos\/\"},{\"@type\":\"ListItem\",\"position\":3,\"name\":\"Equipamiento y ropa para artes marciales y deportes de combate\",\"item\":\"https:\/\/www.daisho.be\/es\/categorie-produit\/equipamiento-y-ropa-para-artes-marciales-y-deportes-de-combate\/\"},{\"@type\":\"ListItem\",\"position\":4,\"name\":\"Karate\",\"item\":\"https:\/\/www.daisho.be\/es\/categorie-produit\/equipamiento-y-ropa-para-artes-marciales-y-deportes-de-combate\/karate-es-2\/\"},{\"@type\":\"ListItem\",\"position\":5,\"name\":\"Protecci\u00f3n del k\u00e1rate\",\"item\":\"https:\/\/www.daisho.be\/es\/categorie-produit\/equipamiento-y-ropa-para-artes-marciales-y-deportes-de-combate\/karate-es-2\/proteccion-del-karate\/\"},{\"@type\":\"ListItem\",\"position\":6,\"name\":\"espinilleras y empeines el\u00e1sticos adidas\"}]},{\"@type\":\"WebSite\",\"@id\":\"https:\/\/www.daisho.be\/es\/#website\",\"url\":\"https:\/\/www.daisho.be\/es\/\",\"name\":\"Daisho\",\"description\":\"Sp&eacute;cialiste de l'&eacute;quipement sportif d'arts martiaux\",\"publisher\":{\"@id\":\"https:\/\/www.daisho.be\/es\/#organization\"},\"potentialAction\":[{\"@type\":\"SearchAction\",\"target\":{\"@type\":\"EntryPoint\",\"urlTemplate\":\"https:\/\/www.daisho.be\/es\/?s={search_term_string}\"},\"query-input\":{\"@type\":\"PropertyValueSpecification\",\"valueRequired\":true,\"valueName\":\"search_term_string\"}}],\"inLanguage\":\"es\"},{\"@type\":\"Organization\",\"@id\":\"https:\/\/www.daisho.be\/es\/#organization\",\"name\":\"Daisho\",\"url\":\"https:\/\/www.daisho.be\/es\/\",\"logo\":{\"@type\":\"ImageObject\",\"inLanguage\":\"es\",\"@id\":\"https:\/\/www.daisho.be\/es\/#\/schema\/logo\/image\/\",\"url\":\"https:\/\/www.daisho.be\/wp-content\/uploads\/2019\/07\/color-nothing-horizontale4x-e1564486100247.png\",\"contentUrl\":\"https:\/\/www.daisho.be\/wp-content\/uploads\/2019\/07\/color-nothing-horizontale4x-e1564486100247.png\",\"width\":1547,\"height\":385,\"caption\":\"Daisho\"},\"image\":{\"@id\":\"https:\/\/www.daisho.be\/es\/#\/schema\/logo\/image\/\"}}]}<\/script>\n<!-- \/ Yoast SEO plugin. -->","yoast_head_json":{"title":"espinilleras y empeines el\u00e1sticos adidas &#8211; Daisho","description":"Descubre las espinilleras para todos los artistas marciales. C\u00f3mpralas ahora en www.daisho.be|Daisho","robots":{"index":"index","follow":"follow","max-snippet":"max-snippet:-1","max-image-preview":"max-image-preview:large","max-video-preview":"max-video-preview:-1"},"canonical":"https:\/\/www.daisho.be\/es\/produit\/espinilleras-y-empeines-elasticos-adidas\/","og_locale":"es_ES","og_type":"article","og_title":"espinilleras y empeines el\u00e1sticos adidas &#8211; Daisho","og_description":"Descubre las espinilleras para todos los artistas marciales. C\u00f3mpralas ahora en www.daisho.be|Daisho","og_url":"https:\/\/www.daisho.be\/es\/produit\/espinilleras-y-empeines-elasticos-adidas\/","og_site_name":"Daisho","article_modified_time":"2025-12-24T14:56:09+00:00","og_image":[{"width":650,"height":650,"url":"https:\/\/www.daisho.be\/wp-content\/uploads\/2025\/08\/image-39.jpg","type":"image\/jpeg"}],"twitter_card":"summary_large_image","schema":{"@context":"https:\/\/schema.org","@graph":[{"@type":"WebPage","@id":"https:\/\/www.daisho.be\/es\/produit\/espinilleras-y-empeines-elasticos-adidas\/","url":"https:\/\/www.daisho.be\/es\/produit\/espinilleras-y-empeines-elasticos-adidas\/","name":"espinilleras y empeines el\u00e1sticos adidas &#8211; Daisho","isPartOf":{"@id":"https:\/\/www.daisho.be\/es\/#website"},"primaryImageOfPage":{"@id":"https:\/\/www.daisho.be\/es\/produit\/espinilleras-y-empeines-elasticos-adidas\/#primaryimage"},"image":{"@id":"https:\/\/www.daisho.be\/es\/produit\/espinilleras-y-empeines-elasticos-adidas\/#primaryimage"},"thumbnailUrl":"https:\/\/www.daisho.be\/wp-content\/uploads\/2025\/08\/image-39.jpg","datePublished":"2022-02-05T16:02:33+00:00","dateModified":"2025-12-24T14:56:09+00:00","description":"Descubre las espinilleras para todos los artistas marciales. C\u00f3mpralas ahora en www.daisho.be|Daisho","breadcrumb":{"@id":"https:\/\/www.daisho.be\/es\/produit\/espinilleras-y-empeines-elasticos-adidas\/#breadcrumb"},"inLanguage":"es","potentialAction":[{"@type":"ReadAction","target":["https:\/\/www.daisho.be\/es\/produit\/espinilleras-y-empeines-elasticos-adidas\/"]}]},{"@type":"ImageObject","inLanguage":"es","@id":"https:\/\/www.daisho.be\/es\/produit\/espinilleras-y-empeines-elasticos-adidas\/#primaryimage","url":"https:\/\/www.daisho.be\/wp-content\/uploads\/2025\/08\/image-39.jpg","contentUrl":"https:\/\/www.daisho.be\/wp-content\/uploads\/2025\/08\/image-39.jpg","width":650,"height":650,"caption":"Protectores el\u00e1sticos adidas-1 para la espinilla y el empeine"},{"@type":"BreadcrumbList","@id":"https:\/\/www.daisho.be\/es\/produit\/espinilleras-y-empeines-elasticos-adidas\/#breadcrumb","itemListElement":[{"@type":"ListItem","position":1,"name":"Accueil","item":"https:\/\/www.daisho.be\/es\/"},{"@type":"ListItem","position":2,"name":"Productos","item":"https:\/\/www.daisho.be\/es\/productos\/"},{"@type":"ListItem","position":3,"name":"Equipamiento y ropa para artes marciales y deportes de combate","item":"https:\/\/www.daisho.be\/es\/categorie-produit\/equipamiento-y-ropa-para-artes-marciales-y-deportes-de-combate\/"},{"@type":"ListItem","position":4,"name":"Karate","item":"https:\/\/www.daisho.be\/es\/categorie-produit\/equipamiento-y-ropa-para-artes-marciales-y-deportes-de-combate\/karate-es-2\/"},{"@type":"ListItem","position":5,"name":"Protecci\u00f3n del k\u00e1rate","item":"https:\/\/www.daisho.be\/es\/categorie-produit\/equipamiento-y-ropa-para-artes-marciales-y-deportes-de-combate\/karate-es-2\/proteccion-del-karate\/"},{"@type":"ListItem","position":6,"name":"espinilleras y empeines el\u00e1sticos adidas"}]},{"@type":"WebSite","@id":"https:\/\/www.daisho.be\/es\/#website","url":"https:\/\/www.daisho.be\/es\/","name":"Daisho","description":"Sp&eacute;cialiste de l'&eacute;quipement sportif d'arts martiaux","publisher":{"@id":"https:\/\/www.daisho.be\/es\/#organization"},"potentialAction":[{"@type":"SearchAction","target":{"@type":"EntryPoint","urlTemplate":"https:\/\/www.daisho.be\/es\/?s={search_term_string}"},"query-input":{"@type":"PropertyValueSpecification","valueRequired":true,"valueName":"search_term_string"}}],"inLanguage":"es"},{"@type":"Organization","@id":"https:\/\/www.daisho.be\/es\/#organization","name":"Daisho","url":"https:\/\/www.daisho.be\/es\/","logo":{"@type":"ImageObject","inLanguage":"es","@id":"https:\/\/www.daisho.be\/es\/#\/schema\/logo\/image\/","url":"https:\/\/www.daisho.be\/wp-content\/uploads\/2019\/07\/color-nothing-horizontale4x-e1564486100247.png","contentUrl":"https:\/\/www.daisho.be\/wp-content\/uploads\/2019\/07\/color-nothing-horizontale4x-e1564486100247.png","width":1547,"height":385,"caption":"Daisho"},"image":{"@id":"https:\/\/www.daisho.be\/es\/#\/schema\/logo\/image\/"}}]}},"_links":{"self":[{"href":"https:\/\/www.daisho.be\/es\/wp-json\/wp\/v2\/product\/350591","targetHints":{"allow":["GET"]}}],"collection":[{"href":"https:\/\/www.daisho.be\/es\/wp-json\/wp\/v2\/product"}],"about":[{"href":"https:\/\/www.daisho.be\/es\/wp-json\/wp\/v2\/types\/product"}],"replies":[{"embeddable":true,"href":"https:\/\/www.daisho.be\/es\/wp-json\/wp\/v2\/comments?post=350591"}],"wp:featuredmedia":[{"embeddable":true,"href":"https:\/\/www.daisho.be\/es\/wp-json\/wp\/v2\/media\/548624"}],"wp:attachment":[{"href":"https:\/\/www.daisho.be\/es\/wp-json\/wp\/v2\/media?parent=350591"}],"wp:term":[{"taxonomy":"product_brand","embeddable":true,"href":"https:\/\/www.daisho.be\/es\/wp-json\/wp\/v2\/product_brand?post=350591"},{"taxonomy":"product_cat","embeddable":true,"href":"https:\/\/www.daisho.be\/es\/wp-json\/wp\/v2\/product_cat?post=350591"},{"taxonomy":"product_tag","embeddable":true,"href":"https:\/\/www.daisho.be\/es\/wp-json\/wp\/v2\/product_tag?post=350591"},{"taxonomy":"sport","embeddable":true,"href":"https:\/\/www.daisho.be\/es\/wp-json\/wp\/v2\/sport?post=350591"}],"curies":[{"name":"wp","href":"https:\/\/api.w.org\/{rel}","templated":true}]}}