{"id":350029,"date":"2022-01-31T10:00:04","date_gmt":"2022-01-31T09:00:04","guid":{"rendered":"https:\/\/www.daisho.be\/produit\/guantes-de-boxeo-adidas-speed-50-negro-blanco\/"},"modified":"2025-12-30T16:15:19","modified_gmt":"2025-12-30T15:15:19","slug":"guantes-de-boxeo-adidas-speed-50-negro-blanco","status":"publish","type":"product","link":"https:\/\/www.daisho.be\/es\/produit\/guantes-de-boxeo-adidas-speed-50-negro-blanco\/","title":{"rendered":"Guantes de boxeo adidas Speed 50 Negro\/Blanco"},"content":{"rendered":"<p>El Speed 50 se ha desarrollado para el artista marcial al que le gusta trabajar r\u00e1pido. Combinaciones r\u00e1pidas, entrenamiento con almohadillas, etc.<br \/>\nLo m\u00e1s exclusivo de estos guantes de kickboxing es el acolchado de espuma IMF. El largo cierre de velcro ofrece una sujeci\u00f3n y protecci\u00f3n adicionales para la mu\u00f1eca. El guante total ofrece un ajuste perfecto y protege las manos al m\u00e1ximo. El material PU es de alta calidad y tiene un dise\u00f1o bonito y llamativo.<br \/>\nEstos guantes de boxeo (kick) son adecuados para boxeadores principiantes y avanzados.<br \/>\nEl guante es adecuado para aficionados que desean la m\u00e1xima calidad con la \u00faltima tecnolog\u00eda.<br \/>\nEstos guantes adidas son adecuados para Thai\/kickboxing y boxeo original.<br \/>\nVentajas :<br \/>\n&#8211; PU de la m\u00e1s alta calidad<br \/>\n&#8211; preformado para el primer<br \/>\n&#8211; amortiguaci\u00f3n para mayor comodidad<br \/>\n&#8211; cierre de velcro resistente y parcialmente el\u00e1stico<br \/>\n&#8211; apto para aficionados<br \/>\n\u00e2\u20ac\u00a2 Material exterior de PU duradero y resistente<br \/>\n\u00e2\u20ac\u00a2 Estructura de espuma de alto rendimiento con absorci\u00c3\u00b3n total de impactos<br \/>\n\u00e2\u20ac\u00a2 Forro interior de poli\u00c3\u00a9ster de estilo coreano para un confort \u00c3\u00b3ptimo<br \/>\n\u00e2\u20ac\u00a2 Para un ajuste r\u00c3\u00a1pido, cierres mixtos el\u00c3\u00a1sticos y r\u00c3gidos en la mu\u00c3\u00b1eca<\/p>\n<p>Colores: blanco\/negro  <\/p>\n","protected":false},"excerpt":{"rendered":"<p>El Speed 50 se ha desarrollado para el artista marcial al que le gusta trabajar r\u00e1pido. Combinaciones r\u00e1pidas, entrenamiento con almohadillas, etc. Lo m\u00e1s exclusivo de estos guantes de kickboxing es el acolchado de espuma IMF. El largo cierre de velcro ofrece una sujeci\u00f3n y protecci\u00f3n adicionales para la mu\u00f1eca. El guante total ofrece un [&hellip;]<\/p>\n","protected":false},"featured_media":647495,"comment_status":"open","ping_status":"closed","template":"","meta":{"inline_featured_image":false},"product_brand":[],"product_cat":[1434,1691,1361,1591],"product_tag":[1560],"sport":[],"class_list":{"0":"post-350029","1":"product","2":"type-product","3":"status-publish","4":"has-post-thumbnail","6":"product_cat-guantes-de-boxeo","7":"product_cat-guantes-de-boxeo-adidas","8":"product_cat-protecciones","9":"product_cat-protectores-adidas-kickboxing","10":"product_tag-adidas-es","11":"pa_size-372","12":"pa_size-371","13":"pa_size-370","14":"pa_size-84","15":"pa_size-440","16":"pa_size-439","18":"first","19":"instock","20":"taxable","21":"shipping-taxable","22":"purchasable","23":"product-type-variable"},"yoast_head":"<!-- This site is optimized with the Yoast SEO plugin v27.2 - https:\/\/yoast.com\/product\/yoast-seo-wordpress\/ -->\n<title>Guantes de boxeo adidas Speed 50 Negro\/Blanco &#8211; Daisho<\/title>\n<meta name=\"description\" content=\"Descubre los guantes de boxeo especialmente dise\u00f1ados para aquellos a los que les gusta la velocidad con alta calidad. C\u00f3mpralos en www.daisho.be|Daisho\" \/>\n<meta name=\"robots\" content=\"index, follow, max-snippet:-1, max-image-preview:large, max-video-preview:-1\" \/>\n<link rel=\"canonical\" href=\"https:\/\/www.daisho.be\/es\/produit\/guantes-de-boxeo-adidas-speed-50-negro-blanco\/\" \/>\n<meta property=\"og:locale\" content=\"es_ES\" \/>\n<meta property=\"og:type\" content=\"article\" \/>\n<meta property=\"og:title\" content=\"Guantes de boxeo adidas Speed 50 Negro\/Blanco &#8211; Daisho\" \/>\n<meta property=\"og:description\" content=\"Descubre los guantes de boxeo especialmente dise\u00f1ados para aquellos a los que les gusta la velocidad con alta calidad. C\u00f3mpralos en www.daisho.be|Daisho\" \/>\n<meta property=\"og:url\" content=\"https:\/\/www.daisho.be\/es\/produit\/guantes-de-boxeo-adidas-speed-50-negro-blanco\/\" \/>\n<meta property=\"og:site_name\" content=\"Daisho\" \/>\n<meta property=\"article:modified_time\" content=\"2025-12-30T15:15:19+00:00\" \/>\n<meta property=\"og:image\" content=\"https:\/\/www.daisho.be\/wp-content\/uploads\/2025\/12\/image-122.jpg\" \/>\n\t<meta property=\"og:image:width\" content=\"650\" \/>\n\t<meta property=\"og:image:height\" content=\"650\" \/>\n\t<meta property=\"og:image:type\" content=\"image\/jpeg\" \/>\n<meta name=\"twitter:card\" content=\"summary_large_image\" \/>\n<meta name=\"twitter:label1\" content=\"Tiempo de lectura\" \/>\n\t<meta name=\"twitter:data1\" content=\"1 minuto\" \/>\n<script type=\"application\/ld+json\" class=\"yoast-schema-graph\">{\"@context\":\"https:\/\/schema.org\",\"@graph\":[{\"@type\":\"WebPage\",\"@id\":\"https:\/\/www.daisho.be\/es\/produit\/guantes-de-boxeo-adidas-speed-50-negro-blanco\/\",\"url\":\"https:\/\/www.daisho.be\/es\/produit\/guantes-de-boxeo-adidas-speed-50-negro-blanco\/\",\"name\":\"Guantes de boxeo adidas Speed 50 Negro\/Blanco &#8211; Daisho\",\"isPartOf\":{\"@id\":\"https:\/\/www.daisho.be\/es\/#website\"},\"primaryImageOfPage\":{\"@id\":\"https:\/\/www.daisho.be\/es\/produit\/guantes-de-boxeo-adidas-speed-50-negro-blanco\/#primaryimage\"},\"image\":{\"@id\":\"https:\/\/www.daisho.be\/es\/produit\/guantes-de-boxeo-adidas-speed-50-negro-blanco\/#primaryimage\"},\"thumbnailUrl\":\"https:\/\/www.daisho.be\/wp-content\/uploads\/2025\/12\/image-122.jpg\",\"datePublished\":\"2022-01-31T09:00:04+00:00\",\"dateModified\":\"2025-12-30T15:15:19+00:00\",\"description\":\"Descubre los guantes de boxeo especialmente dise\u00f1ados para aquellos a los que les gusta la velocidad con alta calidad. C\u00f3mpralos en www.daisho.be|Daisho\",\"breadcrumb\":{\"@id\":\"https:\/\/www.daisho.be\/es\/produit\/guantes-de-boxeo-adidas-speed-50-negro-blanco\/#breadcrumb\"},\"inLanguage\":\"es\",\"potentialAction\":[{\"@type\":\"ReadAction\",\"target\":[\"https:\/\/www.daisho.be\/es\/produit\/guantes-de-boxeo-adidas-speed-50-negro-blanco\/\"]}]},{\"@type\":\"ImageObject\",\"inLanguage\":\"es\",\"@id\":\"https:\/\/www.daisho.be\/es\/produit\/guantes-de-boxeo-adidas-speed-50-negro-blanco\/#primaryimage\",\"url\":\"https:\/\/www.daisho.be\/wp-content\/uploads\/2025\/12\/image-122.jpg\",\"contentUrl\":\"https:\/\/www.daisho.be\/wp-content\/uploads\/2025\/12\/image-122.jpg\",\"width\":650,\"height\":650,\"caption\":\"Guantes de boxeo adidas Speed 50 Negro\/Blanco-1\"},{\"@type\":\"BreadcrumbList\",\"@id\":\"https:\/\/www.daisho.be\/es\/produit\/guantes-de-boxeo-adidas-speed-50-negro-blanco\/#breadcrumb\",\"itemListElement\":[{\"@type\":\"ListItem\",\"position\":1,\"name\":\"Accueil\",\"item\":\"https:\/\/www.daisho.be\/es\/\"},{\"@type\":\"ListItem\",\"position\":2,\"name\":\"Productos\",\"item\":\"https:\/\/www.daisho.be\/es\/productos\/\"},{\"@type\":\"ListItem\",\"position\":3,\"name\":\"Equipamiento y ropa para artes marciales y deportes de combate\",\"item\":\"https:\/\/www.daisho.be\/es\/categorie-produit\/equipamiento-y-ropa-para-artes-marciales-y-deportes-de-combate\/\"},{\"@type\":\"ListItem\",\"position\":4,\"name\":\"Boxeo\",\"item\":\"https:\/\/www.daisho.be\/es\/categorie-produit\/equipamiento-y-ropa-para-artes-marciales-y-deportes-de-combate\/boxeo-es\/\"},{\"@type\":\"ListItem\",\"position\":5,\"name\":\"Guantes de boxeo\",\"item\":\"https:\/\/www.daisho.be\/es\/categorie-produit\/equipamiento-y-ropa-para-artes-marciales-y-deportes-de-combate\/boxeo-es\/guantes-de-boxeo\/\"},{\"@type\":\"ListItem\",\"position\":6,\"name\":\"Guantes de boxeo adidas Speed 50 Negro\/Blanco\"}]},{\"@type\":\"WebSite\",\"@id\":\"https:\/\/www.daisho.be\/es\/#website\",\"url\":\"https:\/\/www.daisho.be\/es\/\",\"name\":\"Daisho\",\"description\":\"Sp&eacute;cialiste de l'&eacute;quipement sportif d'arts martiaux\",\"publisher\":{\"@id\":\"https:\/\/www.daisho.be\/es\/#organization\"},\"potentialAction\":[{\"@type\":\"SearchAction\",\"target\":{\"@type\":\"EntryPoint\",\"urlTemplate\":\"https:\/\/www.daisho.be\/es\/?s={search_term_string}\"},\"query-input\":{\"@type\":\"PropertyValueSpecification\",\"valueRequired\":true,\"valueName\":\"search_term_string\"}}],\"inLanguage\":\"es\"},{\"@type\":\"Organization\",\"@id\":\"https:\/\/www.daisho.be\/es\/#organization\",\"name\":\"Daisho\",\"url\":\"https:\/\/www.daisho.be\/es\/\",\"logo\":{\"@type\":\"ImageObject\",\"inLanguage\":\"es\",\"@id\":\"https:\/\/www.daisho.be\/es\/#\/schema\/logo\/image\/\",\"url\":\"https:\/\/www.daisho.be\/wp-content\/uploads\/2019\/07\/color-nothing-horizontale4x-e1564486100247.png\",\"contentUrl\":\"https:\/\/www.daisho.be\/wp-content\/uploads\/2019\/07\/color-nothing-horizontale4x-e1564486100247.png\",\"width\":1547,\"height\":385,\"caption\":\"Daisho\"},\"image\":{\"@id\":\"https:\/\/www.daisho.be\/es\/#\/schema\/logo\/image\/\"}}]}<\/script>\n<!-- \/ Yoast SEO plugin. -->","yoast_head_json":{"title":"Guantes de boxeo adidas Speed 50 Negro\/Blanco &#8211; Daisho","description":"Descubre los guantes de boxeo especialmente dise\u00f1ados para aquellos a los que les gusta la velocidad con alta calidad. C\u00f3mpralos en www.daisho.be|Daisho","robots":{"index":"index","follow":"follow","max-snippet":"max-snippet:-1","max-image-preview":"max-image-preview:large","max-video-preview":"max-video-preview:-1"},"canonical":"https:\/\/www.daisho.be\/es\/produit\/guantes-de-boxeo-adidas-speed-50-negro-blanco\/","og_locale":"es_ES","og_type":"article","og_title":"Guantes de boxeo adidas Speed 50 Negro\/Blanco &#8211; Daisho","og_description":"Descubre los guantes de boxeo especialmente dise\u00f1ados para aquellos a los que les gusta la velocidad con alta calidad. C\u00f3mpralos en www.daisho.be|Daisho","og_url":"https:\/\/www.daisho.be\/es\/produit\/guantes-de-boxeo-adidas-speed-50-negro-blanco\/","og_site_name":"Daisho","article_modified_time":"2025-12-30T15:15:19+00:00","og_image":[{"width":650,"height":650,"url":"https:\/\/www.daisho.be\/wp-content\/uploads\/2025\/12\/image-122.jpg","type":"image\/jpeg"}],"twitter_card":"summary_large_image","twitter_misc":{"Tiempo de lectura":"1 minuto"},"schema":{"@context":"https:\/\/schema.org","@graph":[{"@type":"WebPage","@id":"https:\/\/www.daisho.be\/es\/produit\/guantes-de-boxeo-adidas-speed-50-negro-blanco\/","url":"https:\/\/www.daisho.be\/es\/produit\/guantes-de-boxeo-adidas-speed-50-negro-blanco\/","name":"Guantes de boxeo adidas Speed 50 Negro\/Blanco &#8211; Daisho","isPartOf":{"@id":"https:\/\/www.daisho.be\/es\/#website"},"primaryImageOfPage":{"@id":"https:\/\/www.daisho.be\/es\/produit\/guantes-de-boxeo-adidas-speed-50-negro-blanco\/#primaryimage"},"image":{"@id":"https:\/\/www.daisho.be\/es\/produit\/guantes-de-boxeo-adidas-speed-50-negro-blanco\/#primaryimage"},"thumbnailUrl":"https:\/\/www.daisho.be\/wp-content\/uploads\/2025\/12\/image-122.jpg","datePublished":"2022-01-31T09:00:04+00:00","dateModified":"2025-12-30T15:15:19+00:00","description":"Descubre los guantes de boxeo especialmente dise\u00f1ados para aquellos a los que les gusta la velocidad con alta calidad. C\u00f3mpralos en www.daisho.be|Daisho","breadcrumb":{"@id":"https:\/\/www.daisho.be\/es\/produit\/guantes-de-boxeo-adidas-speed-50-negro-blanco\/#breadcrumb"},"inLanguage":"es","potentialAction":[{"@type":"ReadAction","target":["https:\/\/www.daisho.be\/es\/produit\/guantes-de-boxeo-adidas-speed-50-negro-blanco\/"]}]},{"@type":"ImageObject","inLanguage":"es","@id":"https:\/\/www.daisho.be\/es\/produit\/guantes-de-boxeo-adidas-speed-50-negro-blanco\/#primaryimage","url":"https:\/\/www.daisho.be\/wp-content\/uploads\/2025\/12\/image-122.jpg","contentUrl":"https:\/\/www.daisho.be\/wp-content\/uploads\/2025\/12\/image-122.jpg","width":650,"height":650,"caption":"Guantes de boxeo adidas Speed 50 Negro\/Blanco-1"},{"@type":"BreadcrumbList","@id":"https:\/\/www.daisho.be\/es\/produit\/guantes-de-boxeo-adidas-speed-50-negro-blanco\/#breadcrumb","itemListElement":[{"@type":"ListItem","position":1,"name":"Accueil","item":"https:\/\/www.daisho.be\/es\/"},{"@type":"ListItem","position":2,"name":"Productos","item":"https:\/\/www.daisho.be\/es\/productos\/"},{"@type":"ListItem","position":3,"name":"Equipamiento y ropa para artes marciales y deportes de combate","item":"https:\/\/www.daisho.be\/es\/categorie-produit\/equipamiento-y-ropa-para-artes-marciales-y-deportes-de-combate\/"},{"@type":"ListItem","position":4,"name":"Boxeo","item":"https:\/\/www.daisho.be\/es\/categorie-produit\/equipamiento-y-ropa-para-artes-marciales-y-deportes-de-combate\/boxeo-es\/"},{"@type":"ListItem","position":5,"name":"Guantes de boxeo","item":"https:\/\/www.daisho.be\/es\/categorie-produit\/equipamiento-y-ropa-para-artes-marciales-y-deportes-de-combate\/boxeo-es\/guantes-de-boxeo\/"},{"@type":"ListItem","position":6,"name":"Guantes de boxeo adidas Speed 50 Negro\/Blanco"}]},{"@type":"WebSite","@id":"https:\/\/www.daisho.be\/es\/#website","url":"https:\/\/www.daisho.be\/es\/","name":"Daisho","description":"Sp&eacute;cialiste de l'&eacute;quipement sportif d'arts martiaux","publisher":{"@id":"https:\/\/www.daisho.be\/es\/#organization"},"potentialAction":[{"@type":"SearchAction","target":{"@type":"EntryPoint","urlTemplate":"https:\/\/www.daisho.be\/es\/?s={search_term_string}"},"query-input":{"@type":"PropertyValueSpecification","valueRequired":true,"valueName":"search_term_string"}}],"inLanguage":"es"},{"@type":"Organization","@id":"https:\/\/www.daisho.be\/es\/#organization","name":"Daisho","url":"https:\/\/www.daisho.be\/es\/","logo":{"@type":"ImageObject","inLanguage":"es","@id":"https:\/\/www.daisho.be\/es\/#\/schema\/logo\/image\/","url":"https:\/\/www.daisho.be\/wp-content\/uploads\/2019\/07\/color-nothing-horizontale4x-e1564486100247.png","contentUrl":"https:\/\/www.daisho.be\/wp-content\/uploads\/2019\/07\/color-nothing-horizontale4x-e1564486100247.png","width":1547,"height":385,"caption":"Daisho"},"image":{"@id":"https:\/\/www.daisho.be\/es\/#\/schema\/logo\/image\/"}}]}},"_links":{"self":[{"href":"https:\/\/www.daisho.be\/es\/wp-json\/wp\/v2\/product\/350029","targetHints":{"allow":["GET"]}}],"collection":[{"href":"https:\/\/www.daisho.be\/es\/wp-json\/wp\/v2\/product"}],"about":[{"href":"https:\/\/www.daisho.be\/es\/wp-json\/wp\/v2\/types\/product"}],"replies":[{"embeddable":true,"href":"https:\/\/www.daisho.be\/es\/wp-json\/wp\/v2\/comments?post=350029"}],"wp:featuredmedia":[{"embeddable":true,"href":"https:\/\/www.daisho.be\/es\/wp-json\/wp\/v2\/media\/647495"}],"wp:attachment":[{"href":"https:\/\/www.daisho.be\/es\/wp-json\/wp\/v2\/media?parent=350029"}],"wp:term":[{"taxonomy":"product_brand","embeddable":true,"href":"https:\/\/www.daisho.be\/es\/wp-json\/wp\/v2\/product_brand?post=350029"},{"taxonomy":"product_cat","embeddable":true,"href":"https:\/\/www.daisho.be\/es\/wp-json\/wp\/v2\/product_cat?post=350029"},{"taxonomy":"product_tag","embeddable":true,"href":"https:\/\/www.daisho.be\/es\/wp-json\/wp\/v2\/product_tag?post=350029"},{"taxonomy":"sport","embeddable":true,"href":"https:\/\/www.daisho.be\/es\/wp-json\/wp\/v2\/sport?post=350029"}],"curies":[{"name":"wp","href":"https:\/\/api.w.org\/{rel}","templated":true}]}}