{"id":349939,"date":"2022-01-31T09:23:52","date_gmt":"2022-01-31T08:23:52","guid":{"rendered":"https:\/\/www.daisho.be\/produit\/guantes-de-boxeo-adidas-safety-sparring-lace-up-negro-rojo\/"},"modified":"2025-03-03T13:42:21","modified_gmt":"2025-03-03T12:42:21","slug":"guantes-de-boxeo-adidas-safety-sparring-lace-up-negro-rojo","status":"publish","type":"product","link":"https:\/\/www.daisho.be\/es\/produit\/guantes-de-boxeo-adidas-safety-sparring-lace-up-negro-rojo\/","title":{"rendered":"Guantes de boxeo adidas Safety Sparring Lace Up Negro\/Rojo"},"content":{"rendered":"<p>Estos guantes de kickboxing est\u00e1n fabricados con piel de primera calidad.<br \/>\nSon guantes profesionales con cierre de cordones para que los guantes queden muy ajustados.<br \/>\nEl sistema EASY PULL facilita la colocaci\u00f3n de los cordones.<br \/>\nLos guantes tienen un excelente acolchado formado por varias capas de espuma y acabado con una suave capa superior. Esto ofrece la m\u00e1xima protecci\u00f3n para sus propias manos y articulaciones. El ajuste perfecto y la estabilidad de la mu\u00f1eca lo convierten en uno de los mejores guantes jam\u00e1s fabricados.<br \/>\nEste guante es utilizado en los entrenamientos por campeones del mundo como Peter Aerts, Rico Verhoeven y Albert Kraus. Pero los mejores entrenadores tambi\u00e9n utilizan estos guantes, \u00a1porque todos quieren un ajuste perfecto y la m\u00e1xima protecci\u00f3n para sus preciadas manos!<br \/>\nLos guantes de boxeo adidas Safety Sparring con cordones son adecuados para Thai\/Kickboxing, Original Boxing y K1.<br \/>\nVentajas:<br \/>\n&#8211; cuero duradero<br \/>\n&#8211; acabado sutil<br \/>\n&#8211; cord\u00f3n Easy Pull<br \/>\n&#8211; palma forrada con m\u00faltiples capas de espuma<br \/>\n&#8211; ajuste perfecto<br \/>\n&#8211; m\u00e1xima protecci\u00f3n<\/p>\n","protected":false},"excerpt":{"rendered":"<p>Estos guantes de kickboxing est\u00e1n fabricados con piel de primera calidad. Son guantes profesionales con cierre de cordones para que los guantes queden muy ajustados. El sistema EASY PULL facilita la colocaci\u00f3n de los cordones. Los guantes tienen un excelente acolchado formado por varias capas de espuma y acabado con una suave capa superior. Esto [&hellip;]<\/p>\n","protected":false},"featured_media":331885,"comment_status":"open","ping_status":"closed","template":"","meta":{"inline_featured_image":false},"product_brand":[],"product_cat":[1685,1691,1591],"product_tag":[1560],"sport":[],"class_list":{"0":"post-349939","1":"product","2":"type-product","3":"status-publish","4":"has-post-thumbnail","6":"product_cat-guantes-adidas-muay-thai","7":"product_cat-guantes-de-boxeo-adidas","8":"product_cat-protectores-adidas-kickboxing","9":"product_tag-adidas-es","10":"pa_size-461","11":"pa_size-1097","13":"first","14":"instock","15":"taxable","16":"shipping-taxable","17":"purchasable","18":"product-type-variable"},"yoast_head":"<!-- This site is optimized with the Yoast SEO plugin v27.2 - https:\/\/yoast.com\/product\/yoast-seo-wordpress\/ -->\n<title>Guantes de boxeo adidas Safety Sparring Lace Up Negro\/Rojo &#8211; Daisho<\/title>\n<meta name=\"description\" content=\"Descubre los guantes de boxeo especialmente dise\u00f1ados para aquellos a los que les gusta la velocidad con alta calidad. C\u00f3mpralos en www.daisho.be|Daisho\" \/>\n<meta name=\"robots\" content=\"index, follow, max-snippet:-1, max-image-preview:large, max-video-preview:-1\" \/>\n<link rel=\"canonical\" href=\"https:\/\/www.daisho.be\/es\/produit\/guantes-de-boxeo-adidas-safety-sparring-lace-up-negro-rojo\/\" \/>\n<meta property=\"og:locale\" content=\"es_ES\" \/>\n<meta property=\"og:type\" content=\"article\" \/>\n<meta property=\"og:title\" content=\"Guantes de boxeo adidas Safety Sparring Lace Up Negro\/Rojo &#8211; Daisho\" \/>\n<meta property=\"og:description\" content=\"Descubre los guantes de boxeo especialmente dise\u00f1ados para aquellos a los que les gusta la velocidad con alta calidad. C\u00f3mpralos en www.daisho.be|Daisho\" \/>\n<meta property=\"og:url\" content=\"https:\/\/www.daisho.be\/es\/produit\/guantes-de-boxeo-adidas-safety-sparring-lace-up-negro-rojo\/\" \/>\n<meta property=\"og:site_name\" content=\"Daisho\" \/>\n<meta property=\"article:modified_time\" content=\"2025-03-03T12:42:21+00:00\" \/>\n<meta property=\"og:image\" content=\"https:\/\/www.daisho.be\/wp-content\/uploads\/2022\/02\/image-230.jpg\" \/>\n\t<meta property=\"og:image:width\" content=\"650\" \/>\n\t<meta property=\"og:image:height\" content=\"650\" \/>\n\t<meta property=\"og:image:type\" content=\"image\/jpeg\" \/>\n<meta name=\"twitter:card\" content=\"summary_large_image\" \/>\n<meta name=\"twitter:label1\" content=\"Tiempo de lectura\" \/>\n\t<meta name=\"twitter:data1\" content=\"1 minuto\" \/>\n<script type=\"application\/ld+json\" class=\"yoast-schema-graph\">{\"@context\":\"https:\/\/schema.org\",\"@graph\":[{\"@type\":\"WebPage\",\"@id\":\"https:\/\/www.daisho.be\/es\/produit\/guantes-de-boxeo-adidas-safety-sparring-lace-up-negro-rojo\/\",\"url\":\"https:\/\/www.daisho.be\/es\/produit\/guantes-de-boxeo-adidas-safety-sparring-lace-up-negro-rojo\/\",\"name\":\"Guantes de boxeo adidas Safety Sparring Lace Up Negro\/Rojo &#8211; Daisho\",\"isPartOf\":{\"@id\":\"https:\/\/www.daisho.be\/es\/#website\"},\"primaryImageOfPage\":{\"@id\":\"https:\/\/www.daisho.be\/es\/produit\/guantes-de-boxeo-adidas-safety-sparring-lace-up-negro-rojo\/#primaryimage\"},\"image\":{\"@id\":\"https:\/\/www.daisho.be\/es\/produit\/guantes-de-boxeo-adidas-safety-sparring-lace-up-negro-rojo\/#primaryimage\"},\"thumbnailUrl\":\"https:\/\/www.daisho.be\/wp-content\/uploads\/2022\/02\/image-230.jpg\",\"datePublished\":\"2022-01-31T08:23:52+00:00\",\"dateModified\":\"2025-03-03T12:42:21+00:00\",\"description\":\"Descubre los guantes de boxeo especialmente dise\u00f1ados para aquellos a los que les gusta la velocidad con alta calidad. C\u00f3mpralos en www.daisho.be|Daisho\",\"breadcrumb\":{\"@id\":\"https:\/\/www.daisho.be\/es\/produit\/guantes-de-boxeo-adidas-safety-sparring-lace-up-negro-rojo\/#breadcrumb\"},\"inLanguage\":\"es\",\"potentialAction\":[{\"@type\":\"ReadAction\",\"target\":[\"https:\/\/www.daisho.be\/es\/produit\/guantes-de-boxeo-adidas-safety-sparring-lace-up-negro-rojo\/\"]}]},{\"@type\":\"ImageObject\",\"inLanguage\":\"es\",\"@id\":\"https:\/\/www.daisho.be\/es\/produit\/guantes-de-boxeo-adidas-safety-sparring-lace-up-negro-rojo\/#primaryimage\",\"url\":\"https:\/\/www.daisho.be\/wp-content\/uploads\/2022\/02\/image-230.jpg\",\"contentUrl\":\"https:\/\/www.daisho.be\/wp-content\/uploads\/2022\/02\/image-230.jpg\",\"width\":650,\"height\":650,\"caption\":\"Guantes de boxeo adidas Safety Sparring Lace Up Negro\/Rojo-1\"},{\"@type\":\"BreadcrumbList\",\"@id\":\"https:\/\/www.daisho.be\/es\/produit\/guantes-de-boxeo-adidas-safety-sparring-lace-up-negro-rojo\/#breadcrumb\",\"itemListElement\":[{\"@type\":\"ListItem\",\"position\":1,\"name\":\"Accueil\",\"item\":\"https:\/\/www.daisho.be\/es\/\"},{\"@type\":\"ListItem\",\"position\":2,\"name\":\"Productos\",\"item\":\"https:\/\/www.daisho.be\/es\/productos\/\"},{\"@type\":\"ListItem\",\"position\":3,\"name\":\"ADIDAS COMBAT SPORTS\",\"item\":\"https:\/\/www.daisho.be\/es\/categorie-produit\/adidas-combat-sports-es\/\"},{\"@type\":\"ListItem\",\"position\":4,\"name\":\"Muay tailand\u00e9s\",\"item\":\"https:\/\/www.daisho.be\/es\/categorie-produit\/adidas-combat-sports-es\/muay-tailandes-es\/\"},{\"@type\":\"ListItem\",\"position\":5,\"name\":\"Guantes Adidas Muay Thai\",\"item\":\"https:\/\/www.daisho.be\/es\/categorie-produit\/adidas-combat-sports-es\/muay-tailandes-es\/guantes-adidas-muay-thai\/\"},{\"@type\":\"ListItem\",\"position\":6,\"name\":\"Guantes de boxeo adidas Safety Sparring Lace Up Negro\/Rojo\"}]},{\"@type\":\"WebSite\",\"@id\":\"https:\/\/www.daisho.be\/es\/#website\",\"url\":\"https:\/\/www.daisho.be\/es\/\",\"name\":\"Daisho\",\"description\":\"Sp&eacute;cialiste de l'&eacute;quipement sportif d'arts martiaux\",\"publisher\":{\"@id\":\"https:\/\/www.daisho.be\/es\/#organization\"},\"potentialAction\":[{\"@type\":\"SearchAction\",\"target\":{\"@type\":\"EntryPoint\",\"urlTemplate\":\"https:\/\/www.daisho.be\/es\/?s={search_term_string}\"},\"query-input\":{\"@type\":\"PropertyValueSpecification\",\"valueRequired\":true,\"valueName\":\"search_term_string\"}}],\"inLanguage\":\"es\"},{\"@type\":\"Organization\",\"@id\":\"https:\/\/www.daisho.be\/es\/#organization\",\"name\":\"Daisho\",\"url\":\"https:\/\/www.daisho.be\/es\/\",\"logo\":{\"@type\":\"ImageObject\",\"inLanguage\":\"es\",\"@id\":\"https:\/\/www.daisho.be\/es\/#\/schema\/logo\/image\/\",\"url\":\"https:\/\/www.daisho.be\/wp-content\/uploads\/2019\/07\/color-nothing-horizontale4x-e1564486100247.png\",\"contentUrl\":\"https:\/\/www.daisho.be\/wp-content\/uploads\/2019\/07\/color-nothing-horizontale4x-e1564486100247.png\",\"width\":1547,\"height\":385,\"caption\":\"Daisho\"},\"image\":{\"@id\":\"https:\/\/www.daisho.be\/es\/#\/schema\/logo\/image\/\"}}]}<\/script>\n<!-- \/ Yoast SEO plugin. -->","yoast_head_json":{"title":"Guantes de boxeo adidas Safety Sparring Lace Up Negro\/Rojo &#8211; Daisho","description":"Descubre los guantes de boxeo especialmente dise\u00f1ados para aquellos a los que les gusta la velocidad con alta calidad. C\u00f3mpralos en www.daisho.be|Daisho","robots":{"index":"index","follow":"follow","max-snippet":"max-snippet:-1","max-image-preview":"max-image-preview:large","max-video-preview":"max-video-preview:-1"},"canonical":"https:\/\/www.daisho.be\/es\/produit\/guantes-de-boxeo-adidas-safety-sparring-lace-up-negro-rojo\/","og_locale":"es_ES","og_type":"article","og_title":"Guantes de boxeo adidas Safety Sparring Lace Up Negro\/Rojo &#8211; Daisho","og_description":"Descubre los guantes de boxeo especialmente dise\u00f1ados para aquellos a los que les gusta la velocidad con alta calidad. C\u00f3mpralos en www.daisho.be|Daisho","og_url":"https:\/\/www.daisho.be\/es\/produit\/guantes-de-boxeo-adidas-safety-sparring-lace-up-negro-rojo\/","og_site_name":"Daisho","article_modified_time":"2025-03-03T12:42:21+00:00","og_image":[{"width":650,"height":650,"url":"https:\/\/www.daisho.be\/wp-content\/uploads\/2022\/02\/image-230.jpg","type":"image\/jpeg"}],"twitter_card":"summary_large_image","twitter_misc":{"Tiempo de lectura":"1 minuto"},"schema":{"@context":"https:\/\/schema.org","@graph":[{"@type":"WebPage","@id":"https:\/\/www.daisho.be\/es\/produit\/guantes-de-boxeo-adidas-safety-sparring-lace-up-negro-rojo\/","url":"https:\/\/www.daisho.be\/es\/produit\/guantes-de-boxeo-adidas-safety-sparring-lace-up-negro-rojo\/","name":"Guantes de boxeo adidas Safety Sparring Lace Up Negro\/Rojo &#8211; Daisho","isPartOf":{"@id":"https:\/\/www.daisho.be\/es\/#website"},"primaryImageOfPage":{"@id":"https:\/\/www.daisho.be\/es\/produit\/guantes-de-boxeo-adidas-safety-sparring-lace-up-negro-rojo\/#primaryimage"},"image":{"@id":"https:\/\/www.daisho.be\/es\/produit\/guantes-de-boxeo-adidas-safety-sparring-lace-up-negro-rojo\/#primaryimage"},"thumbnailUrl":"https:\/\/www.daisho.be\/wp-content\/uploads\/2022\/02\/image-230.jpg","datePublished":"2022-01-31T08:23:52+00:00","dateModified":"2025-03-03T12:42:21+00:00","description":"Descubre los guantes de boxeo especialmente dise\u00f1ados para aquellos a los que les gusta la velocidad con alta calidad. C\u00f3mpralos en www.daisho.be|Daisho","breadcrumb":{"@id":"https:\/\/www.daisho.be\/es\/produit\/guantes-de-boxeo-adidas-safety-sparring-lace-up-negro-rojo\/#breadcrumb"},"inLanguage":"es","potentialAction":[{"@type":"ReadAction","target":["https:\/\/www.daisho.be\/es\/produit\/guantes-de-boxeo-adidas-safety-sparring-lace-up-negro-rojo\/"]}]},{"@type":"ImageObject","inLanguage":"es","@id":"https:\/\/www.daisho.be\/es\/produit\/guantes-de-boxeo-adidas-safety-sparring-lace-up-negro-rojo\/#primaryimage","url":"https:\/\/www.daisho.be\/wp-content\/uploads\/2022\/02\/image-230.jpg","contentUrl":"https:\/\/www.daisho.be\/wp-content\/uploads\/2022\/02\/image-230.jpg","width":650,"height":650,"caption":"Guantes de boxeo adidas Safety Sparring Lace Up Negro\/Rojo-1"},{"@type":"BreadcrumbList","@id":"https:\/\/www.daisho.be\/es\/produit\/guantes-de-boxeo-adidas-safety-sparring-lace-up-negro-rojo\/#breadcrumb","itemListElement":[{"@type":"ListItem","position":1,"name":"Accueil","item":"https:\/\/www.daisho.be\/es\/"},{"@type":"ListItem","position":2,"name":"Productos","item":"https:\/\/www.daisho.be\/es\/productos\/"},{"@type":"ListItem","position":3,"name":"ADIDAS COMBAT SPORTS","item":"https:\/\/www.daisho.be\/es\/categorie-produit\/adidas-combat-sports-es\/"},{"@type":"ListItem","position":4,"name":"Muay tailand\u00e9s","item":"https:\/\/www.daisho.be\/es\/categorie-produit\/adidas-combat-sports-es\/muay-tailandes-es\/"},{"@type":"ListItem","position":5,"name":"Guantes Adidas Muay Thai","item":"https:\/\/www.daisho.be\/es\/categorie-produit\/adidas-combat-sports-es\/muay-tailandes-es\/guantes-adidas-muay-thai\/"},{"@type":"ListItem","position":6,"name":"Guantes de boxeo adidas Safety Sparring Lace Up Negro\/Rojo"}]},{"@type":"WebSite","@id":"https:\/\/www.daisho.be\/es\/#website","url":"https:\/\/www.daisho.be\/es\/","name":"Daisho","description":"Sp&eacute;cialiste de l'&eacute;quipement sportif d'arts martiaux","publisher":{"@id":"https:\/\/www.daisho.be\/es\/#organization"},"potentialAction":[{"@type":"SearchAction","target":{"@type":"EntryPoint","urlTemplate":"https:\/\/www.daisho.be\/es\/?s={search_term_string}"},"query-input":{"@type":"PropertyValueSpecification","valueRequired":true,"valueName":"search_term_string"}}],"inLanguage":"es"},{"@type":"Organization","@id":"https:\/\/www.daisho.be\/es\/#organization","name":"Daisho","url":"https:\/\/www.daisho.be\/es\/","logo":{"@type":"ImageObject","inLanguage":"es","@id":"https:\/\/www.daisho.be\/es\/#\/schema\/logo\/image\/","url":"https:\/\/www.daisho.be\/wp-content\/uploads\/2019\/07\/color-nothing-horizontale4x-e1564486100247.png","contentUrl":"https:\/\/www.daisho.be\/wp-content\/uploads\/2019\/07\/color-nothing-horizontale4x-e1564486100247.png","width":1547,"height":385,"caption":"Daisho"},"image":{"@id":"https:\/\/www.daisho.be\/es\/#\/schema\/logo\/image\/"}}]}},"_links":{"self":[{"href":"https:\/\/www.daisho.be\/es\/wp-json\/wp\/v2\/product\/349939","targetHints":{"allow":["GET"]}}],"collection":[{"href":"https:\/\/www.daisho.be\/es\/wp-json\/wp\/v2\/product"}],"about":[{"href":"https:\/\/www.daisho.be\/es\/wp-json\/wp\/v2\/types\/product"}],"replies":[{"embeddable":true,"href":"https:\/\/www.daisho.be\/es\/wp-json\/wp\/v2\/comments?post=349939"}],"wp:featuredmedia":[{"embeddable":true,"href":"https:\/\/www.daisho.be\/es\/wp-json\/wp\/v2\/media\/331885"}],"wp:attachment":[{"href":"https:\/\/www.daisho.be\/es\/wp-json\/wp\/v2\/media?parent=349939"}],"wp:term":[{"taxonomy":"product_brand","embeddable":true,"href":"https:\/\/www.daisho.be\/es\/wp-json\/wp\/v2\/product_brand?post=349939"},{"taxonomy":"product_cat","embeddable":true,"href":"https:\/\/www.daisho.be\/es\/wp-json\/wp\/v2\/product_cat?post=349939"},{"taxonomy":"product_tag","embeddable":true,"href":"https:\/\/www.daisho.be\/es\/wp-json\/wp\/v2\/product_tag?post=349939"},{"taxonomy":"sport","embeddable":true,"href":"https:\/\/www.daisho.be\/es\/wp-json\/wp\/v2\/sport?post=349939"}],"curies":[{"name":"wp","href":"https:\/\/api.w.org\/{rel}","templated":true}]}}