{"id":349924,"date":"2022-01-16T21:42:22","date_gmt":"2022-01-16T20:42:22","guid":{"rendered":"https:\/\/www.daisho.be\/produit\/tatami-basic-plus\/"},"modified":"2026-03-31T14:52:32","modified_gmt":"2026-03-31T12:52:32","slug":"tatami-basic-plus","status":"publish","type":"product","link":"https:\/\/www.daisho.be\/es\/produit\/tatami-basic-plus\/","title":{"rendered":"Tatami BASIC PLUS"},"content":{"rendered":"<p>El tatami ProGame Basic Plus es una soluci\u00f3n excelente para todo tipo de entrenamientos y para todas las actividades deportivas b\u00e1sicas.<br \/>\nEste vers\u00e1til tatami es a la vez compacto y flexible, lo que garantiza la seguridad y la absorci\u00f3n de impactos.<br \/>\nTambi\u00e9n ofrece una gran resistencia a largo plazo.<br \/>\nEl sistema para colgar rompecabezas garantiza una instalaci\u00f3n r\u00e1pida.<br \/>\nEl tatami tambi\u00e9n tiene un estilo con relieve de paja de arroz.<\/p>\n<p><strong><u>Especificaciones:<\/u> <\/strong><br \/>\nDimensiones: 1000 x 1000 x 32 mm<br \/>\nPeso: 1,8 kg<br \/>\nColores: Rojo\/Gris\/Azul<br \/>\nSeguridad: EN 1177 HIC (Head Injury Criteria)<\/p>\n<p><strong><u>Nota :<\/u> <\/strong><br \/>\nLas cenefas de acabado no se incluyen con los tatamis.<br \/>\nPonte en contacto con nosotros para comprobar la disponibilidad de las cenefas.<\/p>\n","protected":false},"excerpt":{"rendered":"<p>El tatami ProGame Basic Plus es una soluci\u00f3n excelente para todo tipo de entrenamientos y para todas las actividades deportivas b\u00e1sicas. Este vers\u00e1til tatami es a la vez compacto y flexible, lo que garantiza la seguridad y la absorci\u00f3n de impactos. Tambi\u00e9n ofrece una gran resistencia a largo plazo. El sistema para colgar rompecabezas garantiza [&hellip;]<\/p>\n","protected":false},"featured_media":339465,"comment_status":"closed","ping_status":"closed","template":"","meta":{"inline_featured_image":false},"product_brand":[],"product_cat":[1294],"product_tag":[2552,1290],"sport":[],"class_list":{"0":"post-349924","1":"product","2":"type-product","3":"status-publish","4":"has-post-thumbnail","6":"product_cat-tatamis-de-judo-karate-y-taekwondo-artes-marciales","7":"product_tag-cita","8":"product_tag-progame-tatamis-es","9":"product_shipping_class-productos-voluminosos-es","10":"pa_size-3-cm","12":"first","13":"instock","14":"taxable","15":"shipping-taxable","16":"purchasable","17":"product-type-variable"},"yoast_head":"<!-- This site is optimized with the Yoast SEO plugin v27.2 - https:\/\/yoast.com\/product\/yoast-seo-wordpress\/ -->\n<title>Tatami BASIC PLUS &#8211; Daisho<\/title>\n<meta name=\"description\" content=\"Tatami vers\u00e1til y pr\u00e1ctico que combina flexibilidad y seguridad para todo tipo de entrenamiento. Encu\u00e9ntralos en www.daisho.be|Daisho\" \/>\n<meta name=\"robots\" content=\"index, follow, max-snippet:-1, max-image-preview:large, max-video-preview:-1\" \/>\n<link rel=\"canonical\" href=\"https:\/\/www.daisho.be\/es\/produit\/tatami-basic-plus\/\" \/>\n<meta property=\"og:locale\" content=\"es_ES\" \/>\n<meta property=\"og:type\" content=\"article\" \/>\n<meta property=\"og:title\" content=\"Tatami BASIC PLUS &#8211; Daisho\" \/>\n<meta property=\"og:description\" content=\"Tatami vers\u00e1til y pr\u00e1ctico que combina flexibilidad y seguridad para todo tipo de entrenamiento. Encu\u00e9ntralos en www.daisho.be|Daisho\" \/>\n<meta property=\"og:url\" content=\"https:\/\/www.daisho.be\/es\/produit\/tatami-basic-plus\/\" \/>\n<meta property=\"og:site_name\" content=\"Daisho\" \/>\n<meta property=\"article:modified_time\" content=\"2026-03-31T12:52:32+00:00\" \/>\n<meta property=\"og:image\" content=\"https:\/\/www.daisho.be\/wp-content\/uploads\/2023\/11\/image-84.jpg\" \/>\n\t<meta property=\"og:image:width\" content=\"1920\" \/>\n\t<meta property=\"og:image:height\" content=\"1440\" \/>\n\t<meta property=\"og:image:type\" content=\"image\/jpeg\" \/>\n<meta name=\"twitter:card\" content=\"summary_large_image\" \/>\n<meta name=\"twitter:label1\" content=\"Tiempo de lectura\" \/>\n\t<meta name=\"twitter:data1\" content=\"1 minuto\" \/>\n<script type=\"application\/ld+json\" class=\"yoast-schema-graph\">{\"@context\":\"https:\/\/schema.org\",\"@graph\":[{\"@type\":\"WebPage\",\"@id\":\"https:\/\/www.daisho.be\/es\/produit\/tatami-basic-plus\/\",\"url\":\"https:\/\/www.daisho.be\/es\/produit\/tatami-basic-plus\/\",\"name\":\"Tatami BASIC PLUS &#8211; Daisho\",\"isPartOf\":{\"@id\":\"https:\/\/www.daisho.be\/es\/#website\"},\"primaryImageOfPage\":{\"@id\":\"https:\/\/www.daisho.be\/es\/produit\/tatami-basic-plus\/#primaryimage\"},\"image\":{\"@id\":\"https:\/\/www.daisho.be\/es\/produit\/tatami-basic-plus\/#primaryimage\"},\"thumbnailUrl\":\"https:\/\/www.daisho.be\/wp-content\/uploads\/2023\/11\/image-84.jpg\",\"datePublished\":\"2022-01-16T20:42:22+00:00\",\"dateModified\":\"2026-03-31T12:52:32+00:00\",\"description\":\"Tatami vers\u00e1til y pr\u00e1ctico que combina flexibilidad y seguridad para todo tipo de entrenamiento. Encu\u00e9ntralos en www.daisho.be|Daisho\",\"breadcrumb\":{\"@id\":\"https:\/\/www.daisho.be\/es\/produit\/tatami-basic-plus\/#breadcrumb\"},\"inLanguage\":\"es\",\"potentialAction\":[{\"@type\":\"ReadAction\",\"target\":[\"https:\/\/www.daisho.be\/es\/produit\/tatami-basic-plus\/\"]}]},{\"@type\":\"ImageObject\",\"inLanguage\":\"es\",\"@id\":\"https:\/\/www.daisho.be\/es\/produit\/tatami-basic-plus\/#primaryimage\",\"url\":\"https:\/\/www.daisho.be\/wp-content\/uploads\/2023\/11\/image-84.jpg\",\"contentUrl\":\"https:\/\/www.daisho.be\/wp-content\/uploads\/2023\/11\/image-84.jpg\",\"width\":1920,\"height\":1440,\"caption\":\"Tatami BASIC PLUS-5\"},{\"@type\":\"BreadcrumbList\",\"@id\":\"https:\/\/www.daisho.be\/es\/produit\/tatami-basic-plus\/#breadcrumb\",\"itemListElement\":[{\"@type\":\"ListItem\",\"position\":1,\"name\":\"Accueil\",\"item\":\"https:\/\/www.daisho.be\/es\/\"},{\"@type\":\"ListItem\",\"position\":2,\"name\":\"Productos\",\"item\":\"https:\/\/www.daisho.be\/es\/productos\/\"},{\"@type\":\"ListItem\",\"position\":3,\"name\":\"Deportes de combate\",\"item\":\"https:\/\/www.daisho.be\/es\/categorie-produit\/deportes-de-combate\/\"},{\"@type\":\"ListItem\",\"position\":4,\"name\":\"Tatamis de judo, k\u00e1rate y taekwondo (artes marciales)\",\"item\":\"https:\/\/www.daisho.be\/es\/categorie-produit\/deportes-de-combate\/tatamis-de-judo-karate-y-taekwondo-artes-marciales\/\"},{\"@type\":\"ListItem\",\"position\":5,\"name\":\"Tatami BASIC PLUS\"}]},{\"@type\":\"WebSite\",\"@id\":\"https:\/\/www.daisho.be\/es\/#website\",\"url\":\"https:\/\/www.daisho.be\/es\/\",\"name\":\"Daisho\",\"description\":\"Sp&eacute;cialiste de l'&eacute;quipement sportif d'arts martiaux\",\"publisher\":{\"@id\":\"https:\/\/www.daisho.be\/es\/#organization\"},\"potentialAction\":[{\"@type\":\"SearchAction\",\"target\":{\"@type\":\"EntryPoint\",\"urlTemplate\":\"https:\/\/www.daisho.be\/es\/?s={search_term_string}\"},\"query-input\":{\"@type\":\"PropertyValueSpecification\",\"valueRequired\":true,\"valueName\":\"search_term_string\"}}],\"inLanguage\":\"es\"},{\"@type\":\"Organization\",\"@id\":\"https:\/\/www.daisho.be\/es\/#organization\",\"name\":\"Daisho\",\"url\":\"https:\/\/www.daisho.be\/es\/\",\"logo\":{\"@type\":\"ImageObject\",\"inLanguage\":\"es\",\"@id\":\"https:\/\/www.daisho.be\/es\/#\/schema\/logo\/image\/\",\"url\":\"https:\/\/www.daisho.be\/wp-content\/uploads\/2019\/07\/color-nothing-horizontale4x-e1564486100247.png\",\"contentUrl\":\"https:\/\/www.daisho.be\/wp-content\/uploads\/2019\/07\/color-nothing-horizontale4x-e1564486100247.png\",\"width\":1547,\"height\":385,\"caption\":\"Daisho\"},\"image\":{\"@id\":\"https:\/\/www.daisho.be\/es\/#\/schema\/logo\/image\/\"}}]}<\/script>\n<!-- \/ Yoast SEO plugin. -->","yoast_head_json":{"title":"Tatami BASIC PLUS &#8211; Daisho","description":"Tatami vers\u00e1til y pr\u00e1ctico que combina flexibilidad y seguridad para todo tipo de entrenamiento. Encu\u00e9ntralos en www.daisho.be|Daisho","robots":{"index":"index","follow":"follow","max-snippet":"max-snippet:-1","max-image-preview":"max-image-preview:large","max-video-preview":"max-video-preview:-1"},"canonical":"https:\/\/www.daisho.be\/es\/produit\/tatami-basic-plus\/","og_locale":"es_ES","og_type":"article","og_title":"Tatami BASIC PLUS &#8211; Daisho","og_description":"Tatami vers\u00e1til y pr\u00e1ctico que combina flexibilidad y seguridad para todo tipo de entrenamiento. Encu\u00e9ntralos en www.daisho.be|Daisho","og_url":"https:\/\/www.daisho.be\/es\/produit\/tatami-basic-plus\/","og_site_name":"Daisho","article_modified_time":"2026-03-31T12:52:32+00:00","og_image":[{"width":1920,"height":1440,"url":"https:\/\/www.daisho.be\/wp-content\/uploads\/2023\/11\/image-84.jpg","type":"image\/jpeg"}],"twitter_card":"summary_large_image","twitter_misc":{"Tiempo de lectura":"1 minuto"},"schema":{"@context":"https:\/\/schema.org","@graph":[{"@type":"WebPage","@id":"https:\/\/www.daisho.be\/es\/produit\/tatami-basic-plus\/","url":"https:\/\/www.daisho.be\/es\/produit\/tatami-basic-plus\/","name":"Tatami BASIC PLUS &#8211; Daisho","isPartOf":{"@id":"https:\/\/www.daisho.be\/es\/#website"},"primaryImageOfPage":{"@id":"https:\/\/www.daisho.be\/es\/produit\/tatami-basic-plus\/#primaryimage"},"image":{"@id":"https:\/\/www.daisho.be\/es\/produit\/tatami-basic-plus\/#primaryimage"},"thumbnailUrl":"https:\/\/www.daisho.be\/wp-content\/uploads\/2023\/11\/image-84.jpg","datePublished":"2022-01-16T20:42:22+00:00","dateModified":"2026-03-31T12:52:32+00:00","description":"Tatami vers\u00e1til y pr\u00e1ctico que combina flexibilidad y seguridad para todo tipo de entrenamiento. Encu\u00e9ntralos en www.daisho.be|Daisho","breadcrumb":{"@id":"https:\/\/www.daisho.be\/es\/produit\/tatami-basic-plus\/#breadcrumb"},"inLanguage":"es","potentialAction":[{"@type":"ReadAction","target":["https:\/\/www.daisho.be\/es\/produit\/tatami-basic-plus\/"]}]},{"@type":"ImageObject","inLanguage":"es","@id":"https:\/\/www.daisho.be\/es\/produit\/tatami-basic-plus\/#primaryimage","url":"https:\/\/www.daisho.be\/wp-content\/uploads\/2023\/11\/image-84.jpg","contentUrl":"https:\/\/www.daisho.be\/wp-content\/uploads\/2023\/11\/image-84.jpg","width":1920,"height":1440,"caption":"Tatami BASIC PLUS-5"},{"@type":"BreadcrumbList","@id":"https:\/\/www.daisho.be\/es\/produit\/tatami-basic-plus\/#breadcrumb","itemListElement":[{"@type":"ListItem","position":1,"name":"Accueil","item":"https:\/\/www.daisho.be\/es\/"},{"@type":"ListItem","position":2,"name":"Productos","item":"https:\/\/www.daisho.be\/es\/productos\/"},{"@type":"ListItem","position":3,"name":"Deportes de combate","item":"https:\/\/www.daisho.be\/es\/categorie-produit\/deportes-de-combate\/"},{"@type":"ListItem","position":4,"name":"Tatamis de judo, k\u00e1rate y taekwondo (artes marciales)","item":"https:\/\/www.daisho.be\/es\/categorie-produit\/deportes-de-combate\/tatamis-de-judo-karate-y-taekwondo-artes-marciales\/"},{"@type":"ListItem","position":5,"name":"Tatami BASIC PLUS"}]},{"@type":"WebSite","@id":"https:\/\/www.daisho.be\/es\/#website","url":"https:\/\/www.daisho.be\/es\/","name":"Daisho","description":"Sp&eacute;cialiste de l'&eacute;quipement sportif d'arts martiaux","publisher":{"@id":"https:\/\/www.daisho.be\/es\/#organization"},"potentialAction":[{"@type":"SearchAction","target":{"@type":"EntryPoint","urlTemplate":"https:\/\/www.daisho.be\/es\/?s={search_term_string}"},"query-input":{"@type":"PropertyValueSpecification","valueRequired":true,"valueName":"search_term_string"}}],"inLanguage":"es"},{"@type":"Organization","@id":"https:\/\/www.daisho.be\/es\/#organization","name":"Daisho","url":"https:\/\/www.daisho.be\/es\/","logo":{"@type":"ImageObject","inLanguage":"es","@id":"https:\/\/www.daisho.be\/es\/#\/schema\/logo\/image\/","url":"https:\/\/www.daisho.be\/wp-content\/uploads\/2019\/07\/color-nothing-horizontale4x-e1564486100247.png","contentUrl":"https:\/\/www.daisho.be\/wp-content\/uploads\/2019\/07\/color-nothing-horizontale4x-e1564486100247.png","width":1547,"height":385,"caption":"Daisho"},"image":{"@id":"https:\/\/www.daisho.be\/es\/#\/schema\/logo\/image\/"}}]}},"_links":{"self":[{"href":"https:\/\/www.daisho.be\/es\/wp-json\/wp\/v2\/product\/349924","targetHints":{"allow":["GET"]}}],"collection":[{"href":"https:\/\/www.daisho.be\/es\/wp-json\/wp\/v2\/product"}],"about":[{"href":"https:\/\/www.daisho.be\/es\/wp-json\/wp\/v2\/types\/product"}],"replies":[{"embeddable":true,"href":"https:\/\/www.daisho.be\/es\/wp-json\/wp\/v2\/comments?post=349924"}],"wp:featuredmedia":[{"embeddable":true,"href":"https:\/\/www.daisho.be\/es\/wp-json\/wp\/v2\/media\/339465"}],"wp:attachment":[{"href":"https:\/\/www.daisho.be\/es\/wp-json\/wp\/v2\/media?parent=349924"}],"wp:term":[{"taxonomy":"product_brand","embeddable":true,"href":"https:\/\/www.daisho.be\/es\/wp-json\/wp\/v2\/product_brand?post=349924"},{"taxonomy":"product_cat","embeddable":true,"href":"https:\/\/www.daisho.be\/es\/wp-json\/wp\/v2\/product_cat?post=349924"},{"taxonomy":"product_tag","embeddable":true,"href":"https:\/\/www.daisho.be\/es\/wp-json\/wp\/v2\/product_tag?post=349924"},{"taxonomy":"sport","embeddable":true,"href":"https:\/\/www.daisho.be\/es\/wp-json\/wp\/v2\/sport?post=349924"}],"curies":[{"name":"wp","href":"https:\/\/api.w.org\/{rel}","templated":true}]}}