{"id":349651,"date":"2021-09-14T16:36:38","date_gmt":"2021-09-14T14:36:38","guid":{"rendered":"https:\/\/www.daisho.be\/produit\/saco-de-boxeo-adidas-uppercut\/"},"modified":"2025-11-18T15:01:11","modified_gmt":"2025-11-18T14:01:11","slug":"saco-de-boxeo-adidas-uppercut","status":"publish","type":"product","link":"https:\/\/www.daisho.be\/es\/produit\/saco-de-boxeo-adidas-uppercut\/","title":{"rendered":"Saco de boxeo adidas Uppercut"},"content":{"rendered":"<p>El saco de boxeo uppercut est\u00e1 hecho de cuero resistente.<br \/>\nEste saco uppercut es ideal para entrenar una gran variedad de golpes, incluido el important\u00edsimo uppercut.<br \/>\nEl saco de boxeo es muy resistente y un gran complemento para cualquier casa o gimnasio. \u00bfBuscas un compa\u00f1ero de entrenamiento ideal para una gran variedad de golpes? Entonces este saco de boxeo es para ti.<br \/>\nEl saco de boxeo adidas Uppercut es adecuado para todos y especialmente para aquellos que tambi\u00e9n quieren prestar especial atenci\u00f3n a los pu\u00f1etazos.<br \/>\nTambi\u00e9n es adecuado para las rodillas.<br \/>\nVentajas:<br \/>\n&#8211; resistente y adecuado para todos<br \/>\n&#8211; PU3G &#8211; escaneado para tu seguridad<br \/>\n&#8211; para casa y el gimnasio<br \/>\n&#8211; ideal para pu\u00f1etazos y patadas<br \/>\n&#8211; viene con una cadena de 4 puntos<br \/>\n&#8211; Peso aproximado: 36 kg<\/p>\n","protected":false},"excerpt":{"rendered":"<p>El saco de boxeo uppercut est\u00e1 hecho de cuero resistente. Este saco uppercut es ideal para entrenar una gran variedad de golpes, incluido el important\u00edsimo uppercut. El saco de boxeo es muy resistente y un gran complemento para cualquier casa o gimnasio. \u00bfBuscas un compa\u00f1ero de entrenamiento ideal para una gran variedad de golpes? Entonces [&hellip;]<\/p>\n","protected":false},"featured_media":337842,"comment_status":"closed","ping_status":"closed","template":"","meta":{"inline_featured_image":false},"product_brand":[],"product_cat":[1634,1632,1630,1633],"product_tag":[1560,2552],"sport":[],"class_list":{"0":"post-349651","1":"product","2":"type-product","3":"status-publish","4":"has-post-thumbnail","6":"product_cat-sacos-de-boxeo-y-accesorios-de-entrenamiento-es","7":"product_cat-sacos-de-boxeo-y-accesorios-de-entrenamiento","8":"product_cat-sacos-de-boxeo-y-accesorios-de-entrenamiento-de-karate","9":"product_cat-sacos-de-boxeo-y-accesorios-de-entrenamiento-de-taekwondo-adidas","10":"product_tag-adidas-es","11":"product_tag-cita","12":"product_shipping_class-productos-voluminosos","13":"pa_size-sans-taille-defaut","15":"first","16":"instock","17":"taxable","18":"shipping-taxable","19":"purchasable","20":"product-type-simple"},"yoast_head":"<!-- This site is optimized with the Yoast SEO plugin v27.2 - https:\/\/yoast.com\/product\/yoast-seo-wordpress\/ -->\n<title>Saco de boxeo adidas Uppercut &#8211; Daisho<\/title>\n<meta name=\"description\" content=\"El saco de boxeo uppercut est\u00e1 fabricado en cuero resistente y es ideal para entrenar una gran variedad de golpes, incluido el important\u00edsimo uppercut.\" \/>\n<meta name=\"robots\" content=\"index, follow, max-snippet:-1, max-image-preview:large, max-video-preview:-1\" \/>\n<link rel=\"canonical\" href=\"https:\/\/www.daisho.be\/es\/produit\/saco-de-boxeo-adidas-uppercut\/\" \/>\n<meta property=\"og:locale\" content=\"es_ES\" \/>\n<meta property=\"og:type\" content=\"article\" \/>\n<meta property=\"og:title\" content=\"Saco de boxeo adidas Uppercut &#8211; Daisho\" \/>\n<meta property=\"og:description\" content=\"El saco de boxeo uppercut est\u00e1 fabricado en cuero resistente y es ideal para entrenar una gran variedad de golpes, incluido el important\u00edsimo uppercut.\" \/>\n<meta property=\"og:url\" content=\"https:\/\/www.daisho.be\/es\/produit\/saco-de-boxeo-adidas-uppercut\/\" \/>\n<meta property=\"og:site_name\" content=\"Daisho\" \/>\n<meta property=\"article:modified_time\" content=\"2025-11-18T14:01:11+00:00\" \/>\n<meta property=\"og:image\" content=\"https:\/\/www.daisho.be\/wp-content\/uploads\/2023\/06\/image-15.jpg\" \/>\n\t<meta property=\"og:image:width\" content=\"1920\" \/>\n\t<meta property=\"og:image:height\" content=\"1920\" \/>\n\t<meta property=\"og:image:type\" content=\"image\/jpeg\" \/>\n<meta name=\"twitter:card\" content=\"summary_large_image\" \/>\n<meta name=\"twitter:label1\" content=\"Tiempo de lectura\" \/>\n\t<meta name=\"twitter:data1\" content=\"1 minuto\" \/>\n<script type=\"application\/ld+json\" class=\"yoast-schema-graph\">{\"@context\":\"https:\/\/schema.org\",\"@graph\":[{\"@type\":\"WebPage\",\"@id\":\"https:\/\/www.daisho.be\/es\/produit\/saco-de-boxeo-adidas-uppercut\/\",\"url\":\"https:\/\/www.daisho.be\/es\/produit\/saco-de-boxeo-adidas-uppercut\/\",\"name\":\"Saco de boxeo adidas Uppercut &#8211; Daisho\",\"isPartOf\":{\"@id\":\"https:\/\/www.daisho.be\/es\/#website\"},\"primaryImageOfPage\":{\"@id\":\"https:\/\/www.daisho.be\/es\/produit\/saco-de-boxeo-adidas-uppercut\/#primaryimage\"},\"image\":{\"@id\":\"https:\/\/www.daisho.be\/es\/produit\/saco-de-boxeo-adidas-uppercut\/#primaryimage\"},\"thumbnailUrl\":\"https:\/\/www.daisho.be\/wp-content\/uploads\/2023\/06\/image-15.jpg\",\"datePublished\":\"2021-09-14T14:36:38+00:00\",\"dateModified\":\"2025-11-18T14:01:11+00:00\",\"description\":\"El saco de boxeo uppercut est\u00e1 fabricado en cuero resistente y es ideal para entrenar una gran variedad de golpes, incluido el important\u00edsimo uppercut.\",\"breadcrumb\":{\"@id\":\"https:\/\/www.daisho.be\/es\/produit\/saco-de-boxeo-adidas-uppercut\/#breadcrumb\"},\"inLanguage\":\"es\",\"potentialAction\":[{\"@type\":\"ReadAction\",\"target\":[\"https:\/\/www.daisho.be\/es\/produit\/saco-de-boxeo-adidas-uppercut\/\"]}]},{\"@type\":\"ImageObject\",\"inLanguage\":\"es\",\"@id\":\"https:\/\/www.daisho.be\/es\/produit\/saco-de-boxeo-adidas-uppercut\/#primaryimage\",\"url\":\"https:\/\/www.daisho.be\/wp-content\/uploads\/2023\/06\/image-15.jpg\",\"contentUrl\":\"https:\/\/www.daisho.be\/wp-content\/uploads\/2023\/06\/image-15.jpg\",\"width\":1920,\"height\":1920,\"caption\":\"Saco de boxeo adidas Uppercut-1\"},{\"@type\":\"BreadcrumbList\",\"@id\":\"https:\/\/www.daisho.be\/es\/produit\/saco-de-boxeo-adidas-uppercut\/#breadcrumb\",\"itemListElement\":[{\"@type\":\"ListItem\",\"position\":1,\"name\":\"Accueil\",\"item\":\"https:\/\/www.daisho.be\/es\/\"},{\"@type\":\"ListItem\",\"position\":2,\"name\":\"Productos\",\"item\":\"https:\/\/www.daisho.be\/es\/productos\/\"},{\"@type\":\"ListItem\",\"position\":3,\"name\":\"ADIDAS COMBAT SPORTS\",\"item\":\"https:\/\/www.daisho.be\/es\/categorie-produit\/adidas-combat-sports-es\/\"},{\"@type\":\"ListItem\",\"position\":4,\"name\":\"Boxeo\",\"item\":\"https:\/\/www.daisho.be\/es\/categorie-produit\/adidas-combat-sports-es\/boxeo\/\"},{\"@type\":\"ListItem\",\"position\":5,\"name\":\"Sacos de boxeo y accesorios de entrenamiento\",\"item\":\"https:\/\/www.daisho.be\/es\/categorie-produit\/adidas-combat-sports-es\/boxeo\/sacos-de-boxeo-y-accesorios-de-entrenamiento-es\/\"},{\"@type\":\"ListItem\",\"position\":6,\"name\":\"Saco de boxeo adidas Uppercut\"}]},{\"@type\":\"WebSite\",\"@id\":\"https:\/\/www.daisho.be\/es\/#website\",\"url\":\"https:\/\/www.daisho.be\/es\/\",\"name\":\"Daisho\",\"description\":\"Sp&eacute;cialiste de l'&eacute;quipement sportif d'arts martiaux\",\"publisher\":{\"@id\":\"https:\/\/www.daisho.be\/es\/#organization\"},\"potentialAction\":[{\"@type\":\"SearchAction\",\"target\":{\"@type\":\"EntryPoint\",\"urlTemplate\":\"https:\/\/www.daisho.be\/es\/?s={search_term_string}\"},\"query-input\":{\"@type\":\"PropertyValueSpecification\",\"valueRequired\":true,\"valueName\":\"search_term_string\"}}],\"inLanguage\":\"es\"},{\"@type\":\"Organization\",\"@id\":\"https:\/\/www.daisho.be\/es\/#organization\",\"name\":\"Daisho\",\"url\":\"https:\/\/www.daisho.be\/es\/\",\"logo\":{\"@type\":\"ImageObject\",\"inLanguage\":\"es\",\"@id\":\"https:\/\/www.daisho.be\/es\/#\/schema\/logo\/image\/\",\"url\":\"https:\/\/www.daisho.be\/wp-content\/uploads\/2019\/07\/color-nothing-horizontale4x-e1564486100247.png\",\"contentUrl\":\"https:\/\/www.daisho.be\/wp-content\/uploads\/2019\/07\/color-nothing-horizontale4x-e1564486100247.png\",\"width\":1547,\"height\":385,\"caption\":\"Daisho\"},\"image\":{\"@id\":\"https:\/\/www.daisho.be\/es\/#\/schema\/logo\/image\/\"}}]}<\/script>\n<!-- \/ Yoast SEO plugin. -->","yoast_head_json":{"title":"Saco de boxeo adidas Uppercut &#8211; Daisho","description":"El saco de boxeo uppercut est\u00e1 fabricado en cuero resistente y es ideal para entrenar una gran variedad de golpes, incluido el important\u00edsimo uppercut.","robots":{"index":"index","follow":"follow","max-snippet":"max-snippet:-1","max-image-preview":"max-image-preview:large","max-video-preview":"max-video-preview:-1"},"canonical":"https:\/\/www.daisho.be\/es\/produit\/saco-de-boxeo-adidas-uppercut\/","og_locale":"es_ES","og_type":"article","og_title":"Saco de boxeo adidas Uppercut &#8211; Daisho","og_description":"El saco de boxeo uppercut est\u00e1 fabricado en cuero resistente y es ideal para entrenar una gran variedad de golpes, incluido el important\u00edsimo uppercut.","og_url":"https:\/\/www.daisho.be\/es\/produit\/saco-de-boxeo-adidas-uppercut\/","og_site_name":"Daisho","article_modified_time":"2025-11-18T14:01:11+00:00","og_image":[{"width":1920,"height":1920,"url":"https:\/\/www.daisho.be\/wp-content\/uploads\/2023\/06\/image-15.jpg","type":"image\/jpeg"}],"twitter_card":"summary_large_image","twitter_misc":{"Tiempo de lectura":"1 minuto"},"schema":{"@context":"https:\/\/schema.org","@graph":[{"@type":"WebPage","@id":"https:\/\/www.daisho.be\/es\/produit\/saco-de-boxeo-adidas-uppercut\/","url":"https:\/\/www.daisho.be\/es\/produit\/saco-de-boxeo-adidas-uppercut\/","name":"Saco de boxeo adidas Uppercut &#8211; Daisho","isPartOf":{"@id":"https:\/\/www.daisho.be\/es\/#website"},"primaryImageOfPage":{"@id":"https:\/\/www.daisho.be\/es\/produit\/saco-de-boxeo-adidas-uppercut\/#primaryimage"},"image":{"@id":"https:\/\/www.daisho.be\/es\/produit\/saco-de-boxeo-adidas-uppercut\/#primaryimage"},"thumbnailUrl":"https:\/\/www.daisho.be\/wp-content\/uploads\/2023\/06\/image-15.jpg","datePublished":"2021-09-14T14:36:38+00:00","dateModified":"2025-11-18T14:01:11+00:00","description":"El saco de boxeo uppercut est\u00e1 fabricado en cuero resistente y es ideal para entrenar una gran variedad de golpes, incluido el important\u00edsimo uppercut.","breadcrumb":{"@id":"https:\/\/www.daisho.be\/es\/produit\/saco-de-boxeo-adidas-uppercut\/#breadcrumb"},"inLanguage":"es","potentialAction":[{"@type":"ReadAction","target":["https:\/\/www.daisho.be\/es\/produit\/saco-de-boxeo-adidas-uppercut\/"]}]},{"@type":"ImageObject","inLanguage":"es","@id":"https:\/\/www.daisho.be\/es\/produit\/saco-de-boxeo-adidas-uppercut\/#primaryimage","url":"https:\/\/www.daisho.be\/wp-content\/uploads\/2023\/06\/image-15.jpg","contentUrl":"https:\/\/www.daisho.be\/wp-content\/uploads\/2023\/06\/image-15.jpg","width":1920,"height":1920,"caption":"Saco de boxeo adidas Uppercut-1"},{"@type":"BreadcrumbList","@id":"https:\/\/www.daisho.be\/es\/produit\/saco-de-boxeo-adidas-uppercut\/#breadcrumb","itemListElement":[{"@type":"ListItem","position":1,"name":"Accueil","item":"https:\/\/www.daisho.be\/es\/"},{"@type":"ListItem","position":2,"name":"Productos","item":"https:\/\/www.daisho.be\/es\/productos\/"},{"@type":"ListItem","position":3,"name":"ADIDAS COMBAT SPORTS","item":"https:\/\/www.daisho.be\/es\/categorie-produit\/adidas-combat-sports-es\/"},{"@type":"ListItem","position":4,"name":"Boxeo","item":"https:\/\/www.daisho.be\/es\/categorie-produit\/adidas-combat-sports-es\/boxeo\/"},{"@type":"ListItem","position":5,"name":"Sacos de boxeo y accesorios de entrenamiento","item":"https:\/\/www.daisho.be\/es\/categorie-produit\/adidas-combat-sports-es\/boxeo\/sacos-de-boxeo-y-accesorios-de-entrenamiento-es\/"},{"@type":"ListItem","position":6,"name":"Saco de boxeo adidas Uppercut"}]},{"@type":"WebSite","@id":"https:\/\/www.daisho.be\/es\/#website","url":"https:\/\/www.daisho.be\/es\/","name":"Daisho","description":"Sp&eacute;cialiste de l'&eacute;quipement sportif d'arts martiaux","publisher":{"@id":"https:\/\/www.daisho.be\/es\/#organization"},"potentialAction":[{"@type":"SearchAction","target":{"@type":"EntryPoint","urlTemplate":"https:\/\/www.daisho.be\/es\/?s={search_term_string}"},"query-input":{"@type":"PropertyValueSpecification","valueRequired":true,"valueName":"search_term_string"}}],"inLanguage":"es"},{"@type":"Organization","@id":"https:\/\/www.daisho.be\/es\/#organization","name":"Daisho","url":"https:\/\/www.daisho.be\/es\/","logo":{"@type":"ImageObject","inLanguage":"es","@id":"https:\/\/www.daisho.be\/es\/#\/schema\/logo\/image\/","url":"https:\/\/www.daisho.be\/wp-content\/uploads\/2019\/07\/color-nothing-horizontale4x-e1564486100247.png","contentUrl":"https:\/\/www.daisho.be\/wp-content\/uploads\/2019\/07\/color-nothing-horizontale4x-e1564486100247.png","width":1547,"height":385,"caption":"Daisho"},"image":{"@id":"https:\/\/www.daisho.be\/es\/#\/schema\/logo\/image\/"}}]}},"_links":{"self":[{"href":"https:\/\/www.daisho.be\/es\/wp-json\/wp\/v2\/product\/349651","targetHints":{"allow":["GET"]}}],"collection":[{"href":"https:\/\/www.daisho.be\/es\/wp-json\/wp\/v2\/product"}],"about":[{"href":"https:\/\/www.daisho.be\/es\/wp-json\/wp\/v2\/types\/product"}],"replies":[{"embeddable":true,"href":"https:\/\/www.daisho.be\/es\/wp-json\/wp\/v2\/comments?post=349651"}],"wp:featuredmedia":[{"embeddable":true,"href":"https:\/\/www.daisho.be\/es\/wp-json\/wp\/v2\/media\/337842"}],"wp:attachment":[{"href":"https:\/\/www.daisho.be\/es\/wp-json\/wp\/v2\/media?parent=349651"}],"wp:term":[{"taxonomy":"product_brand","embeddable":true,"href":"https:\/\/www.daisho.be\/es\/wp-json\/wp\/v2\/product_brand?post=349651"},{"taxonomy":"product_cat","embeddable":true,"href":"https:\/\/www.daisho.be\/es\/wp-json\/wp\/v2\/product_cat?post=349651"},{"taxonomy":"product_tag","embeddable":true,"href":"https:\/\/www.daisho.be\/es\/wp-json\/wp\/v2\/product_tag?post=349651"},{"taxonomy":"sport","embeddable":true,"href":"https:\/\/www.daisho.be\/es\/wp-json\/wp\/v2\/sport?post=349651"}],"curies":[{"name":"wp","href":"https:\/\/api.w.org\/{rel}","templated":true}]}}