{"id":349605,"date":"2021-09-14T09:01:12","date_gmt":"2021-09-14T07:01:12","guid":{"rendered":"https:\/\/www.daisho.be\/produit\/saco-de-boxeo-adidas-pro-safety-luxury-150h-diametro-35cm\/"},"modified":"2025-11-18T15:00:50","modified_gmt":"2025-11-18T14:00:50","slug":"saco-de-boxeo-adidas-pro-safety-luxury-150h-diametro-35cm","status":"publish","type":"product","link":"https:\/\/www.daisho.be\/es\/produit\/saco-de-boxeo-adidas-pro-safety-luxury-150h-diametro-35cm\/","title":{"rendered":"Saco de boxeo adidas Pro Safety Luxury 150H Di\u00e1metro 35cm"},"content":{"rendered":"<p>El saco de boxeo adidas Pro Safety de Luxe es un saco de boxeo con aspecto de piel, extremadamente robusto y duradero.<br \/>\nEste saco de boxeo se distingue por su relleno. Est\u00e1 fabricado con una capa de espuma de 10 cm de grosor que protege las manos y los pies y absorbe perfectamente los pu\u00f1etazos y las patadas. Esto hace que el saco de boxeo sea muy seguro. Los gr\u00e1nulos del n\u00facleo central garantizan el peso y el equilibrio correctos del saco de boxeo.    El Pro de Luxe es un saco de boxeo triple. La bolsa interior es de lona tejida recubierta de PVC, mientras que la exterior es de cuero artificial extragrueso reforzado con una gruesa capa de poliuretano PU. As\u00ed se ha creado una pared muy gruesa, por lo que el saco de boxeo conservar\u00e1 siempre su aspecto liso y elegante. Las correas reforzadas con anillas laterales para la suspensi\u00f3n tienen 4 capas de grosor. Todas las costuras del saco de boxeo est\u00e1n cosidas varias veces,<br \/>\nLos sacos de boxeo Pro Safety de Luxe se fabrican incluso en di\u00e1metros de 35, 40 y 45 cm.<br \/>\nVentajas:<br \/>\n&#8211; robusto y duradero<br \/>\n&#8211; para profesionales y aficionados<br \/>\n&#8211; muy buena capacidad de absorci\u00f3n<br \/>\n&#8211; pared de espuma con n\u00facleo granulado<br \/>\n&#8211; seguro para manos y pies<br \/>\n&#8211; aspecto aut\u00e9ntico    <\/p>\n","protected":false},"excerpt":{"rendered":"<p>El saco de boxeo adidas Pro Safety de Luxe es un saco de boxeo con aspecto de piel, extremadamente robusto y duradero. Este saco de boxeo se distingue por su relleno. Est\u00e1 fabricado con una capa de espuma de 10 cm de grosor que protege las manos y los pies y absorbe perfectamente los pu\u00f1etazos [&hellip;]<\/p>\n","protected":false},"featured_media":327466,"comment_status":"open","ping_status":"closed","template":"","meta":{"inline_featured_image":false},"product_brand":[],"product_cat":[1634,1632,1630,1633],"product_tag":[1560,2552],"sport":[],"class_list":{"0":"post-349605","1":"product","2":"type-product","3":"status-publish","4":"has-post-thumbnail","6":"product_cat-sacos-de-boxeo-y-accesorios-de-entrenamiento-es","7":"product_cat-sacos-de-boxeo-y-accesorios-de-entrenamiento","8":"product_cat-sacos-de-boxeo-y-accesorios-de-entrenamiento-de-karate","9":"product_cat-sacos-de-boxeo-y-accesorios-de-entrenamiento-de-taekwondo-adidas","10":"product_tag-adidas-es","11":"product_tag-cita","12":"product_shipping_class-productos-voluminosos","13":"pa_size-150-cm","15":"first","16":"instock","17":"taxable","18":"shipping-taxable","19":"purchasable","20":"product-type-variable"},"yoast_head":"<!-- This site is optimized with the Yoast SEO plugin v27.2 - https:\/\/yoast.com\/product\/yoast-seo-wordpress\/ -->\n<title>Saco de boxeo adidas Pro Safety Luxury 150H Di\u00e1metro 35cm &#8211; Daisho<\/title>\n<meta name=\"description\" content=\"Descubre el saco de boxeo que te ayudar\u00e1 a mejorar tu rendimiento. C\u00f3mpralo en nuestra web www.daisho.be|Daisho\" \/>\n<meta name=\"robots\" content=\"index, follow, max-snippet:-1, max-image-preview:large, max-video-preview:-1\" \/>\n<link rel=\"canonical\" href=\"https:\/\/www.daisho.be\/es\/produit\/saco-de-boxeo-adidas-pro-safety-luxury-150h-diametro-35cm\/\" \/>\n<meta property=\"og:locale\" content=\"es_ES\" \/>\n<meta property=\"og:type\" content=\"article\" \/>\n<meta property=\"og:title\" content=\"Saco de boxeo adidas Pro Safety Luxury 150H Di\u00e1metro 35cm &#8211; Daisho\" \/>\n<meta property=\"og:description\" content=\"Descubre el saco de boxeo que te ayudar\u00e1 a mejorar tu rendimiento. C\u00f3mpralo en nuestra web www.daisho.be|Daisho\" \/>\n<meta property=\"og:url\" content=\"https:\/\/www.daisho.be\/es\/produit\/saco-de-boxeo-adidas-pro-safety-luxury-150h-diametro-35cm\/\" \/>\n<meta property=\"og:site_name\" content=\"Daisho\" \/>\n<meta property=\"article:modified_time\" content=\"2025-11-18T14:00:50+00:00\" \/>\n<meta property=\"og:image\" content=\"https:\/\/www.daisho.be\/wp-content\/uploads\/2021\/09\/image-256.jpg\" \/>\n\t<meta property=\"og:image:width\" content=\"650\" \/>\n\t<meta property=\"og:image:height\" content=\"650\" \/>\n\t<meta property=\"og:image:type\" content=\"image\/jpeg\" \/>\n<meta name=\"twitter:card\" content=\"summary_large_image\" \/>\n<meta name=\"twitter:label1\" content=\"Tiempo de lectura\" \/>\n\t<meta name=\"twitter:data1\" content=\"1 minuto\" \/>\n<script type=\"application\/ld+json\" class=\"yoast-schema-graph\">{\"@context\":\"https:\/\/schema.org\",\"@graph\":[{\"@type\":\"WebPage\",\"@id\":\"https:\/\/www.daisho.be\/es\/produit\/saco-de-boxeo-adidas-pro-safety-luxury-150h-diametro-35cm\/\",\"url\":\"https:\/\/www.daisho.be\/es\/produit\/saco-de-boxeo-adidas-pro-safety-luxury-150h-diametro-35cm\/\",\"name\":\"Saco de boxeo adidas Pro Safety Luxury 150H Di\u00e1metro 35cm &#8211; Daisho\",\"isPartOf\":{\"@id\":\"https:\/\/www.daisho.be\/es\/#website\"},\"primaryImageOfPage\":{\"@id\":\"https:\/\/www.daisho.be\/es\/produit\/saco-de-boxeo-adidas-pro-safety-luxury-150h-diametro-35cm\/#primaryimage\"},\"image\":{\"@id\":\"https:\/\/www.daisho.be\/es\/produit\/saco-de-boxeo-adidas-pro-safety-luxury-150h-diametro-35cm\/#primaryimage\"},\"thumbnailUrl\":\"https:\/\/www.daisho.be\/wp-content\/uploads\/2021\/09\/image-256.jpg\",\"datePublished\":\"2021-09-14T07:01:12+00:00\",\"dateModified\":\"2025-11-18T14:00:50+00:00\",\"description\":\"Descubre el saco de boxeo que te ayudar\u00e1 a mejorar tu rendimiento. C\u00f3mpralo en nuestra web www.daisho.be|Daisho\",\"breadcrumb\":{\"@id\":\"https:\/\/www.daisho.be\/es\/produit\/saco-de-boxeo-adidas-pro-safety-luxury-150h-diametro-35cm\/#breadcrumb\"},\"inLanguage\":\"es\",\"potentialAction\":[{\"@type\":\"ReadAction\",\"target\":[\"https:\/\/www.daisho.be\/es\/produit\/saco-de-boxeo-adidas-pro-safety-luxury-150h-diametro-35cm\/\"]}]},{\"@type\":\"ImageObject\",\"inLanguage\":\"es\",\"@id\":\"https:\/\/www.daisho.be\/es\/produit\/saco-de-boxeo-adidas-pro-safety-luxury-150h-diametro-35cm\/#primaryimage\",\"url\":\"https:\/\/www.daisho.be\/wp-content\/uploads\/2021\/09\/image-256.jpg\",\"contentUrl\":\"https:\/\/www.daisho.be\/wp-content\/uploads\/2021\/09\/image-256.jpg\",\"width\":650,\"height\":650,\"caption\":\"Saco de boxeo adidas Pro Safety Luxury 150H Di\u00e1metro 35cm -1\"},{\"@type\":\"BreadcrumbList\",\"@id\":\"https:\/\/www.daisho.be\/es\/produit\/saco-de-boxeo-adidas-pro-safety-luxury-150h-diametro-35cm\/#breadcrumb\",\"itemListElement\":[{\"@type\":\"ListItem\",\"position\":1,\"name\":\"Accueil\",\"item\":\"https:\/\/www.daisho.be\/es\/\"},{\"@type\":\"ListItem\",\"position\":2,\"name\":\"Productos\",\"item\":\"https:\/\/www.daisho.be\/es\/productos\/\"},{\"@type\":\"ListItem\",\"position\":3,\"name\":\"ADIDAS COMBAT SPORTS\",\"item\":\"https:\/\/www.daisho.be\/es\/categorie-produit\/adidas-combat-sports-es\/\"},{\"@type\":\"ListItem\",\"position\":4,\"name\":\"Boxeo\",\"item\":\"https:\/\/www.daisho.be\/es\/categorie-produit\/adidas-combat-sports-es\/boxeo\/\"},{\"@type\":\"ListItem\",\"position\":5,\"name\":\"Sacos de boxeo y accesorios de entrenamiento\",\"item\":\"https:\/\/www.daisho.be\/es\/categorie-produit\/adidas-combat-sports-es\/boxeo\/sacos-de-boxeo-y-accesorios-de-entrenamiento-es\/\"},{\"@type\":\"ListItem\",\"position\":6,\"name\":\"Saco de boxeo adidas Pro Safety Luxury 150H Di\u00e1metro 35cm\"}]},{\"@type\":\"WebSite\",\"@id\":\"https:\/\/www.daisho.be\/es\/#website\",\"url\":\"https:\/\/www.daisho.be\/es\/\",\"name\":\"Daisho\",\"description\":\"Sp&eacute;cialiste de l'&eacute;quipement sportif d'arts martiaux\",\"publisher\":{\"@id\":\"https:\/\/www.daisho.be\/es\/#organization\"},\"potentialAction\":[{\"@type\":\"SearchAction\",\"target\":{\"@type\":\"EntryPoint\",\"urlTemplate\":\"https:\/\/www.daisho.be\/es\/?s={search_term_string}\"},\"query-input\":{\"@type\":\"PropertyValueSpecification\",\"valueRequired\":true,\"valueName\":\"search_term_string\"}}],\"inLanguage\":\"es\"},{\"@type\":\"Organization\",\"@id\":\"https:\/\/www.daisho.be\/es\/#organization\",\"name\":\"Daisho\",\"url\":\"https:\/\/www.daisho.be\/es\/\",\"logo\":{\"@type\":\"ImageObject\",\"inLanguage\":\"es\",\"@id\":\"https:\/\/www.daisho.be\/es\/#\/schema\/logo\/image\/\",\"url\":\"https:\/\/www.daisho.be\/wp-content\/uploads\/2019\/07\/color-nothing-horizontale4x-e1564486100247.png\",\"contentUrl\":\"https:\/\/www.daisho.be\/wp-content\/uploads\/2019\/07\/color-nothing-horizontale4x-e1564486100247.png\",\"width\":1547,\"height\":385,\"caption\":\"Daisho\"},\"image\":{\"@id\":\"https:\/\/www.daisho.be\/es\/#\/schema\/logo\/image\/\"}}]}<\/script>\n<!-- \/ Yoast SEO plugin. -->","yoast_head_json":{"title":"Saco de boxeo adidas Pro Safety Luxury 150H Di\u00e1metro 35cm &#8211; Daisho","description":"Descubre el saco de boxeo que te ayudar\u00e1 a mejorar tu rendimiento. C\u00f3mpralo en nuestra web www.daisho.be|Daisho","robots":{"index":"index","follow":"follow","max-snippet":"max-snippet:-1","max-image-preview":"max-image-preview:large","max-video-preview":"max-video-preview:-1"},"canonical":"https:\/\/www.daisho.be\/es\/produit\/saco-de-boxeo-adidas-pro-safety-luxury-150h-diametro-35cm\/","og_locale":"es_ES","og_type":"article","og_title":"Saco de boxeo adidas Pro Safety Luxury 150H Di\u00e1metro 35cm &#8211; Daisho","og_description":"Descubre el saco de boxeo que te ayudar\u00e1 a mejorar tu rendimiento. C\u00f3mpralo en nuestra web www.daisho.be|Daisho","og_url":"https:\/\/www.daisho.be\/es\/produit\/saco-de-boxeo-adidas-pro-safety-luxury-150h-diametro-35cm\/","og_site_name":"Daisho","article_modified_time":"2025-11-18T14:00:50+00:00","og_image":[{"width":650,"height":650,"url":"https:\/\/www.daisho.be\/wp-content\/uploads\/2021\/09\/image-256.jpg","type":"image\/jpeg"}],"twitter_card":"summary_large_image","twitter_misc":{"Tiempo de lectura":"1 minuto"},"schema":{"@context":"https:\/\/schema.org","@graph":[{"@type":"WebPage","@id":"https:\/\/www.daisho.be\/es\/produit\/saco-de-boxeo-adidas-pro-safety-luxury-150h-diametro-35cm\/","url":"https:\/\/www.daisho.be\/es\/produit\/saco-de-boxeo-adidas-pro-safety-luxury-150h-diametro-35cm\/","name":"Saco de boxeo adidas Pro Safety Luxury 150H Di\u00e1metro 35cm &#8211; Daisho","isPartOf":{"@id":"https:\/\/www.daisho.be\/es\/#website"},"primaryImageOfPage":{"@id":"https:\/\/www.daisho.be\/es\/produit\/saco-de-boxeo-adidas-pro-safety-luxury-150h-diametro-35cm\/#primaryimage"},"image":{"@id":"https:\/\/www.daisho.be\/es\/produit\/saco-de-boxeo-adidas-pro-safety-luxury-150h-diametro-35cm\/#primaryimage"},"thumbnailUrl":"https:\/\/www.daisho.be\/wp-content\/uploads\/2021\/09\/image-256.jpg","datePublished":"2021-09-14T07:01:12+00:00","dateModified":"2025-11-18T14:00:50+00:00","description":"Descubre el saco de boxeo que te ayudar\u00e1 a mejorar tu rendimiento. C\u00f3mpralo en nuestra web www.daisho.be|Daisho","breadcrumb":{"@id":"https:\/\/www.daisho.be\/es\/produit\/saco-de-boxeo-adidas-pro-safety-luxury-150h-diametro-35cm\/#breadcrumb"},"inLanguage":"es","potentialAction":[{"@type":"ReadAction","target":["https:\/\/www.daisho.be\/es\/produit\/saco-de-boxeo-adidas-pro-safety-luxury-150h-diametro-35cm\/"]}]},{"@type":"ImageObject","inLanguage":"es","@id":"https:\/\/www.daisho.be\/es\/produit\/saco-de-boxeo-adidas-pro-safety-luxury-150h-diametro-35cm\/#primaryimage","url":"https:\/\/www.daisho.be\/wp-content\/uploads\/2021\/09\/image-256.jpg","contentUrl":"https:\/\/www.daisho.be\/wp-content\/uploads\/2021\/09\/image-256.jpg","width":650,"height":650,"caption":"Saco de boxeo adidas Pro Safety Luxury 150H Di\u00e1metro 35cm -1"},{"@type":"BreadcrumbList","@id":"https:\/\/www.daisho.be\/es\/produit\/saco-de-boxeo-adidas-pro-safety-luxury-150h-diametro-35cm\/#breadcrumb","itemListElement":[{"@type":"ListItem","position":1,"name":"Accueil","item":"https:\/\/www.daisho.be\/es\/"},{"@type":"ListItem","position":2,"name":"Productos","item":"https:\/\/www.daisho.be\/es\/productos\/"},{"@type":"ListItem","position":3,"name":"ADIDAS COMBAT SPORTS","item":"https:\/\/www.daisho.be\/es\/categorie-produit\/adidas-combat-sports-es\/"},{"@type":"ListItem","position":4,"name":"Boxeo","item":"https:\/\/www.daisho.be\/es\/categorie-produit\/adidas-combat-sports-es\/boxeo\/"},{"@type":"ListItem","position":5,"name":"Sacos de boxeo y accesorios de entrenamiento","item":"https:\/\/www.daisho.be\/es\/categorie-produit\/adidas-combat-sports-es\/boxeo\/sacos-de-boxeo-y-accesorios-de-entrenamiento-es\/"},{"@type":"ListItem","position":6,"name":"Saco de boxeo adidas Pro Safety Luxury 150H Di\u00e1metro 35cm"}]},{"@type":"WebSite","@id":"https:\/\/www.daisho.be\/es\/#website","url":"https:\/\/www.daisho.be\/es\/","name":"Daisho","description":"Sp&eacute;cialiste de l'&eacute;quipement sportif d'arts martiaux","publisher":{"@id":"https:\/\/www.daisho.be\/es\/#organization"},"potentialAction":[{"@type":"SearchAction","target":{"@type":"EntryPoint","urlTemplate":"https:\/\/www.daisho.be\/es\/?s={search_term_string}"},"query-input":{"@type":"PropertyValueSpecification","valueRequired":true,"valueName":"search_term_string"}}],"inLanguage":"es"},{"@type":"Organization","@id":"https:\/\/www.daisho.be\/es\/#organization","name":"Daisho","url":"https:\/\/www.daisho.be\/es\/","logo":{"@type":"ImageObject","inLanguage":"es","@id":"https:\/\/www.daisho.be\/es\/#\/schema\/logo\/image\/","url":"https:\/\/www.daisho.be\/wp-content\/uploads\/2019\/07\/color-nothing-horizontale4x-e1564486100247.png","contentUrl":"https:\/\/www.daisho.be\/wp-content\/uploads\/2019\/07\/color-nothing-horizontale4x-e1564486100247.png","width":1547,"height":385,"caption":"Daisho"},"image":{"@id":"https:\/\/www.daisho.be\/es\/#\/schema\/logo\/image\/"}}]}},"_links":{"self":[{"href":"https:\/\/www.daisho.be\/es\/wp-json\/wp\/v2\/product\/349605","targetHints":{"allow":["GET"]}}],"collection":[{"href":"https:\/\/www.daisho.be\/es\/wp-json\/wp\/v2\/product"}],"about":[{"href":"https:\/\/www.daisho.be\/es\/wp-json\/wp\/v2\/types\/product"}],"replies":[{"embeddable":true,"href":"https:\/\/www.daisho.be\/es\/wp-json\/wp\/v2\/comments?post=349605"}],"wp:featuredmedia":[{"embeddable":true,"href":"https:\/\/www.daisho.be\/es\/wp-json\/wp\/v2\/media\/327466"}],"wp:attachment":[{"href":"https:\/\/www.daisho.be\/es\/wp-json\/wp\/v2\/media?parent=349605"}],"wp:term":[{"taxonomy":"product_brand","embeddable":true,"href":"https:\/\/www.daisho.be\/es\/wp-json\/wp\/v2\/product_brand?post=349605"},{"taxonomy":"product_cat","embeddable":true,"href":"https:\/\/www.daisho.be\/es\/wp-json\/wp\/v2\/product_cat?post=349605"},{"taxonomy":"product_tag","embeddable":true,"href":"https:\/\/www.daisho.be\/es\/wp-json\/wp\/v2\/product_tag?post=349605"},{"taxonomy":"sport","embeddable":true,"href":"https:\/\/www.daisho.be\/es\/wp-json\/wp\/v2\/sport?post=349605"}],"curies":[{"name":"wp","href":"https:\/\/api.w.org\/{rel}","templated":true}]}}