{"id":349511,"date":"2021-07-21T22:41:32","date_gmt":"2021-07-21T20:41:32","guid":{"rendered":"https:\/\/www.daisho.be\/produit\/protector-inguinal-shell-adidas-hombre\/"},"modified":"2025-10-09T14:13:10","modified_gmt":"2025-10-09T12:13:10","slug":"protector-inguinal-shell-adidas-hombre","status":"publish","type":"product","link":"https:\/\/www.daisho.be\/es\/produit\/protector-inguinal-shell-adidas-hombre\/","title":{"rendered":"Protector Inguinal \/ Shell Adidas Hombre"},"content":{"rendered":"<p>El protector inguinal adidas est\u00e1 fabricado con nailon, un ajuste actualizado y tecnolog\u00eda climacool que ofrece ventilaci\u00f3n adicional y control de la humedad.<br \/>\nEl protector inguinal est\u00e1 homologado por la CE, por lo que cumple todos los requisitos de seguridad europeos.<\/p>\n<p>Ventajas:<br \/>\n&#8211; resistente y duradero<br \/>\n&#8211; homologado por la CE<br \/>\n&#8211; m\u00e1xima protecci\u00f3n<br \/>\n&#8211; Climacool<\/p>\n","protected":false},"excerpt":{"rendered":"<p>El protector inguinal adidas est\u00e1 fabricado con nailon, un ajuste actualizado y tecnolog\u00eda climacool que ofrece ventilaci\u00f3n adicional y control de la humedad. El protector inguinal est\u00e1 homologado por la CE, por lo que cumple todos los requisitos de seguridad europeos. Ventajas: &#8211; resistente y duradero &#8211; homologado por la CE &#8211; m\u00e1xima protecci\u00f3n &#8211; [&hellip;]<\/p>\n","protected":false},"featured_media":340608,"comment_status":"open","ping_status":"closed","template":"","meta":{"inline_featured_image":false},"product_brand":[],"product_cat":[1363,1361,1596,1572],"product_tag":[1560],"sport":[],"class_list":{"0":"post-349511","1":"product","2":"type-product","3":"status-publish","4":"has-post-thumbnail","6":"product_cat-proteccion-del-karate","7":"product_cat-protecciones","8":"product_cat-protectores-de-boxeo-adidas","9":"product_cat-protectores-de-karate-adidas","10":"product_tag-adidas-es","11":"pa_size-l","12":"pa_size-m","13":"pa_size-s","14":"pa_size-xl","15":"pa_size-xs","17":"first","18":"instock","19":"taxable","20":"shipping-taxable","21":"purchasable","22":"product-type-variable"},"yoast_head":"<!-- This site is optimized with the Yoast SEO plugin v27.2 - https:\/\/yoast.com\/product\/yoast-seo-wordpress\/ -->\n<title>Protector Inguinal \/ Shell Adidas Hombre &#8211; Daisho<\/title>\n<meta name=\"description\" content=\"Descubre la protecci\u00f3n contra el odio para hombre con homologaci\u00f3n CE que cumple todos los requisitos de seguridad. C\u00f3mpralo en nuestra web www.daisho.be|Daisho\" \/>\n<meta name=\"robots\" content=\"index, follow, max-snippet:-1, max-image-preview:large, max-video-preview:-1\" \/>\n<link rel=\"canonical\" href=\"https:\/\/www.daisho.be\/es\/produit\/protector-inguinal-shell-adidas-hombre\/\" \/>\n<meta property=\"og:locale\" content=\"es_ES\" \/>\n<meta property=\"og:type\" content=\"article\" \/>\n<meta property=\"og:title\" content=\"Protector Inguinal \/ Shell Adidas Hombre &#8211; Daisho\" \/>\n<meta property=\"og:description\" content=\"Descubre la protecci\u00f3n contra el odio para hombre con homologaci\u00f3n CE que cumple todos los requisitos de seguridad. C\u00f3mpralo en nuestra web www.daisho.be|Daisho\" \/>\n<meta property=\"og:url\" content=\"https:\/\/www.daisho.be\/es\/produit\/protector-inguinal-shell-adidas-hombre\/\" \/>\n<meta property=\"og:site_name\" content=\"Daisho\" \/>\n<meta property=\"article:modified_time\" content=\"2025-10-09T12:13:10+00:00\" \/>\n<meta property=\"og:image\" content=\"https:\/\/www.daisho.be\/wp-content\/uploads\/2024\/01\/image-138.jpg\" \/>\n\t<meta property=\"og:image:width\" content=\"650\" \/>\n\t<meta property=\"og:image:height\" content=\"649\" \/>\n\t<meta property=\"og:image:type\" content=\"image\/jpeg\" \/>\n<meta name=\"twitter:card\" content=\"summary_large_image\" \/>\n<script type=\"application\/ld+json\" class=\"yoast-schema-graph\">{\"@context\":\"https:\/\/schema.org\",\"@graph\":[{\"@type\":\"WebPage\",\"@id\":\"https:\/\/www.daisho.be\/es\/produit\/protector-inguinal-shell-adidas-hombre\/\",\"url\":\"https:\/\/www.daisho.be\/es\/produit\/protector-inguinal-shell-adidas-hombre\/\",\"name\":\"Protector Inguinal \/ Shell Adidas Hombre &#8211; Daisho\",\"isPartOf\":{\"@id\":\"https:\/\/www.daisho.be\/es\/#website\"},\"primaryImageOfPage\":{\"@id\":\"https:\/\/www.daisho.be\/es\/produit\/protector-inguinal-shell-adidas-hombre\/#primaryimage\"},\"image\":{\"@id\":\"https:\/\/www.daisho.be\/es\/produit\/protector-inguinal-shell-adidas-hombre\/#primaryimage\"},\"thumbnailUrl\":\"https:\/\/www.daisho.be\/wp-content\/uploads\/2024\/01\/image-138.jpg\",\"datePublished\":\"2021-07-21T20:41:32+00:00\",\"dateModified\":\"2025-10-09T12:13:10+00:00\",\"description\":\"Descubre la protecci\u00f3n contra el odio para hombre con homologaci\u00f3n CE que cumple todos los requisitos de seguridad. C\u00f3mpralo en nuestra web www.daisho.be|Daisho\",\"breadcrumb\":{\"@id\":\"https:\/\/www.daisho.be\/es\/produit\/protector-inguinal-shell-adidas-hombre\/#breadcrumb\"},\"inLanguage\":\"es\",\"potentialAction\":[{\"@type\":\"ReadAction\",\"target\":[\"https:\/\/www.daisho.be\/es\/produit\/protector-inguinal-shell-adidas-hombre\/\"]}]},{\"@type\":\"ImageObject\",\"inLanguage\":\"es\",\"@id\":\"https:\/\/www.daisho.be\/es\/produit\/protector-inguinal-shell-adidas-hombre\/#primaryimage\",\"url\":\"https:\/\/www.daisho.be\/wp-content\/uploads\/2024\/01\/image-138.jpg\",\"contentUrl\":\"https:\/\/www.daisho.be\/wp-content\/uploads\/2024\/01\/image-138.jpg\",\"width\":650,\"height\":649,\"caption\":\"Protector inguinal para hombre Adidas\/shell-1\"},{\"@type\":\"BreadcrumbList\",\"@id\":\"https:\/\/www.daisho.be\/es\/produit\/protector-inguinal-shell-adidas-hombre\/#breadcrumb\",\"itemListElement\":[{\"@type\":\"ListItem\",\"position\":1,\"name\":\"Accueil\",\"item\":\"https:\/\/www.daisho.be\/es\/\"},{\"@type\":\"ListItem\",\"position\":2,\"name\":\"Productos\",\"item\":\"https:\/\/www.daisho.be\/es\/productos\/\"},{\"@type\":\"ListItem\",\"position\":3,\"name\":\"Equipamiento y ropa para artes marciales y deportes de combate\",\"item\":\"https:\/\/www.daisho.be\/es\/categorie-produit\/equipamiento-y-ropa-para-artes-marciales-y-deportes-de-combate\/\"},{\"@type\":\"ListItem\",\"position\":4,\"name\":\"Karate\",\"item\":\"https:\/\/www.daisho.be\/es\/categorie-produit\/equipamiento-y-ropa-para-artes-marciales-y-deportes-de-combate\/karate-es-2\/\"},{\"@type\":\"ListItem\",\"position\":5,\"name\":\"Protecci\u00f3n del k\u00e1rate\",\"item\":\"https:\/\/www.daisho.be\/es\/categorie-produit\/equipamiento-y-ropa-para-artes-marciales-y-deportes-de-combate\/karate-es-2\/proteccion-del-karate\/\"},{\"@type\":\"ListItem\",\"position\":6,\"name\":\"Protector Inguinal \/ Shell Adidas Hombre\"}]},{\"@type\":\"WebSite\",\"@id\":\"https:\/\/www.daisho.be\/es\/#website\",\"url\":\"https:\/\/www.daisho.be\/es\/\",\"name\":\"Daisho\",\"description\":\"Sp&eacute;cialiste de l'&eacute;quipement sportif d'arts martiaux\",\"publisher\":{\"@id\":\"https:\/\/www.daisho.be\/es\/#organization\"},\"potentialAction\":[{\"@type\":\"SearchAction\",\"target\":{\"@type\":\"EntryPoint\",\"urlTemplate\":\"https:\/\/www.daisho.be\/es\/?s={search_term_string}\"},\"query-input\":{\"@type\":\"PropertyValueSpecification\",\"valueRequired\":true,\"valueName\":\"search_term_string\"}}],\"inLanguage\":\"es\"},{\"@type\":\"Organization\",\"@id\":\"https:\/\/www.daisho.be\/es\/#organization\",\"name\":\"Daisho\",\"url\":\"https:\/\/www.daisho.be\/es\/\",\"logo\":{\"@type\":\"ImageObject\",\"inLanguage\":\"es\",\"@id\":\"https:\/\/www.daisho.be\/es\/#\/schema\/logo\/image\/\",\"url\":\"https:\/\/www.daisho.be\/wp-content\/uploads\/2019\/07\/color-nothing-horizontale4x-e1564486100247.png\",\"contentUrl\":\"https:\/\/www.daisho.be\/wp-content\/uploads\/2019\/07\/color-nothing-horizontale4x-e1564486100247.png\",\"width\":1547,\"height\":385,\"caption\":\"Daisho\"},\"image\":{\"@id\":\"https:\/\/www.daisho.be\/es\/#\/schema\/logo\/image\/\"}}]}<\/script>\n<!-- \/ Yoast SEO plugin. -->","yoast_head_json":{"title":"Protector Inguinal \/ Shell Adidas Hombre &#8211; Daisho","description":"Descubre la protecci\u00f3n contra el odio para hombre con homologaci\u00f3n CE que cumple todos los requisitos de seguridad. C\u00f3mpralo en nuestra web www.daisho.be|Daisho","robots":{"index":"index","follow":"follow","max-snippet":"max-snippet:-1","max-image-preview":"max-image-preview:large","max-video-preview":"max-video-preview:-1"},"canonical":"https:\/\/www.daisho.be\/es\/produit\/protector-inguinal-shell-adidas-hombre\/","og_locale":"es_ES","og_type":"article","og_title":"Protector Inguinal \/ Shell Adidas Hombre &#8211; Daisho","og_description":"Descubre la protecci\u00f3n contra el odio para hombre con homologaci\u00f3n CE que cumple todos los requisitos de seguridad. C\u00f3mpralo en nuestra web www.daisho.be|Daisho","og_url":"https:\/\/www.daisho.be\/es\/produit\/protector-inguinal-shell-adidas-hombre\/","og_site_name":"Daisho","article_modified_time":"2025-10-09T12:13:10+00:00","og_image":[{"width":650,"height":649,"url":"https:\/\/www.daisho.be\/wp-content\/uploads\/2024\/01\/image-138.jpg","type":"image\/jpeg"}],"twitter_card":"summary_large_image","schema":{"@context":"https:\/\/schema.org","@graph":[{"@type":"WebPage","@id":"https:\/\/www.daisho.be\/es\/produit\/protector-inguinal-shell-adidas-hombre\/","url":"https:\/\/www.daisho.be\/es\/produit\/protector-inguinal-shell-adidas-hombre\/","name":"Protector Inguinal \/ Shell Adidas Hombre &#8211; Daisho","isPartOf":{"@id":"https:\/\/www.daisho.be\/es\/#website"},"primaryImageOfPage":{"@id":"https:\/\/www.daisho.be\/es\/produit\/protector-inguinal-shell-adidas-hombre\/#primaryimage"},"image":{"@id":"https:\/\/www.daisho.be\/es\/produit\/protector-inguinal-shell-adidas-hombre\/#primaryimage"},"thumbnailUrl":"https:\/\/www.daisho.be\/wp-content\/uploads\/2024\/01\/image-138.jpg","datePublished":"2021-07-21T20:41:32+00:00","dateModified":"2025-10-09T12:13:10+00:00","description":"Descubre la protecci\u00f3n contra el odio para hombre con homologaci\u00f3n CE que cumple todos los requisitos de seguridad. C\u00f3mpralo en nuestra web www.daisho.be|Daisho","breadcrumb":{"@id":"https:\/\/www.daisho.be\/es\/produit\/protector-inguinal-shell-adidas-hombre\/#breadcrumb"},"inLanguage":"es","potentialAction":[{"@type":"ReadAction","target":["https:\/\/www.daisho.be\/es\/produit\/protector-inguinal-shell-adidas-hombre\/"]}]},{"@type":"ImageObject","inLanguage":"es","@id":"https:\/\/www.daisho.be\/es\/produit\/protector-inguinal-shell-adidas-hombre\/#primaryimage","url":"https:\/\/www.daisho.be\/wp-content\/uploads\/2024\/01\/image-138.jpg","contentUrl":"https:\/\/www.daisho.be\/wp-content\/uploads\/2024\/01\/image-138.jpg","width":650,"height":649,"caption":"Protector inguinal para hombre Adidas\/shell-1"},{"@type":"BreadcrumbList","@id":"https:\/\/www.daisho.be\/es\/produit\/protector-inguinal-shell-adidas-hombre\/#breadcrumb","itemListElement":[{"@type":"ListItem","position":1,"name":"Accueil","item":"https:\/\/www.daisho.be\/es\/"},{"@type":"ListItem","position":2,"name":"Productos","item":"https:\/\/www.daisho.be\/es\/productos\/"},{"@type":"ListItem","position":3,"name":"Equipamiento y ropa para artes marciales y deportes de combate","item":"https:\/\/www.daisho.be\/es\/categorie-produit\/equipamiento-y-ropa-para-artes-marciales-y-deportes-de-combate\/"},{"@type":"ListItem","position":4,"name":"Karate","item":"https:\/\/www.daisho.be\/es\/categorie-produit\/equipamiento-y-ropa-para-artes-marciales-y-deportes-de-combate\/karate-es-2\/"},{"@type":"ListItem","position":5,"name":"Protecci\u00f3n del k\u00e1rate","item":"https:\/\/www.daisho.be\/es\/categorie-produit\/equipamiento-y-ropa-para-artes-marciales-y-deportes-de-combate\/karate-es-2\/proteccion-del-karate\/"},{"@type":"ListItem","position":6,"name":"Protector Inguinal \/ Shell Adidas Hombre"}]},{"@type":"WebSite","@id":"https:\/\/www.daisho.be\/es\/#website","url":"https:\/\/www.daisho.be\/es\/","name":"Daisho","description":"Sp&eacute;cialiste de l'&eacute;quipement sportif d'arts martiaux","publisher":{"@id":"https:\/\/www.daisho.be\/es\/#organization"},"potentialAction":[{"@type":"SearchAction","target":{"@type":"EntryPoint","urlTemplate":"https:\/\/www.daisho.be\/es\/?s={search_term_string}"},"query-input":{"@type":"PropertyValueSpecification","valueRequired":true,"valueName":"search_term_string"}}],"inLanguage":"es"},{"@type":"Organization","@id":"https:\/\/www.daisho.be\/es\/#organization","name":"Daisho","url":"https:\/\/www.daisho.be\/es\/","logo":{"@type":"ImageObject","inLanguage":"es","@id":"https:\/\/www.daisho.be\/es\/#\/schema\/logo\/image\/","url":"https:\/\/www.daisho.be\/wp-content\/uploads\/2019\/07\/color-nothing-horizontale4x-e1564486100247.png","contentUrl":"https:\/\/www.daisho.be\/wp-content\/uploads\/2019\/07\/color-nothing-horizontale4x-e1564486100247.png","width":1547,"height":385,"caption":"Daisho"},"image":{"@id":"https:\/\/www.daisho.be\/es\/#\/schema\/logo\/image\/"}}]}},"_links":{"self":[{"href":"https:\/\/www.daisho.be\/es\/wp-json\/wp\/v2\/product\/349511","targetHints":{"allow":["GET"]}}],"collection":[{"href":"https:\/\/www.daisho.be\/es\/wp-json\/wp\/v2\/product"}],"about":[{"href":"https:\/\/www.daisho.be\/es\/wp-json\/wp\/v2\/types\/product"}],"replies":[{"embeddable":true,"href":"https:\/\/www.daisho.be\/es\/wp-json\/wp\/v2\/comments?post=349511"}],"wp:featuredmedia":[{"embeddable":true,"href":"https:\/\/www.daisho.be\/es\/wp-json\/wp\/v2\/media\/340608"}],"wp:attachment":[{"href":"https:\/\/www.daisho.be\/es\/wp-json\/wp\/v2\/media?parent=349511"}],"wp:term":[{"taxonomy":"product_brand","embeddable":true,"href":"https:\/\/www.daisho.be\/es\/wp-json\/wp\/v2\/product_brand?post=349511"},{"taxonomy":"product_cat","embeddable":true,"href":"https:\/\/www.daisho.be\/es\/wp-json\/wp\/v2\/product_cat?post=349511"},{"taxonomy":"product_tag","embeddable":true,"href":"https:\/\/www.daisho.be\/es\/wp-json\/wp\/v2\/product_tag?post=349511"},{"taxonomy":"sport","embeddable":true,"href":"https:\/\/www.daisho.be\/es\/wp-json\/wp\/v2\/sport?post=349511"}],"curies":[{"name":"wp","href":"https:\/\/api.w.org\/{rel}","templated":true}]}}