{"id":349317,"date":"2021-07-18T12:23:56","date_gmt":"2021-07-18T10:23:56","guid":{"rendered":"https:\/\/www.daisho.be\/produit\/adidas-kick-pad-standard-curvo\/"},"modified":"2025-10-09T14:15:40","modified_gmt":"2025-10-09T12:15:40","slug":"adidas-kick-pad-standard-curvo","status":"publish","type":"product","link":"https:\/\/www.daisho.be\/es\/produit\/adidas-kick-pad-standard-curvo\/","title":{"rendered":"adidas Kick Pad Standard Curvo"},"content":{"rendered":"<p>Este escudo o pao est\u00e1 hecho de cuero artificial muy resistente y duradero.<br \/>\nLas correas de nailon se fijan en la parte posterior para sujetar la almohadilla en su sitio.<br \/>\nEl acolchado est\u00e1 hecho de espuma de poli\u00e9ter extrafuerte de 1,2 kg, que garantiza que el coj\u00edn de patada no cree vac\u00edo, sino que reduzca al m\u00ednimo las patadas y los pu\u00f1etazos.<br \/>\nComo la almohadilla de patada es curva, es m\u00e1s f\u00e1cil absorber patadas y pu\u00f1etazos.<br \/>\nTambi\u00e9n hay orificios de ventilaci\u00f3n para que el aire expulsado por el coj\u00edn pueda salir correctamente y el coj\u00edn no se rompa.<br \/>\nTodo esto junto hace que el entrenamiento sea muy c\u00f3modo.<br \/>\nEste coj\u00edn de patadas es ideal para practicar tus pu\u00f1etazos y patadas, ya sea del lado de tu entrenador o de tu compa\u00f1ero de entrenamiento.<br \/>\nAcabado con cremallera en la parte inferior.<br \/>\nEste pao o escudo de golpeo es adecuado para todos los artistas marciales, tanto entrenadores como alumnos.<\/p>\n<p>Ventajas:<br \/>\n&#8211; robusto y duradero<br \/>\n&#8211; para profesionales y aficionados<br \/>\n&#8211; buena capacidad de absorci\u00f3n<br \/>\n&#8211; seguro para manos y pies<br \/>\n&#8211; buen ajuste gracias a las correas resistentes<br \/>\n&#8211; forma curvada<\/p>\n<p>Dimensiones: 75 x 35 x 15 cm<br \/>\nPeso: 1,2 kg<\/p>\n","protected":false},"excerpt":{"rendered":"<p>Este escudo o pao est\u00e1 hecho de cuero artificial muy resistente y duradero. Las correas de nailon se fijan en la parte posterior para sujetar la almohadilla en su sitio. El acolchado est\u00e1 hecho de espuma de poli\u00e9ter extrafuerte de 1,2 kg, que garantiza que el coj\u00edn de patada no cree vac\u00edo, sino que reduzca [&hellip;]<\/p>\n","protected":false},"featured_media":507541,"comment_status":"open","ping_status":"closed","template":"","meta":{"inline_featured_image":false},"product_brand":[],"product_cat":[1632,1634,1630,1633],"product_tag":[1560],"sport":[],"class_list":{"0":"post-349317","1":"product","2":"type-product","3":"status-publish","4":"has-post-thumbnail","6":"product_cat-sacos-de-boxeo-y-accesorios-de-entrenamiento","7":"product_cat-sacos-de-boxeo-y-accesorios-de-entrenamiento-es","8":"product_cat-sacos-de-boxeo-y-accesorios-de-entrenamiento-de-karate","9":"product_cat-sacos-de-boxeo-y-accesorios-de-entrenamiento-de-taekwondo-adidas","10":"product_tag-adidas-es","11":"pa_size-sans-taille-defaut","13":"first","14":"instock","15":"taxable","16":"shipping-taxable","17":"purchasable","18":"product-type-simple"},"yoast_head":"<!-- This site is optimized with the Yoast SEO plugin v27.2 - https:\/\/yoast.com\/product\/yoast-seo-wordpress\/ -->\n<title>adidas Kick Pad Standard Curvo &#8211; Daisho<\/title>\n<meta name=\"description\" content=\"La almohadilla para patadas est\u00e1 especialmente dise\u00f1ada para mejorar tu entrenamiento de puntos y patadas. C\u00f3mpralo en www.daisho.be|Daisho\" \/>\n<meta name=\"robots\" content=\"index, follow, max-snippet:-1, max-image-preview:large, max-video-preview:-1\" \/>\n<link rel=\"canonical\" href=\"https:\/\/www.daisho.be\/es\/produit\/adidas-kick-pad-standard-curvo\/\" \/>\n<meta property=\"og:locale\" content=\"es_ES\" \/>\n<meta property=\"og:type\" content=\"article\" \/>\n<meta property=\"og:title\" content=\"adidas Kick Pad Standard Curvo &#8211; Daisho\" \/>\n<meta property=\"og:description\" content=\"La almohadilla para patadas est\u00e1 especialmente dise\u00f1ada para mejorar tu entrenamiento de puntos y patadas. C\u00f3mpralo en www.daisho.be|Daisho\" \/>\n<meta property=\"og:url\" content=\"https:\/\/www.daisho.be\/es\/produit\/adidas-kick-pad-standard-curvo\/\" \/>\n<meta property=\"og:site_name\" content=\"Daisho\" \/>\n<meta property=\"article:modified_time\" content=\"2025-10-09T12:15:40+00:00\" \/>\n<meta property=\"og:image\" content=\"https:\/\/www.daisho.be\/wp-content\/uploads\/2025\/03\/image-11.png\" \/>\n\t<meta property=\"og:image:width\" content=\"650\" \/>\n\t<meta property=\"og:image:height\" content=\"650\" \/>\n\t<meta property=\"og:image:type\" content=\"image\/png\" \/>\n<meta name=\"twitter:card\" content=\"summary_large_image\" \/>\n<meta name=\"twitter:label1\" content=\"Tiempo de lectura\" \/>\n\t<meta name=\"twitter:data1\" content=\"1 minuto\" \/>\n<script type=\"application\/ld+json\" class=\"yoast-schema-graph\">{\"@context\":\"https:\/\/schema.org\",\"@graph\":[{\"@type\":\"WebPage\",\"@id\":\"https:\/\/www.daisho.be\/es\/produit\/adidas-kick-pad-standard-curvo\/\",\"url\":\"https:\/\/www.daisho.be\/es\/produit\/adidas-kick-pad-standard-curvo\/\",\"name\":\"adidas Kick Pad Standard Curvo &#8211; Daisho\",\"isPartOf\":{\"@id\":\"https:\/\/www.daisho.be\/es\/#website\"},\"primaryImageOfPage\":{\"@id\":\"https:\/\/www.daisho.be\/es\/produit\/adidas-kick-pad-standard-curvo\/#primaryimage\"},\"image\":{\"@id\":\"https:\/\/www.daisho.be\/es\/produit\/adidas-kick-pad-standard-curvo\/#primaryimage\"},\"thumbnailUrl\":\"https:\/\/www.daisho.be\/wp-content\/uploads\/2025\/03\/image-11.png\",\"datePublished\":\"2021-07-18T10:23:56+00:00\",\"dateModified\":\"2025-10-09T12:15:40+00:00\",\"description\":\"La almohadilla para patadas est\u00e1 especialmente dise\u00f1ada para mejorar tu entrenamiento de puntos y patadas. C\u00f3mpralo en www.daisho.be|Daisho\",\"breadcrumb\":{\"@id\":\"https:\/\/www.daisho.be\/es\/produit\/adidas-kick-pad-standard-curvo\/#breadcrumb\"},\"inLanguage\":\"es\",\"potentialAction\":[{\"@type\":\"ReadAction\",\"target\":[\"https:\/\/www.daisho.be\/es\/produit\/adidas-kick-pad-standard-curvo\/\"]}]},{\"@type\":\"ImageObject\",\"inLanguage\":\"es\",\"@id\":\"https:\/\/www.daisho.be\/es\/produit\/adidas-kick-pad-standard-curvo\/#primaryimage\",\"url\":\"https:\/\/www.daisho.be\/wp-content\/uploads\/2025\/03\/image-11.png\",\"contentUrl\":\"https:\/\/www.daisho.be\/wp-content\/uploads\/2025\/03\/image-11.png\",\"width\":650,\"height\":650,\"caption\":\"adidas Kick Pad Standard Curved-1\"},{\"@type\":\"BreadcrumbList\",\"@id\":\"https:\/\/www.daisho.be\/es\/produit\/adidas-kick-pad-standard-curvo\/#breadcrumb\",\"itemListElement\":[{\"@type\":\"ListItem\",\"position\":1,\"name\":\"Accueil\",\"item\":\"https:\/\/www.daisho.be\/es\/\"},{\"@type\":\"ListItem\",\"position\":2,\"name\":\"Productos\",\"item\":\"https:\/\/www.daisho.be\/es\/productos\/\"},{\"@type\":\"ListItem\",\"position\":3,\"name\":\"ADIDAS COMBAT SPORTS\",\"item\":\"https:\/\/www.daisho.be\/es\/categorie-produit\/adidas-combat-sports-es\/\"},{\"@type\":\"ListItem\",\"position\":4,\"name\":\"Boxeo\",\"item\":\"https:\/\/www.daisho.be\/es\/categorie-produit\/adidas-combat-sports-es\/boxeo\/\"},{\"@type\":\"ListItem\",\"position\":5,\"name\":\"Sacos de boxeo y accesorios de entrenamiento\",\"item\":\"https:\/\/www.daisho.be\/es\/categorie-produit\/adidas-combat-sports-es\/boxeo\/sacos-de-boxeo-y-accesorios-de-entrenamiento-es\/\"},{\"@type\":\"ListItem\",\"position\":6,\"name\":\"adidas Kick Pad Standard Curvo\"}]},{\"@type\":\"WebSite\",\"@id\":\"https:\/\/www.daisho.be\/es\/#website\",\"url\":\"https:\/\/www.daisho.be\/es\/\",\"name\":\"Daisho\",\"description\":\"Sp&eacute;cialiste de l'&eacute;quipement sportif d'arts martiaux\",\"publisher\":{\"@id\":\"https:\/\/www.daisho.be\/es\/#organization\"},\"potentialAction\":[{\"@type\":\"SearchAction\",\"target\":{\"@type\":\"EntryPoint\",\"urlTemplate\":\"https:\/\/www.daisho.be\/es\/?s={search_term_string}\"},\"query-input\":{\"@type\":\"PropertyValueSpecification\",\"valueRequired\":true,\"valueName\":\"search_term_string\"}}],\"inLanguage\":\"es\"},{\"@type\":\"Organization\",\"@id\":\"https:\/\/www.daisho.be\/es\/#organization\",\"name\":\"Daisho\",\"url\":\"https:\/\/www.daisho.be\/es\/\",\"logo\":{\"@type\":\"ImageObject\",\"inLanguage\":\"es\",\"@id\":\"https:\/\/www.daisho.be\/es\/#\/schema\/logo\/image\/\",\"url\":\"https:\/\/www.daisho.be\/wp-content\/uploads\/2019\/07\/color-nothing-horizontale4x-e1564486100247.png\",\"contentUrl\":\"https:\/\/www.daisho.be\/wp-content\/uploads\/2019\/07\/color-nothing-horizontale4x-e1564486100247.png\",\"width\":1547,\"height\":385,\"caption\":\"Daisho\"},\"image\":{\"@id\":\"https:\/\/www.daisho.be\/es\/#\/schema\/logo\/image\/\"}}]}<\/script>\n<!-- \/ Yoast SEO plugin. -->","yoast_head_json":{"title":"adidas Kick Pad Standard Curvo &#8211; Daisho","description":"La almohadilla para patadas est\u00e1 especialmente dise\u00f1ada para mejorar tu entrenamiento de puntos y patadas. C\u00f3mpralo en www.daisho.be|Daisho","robots":{"index":"index","follow":"follow","max-snippet":"max-snippet:-1","max-image-preview":"max-image-preview:large","max-video-preview":"max-video-preview:-1"},"canonical":"https:\/\/www.daisho.be\/es\/produit\/adidas-kick-pad-standard-curvo\/","og_locale":"es_ES","og_type":"article","og_title":"adidas Kick Pad Standard Curvo &#8211; Daisho","og_description":"La almohadilla para patadas est\u00e1 especialmente dise\u00f1ada para mejorar tu entrenamiento de puntos y patadas. C\u00f3mpralo en www.daisho.be|Daisho","og_url":"https:\/\/www.daisho.be\/es\/produit\/adidas-kick-pad-standard-curvo\/","og_site_name":"Daisho","article_modified_time":"2025-10-09T12:15:40+00:00","og_image":[{"width":650,"height":650,"url":"https:\/\/www.daisho.be\/wp-content\/uploads\/2025\/03\/image-11.png","type":"image\/png"}],"twitter_card":"summary_large_image","twitter_misc":{"Tiempo de lectura":"1 minuto"},"schema":{"@context":"https:\/\/schema.org","@graph":[{"@type":"WebPage","@id":"https:\/\/www.daisho.be\/es\/produit\/adidas-kick-pad-standard-curvo\/","url":"https:\/\/www.daisho.be\/es\/produit\/adidas-kick-pad-standard-curvo\/","name":"adidas Kick Pad Standard Curvo &#8211; Daisho","isPartOf":{"@id":"https:\/\/www.daisho.be\/es\/#website"},"primaryImageOfPage":{"@id":"https:\/\/www.daisho.be\/es\/produit\/adidas-kick-pad-standard-curvo\/#primaryimage"},"image":{"@id":"https:\/\/www.daisho.be\/es\/produit\/adidas-kick-pad-standard-curvo\/#primaryimage"},"thumbnailUrl":"https:\/\/www.daisho.be\/wp-content\/uploads\/2025\/03\/image-11.png","datePublished":"2021-07-18T10:23:56+00:00","dateModified":"2025-10-09T12:15:40+00:00","description":"La almohadilla para patadas est\u00e1 especialmente dise\u00f1ada para mejorar tu entrenamiento de puntos y patadas. C\u00f3mpralo en www.daisho.be|Daisho","breadcrumb":{"@id":"https:\/\/www.daisho.be\/es\/produit\/adidas-kick-pad-standard-curvo\/#breadcrumb"},"inLanguage":"es","potentialAction":[{"@type":"ReadAction","target":["https:\/\/www.daisho.be\/es\/produit\/adidas-kick-pad-standard-curvo\/"]}]},{"@type":"ImageObject","inLanguage":"es","@id":"https:\/\/www.daisho.be\/es\/produit\/adidas-kick-pad-standard-curvo\/#primaryimage","url":"https:\/\/www.daisho.be\/wp-content\/uploads\/2025\/03\/image-11.png","contentUrl":"https:\/\/www.daisho.be\/wp-content\/uploads\/2025\/03\/image-11.png","width":650,"height":650,"caption":"adidas Kick Pad Standard Curved-1"},{"@type":"BreadcrumbList","@id":"https:\/\/www.daisho.be\/es\/produit\/adidas-kick-pad-standard-curvo\/#breadcrumb","itemListElement":[{"@type":"ListItem","position":1,"name":"Accueil","item":"https:\/\/www.daisho.be\/es\/"},{"@type":"ListItem","position":2,"name":"Productos","item":"https:\/\/www.daisho.be\/es\/productos\/"},{"@type":"ListItem","position":3,"name":"ADIDAS COMBAT SPORTS","item":"https:\/\/www.daisho.be\/es\/categorie-produit\/adidas-combat-sports-es\/"},{"@type":"ListItem","position":4,"name":"Boxeo","item":"https:\/\/www.daisho.be\/es\/categorie-produit\/adidas-combat-sports-es\/boxeo\/"},{"@type":"ListItem","position":5,"name":"Sacos de boxeo y accesorios de entrenamiento","item":"https:\/\/www.daisho.be\/es\/categorie-produit\/adidas-combat-sports-es\/boxeo\/sacos-de-boxeo-y-accesorios-de-entrenamiento-es\/"},{"@type":"ListItem","position":6,"name":"adidas Kick Pad Standard Curvo"}]},{"@type":"WebSite","@id":"https:\/\/www.daisho.be\/es\/#website","url":"https:\/\/www.daisho.be\/es\/","name":"Daisho","description":"Sp&eacute;cialiste de l'&eacute;quipement sportif d'arts martiaux","publisher":{"@id":"https:\/\/www.daisho.be\/es\/#organization"},"potentialAction":[{"@type":"SearchAction","target":{"@type":"EntryPoint","urlTemplate":"https:\/\/www.daisho.be\/es\/?s={search_term_string}"},"query-input":{"@type":"PropertyValueSpecification","valueRequired":true,"valueName":"search_term_string"}}],"inLanguage":"es"},{"@type":"Organization","@id":"https:\/\/www.daisho.be\/es\/#organization","name":"Daisho","url":"https:\/\/www.daisho.be\/es\/","logo":{"@type":"ImageObject","inLanguage":"es","@id":"https:\/\/www.daisho.be\/es\/#\/schema\/logo\/image\/","url":"https:\/\/www.daisho.be\/wp-content\/uploads\/2019\/07\/color-nothing-horizontale4x-e1564486100247.png","contentUrl":"https:\/\/www.daisho.be\/wp-content\/uploads\/2019\/07\/color-nothing-horizontale4x-e1564486100247.png","width":1547,"height":385,"caption":"Daisho"},"image":{"@id":"https:\/\/www.daisho.be\/es\/#\/schema\/logo\/image\/"}}]}},"_links":{"self":[{"href":"https:\/\/www.daisho.be\/es\/wp-json\/wp\/v2\/product\/349317","targetHints":{"allow":["GET"]}}],"collection":[{"href":"https:\/\/www.daisho.be\/es\/wp-json\/wp\/v2\/product"}],"about":[{"href":"https:\/\/www.daisho.be\/es\/wp-json\/wp\/v2\/types\/product"}],"replies":[{"embeddable":true,"href":"https:\/\/www.daisho.be\/es\/wp-json\/wp\/v2\/comments?post=349317"}],"wp:featuredmedia":[{"embeddable":true,"href":"https:\/\/www.daisho.be\/es\/wp-json\/wp\/v2\/media\/507541"}],"wp:attachment":[{"href":"https:\/\/www.daisho.be\/es\/wp-json\/wp\/v2\/media?parent=349317"}],"wp:term":[{"taxonomy":"product_brand","embeddable":true,"href":"https:\/\/www.daisho.be\/es\/wp-json\/wp\/v2\/product_brand?post=349317"},{"taxonomy":"product_cat","embeddable":true,"href":"https:\/\/www.daisho.be\/es\/wp-json\/wp\/v2\/product_cat?post=349317"},{"taxonomy":"product_tag","embeddable":true,"href":"https:\/\/www.daisho.be\/es\/wp-json\/wp\/v2\/product_tag?post=349317"},{"taxonomy":"sport","embeddable":true,"href":"https:\/\/www.daisho.be\/es\/wp-json\/wp\/v2\/sport?post=349317"}],"curies":[{"name":"wp","href":"https:\/\/api.w.org\/{rel}","templated":true}]}}