{"id":349221,"date":"2021-07-18T11:50:20","date_gmt":"2021-07-18T09:50:20","guid":{"rendered":"https:\/\/www.daisho.be\/produit\/correa-adidas-judo-elite-45mm-negra\/"},"modified":"2025-10-09T14:02:35","modified_gmt":"2025-10-09T12:02:35","slug":"correa-adidas-judo-elite-45mm-negra","status":"publish","type":"product","link":"https:\/\/www.daisho.be\/es\/produit\/correa-adidas-judo-elite-45mm-negra\/","title":{"rendered":"Correa adidas Judo Elite 45mm Negra"},"content":{"rendered":"<p>Banda budo de Adidas, 60% algod\u00f3n y 40% poli\u00e9ster. El cintur\u00f3n tiene 9 filas de costuras, lo que lo hace muy resistente. <\/p>\n","protected":false},"excerpt":{"rendered":"<p>Banda budo de Adidas, 60% algod\u00f3n y 40% poli\u00e9ster. El cintur\u00f3n tiene 9 filas de costuras, lo que lo hace muy resistente.<\/p>\n","protected":false},"featured_media":325294,"comment_status":"closed","ping_status":"closed","template":"","meta":{"inline_featured_image":false},"product_brand":[],"product_cat":[1678],"product_tag":[1560],"sport":[],"class_list":{"0":"post-349221","1":"product","2":"type-product","3":"status-publish","4":"has-post-thumbnail","6":"product_cat-cinturones-de-judo-adidas","7":"product_tag-adidas-es","8":"pa_size-254","9":"pa_size-253","10":"pa_size-252","11":"pa_size-251","12":"pa_size-415","14":"first","15":"instock","16":"taxable","17":"shipping-taxable","18":"purchasable","19":"product-type-variable"},"yoast_head":"<!-- This site is optimized with the Yoast SEO plugin v27.2 - https:\/\/yoast.com\/product\/yoast-seo-wordpress\/ -->\n<title>Correa adidas Judo Elite 45mm Negra &#8211; Daisho<\/title>\n<meta name=\"description\" content=\"Descubre el cintur\u00f3n Adidas para artistas marciales. C\u00f3mpralo ahora en www.daisho.be\" \/>\n<meta name=\"robots\" content=\"index, follow, max-snippet:-1, max-image-preview:large, max-video-preview:-1\" \/>\n<link rel=\"canonical\" href=\"https:\/\/www.daisho.be\/es\/produit\/correa-adidas-judo-elite-45mm-negra\/\" \/>\n<meta property=\"og:locale\" content=\"es_ES\" \/>\n<meta property=\"og:type\" content=\"article\" \/>\n<meta property=\"og:title\" content=\"Correa adidas Judo Elite 45mm Negra &#8211; Daisho\" \/>\n<meta property=\"og:description\" content=\"Descubre el cintur\u00f3n Adidas para artistas marciales. C\u00f3mpralo ahora en www.daisho.be\" \/>\n<meta property=\"og:url\" content=\"https:\/\/www.daisho.be\/es\/produit\/correa-adidas-judo-elite-45mm-negra\/\" \/>\n<meta property=\"og:site_name\" content=\"Daisho\" \/>\n<meta property=\"article:modified_time\" content=\"2025-10-09T12:02:35+00:00\" \/>\n<meta property=\"og:image\" content=\"https:\/\/www.daisho.be\/wp-content\/uploads\/2021\/07\/image-116.jpg\" \/>\n\t<meta property=\"og:image:width\" content=\"650\" \/>\n\t<meta property=\"og:image:height\" content=\"650\" \/>\n\t<meta property=\"og:image:type\" content=\"image\/jpeg\" \/>\n<meta name=\"twitter:card\" content=\"summary_large_image\" \/>\n<script type=\"application\/ld+json\" class=\"yoast-schema-graph\">{\"@context\":\"https:\/\/schema.org\",\"@graph\":[{\"@type\":\"WebPage\",\"@id\":\"https:\/\/www.daisho.be\/es\/produit\/correa-adidas-judo-elite-45mm-negra\/\",\"url\":\"https:\/\/www.daisho.be\/es\/produit\/correa-adidas-judo-elite-45mm-negra\/\",\"name\":\"Correa adidas Judo Elite 45mm Negra &#8211; Daisho\",\"isPartOf\":{\"@id\":\"https:\/\/www.daisho.be\/es\/#website\"},\"primaryImageOfPage\":{\"@id\":\"https:\/\/www.daisho.be\/es\/produit\/correa-adidas-judo-elite-45mm-negra\/#primaryimage\"},\"image\":{\"@id\":\"https:\/\/www.daisho.be\/es\/produit\/correa-adidas-judo-elite-45mm-negra\/#primaryimage\"},\"thumbnailUrl\":\"https:\/\/www.daisho.be\/wp-content\/uploads\/2021\/07\/image-116.jpg\",\"datePublished\":\"2021-07-18T09:50:20+00:00\",\"dateModified\":\"2025-10-09T12:02:35+00:00\",\"description\":\"Descubre el cintur\u00f3n Adidas para artistas marciales. C\u00f3mpralo ahora en www.daisho.be\",\"breadcrumb\":{\"@id\":\"https:\/\/www.daisho.be\/es\/produit\/correa-adidas-judo-elite-45mm-negra\/#breadcrumb\"},\"inLanguage\":\"es\",\"potentialAction\":[{\"@type\":\"ReadAction\",\"target\":[\"https:\/\/www.daisho.be\/es\/produit\/correa-adidas-judo-elite-45mm-negra\/\"]}]},{\"@type\":\"ImageObject\",\"inLanguage\":\"es\",\"@id\":\"https:\/\/www.daisho.be\/es\/produit\/correa-adidas-judo-elite-45mm-negra\/#primaryimage\",\"url\":\"https:\/\/www.daisho.be\/wp-content\/uploads\/2021\/07\/image-116.jpg\",\"contentUrl\":\"https:\/\/www.daisho.be\/wp-content\/uploads\/2021\/07\/image-116.jpg\",\"width\":650,\"height\":650,\"caption\":\"Correa adidas Judo Elite 45mm Negro -1\"},{\"@type\":\"BreadcrumbList\",\"@id\":\"https:\/\/www.daisho.be\/es\/produit\/correa-adidas-judo-elite-45mm-negra\/#breadcrumb\",\"itemListElement\":[{\"@type\":\"ListItem\",\"position\":1,\"name\":\"Accueil\",\"item\":\"https:\/\/www.daisho.be\/es\/\"},{\"@type\":\"ListItem\",\"position\":2,\"name\":\"Productos\",\"item\":\"https:\/\/www.daisho.be\/es\/productos\/\"},{\"@type\":\"ListItem\",\"position\":3,\"name\":\"ADIDAS COMBAT SPORTS\",\"item\":\"https:\/\/www.daisho.be\/es\/categorie-produit\/adidas-combat-sports-es\/\"},{\"@type\":\"ListItem\",\"position\":4,\"name\":\"Judo\",\"item\":\"https:\/\/www.daisho.be\/es\/categorie-produit\/adidas-combat-sports-es\/judo-es-2\/\"},{\"@type\":\"ListItem\",\"position\":5,\"name\":\"Cinturones de judo Adidas\",\"item\":\"https:\/\/www.daisho.be\/es\/categorie-produit\/adidas-combat-sports-es\/judo-es-2\/cinturones-de-judo-adidas\/\"},{\"@type\":\"ListItem\",\"position\":6,\"name\":\"Correa adidas Judo Elite 45mm Negra\"}]},{\"@type\":\"WebSite\",\"@id\":\"https:\/\/www.daisho.be\/es\/#website\",\"url\":\"https:\/\/www.daisho.be\/es\/\",\"name\":\"Daisho\",\"description\":\"Sp&eacute;cialiste de l'&eacute;quipement sportif d'arts martiaux\",\"publisher\":{\"@id\":\"https:\/\/www.daisho.be\/es\/#organization\"},\"potentialAction\":[{\"@type\":\"SearchAction\",\"target\":{\"@type\":\"EntryPoint\",\"urlTemplate\":\"https:\/\/www.daisho.be\/es\/?s={search_term_string}\"},\"query-input\":{\"@type\":\"PropertyValueSpecification\",\"valueRequired\":true,\"valueName\":\"search_term_string\"}}],\"inLanguage\":\"es\"},{\"@type\":\"Organization\",\"@id\":\"https:\/\/www.daisho.be\/es\/#organization\",\"name\":\"Daisho\",\"url\":\"https:\/\/www.daisho.be\/es\/\",\"logo\":{\"@type\":\"ImageObject\",\"inLanguage\":\"es\",\"@id\":\"https:\/\/www.daisho.be\/es\/#\/schema\/logo\/image\/\",\"url\":\"https:\/\/www.daisho.be\/wp-content\/uploads\/2019\/07\/color-nothing-horizontale4x-e1564486100247.png\",\"contentUrl\":\"https:\/\/www.daisho.be\/wp-content\/uploads\/2019\/07\/color-nothing-horizontale4x-e1564486100247.png\",\"width\":1547,\"height\":385,\"caption\":\"Daisho\"},\"image\":{\"@id\":\"https:\/\/www.daisho.be\/es\/#\/schema\/logo\/image\/\"}}]}<\/script>\n<!-- \/ Yoast SEO plugin. -->","yoast_head_json":{"title":"Correa adidas Judo Elite 45mm Negra &#8211; Daisho","description":"Descubre el cintur\u00f3n Adidas para artistas marciales. C\u00f3mpralo ahora en www.daisho.be","robots":{"index":"index","follow":"follow","max-snippet":"max-snippet:-1","max-image-preview":"max-image-preview:large","max-video-preview":"max-video-preview:-1"},"canonical":"https:\/\/www.daisho.be\/es\/produit\/correa-adidas-judo-elite-45mm-negra\/","og_locale":"es_ES","og_type":"article","og_title":"Correa adidas Judo Elite 45mm Negra &#8211; Daisho","og_description":"Descubre el cintur\u00f3n Adidas para artistas marciales. C\u00f3mpralo ahora en www.daisho.be","og_url":"https:\/\/www.daisho.be\/es\/produit\/correa-adidas-judo-elite-45mm-negra\/","og_site_name":"Daisho","article_modified_time":"2025-10-09T12:02:35+00:00","og_image":[{"width":650,"height":650,"url":"https:\/\/www.daisho.be\/wp-content\/uploads\/2021\/07\/image-116.jpg","type":"image\/jpeg"}],"twitter_card":"summary_large_image","schema":{"@context":"https:\/\/schema.org","@graph":[{"@type":"WebPage","@id":"https:\/\/www.daisho.be\/es\/produit\/correa-adidas-judo-elite-45mm-negra\/","url":"https:\/\/www.daisho.be\/es\/produit\/correa-adidas-judo-elite-45mm-negra\/","name":"Correa adidas Judo Elite 45mm Negra &#8211; Daisho","isPartOf":{"@id":"https:\/\/www.daisho.be\/es\/#website"},"primaryImageOfPage":{"@id":"https:\/\/www.daisho.be\/es\/produit\/correa-adidas-judo-elite-45mm-negra\/#primaryimage"},"image":{"@id":"https:\/\/www.daisho.be\/es\/produit\/correa-adidas-judo-elite-45mm-negra\/#primaryimage"},"thumbnailUrl":"https:\/\/www.daisho.be\/wp-content\/uploads\/2021\/07\/image-116.jpg","datePublished":"2021-07-18T09:50:20+00:00","dateModified":"2025-10-09T12:02:35+00:00","description":"Descubre el cintur\u00f3n Adidas para artistas marciales. C\u00f3mpralo ahora en www.daisho.be","breadcrumb":{"@id":"https:\/\/www.daisho.be\/es\/produit\/correa-adidas-judo-elite-45mm-negra\/#breadcrumb"},"inLanguage":"es","potentialAction":[{"@type":"ReadAction","target":["https:\/\/www.daisho.be\/es\/produit\/correa-adidas-judo-elite-45mm-negra\/"]}]},{"@type":"ImageObject","inLanguage":"es","@id":"https:\/\/www.daisho.be\/es\/produit\/correa-adidas-judo-elite-45mm-negra\/#primaryimage","url":"https:\/\/www.daisho.be\/wp-content\/uploads\/2021\/07\/image-116.jpg","contentUrl":"https:\/\/www.daisho.be\/wp-content\/uploads\/2021\/07\/image-116.jpg","width":650,"height":650,"caption":"Correa adidas Judo Elite 45mm Negro -1"},{"@type":"BreadcrumbList","@id":"https:\/\/www.daisho.be\/es\/produit\/correa-adidas-judo-elite-45mm-negra\/#breadcrumb","itemListElement":[{"@type":"ListItem","position":1,"name":"Accueil","item":"https:\/\/www.daisho.be\/es\/"},{"@type":"ListItem","position":2,"name":"Productos","item":"https:\/\/www.daisho.be\/es\/productos\/"},{"@type":"ListItem","position":3,"name":"ADIDAS COMBAT SPORTS","item":"https:\/\/www.daisho.be\/es\/categorie-produit\/adidas-combat-sports-es\/"},{"@type":"ListItem","position":4,"name":"Judo","item":"https:\/\/www.daisho.be\/es\/categorie-produit\/adidas-combat-sports-es\/judo-es-2\/"},{"@type":"ListItem","position":5,"name":"Cinturones de judo Adidas","item":"https:\/\/www.daisho.be\/es\/categorie-produit\/adidas-combat-sports-es\/judo-es-2\/cinturones-de-judo-adidas\/"},{"@type":"ListItem","position":6,"name":"Correa adidas Judo Elite 45mm Negra"}]},{"@type":"WebSite","@id":"https:\/\/www.daisho.be\/es\/#website","url":"https:\/\/www.daisho.be\/es\/","name":"Daisho","description":"Sp&eacute;cialiste de l'&eacute;quipement sportif d'arts martiaux","publisher":{"@id":"https:\/\/www.daisho.be\/es\/#organization"},"potentialAction":[{"@type":"SearchAction","target":{"@type":"EntryPoint","urlTemplate":"https:\/\/www.daisho.be\/es\/?s={search_term_string}"},"query-input":{"@type":"PropertyValueSpecification","valueRequired":true,"valueName":"search_term_string"}}],"inLanguage":"es"},{"@type":"Organization","@id":"https:\/\/www.daisho.be\/es\/#organization","name":"Daisho","url":"https:\/\/www.daisho.be\/es\/","logo":{"@type":"ImageObject","inLanguage":"es","@id":"https:\/\/www.daisho.be\/es\/#\/schema\/logo\/image\/","url":"https:\/\/www.daisho.be\/wp-content\/uploads\/2019\/07\/color-nothing-horizontale4x-e1564486100247.png","contentUrl":"https:\/\/www.daisho.be\/wp-content\/uploads\/2019\/07\/color-nothing-horizontale4x-e1564486100247.png","width":1547,"height":385,"caption":"Daisho"},"image":{"@id":"https:\/\/www.daisho.be\/es\/#\/schema\/logo\/image\/"}}]}},"_links":{"self":[{"href":"https:\/\/www.daisho.be\/es\/wp-json\/wp\/v2\/product\/349221","targetHints":{"allow":["GET"]}}],"collection":[{"href":"https:\/\/www.daisho.be\/es\/wp-json\/wp\/v2\/product"}],"about":[{"href":"https:\/\/www.daisho.be\/es\/wp-json\/wp\/v2\/types\/product"}],"replies":[{"embeddable":true,"href":"https:\/\/www.daisho.be\/es\/wp-json\/wp\/v2\/comments?post=349221"}],"wp:featuredmedia":[{"embeddable":true,"href":"https:\/\/www.daisho.be\/es\/wp-json\/wp\/v2\/media\/325294"}],"wp:attachment":[{"href":"https:\/\/www.daisho.be\/es\/wp-json\/wp\/v2\/media?parent=349221"}],"wp:term":[{"taxonomy":"product_brand","embeddable":true,"href":"https:\/\/www.daisho.be\/es\/wp-json\/wp\/v2\/product_brand?post=349221"},{"taxonomy":"product_cat","embeddable":true,"href":"https:\/\/www.daisho.be\/es\/wp-json\/wp\/v2\/product_cat?post=349221"},{"taxonomy":"product_tag","embeddable":true,"href":"https:\/\/www.daisho.be\/es\/wp-json\/wp\/v2\/product_tag?post=349221"},{"taxonomy":"sport","embeddable":true,"href":"https:\/\/www.daisho.be\/es\/wp-json\/wp\/v2\/sport?post=349221"}],"curies":[{"name":"wp","href":"https:\/\/api.w.org\/{rel}","templated":true}]}}