{"id":349184,"date":"2021-07-18T11:51:30","date_gmt":"2021-07-18T09:51:30","guid":{"rendered":"https:\/\/www.daisho.be\/produit\/casco-adidas-aiba-rojo\/"},"modified":"2026-03-19T15:08:26","modified_gmt":"2026-03-19T14:08:26","slug":"casco-adidas-aiba-rojo","status":"publish","type":"product","link":"https:\/\/www.daisho.be\/es\/produit\/casco-adidas-aiba-rojo\/","title":{"rendered":"Casco adidas AIBA rojo"},"content":{"rendered":"<p>El casco de competici\u00f3n adidas tiene licencia AIBA. Protector de cabeza de cuero de vaca de alta calidad. Equipado con un interior de piel japonesa \u00abAmara\u00bb. Relleno de espuma ligera \u00abSupaflex XL\u00bb. Cierre de velcro de cuero en la parte posterior.<br \/>\nLos cascos de la AIBA son los m\u00e1s seguros del mundo. Estos protectores de cabeza aprobados por la AIBA cumplen todos los requisitos de seguridad. Las capuchas est\u00e1n fabricadas con cuero de primera calidad y el acolchado es de espuma Air de gran absorci\u00f3n. El casco tiene un cierre de velcro de cuero bajo la barbilla y en la parte posterior de la cabeza. El protector de manos adidas AIBA ya ha sido elegido para los Juegos Ol\u00edmpicos de Pek\u00edn 2008 y tambi\u00e9n ha sido elegido como casco de competici\u00f3n para los Juegos Ol\u00edmpicos de Londres 2012.<br \/>\nEste protector de cabeza es adecuado para profesionales. Este casco adidas es adecuado para : Thai\/kickboxing, boxeo original, K1         <\/p>\n","protected":false},"excerpt":{"rendered":"<p>El casco de competici\u00f3n adidas tiene licencia AIBA. Protector de cabeza de cuero de vaca de alta calidad. Equipado con un interior de piel japonesa \u00abAmara\u00bb. Relleno de espuma ligera \u00abSupaflex XL\u00bb. Cierre de velcro de cuero en la parte posterior. Los cascos de la AIBA son los m\u00e1s seguros del mundo. Estos protectores de [&hellip;]<\/p>\n","protected":false},"featured_media":669643,"comment_status":"open","ping_status":"closed","template":"","meta":{"inline_featured_image":false},"product_brand":[],"product_cat":[1596],"product_tag":[1560],"sport":[],"class_list":{"0":"post-349184","1":"product","2":"type-product","3":"status-publish","4":"has-post-thumbnail","6":"product_cat-protectores-de-boxeo-adidas","7":"product_tag-adidas-es","8":"pa_size-l","9":"pa_size-m","10":"pa_size-s","11":"pa_size-xl","13":"first","14":"instock","15":"taxable","16":"shipping-taxable","17":"purchasable","18":"product-type-variable"},"yoast_head":"<!-- This site is optimized with the Yoast SEO plugin v27.2 - https:\/\/yoast.com\/product\/yoast-seo-wordpress\/ -->\n<title>Casco adidas AIBA rojo &#8211; Daisho<\/title>\n<meta name=\"description\" content=\"Descubre el casco Adidas para todos los artistas marciales. C\u00f3mpralo ahora en nuestra web www.daisho.be|Daisho\" \/>\n<meta name=\"robots\" content=\"index, follow, max-snippet:-1, max-image-preview:large, max-video-preview:-1\" \/>\n<link rel=\"canonical\" href=\"https:\/\/www.daisho.be\/es\/produit\/casco-adidas-aiba-rojo\/\" \/>\n<meta property=\"og:locale\" content=\"es_ES\" \/>\n<meta property=\"og:type\" content=\"article\" \/>\n<meta property=\"og:title\" content=\"Casco adidas AIBA rojo &#8211; Daisho\" \/>\n<meta property=\"og:description\" content=\"Descubre el casco Adidas para todos los artistas marciales. C\u00f3mpralo ahora en nuestra web www.daisho.be|Daisho\" \/>\n<meta property=\"og:url\" content=\"https:\/\/www.daisho.be\/es\/produit\/casco-adidas-aiba-rojo\/\" \/>\n<meta property=\"og:site_name\" content=\"Daisho\" \/>\n<meta property=\"article:modified_time\" content=\"2026-03-19T14:08:26+00:00\" \/>\n<meta property=\"og:image\" content=\"https:\/\/www.daisho.be\/wp-content\/uploads\/2026\/03\/image-40.jpg\" \/>\n\t<meta property=\"og:image:width\" content=\"650\" \/>\n\t<meta property=\"og:image:height\" content=\"650\" \/>\n\t<meta property=\"og:image:type\" content=\"image\/jpeg\" \/>\n<meta name=\"twitter:card\" content=\"summary_large_image\" \/>\n<meta name=\"twitter:label1\" content=\"Tiempo de lectura\" \/>\n\t<meta name=\"twitter:data1\" content=\"1 minuto\" \/>\n<script type=\"application\/ld+json\" class=\"yoast-schema-graph\">{\"@context\":\"https:\/\/schema.org\",\"@graph\":[{\"@type\":\"WebPage\",\"@id\":\"https:\/\/www.daisho.be\/es\/produit\/casco-adidas-aiba-rojo\/\",\"url\":\"https:\/\/www.daisho.be\/es\/produit\/casco-adidas-aiba-rojo\/\",\"name\":\"Casco adidas AIBA rojo &#8211; Daisho\",\"isPartOf\":{\"@id\":\"https:\/\/www.daisho.be\/es\/#website\"},\"primaryImageOfPage\":{\"@id\":\"https:\/\/www.daisho.be\/es\/produit\/casco-adidas-aiba-rojo\/#primaryimage\"},\"image\":{\"@id\":\"https:\/\/www.daisho.be\/es\/produit\/casco-adidas-aiba-rojo\/#primaryimage\"},\"thumbnailUrl\":\"https:\/\/www.daisho.be\/wp-content\/uploads\/2026\/03\/image-40.jpg\",\"datePublished\":\"2021-07-18T09:51:30+00:00\",\"dateModified\":\"2026-03-19T14:08:26+00:00\",\"description\":\"Descubre el casco Adidas para todos los artistas marciales. C\u00f3mpralo ahora en nuestra web www.daisho.be|Daisho\",\"breadcrumb\":{\"@id\":\"https:\/\/www.daisho.be\/es\/produit\/casco-adidas-aiba-rojo\/#breadcrumb\"},\"inLanguage\":\"es\",\"potentialAction\":[{\"@type\":\"ReadAction\",\"target\":[\"https:\/\/www.daisho.be\/es\/produit\/casco-adidas-aiba-rojo\/\"]}]},{\"@type\":\"ImageObject\",\"inLanguage\":\"es\",\"@id\":\"https:\/\/www.daisho.be\/es\/produit\/casco-adidas-aiba-rojo\/#primaryimage\",\"url\":\"https:\/\/www.daisho.be\/wp-content\/uploads\/2026\/03\/image-40.jpg\",\"contentUrl\":\"https:\/\/www.daisho.be\/wp-content\/uploads\/2026\/03\/image-40.jpg\",\"width\":650,\"height\":650,\"caption\":\"Casco adidas AIBA rojo-1\"},{\"@type\":\"BreadcrumbList\",\"@id\":\"https:\/\/www.daisho.be\/es\/produit\/casco-adidas-aiba-rojo\/#breadcrumb\",\"itemListElement\":[{\"@type\":\"ListItem\",\"position\":1,\"name\":\"Accueil\",\"item\":\"https:\/\/www.daisho.be\/es\/\"},{\"@type\":\"ListItem\",\"position\":2,\"name\":\"Productos\",\"item\":\"https:\/\/www.daisho.be\/es\/productos\/\"},{\"@type\":\"ListItem\",\"position\":3,\"name\":\"ADIDAS COMBAT SPORTS\",\"item\":\"https:\/\/www.daisho.be\/es\/categorie-produit\/adidas-combat-sports-es\/\"},{\"@type\":\"ListItem\",\"position\":4,\"name\":\"Boxeo\",\"item\":\"https:\/\/www.daisho.be\/es\/categorie-produit\/adidas-combat-sports-es\/boxeo\/\"},{\"@type\":\"ListItem\",\"position\":5,\"name\":\"Protectores de boxeo Adidas\",\"item\":\"https:\/\/www.daisho.be\/es\/categorie-produit\/adidas-combat-sports-es\/boxeo\/protectores-de-boxeo-adidas\/\"},{\"@type\":\"ListItem\",\"position\":6,\"name\":\"Casco adidas AIBA rojo\"}]},{\"@type\":\"WebSite\",\"@id\":\"https:\/\/www.daisho.be\/es\/#website\",\"url\":\"https:\/\/www.daisho.be\/es\/\",\"name\":\"Daisho\",\"description\":\"Sp&eacute;cialiste de l'&eacute;quipement sportif d'arts martiaux\",\"publisher\":{\"@id\":\"https:\/\/www.daisho.be\/es\/#organization\"},\"potentialAction\":[{\"@type\":\"SearchAction\",\"target\":{\"@type\":\"EntryPoint\",\"urlTemplate\":\"https:\/\/www.daisho.be\/es\/?s={search_term_string}\"},\"query-input\":{\"@type\":\"PropertyValueSpecification\",\"valueRequired\":true,\"valueName\":\"search_term_string\"}}],\"inLanguage\":\"es\"},{\"@type\":\"Organization\",\"@id\":\"https:\/\/www.daisho.be\/es\/#organization\",\"name\":\"Daisho\",\"url\":\"https:\/\/www.daisho.be\/es\/\",\"logo\":{\"@type\":\"ImageObject\",\"inLanguage\":\"es\",\"@id\":\"https:\/\/www.daisho.be\/es\/#\/schema\/logo\/image\/\",\"url\":\"https:\/\/www.daisho.be\/wp-content\/uploads\/2019\/07\/color-nothing-horizontale4x-e1564486100247.png\",\"contentUrl\":\"https:\/\/www.daisho.be\/wp-content\/uploads\/2019\/07\/color-nothing-horizontale4x-e1564486100247.png\",\"width\":1547,\"height\":385,\"caption\":\"Daisho\"},\"image\":{\"@id\":\"https:\/\/www.daisho.be\/es\/#\/schema\/logo\/image\/\"}}]}<\/script>\n<!-- \/ Yoast SEO plugin. -->","yoast_head_json":{"title":"Casco adidas AIBA rojo &#8211; Daisho","description":"Descubre el casco Adidas para todos los artistas marciales. C\u00f3mpralo ahora en nuestra web www.daisho.be|Daisho","robots":{"index":"index","follow":"follow","max-snippet":"max-snippet:-1","max-image-preview":"max-image-preview:large","max-video-preview":"max-video-preview:-1"},"canonical":"https:\/\/www.daisho.be\/es\/produit\/casco-adidas-aiba-rojo\/","og_locale":"es_ES","og_type":"article","og_title":"Casco adidas AIBA rojo &#8211; Daisho","og_description":"Descubre el casco Adidas para todos los artistas marciales. C\u00f3mpralo ahora en nuestra web www.daisho.be|Daisho","og_url":"https:\/\/www.daisho.be\/es\/produit\/casco-adidas-aiba-rojo\/","og_site_name":"Daisho","article_modified_time":"2026-03-19T14:08:26+00:00","og_image":[{"width":650,"height":650,"url":"https:\/\/www.daisho.be\/wp-content\/uploads\/2026\/03\/image-40.jpg","type":"image\/jpeg"}],"twitter_card":"summary_large_image","twitter_misc":{"Tiempo de lectura":"1 minuto"},"schema":{"@context":"https:\/\/schema.org","@graph":[{"@type":"WebPage","@id":"https:\/\/www.daisho.be\/es\/produit\/casco-adidas-aiba-rojo\/","url":"https:\/\/www.daisho.be\/es\/produit\/casco-adidas-aiba-rojo\/","name":"Casco adidas AIBA rojo &#8211; Daisho","isPartOf":{"@id":"https:\/\/www.daisho.be\/es\/#website"},"primaryImageOfPage":{"@id":"https:\/\/www.daisho.be\/es\/produit\/casco-adidas-aiba-rojo\/#primaryimage"},"image":{"@id":"https:\/\/www.daisho.be\/es\/produit\/casco-adidas-aiba-rojo\/#primaryimage"},"thumbnailUrl":"https:\/\/www.daisho.be\/wp-content\/uploads\/2026\/03\/image-40.jpg","datePublished":"2021-07-18T09:51:30+00:00","dateModified":"2026-03-19T14:08:26+00:00","description":"Descubre el casco Adidas para todos los artistas marciales. C\u00f3mpralo ahora en nuestra web www.daisho.be|Daisho","breadcrumb":{"@id":"https:\/\/www.daisho.be\/es\/produit\/casco-adidas-aiba-rojo\/#breadcrumb"},"inLanguage":"es","potentialAction":[{"@type":"ReadAction","target":["https:\/\/www.daisho.be\/es\/produit\/casco-adidas-aiba-rojo\/"]}]},{"@type":"ImageObject","inLanguage":"es","@id":"https:\/\/www.daisho.be\/es\/produit\/casco-adidas-aiba-rojo\/#primaryimage","url":"https:\/\/www.daisho.be\/wp-content\/uploads\/2026\/03\/image-40.jpg","contentUrl":"https:\/\/www.daisho.be\/wp-content\/uploads\/2026\/03\/image-40.jpg","width":650,"height":650,"caption":"Casco adidas AIBA rojo-1"},{"@type":"BreadcrumbList","@id":"https:\/\/www.daisho.be\/es\/produit\/casco-adidas-aiba-rojo\/#breadcrumb","itemListElement":[{"@type":"ListItem","position":1,"name":"Accueil","item":"https:\/\/www.daisho.be\/es\/"},{"@type":"ListItem","position":2,"name":"Productos","item":"https:\/\/www.daisho.be\/es\/productos\/"},{"@type":"ListItem","position":3,"name":"ADIDAS COMBAT SPORTS","item":"https:\/\/www.daisho.be\/es\/categorie-produit\/adidas-combat-sports-es\/"},{"@type":"ListItem","position":4,"name":"Boxeo","item":"https:\/\/www.daisho.be\/es\/categorie-produit\/adidas-combat-sports-es\/boxeo\/"},{"@type":"ListItem","position":5,"name":"Protectores de boxeo Adidas","item":"https:\/\/www.daisho.be\/es\/categorie-produit\/adidas-combat-sports-es\/boxeo\/protectores-de-boxeo-adidas\/"},{"@type":"ListItem","position":6,"name":"Casco adidas AIBA rojo"}]},{"@type":"WebSite","@id":"https:\/\/www.daisho.be\/es\/#website","url":"https:\/\/www.daisho.be\/es\/","name":"Daisho","description":"Sp&eacute;cialiste de l'&eacute;quipement sportif d'arts martiaux","publisher":{"@id":"https:\/\/www.daisho.be\/es\/#organization"},"potentialAction":[{"@type":"SearchAction","target":{"@type":"EntryPoint","urlTemplate":"https:\/\/www.daisho.be\/es\/?s={search_term_string}"},"query-input":{"@type":"PropertyValueSpecification","valueRequired":true,"valueName":"search_term_string"}}],"inLanguage":"es"},{"@type":"Organization","@id":"https:\/\/www.daisho.be\/es\/#organization","name":"Daisho","url":"https:\/\/www.daisho.be\/es\/","logo":{"@type":"ImageObject","inLanguage":"es","@id":"https:\/\/www.daisho.be\/es\/#\/schema\/logo\/image\/","url":"https:\/\/www.daisho.be\/wp-content\/uploads\/2019\/07\/color-nothing-horizontale4x-e1564486100247.png","contentUrl":"https:\/\/www.daisho.be\/wp-content\/uploads\/2019\/07\/color-nothing-horizontale4x-e1564486100247.png","width":1547,"height":385,"caption":"Daisho"},"image":{"@id":"https:\/\/www.daisho.be\/es\/#\/schema\/logo\/image\/"}}]}},"_links":{"self":[{"href":"https:\/\/www.daisho.be\/es\/wp-json\/wp\/v2\/product\/349184","targetHints":{"allow":["GET"]}}],"collection":[{"href":"https:\/\/www.daisho.be\/es\/wp-json\/wp\/v2\/product"}],"about":[{"href":"https:\/\/www.daisho.be\/es\/wp-json\/wp\/v2\/types\/product"}],"replies":[{"embeddable":true,"href":"https:\/\/www.daisho.be\/es\/wp-json\/wp\/v2\/comments?post=349184"}],"wp:featuredmedia":[{"embeddable":true,"href":"https:\/\/www.daisho.be\/es\/wp-json\/wp\/v2\/media\/669643"}],"wp:attachment":[{"href":"https:\/\/www.daisho.be\/es\/wp-json\/wp\/v2\/media?parent=349184"}],"wp:term":[{"taxonomy":"product_brand","embeddable":true,"href":"https:\/\/www.daisho.be\/es\/wp-json\/wp\/v2\/product_brand?post=349184"},{"taxonomy":"product_cat","embeddable":true,"href":"https:\/\/www.daisho.be\/es\/wp-json\/wp\/v2\/product_cat?post=349184"},{"taxonomy":"product_tag","embeddable":true,"href":"https:\/\/www.daisho.be\/es\/wp-json\/wp\/v2\/product_tag?post=349184"},{"taxonomy":"sport","embeddable":true,"href":"https:\/\/www.daisho.be\/es\/wp-json\/wp\/v2\/sport?post=349184"}],"curies":[{"name":"wp","href":"https:\/\/api.w.org\/{rel}","templated":true}]}}