{"id":349159,"date":"2021-07-18T11:44:24","date_gmt":"2021-07-18T09:44:24","guid":{"rendered":"https:\/\/www.daisho.be\/produit\/adidas-focus-thai-pad-negro-blanco-juego-de-2\/"},"modified":"2025-12-24T11:21:04","modified_gmt":"2025-12-24T10:21:04","slug":"adidas-focus-thai-pad-negro-blanco-juego-de-2","status":"publish","type":"product","link":"https:\/\/www.daisho.be\/es\/produit\/adidas-focus-thai-pad-negro-blanco-juego-de-2\/","title":{"rendered":"Adidas Focus Thai Pad Negro\/Blanco (Juego de 2)"},"content":{"rendered":"<p>Esta manopla tailandesa se ha desarrollado especialmente para profesionales. Esta manopla est\u00e1 fabricada con vinilo sint\u00e9tico duradero, que es muy resistente y duradero. En la parte posterior hay 3 fuertes correas ajustables para mantener el pu\u00f1o en su sitio. Hay una almohadilla adicional en el codo para mayor protecci\u00f3n y comodidad al absorber las escaleras. El acolchado est\u00c3\u00a1 fabricado con espuma EVA extrafuerte en capas que garantiza que la almohadilla no haga el vac\u00c3o, sino que reduzca al m\u00c3nimo las patadas y los pu\u00c3\u00b1etazos. Tambi\u00c3\u00a9n hay orificios de ventilaci\u00c3\u00b3n para que el aire expulsado de la almohadilla pueda salir correctamente y la almohadilla no se rompa. Todo esto junto hace que el entrenamiento sea muy c\u00c3\u00b3modo. Esta manopla es ideal para practicar tus pu\u00c3\u00b1etazos y patadas, ya sea al lado de tu entrenador o de tu compa\u00c3\u00b1ero de entrenamiento. El coj\u00edn viene en un paquete de 2.<br \/>\nAdecuado para todos los artistas marciales. Tanto para entrenadores como para alumnos.<br \/>\nVentajas: &#8211; vinilo sint\u00e9tico resistente y duradero &#8211; tanto para profesionales como para aficionados &#8211; buena capacidad de absorci\u00f3n &#8211; seguro para manos y pies &#8211; correas ajustables &#8211; buen agarre gracias a las fuertes correas.         <\/p>\n","protected":false},"excerpt":{"rendered":"<p>Esta manopla tailandesa se ha desarrollado especialmente para profesionales. Esta manopla est\u00e1 fabricada con vinilo sint\u00e9tico duradero, que es muy resistente y duradero. En la parte posterior hay 3 fuertes correas ajustables para mantener el pu\u00f1o en su sitio. Hay una almohadilla adicional en el codo para mayor protecci\u00f3n y comodidad al absorber las escaleras. [&hellip;]<\/p>\n","protected":false},"featured_media":390889,"comment_status":"open","ping_status":"closed","template":"","meta":{"inline_featured_image":false},"product_brand":[],"product_cat":[1324,1321,1634,1632],"product_tag":[1560],"sport":[],"class_list":{"0":"post-349159","1":"product","2":"type-product","3":"status-publish","4":"has-post-thumbnail","6":"product_cat-equipo-de-entrenamiento-de-muay-thai","7":"product_cat-sacos-de-boxeo","8":"product_cat-sacos-de-boxeo-y-accesorios-de-entrenamiento-es","9":"product_cat-sacos-de-boxeo-y-accesorios-de-entrenamiento","10":"product_tag-adidas-es","11":"pa_size-sans-taille-defaut","13":"first","14":"instock","15":"taxable","16":"shipping-taxable","17":"purchasable","18":"product-type-variable"},"yoast_head":"<!-- This site is optimized with the Yoast SEO plugin v27.2 - https:\/\/yoast.com\/product\/yoast-seo-wordpress\/ -->\n<title>Adidas Focus Thai Pad Negro\/Blanco (Juego de 2) &#8211; Daisho<\/title>\n<meta name=\"description\" content=\"Descubre la manopla fabricada \u00edntegramente en Tailandia. Adecuado para profesionales. C\u00f3mpralo en www.daisho.be|Daisho\" \/>\n<meta name=\"robots\" content=\"index, follow, max-snippet:-1, max-image-preview:large, max-video-preview:-1\" \/>\n<link rel=\"canonical\" href=\"https:\/\/www.daisho.be\/es\/produit\/adidas-focus-thai-pad-negro-blanco-juego-de-2\/\" \/>\n<meta property=\"og:locale\" content=\"es_ES\" \/>\n<meta property=\"og:type\" content=\"article\" \/>\n<meta property=\"og:title\" content=\"Adidas Focus Thai Pad Negro\/Blanco (Juego de 2) &#8211; Daisho\" \/>\n<meta property=\"og:description\" content=\"Descubre la manopla fabricada \u00edntegramente en Tailandia. Adecuado para profesionales. C\u00f3mpralo en www.daisho.be|Daisho\" \/>\n<meta property=\"og:url\" content=\"https:\/\/www.daisho.be\/es\/produit\/adidas-focus-thai-pad-negro-blanco-juego-de-2\/\" \/>\n<meta property=\"og:site_name\" content=\"Daisho\" \/>\n<meta property=\"article:modified_time\" content=\"2025-12-24T10:21:04+00:00\" \/>\n<meta property=\"og:image\" content=\"https:\/\/www.daisho.be\/wp-content\/uploads\/2024\/04\/image-10.jpg\" \/>\n\t<meta property=\"og:image:width\" content=\"650\" \/>\n\t<meta property=\"og:image:height\" content=\"650\" \/>\n\t<meta property=\"og:image:type\" content=\"image\/jpeg\" \/>\n<meta name=\"twitter:card\" content=\"summary_large_image\" \/>\n<meta name=\"twitter:label1\" content=\"Tiempo de lectura\" \/>\n\t<meta name=\"twitter:data1\" content=\"1 minuto\" \/>\n<script type=\"application\/ld+json\" class=\"yoast-schema-graph\">{\"@context\":\"https:\/\/schema.org\",\"@graph\":[{\"@type\":\"WebPage\",\"@id\":\"https:\/\/www.daisho.be\/es\/produit\/adidas-focus-thai-pad-negro-blanco-juego-de-2\/\",\"url\":\"https:\/\/www.daisho.be\/es\/produit\/adidas-focus-thai-pad-negro-blanco-juego-de-2\/\",\"name\":\"Adidas Focus Thai Pad Negro\/Blanco (Juego de 2) &#8211; Daisho\",\"isPartOf\":{\"@id\":\"https:\/\/www.daisho.be\/es\/#website\"},\"primaryImageOfPage\":{\"@id\":\"https:\/\/www.daisho.be\/es\/produit\/adidas-focus-thai-pad-negro-blanco-juego-de-2\/#primaryimage\"},\"image\":{\"@id\":\"https:\/\/www.daisho.be\/es\/produit\/adidas-focus-thai-pad-negro-blanco-juego-de-2\/#primaryimage\"},\"thumbnailUrl\":\"https:\/\/www.daisho.be\/wp-content\/uploads\/2024\/04\/image-10.jpg\",\"datePublished\":\"2021-07-18T09:44:24+00:00\",\"dateModified\":\"2025-12-24T10:21:04+00:00\",\"description\":\"Descubre la manopla fabricada \u00edntegramente en Tailandia. Adecuado para profesionales. C\u00f3mpralo en www.daisho.be|Daisho\",\"breadcrumb\":{\"@id\":\"https:\/\/www.daisho.be\/es\/produit\/adidas-focus-thai-pad-negro-blanco-juego-de-2\/#breadcrumb\"},\"inLanguage\":\"es\",\"potentialAction\":[{\"@type\":\"ReadAction\",\"target\":[\"https:\/\/www.daisho.be\/es\/produit\/adidas-focus-thai-pad-negro-blanco-juego-de-2\/\"]}]},{\"@type\":\"ImageObject\",\"inLanguage\":\"es\",\"@id\":\"https:\/\/www.daisho.be\/es\/produit\/adidas-focus-thai-pad-negro-blanco-juego-de-2\/#primaryimage\",\"url\":\"https:\/\/www.daisho.be\/wp-content\/uploads\/2024\/04\/image-10.jpg\",\"contentUrl\":\"https:\/\/www.daisho.be\/wp-content\/uploads\/2024\/04\/image-10.jpg\",\"width\":650,\"height\":650,\"caption\":\"Adidas Focus Thai Pad Negro\/Blanco (Juego de 2)-1\"},{\"@type\":\"BreadcrumbList\",\"@id\":\"https:\/\/www.daisho.be\/es\/produit\/adidas-focus-thai-pad-negro-blanco-juego-de-2\/#breadcrumb\",\"itemListElement\":[{\"@type\":\"ListItem\",\"position\":1,\"name\":\"Accueil\",\"item\":\"https:\/\/www.daisho.be\/es\/\"},{\"@type\":\"ListItem\",\"position\":2,\"name\":\"Productos\",\"item\":\"https:\/\/www.daisho.be\/es\/productos\/\"},{\"@type\":\"ListItem\",\"position\":3,\"name\":\"Equipamiento y ropa para artes marciales y deportes de combate\",\"item\":\"https:\/\/www.daisho.be\/es\/categorie-produit\/equipamiento-y-ropa-para-artes-marciales-y-deportes-de-combate\/\"},{\"@type\":\"ListItem\",\"position\":4,\"name\":\"Muay tailand\u00e9s\",\"item\":\"https:\/\/www.daisho.be\/es\/categorie-produit\/equipamiento-y-ropa-para-artes-marciales-y-deportes-de-combate\/muay-tailandes\/\"},{\"@type\":\"ListItem\",\"position\":5,\"name\":\"Equipo de entrenamiento de Muay Thai\",\"item\":\"https:\/\/www.daisho.be\/es\/categorie-produit\/equipamiento-y-ropa-para-artes-marciales-y-deportes-de-combate\/muay-tailandes\/equipo-de-entrenamiento-de-muay-thai\/\"},{\"@type\":\"ListItem\",\"position\":6,\"name\":\"Adidas Focus Thai Pad Negro\/Blanco (Juego de 2)\"}]},{\"@type\":\"WebSite\",\"@id\":\"https:\/\/www.daisho.be\/es\/#website\",\"url\":\"https:\/\/www.daisho.be\/es\/\",\"name\":\"Daisho\",\"description\":\"Sp&eacute;cialiste de l'&eacute;quipement sportif d'arts martiaux\",\"publisher\":{\"@id\":\"https:\/\/www.daisho.be\/es\/#organization\"},\"potentialAction\":[{\"@type\":\"SearchAction\",\"target\":{\"@type\":\"EntryPoint\",\"urlTemplate\":\"https:\/\/www.daisho.be\/es\/?s={search_term_string}\"},\"query-input\":{\"@type\":\"PropertyValueSpecification\",\"valueRequired\":true,\"valueName\":\"search_term_string\"}}],\"inLanguage\":\"es\"},{\"@type\":\"Organization\",\"@id\":\"https:\/\/www.daisho.be\/es\/#organization\",\"name\":\"Daisho\",\"url\":\"https:\/\/www.daisho.be\/es\/\",\"logo\":{\"@type\":\"ImageObject\",\"inLanguage\":\"es\",\"@id\":\"https:\/\/www.daisho.be\/es\/#\/schema\/logo\/image\/\",\"url\":\"https:\/\/www.daisho.be\/wp-content\/uploads\/2019\/07\/color-nothing-horizontale4x-e1564486100247.png\",\"contentUrl\":\"https:\/\/www.daisho.be\/wp-content\/uploads\/2019\/07\/color-nothing-horizontale4x-e1564486100247.png\",\"width\":1547,\"height\":385,\"caption\":\"Daisho\"},\"image\":{\"@id\":\"https:\/\/www.daisho.be\/es\/#\/schema\/logo\/image\/\"}}]}<\/script>\n<!-- \/ Yoast SEO plugin. -->","yoast_head_json":{"title":"Adidas Focus Thai Pad Negro\/Blanco (Juego de 2) &#8211; Daisho","description":"Descubre la manopla fabricada \u00edntegramente en Tailandia. Adecuado para profesionales. C\u00f3mpralo en www.daisho.be|Daisho","robots":{"index":"index","follow":"follow","max-snippet":"max-snippet:-1","max-image-preview":"max-image-preview:large","max-video-preview":"max-video-preview:-1"},"canonical":"https:\/\/www.daisho.be\/es\/produit\/adidas-focus-thai-pad-negro-blanco-juego-de-2\/","og_locale":"es_ES","og_type":"article","og_title":"Adidas Focus Thai Pad Negro\/Blanco (Juego de 2) &#8211; Daisho","og_description":"Descubre la manopla fabricada \u00edntegramente en Tailandia. Adecuado para profesionales. C\u00f3mpralo en www.daisho.be|Daisho","og_url":"https:\/\/www.daisho.be\/es\/produit\/adidas-focus-thai-pad-negro-blanco-juego-de-2\/","og_site_name":"Daisho","article_modified_time":"2025-12-24T10:21:04+00:00","og_image":[{"width":650,"height":650,"url":"https:\/\/www.daisho.be\/wp-content\/uploads\/2024\/04\/image-10.jpg","type":"image\/jpeg"}],"twitter_card":"summary_large_image","twitter_misc":{"Tiempo de lectura":"1 minuto"},"schema":{"@context":"https:\/\/schema.org","@graph":[{"@type":"WebPage","@id":"https:\/\/www.daisho.be\/es\/produit\/adidas-focus-thai-pad-negro-blanco-juego-de-2\/","url":"https:\/\/www.daisho.be\/es\/produit\/adidas-focus-thai-pad-negro-blanco-juego-de-2\/","name":"Adidas Focus Thai Pad Negro\/Blanco (Juego de 2) &#8211; Daisho","isPartOf":{"@id":"https:\/\/www.daisho.be\/es\/#website"},"primaryImageOfPage":{"@id":"https:\/\/www.daisho.be\/es\/produit\/adidas-focus-thai-pad-negro-blanco-juego-de-2\/#primaryimage"},"image":{"@id":"https:\/\/www.daisho.be\/es\/produit\/adidas-focus-thai-pad-negro-blanco-juego-de-2\/#primaryimage"},"thumbnailUrl":"https:\/\/www.daisho.be\/wp-content\/uploads\/2024\/04\/image-10.jpg","datePublished":"2021-07-18T09:44:24+00:00","dateModified":"2025-12-24T10:21:04+00:00","description":"Descubre la manopla fabricada \u00edntegramente en Tailandia. Adecuado para profesionales. C\u00f3mpralo en www.daisho.be|Daisho","breadcrumb":{"@id":"https:\/\/www.daisho.be\/es\/produit\/adidas-focus-thai-pad-negro-blanco-juego-de-2\/#breadcrumb"},"inLanguage":"es","potentialAction":[{"@type":"ReadAction","target":["https:\/\/www.daisho.be\/es\/produit\/adidas-focus-thai-pad-negro-blanco-juego-de-2\/"]}]},{"@type":"ImageObject","inLanguage":"es","@id":"https:\/\/www.daisho.be\/es\/produit\/adidas-focus-thai-pad-negro-blanco-juego-de-2\/#primaryimage","url":"https:\/\/www.daisho.be\/wp-content\/uploads\/2024\/04\/image-10.jpg","contentUrl":"https:\/\/www.daisho.be\/wp-content\/uploads\/2024\/04\/image-10.jpg","width":650,"height":650,"caption":"Adidas Focus Thai Pad Negro\/Blanco (Juego de 2)-1"},{"@type":"BreadcrumbList","@id":"https:\/\/www.daisho.be\/es\/produit\/adidas-focus-thai-pad-negro-blanco-juego-de-2\/#breadcrumb","itemListElement":[{"@type":"ListItem","position":1,"name":"Accueil","item":"https:\/\/www.daisho.be\/es\/"},{"@type":"ListItem","position":2,"name":"Productos","item":"https:\/\/www.daisho.be\/es\/productos\/"},{"@type":"ListItem","position":3,"name":"Equipamiento y ropa para artes marciales y deportes de combate","item":"https:\/\/www.daisho.be\/es\/categorie-produit\/equipamiento-y-ropa-para-artes-marciales-y-deportes-de-combate\/"},{"@type":"ListItem","position":4,"name":"Muay tailand\u00e9s","item":"https:\/\/www.daisho.be\/es\/categorie-produit\/equipamiento-y-ropa-para-artes-marciales-y-deportes-de-combate\/muay-tailandes\/"},{"@type":"ListItem","position":5,"name":"Equipo de entrenamiento de Muay Thai","item":"https:\/\/www.daisho.be\/es\/categorie-produit\/equipamiento-y-ropa-para-artes-marciales-y-deportes-de-combate\/muay-tailandes\/equipo-de-entrenamiento-de-muay-thai\/"},{"@type":"ListItem","position":6,"name":"Adidas Focus Thai Pad Negro\/Blanco (Juego de 2)"}]},{"@type":"WebSite","@id":"https:\/\/www.daisho.be\/es\/#website","url":"https:\/\/www.daisho.be\/es\/","name":"Daisho","description":"Sp&eacute;cialiste de l'&eacute;quipement sportif d'arts martiaux","publisher":{"@id":"https:\/\/www.daisho.be\/es\/#organization"},"potentialAction":[{"@type":"SearchAction","target":{"@type":"EntryPoint","urlTemplate":"https:\/\/www.daisho.be\/es\/?s={search_term_string}"},"query-input":{"@type":"PropertyValueSpecification","valueRequired":true,"valueName":"search_term_string"}}],"inLanguage":"es"},{"@type":"Organization","@id":"https:\/\/www.daisho.be\/es\/#organization","name":"Daisho","url":"https:\/\/www.daisho.be\/es\/","logo":{"@type":"ImageObject","inLanguage":"es","@id":"https:\/\/www.daisho.be\/es\/#\/schema\/logo\/image\/","url":"https:\/\/www.daisho.be\/wp-content\/uploads\/2019\/07\/color-nothing-horizontale4x-e1564486100247.png","contentUrl":"https:\/\/www.daisho.be\/wp-content\/uploads\/2019\/07\/color-nothing-horizontale4x-e1564486100247.png","width":1547,"height":385,"caption":"Daisho"},"image":{"@id":"https:\/\/www.daisho.be\/es\/#\/schema\/logo\/image\/"}}]}},"_links":{"self":[{"href":"https:\/\/www.daisho.be\/es\/wp-json\/wp\/v2\/product\/349159","targetHints":{"allow":["GET"]}}],"collection":[{"href":"https:\/\/www.daisho.be\/es\/wp-json\/wp\/v2\/product"}],"about":[{"href":"https:\/\/www.daisho.be\/es\/wp-json\/wp\/v2\/types\/product"}],"replies":[{"embeddable":true,"href":"https:\/\/www.daisho.be\/es\/wp-json\/wp\/v2\/comments?post=349159"}],"wp:featuredmedia":[{"embeddable":true,"href":"https:\/\/www.daisho.be\/es\/wp-json\/wp\/v2\/media\/390889"}],"wp:attachment":[{"href":"https:\/\/www.daisho.be\/es\/wp-json\/wp\/v2\/media?parent=349159"}],"wp:term":[{"taxonomy":"product_brand","embeddable":true,"href":"https:\/\/www.daisho.be\/es\/wp-json\/wp\/v2\/product_brand?post=349159"},{"taxonomy":"product_cat","embeddable":true,"href":"https:\/\/www.daisho.be\/es\/wp-json\/wp\/v2\/product_cat?post=349159"},{"taxonomy":"product_tag","embeddable":true,"href":"https:\/\/www.daisho.be\/es\/wp-json\/wp\/v2\/product_tag?post=349159"},{"taxonomy":"sport","embeddable":true,"href":"https:\/\/www.daisho.be\/es\/wp-json\/wp\/v2\/sport?post=349159"}],"curies":[{"name":"wp","href":"https:\/\/api.w.org\/{rel}","templated":true}]}}