{"id":348958,"date":"2021-07-18T11:28:10","date_gmt":"2021-07-18T09:28:10","guid":{"rendered":"https:\/\/www.daisho.be\/produit\/adidas-armpad-de-luxe-negro\/"},"modified":"2025-10-09T14:08:03","modified_gmt":"2025-10-09T12:08:03","slug":"adidas-armpad-de-luxe-negro","status":"publish","type":"product","link":"https:\/\/www.daisho.be\/es\/produit\/adidas-armpad-de-luxe-negro\/","title":{"rendered":"adidas Armpad de Luxe Negro"},"content":{"rendered":"<p>El brazalete est\u00e1 fabricado con piel artificial, que es muy resistente y duradera.<br \/>\nLas correas de nailon se sujetan a la espalda y son ajustables para mantener el brazalete en su sitio. El acolchado es de espuma de poli\u00e9ter extrafuerte, lo que garantiza que el coj\u00edn no cree vac\u00edo, sino que reduzca al m\u00ednimo las patadas y los pu\u00f1etazos. Tambi\u00e9n hay orificios de ventilaci\u00f3n para que el aire expulsado por el coj\u00edn pueda salir correctamente y el coj\u00edn no se rompa. Todo esto junto hace que el entrenamiento sea muy c\u00f3modo. Este escudo es ideal para practicar tus pu\u00f1etazos y patadas, ya sea al lado de tu entrenador o de tu compa\u00f1ero de entrenamiento. Acabado con cremallera en la parte inferior.<br \/>\nEste escudo es adecuado para todos los artistas marciales. Tanto para entrenadores como para alumnos.<br \/>\nVentajas:<br \/>\n&#8211; robusto y duradero<br \/>\n&#8211; para profesionales y aficionados<br \/>\n&#8211; buena capacidad de absorci\u00f3n<br \/>\n&#8211; seguro para manos y pies<br \/>\n&#8211; correas ajustables<br \/>\n&#8211; buen agarre gracias a las robustas correas <\/p>\n","protected":false},"excerpt":{"rendered":"<p>El brazalete est\u00e1 fabricado con piel artificial, que es muy resistente y duradera. Las correas de nailon se sujetan a la espalda y son ajustables para mantener el brazalete en su sitio. El acolchado es de espuma de poli\u00e9ter extrafuerte, lo que garantiza que el coj\u00edn no cree vac\u00edo, sino que reduzca al m\u00ednimo las [&hellip;]<\/p>\n","protected":false},"featured_media":363495,"comment_status":"open","ping_status":"closed","template":"","meta":{"inline_featured_image":false},"product_brand":[],"product_cat":[1339,1301,1632,1630],"product_tag":[1560],"sport":[],"class_list":{"0":"post-348958","1":"product","2":"type-product","3":"status-publish","4":"has-post-thumbnail","6":"product_cat-equipo-de-entrenamiento-de-mma","7":"product_cat-material-de-entrenamiento-de-karate","8":"product_cat-sacos-de-boxeo-y-accesorios-de-entrenamiento","9":"product_cat-sacos-de-boxeo-y-accesorios-de-entrenamiento-de-karate","10":"product_tag-adidas-es","11":"pa_size-sans-taille-defaut","13":"first","14":"instock","15":"taxable","16":"shipping-taxable","17":"purchasable","18":"product-type-simple"},"yoast_head":"<!-- This site is optimized with the Yoast SEO plugin v27.2 - https:\/\/yoast.com\/product\/yoast-seo-wordpress\/ -->\n<title>adidas Armpad de Luxe Negro &#8211; Daisho<\/title>\n<meta name=\"description\" content=\"Descubre el escudo para el brazo, adecuado para todas las artes marciales y tanto para entrenadores como para alumnos. C\u00f3mpralo en www.daisho.be|Daisho\" \/>\n<meta name=\"robots\" content=\"index, follow, max-snippet:-1, max-image-preview:large, max-video-preview:-1\" \/>\n<link rel=\"canonical\" href=\"https:\/\/www.daisho.be\/es\/produit\/adidas-armpad-de-luxe-negro\/\" \/>\n<meta property=\"og:locale\" content=\"es_ES\" \/>\n<meta property=\"og:type\" content=\"article\" \/>\n<meta property=\"og:title\" content=\"adidas Armpad de Luxe Negro &#8211; Daisho\" \/>\n<meta property=\"og:description\" content=\"Descubre el escudo para el brazo, adecuado para todas las artes marciales y tanto para entrenadores como para alumnos. C\u00f3mpralo en www.daisho.be|Daisho\" \/>\n<meta property=\"og:url\" content=\"https:\/\/www.daisho.be\/es\/produit\/adidas-armpad-de-luxe-negro\/\" \/>\n<meta property=\"og:site_name\" content=\"Daisho\" \/>\n<meta property=\"article:modified_time\" content=\"2025-10-09T12:08:03+00:00\" \/>\n<meta property=\"og:image\" content=\"https:\/\/www.daisho.be\/wp-content\/uploads\/2024\/01\/image-259.jpg\" \/>\n\t<meta property=\"og:image:width\" content=\"650\" \/>\n\t<meta property=\"og:image:height\" content=\"650\" \/>\n\t<meta property=\"og:image:type\" content=\"image\/jpeg\" \/>\n<meta name=\"twitter:card\" content=\"summary_large_image\" \/>\n<meta name=\"twitter:label1\" content=\"Tiempo de lectura\" \/>\n\t<meta name=\"twitter:data1\" content=\"1 minuto\" \/>\n<script type=\"application\/ld+json\" class=\"yoast-schema-graph\">{\"@context\":\"https:\/\/schema.org\",\"@graph\":[{\"@type\":\"WebPage\",\"@id\":\"https:\/\/www.daisho.be\/es\/produit\/adidas-armpad-de-luxe-negro\/\",\"url\":\"https:\/\/www.daisho.be\/es\/produit\/adidas-armpad-de-luxe-negro\/\",\"name\":\"adidas Armpad de Luxe Negro &#8211; Daisho\",\"isPartOf\":{\"@id\":\"https:\/\/www.daisho.be\/es\/#website\"},\"primaryImageOfPage\":{\"@id\":\"https:\/\/www.daisho.be\/es\/produit\/adidas-armpad-de-luxe-negro\/#primaryimage\"},\"image\":{\"@id\":\"https:\/\/www.daisho.be\/es\/produit\/adidas-armpad-de-luxe-negro\/#primaryimage\"},\"thumbnailUrl\":\"https:\/\/www.daisho.be\/wp-content\/uploads\/2024\/01\/image-259.jpg\",\"datePublished\":\"2021-07-18T09:28:10+00:00\",\"dateModified\":\"2025-10-09T12:08:03+00:00\",\"description\":\"Descubre el escudo para el brazo, adecuado para todas las artes marciales y tanto para entrenadores como para alumnos. C\u00f3mpralo en www.daisho.be|Daisho\",\"breadcrumb\":{\"@id\":\"https:\/\/www.daisho.be\/es\/produit\/adidas-armpad-de-luxe-negro\/#breadcrumb\"},\"inLanguage\":\"es\",\"potentialAction\":[{\"@type\":\"ReadAction\",\"target\":[\"https:\/\/www.daisho.be\/es\/produit\/adidas-armpad-de-luxe-negro\/\"]}]},{\"@type\":\"ImageObject\",\"inLanguage\":\"es\",\"@id\":\"https:\/\/www.daisho.be\/es\/produit\/adidas-armpad-de-luxe-negro\/#primaryimage\",\"url\":\"https:\/\/www.daisho.be\/wp-content\/uploads\/2024\/01\/image-259.jpg\",\"contentUrl\":\"https:\/\/www.daisho.be\/wp-content\/uploads\/2024\/01\/image-259.jpg\",\"width\":650,\"height\":650,\"caption\":\"adidas Armpad de Luxe Negro-1\"},{\"@type\":\"BreadcrumbList\",\"@id\":\"https:\/\/www.daisho.be\/es\/produit\/adidas-armpad-de-luxe-negro\/#breadcrumb\",\"itemListElement\":[{\"@type\":\"ListItem\",\"position\":1,\"name\":\"Accueil\",\"item\":\"https:\/\/www.daisho.be\/es\/\"},{\"@type\":\"ListItem\",\"position\":2,\"name\":\"Productos\",\"item\":\"https:\/\/www.daisho.be\/es\/productos\/\"},{\"@type\":\"ListItem\",\"position\":3,\"name\":\"Equipamiento y ropa para artes marciales y deportes de combate\",\"item\":\"https:\/\/www.daisho.be\/es\/categorie-produit\/equipamiento-y-ropa-para-artes-marciales-y-deportes-de-combate\/\"},{\"@type\":\"ListItem\",\"position\":4,\"name\":\"MMA\",\"item\":\"https:\/\/www.daisho.be\/es\/categorie-produit\/equipamiento-y-ropa-para-artes-marciales-y-deportes-de-combate\/mma-es\/\"},{\"@type\":\"ListItem\",\"position\":5,\"name\":\"Equipo de entrenamiento de MMA\",\"item\":\"https:\/\/www.daisho.be\/es\/categorie-produit\/equipamiento-y-ropa-para-artes-marciales-y-deportes-de-combate\/mma-es\/equipo-de-entrenamiento-de-mma\/\"},{\"@type\":\"ListItem\",\"position\":6,\"name\":\"adidas Armpad de Luxe Negro\"}]},{\"@type\":\"WebSite\",\"@id\":\"https:\/\/www.daisho.be\/es\/#website\",\"url\":\"https:\/\/www.daisho.be\/es\/\",\"name\":\"Daisho\",\"description\":\"Sp&eacute;cialiste de l'&eacute;quipement sportif d'arts martiaux\",\"publisher\":{\"@id\":\"https:\/\/www.daisho.be\/es\/#organization\"},\"potentialAction\":[{\"@type\":\"SearchAction\",\"target\":{\"@type\":\"EntryPoint\",\"urlTemplate\":\"https:\/\/www.daisho.be\/es\/?s={search_term_string}\"},\"query-input\":{\"@type\":\"PropertyValueSpecification\",\"valueRequired\":true,\"valueName\":\"search_term_string\"}}],\"inLanguage\":\"es\"},{\"@type\":\"Organization\",\"@id\":\"https:\/\/www.daisho.be\/es\/#organization\",\"name\":\"Daisho\",\"url\":\"https:\/\/www.daisho.be\/es\/\",\"logo\":{\"@type\":\"ImageObject\",\"inLanguage\":\"es\",\"@id\":\"https:\/\/www.daisho.be\/es\/#\/schema\/logo\/image\/\",\"url\":\"https:\/\/www.daisho.be\/wp-content\/uploads\/2019\/07\/color-nothing-horizontale4x-e1564486100247.png\",\"contentUrl\":\"https:\/\/www.daisho.be\/wp-content\/uploads\/2019\/07\/color-nothing-horizontale4x-e1564486100247.png\",\"width\":1547,\"height\":385,\"caption\":\"Daisho\"},\"image\":{\"@id\":\"https:\/\/www.daisho.be\/es\/#\/schema\/logo\/image\/\"}}]}<\/script>\n<!-- \/ Yoast SEO plugin. -->","yoast_head_json":{"title":"adidas Armpad de Luxe Negro &#8211; Daisho","description":"Descubre el escudo para el brazo, adecuado para todas las artes marciales y tanto para entrenadores como para alumnos. C\u00f3mpralo en www.daisho.be|Daisho","robots":{"index":"index","follow":"follow","max-snippet":"max-snippet:-1","max-image-preview":"max-image-preview:large","max-video-preview":"max-video-preview:-1"},"canonical":"https:\/\/www.daisho.be\/es\/produit\/adidas-armpad-de-luxe-negro\/","og_locale":"es_ES","og_type":"article","og_title":"adidas Armpad de Luxe Negro &#8211; Daisho","og_description":"Descubre el escudo para el brazo, adecuado para todas las artes marciales y tanto para entrenadores como para alumnos. C\u00f3mpralo en www.daisho.be|Daisho","og_url":"https:\/\/www.daisho.be\/es\/produit\/adidas-armpad-de-luxe-negro\/","og_site_name":"Daisho","article_modified_time":"2025-10-09T12:08:03+00:00","og_image":[{"width":650,"height":650,"url":"https:\/\/www.daisho.be\/wp-content\/uploads\/2024\/01\/image-259.jpg","type":"image\/jpeg"}],"twitter_card":"summary_large_image","twitter_misc":{"Tiempo de lectura":"1 minuto"},"schema":{"@context":"https:\/\/schema.org","@graph":[{"@type":"WebPage","@id":"https:\/\/www.daisho.be\/es\/produit\/adidas-armpad-de-luxe-negro\/","url":"https:\/\/www.daisho.be\/es\/produit\/adidas-armpad-de-luxe-negro\/","name":"adidas Armpad de Luxe Negro &#8211; Daisho","isPartOf":{"@id":"https:\/\/www.daisho.be\/es\/#website"},"primaryImageOfPage":{"@id":"https:\/\/www.daisho.be\/es\/produit\/adidas-armpad-de-luxe-negro\/#primaryimage"},"image":{"@id":"https:\/\/www.daisho.be\/es\/produit\/adidas-armpad-de-luxe-negro\/#primaryimage"},"thumbnailUrl":"https:\/\/www.daisho.be\/wp-content\/uploads\/2024\/01\/image-259.jpg","datePublished":"2021-07-18T09:28:10+00:00","dateModified":"2025-10-09T12:08:03+00:00","description":"Descubre el escudo para el brazo, adecuado para todas las artes marciales y tanto para entrenadores como para alumnos. C\u00f3mpralo en www.daisho.be|Daisho","breadcrumb":{"@id":"https:\/\/www.daisho.be\/es\/produit\/adidas-armpad-de-luxe-negro\/#breadcrumb"},"inLanguage":"es","potentialAction":[{"@type":"ReadAction","target":["https:\/\/www.daisho.be\/es\/produit\/adidas-armpad-de-luxe-negro\/"]}]},{"@type":"ImageObject","inLanguage":"es","@id":"https:\/\/www.daisho.be\/es\/produit\/adidas-armpad-de-luxe-negro\/#primaryimage","url":"https:\/\/www.daisho.be\/wp-content\/uploads\/2024\/01\/image-259.jpg","contentUrl":"https:\/\/www.daisho.be\/wp-content\/uploads\/2024\/01\/image-259.jpg","width":650,"height":650,"caption":"adidas Armpad de Luxe Negro-1"},{"@type":"BreadcrumbList","@id":"https:\/\/www.daisho.be\/es\/produit\/adidas-armpad-de-luxe-negro\/#breadcrumb","itemListElement":[{"@type":"ListItem","position":1,"name":"Accueil","item":"https:\/\/www.daisho.be\/es\/"},{"@type":"ListItem","position":2,"name":"Productos","item":"https:\/\/www.daisho.be\/es\/productos\/"},{"@type":"ListItem","position":3,"name":"Equipamiento y ropa para artes marciales y deportes de combate","item":"https:\/\/www.daisho.be\/es\/categorie-produit\/equipamiento-y-ropa-para-artes-marciales-y-deportes-de-combate\/"},{"@type":"ListItem","position":4,"name":"MMA","item":"https:\/\/www.daisho.be\/es\/categorie-produit\/equipamiento-y-ropa-para-artes-marciales-y-deportes-de-combate\/mma-es\/"},{"@type":"ListItem","position":5,"name":"Equipo de entrenamiento de MMA","item":"https:\/\/www.daisho.be\/es\/categorie-produit\/equipamiento-y-ropa-para-artes-marciales-y-deportes-de-combate\/mma-es\/equipo-de-entrenamiento-de-mma\/"},{"@type":"ListItem","position":6,"name":"adidas Armpad de Luxe Negro"}]},{"@type":"WebSite","@id":"https:\/\/www.daisho.be\/es\/#website","url":"https:\/\/www.daisho.be\/es\/","name":"Daisho","description":"Sp&eacute;cialiste de l'&eacute;quipement sportif d'arts martiaux","publisher":{"@id":"https:\/\/www.daisho.be\/es\/#organization"},"potentialAction":[{"@type":"SearchAction","target":{"@type":"EntryPoint","urlTemplate":"https:\/\/www.daisho.be\/es\/?s={search_term_string}"},"query-input":{"@type":"PropertyValueSpecification","valueRequired":true,"valueName":"search_term_string"}}],"inLanguage":"es"},{"@type":"Organization","@id":"https:\/\/www.daisho.be\/es\/#organization","name":"Daisho","url":"https:\/\/www.daisho.be\/es\/","logo":{"@type":"ImageObject","inLanguage":"es","@id":"https:\/\/www.daisho.be\/es\/#\/schema\/logo\/image\/","url":"https:\/\/www.daisho.be\/wp-content\/uploads\/2019\/07\/color-nothing-horizontale4x-e1564486100247.png","contentUrl":"https:\/\/www.daisho.be\/wp-content\/uploads\/2019\/07\/color-nothing-horizontale4x-e1564486100247.png","width":1547,"height":385,"caption":"Daisho"},"image":{"@id":"https:\/\/www.daisho.be\/es\/#\/schema\/logo\/image\/"}}]}},"_links":{"self":[{"href":"https:\/\/www.daisho.be\/es\/wp-json\/wp\/v2\/product\/348958","targetHints":{"allow":["GET"]}}],"collection":[{"href":"https:\/\/www.daisho.be\/es\/wp-json\/wp\/v2\/product"}],"about":[{"href":"https:\/\/www.daisho.be\/es\/wp-json\/wp\/v2\/types\/product"}],"replies":[{"embeddable":true,"href":"https:\/\/www.daisho.be\/es\/wp-json\/wp\/v2\/comments?post=348958"}],"wp:featuredmedia":[{"embeddable":true,"href":"https:\/\/www.daisho.be\/es\/wp-json\/wp\/v2\/media\/363495"}],"wp:attachment":[{"href":"https:\/\/www.daisho.be\/es\/wp-json\/wp\/v2\/media?parent=348958"}],"wp:term":[{"taxonomy":"product_brand","embeddable":true,"href":"https:\/\/www.daisho.be\/es\/wp-json\/wp\/v2\/product_brand?post=348958"},{"taxonomy":"product_cat","embeddable":true,"href":"https:\/\/www.daisho.be\/es\/wp-json\/wp\/v2\/product_cat?post=348958"},{"taxonomy":"product_tag","embeddable":true,"href":"https:\/\/www.daisho.be\/es\/wp-json\/wp\/v2\/product_tag?post=348958"},{"taxonomy":"sport","embeddable":true,"href":"https:\/\/www.daisho.be\/es\/wp-json\/wp\/v2\/sport?post=348958"}],"curies":[{"name":"wp","href":"https:\/\/api.w.org\/{rel}","templated":true}]}}