{"id":348930,"date":"2021-03-03T16:12:47","date_gmt":"2021-03-03T15:12:47","guid":{"rendered":"https:\/\/www.daisho.be\/produit\/set-de-entrenamiento-home-rosa\/"},"modified":"2025-12-11T12:17:20","modified_gmt":"2025-12-11T11:17:20","slug":"set-de-entrenamiento-home-rosa","status":"publish","type":"product","link":"https:\/\/www.daisho.be\/es\/produit\/set-de-entrenamiento-home-rosa\/","title":{"rendered":"Set de entrenamiento \u00abHome\u00bb &#8211; Rosa"},"content":{"rendered":"<p>Ll\u00e9vate tu entrenamiento a casa con el vers\u00e1til Set de Entrenamiento Edici\u00f3n Hogar<br \/>\nEl Set de Entrenamiento Edici\u00f3n Hogar AirTrack ofrece un set vers\u00e1til para el entrenamiento de ejercicios acrob\u00e1ticos en casa. El AirFloor Home proporciona una base hinchable para las habilidades b\u00e1sicas. Con el AirBoard y el AirBlock, se puede crear una superficie de salto reforzada para saltos, brincos y volteretas. El AirBoard tambi\u00e9n puede utilizarse para ampliar la base un metro.<br \/>\nTanto si est\u00e1s en casa, de vacaciones o en casa de un amigo, puedes seguir entrenando como en el gimnasio. Gracias a sus dimensiones compactas, s\u00f3lo tienes que elegir el lugar y empezar a entrenar. Un resistente velcro mantiene las colchonetas en su sitio para evitar que se muevan durante el entrenamiento.<br \/>\nEl set incluye una bomba de pie y una bolsa.<br \/>\nUn set completo para entrenar en casa.<br \/>\n5 a\u00f1os de garant\u00eda.<br \/>\nProtecci\u00f3n extra de las costuras.     <\/p>\n","protected":false},"excerpt":{"rendered":"<p>Ll\u00e9vate tu entrenamiento a casa con el vers\u00e1til Set de Entrenamiento Edici\u00f3n Hogar El Set de Entrenamiento Edici\u00f3n Hogar AirTrack ofrece un set vers\u00e1til para el entrenamiento de ejercicios acrob\u00e1ticos en casa. El AirFloor Home proporciona una base hinchable para las habilidades b\u00e1sicas. Con el AirBoard y el AirBlock, se puede crear una superficie de [&hellip;]<\/p>\n","protected":false},"featured_media":324202,"comment_status":"open","ping_status":"closed","template":"","meta":{"inline_featured_image":false},"product_brand":[],"product_cat":[1612],"product_tag":[1615,2552],"sport":[],"class_list":{"0":"post-348930","1":"product","2":"type-product","3":"status-publish","4":"has-post-thumbnail","6":"product_cat-alfombras","7":"product_tag-airtrack-es","8":"product_tag-cita","9":"pa_size-sans-taille","11":"first","12":"instock","13":"taxable","14":"shipping-taxable","15":"purchasable","16":"product-type-variable"},"yoast_head":"<!-- This site is optimized with the Yoast SEO plugin v27.2 - https:\/\/yoast.com\/product\/yoast-seo-wordpress\/ -->\n<title>Set de entrenamiento &quot;Home&quot; - Rosa &#8211; Daisho<\/title>\n<meta name=\"robots\" content=\"index, follow, max-snippet:-1, max-image-preview:large, max-video-preview:-1\" \/>\n<link rel=\"canonical\" href=\"https:\/\/www.daisho.be\/es\/produit\/set-de-entrenamiento-home-rosa\/\" \/>\n<meta property=\"og:locale\" content=\"es_ES\" \/>\n<meta property=\"og:type\" content=\"article\" \/>\n<meta property=\"og:title\" content=\"Set de entrenamiento &quot;Home&quot; - Rosa &#8211; Daisho\" \/>\n<meta property=\"og:description\" content=\"Ll\u00e9vate tu entrenamiento a casa con el vers\u00e1til Set de Entrenamiento Edici\u00f3n Hogar El Set de Entrenamiento Edici\u00f3n Hogar AirTrack ofrece un set vers\u00e1til para el entrenamiento de ejercicios acrob\u00e1ticos en casa. El AirFloor Home proporciona una base hinchable para las habilidades b\u00e1sicas. Con el AirBoard y el AirBlock, se puede crear una superficie de [&hellip;]\" \/>\n<meta property=\"og:url\" content=\"https:\/\/www.daisho.be\/es\/produit\/set-de-entrenamiento-home-rosa\/\" \/>\n<meta property=\"og:site_name\" content=\"Daisho\" \/>\n<meta property=\"article:modified_time\" content=\"2025-12-11T11:17:20+00:00\" \/>\n<meta property=\"og:image\" content=\"https:\/\/www.daisho.be\/wp-content\/uploads\/2021\/03\/image-214.png\" \/>\n\t<meta property=\"og:image:width\" content=\"602\" \/>\n\t<meta property=\"og:image:height\" content=\"276\" \/>\n\t<meta property=\"og:image:type\" content=\"image\/png\" \/>\n<meta name=\"twitter:card\" content=\"summary_large_image\" \/>\n<meta name=\"twitter:label1\" content=\"Tiempo de lectura\" \/>\n\t<meta name=\"twitter:data1\" content=\"1 minuto\" \/>\n<script type=\"application\/ld+json\" class=\"yoast-schema-graph\">{\"@context\":\"https:\/\/schema.org\",\"@graph\":[{\"@type\":\"WebPage\",\"@id\":\"https:\/\/www.daisho.be\/es\/produit\/set-de-entrenamiento-home-rosa\/\",\"url\":\"https:\/\/www.daisho.be\/es\/produit\/set-de-entrenamiento-home-rosa\/\",\"name\":\"Set de entrenamiento \\\"Home\\\" - Rosa &#8211; Daisho\",\"isPartOf\":{\"@id\":\"https:\/\/www.daisho.be\/es\/#website\"},\"primaryImageOfPage\":{\"@id\":\"https:\/\/www.daisho.be\/es\/produit\/set-de-entrenamiento-home-rosa\/#primaryimage\"},\"image\":{\"@id\":\"https:\/\/www.daisho.be\/es\/produit\/set-de-entrenamiento-home-rosa\/#primaryimage\"},\"thumbnailUrl\":\"https:\/\/www.daisho.be\/wp-content\/uploads\/2021\/03\/image-214.png\",\"datePublished\":\"2021-03-03T15:12:47+00:00\",\"dateModified\":\"2025-12-11T11:17:20+00:00\",\"breadcrumb\":{\"@id\":\"https:\/\/www.daisho.be\/es\/produit\/set-de-entrenamiento-home-rosa\/#breadcrumb\"},\"inLanguage\":\"es\",\"potentialAction\":[{\"@type\":\"ReadAction\",\"target\":[\"https:\/\/www.daisho.be\/es\/produit\/set-de-entrenamiento-home-rosa\/\"]}]},{\"@type\":\"ImageObject\",\"inLanguage\":\"es\",\"@id\":\"https:\/\/www.daisho.be\/es\/produit\/set-de-entrenamiento-home-rosa\/#primaryimage\",\"url\":\"https:\/\/www.daisho.be\/wp-content\/uploads\/2021\/03\/image-214.png\",\"contentUrl\":\"https:\/\/www.daisho.be\/wp-content\/uploads\/2021\/03\/image-214.png\",\"width\":602,\"height\":276,\"caption\":\"Juego de entrenamiento \\\"Home\\\" - Rose-1\"},{\"@type\":\"BreadcrumbList\",\"@id\":\"https:\/\/www.daisho.be\/es\/produit\/set-de-entrenamiento-home-rosa\/#breadcrumb\",\"itemListElement\":[{\"@type\":\"ListItem\",\"position\":1,\"name\":\"Accueil\",\"item\":\"https:\/\/www.daisho.be\/es\/\"},{\"@type\":\"ListItem\",\"position\":2,\"name\":\"Productos\",\"item\":\"https:\/\/www.daisho.be\/es\/productos\/\"},{\"@type\":\"ListItem\",\"position\":3,\"name\":\"Deportes de combate\",\"item\":\"https:\/\/www.daisho.be\/es\/categorie-produit\/deportes-de-combate\/\"},{\"@type\":\"ListItem\",\"position\":4,\"name\":\"Alfombras\",\"item\":\"https:\/\/www.daisho.be\/es\/categorie-produit\/deportes-de-combate\/alfombras\/\"},{\"@type\":\"ListItem\",\"position\":5,\"name\":\"Set de entrenamiento \u00abHome\u00bb &#8211; Rosa\"}]},{\"@type\":\"WebSite\",\"@id\":\"https:\/\/www.daisho.be\/es\/#website\",\"url\":\"https:\/\/www.daisho.be\/es\/\",\"name\":\"Daisho\",\"description\":\"Sp&eacute;cialiste de l'&eacute;quipement sportif d'arts martiaux\",\"publisher\":{\"@id\":\"https:\/\/www.daisho.be\/es\/#organization\"},\"potentialAction\":[{\"@type\":\"SearchAction\",\"target\":{\"@type\":\"EntryPoint\",\"urlTemplate\":\"https:\/\/www.daisho.be\/es\/?s={search_term_string}\"},\"query-input\":{\"@type\":\"PropertyValueSpecification\",\"valueRequired\":true,\"valueName\":\"search_term_string\"}}],\"inLanguage\":\"es\"},{\"@type\":\"Organization\",\"@id\":\"https:\/\/www.daisho.be\/es\/#organization\",\"name\":\"Daisho\",\"url\":\"https:\/\/www.daisho.be\/es\/\",\"logo\":{\"@type\":\"ImageObject\",\"inLanguage\":\"es\",\"@id\":\"https:\/\/www.daisho.be\/es\/#\/schema\/logo\/image\/\",\"url\":\"https:\/\/www.daisho.be\/wp-content\/uploads\/2019\/07\/color-nothing-horizontale4x-e1564486100247.png\",\"contentUrl\":\"https:\/\/www.daisho.be\/wp-content\/uploads\/2019\/07\/color-nothing-horizontale4x-e1564486100247.png\",\"width\":1547,\"height\":385,\"caption\":\"Daisho\"},\"image\":{\"@id\":\"https:\/\/www.daisho.be\/es\/#\/schema\/logo\/image\/\"}}]}<\/script>\n<!-- \/ Yoast SEO plugin. -->","yoast_head_json":{"title":"Set de entrenamiento \"Home\" - Rosa &#8211; Daisho","robots":{"index":"index","follow":"follow","max-snippet":"max-snippet:-1","max-image-preview":"max-image-preview:large","max-video-preview":"max-video-preview:-1"},"canonical":"https:\/\/www.daisho.be\/es\/produit\/set-de-entrenamiento-home-rosa\/","og_locale":"es_ES","og_type":"article","og_title":"Set de entrenamiento \"Home\" - Rosa &#8211; Daisho","og_description":"Ll\u00e9vate tu entrenamiento a casa con el vers\u00e1til Set de Entrenamiento Edici\u00f3n Hogar El Set de Entrenamiento Edici\u00f3n Hogar AirTrack ofrece un set vers\u00e1til para el entrenamiento de ejercicios acrob\u00e1ticos en casa. El AirFloor Home proporciona una base hinchable para las habilidades b\u00e1sicas. Con el AirBoard y el AirBlock, se puede crear una superficie de [&hellip;]","og_url":"https:\/\/www.daisho.be\/es\/produit\/set-de-entrenamiento-home-rosa\/","og_site_name":"Daisho","article_modified_time":"2025-12-11T11:17:20+00:00","og_image":[{"width":602,"height":276,"url":"https:\/\/www.daisho.be\/wp-content\/uploads\/2021\/03\/image-214.png","type":"image\/png"}],"twitter_card":"summary_large_image","twitter_misc":{"Tiempo de lectura":"1 minuto"},"schema":{"@context":"https:\/\/schema.org","@graph":[{"@type":"WebPage","@id":"https:\/\/www.daisho.be\/es\/produit\/set-de-entrenamiento-home-rosa\/","url":"https:\/\/www.daisho.be\/es\/produit\/set-de-entrenamiento-home-rosa\/","name":"Set de entrenamiento \"Home\" - Rosa &#8211; Daisho","isPartOf":{"@id":"https:\/\/www.daisho.be\/es\/#website"},"primaryImageOfPage":{"@id":"https:\/\/www.daisho.be\/es\/produit\/set-de-entrenamiento-home-rosa\/#primaryimage"},"image":{"@id":"https:\/\/www.daisho.be\/es\/produit\/set-de-entrenamiento-home-rosa\/#primaryimage"},"thumbnailUrl":"https:\/\/www.daisho.be\/wp-content\/uploads\/2021\/03\/image-214.png","datePublished":"2021-03-03T15:12:47+00:00","dateModified":"2025-12-11T11:17:20+00:00","breadcrumb":{"@id":"https:\/\/www.daisho.be\/es\/produit\/set-de-entrenamiento-home-rosa\/#breadcrumb"},"inLanguage":"es","potentialAction":[{"@type":"ReadAction","target":["https:\/\/www.daisho.be\/es\/produit\/set-de-entrenamiento-home-rosa\/"]}]},{"@type":"ImageObject","inLanguage":"es","@id":"https:\/\/www.daisho.be\/es\/produit\/set-de-entrenamiento-home-rosa\/#primaryimage","url":"https:\/\/www.daisho.be\/wp-content\/uploads\/2021\/03\/image-214.png","contentUrl":"https:\/\/www.daisho.be\/wp-content\/uploads\/2021\/03\/image-214.png","width":602,"height":276,"caption":"Juego de entrenamiento \"Home\" - Rose-1"},{"@type":"BreadcrumbList","@id":"https:\/\/www.daisho.be\/es\/produit\/set-de-entrenamiento-home-rosa\/#breadcrumb","itemListElement":[{"@type":"ListItem","position":1,"name":"Accueil","item":"https:\/\/www.daisho.be\/es\/"},{"@type":"ListItem","position":2,"name":"Productos","item":"https:\/\/www.daisho.be\/es\/productos\/"},{"@type":"ListItem","position":3,"name":"Deportes de combate","item":"https:\/\/www.daisho.be\/es\/categorie-produit\/deportes-de-combate\/"},{"@type":"ListItem","position":4,"name":"Alfombras","item":"https:\/\/www.daisho.be\/es\/categorie-produit\/deportes-de-combate\/alfombras\/"},{"@type":"ListItem","position":5,"name":"Set de entrenamiento \u00abHome\u00bb &#8211; Rosa"}]},{"@type":"WebSite","@id":"https:\/\/www.daisho.be\/es\/#website","url":"https:\/\/www.daisho.be\/es\/","name":"Daisho","description":"Sp&eacute;cialiste de l'&eacute;quipement sportif d'arts martiaux","publisher":{"@id":"https:\/\/www.daisho.be\/es\/#organization"},"potentialAction":[{"@type":"SearchAction","target":{"@type":"EntryPoint","urlTemplate":"https:\/\/www.daisho.be\/es\/?s={search_term_string}"},"query-input":{"@type":"PropertyValueSpecification","valueRequired":true,"valueName":"search_term_string"}}],"inLanguage":"es"},{"@type":"Organization","@id":"https:\/\/www.daisho.be\/es\/#organization","name":"Daisho","url":"https:\/\/www.daisho.be\/es\/","logo":{"@type":"ImageObject","inLanguage":"es","@id":"https:\/\/www.daisho.be\/es\/#\/schema\/logo\/image\/","url":"https:\/\/www.daisho.be\/wp-content\/uploads\/2019\/07\/color-nothing-horizontale4x-e1564486100247.png","contentUrl":"https:\/\/www.daisho.be\/wp-content\/uploads\/2019\/07\/color-nothing-horizontale4x-e1564486100247.png","width":1547,"height":385,"caption":"Daisho"},"image":{"@id":"https:\/\/www.daisho.be\/es\/#\/schema\/logo\/image\/"}}]}},"_links":{"self":[{"href":"https:\/\/www.daisho.be\/es\/wp-json\/wp\/v2\/product\/348930","targetHints":{"allow":["GET"]}}],"collection":[{"href":"https:\/\/www.daisho.be\/es\/wp-json\/wp\/v2\/product"}],"about":[{"href":"https:\/\/www.daisho.be\/es\/wp-json\/wp\/v2\/types\/product"}],"replies":[{"embeddable":true,"href":"https:\/\/www.daisho.be\/es\/wp-json\/wp\/v2\/comments?post=348930"}],"wp:featuredmedia":[{"embeddable":true,"href":"https:\/\/www.daisho.be\/es\/wp-json\/wp\/v2\/media\/324202"}],"wp:attachment":[{"href":"https:\/\/www.daisho.be\/es\/wp-json\/wp\/v2\/media?parent=348930"}],"wp:term":[{"taxonomy":"product_brand","embeddable":true,"href":"https:\/\/www.daisho.be\/es\/wp-json\/wp\/v2\/product_brand?post=348930"},{"taxonomy":"product_cat","embeddable":true,"href":"https:\/\/www.daisho.be\/es\/wp-json\/wp\/v2\/product_cat?post=348930"},{"taxonomy":"product_tag","embeddable":true,"href":"https:\/\/www.daisho.be\/es\/wp-json\/wp\/v2\/product_tag?post=348930"},{"taxonomy":"sport","embeddable":true,"href":"https:\/\/www.daisho.be\/es\/wp-json\/wp\/v2\/sport?post=348930"}],"curies":[{"name":"wp","href":"https:\/\/api.w.org\/{rel}","templated":true}]}}