{"id":348858,"date":"2021-03-03T16:08:07","date_gmt":"2021-03-03T15:08:07","guid":{"rendered":"https:\/\/www.daisho.be\/produit\/airtrack-p3-6-x-28-m\/"},"modified":"2025-12-11T12:16:55","modified_gmt":"2025-12-11T11:16:55","slug":"airtrack-p3-6-x-28-m","status":"publish","type":"product","link":"https:\/\/www.daisho.be\/es\/produit\/airtrack-p3-6-x-28-m\/","title":{"rendered":"AirTrack P3 6 x 2,8 m"},"content":{"rendered":"<p>La AirTrack P3 de 30 cm de grosor es nuestra pista m\u00e1s vers\u00e1til.<br \/>\nJugando con la presi\u00f3n del aire, esta pista de 30 cm de grosor puede suavizarse para un rebote lento y f\u00e1cil, o reafirmarse para un rebote r\u00e1pido y t\u00e9cnico.<br \/>\nLa AirTrack m\u00e1s vers\u00e1til.<br \/>\nProtecci\u00f3n de las costuras.<br \/>\n5 a\u00f1os de garant\u00eda.<\/p>\n","protected":false},"excerpt":{"rendered":"<p>La AirTrack P3 de 30 cm de grosor es nuestra pista m\u00e1s vers\u00e1til. Jugando con la presi\u00f3n del aire, esta pista de 30 cm de grosor puede suavizarse para un rebote lento y f\u00e1cil, o reafirmarse para un rebote r\u00e1pido y t\u00e9cnico. La AirTrack m\u00e1s vers\u00e1til. Protecci\u00f3n de las costuras. 5 a\u00f1os de garant\u00eda.<\/p>\n","protected":false},"featured_media":547415,"comment_status":"open","ping_status":"closed","template":"","meta":{"inline_featured_image":false},"product_brand":[],"product_cat":[1612],"product_tag":[1615,2552],"sport":[],"class_list":{"0":"post-348858","1":"product","2":"type-product","3":"status-publish","4":"has-post-thumbnail","6":"product_cat-alfombras","7":"product_tag-airtrack-es","8":"product_tag-cita","9":"product_shipping_class-productos-voluminosos-es","10":"pa_size-sans-taille-defaut","12":"first","13":"instock","14":"taxable","15":"shipping-taxable","16":"purchasable","17":"product-type-variable"},"yoast_head":"<!-- This site is optimized with the Yoast SEO plugin v27.2 - https:\/\/yoast.com\/product\/yoast-seo-wordpress\/ -->\n<title>AirTrack P3 6 x 2,8 m &#8211; Daisho<\/title>\n<meta name=\"robots\" content=\"index, follow, max-snippet:-1, max-image-preview:large, max-video-preview:-1\" \/>\n<link rel=\"canonical\" href=\"https:\/\/www.daisho.be\/es\/produit\/airtrack-p3-6-x-28-m\/\" \/>\n<meta property=\"og:locale\" content=\"es_ES\" \/>\n<meta property=\"og:type\" content=\"article\" \/>\n<meta property=\"og:title\" content=\"AirTrack P3 6 x 2,8 m &#8211; Daisho\" \/>\n<meta property=\"og:description\" content=\"La AirTrack P3 de 30 cm de grosor es nuestra pista m\u00e1s vers\u00e1til. Jugando con la presi\u00f3n del aire, esta pista de 30 cm de grosor puede suavizarse para un rebote lento y f\u00e1cil, o reafirmarse para un rebote r\u00e1pido y t\u00e9cnico. La AirTrack m\u00e1s vers\u00e1til. Protecci\u00f3n de las costuras. 5 a\u00f1os de garant\u00eda.\" \/>\n<meta property=\"og:url\" content=\"https:\/\/www.daisho.be\/es\/produit\/airtrack-p3-6-x-28-m\/\" \/>\n<meta property=\"og:site_name\" content=\"Daisho\" \/>\n<meta property=\"article:modified_time\" content=\"2025-12-11T11:16:55+00:00\" \/>\n<meta property=\"og:image\" content=\"https:\/\/www.daisho.be\/wp-content\/uploads\/2025\/08\/image-97.png\" \/>\n\t<meta property=\"og:image:width\" content=\"1478\" \/>\n\t<meta property=\"og:image:height\" content=\"683\" \/>\n\t<meta property=\"og:image:type\" content=\"image\/png\" \/>\n<meta name=\"twitter:card\" content=\"summary_large_image\" \/>\n<script type=\"application\/ld+json\" class=\"yoast-schema-graph\">{\"@context\":\"https:\/\/schema.org\",\"@graph\":[{\"@type\":\"WebPage\",\"@id\":\"https:\/\/www.daisho.be\/es\/produit\/airtrack-p3-6-x-28-m\/\",\"url\":\"https:\/\/www.daisho.be\/es\/produit\/airtrack-p3-6-x-28-m\/\",\"name\":\"AirTrack P3 6 x 2,8 m &#8211; Daisho\",\"isPartOf\":{\"@id\":\"https:\/\/www.daisho.be\/es\/#website\"},\"primaryImageOfPage\":{\"@id\":\"https:\/\/www.daisho.be\/es\/produit\/airtrack-p3-6-x-28-m\/#primaryimage\"},\"image\":{\"@id\":\"https:\/\/www.daisho.be\/es\/produit\/airtrack-p3-6-x-28-m\/#primaryimage\"},\"thumbnailUrl\":\"https:\/\/www.daisho.be\/wp-content\/uploads\/2025\/08\/image-97.png\",\"datePublished\":\"2021-03-03T15:08:07+00:00\",\"dateModified\":\"2025-12-11T11:16:55+00:00\",\"breadcrumb\":{\"@id\":\"https:\/\/www.daisho.be\/es\/produit\/airtrack-p3-6-x-28-m\/#breadcrumb\"},\"inLanguage\":\"es\",\"potentialAction\":[{\"@type\":\"ReadAction\",\"target\":[\"https:\/\/www.daisho.be\/es\/produit\/airtrack-p3-6-x-28-m\/\"]}]},{\"@type\":\"ImageObject\",\"inLanguage\":\"es\",\"@id\":\"https:\/\/www.daisho.be\/es\/produit\/airtrack-p3-6-x-28-m\/#primaryimage\",\"url\":\"https:\/\/www.daisho.be\/wp-content\/uploads\/2025\/08\/image-97.png\",\"contentUrl\":\"https:\/\/www.daisho.be\/wp-content\/uploads\/2025\/08\/image-97.png\",\"width\":1478,\"height\":683,\"caption\":\"AirTrack P3 6 x 2,8 m-1\"},{\"@type\":\"BreadcrumbList\",\"@id\":\"https:\/\/www.daisho.be\/es\/produit\/airtrack-p3-6-x-28-m\/#breadcrumb\",\"itemListElement\":[{\"@type\":\"ListItem\",\"position\":1,\"name\":\"Accueil\",\"item\":\"https:\/\/www.daisho.be\/es\/\"},{\"@type\":\"ListItem\",\"position\":2,\"name\":\"Productos\",\"item\":\"https:\/\/www.daisho.be\/es\/productos\/\"},{\"@type\":\"ListItem\",\"position\":3,\"name\":\"Deportes de combate\",\"item\":\"https:\/\/www.daisho.be\/es\/categorie-produit\/deportes-de-combate\/\"},{\"@type\":\"ListItem\",\"position\":4,\"name\":\"Alfombras\",\"item\":\"https:\/\/www.daisho.be\/es\/categorie-produit\/deportes-de-combate\/alfombras\/\"},{\"@type\":\"ListItem\",\"position\":5,\"name\":\"AirTrack P3 6 x 2,8 m\"}]},{\"@type\":\"WebSite\",\"@id\":\"https:\/\/www.daisho.be\/es\/#website\",\"url\":\"https:\/\/www.daisho.be\/es\/\",\"name\":\"Daisho\",\"description\":\"Sp&eacute;cialiste de l'&eacute;quipement sportif d'arts martiaux\",\"publisher\":{\"@id\":\"https:\/\/www.daisho.be\/es\/#organization\"},\"potentialAction\":[{\"@type\":\"SearchAction\",\"target\":{\"@type\":\"EntryPoint\",\"urlTemplate\":\"https:\/\/www.daisho.be\/es\/?s={search_term_string}\"},\"query-input\":{\"@type\":\"PropertyValueSpecification\",\"valueRequired\":true,\"valueName\":\"search_term_string\"}}],\"inLanguage\":\"es\"},{\"@type\":\"Organization\",\"@id\":\"https:\/\/www.daisho.be\/es\/#organization\",\"name\":\"Daisho\",\"url\":\"https:\/\/www.daisho.be\/es\/\",\"logo\":{\"@type\":\"ImageObject\",\"inLanguage\":\"es\",\"@id\":\"https:\/\/www.daisho.be\/es\/#\/schema\/logo\/image\/\",\"url\":\"https:\/\/www.daisho.be\/wp-content\/uploads\/2019\/07\/color-nothing-horizontale4x-e1564486100247.png\",\"contentUrl\":\"https:\/\/www.daisho.be\/wp-content\/uploads\/2019\/07\/color-nothing-horizontale4x-e1564486100247.png\",\"width\":1547,\"height\":385,\"caption\":\"Daisho\"},\"image\":{\"@id\":\"https:\/\/www.daisho.be\/es\/#\/schema\/logo\/image\/\"}}]}<\/script>\n<!-- \/ Yoast SEO plugin. -->","yoast_head_json":{"title":"AirTrack P3 6 x 2,8 m &#8211; Daisho","robots":{"index":"index","follow":"follow","max-snippet":"max-snippet:-1","max-image-preview":"max-image-preview:large","max-video-preview":"max-video-preview:-1"},"canonical":"https:\/\/www.daisho.be\/es\/produit\/airtrack-p3-6-x-28-m\/","og_locale":"es_ES","og_type":"article","og_title":"AirTrack P3 6 x 2,8 m &#8211; Daisho","og_description":"La AirTrack P3 de 30 cm de grosor es nuestra pista m\u00e1s vers\u00e1til. Jugando con la presi\u00f3n del aire, esta pista de 30 cm de grosor puede suavizarse para un rebote lento y f\u00e1cil, o reafirmarse para un rebote r\u00e1pido y t\u00e9cnico. La AirTrack m\u00e1s vers\u00e1til. Protecci\u00f3n de las costuras. 5 a\u00f1os de garant\u00eda.","og_url":"https:\/\/www.daisho.be\/es\/produit\/airtrack-p3-6-x-28-m\/","og_site_name":"Daisho","article_modified_time":"2025-12-11T11:16:55+00:00","og_image":[{"width":1478,"height":683,"url":"https:\/\/www.daisho.be\/wp-content\/uploads\/2025\/08\/image-97.png","type":"image\/png"}],"twitter_card":"summary_large_image","schema":{"@context":"https:\/\/schema.org","@graph":[{"@type":"WebPage","@id":"https:\/\/www.daisho.be\/es\/produit\/airtrack-p3-6-x-28-m\/","url":"https:\/\/www.daisho.be\/es\/produit\/airtrack-p3-6-x-28-m\/","name":"AirTrack P3 6 x 2,8 m &#8211; Daisho","isPartOf":{"@id":"https:\/\/www.daisho.be\/es\/#website"},"primaryImageOfPage":{"@id":"https:\/\/www.daisho.be\/es\/produit\/airtrack-p3-6-x-28-m\/#primaryimage"},"image":{"@id":"https:\/\/www.daisho.be\/es\/produit\/airtrack-p3-6-x-28-m\/#primaryimage"},"thumbnailUrl":"https:\/\/www.daisho.be\/wp-content\/uploads\/2025\/08\/image-97.png","datePublished":"2021-03-03T15:08:07+00:00","dateModified":"2025-12-11T11:16:55+00:00","breadcrumb":{"@id":"https:\/\/www.daisho.be\/es\/produit\/airtrack-p3-6-x-28-m\/#breadcrumb"},"inLanguage":"es","potentialAction":[{"@type":"ReadAction","target":["https:\/\/www.daisho.be\/es\/produit\/airtrack-p3-6-x-28-m\/"]}]},{"@type":"ImageObject","inLanguage":"es","@id":"https:\/\/www.daisho.be\/es\/produit\/airtrack-p3-6-x-28-m\/#primaryimage","url":"https:\/\/www.daisho.be\/wp-content\/uploads\/2025\/08\/image-97.png","contentUrl":"https:\/\/www.daisho.be\/wp-content\/uploads\/2025\/08\/image-97.png","width":1478,"height":683,"caption":"AirTrack P3 6 x 2,8 m-1"},{"@type":"BreadcrumbList","@id":"https:\/\/www.daisho.be\/es\/produit\/airtrack-p3-6-x-28-m\/#breadcrumb","itemListElement":[{"@type":"ListItem","position":1,"name":"Accueil","item":"https:\/\/www.daisho.be\/es\/"},{"@type":"ListItem","position":2,"name":"Productos","item":"https:\/\/www.daisho.be\/es\/productos\/"},{"@type":"ListItem","position":3,"name":"Deportes de combate","item":"https:\/\/www.daisho.be\/es\/categorie-produit\/deportes-de-combate\/"},{"@type":"ListItem","position":4,"name":"Alfombras","item":"https:\/\/www.daisho.be\/es\/categorie-produit\/deportes-de-combate\/alfombras\/"},{"@type":"ListItem","position":5,"name":"AirTrack P3 6 x 2,8 m"}]},{"@type":"WebSite","@id":"https:\/\/www.daisho.be\/es\/#website","url":"https:\/\/www.daisho.be\/es\/","name":"Daisho","description":"Sp&eacute;cialiste de l'&eacute;quipement sportif d'arts martiaux","publisher":{"@id":"https:\/\/www.daisho.be\/es\/#organization"},"potentialAction":[{"@type":"SearchAction","target":{"@type":"EntryPoint","urlTemplate":"https:\/\/www.daisho.be\/es\/?s={search_term_string}"},"query-input":{"@type":"PropertyValueSpecification","valueRequired":true,"valueName":"search_term_string"}}],"inLanguage":"es"},{"@type":"Organization","@id":"https:\/\/www.daisho.be\/es\/#organization","name":"Daisho","url":"https:\/\/www.daisho.be\/es\/","logo":{"@type":"ImageObject","inLanguage":"es","@id":"https:\/\/www.daisho.be\/es\/#\/schema\/logo\/image\/","url":"https:\/\/www.daisho.be\/wp-content\/uploads\/2019\/07\/color-nothing-horizontale4x-e1564486100247.png","contentUrl":"https:\/\/www.daisho.be\/wp-content\/uploads\/2019\/07\/color-nothing-horizontale4x-e1564486100247.png","width":1547,"height":385,"caption":"Daisho"},"image":{"@id":"https:\/\/www.daisho.be\/es\/#\/schema\/logo\/image\/"}}]}},"_links":{"self":[{"href":"https:\/\/www.daisho.be\/es\/wp-json\/wp\/v2\/product\/348858","targetHints":{"allow":["GET"]}}],"collection":[{"href":"https:\/\/www.daisho.be\/es\/wp-json\/wp\/v2\/product"}],"about":[{"href":"https:\/\/www.daisho.be\/es\/wp-json\/wp\/v2\/types\/product"}],"replies":[{"embeddable":true,"href":"https:\/\/www.daisho.be\/es\/wp-json\/wp\/v2\/comments?post=348858"}],"wp:featuredmedia":[{"embeddable":true,"href":"https:\/\/www.daisho.be\/es\/wp-json\/wp\/v2\/media\/547415"}],"wp:attachment":[{"href":"https:\/\/www.daisho.be\/es\/wp-json\/wp\/v2\/media?parent=348858"}],"wp:term":[{"taxonomy":"product_brand","embeddable":true,"href":"https:\/\/www.daisho.be\/es\/wp-json\/wp\/v2\/product_brand?post=348858"},{"taxonomy":"product_cat","embeddable":true,"href":"https:\/\/www.daisho.be\/es\/wp-json\/wp\/v2\/product_cat?post=348858"},{"taxonomy":"product_tag","embeddable":true,"href":"https:\/\/www.daisho.be\/es\/wp-json\/wp\/v2\/product_tag?post=348858"},{"taxonomy":"sport","embeddable":true,"href":"https:\/\/www.daisho.be\/es\/wp-json\/wp\/v2\/sport?post=348858"}],"curies":[{"name":"wp","href":"https:\/\/api.w.org\/{rel}","templated":true}]}}