{"id":348793,"date":"2021-03-03T15:28:24","date_gmt":"2021-03-03T14:28:24","guid":{"rendered":"https:\/\/www.daisho.be\/produit\/airfloor-home-5-x-1-m-spark\/"},"modified":"2025-12-11T10:39:56","modified_gmt":"2025-12-11T09:39:56","slug":"airfloor-home-5-x-1-m-spark","status":"publish","type":"product","link":"https:\/\/www.daisho.be\/es\/produit\/airfloor-home-5-x-1-m-spark\/","title":{"rendered":"AirFloor Home 5 x 1 m &#8211; Spark"},"content":{"rendered":"<p>Ll\u00e9vate el gimnasio contigo Con AirFloor Home, puedes entrenar con seguridad en casa. AirFloor Home es ideal para ejercicios de aterrizaje y la presi\u00f3n de aire autorregulable lo hace ideal para rebotar, empujar o saltar. Adecuado para uso en interiores y exteriores. Ideal para ejercicios acrob\u00e1ticos (gimnasia).<br \/>\nCon el nuevo dise\u00f1o y la protecci\u00f3n adicional de las costuras, puedes estar seguro de que el producto durar\u00e1 a\u00f1os.<br \/>\nAirFloor Home incluye una pr\u00e1ctica bolsa de transporte gratuita.<br \/>\n5 a\u00f1os de garant\u00eda.    <\/p>\n","protected":false},"excerpt":{"rendered":"<p>Ll\u00e9vate el gimnasio contigo Con AirFloor Home, puedes entrenar con seguridad en casa. AirFloor Home es ideal para ejercicios de aterrizaje y la presi\u00f3n de aire autorregulable lo hace ideal para rebotar, empujar o saltar. Adecuado para uso en interiores y exteriores. Ideal para ejercicios acrob\u00e1ticos (gimnasia). Con el nuevo dise\u00f1o y la protecci\u00f3n adicional [&hellip;]<\/p>\n","protected":false},"featured_media":545894,"comment_status":"open","ping_status":"closed","template":"","meta":{"inline_featured_image":false},"product_brand":[],"product_cat":[1612],"product_tag":[1615,2552],"sport":[],"class_list":{"0":"post-348793","1":"product","2":"type-product","3":"status-publish","4":"has-post-thumbnail","6":"product_cat-alfombras","7":"product_tag-airtrack-es","8":"product_tag-cita","9":"pa_size-sans-taille-defaut","11":"first","12":"instock","13":"taxable","14":"shipping-taxable","15":"purchasable","16":"product-type-variable"},"yoast_head":"<!-- This site is optimized with the Yoast SEO plugin v27.2 - https:\/\/yoast.com\/product\/yoast-seo-wordpress\/ -->\n<title>AirFloor Home 5 x 1 m - Spark &#8211; Daisho<\/title>\n<meta name=\"robots\" content=\"index, follow, max-snippet:-1, max-image-preview:large, max-video-preview:-1\" \/>\n<link rel=\"canonical\" href=\"https:\/\/www.daisho.be\/es\/produit\/airfloor-home-5-x-1-m-spark\/\" \/>\n<meta property=\"og:locale\" content=\"es_ES\" \/>\n<meta property=\"og:type\" content=\"article\" \/>\n<meta property=\"og:title\" content=\"AirFloor Home 5 x 1 m - Spark &#8211; Daisho\" \/>\n<meta property=\"og:description\" content=\"Ll\u00e9vate el gimnasio contigo Con AirFloor Home, puedes entrenar con seguridad en casa. AirFloor Home es ideal para ejercicios de aterrizaje y la presi\u00f3n de aire autorregulable lo hace ideal para rebotar, empujar o saltar. Adecuado para uso en interiores y exteriores. Ideal para ejercicios acrob\u00e1ticos (gimnasia). Con el nuevo dise\u00f1o y la protecci\u00f3n adicional [&hellip;]\" \/>\n<meta property=\"og:url\" content=\"https:\/\/www.daisho.be\/es\/produit\/airfloor-home-5-x-1-m-spark\/\" \/>\n<meta property=\"og:site_name\" content=\"Daisho\" \/>\n<meta property=\"article:modified_time\" content=\"2025-12-11T09:39:56+00:00\" \/>\n<meta property=\"og:image\" content=\"https:\/\/www.daisho.be\/wp-content\/uploads\/2025\/08\/image-14.png\" \/>\n\t<meta property=\"og:image:width\" content=\"1621\" \/>\n\t<meta property=\"og:image:height\" content=\"907\" \/>\n\t<meta property=\"og:image:type\" content=\"image\/png\" \/>\n<meta name=\"twitter:card\" content=\"summary_large_image\" \/>\n<script type=\"application\/ld+json\" class=\"yoast-schema-graph\">{\"@context\":\"https:\/\/schema.org\",\"@graph\":[{\"@type\":\"WebPage\",\"@id\":\"https:\/\/www.daisho.be\/es\/produit\/airfloor-home-5-x-1-m-spark\/\",\"url\":\"https:\/\/www.daisho.be\/es\/produit\/airfloor-home-5-x-1-m-spark\/\",\"name\":\"AirFloor Home 5 x 1 m - Spark &#8211; Daisho\",\"isPartOf\":{\"@id\":\"https:\/\/www.daisho.be\/es\/#website\"},\"primaryImageOfPage\":{\"@id\":\"https:\/\/www.daisho.be\/es\/produit\/airfloor-home-5-x-1-m-spark\/#primaryimage\"},\"image\":{\"@id\":\"https:\/\/www.daisho.be\/es\/produit\/airfloor-home-5-x-1-m-spark\/#primaryimage\"},\"thumbnailUrl\":\"https:\/\/www.daisho.be\/wp-content\/uploads\/2025\/08\/image-14.png\",\"datePublished\":\"2021-03-03T14:28:24+00:00\",\"dateModified\":\"2025-12-11T09:39:56+00:00\",\"breadcrumb\":{\"@id\":\"https:\/\/www.daisho.be\/es\/produit\/airfloor-home-5-x-1-m-spark\/#breadcrumb\"},\"inLanguage\":\"es\",\"potentialAction\":[{\"@type\":\"ReadAction\",\"target\":[\"https:\/\/www.daisho.be\/es\/produit\/airfloor-home-5-x-1-m-spark\/\"]}]},{\"@type\":\"ImageObject\",\"inLanguage\":\"es\",\"@id\":\"https:\/\/www.daisho.be\/es\/produit\/airfloor-home-5-x-1-m-spark\/#primaryimage\",\"url\":\"https:\/\/www.daisho.be\/wp-content\/uploads\/2025\/08\/image-14.png\",\"contentUrl\":\"https:\/\/www.daisho.be\/wp-content\/uploads\/2025\/08\/image-14.png\",\"width\":1621,\"height\":907,\"caption\":\"AirFloor Home 5 x 1 m - Spark-1\"},{\"@type\":\"BreadcrumbList\",\"@id\":\"https:\/\/www.daisho.be\/es\/produit\/airfloor-home-5-x-1-m-spark\/#breadcrumb\",\"itemListElement\":[{\"@type\":\"ListItem\",\"position\":1,\"name\":\"Accueil\",\"item\":\"https:\/\/www.daisho.be\/es\/\"},{\"@type\":\"ListItem\",\"position\":2,\"name\":\"Productos\",\"item\":\"https:\/\/www.daisho.be\/es\/productos\/\"},{\"@type\":\"ListItem\",\"position\":3,\"name\":\"Deportes de combate\",\"item\":\"https:\/\/www.daisho.be\/es\/categorie-produit\/deportes-de-combate\/\"},{\"@type\":\"ListItem\",\"position\":4,\"name\":\"Alfombras\",\"item\":\"https:\/\/www.daisho.be\/es\/categorie-produit\/deportes-de-combate\/alfombras\/\"},{\"@type\":\"ListItem\",\"position\":5,\"name\":\"AirFloor Home 5 x 1 m &#8211; Spark\"}]},{\"@type\":\"WebSite\",\"@id\":\"https:\/\/www.daisho.be\/es\/#website\",\"url\":\"https:\/\/www.daisho.be\/es\/\",\"name\":\"Daisho\",\"description\":\"Sp&eacute;cialiste de l'&eacute;quipement sportif d'arts martiaux\",\"publisher\":{\"@id\":\"https:\/\/www.daisho.be\/es\/#organization\"},\"potentialAction\":[{\"@type\":\"SearchAction\",\"target\":{\"@type\":\"EntryPoint\",\"urlTemplate\":\"https:\/\/www.daisho.be\/es\/?s={search_term_string}\"},\"query-input\":{\"@type\":\"PropertyValueSpecification\",\"valueRequired\":true,\"valueName\":\"search_term_string\"}}],\"inLanguage\":\"es\"},{\"@type\":\"Organization\",\"@id\":\"https:\/\/www.daisho.be\/es\/#organization\",\"name\":\"Daisho\",\"url\":\"https:\/\/www.daisho.be\/es\/\",\"logo\":{\"@type\":\"ImageObject\",\"inLanguage\":\"es\",\"@id\":\"https:\/\/www.daisho.be\/es\/#\/schema\/logo\/image\/\",\"url\":\"https:\/\/www.daisho.be\/wp-content\/uploads\/2019\/07\/color-nothing-horizontale4x-e1564486100247.png\",\"contentUrl\":\"https:\/\/www.daisho.be\/wp-content\/uploads\/2019\/07\/color-nothing-horizontale4x-e1564486100247.png\",\"width\":1547,\"height\":385,\"caption\":\"Daisho\"},\"image\":{\"@id\":\"https:\/\/www.daisho.be\/es\/#\/schema\/logo\/image\/\"}}]}<\/script>\n<!-- \/ Yoast SEO plugin. -->","yoast_head_json":{"title":"AirFloor Home 5 x 1 m - Spark &#8211; Daisho","robots":{"index":"index","follow":"follow","max-snippet":"max-snippet:-1","max-image-preview":"max-image-preview:large","max-video-preview":"max-video-preview:-1"},"canonical":"https:\/\/www.daisho.be\/es\/produit\/airfloor-home-5-x-1-m-spark\/","og_locale":"es_ES","og_type":"article","og_title":"AirFloor Home 5 x 1 m - Spark &#8211; Daisho","og_description":"Ll\u00e9vate el gimnasio contigo Con AirFloor Home, puedes entrenar con seguridad en casa. AirFloor Home es ideal para ejercicios de aterrizaje y la presi\u00f3n de aire autorregulable lo hace ideal para rebotar, empujar o saltar. Adecuado para uso en interiores y exteriores. Ideal para ejercicios acrob\u00e1ticos (gimnasia). Con el nuevo dise\u00f1o y la protecci\u00f3n adicional [&hellip;]","og_url":"https:\/\/www.daisho.be\/es\/produit\/airfloor-home-5-x-1-m-spark\/","og_site_name":"Daisho","article_modified_time":"2025-12-11T09:39:56+00:00","og_image":[{"width":1621,"height":907,"url":"https:\/\/www.daisho.be\/wp-content\/uploads\/2025\/08\/image-14.png","type":"image\/png"}],"twitter_card":"summary_large_image","schema":{"@context":"https:\/\/schema.org","@graph":[{"@type":"WebPage","@id":"https:\/\/www.daisho.be\/es\/produit\/airfloor-home-5-x-1-m-spark\/","url":"https:\/\/www.daisho.be\/es\/produit\/airfloor-home-5-x-1-m-spark\/","name":"AirFloor Home 5 x 1 m - Spark &#8211; Daisho","isPartOf":{"@id":"https:\/\/www.daisho.be\/es\/#website"},"primaryImageOfPage":{"@id":"https:\/\/www.daisho.be\/es\/produit\/airfloor-home-5-x-1-m-spark\/#primaryimage"},"image":{"@id":"https:\/\/www.daisho.be\/es\/produit\/airfloor-home-5-x-1-m-spark\/#primaryimage"},"thumbnailUrl":"https:\/\/www.daisho.be\/wp-content\/uploads\/2025\/08\/image-14.png","datePublished":"2021-03-03T14:28:24+00:00","dateModified":"2025-12-11T09:39:56+00:00","breadcrumb":{"@id":"https:\/\/www.daisho.be\/es\/produit\/airfloor-home-5-x-1-m-spark\/#breadcrumb"},"inLanguage":"es","potentialAction":[{"@type":"ReadAction","target":["https:\/\/www.daisho.be\/es\/produit\/airfloor-home-5-x-1-m-spark\/"]}]},{"@type":"ImageObject","inLanguage":"es","@id":"https:\/\/www.daisho.be\/es\/produit\/airfloor-home-5-x-1-m-spark\/#primaryimage","url":"https:\/\/www.daisho.be\/wp-content\/uploads\/2025\/08\/image-14.png","contentUrl":"https:\/\/www.daisho.be\/wp-content\/uploads\/2025\/08\/image-14.png","width":1621,"height":907,"caption":"AirFloor Home 5 x 1 m - Spark-1"},{"@type":"BreadcrumbList","@id":"https:\/\/www.daisho.be\/es\/produit\/airfloor-home-5-x-1-m-spark\/#breadcrumb","itemListElement":[{"@type":"ListItem","position":1,"name":"Accueil","item":"https:\/\/www.daisho.be\/es\/"},{"@type":"ListItem","position":2,"name":"Productos","item":"https:\/\/www.daisho.be\/es\/productos\/"},{"@type":"ListItem","position":3,"name":"Deportes de combate","item":"https:\/\/www.daisho.be\/es\/categorie-produit\/deportes-de-combate\/"},{"@type":"ListItem","position":4,"name":"Alfombras","item":"https:\/\/www.daisho.be\/es\/categorie-produit\/deportes-de-combate\/alfombras\/"},{"@type":"ListItem","position":5,"name":"AirFloor Home 5 x 1 m &#8211; Spark"}]},{"@type":"WebSite","@id":"https:\/\/www.daisho.be\/es\/#website","url":"https:\/\/www.daisho.be\/es\/","name":"Daisho","description":"Sp&eacute;cialiste de l'&eacute;quipement sportif d'arts martiaux","publisher":{"@id":"https:\/\/www.daisho.be\/es\/#organization"},"potentialAction":[{"@type":"SearchAction","target":{"@type":"EntryPoint","urlTemplate":"https:\/\/www.daisho.be\/es\/?s={search_term_string}"},"query-input":{"@type":"PropertyValueSpecification","valueRequired":true,"valueName":"search_term_string"}}],"inLanguage":"es"},{"@type":"Organization","@id":"https:\/\/www.daisho.be\/es\/#organization","name":"Daisho","url":"https:\/\/www.daisho.be\/es\/","logo":{"@type":"ImageObject","inLanguage":"es","@id":"https:\/\/www.daisho.be\/es\/#\/schema\/logo\/image\/","url":"https:\/\/www.daisho.be\/wp-content\/uploads\/2019\/07\/color-nothing-horizontale4x-e1564486100247.png","contentUrl":"https:\/\/www.daisho.be\/wp-content\/uploads\/2019\/07\/color-nothing-horizontale4x-e1564486100247.png","width":1547,"height":385,"caption":"Daisho"},"image":{"@id":"https:\/\/www.daisho.be\/es\/#\/schema\/logo\/image\/"}}]}},"_links":{"self":[{"href":"https:\/\/www.daisho.be\/es\/wp-json\/wp\/v2\/product\/348793","targetHints":{"allow":["GET"]}}],"collection":[{"href":"https:\/\/www.daisho.be\/es\/wp-json\/wp\/v2\/product"}],"about":[{"href":"https:\/\/www.daisho.be\/es\/wp-json\/wp\/v2\/types\/product"}],"replies":[{"embeddable":true,"href":"https:\/\/www.daisho.be\/es\/wp-json\/wp\/v2\/comments?post=348793"}],"wp:featuredmedia":[{"embeddable":true,"href":"https:\/\/www.daisho.be\/es\/wp-json\/wp\/v2\/media\/545894"}],"wp:attachment":[{"href":"https:\/\/www.daisho.be\/es\/wp-json\/wp\/v2\/media?parent=348793"}],"wp:term":[{"taxonomy":"product_brand","embeddable":true,"href":"https:\/\/www.daisho.be\/es\/wp-json\/wp\/v2\/product_brand?post=348793"},{"taxonomy":"product_cat","embeddable":true,"href":"https:\/\/www.daisho.be\/es\/wp-json\/wp\/v2\/product_cat?post=348793"},{"taxonomy":"product_tag","embeddable":true,"href":"https:\/\/www.daisho.be\/es\/wp-json\/wp\/v2\/product_tag?post=348793"},{"taxonomy":"sport","embeddable":true,"href":"https:\/\/www.daisho.be\/es\/wp-json\/wp\/v2\/sport?post=348793"}],"curies":[{"name":"wp","href":"https:\/\/api.w.org\/{rel}","templated":true}]}}