{"id":348103,"date":"2019-12-04T13:04:21","date_gmt":"2019-12-04T12:04:21","guid":{"rendered":"https:\/\/www.daisho.be\/produit\/tatami-taekwondo-wt-aprobado\/"},"modified":"2026-03-31T14:57:07","modified_gmt":"2026-03-31T12:57:07","slug":"tatami-taekwondo-wt-aprobado","status":"publish","type":"product","link":"https:\/\/www.daisho.be\/es\/produit\/tatami-taekwondo-wt-aprobado\/","title":{"rendered":"Tatami TAEKWONDO WT Aprobado"},"content":{"rendered":"<p>El taekwondo es una de las artes marciales m\u00e1s practicadas del mundo y, para ser el mejor en esta disciplina, no basta con destacar, \u00a1hay que ir m\u00e1s all\u00e1 de los l\u00edmites! Bas\u00e1ndose en esta verdad fundamental, ProGame by Trocellen ha desarrollado una alfombra sin parang\u00f3n.<br \/>\nUna colchoneta que ha obtenido la homologaci\u00f3n de la competici\u00f3n mundial de taekwondo.<br \/>\nFabricada con polietileno expandido de primera calidad, rigurosamente fabricado en Italia, la colchoneta homologada ProGame WT garantiza una resistencia duradera con una elasticidad sensacional para proporcionar una estabilidad inigualable durante la pr\u00e1ctica de esta disciplina.<br \/>\nDimensiones: 1000 x 1000 x 22 mm u 800 x 800 x 22 mm<br \/>\nPeso: 1,5 kg para lados de 100 x 100 mm y 0,96 kg para lados de 800 x 800 mm.<br \/>\nColores: azul\/rojo (seg\u00fan las especificaciones de la Federaci\u00f3n Mundial de Taekwondo).<br \/>\nSeguridad: EN 1177 HIC (Head Injury Criteria) HIC: 0,70 m + NF EN 12503.1.<br \/>\nLogotipo TW impreso con l\u00e1ser.<\/p>\n","protected":false},"excerpt":{"rendered":"<p>El taekwondo es una de las artes marciales m\u00e1s practicadas del mundo y, para ser el mejor en esta disciplina, no basta con destacar, \u00a1hay que ir m\u00e1s all\u00e1 de los l\u00edmites! Bas\u00e1ndose en esta verdad fundamental, ProGame by Trocellen ha desarrollado una alfombra sin parang\u00f3n. Una colchoneta que ha obtenido la homologaci\u00f3n de la [&hellip;]<\/p>\n","protected":false},"featured_media":330745,"comment_status":"closed","ping_status":"closed","template":"","meta":{"inline_featured_image":false},"product_brand":[],"product_cat":[1459,1294],"product_tag":[2552,1290],"sport":[79],"class_list":{"0":"post-348103","1":"product","2":"type-product","3":"status-publish","4":"has-post-thumbnail","6":"product_cat-material-de-entrenamiento-de-taekwondo","7":"product_cat-tatamis-de-judo-karate-y-taekwondo-artes-marciales","8":"product_tag-cita","9":"product_tag-progame-tatamis-es","10":"product_shipping_class-productos-voluminosos-es","11":"pa_size-22-cm","12":"sport-taekwondo","14":"first","15":"instock","16":"taxable","17":"shipping-taxable","18":"purchasable","19":"product-type-variable"},"yoast_head":"<!-- This site is optimized with the Yoast SEO plugin v27.2 - https:\/\/yoast.com\/product\/yoast-seo-wordpress\/ -->\n<title>Tatami TAEKWONDO WT Aprobado &#8211; Daisho<\/title>\n<meta name=\"description\" content=\"Colchoneta de taekwondo ProGame aprobada por WT: estabilidad y elasticidad de primera. \u00a1Fabricada en Italia! Encu\u00e9ntralo en www.daisho.be|Daisho\" \/>\n<meta name=\"robots\" content=\"index, follow, max-snippet:-1, max-image-preview:large, max-video-preview:-1\" \/>\n<link rel=\"canonical\" href=\"https:\/\/www.daisho.be\/es\/produit\/tatami-taekwondo-wt-aprobado\/\" \/>\n<meta property=\"og:locale\" content=\"es_ES\" \/>\n<meta property=\"og:type\" content=\"article\" \/>\n<meta property=\"og:title\" content=\"Tatami TAEKWONDO WT Aprobado &#8211; Daisho\" \/>\n<meta property=\"og:description\" content=\"Colchoneta de taekwondo ProGame aprobada por WT: estabilidad y elasticidad de primera. \u00a1Fabricada en Italia! Encu\u00e9ntralo en www.daisho.be|Daisho\" \/>\n<meta property=\"og:url\" content=\"https:\/\/www.daisho.be\/es\/produit\/tatami-taekwondo-wt-aprobado\/\" \/>\n<meta property=\"og:site_name\" content=\"Daisho\" \/>\n<meta property=\"article:modified_time\" content=\"2026-03-31T12:57:07+00:00\" \/>\n<meta property=\"og:image\" content=\"https:\/\/www.daisho.be\/wp-content\/uploads\/2022\/01\/image-92.jpg\" \/>\n\t<meta property=\"og:image:width\" content=\"1920\" \/>\n\t<meta property=\"og:image:height\" content=\"1278\" \/>\n\t<meta property=\"og:image:type\" content=\"image\/jpeg\" \/>\n<meta name=\"twitter:card\" content=\"summary_large_image\" \/>\n<meta name=\"twitter:label1\" content=\"Tiempo de lectura\" \/>\n\t<meta name=\"twitter:data1\" content=\"1 minuto\" \/>\n<script type=\"application\/ld+json\" class=\"yoast-schema-graph\">{\"@context\":\"https:\/\/schema.org\",\"@graph\":[{\"@type\":\"WebPage\",\"@id\":\"https:\/\/www.daisho.be\/es\/produit\/tatami-taekwondo-wt-aprobado\/\",\"url\":\"https:\/\/www.daisho.be\/es\/produit\/tatami-taekwondo-wt-aprobado\/\",\"name\":\"Tatami TAEKWONDO WT Aprobado &#8211; Daisho\",\"isPartOf\":{\"@id\":\"https:\/\/www.daisho.be\/es\/#website\"},\"primaryImageOfPage\":{\"@id\":\"https:\/\/www.daisho.be\/es\/produit\/tatami-taekwondo-wt-aprobado\/#primaryimage\"},\"image\":{\"@id\":\"https:\/\/www.daisho.be\/es\/produit\/tatami-taekwondo-wt-aprobado\/#primaryimage\"},\"thumbnailUrl\":\"https:\/\/www.daisho.be\/wp-content\/uploads\/2022\/01\/image-92.jpg\",\"datePublished\":\"2019-12-04T12:04:21+00:00\",\"dateModified\":\"2026-03-31T12:57:07+00:00\",\"description\":\"Colchoneta de taekwondo ProGame aprobada por WT: estabilidad y elasticidad de primera. \u00a1Fabricada en Italia! Encu\u00e9ntralo en www.daisho.be|Daisho\",\"breadcrumb\":{\"@id\":\"https:\/\/www.daisho.be\/es\/produit\/tatami-taekwondo-wt-aprobado\/#breadcrumb\"},\"inLanguage\":\"es\",\"potentialAction\":[{\"@type\":\"ReadAction\",\"target\":[\"https:\/\/www.daisho.be\/es\/produit\/tatami-taekwondo-wt-aprobado\/\"]}]},{\"@type\":\"ImageObject\",\"inLanguage\":\"es\",\"@id\":\"https:\/\/www.daisho.be\/es\/produit\/tatami-taekwondo-wt-aprobado\/#primaryimage\",\"url\":\"https:\/\/www.daisho.be\/wp-content\/uploads\/2022\/01\/image-92.jpg\",\"contentUrl\":\"https:\/\/www.daisho.be\/wp-content\/uploads\/2022\/01\/image-92.jpg\",\"width\":1920,\"height\":1278,\"caption\":\"Tatami TAEKWONDO WT Aprobado-1\"},{\"@type\":\"BreadcrumbList\",\"@id\":\"https:\/\/www.daisho.be\/es\/produit\/tatami-taekwondo-wt-aprobado\/#breadcrumb\",\"itemListElement\":[{\"@type\":\"ListItem\",\"position\":1,\"name\":\"Accueil\",\"item\":\"https:\/\/www.daisho.be\/es\/\"},{\"@type\":\"ListItem\",\"position\":2,\"name\":\"Productos\",\"item\":\"https:\/\/www.daisho.be\/es\/productos\/\"},{\"@type\":\"ListItem\",\"position\":3,\"name\":\"Deportes de combate\",\"item\":\"https:\/\/www.daisho.be\/es\/categorie-produit\/deportes-de-combate\/\"},{\"@type\":\"ListItem\",\"position\":4,\"name\":\"Tatamis de judo, k\u00e1rate y taekwondo (artes marciales)\",\"item\":\"https:\/\/www.daisho.be\/es\/categorie-produit\/deportes-de-combate\/tatamis-de-judo-karate-y-taekwondo-artes-marciales\/\"},{\"@type\":\"ListItem\",\"position\":5,\"name\":\"Tatami TAEKWONDO WT Aprobado\"}]},{\"@type\":\"WebSite\",\"@id\":\"https:\/\/www.daisho.be\/es\/#website\",\"url\":\"https:\/\/www.daisho.be\/es\/\",\"name\":\"Daisho\",\"description\":\"Sp&eacute;cialiste de l'&eacute;quipement sportif d'arts martiaux\",\"publisher\":{\"@id\":\"https:\/\/www.daisho.be\/es\/#organization\"},\"potentialAction\":[{\"@type\":\"SearchAction\",\"target\":{\"@type\":\"EntryPoint\",\"urlTemplate\":\"https:\/\/www.daisho.be\/es\/?s={search_term_string}\"},\"query-input\":{\"@type\":\"PropertyValueSpecification\",\"valueRequired\":true,\"valueName\":\"search_term_string\"}}],\"inLanguage\":\"es\"},{\"@type\":\"Organization\",\"@id\":\"https:\/\/www.daisho.be\/es\/#organization\",\"name\":\"Daisho\",\"url\":\"https:\/\/www.daisho.be\/es\/\",\"logo\":{\"@type\":\"ImageObject\",\"inLanguage\":\"es\",\"@id\":\"https:\/\/www.daisho.be\/es\/#\/schema\/logo\/image\/\",\"url\":\"https:\/\/www.daisho.be\/wp-content\/uploads\/2019\/07\/color-nothing-horizontale4x-e1564486100247.png\",\"contentUrl\":\"https:\/\/www.daisho.be\/wp-content\/uploads\/2019\/07\/color-nothing-horizontale4x-e1564486100247.png\",\"width\":1547,\"height\":385,\"caption\":\"Daisho\"},\"image\":{\"@id\":\"https:\/\/www.daisho.be\/es\/#\/schema\/logo\/image\/\"}}]}<\/script>\n<!-- \/ Yoast SEO plugin. -->","yoast_head_json":{"title":"Tatami TAEKWONDO WT Aprobado &#8211; Daisho","description":"Colchoneta de taekwondo ProGame aprobada por WT: estabilidad y elasticidad de primera. \u00a1Fabricada en Italia! Encu\u00e9ntralo en www.daisho.be|Daisho","robots":{"index":"index","follow":"follow","max-snippet":"max-snippet:-1","max-image-preview":"max-image-preview:large","max-video-preview":"max-video-preview:-1"},"canonical":"https:\/\/www.daisho.be\/es\/produit\/tatami-taekwondo-wt-aprobado\/","og_locale":"es_ES","og_type":"article","og_title":"Tatami TAEKWONDO WT Aprobado &#8211; Daisho","og_description":"Colchoneta de taekwondo ProGame aprobada por WT: estabilidad y elasticidad de primera. \u00a1Fabricada en Italia! Encu\u00e9ntralo en www.daisho.be|Daisho","og_url":"https:\/\/www.daisho.be\/es\/produit\/tatami-taekwondo-wt-aprobado\/","og_site_name":"Daisho","article_modified_time":"2026-03-31T12:57:07+00:00","og_image":[{"width":1920,"height":1278,"url":"https:\/\/www.daisho.be\/wp-content\/uploads\/2022\/01\/image-92.jpg","type":"image\/jpeg"}],"twitter_card":"summary_large_image","twitter_misc":{"Tiempo de lectura":"1 minuto"},"schema":{"@context":"https:\/\/schema.org","@graph":[{"@type":"WebPage","@id":"https:\/\/www.daisho.be\/es\/produit\/tatami-taekwondo-wt-aprobado\/","url":"https:\/\/www.daisho.be\/es\/produit\/tatami-taekwondo-wt-aprobado\/","name":"Tatami TAEKWONDO WT Aprobado &#8211; Daisho","isPartOf":{"@id":"https:\/\/www.daisho.be\/es\/#website"},"primaryImageOfPage":{"@id":"https:\/\/www.daisho.be\/es\/produit\/tatami-taekwondo-wt-aprobado\/#primaryimage"},"image":{"@id":"https:\/\/www.daisho.be\/es\/produit\/tatami-taekwondo-wt-aprobado\/#primaryimage"},"thumbnailUrl":"https:\/\/www.daisho.be\/wp-content\/uploads\/2022\/01\/image-92.jpg","datePublished":"2019-12-04T12:04:21+00:00","dateModified":"2026-03-31T12:57:07+00:00","description":"Colchoneta de taekwondo ProGame aprobada por WT: estabilidad y elasticidad de primera. \u00a1Fabricada en Italia! Encu\u00e9ntralo en www.daisho.be|Daisho","breadcrumb":{"@id":"https:\/\/www.daisho.be\/es\/produit\/tatami-taekwondo-wt-aprobado\/#breadcrumb"},"inLanguage":"es","potentialAction":[{"@type":"ReadAction","target":["https:\/\/www.daisho.be\/es\/produit\/tatami-taekwondo-wt-aprobado\/"]}]},{"@type":"ImageObject","inLanguage":"es","@id":"https:\/\/www.daisho.be\/es\/produit\/tatami-taekwondo-wt-aprobado\/#primaryimage","url":"https:\/\/www.daisho.be\/wp-content\/uploads\/2022\/01\/image-92.jpg","contentUrl":"https:\/\/www.daisho.be\/wp-content\/uploads\/2022\/01\/image-92.jpg","width":1920,"height":1278,"caption":"Tatami TAEKWONDO WT Aprobado-1"},{"@type":"BreadcrumbList","@id":"https:\/\/www.daisho.be\/es\/produit\/tatami-taekwondo-wt-aprobado\/#breadcrumb","itemListElement":[{"@type":"ListItem","position":1,"name":"Accueil","item":"https:\/\/www.daisho.be\/es\/"},{"@type":"ListItem","position":2,"name":"Productos","item":"https:\/\/www.daisho.be\/es\/productos\/"},{"@type":"ListItem","position":3,"name":"Deportes de combate","item":"https:\/\/www.daisho.be\/es\/categorie-produit\/deportes-de-combate\/"},{"@type":"ListItem","position":4,"name":"Tatamis de judo, k\u00e1rate y taekwondo (artes marciales)","item":"https:\/\/www.daisho.be\/es\/categorie-produit\/deportes-de-combate\/tatamis-de-judo-karate-y-taekwondo-artes-marciales\/"},{"@type":"ListItem","position":5,"name":"Tatami TAEKWONDO WT Aprobado"}]},{"@type":"WebSite","@id":"https:\/\/www.daisho.be\/es\/#website","url":"https:\/\/www.daisho.be\/es\/","name":"Daisho","description":"Sp&eacute;cialiste de l'&eacute;quipement sportif d'arts martiaux","publisher":{"@id":"https:\/\/www.daisho.be\/es\/#organization"},"potentialAction":[{"@type":"SearchAction","target":{"@type":"EntryPoint","urlTemplate":"https:\/\/www.daisho.be\/es\/?s={search_term_string}"},"query-input":{"@type":"PropertyValueSpecification","valueRequired":true,"valueName":"search_term_string"}}],"inLanguage":"es"},{"@type":"Organization","@id":"https:\/\/www.daisho.be\/es\/#organization","name":"Daisho","url":"https:\/\/www.daisho.be\/es\/","logo":{"@type":"ImageObject","inLanguage":"es","@id":"https:\/\/www.daisho.be\/es\/#\/schema\/logo\/image\/","url":"https:\/\/www.daisho.be\/wp-content\/uploads\/2019\/07\/color-nothing-horizontale4x-e1564486100247.png","contentUrl":"https:\/\/www.daisho.be\/wp-content\/uploads\/2019\/07\/color-nothing-horizontale4x-e1564486100247.png","width":1547,"height":385,"caption":"Daisho"},"image":{"@id":"https:\/\/www.daisho.be\/es\/#\/schema\/logo\/image\/"}}]}},"_links":{"self":[{"href":"https:\/\/www.daisho.be\/es\/wp-json\/wp\/v2\/product\/348103","targetHints":{"allow":["GET"]}}],"collection":[{"href":"https:\/\/www.daisho.be\/es\/wp-json\/wp\/v2\/product"}],"about":[{"href":"https:\/\/www.daisho.be\/es\/wp-json\/wp\/v2\/types\/product"}],"replies":[{"embeddable":true,"href":"https:\/\/www.daisho.be\/es\/wp-json\/wp\/v2\/comments?post=348103"}],"wp:featuredmedia":[{"embeddable":true,"href":"https:\/\/www.daisho.be\/es\/wp-json\/wp\/v2\/media\/330745"}],"wp:attachment":[{"href":"https:\/\/www.daisho.be\/es\/wp-json\/wp\/v2\/media?parent=348103"}],"wp:term":[{"taxonomy":"product_brand","embeddable":true,"href":"https:\/\/www.daisho.be\/es\/wp-json\/wp\/v2\/product_brand?post=348103"},{"taxonomy":"product_cat","embeddable":true,"href":"https:\/\/www.daisho.be\/es\/wp-json\/wp\/v2\/product_cat?post=348103"},{"taxonomy":"product_tag","embeddable":true,"href":"https:\/\/www.daisho.be\/es\/wp-json\/wp\/v2\/product_tag?post=348103"},{"taxonomy":"sport","embeddable":true,"href":"https:\/\/www.daisho.be\/es\/wp-json\/wp\/v2\/sport?post=348103"}],"curies":[{"name":"wp","href":"https:\/\/api.w.org\/{rel}","templated":true}]}}