{"id":348036,"date":"2019-10-21T23:48:27","date_gmt":"2019-10-21T21:48:27","guid":{"rendered":"https:\/\/www.daisho.be\/produit\/dax-kumite-4-guantes-de-jiu-jitsu-de-cuero-azul\/"},"modified":"2026-04-30T15:57:02","modified_gmt":"2026-04-30T13:57:02","slug":"dax-kumite-4-guantes-de-jiu-jitsu-de-cuero-azul","status":"publish","type":"product","link":"https:\/\/www.daisho.be\/es\/produit\/dax-kumite-4-guantes-de-jiu-jitsu-de-cuero-azul\/","title":{"rendered":"DAX KUMITE 4 GUANTES DE JIU JITSU DE CUERO AZUL"},"content":{"rendered":"<p style=\"font-weight: 400\">Guantes DAX Jiu Jutsu modelo Kumite 4<\/p>\n<p style=\"font-weight: 400\"><u>Caracter\u00edsticas<\/u><u> <\/u><u>:<\/u><\/p>\n<p style=\"font-weight: 400\">&#8211; combinaci\u00f3n de cuero aut\u00e9ntico y cuero artificial,<br \/>\n&#8211; bandas el\u00e1sticas para cada dedo,<br \/>\n&#8211; banda el\u00e1stica ancha para el centro de la mano,<br \/>\n&#8211; correa ancha de velcro en la mu\u00f1eca,<br \/>\n&#8211; color: azul.<\/p>\n","protected":false},"excerpt":{"rendered":"<p>Guantes DAX Jiu Jutsu modelo Kumite 4 Caracter\u00edsticas : &#8211; combinaci\u00f3n de cuero aut\u00e9ntico y cuero artificial, &#8211; bandas el\u00e1sticas para cada dedo, &#8211; banda el\u00e1stica ancha para el centro de la mano, &#8211; correa ancha de velcro en la mu\u00f1eca, &#8211; color: azul.<\/p>\n","protected":false},"featured_media":669582,"comment_status":"closed","ping_status":"closed","template":"","meta":{"inline_featured_image":false},"product_brand":[],"product_cat":[1647,1361],"product_tag":[1320],"sport":[74],"class_list":{"0":"post-348036","1":"product","2":"type-product","3":"status-publish","4":"has-post-thumbnail","6":"product_cat-proteccion-en-jiu-jitsu","7":"product_cat-protecciones","8":"product_tag-dax-es","9":"pa_size-l","10":"pa_size-m","11":"pa_size-s","12":"pa_size-xl","13":"pa_size-xs","14":"sport-jiu-jitsu","16":"first","17":"instock","18":"taxable","19":"shipping-taxable","20":"purchasable","21":"product-type-variable"},"yoast_head":"<!-- This site is optimized with the Yoast SEO plugin v27.2 - https:\/\/yoast.com\/product\/yoast-seo-wordpress\/ -->\n<title>DAX KUMITE 4 GUANTES DE JIU JITSU DE CUERO AZUL &#8211; Daisho<\/title>\n<meta name=\"description\" content=\"Guantes JJB DAX Kumite 4: cuero aut\u00e9ntico, tiras el\u00e1sticas en los dedos, velcro en la mu\u00f1eca. Color azul. Encu\u00e9ntralo en www.daisho.be|Daisho\" \/>\n<meta name=\"robots\" content=\"index, follow, max-snippet:-1, max-image-preview:large, max-video-preview:-1\" \/>\n<link rel=\"canonical\" href=\"https:\/\/www.daisho.be\/es\/produit\/dax-kumite-4-guantes-de-jiu-jitsu-de-cuero-azul\/\" \/>\n<meta property=\"og:locale\" content=\"es_ES\" \/>\n<meta property=\"og:type\" content=\"article\" \/>\n<meta property=\"og:title\" content=\"DAX KUMITE 4 GUANTES DE JIU JITSU DE CUERO AZUL &#8211; Daisho\" \/>\n<meta property=\"og:description\" content=\"Guantes JJB DAX Kumite 4: cuero aut\u00e9ntico, tiras el\u00e1sticas en los dedos, velcro en la mu\u00f1eca. Color azul. Encu\u00e9ntralo en www.daisho.be|Daisho\" \/>\n<meta property=\"og:url\" content=\"https:\/\/www.daisho.be\/es\/produit\/dax-kumite-4-guantes-de-jiu-jitsu-de-cuero-azul\/\" \/>\n<meta property=\"og:site_name\" content=\"Daisho\" \/>\n<meta property=\"article:modified_time\" content=\"2026-04-30T13:57:02+00:00\" \/>\n<meta property=\"og:image\" content=\"https:\/\/www.daisho.be\/wp-content\/uploads\/2026\/03\/image-35-scaled.jpg\" \/>\n\t<meta property=\"og:image:width\" content=\"1449\" \/>\n\t<meta property=\"og:image:height\" content=\"2048\" \/>\n\t<meta property=\"og:image:type\" content=\"image\/jpeg\" \/>\n<meta name=\"twitter:card\" content=\"summary_large_image\" \/>\n<script type=\"application\/ld+json\" class=\"yoast-schema-graph\">{\"@context\":\"https:\/\/schema.org\",\"@graph\":[{\"@type\":\"WebPage\",\"@id\":\"https:\/\/www.daisho.be\/es\/produit\/dax-kumite-4-guantes-de-jiu-jitsu-de-cuero-azul\/\",\"url\":\"https:\/\/www.daisho.be\/es\/produit\/dax-kumite-4-guantes-de-jiu-jitsu-de-cuero-azul\/\",\"name\":\"DAX KUMITE 4 GUANTES DE JIU JITSU DE CUERO AZUL &#8211; Daisho\",\"isPartOf\":{\"@id\":\"https:\/\/www.daisho.be\/es\/#website\"},\"primaryImageOfPage\":{\"@id\":\"https:\/\/www.daisho.be\/es\/produit\/dax-kumite-4-guantes-de-jiu-jitsu-de-cuero-azul\/#primaryimage\"},\"image\":{\"@id\":\"https:\/\/www.daisho.be\/es\/produit\/dax-kumite-4-guantes-de-jiu-jitsu-de-cuero-azul\/#primaryimage\"},\"thumbnailUrl\":\"https:\/\/www.daisho.be\/wp-content\/uploads\/2026\/03\/image-35-scaled.jpg\",\"datePublished\":\"2019-10-21T21:48:27+00:00\",\"dateModified\":\"2026-04-30T13:57:02+00:00\",\"description\":\"Guantes JJB DAX Kumite 4: cuero aut\u00e9ntico, tiras el\u00e1sticas en los dedos, velcro en la mu\u00f1eca. Color azul. Encu\u00e9ntralo en www.daisho.be|Daisho\",\"breadcrumb\":{\"@id\":\"https:\/\/www.daisho.be\/es\/produit\/dax-kumite-4-guantes-de-jiu-jitsu-de-cuero-azul\/#breadcrumb\"},\"inLanguage\":\"es\",\"potentialAction\":[{\"@type\":\"ReadAction\",\"target\":[\"https:\/\/www.daisho.be\/es\/produit\/dax-kumite-4-guantes-de-jiu-jitsu-de-cuero-azul\/\"]}]},{\"@type\":\"ImageObject\",\"inLanguage\":\"es\",\"@id\":\"https:\/\/www.daisho.be\/es\/produit\/dax-kumite-4-guantes-de-jiu-jitsu-de-cuero-azul\/#primaryimage\",\"url\":\"https:\/\/www.daisho.be\/wp-content\/uploads\/2026\/03\/image-35-scaled.jpg\",\"contentUrl\":\"https:\/\/www.daisho.be\/wp-content\/uploads\/2026\/03\/image-35-scaled.jpg\",\"width\":1449,\"height\":2048,\"caption\":\"DAX KUMITE 4 GUANTES DE CUERO AZUL JIU JITSU-1\"},{\"@type\":\"BreadcrumbList\",\"@id\":\"https:\/\/www.daisho.be\/es\/produit\/dax-kumite-4-guantes-de-jiu-jitsu-de-cuero-azul\/#breadcrumb\",\"itemListElement\":[{\"@type\":\"ListItem\",\"position\":1,\"name\":\"Accueil\",\"item\":\"https:\/\/www.daisho.be\/es\/\"},{\"@type\":\"ListItem\",\"position\":2,\"name\":\"Productos\",\"item\":\"https:\/\/www.daisho.be\/es\/productos\/\"},{\"@type\":\"ListItem\",\"position\":3,\"name\":\"Equipamiento y ropa para artes marciales y deportes de combate\",\"item\":\"https:\/\/www.daisho.be\/es\/categorie-produit\/equipamiento-y-ropa-para-artes-marciales-y-deportes-de-combate\/\"},{\"@type\":\"ListItem\",\"position\":4,\"name\":\"Jujitsu y jiu-jitsu brasile\u00f1os\",\"item\":\"https:\/\/www.daisho.be\/es\/categorie-produit\/equipamiento-y-ropa-para-artes-marciales-y-deportes-de-combate\/jujitsu-y-jiu-jitsu-brasilenos\/\"},{\"@type\":\"ListItem\",\"position\":5,\"name\":\"Protecci\u00f3n en jiu jitsu\",\"item\":\"https:\/\/www.daisho.be\/es\/categorie-produit\/equipamiento-y-ropa-para-artes-marciales-y-deportes-de-combate\/jujitsu-y-jiu-jitsu-brasilenos\/proteccion-en-jiu-jitsu\/\"},{\"@type\":\"ListItem\",\"position\":6,\"name\":\"DAX KUMITE 4 GUANTES DE JIU JITSU DE CUERO AZUL\"}]},{\"@type\":\"WebSite\",\"@id\":\"https:\/\/www.daisho.be\/es\/#website\",\"url\":\"https:\/\/www.daisho.be\/es\/\",\"name\":\"Daisho\",\"description\":\"Sp&eacute;cialiste de l'&eacute;quipement sportif d'arts martiaux\",\"publisher\":{\"@id\":\"https:\/\/www.daisho.be\/es\/#organization\"},\"potentialAction\":[{\"@type\":\"SearchAction\",\"target\":{\"@type\":\"EntryPoint\",\"urlTemplate\":\"https:\/\/www.daisho.be\/es\/?s={search_term_string}\"},\"query-input\":{\"@type\":\"PropertyValueSpecification\",\"valueRequired\":true,\"valueName\":\"search_term_string\"}}],\"inLanguage\":\"es\"},{\"@type\":\"Organization\",\"@id\":\"https:\/\/www.daisho.be\/es\/#organization\",\"name\":\"Daisho\",\"url\":\"https:\/\/www.daisho.be\/es\/\",\"logo\":{\"@type\":\"ImageObject\",\"inLanguage\":\"es\",\"@id\":\"https:\/\/www.daisho.be\/es\/#\/schema\/logo\/image\/\",\"url\":\"https:\/\/www.daisho.be\/wp-content\/uploads\/2019\/07\/color-nothing-horizontale4x-e1564486100247.png\",\"contentUrl\":\"https:\/\/www.daisho.be\/wp-content\/uploads\/2019\/07\/color-nothing-horizontale4x-e1564486100247.png\",\"width\":1547,\"height\":385,\"caption\":\"Daisho\"},\"image\":{\"@id\":\"https:\/\/www.daisho.be\/es\/#\/schema\/logo\/image\/\"}}]}<\/script>\n<!-- \/ Yoast SEO plugin. -->","yoast_head_json":{"title":"DAX KUMITE 4 GUANTES DE JIU JITSU DE CUERO AZUL &#8211; Daisho","description":"Guantes JJB DAX Kumite 4: cuero aut\u00e9ntico, tiras el\u00e1sticas en los dedos, velcro en la mu\u00f1eca. Color azul. Encu\u00e9ntralo en www.daisho.be|Daisho","robots":{"index":"index","follow":"follow","max-snippet":"max-snippet:-1","max-image-preview":"max-image-preview:large","max-video-preview":"max-video-preview:-1"},"canonical":"https:\/\/www.daisho.be\/es\/produit\/dax-kumite-4-guantes-de-jiu-jitsu-de-cuero-azul\/","og_locale":"es_ES","og_type":"article","og_title":"DAX KUMITE 4 GUANTES DE JIU JITSU DE CUERO AZUL &#8211; Daisho","og_description":"Guantes JJB DAX Kumite 4: cuero aut\u00e9ntico, tiras el\u00e1sticas en los dedos, velcro en la mu\u00f1eca. Color azul. Encu\u00e9ntralo en www.daisho.be|Daisho","og_url":"https:\/\/www.daisho.be\/es\/produit\/dax-kumite-4-guantes-de-jiu-jitsu-de-cuero-azul\/","og_site_name":"Daisho","article_modified_time":"2026-04-30T13:57:02+00:00","og_image":[{"width":1449,"height":2048,"url":"https:\/\/www.daisho.be\/wp-content\/uploads\/2026\/03\/image-35-scaled.jpg","type":"image\/jpeg"}],"twitter_card":"summary_large_image","schema":{"@context":"https:\/\/schema.org","@graph":[{"@type":"WebPage","@id":"https:\/\/www.daisho.be\/es\/produit\/dax-kumite-4-guantes-de-jiu-jitsu-de-cuero-azul\/","url":"https:\/\/www.daisho.be\/es\/produit\/dax-kumite-4-guantes-de-jiu-jitsu-de-cuero-azul\/","name":"DAX KUMITE 4 GUANTES DE JIU JITSU DE CUERO AZUL &#8211; Daisho","isPartOf":{"@id":"https:\/\/www.daisho.be\/es\/#website"},"primaryImageOfPage":{"@id":"https:\/\/www.daisho.be\/es\/produit\/dax-kumite-4-guantes-de-jiu-jitsu-de-cuero-azul\/#primaryimage"},"image":{"@id":"https:\/\/www.daisho.be\/es\/produit\/dax-kumite-4-guantes-de-jiu-jitsu-de-cuero-azul\/#primaryimage"},"thumbnailUrl":"https:\/\/www.daisho.be\/wp-content\/uploads\/2026\/03\/image-35-scaled.jpg","datePublished":"2019-10-21T21:48:27+00:00","dateModified":"2026-04-30T13:57:02+00:00","description":"Guantes JJB DAX Kumite 4: cuero aut\u00e9ntico, tiras el\u00e1sticas en los dedos, velcro en la mu\u00f1eca. Color azul. Encu\u00e9ntralo en www.daisho.be|Daisho","breadcrumb":{"@id":"https:\/\/www.daisho.be\/es\/produit\/dax-kumite-4-guantes-de-jiu-jitsu-de-cuero-azul\/#breadcrumb"},"inLanguage":"es","potentialAction":[{"@type":"ReadAction","target":["https:\/\/www.daisho.be\/es\/produit\/dax-kumite-4-guantes-de-jiu-jitsu-de-cuero-azul\/"]}]},{"@type":"ImageObject","inLanguage":"es","@id":"https:\/\/www.daisho.be\/es\/produit\/dax-kumite-4-guantes-de-jiu-jitsu-de-cuero-azul\/#primaryimage","url":"https:\/\/www.daisho.be\/wp-content\/uploads\/2026\/03\/image-35-scaled.jpg","contentUrl":"https:\/\/www.daisho.be\/wp-content\/uploads\/2026\/03\/image-35-scaled.jpg","width":1449,"height":2048,"caption":"DAX KUMITE 4 GUANTES DE CUERO AZUL JIU JITSU-1"},{"@type":"BreadcrumbList","@id":"https:\/\/www.daisho.be\/es\/produit\/dax-kumite-4-guantes-de-jiu-jitsu-de-cuero-azul\/#breadcrumb","itemListElement":[{"@type":"ListItem","position":1,"name":"Accueil","item":"https:\/\/www.daisho.be\/es\/"},{"@type":"ListItem","position":2,"name":"Productos","item":"https:\/\/www.daisho.be\/es\/productos\/"},{"@type":"ListItem","position":3,"name":"Equipamiento y ropa para artes marciales y deportes de combate","item":"https:\/\/www.daisho.be\/es\/categorie-produit\/equipamiento-y-ropa-para-artes-marciales-y-deportes-de-combate\/"},{"@type":"ListItem","position":4,"name":"Jujitsu y jiu-jitsu brasile\u00f1os","item":"https:\/\/www.daisho.be\/es\/categorie-produit\/equipamiento-y-ropa-para-artes-marciales-y-deportes-de-combate\/jujitsu-y-jiu-jitsu-brasilenos\/"},{"@type":"ListItem","position":5,"name":"Protecci\u00f3n en jiu jitsu","item":"https:\/\/www.daisho.be\/es\/categorie-produit\/equipamiento-y-ropa-para-artes-marciales-y-deportes-de-combate\/jujitsu-y-jiu-jitsu-brasilenos\/proteccion-en-jiu-jitsu\/"},{"@type":"ListItem","position":6,"name":"DAX KUMITE 4 GUANTES DE JIU JITSU DE CUERO AZUL"}]},{"@type":"WebSite","@id":"https:\/\/www.daisho.be\/es\/#website","url":"https:\/\/www.daisho.be\/es\/","name":"Daisho","description":"Sp&eacute;cialiste de l'&eacute;quipement sportif d'arts martiaux","publisher":{"@id":"https:\/\/www.daisho.be\/es\/#organization"},"potentialAction":[{"@type":"SearchAction","target":{"@type":"EntryPoint","urlTemplate":"https:\/\/www.daisho.be\/es\/?s={search_term_string}"},"query-input":{"@type":"PropertyValueSpecification","valueRequired":true,"valueName":"search_term_string"}}],"inLanguage":"es"},{"@type":"Organization","@id":"https:\/\/www.daisho.be\/es\/#organization","name":"Daisho","url":"https:\/\/www.daisho.be\/es\/","logo":{"@type":"ImageObject","inLanguage":"es","@id":"https:\/\/www.daisho.be\/es\/#\/schema\/logo\/image\/","url":"https:\/\/www.daisho.be\/wp-content\/uploads\/2019\/07\/color-nothing-horizontale4x-e1564486100247.png","contentUrl":"https:\/\/www.daisho.be\/wp-content\/uploads\/2019\/07\/color-nothing-horizontale4x-e1564486100247.png","width":1547,"height":385,"caption":"Daisho"},"image":{"@id":"https:\/\/www.daisho.be\/es\/#\/schema\/logo\/image\/"}}]}},"_links":{"self":[{"href":"https:\/\/www.daisho.be\/es\/wp-json\/wp\/v2\/product\/348036","targetHints":{"allow":["GET"]}}],"collection":[{"href":"https:\/\/www.daisho.be\/es\/wp-json\/wp\/v2\/product"}],"about":[{"href":"https:\/\/www.daisho.be\/es\/wp-json\/wp\/v2\/types\/product"}],"replies":[{"embeddable":true,"href":"https:\/\/www.daisho.be\/es\/wp-json\/wp\/v2\/comments?post=348036"}],"wp:featuredmedia":[{"embeddable":true,"href":"https:\/\/www.daisho.be\/es\/wp-json\/wp\/v2\/media\/669582"}],"wp:attachment":[{"href":"https:\/\/www.daisho.be\/es\/wp-json\/wp\/v2\/media?parent=348036"}],"wp:term":[{"taxonomy":"product_brand","embeddable":true,"href":"https:\/\/www.daisho.be\/es\/wp-json\/wp\/v2\/product_brand?post=348036"},{"taxonomy":"product_cat","embeddable":true,"href":"https:\/\/www.daisho.be\/es\/wp-json\/wp\/v2\/product_cat?post=348036"},{"taxonomy":"product_tag","embeddable":true,"href":"https:\/\/www.daisho.be\/es\/wp-json\/wp\/v2\/product_tag?post=348036"},{"taxonomy":"sport","embeddable":true,"href":"https:\/\/www.daisho.be\/es\/wp-json\/wp\/v2\/sport?post=348036"}],"curies":[{"name":"wp","href":"https:\/\/api.w.org\/{rel}","templated":true}]}}