{"id":347870,"date":"2019-10-15T10:03:50","date_gmt":"2019-10-15T08:03:50","guid":{"rendered":"https:\/\/www.daisho.be\/produit\/tokaido-cinturon-morado\/"},"modified":"2025-10-09T13:48:46","modified_gmt":"2025-10-09T11:48:46","slug":"tokaido-cinturon-morado","status":"publish","type":"product","link":"https:\/\/www.daisho.be\/es\/produit\/tokaido-cinturon-morado\/","title":{"rendered":"TOKAIDO CINTUR\u00d3N MORADO"},"content":{"rendered":"<p>Cintur\u00f3n de k\u00e1rate Tokaido morado.<br \/>\nMaterial : 100% algod\u00f3n.<\/p>\n","protected":false},"excerpt":{"rendered":"<p>Cintur\u00f3n de k\u00e1rate Tokaido morado. Material : 100% algod\u00f3n.<\/p>\n","protected":false},"featured_media":417127,"comment_status":"closed","ping_status":"closed","template":"","meta":{"inline_featured_image":false},"product_brand":[],"product_cat":[1411,1403,1404],"product_tag":[1306],"sport":[73],"class_list":{"0":"post-347870","1":"product","2":"type-product","3":"status-publish","4":"has-post-thumbnail","6":"product_cat-cinturon-de-jiu-jitsu","7":"product_cat-cinturones","8":"product_cat-cinturones-de-karate","9":"product_tag-tokaido-es","10":"pa_size-225-15","11":"pa_size-245-25","12":"pa_size-255-30","13":"pa_size-265-35","14":"pa_size-275-40","15":"pa_size-285-45","16":"pa_size-295-50","17":"pa_size-305-55","18":"pa_size-315-60","19":"pa_size-335-70","20":"pa_size-355-80","21":"sport-karate","23":"first","24":"instock","25":"taxable","26":"shipping-taxable","27":"purchasable","28":"product-type-variable"},"yoast_head":"<!-- This site is optimized with the Yoast SEO plugin v27.2 - https:\/\/yoast.com\/product\/yoast-seo-wordpress\/ -->\n<title>Tokaido cintur\u00f3n p\u00farpura | Suministros de Artes Marciales en Daisho<\/title>\n<meta name=\"description\" content=\"Descubre el cintur\u00f3n morado de Tokaido para todos los practicantes de artes marciales. Desc\u00fabrelo en www.daisho.be|Daisho\" \/>\n<meta name=\"robots\" content=\"index, follow, max-snippet:-1, max-image-preview:large, max-video-preview:-1\" \/>\n<link rel=\"canonical\" href=\"https:\/\/www.daisho.be\/es\/produit\/tokaido-cinturon-morado\/\" \/>\n<meta property=\"og:locale\" content=\"es_ES\" \/>\n<meta property=\"og:type\" content=\"article\" \/>\n<meta property=\"og:title\" content=\"Tokaido cintur\u00f3n p\u00farpura | Suministros de Artes Marciales en Daisho\" \/>\n<meta property=\"og:description\" content=\"Descubre el cintur\u00f3n morado de Tokaido para todos los practicantes de artes marciales. Desc\u00fabrelo en www.daisho.be|Daisho\" \/>\n<meta property=\"og:url\" content=\"https:\/\/www.daisho.be\/es\/produit\/tokaido-cinturon-morado\/\" \/>\n<meta property=\"og:site_name\" content=\"Daisho\" \/>\n<meta property=\"article:modified_time\" content=\"2025-10-09T11:48:46+00:00\" \/>\n<meta property=\"og:image\" content=\"https:\/\/www.daisho.be\/wp-content\/uploads\/2024\/06\/image-49-scaled.jpg\" \/>\n\t<meta property=\"og:image:width\" content=\"1449\" \/>\n\t<meta property=\"og:image:height\" content=\"2048\" \/>\n\t<meta property=\"og:image:type\" content=\"image\/jpeg\" \/>\n<meta name=\"twitter:card\" content=\"summary_large_image\" \/>\n<script type=\"application\/ld+json\" class=\"yoast-schema-graph\">{\"@context\":\"https:\/\/schema.org\",\"@graph\":[{\"@type\":\"WebPage\",\"@id\":\"https:\/\/www.daisho.be\/es\/produit\/tokaido-cinturon-morado\/\",\"url\":\"https:\/\/www.daisho.be\/es\/produit\/tokaido-cinturon-morado\/\",\"name\":\"Tokaido cintur\u00f3n p\u00farpura | Suministros de Artes Marciales en Daisho\",\"isPartOf\":{\"@id\":\"https:\/\/www.daisho.be\/es\/#website\"},\"primaryImageOfPage\":{\"@id\":\"https:\/\/www.daisho.be\/es\/produit\/tokaido-cinturon-morado\/#primaryimage\"},\"image\":{\"@id\":\"https:\/\/www.daisho.be\/es\/produit\/tokaido-cinturon-morado\/#primaryimage\"},\"thumbnailUrl\":\"https:\/\/www.daisho.be\/wp-content\/uploads\/2024\/06\/image-49-scaled.jpg\",\"datePublished\":\"2019-10-15T08:03:50+00:00\",\"dateModified\":\"2025-10-09T11:48:46+00:00\",\"description\":\"Descubre el cintur\u00f3n morado de Tokaido para todos los practicantes de artes marciales. Desc\u00fabrelo en www.daisho.be|Daisho\",\"breadcrumb\":{\"@id\":\"https:\/\/www.daisho.be\/es\/produit\/tokaido-cinturon-morado\/#breadcrumb\"},\"inLanguage\":\"es\",\"potentialAction\":[{\"@type\":\"ReadAction\",\"target\":[\"https:\/\/www.daisho.be\/es\/produit\/tokaido-cinturon-morado\/\"]}]},{\"@type\":\"ImageObject\",\"inLanguage\":\"es\",\"@id\":\"https:\/\/www.daisho.be\/es\/produit\/tokaido-cinturon-morado\/#primaryimage\",\"url\":\"https:\/\/www.daisho.be\/wp-content\/uploads\/2024\/06\/image-49-scaled.jpg\",\"contentUrl\":\"https:\/\/www.daisho.be\/wp-content\/uploads\/2024\/06\/image-49-scaled.jpg\",\"width\":1449,\"height\":2048,\"caption\":\"CINTUR\u00d3N P\u00daRPURA TOKAIDO-1\"},{\"@type\":\"BreadcrumbList\",\"@id\":\"https:\/\/www.daisho.be\/es\/produit\/tokaido-cinturon-morado\/#breadcrumb\",\"itemListElement\":[{\"@type\":\"ListItem\",\"position\":1,\"name\":\"Accueil\",\"item\":\"https:\/\/www.daisho.be\/es\/\"},{\"@type\":\"ListItem\",\"position\":2,\"name\":\"Productos\",\"item\":\"https:\/\/www.daisho.be\/es\/productos\/\"},{\"@type\":\"ListItem\",\"position\":3,\"name\":\"Equipamiento y ropa para artes marciales y deportes de combate\",\"item\":\"https:\/\/www.daisho.be\/es\/categorie-produit\/equipamiento-y-ropa-para-artes-marciales-y-deportes-de-combate\/\"},{\"@type\":\"ListItem\",\"position\":4,\"name\":\"Jujitsu y jiu-jitsu brasile\u00f1os\",\"item\":\"https:\/\/www.daisho.be\/es\/categorie-produit\/equipamiento-y-ropa-para-artes-marciales-y-deportes-de-combate\/jujitsu-y-jiu-jitsu-brasilenos\/\"},{\"@type\":\"ListItem\",\"position\":5,\"name\":\"Cintur\u00f3n de Jiu Jitsu\",\"item\":\"https:\/\/www.daisho.be\/es\/categorie-produit\/equipamiento-y-ropa-para-artes-marciales-y-deportes-de-combate\/jujitsu-y-jiu-jitsu-brasilenos\/cinturon-de-jiu-jitsu\/\"},{\"@type\":\"ListItem\",\"position\":6,\"name\":\"TOKAIDO CINTUR\u00d3N MORADO\"}]},{\"@type\":\"WebSite\",\"@id\":\"https:\/\/www.daisho.be\/es\/#website\",\"url\":\"https:\/\/www.daisho.be\/es\/\",\"name\":\"Daisho\",\"description\":\"Sp&eacute;cialiste de l'&eacute;quipement sportif d'arts martiaux\",\"publisher\":{\"@id\":\"https:\/\/www.daisho.be\/es\/#organization\"},\"potentialAction\":[{\"@type\":\"SearchAction\",\"target\":{\"@type\":\"EntryPoint\",\"urlTemplate\":\"https:\/\/www.daisho.be\/es\/?s={search_term_string}\"},\"query-input\":{\"@type\":\"PropertyValueSpecification\",\"valueRequired\":true,\"valueName\":\"search_term_string\"}}],\"inLanguage\":\"es\"},{\"@type\":\"Organization\",\"@id\":\"https:\/\/www.daisho.be\/es\/#organization\",\"name\":\"Daisho\",\"url\":\"https:\/\/www.daisho.be\/es\/\",\"logo\":{\"@type\":\"ImageObject\",\"inLanguage\":\"es\",\"@id\":\"https:\/\/www.daisho.be\/es\/#\/schema\/logo\/image\/\",\"url\":\"https:\/\/www.daisho.be\/wp-content\/uploads\/2019\/07\/color-nothing-horizontale4x-e1564486100247.png\",\"contentUrl\":\"https:\/\/www.daisho.be\/wp-content\/uploads\/2019\/07\/color-nothing-horizontale4x-e1564486100247.png\",\"width\":1547,\"height\":385,\"caption\":\"Daisho\"},\"image\":{\"@id\":\"https:\/\/www.daisho.be\/es\/#\/schema\/logo\/image\/\"}}]}<\/script>\n<!-- \/ Yoast SEO plugin. -->","yoast_head_json":{"title":"Tokaido cintur\u00f3n p\u00farpura | Suministros de Artes Marciales en Daisho","description":"Descubre el cintur\u00f3n morado de Tokaido para todos los practicantes de artes marciales. Desc\u00fabrelo en www.daisho.be|Daisho","robots":{"index":"index","follow":"follow","max-snippet":"max-snippet:-1","max-image-preview":"max-image-preview:large","max-video-preview":"max-video-preview:-1"},"canonical":"https:\/\/www.daisho.be\/es\/produit\/tokaido-cinturon-morado\/","og_locale":"es_ES","og_type":"article","og_title":"Tokaido cintur\u00f3n p\u00farpura | Suministros de Artes Marciales en Daisho","og_description":"Descubre el cintur\u00f3n morado de Tokaido para todos los practicantes de artes marciales. Desc\u00fabrelo en www.daisho.be|Daisho","og_url":"https:\/\/www.daisho.be\/es\/produit\/tokaido-cinturon-morado\/","og_site_name":"Daisho","article_modified_time":"2025-10-09T11:48:46+00:00","og_image":[{"width":1449,"height":2048,"url":"https:\/\/www.daisho.be\/wp-content\/uploads\/2024\/06\/image-49-scaled.jpg","type":"image\/jpeg"}],"twitter_card":"summary_large_image","schema":{"@context":"https:\/\/schema.org","@graph":[{"@type":"WebPage","@id":"https:\/\/www.daisho.be\/es\/produit\/tokaido-cinturon-morado\/","url":"https:\/\/www.daisho.be\/es\/produit\/tokaido-cinturon-morado\/","name":"Tokaido cintur\u00f3n p\u00farpura | Suministros de Artes Marciales en Daisho","isPartOf":{"@id":"https:\/\/www.daisho.be\/es\/#website"},"primaryImageOfPage":{"@id":"https:\/\/www.daisho.be\/es\/produit\/tokaido-cinturon-morado\/#primaryimage"},"image":{"@id":"https:\/\/www.daisho.be\/es\/produit\/tokaido-cinturon-morado\/#primaryimage"},"thumbnailUrl":"https:\/\/www.daisho.be\/wp-content\/uploads\/2024\/06\/image-49-scaled.jpg","datePublished":"2019-10-15T08:03:50+00:00","dateModified":"2025-10-09T11:48:46+00:00","description":"Descubre el cintur\u00f3n morado de Tokaido para todos los practicantes de artes marciales. Desc\u00fabrelo en www.daisho.be|Daisho","breadcrumb":{"@id":"https:\/\/www.daisho.be\/es\/produit\/tokaido-cinturon-morado\/#breadcrumb"},"inLanguage":"es","potentialAction":[{"@type":"ReadAction","target":["https:\/\/www.daisho.be\/es\/produit\/tokaido-cinturon-morado\/"]}]},{"@type":"ImageObject","inLanguage":"es","@id":"https:\/\/www.daisho.be\/es\/produit\/tokaido-cinturon-morado\/#primaryimage","url":"https:\/\/www.daisho.be\/wp-content\/uploads\/2024\/06\/image-49-scaled.jpg","contentUrl":"https:\/\/www.daisho.be\/wp-content\/uploads\/2024\/06\/image-49-scaled.jpg","width":1449,"height":2048,"caption":"CINTUR\u00d3N P\u00daRPURA TOKAIDO-1"},{"@type":"BreadcrumbList","@id":"https:\/\/www.daisho.be\/es\/produit\/tokaido-cinturon-morado\/#breadcrumb","itemListElement":[{"@type":"ListItem","position":1,"name":"Accueil","item":"https:\/\/www.daisho.be\/es\/"},{"@type":"ListItem","position":2,"name":"Productos","item":"https:\/\/www.daisho.be\/es\/productos\/"},{"@type":"ListItem","position":3,"name":"Equipamiento y ropa para artes marciales y deportes de combate","item":"https:\/\/www.daisho.be\/es\/categorie-produit\/equipamiento-y-ropa-para-artes-marciales-y-deportes-de-combate\/"},{"@type":"ListItem","position":4,"name":"Jujitsu y jiu-jitsu brasile\u00f1os","item":"https:\/\/www.daisho.be\/es\/categorie-produit\/equipamiento-y-ropa-para-artes-marciales-y-deportes-de-combate\/jujitsu-y-jiu-jitsu-brasilenos\/"},{"@type":"ListItem","position":5,"name":"Cintur\u00f3n de Jiu Jitsu","item":"https:\/\/www.daisho.be\/es\/categorie-produit\/equipamiento-y-ropa-para-artes-marciales-y-deportes-de-combate\/jujitsu-y-jiu-jitsu-brasilenos\/cinturon-de-jiu-jitsu\/"},{"@type":"ListItem","position":6,"name":"TOKAIDO CINTUR\u00d3N MORADO"}]},{"@type":"WebSite","@id":"https:\/\/www.daisho.be\/es\/#website","url":"https:\/\/www.daisho.be\/es\/","name":"Daisho","description":"Sp&eacute;cialiste de l'&eacute;quipement sportif d'arts martiaux","publisher":{"@id":"https:\/\/www.daisho.be\/es\/#organization"},"potentialAction":[{"@type":"SearchAction","target":{"@type":"EntryPoint","urlTemplate":"https:\/\/www.daisho.be\/es\/?s={search_term_string}"},"query-input":{"@type":"PropertyValueSpecification","valueRequired":true,"valueName":"search_term_string"}}],"inLanguage":"es"},{"@type":"Organization","@id":"https:\/\/www.daisho.be\/es\/#organization","name":"Daisho","url":"https:\/\/www.daisho.be\/es\/","logo":{"@type":"ImageObject","inLanguage":"es","@id":"https:\/\/www.daisho.be\/es\/#\/schema\/logo\/image\/","url":"https:\/\/www.daisho.be\/wp-content\/uploads\/2019\/07\/color-nothing-horizontale4x-e1564486100247.png","contentUrl":"https:\/\/www.daisho.be\/wp-content\/uploads\/2019\/07\/color-nothing-horizontale4x-e1564486100247.png","width":1547,"height":385,"caption":"Daisho"},"image":{"@id":"https:\/\/www.daisho.be\/es\/#\/schema\/logo\/image\/"}}]}},"_links":{"self":[{"href":"https:\/\/www.daisho.be\/es\/wp-json\/wp\/v2\/product\/347870","targetHints":{"allow":["GET"]}}],"collection":[{"href":"https:\/\/www.daisho.be\/es\/wp-json\/wp\/v2\/product"}],"about":[{"href":"https:\/\/www.daisho.be\/es\/wp-json\/wp\/v2\/types\/product"}],"replies":[{"embeddable":true,"href":"https:\/\/www.daisho.be\/es\/wp-json\/wp\/v2\/comments?post=347870"}],"wp:featuredmedia":[{"embeddable":true,"href":"https:\/\/www.daisho.be\/es\/wp-json\/wp\/v2\/media\/417127"}],"wp:attachment":[{"href":"https:\/\/www.daisho.be\/es\/wp-json\/wp\/v2\/media?parent=347870"}],"wp:term":[{"taxonomy":"product_brand","embeddable":true,"href":"https:\/\/www.daisho.be\/es\/wp-json\/wp\/v2\/product_brand?post=347870"},{"taxonomy":"product_cat","embeddable":true,"href":"https:\/\/www.daisho.be\/es\/wp-json\/wp\/v2\/product_cat?post=347870"},{"taxonomy":"product_tag","embeddable":true,"href":"https:\/\/www.daisho.be\/es\/wp-json\/wp\/v2\/product_tag?post=347870"},{"taxonomy":"sport","embeddable":true,"href":"https:\/\/www.daisho.be\/es\/wp-json\/wp\/v2\/sport?post=347870"}],"curies":[{"name":"wp","href":"https:\/\/api.w.org\/{rel}","templated":true}]}}