{"id":347423,"date":"2021-07-18T12:23:15","date_gmt":"2021-07-18T10:23:15","guid":{"rendered":"https:\/\/www.daisho.be\/produit\/adidas-kick-pad-heavy-curved\/"},"modified":"2025-10-09T14:15:48","modified_gmt":"2025-10-09T12:15:48","slug":"adidas-kick-pad-heavy-curved","status":"publish","type":"product","link":"https:\/\/www.daisho.be\/es\/produit\/adidas-kick-pad-heavy-curved\/","title":{"rendered":"adidas kick Pad Heavy curved"},"content":{"rendered":"<p>Este coj\u00edn est\u00e1 fabricado con cuero artificial resistente y duradero. Tiene correas de nailon en la parte posterior para sujetar el coj\u00edn de forma segura. El acolchado es de espuma de poli\u00e9ter extrafuerte de 2,2 kg de peso, que garantiza que el coj\u00edn de patada no cree vac\u00edo, sino que reduzca al m\u00ednimo las patadas y los pu\u00f1etazos. Tambi\u00e9n hay orificios de ventilaci\u00f3n para que el aire expulsado por el coj\u00edn pueda salir correctamente y el coj\u00edn no se rompa. La espuma extrapesada garantiza que incluso los pesos m\u00e1s pesados no rompan el coj\u00edn. Como el coj\u00edn est\u00e1 curvado, es m\u00e1s f\u00e1cil absorber las patadas y los pu\u00f1etazos. Todo esto junto hace que el entrenamiento sea muy c\u00f3modo. Este Kick Pad es ideal para practicar tus pu\u00f1etazos y patadas, ya sea del lado de tu entrenador o del de tu compa\u00f1ero de entrenamiento. Acabado con una cremallera en la parte inferior.<br \/>\nEste peque\u00f1o saco de boxeo es adecuado para todos los artistas marciales. Tanto para entrenadores como para alumnos.<br \/>\nVentajas: &#8211; robusto y duradero &#8211; para profesionales y aficionados &#8211; buena capacidad de absorci\u00f3n &#8211; seguro para manos y pies &#8211; buena sujeci\u00f3n gracias a sus fuertes correas &#8211; forma curvada         <\/p>\n","protected":false},"excerpt":{"rendered":"<p>Este coj\u00edn est\u00e1 fabricado con cuero artificial resistente y duradero. Tiene correas de nailon en la parte posterior para sujetar el coj\u00edn de forma segura. El acolchado es de espuma de poli\u00e9ter extrafuerte de 2,2 kg de peso, que garantiza que el coj\u00edn de patada no cree vac\u00edo, sino que reduzca al m\u00ednimo las patadas [&hellip;]<\/p>\n","protected":false},"featured_media":327613,"comment_status":"open","ping_status":"closed","template":"","meta":{"inline_featured_image":false},"product_brand":[],"product_cat":[1634,1632,1630,1633],"product_tag":[1560],"sport":[],"class_list":{"0":"post-347423","1":"product","2":"type-product","3":"status-publish","4":"has-post-thumbnail","6":"product_cat-sacos-de-boxeo-y-accesorios-de-entrenamiento-es","7":"product_cat-sacos-de-boxeo-y-accesorios-de-entrenamiento","8":"product_cat-sacos-de-boxeo-y-accesorios-de-entrenamiento-de-karate","9":"product_cat-sacos-de-boxeo-y-accesorios-de-entrenamiento-de-taekwondo-adidas","10":"product_tag-adidas-es","11":"pa_size-sans-taille-defaut","13":"first","14":"instock","15":"taxable","16":"shipping-taxable","17":"purchasable","18":"product-type-variable"},"yoast_head":"<!-- This site is optimized with the Yoast SEO plugin v27.2 - https:\/\/yoast.com\/product\/yoast-seo-wordpress\/ -->\n<title>adidas kick Pad Heavy curved &#8211; Daisho<\/title>\n<meta name=\"robots\" content=\"index, follow, max-snippet:-1, max-image-preview:large, max-video-preview:-1\" \/>\n<link rel=\"canonical\" href=\"https:\/\/www.daisho.be\/es\/produit\/adidas-kick-pad-heavy-curved\/\" \/>\n<meta property=\"og:locale\" content=\"es_ES\" \/>\n<meta property=\"og:type\" content=\"article\" \/>\n<meta property=\"og:title\" content=\"adidas kick Pad Heavy curved &#8211; Daisho\" \/>\n<meta property=\"og:description\" content=\"Este coj\u00edn est\u00e1 fabricado con cuero artificial resistente y duradero. Tiene correas de nailon en la parte posterior para sujetar el coj\u00edn de forma segura. El acolchado es de espuma de poli\u00e9ter extrafuerte de 2,2 kg de peso, que garantiza que el coj\u00edn de patada no cree vac\u00edo, sino que reduzca al m\u00ednimo las patadas [&hellip;]\" \/>\n<meta property=\"og:url\" content=\"https:\/\/www.daisho.be\/es\/produit\/adidas-kick-pad-heavy-curved\/\" \/>\n<meta property=\"og:site_name\" content=\"Daisho\" \/>\n<meta property=\"article:modified_time\" content=\"2025-10-09T12:15:48+00:00\" \/>\n<meta property=\"og:image\" content=\"https:\/\/www.daisho.be\/wp-content\/uploads\/2021\/09\/image-10.png\" \/>\n\t<meta property=\"og:image:width\" content=\"650\" \/>\n\t<meta property=\"og:image:height\" content=\"650\" \/>\n\t<meta property=\"og:image:type\" content=\"image\/png\" \/>\n<meta name=\"twitter:card\" content=\"summary_large_image\" \/>\n<meta name=\"twitter:label1\" content=\"Tiempo de lectura\" \/>\n\t<meta name=\"twitter:data1\" content=\"1 minuto\" \/>\n<script type=\"application\/ld+json\" class=\"yoast-schema-graph\">{\"@context\":\"https:\/\/schema.org\",\"@graph\":[{\"@type\":\"WebPage\",\"@id\":\"https:\/\/www.daisho.be\/es\/produit\/adidas-kick-pad-heavy-curved\/\",\"url\":\"https:\/\/www.daisho.be\/es\/produit\/adidas-kick-pad-heavy-curved\/\",\"name\":\"adidas kick Pad Heavy curved &#8211; Daisho\",\"isPartOf\":{\"@id\":\"https:\/\/www.daisho.be\/es\/#website\"},\"primaryImageOfPage\":{\"@id\":\"https:\/\/www.daisho.be\/es\/produit\/adidas-kick-pad-heavy-curved\/#primaryimage\"},\"image\":{\"@id\":\"https:\/\/www.daisho.be\/es\/produit\/adidas-kick-pad-heavy-curved\/#primaryimage\"},\"thumbnailUrl\":\"https:\/\/www.daisho.be\/wp-content\/uploads\/2021\/09\/image-10.png\",\"datePublished\":\"2021-07-18T10:23:15+00:00\",\"dateModified\":\"2025-10-09T12:15:48+00:00\",\"breadcrumb\":{\"@id\":\"https:\/\/www.daisho.be\/es\/produit\/adidas-kick-pad-heavy-curved\/#breadcrumb\"},\"inLanguage\":\"es\",\"potentialAction\":[{\"@type\":\"ReadAction\",\"target\":[\"https:\/\/www.daisho.be\/es\/produit\/adidas-kick-pad-heavy-curved\/\"]}]},{\"@type\":\"ImageObject\",\"inLanguage\":\"es\",\"@id\":\"https:\/\/www.daisho.be\/es\/produit\/adidas-kick-pad-heavy-curved\/#primaryimage\",\"url\":\"https:\/\/www.daisho.be\/wp-content\/uploads\/2021\/09\/image-10.png\",\"contentUrl\":\"https:\/\/www.daisho.be\/wp-content\/uploads\/2021\/09\/image-10.png\",\"width\":650,\"height\":650,\"caption\":\"adidas kick Pad Heavy curved-1\"},{\"@type\":\"BreadcrumbList\",\"@id\":\"https:\/\/www.daisho.be\/es\/produit\/adidas-kick-pad-heavy-curved\/#breadcrumb\",\"itemListElement\":[{\"@type\":\"ListItem\",\"position\":1,\"name\":\"Accueil\",\"item\":\"https:\/\/www.daisho.be\/es\/\"},{\"@type\":\"ListItem\",\"position\":2,\"name\":\"Productos\",\"item\":\"https:\/\/www.daisho.be\/es\/productos\/\"},{\"@type\":\"ListItem\",\"position\":3,\"name\":\"ADIDAS COMBAT SPORTS\",\"item\":\"https:\/\/www.daisho.be\/es\/categorie-produit\/adidas-combat-sports-es\/\"},{\"@type\":\"ListItem\",\"position\":4,\"name\":\"Boxeo\",\"item\":\"https:\/\/www.daisho.be\/es\/categorie-produit\/adidas-combat-sports-es\/boxeo\/\"},{\"@type\":\"ListItem\",\"position\":5,\"name\":\"Sacos de boxeo y accesorios de entrenamiento\",\"item\":\"https:\/\/www.daisho.be\/es\/categorie-produit\/adidas-combat-sports-es\/boxeo\/sacos-de-boxeo-y-accesorios-de-entrenamiento-es\/\"},{\"@type\":\"ListItem\",\"position\":6,\"name\":\"adidas kick Pad Heavy curved\"}]},{\"@type\":\"WebSite\",\"@id\":\"https:\/\/www.daisho.be\/es\/#website\",\"url\":\"https:\/\/www.daisho.be\/es\/\",\"name\":\"Daisho\",\"description\":\"Sp&eacute;cialiste de l'&eacute;quipement sportif d'arts martiaux\",\"publisher\":{\"@id\":\"https:\/\/www.daisho.be\/es\/#organization\"},\"potentialAction\":[{\"@type\":\"SearchAction\",\"target\":{\"@type\":\"EntryPoint\",\"urlTemplate\":\"https:\/\/www.daisho.be\/es\/?s={search_term_string}\"},\"query-input\":{\"@type\":\"PropertyValueSpecification\",\"valueRequired\":true,\"valueName\":\"search_term_string\"}}],\"inLanguage\":\"es\"},{\"@type\":\"Organization\",\"@id\":\"https:\/\/www.daisho.be\/es\/#organization\",\"name\":\"Daisho\",\"url\":\"https:\/\/www.daisho.be\/es\/\",\"logo\":{\"@type\":\"ImageObject\",\"inLanguage\":\"es\",\"@id\":\"https:\/\/www.daisho.be\/es\/#\/schema\/logo\/image\/\",\"url\":\"https:\/\/www.daisho.be\/wp-content\/uploads\/2019\/07\/color-nothing-horizontale4x-e1564486100247.png\",\"contentUrl\":\"https:\/\/www.daisho.be\/wp-content\/uploads\/2019\/07\/color-nothing-horizontale4x-e1564486100247.png\",\"width\":1547,\"height\":385,\"caption\":\"Daisho\"},\"image\":{\"@id\":\"https:\/\/www.daisho.be\/es\/#\/schema\/logo\/image\/\"}}]}<\/script>\n<!-- \/ Yoast SEO plugin. -->","yoast_head_json":{"title":"adidas kick Pad Heavy curved &#8211; Daisho","robots":{"index":"index","follow":"follow","max-snippet":"max-snippet:-1","max-image-preview":"max-image-preview:large","max-video-preview":"max-video-preview:-1"},"canonical":"https:\/\/www.daisho.be\/es\/produit\/adidas-kick-pad-heavy-curved\/","og_locale":"es_ES","og_type":"article","og_title":"adidas kick Pad Heavy curved &#8211; Daisho","og_description":"Este coj\u00edn est\u00e1 fabricado con cuero artificial resistente y duradero. Tiene correas de nailon en la parte posterior para sujetar el coj\u00edn de forma segura. El acolchado es de espuma de poli\u00e9ter extrafuerte de 2,2 kg de peso, que garantiza que el coj\u00edn de patada no cree vac\u00edo, sino que reduzca al m\u00ednimo las patadas [&hellip;]","og_url":"https:\/\/www.daisho.be\/es\/produit\/adidas-kick-pad-heavy-curved\/","og_site_name":"Daisho","article_modified_time":"2025-10-09T12:15:48+00:00","og_image":[{"width":650,"height":650,"url":"https:\/\/www.daisho.be\/wp-content\/uploads\/2021\/09\/image-10.png","type":"image\/png"}],"twitter_card":"summary_large_image","twitter_misc":{"Tiempo de lectura":"1 minuto"},"schema":{"@context":"https:\/\/schema.org","@graph":[{"@type":"WebPage","@id":"https:\/\/www.daisho.be\/es\/produit\/adidas-kick-pad-heavy-curved\/","url":"https:\/\/www.daisho.be\/es\/produit\/adidas-kick-pad-heavy-curved\/","name":"adidas kick Pad Heavy curved &#8211; Daisho","isPartOf":{"@id":"https:\/\/www.daisho.be\/es\/#website"},"primaryImageOfPage":{"@id":"https:\/\/www.daisho.be\/es\/produit\/adidas-kick-pad-heavy-curved\/#primaryimage"},"image":{"@id":"https:\/\/www.daisho.be\/es\/produit\/adidas-kick-pad-heavy-curved\/#primaryimage"},"thumbnailUrl":"https:\/\/www.daisho.be\/wp-content\/uploads\/2021\/09\/image-10.png","datePublished":"2021-07-18T10:23:15+00:00","dateModified":"2025-10-09T12:15:48+00:00","breadcrumb":{"@id":"https:\/\/www.daisho.be\/es\/produit\/adidas-kick-pad-heavy-curved\/#breadcrumb"},"inLanguage":"es","potentialAction":[{"@type":"ReadAction","target":["https:\/\/www.daisho.be\/es\/produit\/adidas-kick-pad-heavy-curved\/"]}]},{"@type":"ImageObject","inLanguage":"es","@id":"https:\/\/www.daisho.be\/es\/produit\/adidas-kick-pad-heavy-curved\/#primaryimage","url":"https:\/\/www.daisho.be\/wp-content\/uploads\/2021\/09\/image-10.png","contentUrl":"https:\/\/www.daisho.be\/wp-content\/uploads\/2021\/09\/image-10.png","width":650,"height":650,"caption":"adidas kick Pad Heavy curved-1"},{"@type":"BreadcrumbList","@id":"https:\/\/www.daisho.be\/es\/produit\/adidas-kick-pad-heavy-curved\/#breadcrumb","itemListElement":[{"@type":"ListItem","position":1,"name":"Accueil","item":"https:\/\/www.daisho.be\/es\/"},{"@type":"ListItem","position":2,"name":"Productos","item":"https:\/\/www.daisho.be\/es\/productos\/"},{"@type":"ListItem","position":3,"name":"ADIDAS COMBAT SPORTS","item":"https:\/\/www.daisho.be\/es\/categorie-produit\/adidas-combat-sports-es\/"},{"@type":"ListItem","position":4,"name":"Boxeo","item":"https:\/\/www.daisho.be\/es\/categorie-produit\/adidas-combat-sports-es\/boxeo\/"},{"@type":"ListItem","position":5,"name":"Sacos de boxeo y accesorios de entrenamiento","item":"https:\/\/www.daisho.be\/es\/categorie-produit\/adidas-combat-sports-es\/boxeo\/sacos-de-boxeo-y-accesorios-de-entrenamiento-es\/"},{"@type":"ListItem","position":6,"name":"adidas kick Pad Heavy curved"}]},{"@type":"WebSite","@id":"https:\/\/www.daisho.be\/es\/#website","url":"https:\/\/www.daisho.be\/es\/","name":"Daisho","description":"Sp&eacute;cialiste de l'&eacute;quipement sportif d'arts martiaux","publisher":{"@id":"https:\/\/www.daisho.be\/es\/#organization"},"potentialAction":[{"@type":"SearchAction","target":{"@type":"EntryPoint","urlTemplate":"https:\/\/www.daisho.be\/es\/?s={search_term_string}"},"query-input":{"@type":"PropertyValueSpecification","valueRequired":true,"valueName":"search_term_string"}}],"inLanguage":"es"},{"@type":"Organization","@id":"https:\/\/www.daisho.be\/es\/#organization","name":"Daisho","url":"https:\/\/www.daisho.be\/es\/","logo":{"@type":"ImageObject","inLanguage":"es","@id":"https:\/\/www.daisho.be\/es\/#\/schema\/logo\/image\/","url":"https:\/\/www.daisho.be\/wp-content\/uploads\/2019\/07\/color-nothing-horizontale4x-e1564486100247.png","contentUrl":"https:\/\/www.daisho.be\/wp-content\/uploads\/2019\/07\/color-nothing-horizontale4x-e1564486100247.png","width":1547,"height":385,"caption":"Daisho"},"image":{"@id":"https:\/\/www.daisho.be\/es\/#\/schema\/logo\/image\/"}}]}},"_links":{"self":[{"href":"https:\/\/www.daisho.be\/es\/wp-json\/wp\/v2\/product\/347423","targetHints":{"allow":["GET"]}}],"collection":[{"href":"https:\/\/www.daisho.be\/es\/wp-json\/wp\/v2\/product"}],"about":[{"href":"https:\/\/www.daisho.be\/es\/wp-json\/wp\/v2\/types\/product"}],"replies":[{"embeddable":true,"href":"https:\/\/www.daisho.be\/es\/wp-json\/wp\/v2\/comments?post=347423"}],"wp:featuredmedia":[{"embeddable":true,"href":"https:\/\/www.daisho.be\/es\/wp-json\/wp\/v2\/media\/327613"}],"wp:attachment":[{"href":"https:\/\/www.daisho.be\/es\/wp-json\/wp\/v2\/media?parent=347423"}],"wp:term":[{"taxonomy":"product_brand","embeddable":true,"href":"https:\/\/www.daisho.be\/es\/wp-json\/wp\/v2\/product_brand?post=347423"},{"taxonomy":"product_cat","embeddable":true,"href":"https:\/\/www.daisho.be\/es\/wp-json\/wp\/v2\/product_cat?post=347423"},{"taxonomy":"product_tag","embeddable":true,"href":"https:\/\/www.daisho.be\/es\/wp-json\/wp\/v2\/product_tag?post=347423"},{"taxonomy":"sport","embeddable":true,"href":"https:\/\/www.daisho.be\/es\/wp-json\/wp\/v2\/sport?post=347423"}],"curies":[{"name":"wp","href":"https:\/\/api.w.org\/{rel}","templated":true}]}}