{"id":347352,"date":"2021-03-15T15:24:12","date_gmt":"2021-03-15T14:24:12","guid":{"rendered":"https:\/\/www.daisho.be\/produit\/airtrick-p3-8-x-6-m\/"},"modified":"2025-12-11T12:18:15","modified_gmt":"2025-12-11T11:18:15","slug":"airtrick-p3-8-x-6-m","status":"publish","type":"product","link":"https:\/\/www.daisho.be\/es\/produit\/airtrick-p3-8-x-6-m\/","title":{"rendered":"AirTrick P3 8 x 6 m"},"content":{"rendered":"<p>Si buscas una forma de mejorar tus habilidades m\u00e1s r\u00e1pido que nunca, \u00a1la has encontrado!<br \/>\nEl AirTrick es el primer suelo dise\u00f1ado espec\u00edficamente para el entrenamiento y el freerunning. La superficie gruesa y ancha genera un rebote como ning\u00fan otro suelo y es ideal para practicar movimientos de principiantes y avanzados. La AirTrick es perfecta para grupos grandes y freerunning. \u00a1Todos, j\u00f3venes o mayores, aficionados o profesionales, pueden pas\u00e1rselo en grande en la AirTrick! Atletas de renombre mundial como el freerunner profesional \u00abDK\u00bb y el doble de acci\u00f3n profesional Damien Walters avalan las posibilidades de convertirse en grandes jugadores sobre la AirTrick.<br \/>\nTrampol\u00edn \u00fanico.<br \/>\nPersonalizable.<br \/>\n5 a\u00f1os de garant\u00eda.    <\/p>\n","protected":false},"excerpt":{"rendered":"<p>Si buscas una forma de mejorar tus habilidades m\u00e1s r\u00e1pido que nunca, \u00a1la has encontrado! El AirTrick es el primer suelo dise\u00f1ado espec\u00edficamente para el entrenamiento y el freerunning. La superficie gruesa y ancha genera un rebote como ning\u00fan otro suelo y es ideal para practicar movimientos de principiantes y avanzados. La AirTrick es perfecta [&hellip;]<\/p>\n","protected":false},"featured_media":547766,"comment_status":"open","ping_status":"closed","template":"","meta":{"inline_featured_image":false},"product_brand":[],"product_cat":[1612],"product_tag":[1615,2552],"sport":[],"class_list":{"0":"post-347352","1":"product","2":"type-product","3":"status-publish","4":"has-post-thumbnail","6":"product_cat-alfombras","7":"product_tag-airtrack-es","8":"product_tag-cita","9":"product_shipping_class-productos-voluminosos-es","10":"pa_size-sans-taille-defaut","12":"first","13":"instock","14":"taxable","15":"shipping-taxable","16":"purchasable","17":"product-type-variable"},"yoast_head":"<!-- This site is optimized with the Yoast SEO plugin v27.2 - https:\/\/yoast.com\/product\/yoast-seo-wordpress\/ -->\n<title>AirTrick P3 8 x 6 m &#8211; Daisho<\/title>\n<meta name=\"robots\" content=\"index, follow, max-snippet:-1, max-image-preview:large, max-video-preview:-1\" \/>\n<link rel=\"canonical\" href=\"https:\/\/www.daisho.be\/es\/produit\/airtrick-p3-8-x-6-m\/\" \/>\n<meta property=\"og:locale\" content=\"es_ES\" \/>\n<meta property=\"og:type\" content=\"article\" \/>\n<meta property=\"og:title\" content=\"AirTrick P3 8 x 6 m &#8211; Daisho\" \/>\n<meta property=\"og:description\" content=\"Si buscas una forma de mejorar tus habilidades m\u00e1s r\u00e1pido que nunca, \u00a1la has encontrado! El AirTrick es el primer suelo dise\u00f1ado espec\u00edficamente para el entrenamiento y el freerunning. La superficie gruesa y ancha genera un rebote como ning\u00fan otro suelo y es ideal para practicar movimientos de principiantes y avanzados. La AirTrick es perfecta [&hellip;]\" \/>\n<meta property=\"og:url\" content=\"https:\/\/www.daisho.be\/es\/produit\/airtrick-p3-8-x-6-m\/\" \/>\n<meta property=\"og:site_name\" content=\"Daisho\" \/>\n<meta property=\"article:modified_time\" content=\"2025-12-11T11:18:15+00:00\" \/>\n<meta property=\"og:image\" content=\"https:\/\/www.daisho.be\/wp-content\/uploads\/2025\/08\/image-118.png\" \/>\n\t<meta property=\"og:image:width\" content=\"1369\" \/>\n\t<meta property=\"og:image:height\" content=\"694\" \/>\n\t<meta property=\"og:image:type\" content=\"image\/png\" \/>\n<meta name=\"twitter:card\" content=\"summary_large_image\" \/>\n<meta name=\"twitter:label1\" content=\"Tiempo de lectura\" \/>\n\t<meta name=\"twitter:data1\" content=\"1 minuto\" \/>\n<script type=\"application\/ld+json\" class=\"yoast-schema-graph\">{\"@context\":\"https:\/\/schema.org\",\"@graph\":[{\"@type\":\"WebPage\",\"@id\":\"https:\/\/www.daisho.be\/es\/produit\/airtrick-p3-8-x-6-m\/\",\"url\":\"https:\/\/www.daisho.be\/es\/produit\/airtrick-p3-8-x-6-m\/\",\"name\":\"AirTrick P3 8 x 6 m &#8211; Daisho\",\"isPartOf\":{\"@id\":\"https:\/\/www.daisho.be\/es\/#website\"},\"primaryImageOfPage\":{\"@id\":\"https:\/\/www.daisho.be\/es\/produit\/airtrick-p3-8-x-6-m\/#primaryimage\"},\"image\":{\"@id\":\"https:\/\/www.daisho.be\/es\/produit\/airtrick-p3-8-x-6-m\/#primaryimage\"},\"thumbnailUrl\":\"https:\/\/www.daisho.be\/wp-content\/uploads\/2025\/08\/image-118.png\",\"datePublished\":\"2021-03-15T14:24:12+00:00\",\"dateModified\":\"2025-12-11T11:18:15+00:00\",\"breadcrumb\":{\"@id\":\"https:\/\/www.daisho.be\/es\/produit\/airtrick-p3-8-x-6-m\/#breadcrumb\"},\"inLanguage\":\"es\",\"potentialAction\":[{\"@type\":\"ReadAction\",\"target\":[\"https:\/\/www.daisho.be\/es\/produit\/airtrick-p3-8-x-6-m\/\"]}]},{\"@type\":\"ImageObject\",\"inLanguage\":\"es\",\"@id\":\"https:\/\/www.daisho.be\/es\/produit\/airtrick-p3-8-x-6-m\/#primaryimage\",\"url\":\"https:\/\/www.daisho.be\/wp-content\/uploads\/2025\/08\/image-118.png\",\"contentUrl\":\"https:\/\/www.daisho.be\/wp-content\/uploads\/2025\/08\/image-118.png\",\"width\":1369,\"height\":694,\"caption\":\"AirTrick P3 8 x 6 m-1\"},{\"@type\":\"BreadcrumbList\",\"@id\":\"https:\/\/www.daisho.be\/es\/produit\/airtrick-p3-8-x-6-m\/#breadcrumb\",\"itemListElement\":[{\"@type\":\"ListItem\",\"position\":1,\"name\":\"Accueil\",\"item\":\"https:\/\/www.daisho.be\/es\/\"},{\"@type\":\"ListItem\",\"position\":2,\"name\":\"Productos\",\"item\":\"https:\/\/www.daisho.be\/es\/productos\/\"},{\"@type\":\"ListItem\",\"position\":3,\"name\":\"Deportes de combate\",\"item\":\"https:\/\/www.daisho.be\/es\/categorie-produit\/deportes-de-combate\/\"},{\"@type\":\"ListItem\",\"position\":4,\"name\":\"Alfombras\",\"item\":\"https:\/\/www.daisho.be\/es\/categorie-produit\/deportes-de-combate\/alfombras\/\"},{\"@type\":\"ListItem\",\"position\":5,\"name\":\"AirTrick P3 8 x 6 m\"}]},{\"@type\":\"WebSite\",\"@id\":\"https:\/\/www.daisho.be\/es\/#website\",\"url\":\"https:\/\/www.daisho.be\/es\/\",\"name\":\"Daisho\",\"description\":\"Sp&eacute;cialiste de l'&eacute;quipement sportif d'arts martiaux\",\"publisher\":{\"@id\":\"https:\/\/www.daisho.be\/es\/#organization\"},\"potentialAction\":[{\"@type\":\"SearchAction\",\"target\":{\"@type\":\"EntryPoint\",\"urlTemplate\":\"https:\/\/www.daisho.be\/es\/?s={search_term_string}\"},\"query-input\":{\"@type\":\"PropertyValueSpecification\",\"valueRequired\":true,\"valueName\":\"search_term_string\"}}],\"inLanguage\":\"es\"},{\"@type\":\"Organization\",\"@id\":\"https:\/\/www.daisho.be\/es\/#organization\",\"name\":\"Daisho\",\"url\":\"https:\/\/www.daisho.be\/es\/\",\"logo\":{\"@type\":\"ImageObject\",\"inLanguage\":\"es\",\"@id\":\"https:\/\/www.daisho.be\/es\/#\/schema\/logo\/image\/\",\"url\":\"https:\/\/www.daisho.be\/wp-content\/uploads\/2019\/07\/color-nothing-horizontale4x-e1564486100247.png\",\"contentUrl\":\"https:\/\/www.daisho.be\/wp-content\/uploads\/2019\/07\/color-nothing-horizontale4x-e1564486100247.png\",\"width\":1547,\"height\":385,\"caption\":\"Daisho\"},\"image\":{\"@id\":\"https:\/\/www.daisho.be\/es\/#\/schema\/logo\/image\/\"}}]}<\/script>\n<!-- \/ Yoast SEO plugin. -->","yoast_head_json":{"title":"AirTrick P3 8 x 6 m &#8211; Daisho","robots":{"index":"index","follow":"follow","max-snippet":"max-snippet:-1","max-image-preview":"max-image-preview:large","max-video-preview":"max-video-preview:-1"},"canonical":"https:\/\/www.daisho.be\/es\/produit\/airtrick-p3-8-x-6-m\/","og_locale":"es_ES","og_type":"article","og_title":"AirTrick P3 8 x 6 m &#8211; Daisho","og_description":"Si buscas una forma de mejorar tus habilidades m\u00e1s r\u00e1pido que nunca, \u00a1la has encontrado! El AirTrick es el primer suelo dise\u00f1ado espec\u00edficamente para el entrenamiento y el freerunning. La superficie gruesa y ancha genera un rebote como ning\u00fan otro suelo y es ideal para practicar movimientos de principiantes y avanzados. La AirTrick es perfecta [&hellip;]","og_url":"https:\/\/www.daisho.be\/es\/produit\/airtrick-p3-8-x-6-m\/","og_site_name":"Daisho","article_modified_time":"2025-12-11T11:18:15+00:00","og_image":[{"width":1369,"height":694,"url":"https:\/\/www.daisho.be\/wp-content\/uploads\/2025\/08\/image-118.png","type":"image\/png"}],"twitter_card":"summary_large_image","twitter_misc":{"Tiempo de lectura":"1 minuto"},"schema":{"@context":"https:\/\/schema.org","@graph":[{"@type":"WebPage","@id":"https:\/\/www.daisho.be\/es\/produit\/airtrick-p3-8-x-6-m\/","url":"https:\/\/www.daisho.be\/es\/produit\/airtrick-p3-8-x-6-m\/","name":"AirTrick P3 8 x 6 m &#8211; Daisho","isPartOf":{"@id":"https:\/\/www.daisho.be\/es\/#website"},"primaryImageOfPage":{"@id":"https:\/\/www.daisho.be\/es\/produit\/airtrick-p3-8-x-6-m\/#primaryimage"},"image":{"@id":"https:\/\/www.daisho.be\/es\/produit\/airtrick-p3-8-x-6-m\/#primaryimage"},"thumbnailUrl":"https:\/\/www.daisho.be\/wp-content\/uploads\/2025\/08\/image-118.png","datePublished":"2021-03-15T14:24:12+00:00","dateModified":"2025-12-11T11:18:15+00:00","breadcrumb":{"@id":"https:\/\/www.daisho.be\/es\/produit\/airtrick-p3-8-x-6-m\/#breadcrumb"},"inLanguage":"es","potentialAction":[{"@type":"ReadAction","target":["https:\/\/www.daisho.be\/es\/produit\/airtrick-p3-8-x-6-m\/"]}]},{"@type":"ImageObject","inLanguage":"es","@id":"https:\/\/www.daisho.be\/es\/produit\/airtrick-p3-8-x-6-m\/#primaryimage","url":"https:\/\/www.daisho.be\/wp-content\/uploads\/2025\/08\/image-118.png","contentUrl":"https:\/\/www.daisho.be\/wp-content\/uploads\/2025\/08\/image-118.png","width":1369,"height":694,"caption":"AirTrick P3 8 x 6 m-1"},{"@type":"BreadcrumbList","@id":"https:\/\/www.daisho.be\/es\/produit\/airtrick-p3-8-x-6-m\/#breadcrumb","itemListElement":[{"@type":"ListItem","position":1,"name":"Accueil","item":"https:\/\/www.daisho.be\/es\/"},{"@type":"ListItem","position":2,"name":"Productos","item":"https:\/\/www.daisho.be\/es\/productos\/"},{"@type":"ListItem","position":3,"name":"Deportes de combate","item":"https:\/\/www.daisho.be\/es\/categorie-produit\/deportes-de-combate\/"},{"@type":"ListItem","position":4,"name":"Alfombras","item":"https:\/\/www.daisho.be\/es\/categorie-produit\/deportes-de-combate\/alfombras\/"},{"@type":"ListItem","position":5,"name":"AirTrick P3 8 x 6 m"}]},{"@type":"WebSite","@id":"https:\/\/www.daisho.be\/es\/#website","url":"https:\/\/www.daisho.be\/es\/","name":"Daisho","description":"Sp&eacute;cialiste de l'&eacute;quipement sportif d'arts martiaux","publisher":{"@id":"https:\/\/www.daisho.be\/es\/#organization"},"potentialAction":[{"@type":"SearchAction","target":{"@type":"EntryPoint","urlTemplate":"https:\/\/www.daisho.be\/es\/?s={search_term_string}"},"query-input":{"@type":"PropertyValueSpecification","valueRequired":true,"valueName":"search_term_string"}}],"inLanguage":"es"},{"@type":"Organization","@id":"https:\/\/www.daisho.be\/es\/#organization","name":"Daisho","url":"https:\/\/www.daisho.be\/es\/","logo":{"@type":"ImageObject","inLanguage":"es","@id":"https:\/\/www.daisho.be\/es\/#\/schema\/logo\/image\/","url":"https:\/\/www.daisho.be\/wp-content\/uploads\/2019\/07\/color-nothing-horizontale4x-e1564486100247.png","contentUrl":"https:\/\/www.daisho.be\/wp-content\/uploads\/2019\/07\/color-nothing-horizontale4x-e1564486100247.png","width":1547,"height":385,"caption":"Daisho"},"image":{"@id":"https:\/\/www.daisho.be\/es\/#\/schema\/logo\/image\/"}}]}},"_links":{"self":[{"href":"https:\/\/www.daisho.be\/es\/wp-json\/wp\/v2\/product\/347352","targetHints":{"allow":["GET"]}}],"collection":[{"href":"https:\/\/www.daisho.be\/es\/wp-json\/wp\/v2\/product"}],"about":[{"href":"https:\/\/www.daisho.be\/es\/wp-json\/wp\/v2\/types\/product"}],"replies":[{"embeddable":true,"href":"https:\/\/www.daisho.be\/es\/wp-json\/wp\/v2\/comments?post=347352"}],"wp:featuredmedia":[{"embeddable":true,"href":"https:\/\/www.daisho.be\/es\/wp-json\/wp\/v2\/media\/547766"}],"wp:attachment":[{"href":"https:\/\/www.daisho.be\/es\/wp-json\/wp\/v2\/media?parent=347352"}],"wp:term":[{"taxonomy":"product_brand","embeddable":true,"href":"https:\/\/www.daisho.be\/es\/wp-json\/wp\/v2\/product_brand?post=347352"},{"taxonomy":"product_cat","embeddable":true,"href":"https:\/\/www.daisho.be\/es\/wp-json\/wp\/v2\/product_cat?post=347352"},{"taxonomy":"product_tag","embeddable":true,"href":"https:\/\/www.daisho.be\/es\/wp-json\/wp\/v2\/product_tag?post=347352"},{"taxonomy":"sport","embeddable":true,"href":"https:\/\/www.daisho.be\/es\/wp-json\/wp\/v2\/sport?post=347352"}],"curies":[{"name":"wp","href":"https:\/\/api.w.org\/{rel}","templated":true}]}}