{"id":347094,"date":"2021-03-02T00:19:02","date_gmt":"2021-03-01T23:19:02","guid":{"rendered":"https:\/\/www.daisho.be\/produit\/airbox-28-x-09-m-juego\/"},"modified":"2026-04-20T13:25:55","modified_gmt":"2026-04-20T11:25:55","slug":"airbox-28-x-09-m-juego","status":"publish","type":"product","link":"https:\/\/www.daisho.be\/es\/produit\/airbox-28-x-09-m-juego\/","title":{"rendered":"AirBox 2,8 x 0,9 m &#8211; Juego"},"content":{"rendered":"<p>Este conjunto port\u00e1til es una combinaci\u00f3n de 3 peque\u00f1os elementos AirTrack P3 (0,3 m de altura) que pueden utilizarse como equipo independiente o en un AirTrack.Apila 1, 2 o los 3 elementos en un AirTrack para entrenamientos moderados, o utiliza el conjunto completo como un plint apto para ni\u00f1os.<br \/>\nPlint apto para ni\u00f1os.<br \/>\nUso m\u00faltiple.<br \/>\nGarant\u00eda de 5 a\u00f1os.<\/p>\n","protected":false},"excerpt":{"rendered":"<p>Este conjunto port\u00e1til es una combinaci\u00f3n de 3 peque\u00f1os elementos AirTrack P3 (0,3 m de altura) que pueden utilizarse como equipo independiente o en un AirTrack.Apila 1, 2 o los 3 elementos en un AirTrack para entrenamientos moderados, o utiliza el conjunto completo como un plint apto para ni\u00f1os. Plint apto para ni\u00f1os. Uso m\u00faltiple. [&hellip;]<\/p>\n","protected":false},"featured_media":548048,"comment_status":"open","ping_status":"closed","template":"","meta":{"inline_featured_image":false},"product_brand":[],"product_cat":[1612],"product_tag":[1615],"sport":[],"class_list":{"0":"post-347094","1":"product","2":"type-product","3":"status-publish","4":"has-post-thumbnail","6":"product_cat-alfombras","7":"product_tag-airtrack-es","8":"product_shipping_class-productos-voluminosos-es","9":"pa_size-sans-taille-defaut","11":"first","12":"outofstock","13":"taxable","14":"shipping-taxable","15":"purchasable","16":"product-type-simple"},"yoast_head":"<!-- This site is optimized with the Yoast SEO plugin v27.2 - https:\/\/yoast.com\/product\/yoast-seo-wordpress\/ -->\n<title>AirBox 2,8 x 0,9 m - Juego &#8211; Daisho<\/title>\n<meta name=\"robots\" content=\"index, follow, max-snippet:-1, max-image-preview:large, max-video-preview:-1\" \/>\n<link rel=\"canonical\" href=\"https:\/\/www.daisho.be\/es\/produit\/airbox-28-x-09-m-juego\/\" \/>\n<meta property=\"og:locale\" content=\"es_ES\" \/>\n<meta property=\"og:type\" content=\"article\" \/>\n<meta property=\"og:title\" content=\"AirBox 2,8 x 0,9 m - Juego &#8211; Daisho\" \/>\n<meta property=\"og:description\" content=\"Este conjunto port\u00e1til es una combinaci\u00f3n de 3 peque\u00f1os elementos AirTrack P3 (0,3 m de altura) que pueden utilizarse como equipo independiente o en un AirTrack.Apila 1, 2 o los 3 elementos en un AirTrack para entrenamientos moderados, o utiliza el conjunto completo como un plint apto para ni\u00f1os. Plint apto para ni\u00f1os. Uso m\u00faltiple. [&hellip;]\" \/>\n<meta property=\"og:url\" content=\"https:\/\/www.daisho.be\/es\/produit\/airbox-28-x-09-m-juego\/\" \/>\n<meta property=\"og:site_name\" content=\"Daisho\" \/>\n<meta property=\"article:modified_time\" content=\"2026-04-20T11:25:55+00:00\" \/>\n<meta property=\"og:image\" content=\"https:\/\/www.daisho.be\/wp-content\/uploads\/2025\/08\/image-128.png\" \/>\n\t<meta property=\"og:image:width\" content=\"1519\" \/>\n\t<meta property=\"og:image:height\" content=\"1122\" \/>\n\t<meta property=\"og:image:type\" content=\"image\/png\" \/>\n<meta name=\"twitter:card\" content=\"summary_large_image\" \/>\n<script type=\"application\/ld+json\" class=\"yoast-schema-graph\">{\"@context\":\"https:\/\/schema.org\",\"@graph\":[{\"@type\":\"WebPage\",\"@id\":\"https:\/\/www.daisho.be\/es\/produit\/airbox-28-x-09-m-juego\/\",\"url\":\"https:\/\/www.daisho.be\/es\/produit\/airbox-28-x-09-m-juego\/\",\"name\":\"AirBox 2,8 x 0,9 m - Juego &#8211; Daisho\",\"isPartOf\":{\"@id\":\"https:\/\/www.daisho.be\/es\/#website\"},\"primaryImageOfPage\":{\"@id\":\"https:\/\/www.daisho.be\/es\/produit\/airbox-28-x-09-m-juego\/#primaryimage\"},\"image\":{\"@id\":\"https:\/\/www.daisho.be\/es\/produit\/airbox-28-x-09-m-juego\/#primaryimage\"},\"thumbnailUrl\":\"https:\/\/www.daisho.be\/wp-content\/uploads\/2025\/08\/image-128.png\",\"datePublished\":\"2021-03-01T23:19:02+00:00\",\"dateModified\":\"2026-04-20T11:25:55+00:00\",\"breadcrumb\":{\"@id\":\"https:\/\/www.daisho.be\/es\/produit\/airbox-28-x-09-m-juego\/#breadcrumb\"},\"inLanguage\":\"es\",\"potentialAction\":[{\"@type\":\"ReadAction\",\"target\":[\"https:\/\/www.daisho.be\/es\/produit\/airbox-28-x-09-m-juego\/\"]}]},{\"@type\":\"ImageObject\",\"inLanguage\":\"es\",\"@id\":\"https:\/\/www.daisho.be\/es\/produit\/airbox-28-x-09-m-juego\/#primaryimage\",\"url\":\"https:\/\/www.daisho.be\/wp-content\/uploads\/2025\/08\/image-128.png\",\"contentUrl\":\"https:\/\/www.daisho.be\/wp-content\/uploads\/2025\/08\/image-128.png\",\"width\":1519,\"height\":1122,\"caption\":\"AirBox 2,8 x 0,9 m - Set-1\"},{\"@type\":\"BreadcrumbList\",\"@id\":\"https:\/\/www.daisho.be\/es\/produit\/airbox-28-x-09-m-juego\/#breadcrumb\",\"itemListElement\":[{\"@type\":\"ListItem\",\"position\":1,\"name\":\"Accueil\",\"item\":\"https:\/\/www.daisho.be\/es\/\"},{\"@type\":\"ListItem\",\"position\":2,\"name\":\"Productos\",\"item\":\"https:\/\/www.daisho.be\/es\/productos\/\"},{\"@type\":\"ListItem\",\"position\":3,\"name\":\"Deportes de combate\",\"item\":\"https:\/\/www.daisho.be\/es\/categorie-produit\/deportes-de-combate\/\"},{\"@type\":\"ListItem\",\"position\":4,\"name\":\"Alfombras\",\"item\":\"https:\/\/www.daisho.be\/es\/categorie-produit\/deportes-de-combate\/alfombras\/\"},{\"@type\":\"ListItem\",\"position\":5,\"name\":\"AirBox 2,8 x 0,9 m &#8211; Juego\"}]},{\"@type\":\"WebSite\",\"@id\":\"https:\/\/www.daisho.be\/es\/#website\",\"url\":\"https:\/\/www.daisho.be\/es\/\",\"name\":\"Daisho\",\"description\":\"Sp&eacute;cialiste de l'&eacute;quipement sportif d'arts martiaux\",\"publisher\":{\"@id\":\"https:\/\/www.daisho.be\/es\/#organization\"},\"potentialAction\":[{\"@type\":\"SearchAction\",\"target\":{\"@type\":\"EntryPoint\",\"urlTemplate\":\"https:\/\/www.daisho.be\/es\/?s={search_term_string}\"},\"query-input\":{\"@type\":\"PropertyValueSpecification\",\"valueRequired\":true,\"valueName\":\"search_term_string\"}}],\"inLanguage\":\"es\"},{\"@type\":\"Organization\",\"@id\":\"https:\/\/www.daisho.be\/es\/#organization\",\"name\":\"Daisho\",\"url\":\"https:\/\/www.daisho.be\/es\/\",\"logo\":{\"@type\":\"ImageObject\",\"inLanguage\":\"es\",\"@id\":\"https:\/\/www.daisho.be\/es\/#\/schema\/logo\/image\/\",\"url\":\"https:\/\/www.daisho.be\/wp-content\/uploads\/2019\/07\/color-nothing-horizontale4x-e1564486100247.png\",\"contentUrl\":\"https:\/\/www.daisho.be\/wp-content\/uploads\/2019\/07\/color-nothing-horizontale4x-e1564486100247.png\",\"width\":1547,\"height\":385,\"caption\":\"Daisho\"},\"image\":{\"@id\":\"https:\/\/www.daisho.be\/es\/#\/schema\/logo\/image\/\"}}]}<\/script>\n<!-- \/ Yoast SEO plugin. -->","yoast_head_json":{"title":"AirBox 2,8 x 0,9 m - Juego &#8211; Daisho","robots":{"index":"index","follow":"follow","max-snippet":"max-snippet:-1","max-image-preview":"max-image-preview:large","max-video-preview":"max-video-preview:-1"},"canonical":"https:\/\/www.daisho.be\/es\/produit\/airbox-28-x-09-m-juego\/","og_locale":"es_ES","og_type":"article","og_title":"AirBox 2,8 x 0,9 m - Juego &#8211; Daisho","og_description":"Este conjunto port\u00e1til es una combinaci\u00f3n de 3 peque\u00f1os elementos AirTrack P3 (0,3 m de altura) que pueden utilizarse como equipo independiente o en un AirTrack.Apila 1, 2 o los 3 elementos en un AirTrack para entrenamientos moderados, o utiliza el conjunto completo como un plint apto para ni\u00f1os. Plint apto para ni\u00f1os. Uso m\u00faltiple. [&hellip;]","og_url":"https:\/\/www.daisho.be\/es\/produit\/airbox-28-x-09-m-juego\/","og_site_name":"Daisho","article_modified_time":"2026-04-20T11:25:55+00:00","og_image":[{"width":1519,"height":1122,"url":"https:\/\/www.daisho.be\/wp-content\/uploads\/2025\/08\/image-128.png","type":"image\/png"}],"twitter_card":"summary_large_image","schema":{"@context":"https:\/\/schema.org","@graph":[{"@type":"WebPage","@id":"https:\/\/www.daisho.be\/es\/produit\/airbox-28-x-09-m-juego\/","url":"https:\/\/www.daisho.be\/es\/produit\/airbox-28-x-09-m-juego\/","name":"AirBox 2,8 x 0,9 m - Juego &#8211; Daisho","isPartOf":{"@id":"https:\/\/www.daisho.be\/es\/#website"},"primaryImageOfPage":{"@id":"https:\/\/www.daisho.be\/es\/produit\/airbox-28-x-09-m-juego\/#primaryimage"},"image":{"@id":"https:\/\/www.daisho.be\/es\/produit\/airbox-28-x-09-m-juego\/#primaryimage"},"thumbnailUrl":"https:\/\/www.daisho.be\/wp-content\/uploads\/2025\/08\/image-128.png","datePublished":"2021-03-01T23:19:02+00:00","dateModified":"2026-04-20T11:25:55+00:00","breadcrumb":{"@id":"https:\/\/www.daisho.be\/es\/produit\/airbox-28-x-09-m-juego\/#breadcrumb"},"inLanguage":"es","potentialAction":[{"@type":"ReadAction","target":["https:\/\/www.daisho.be\/es\/produit\/airbox-28-x-09-m-juego\/"]}]},{"@type":"ImageObject","inLanguage":"es","@id":"https:\/\/www.daisho.be\/es\/produit\/airbox-28-x-09-m-juego\/#primaryimage","url":"https:\/\/www.daisho.be\/wp-content\/uploads\/2025\/08\/image-128.png","contentUrl":"https:\/\/www.daisho.be\/wp-content\/uploads\/2025\/08\/image-128.png","width":1519,"height":1122,"caption":"AirBox 2,8 x 0,9 m - Set-1"},{"@type":"BreadcrumbList","@id":"https:\/\/www.daisho.be\/es\/produit\/airbox-28-x-09-m-juego\/#breadcrumb","itemListElement":[{"@type":"ListItem","position":1,"name":"Accueil","item":"https:\/\/www.daisho.be\/es\/"},{"@type":"ListItem","position":2,"name":"Productos","item":"https:\/\/www.daisho.be\/es\/productos\/"},{"@type":"ListItem","position":3,"name":"Deportes de combate","item":"https:\/\/www.daisho.be\/es\/categorie-produit\/deportes-de-combate\/"},{"@type":"ListItem","position":4,"name":"Alfombras","item":"https:\/\/www.daisho.be\/es\/categorie-produit\/deportes-de-combate\/alfombras\/"},{"@type":"ListItem","position":5,"name":"AirBox 2,8 x 0,9 m &#8211; Juego"}]},{"@type":"WebSite","@id":"https:\/\/www.daisho.be\/es\/#website","url":"https:\/\/www.daisho.be\/es\/","name":"Daisho","description":"Sp&eacute;cialiste de l'&eacute;quipement sportif d'arts martiaux","publisher":{"@id":"https:\/\/www.daisho.be\/es\/#organization"},"potentialAction":[{"@type":"SearchAction","target":{"@type":"EntryPoint","urlTemplate":"https:\/\/www.daisho.be\/es\/?s={search_term_string}"},"query-input":{"@type":"PropertyValueSpecification","valueRequired":true,"valueName":"search_term_string"}}],"inLanguage":"es"},{"@type":"Organization","@id":"https:\/\/www.daisho.be\/es\/#organization","name":"Daisho","url":"https:\/\/www.daisho.be\/es\/","logo":{"@type":"ImageObject","inLanguage":"es","@id":"https:\/\/www.daisho.be\/es\/#\/schema\/logo\/image\/","url":"https:\/\/www.daisho.be\/wp-content\/uploads\/2019\/07\/color-nothing-horizontale4x-e1564486100247.png","contentUrl":"https:\/\/www.daisho.be\/wp-content\/uploads\/2019\/07\/color-nothing-horizontale4x-e1564486100247.png","width":1547,"height":385,"caption":"Daisho"},"image":{"@id":"https:\/\/www.daisho.be\/es\/#\/schema\/logo\/image\/"}}]}},"_links":{"self":[{"href":"https:\/\/www.daisho.be\/es\/wp-json\/wp\/v2\/product\/347094","targetHints":{"allow":["GET"]}}],"collection":[{"href":"https:\/\/www.daisho.be\/es\/wp-json\/wp\/v2\/product"}],"about":[{"href":"https:\/\/www.daisho.be\/es\/wp-json\/wp\/v2\/types\/product"}],"replies":[{"embeddable":true,"href":"https:\/\/www.daisho.be\/es\/wp-json\/wp\/v2\/comments?post=347094"}],"wp:featuredmedia":[{"embeddable":true,"href":"https:\/\/www.daisho.be\/es\/wp-json\/wp\/v2\/media\/548048"}],"wp:attachment":[{"href":"https:\/\/www.daisho.be\/es\/wp-json\/wp\/v2\/media?parent=347094"}],"wp:term":[{"taxonomy":"product_brand","embeddable":true,"href":"https:\/\/www.daisho.be\/es\/wp-json\/wp\/v2\/product_brand?post=347094"},{"taxonomy":"product_cat","embeddable":true,"href":"https:\/\/www.daisho.be\/es\/wp-json\/wp\/v2\/product_cat?post=347094"},{"taxonomy":"product_tag","embeddable":true,"href":"https:\/\/www.daisho.be\/es\/wp-json\/wp\/v2\/product_tag?post=347094"},{"taxonomy":"sport","embeddable":true,"href":"https:\/\/www.daisho.be\/es\/wp-json\/wp\/v2\/sport?post=347094"}],"curies":[{"name":"wp","href":"https:\/\/api.w.org\/{rel}","templated":true}]}}