{"id":347061,"date":"2021-01-06T17:01:01","date_gmt":"2021-01-06T16:01:01","guid":{"rendered":"https:\/\/www.daisho.be\/produit\/guantes-de-mma-adidas-negro-azul-solar\/"},"modified":"2025-10-09T13:59:54","modified_gmt":"2025-10-09T11:59:54","slug":"guantes-de-mma-adidas-negro-azul-solar","status":"publish","type":"product","link":"https:\/\/www.daisho.be\/es\/produit\/guantes-de-mma-adidas-negro-azul-solar\/","title":{"rendered":"Guantes de MMA Adidas negro\/azul solar"},"content":{"rendered":"<p>Guantes de entrenamiento Free Fight<br \/>\nMaterial: PU resistente.<br \/>\nAcolchado de espuma EVA.<br \/>\nGuantes tradicionales de MMA fabricados con PU resistente, forro de poli\u00e9ster en la palma y acolchado de espuma EVA para una absorci\u00f3n uniforme de los impactos y una seguridad \u00f3ptima. Cierre de velcro r\u00edgido para un ajuste perfecto.<br \/>\nCierre de velcro r\u00edgido para un ajuste perfecto.<br \/>\nLa forma de estos guantes se ha dise\u00f1ado para optimizar la potencia y la eficacia de los movimientos.<br \/>\nColor: negro\/azul solar.<br \/>\nTallas: S &#8211; M &#8211; L &#8211; XL.<br \/>\nGu\u00eda de tallas:<br \/>\nS: 150\/160 cm<br \/>\nM: 160\/170 cm<br \/>\nL: 170\/180 cm<br \/>\nXL: 180\/190 cm<\/p>\n","protected":false},"excerpt":{"rendered":"<p>Guantes de entrenamiento Free Fight Material: PU resistente. Acolchado de espuma EVA. Guantes tradicionales de MMA fabricados con PU resistente, forro de poli\u00e9ster en la palma y acolchado de espuma EVA para una absorci\u00f3n uniforme de los impactos y una seguridad \u00f3ptima. Cierre de velcro r\u00edgido para un ajuste perfecto. Cierre de velcro r\u00edgido para [&hellip;]<\/p>\n","protected":false},"featured_media":339765,"comment_status":"open","ping_status":"closed","template":"","meta":{"inline_featured_image":false},"product_brand":[],"product_cat":[1595,1433,1449,1572],"product_tag":[1560],"sport":[],"class_list":{"0":"post-347061","1":"product","2":"type-product","3":"status-publish","4":"has-post-thumbnail","6":"product_cat-almohadillas-adidas-para-mma","7":"product_cat-guantes-de-krav-maga","8":"product_cat-guantes-de-mma","9":"product_cat-protectores-de-karate-adidas","10":"product_tag-adidas-es","11":"pa_size-l","12":"pa_size-m","13":"pa_size-s","14":"pa_size-xl","16":"first","17":"instock","18":"taxable","19":"shipping-taxable","20":"purchasable","21":"product-type-variable"},"yoast_head":"<!-- This site is optimized with the Yoast SEO plugin v27.2 - https:\/\/yoast.com\/product\/yoast-seo-wordpress\/ -->\n<title>Guantes de MMA Adidas negro\/azul solar &#8211; Daisho<\/title>\n<meta name=\"description\" content=\"Descubre los guantes de MMA solares Adidas especialmente dise\u00f1ados para el entrenamiento de sparring libre. C\u00f3mpralos en nuestra web www.daisho.be|Daisho\" \/>\n<meta name=\"robots\" content=\"index, follow, max-snippet:-1, max-image-preview:large, max-video-preview:-1\" \/>\n<link rel=\"canonical\" href=\"https:\/\/www.daisho.be\/es\/produit\/guantes-de-mma-adidas-negro-azul-solar\/\" \/>\n<meta property=\"og:locale\" content=\"es_ES\" \/>\n<meta property=\"og:type\" content=\"article\" \/>\n<meta property=\"og:title\" content=\"Guantes de MMA Adidas negro\/azul solar &#8211; Daisho\" \/>\n<meta property=\"og:description\" content=\"Descubre los guantes de MMA solares Adidas especialmente dise\u00f1ados para el entrenamiento de sparring libre. C\u00f3mpralos en nuestra web www.daisho.be|Daisho\" \/>\n<meta property=\"og:url\" content=\"https:\/\/www.daisho.be\/es\/produit\/guantes-de-mma-adidas-negro-azul-solar\/\" \/>\n<meta property=\"og:site_name\" content=\"Daisho\" \/>\n<meta property=\"article:modified_time\" content=\"2025-10-09T11:59:54+00:00\" \/>\n<meta property=\"og:image\" content=\"https:\/\/www.daisho.be\/wp-content\/uploads\/2023\/12\/image-16.jpg\" \/>\n\t<meta property=\"og:image:width\" content=\"1838\" \/>\n\t<meta property=\"og:image:height\" content=\"1920\" \/>\n\t<meta property=\"og:image:type\" content=\"image\/jpeg\" \/>\n<meta name=\"twitter:card\" content=\"summary_large_image\" \/>\n<meta name=\"twitter:label1\" content=\"Tiempo de lectura\" \/>\n\t<meta name=\"twitter:data1\" content=\"1 minuto\" \/>\n<script type=\"application\/ld+json\" class=\"yoast-schema-graph\">{\"@context\":\"https:\/\/schema.org\",\"@graph\":[{\"@type\":\"WebPage\",\"@id\":\"https:\/\/www.daisho.be\/es\/produit\/guantes-de-mma-adidas-negro-azul-solar\/\",\"url\":\"https:\/\/www.daisho.be\/es\/produit\/guantes-de-mma-adidas-negro-azul-solar\/\",\"name\":\"Guantes de MMA Adidas negro\/azul solar &#8211; Daisho\",\"isPartOf\":{\"@id\":\"https:\/\/www.daisho.be\/es\/#website\"},\"primaryImageOfPage\":{\"@id\":\"https:\/\/www.daisho.be\/es\/produit\/guantes-de-mma-adidas-negro-azul-solar\/#primaryimage\"},\"image\":{\"@id\":\"https:\/\/www.daisho.be\/es\/produit\/guantes-de-mma-adidas-negro-azul-solar\/#primaryimage\"},\"thumbnailUrl\":\"https:\/\/www.daisho.be\/wp-content\/uploads\/2023\/12\/image-16.jpg\",\"datePublished\":\"2021-01-06T16:01:01+00:00\",\"dateModified\":\"2025-10-09T11:59:54+00:00\",\"description\":\"Descubre los guantes de MMA solares Adidas especialmente dise\u00f1ados para el entrenamiento de sparring libre. C\u00f3mpralos en nuestra web www.daisho.be|Daisho\",\"breadcrumb\":{\"@id\":\"https:\/\/www.daisho.be\/es\/produit\/guantes-de-mma-adidas-negro-azul-solar\/#breadcrumb\"},\"inLanguage\":\"es\",\"potentialAction\":[{\"@type\":\"ReadAction\",\"target\":[\"https:\/\/www.daisho.be\/es\/produit\/guantes-de-mma-adidas-negro-azul-solar\/\"]}]},{\"@type\":\"ImageObject\",\"inLanguage\":\"es\",\"@id\":\"https:\/\/www.daisho.be\/es\/produit\/guantes-de-mma-adidas-negro-azul-solar\/#primaryimage\",\"url\":\"https:\/\/www.daisho.be\/wp-content\/uploads\/2023\/12\/image-16.jpg\",\"contentUrl\":\"https:\/\/www.daisho.be\/wp-content\/uploads\/2023\/12\/image-16.jpg\",\"width\":1838,\"height\":1920,\"caption\":\"Guantes de MMA Adidas negro\/azul solar-1\"},{\"@type\":\"BreadcrumbList\",\"@id\":\"https:\/\/www.daisho.be\/es\/produit\/guantes-de-mma-adidas-negro-azul-solar\/#breadcrumb\",\"itemListElement\":[{\"@type\":\"ListItem\",\"position\":1,\"name\":\"Accueil\",\"item\":\"https:\/\/www.daisho.be\/es\/\"},{\"@type\":\"ListItem\",\"position\":2,\"name\":\"Productos\",\"item\":\"https:\/\/www.daisho.be\/es\/productos\/\"},{\"@type\":\"ListItem\",\"position\":3,\"name\":\"ADIDAS COMBAT SPORTS\",\"item\":\"https:\/\/www.daisho.be\/es\/categorie-produit\/adidas-combat-sports-es\/\"},{\"@type\":\"ListItem\",\"position\":4,\"name\":\"MMA\",\"item\":\"https:\/\/www.daisho.be\/es\/categorie-produit\/adidas-combat-sports-es\/mma-es-2\/\"},{\"@type\":\"ListItem\",\"position\":5,\"name\":\"Almohadillas Adidas para MMA\",\"item\":\"https:\/\/www.daisho.be\/es\/categorie-produit\/adidas-combat-sports-es\/mma-es-2\/almohadillas-adidas-para-mma\/\"},{\"@type\":\"ListItem\",\"position\":6,\"name\":\"Guantes de MMA Adidas negro\/azul solar\"}]},{\"@type\":\"WebSite\",\"@id\":\"https:\/\/www.daisho.be\/es\/#website\",\"url\":\"https:\/\/www.daisho.be\/es\/\",\"name\":\"Daisho\",\"description\":\"Sp&eacute;cialiste de l'&eacute;quipement sportif d'arts martiaux\",\"publisher\":{\"@id\":\"https:\/\/www.daisho.be\/es\/#organization\"},\"potentialAction\":[{\"@type\":\"SearchAction\",\"target\":{\"@type\":\"EntryPoint\",\"urlTemplate\":\"https:\/\/www.daisho.be\/es\/?s={search_term_string}\"},\"query-input\":{\"@type\":\"PropertyValueSpecification\",\"valueRequired\":true,\"valueName\":\"search_term_string\"}}],\"inLanguage\":\"es\"},{\"@type\":\"Organization\",\"@id\":\"https:\/\/www.daisho.be\/es\/#organization\",\"name\":\"Daisho\",\"url\":\"https:\/\/www.daisho.be\/es\/\",\"logo\":{\"@type\":\"ImageObject\",\"inLanguage\":\"es\",\"@id\":\"https:\/\/www.daisho.be\/es\/#\/schema\/logo\/image\/\",\"url\":\"https:\/\/www.daisho.be\/wp-content\/uploads\/2019\/07\/color-nothing-horizontale4x-e1564486100247.png\",\"contentUrl\":\"https:\/\/www.daisho.be\/wp-content\/uploads\/2019\/07\/color-nothing-horizontale4x-e1564486100247.png\",\"width\":1547,\"height\":385,\"caption\":\"Daisho\"},\"image\":{\"@id\":\"https:\/\/www.daisho.be\/es\/#\/schema\/logo\/image\/\"}}]}<\/script>\n<!-- \/ Yoast SEO plugin. -->","yoast_head_json":{"title":"Guantes de MMA Adidas negro\/azul solar &#8211; Daisho","description":"Descubre los guantes de MMA solares Adidas especialmente dise\u00f1ados para el entrenamiento de sparring libre. C\u00f3mpralos en nuestra web www.daisho.be|Daisho","robots":{"index":"index","follow":"follow","max-snippet":"max-snippet:-1","max-image-preview":"max-image-preview:large","max-video-preview":"max-video-preview:-1"},"canonical":"https:\/\/www.daisho.be\/es\/produit\/guantes-de-mma-adidas-negro-azul-solar\/","og_locale":"es_ES","og_type":"article","og_title":"Guantes de MMA Adidas negro\/azul solar &#8211; Daisho","og_description":"Descubre los guantes de MMA solares Adidas especialmente dise\u00f1ados para el entrenamiento de sparring libre. C\u00f3mpralos en nuestra web www.daisho.be|Daisho","og_url":"https:\/\/www.daisho.be\/es\/produit\/guantes-de-mma-adidas-negro-azul-solar\/","og_site_name":"Daisho","article_modified_time":"2025-10-09T11:59:54+00:00","og_image":[{"width":1838,"height":1920,"url":"https:\/\/www.daisho.be\/wp-content\/uploads\/2023\/12\/image-16.jpg","type":"image\/jpeg"}],"twitter_card":"summary_large_image","twitter_misc":{"Tiempo de lectura":"1 minuto"},"schema":{"@context":"https:\/\/schema.org","@graph":[{"@type":"WebPage","@id":"https:\/\/www.daisho.be\/es\/produit\/guantes-de-mma-adidas-negro-azul-solar\/","url":"https:\/\/www.daisho.be\/es\/produit\/guantes-de-mma-adidas-negro-azul-solar\/","name":"Guantes de MMA Adidas negro\/azul solar &#8211; Daisho","isPartOf":{"@id":"https:\/\/www.daisho.be\/es\/#website"},"primaryImageOfPage":{"@id":"https:\/\/www.daisho.be\/es\/produit\/guantes-de-mma-adidas-negro-azul-solar\/#primaryimage"},"image":{"@id":"https:\/\/www.daisho.be\/es\/produit\/guantes-de-mma-adidas-negro-azul-solar\/#primaryimage"},"thumbnailUrl":"https:\/\/www.daisho.be\/wp-content\/uploads\/2023\/12\/image-16.jpg","datePublished":"2021-01-06T16:01:01+00:00","dateModified":"2025-10-09T11:59:54+00:00","description":"Descubre los guantes de MMA solares Adidas especialmente dise\u00f1ados para el entrenamiento de sparring libre. C\u00f3mpralos en nuestra web www.daisho.be|Daisho","breadcrumb":{"@id":"https:\/\/www.daisho.be\/es\/produit\/guantes-de-mma-adidas-negro-azul-solar\/#breadcrumb"},"inLanguage":"es","potentialAction":[{"@type":"ReadAction","target":["https:\/\/www.daisho.be\/es\/produit\/guantes-de-mma-adidas-negro-azul-solar\/"]}]},{"@type":"ImageObject","inLanguage":"es","@id":"https:\/\/www.daisho.be\/es\/produit\/guantes-de-mma-adidas-negro-azul-solar\/#primaryimage","url":"https:\/\/www.daisho.be\/wp-content\/uploads\/2023\/12\/image-16.jpg","contentUrl":"https:\/\/www.daisho.be\/wp-content\/uploads\/2023\/12\/image-16.jpg","width":1838,"height":1920,"caption":"Guantes de MMA Adidas negro\/azul solar-1"},{"@type":"BreadcrumbList","@id":"https:\/\/www.daisho.be\/es\/produit\/guantes-de-mma-adidas-negro-azul-solar\/#breadcrumb","itemListElement":[{"@type":"ListItem","position":1,"name":"Accueil","item":"https:\/\/www.daisho.be\/es\/"},{"@type":"ListItem","position":2,"name":"Productos","item":"https:\/\/www.daisho.be\/es\/productos\/"},{"@type":"ListItem","position":3,"name":"ADIDAS COMBAT SPORTS","item":"https:\/\/www.daisho.be\/es\/categorie-produit\/adidas-combat-sports-es\/"},{"@type":"ListItem","position":4,"name":"MMA","item":"https:\/\/www.daisho.be\/es\/categorie-produit\/adidas-combat-sports-es\/mma-es-2\/"},{"@type":"ListItem","position":5,"name":"Almohadillas Adidas para MMA","item":"https:\/\/www.daisho.be\/es\/categorie-produit\/adidas-combat-sports-es\/mma-es-2\/almohadillas-adidas-para-mma\/"},{"@type":"ListItem","position":6,"name":"Guantes de MMA Adidas negro\/azul solar"}]},{"@type":"WebSite","@id":"https:\/\/www.daisho.be\/es\/#website","url":"https:\/\/www.daisho.be\/es\/","name":"Daisho","description":"Sp&eacute;cialiste de l'&eacute;quipement sportif d'arts martiaux","publisher":{"@id":"https:\/\/www.daisho.be\/es\/#organization"},"potentialAction":[{"@type":"SearchAction","target":{"@type":"EntryPoint","urlTemplate":"https:\/\/www.daisho.be\/es\/?s={search_term_string}"},"query-input":{"@type":"PropertyValueSpecification","valueRequired":true,"valueName":"search_term_string"}}],"inLanguage":"es"},{"@type":"Organization","@id":"https:\/\/www.daisho.be\/es\/#organization","name":"Daisho","url":"https:\/\/www.daisho.be\/es\/","logo":{"@type":"ImageObject","inLanguage":"es","@id":"https:\/\/www.daisho.be\/es\/#\/schema\/logo\/image\/","url":"https:\/\/www.daisho.be\/wp-content\/uploads\/2019\/07\/color-nothing-horizontale4x-e1564486100247.png","contentUrl":"https:\/\/www.daisho.be\/wp-content\/uploads\/2019\/07\/color-nothing-horizontale4x-e1564486100247.png","width":1547,"height":385,"caption":"Daisho"},"image":{"@id":"https:\/\/www.daisho.be\/es\/#\/schema\/logo\/image\/"}}]}},"_links":{"self":[{"href":"https:\/\/www.daisho.be\/es\/wp-json\/wp\/v2\/product\/347061","targetHints":{"allow":["GET"]}}],"collection":[{"href":"https:\/\/www.daisho.be\/es\/wp-json\/wp\/v2\/product"}],"about":[{"href":"https:\/\/www.daisho.be\/es\/wp-json\/wp\/v2\/types\/product"}],"replies":[{"embeddable":true,"href":"https:\/\/www.daisho.be\/es\/wp-json\/wp\/v2\/comments?post=347061"}],"wp:featuredmedia":[{"embeddable":true,"href":"https:\/\/www.daisho.be\/es\/wp-json\/wp\/v2\/media\/339765"}],"wp:attachment":[{"href":"https:\/\/www.daisho.be\/es\/wp-json\/wp\/v2\/media?parent=347061"}],"wp:term":[{"taxonomy":"product_brand","embeddable":true,"href":"https:\/\/www.daisho.be\/es\/wp-json\/wp\/v2\/product_brand?post=347061"},{"taxonomy":"product_cat","embeddable":true,"href":"https:\/\/www.daisho.be\/es\/wp-json\/wp\/v2\/product_cat?post=347061"},{"taxonomy":"product_tag","embeddable":true,"href":"https:\/\/www.daisho.be\/es\/wp-json\/wp\/v2\/product_tag?post=347061"},{"taxonomy":"sport","embeddable":true,"href":"https:\/\/www.daisho.be\/es\/wp-json\/wp\/v2\/sport?post=347061"}],"curies":[{"name":"wp","href":"https:\/\/api.w.org\/{rel}","templated":true}]}}