{"id":346552,"date":"2020-08-01T00:17:17","date_gmt":"2020-07-31T22:17:17","guid":{"rendered":"https:\/\/www.daisho.be\/produit\/xtrem-testo-90-caps\/"},"modified":"2020-08-01T00:17:17","modified_gmt":"2020-07-31T22:17:17","slug":"xtrem-testo-90-caps","status":"publish","type":"product","link":"https:\/\/www.daisho.be\/es\/produit\/xtrem-testo-90-caps\/","title":{"rendered":"XTREM TESTO 90 C\u00c1PS."},"content":{"rendered":"<p>Xtrem testo es un potenciador natural de la testosterona.<br \/>\n&#8211; Maca para la energ\u00eda, la resistencia y la vitalidad.<br \/>\n&#8211; Fenogreco (Testofene), un andr\u00f3geno que protege el organismo contra la formaci\u00f3n de radicales libres<br \/>\n&#8211; \u00c1cido D-asp\u00e1rtico<br \/>\n&#8211; Extracto de Panax Ginseng<br \/>\n&#8211; ZMA (Zinc, Magnesio, Vit B6)<br \/>\nMejora los niveles de testosterona de forma natural.<\/p>\n","protected":false},"excerpt":{"rendered":"<p>Xtrem testo es un potenciador natural de la testosterona. &#8211; Maca para la energ\u00eda, la resistencia y la vitalidad. &#8211; Fenogreco (Testofene), un andr\u00f3geno que protege el organismo contra la formaci\u00f3n de radicales libres &#8211; \u00c1cido D-asp\u00e1rtico &#8211; Extracto de Panax Ginseng &#8211; ZMA (Zinc, Magnesio, Vit B6) Mejora los niveles de testosterona de forma [&hellip;]<\/p>\n","protected":false},"featured_media":338415,"comment_status":"open","ping_status":"closed","template":"","meta":{"inline_featured_image":false},"product_brand":[],"product_cat":[1557],"product_tag":[1513],"sport":[],"class_list":{"0":"post-346552","1":"product","2":"type-product","3":"status-publish","4":"has-post-thumbnail","6":"product_cat-energia","7":"product_tag-evolucion-de-protech","8":"pa_size-sans-taille","10":"first","11":"instock","12":"taxable","13":"shipping-taxable","14":"purchasable","15":"product-type-simple"},"yoast_head":"<!-- This site is optimized with the Yoast SEO plugin v27.2 - https:\/\/yoast.com\/product\/yoast-seo-wordpress\/ -->\n<title>XTREM TESTO 90 C\u00c1PS. &#8211; Daisho<\/title>\n<meta name=\"robots\" content=\"index, follow, max-snippet:-1, max-image-preview:large, max-video-preview:-1\" \/>\n<link rel=\"canonical\" href=\"https:\/\/www.daisho.be\/es\/produit\/xtrem-testo-90-caps\/\" \/>\n<meta property=\"og:locale\" content=\"es_ES\" \/>\n<meta property=\"og:type\" content=\"article\" \/>\n<meta property=\"og:title\" content=\"XTREM TESTO 90 C\u00c1PS. &#8211; Daisho\" \/>\n<meta property=\"og:description\" content=\"Xtrem testo es un potenciador natural de la testosterona. &#8211; Maca para la energ\u00eda, la resistencia y la vitalidad. &#8211; Fenogreco (Testofene), un andr\u00f3geno que protege el organismo contra la formaci\u00f3n de radicales libres &#8211; \u00c1cido D-asp\u00e1rtico &#8211; Extracto de Panax Ginseng &#8211; ZMA (Zinc, Magnesio, Vit B6) Mejora los niveles de testosterona de forma [&hellip;]\" \/>\n<meta property=\"og:url\" content=\"https:\/\/www.daisho.be\/es\/produit\/xtrem-testo-90-caps\/\" \/>\n<meta property=\"og:site_name\" content=\"Daisho\" \/>\n<meta property=\"og:image\" content=\"https:\/\/www.daisho.be\/wp-content\/uploads\/2023\/07\/image.png\" \/>\n\t<meta property=\"og:image:width\" content=\"800\" \/>\n\t<meta property=\"og:image:height\" content=\"800\" \/>\n\t<meta property=\"og:image:type\" content=\"image\/png\" \/>\n<meta name=\"twitter:card\" content=\"summary_large_image\" \/>\n<script type=\"application\/ld+json\" class=\"yoast-schema-graph\">{\"@context\":\"https:\/\/schema.org\",\"@graph\":[{\"@type\":\"WebPage\",\"@id\":\"https:\/\/www.daisho.be\/es\/produit\/xtrem-testo-90-caps\/\",\"url\":\"https:\/\/www.daisho.be\/es\/produit\/xtrem-testo-90-caps\/\",\"name\":\"XTREM TESTO 90 C\u00c1PS. &#8211; Daisho\",\"isPartOf\":{\"@id\":\"https:\/\/www.daisho.be\/es\/#website\"},\"primaryImageOfPage\":{\"@id\":\"https:\/\/www.daisho.be\/es\/produit\/xtrem-testo-90-caps\/#primaryimage\"},\"image\":{\"@id\":\"https:\/\/www.daisho.be\/es\/produit\/xtrem-testo-90-caps\/#primaryimage\"},\"thumbnailUrl\":\"https:\/\/www.daisho.be\/wp-content\/uploads\/2023\/07\/image.png\",\"datePublished\":\"2020-07-31T22:17:17+00:00\",\"breadcrumb\":{\"@id\":\"https:\/\/www.daisho.be\/es\/produit\/xtrem-testo-90-caps\/#breadcrumb\"},\"inLanguage\":\"es\",\"potentialAction\":[{\"@type\":\"ReadAction\",\"target\":[\"https:\/\/www.daisho.be\/es\/produit\/xtrem-testo-90-caps\/\"]}]},{\"@type\":\"ImageObject\",\"inLanguage\":\"es\",\"@id\":\"https:\/\/www.daisho.be\/es\/produit\/xtrem-testo-90-caps\/#primaryimage\",\"url\":\"https:\/\/www.daisho.be\/wp-content\/uploads\/2023\/07\/image.png\",\"contentUrl\":\"https:\/\/www.daisho.be\/wp-content\/uploads\/2023\/07\/image.png\",\"width\":800,\"height\":800,\"caption\":\"XTREM TESTO 90 CAPS-1\"},{\"@type\":\"BreadcrumbList\",\"@id\":\"https:\/\/www.daisho.be\/es\/produit\/xtrem-testo-90-caps\/#breadcrumb\",\"itemListElement\":[{\"@type\":\"ListItem\",\"position\":1,\"name\":\"Accueil\",\"item\":\"https:\/\/www.daisho.be\/es\/\"},{\"@type\":\"ListItem\",\"position\":2,\"name\":\"Productos\",\"item\":\"https:\/\/www.daisho.be\/es\/productos\/\"},{\"@type\":\"ListItem\",\"position\":3,\"name\":\"Nutrici\u00f3n deportiva\",\"item\":\"https:\/\/www.daisho.be\/es\/categorie-produit\/nutricion-deportiva\/\"},{\"@type\":\"ListItem\",\"position\":4,\"name\":\"Energ\u00eda\",\"item\":\"https:\/\/www.daisho.be\/es\/categorie-produit\/nutricion-deportiva\/energia\/\"},{\"@type\":\"ListItem\",\"position\":5,\"name\":\"XTREM TESTO 90 C\u00c1PS.\"}]},{\"@type\":\"WebSite\",\"@id\":\"https:\/\/www.daisho.be\/es\/#website\",\"url\":\"https:\/\/www.daisho.be\/es\/\",\"name\":\"Daisho\",\"description\":\"Sp&eacute;cialiste de l'&eacute;quipement sportif d'arts martiaux\",\"publisher\":{\"@id\":\"https:\/\/www.daisho.be\/es\/#organization\"},\"potentialAction\":[{\"@type\":\"SearchAction\",\"target\":{\"@type\":\"EntryPoint\",\"urlTemplate\":\"https:\/\/www.daisho.be\/es\/?s={search_term_string}\"},\"query-input\":{\"@type\":\"PropertyValueSpecification\",\"valueRequired\":true,\"valueName\":\"search_term_string\"}}],\"inLanguage\":\"es\"},{\"@type\":\"Organization\",\"@id\":\"https:\/\/www.daisho.be\/es\/#organization\",\"name\":\"Daisho\",\"url\":\"https:\/\/www.daisho.be\/es\/\",\"logo\":{\"@type\":\"ImageObject\",\"inLanguage\":\"es\",\"@id\":\"https:\/\/www.daisho.be\/es\/#\/schema\/logo\/image\/\",\"url\":\"https:\/\/www.daisho.be\/wp-content\/uploads\/2019\/07\/color-nothing-horizontale4x-e1564486100247.png\",\"contentUrl\":\"https:\/\/www.daisho.be\/wp-content\/uploads\/2019\/07\/color-nothing-horizontale4x-e1564486100247.png\",\"width\":1547,\"height\":385,\"caption\":\"Daisho\"},\"image\":{\"@id\":\"https:\/\/www.daisho.be\/es\/#\/schema\/logo\/image\/\"}}]}<\/script>\n<!-- \/ Yoast SEO plugin. -->","yoast_head_json":{"title":"XTREM TESTO 90 C\u00c1PS. &#8211; Daisho","robots":{"index":"index","follow":"follow","max-snippet":"max-snippet:-1","max-image-preview":"max-image-preview:large","max-video-preview":"max-video-preview:-1"},"canonical":"https:\/\/www.daisho.be\/es\/produit\/xtrem-testo-90-caps\/","og_locale":"es_ES","og_type":"article","og_title":"XTREM TESTO 90 C\u00c1PS. &#8211; Daisho","og_description":"Xtrem testo es un potenciador natural de la testosterona. &#8211; Maca para la energ\u00eda, la resistencia y la vitalidad. &#8211; Fenogreco (Testofene), un andr\u00f3geno que protege el organismo contra la formaci\u00f3n de radicales libres &#8211; \u00c1cido D-asp\u00e1rtico &#8211; Extracto de Panax Ginseng &#8211; ZMA (Zinc, Magnesio, Vit B6) Mejora los niveles de testosterona de forma [&hellip;]","og_url":"https:\/\/www.daisho.be\/es\/produit\/xtrem-testo-90-caps\/","og_site_name":"Daisho","og_image":[{"width":800,"height":800,"url":"https:\/\/www.daisho.be\/wp-content\/uploads\/2023\/07\/image.png","type":"image\/png"}],"twitter_card":"summary_large_image","schema":{"@context":"https:\/\/schema.org","@graph":[{"@type":"WebPage","@id":"https:\/\/www.daisho.be\/es\/produit\/xtrem-testo-90-caps\/","url":"https:\/\/www.daisho.be\/es\/produit\/xtrem-testo-90-caps\/","name":"XTREM TESTO 90 C\u00c1PS. &#8211; Daisho","isPartOf":{"@id":"https:\/\/www.daisho.be\/es\/#website"},"primaryImageOfPage":{"@id":"https:\/\/www.daisho.be\/es\/produit\/xtrem-testo-90-caps\/#primaryimage"},"image":{"@id":"https:\/\/www.daisho.be\/es\/produit\/xtrem-testo-90-caps\/#primaryimage"},"thumbnailUrl":"https:\/\/www.daisho.be\/wp-content\/uploads\/2023\/07\/image.png","datePublished":"2020-07-31T22:17:17+00:00","breadcrumb":{"@id":"https:\/\/www.daisho.be\/es\/produit\/xtrem-testo-90-caps\/#breadcrumb"},"inLanguage":"es","potentialAction":[{"@type":"ReadAction","target":["https:\/\/www.daisho.be\/es\/produit\/xtrem-testo-90-caps\/"]}]},{"@type":"ImageObject","inLanguage":"es","@id":"https:\/\/www.daisho.be\/es\/produit\/xtrem-testo-90-caps\/#primaryimage","url":"https:\/\/www.daisho.be\/wp-content\/uploads\/2023\/07\/image.png","contentUrl":"https:\/\/www.daisho.be\/wp-content\/uploads\/2023\/07\/image.png","width":800,"height":800,"caption":"XTREM TESTO 90 CAPS-1"},{"@type":"BreadcrumbList","@id":"https:\/\/www.daisho.be\/es\/produit\/xtrem-testo-90-caps\/#breadcrumb","itemListElement":[{"@type":"ListItem","position":1,"name":"Accueil","item":"https:\/\/www.daisho.be\/es\/"},{"@type":"ListItem","position":2,"name":"Productos","item":"https:\/\/www.daisho.be\/es\/productos\/"},{"@type":"ListItem","position":3,"name":"Nutrici\u00f3n deportiva","item":"https:\/\/www.daisho.be\/es\/categorie-produit\/nutricion-deportiva\/"},{"@type":"ListItem","position":4,"name":"Energ\u00eda","item":"https:\/\/www.daisho.be\/es\/categorie-produit\/nutricion-deportiva\/energia\/"},{"@type":"ListItem","position":5,"name":"XTREM TESTO 90 C\u00c1PS."}]},{"@type":"WebSite","@id":"https:\/\/www.daisho.be\/es\/#website","url":"https:\/\/www.daisho.be\/es\/","name":"Daisho","description":"Sp&eacute;cialiste de l'&eacute;quipement sportif d'arts martiaux","publisher":{"@id":"https:\/\/www.daisho.be\/es\/#organization"},"potentialAction":[{"@type":"SearchAction","target":{"@type":"EntryPoint","urlTemplate":"https:\/\/www.daisho.be\/es\/?s={search_term_string}"},"query-input":{"@type":"PropertyValueSpecification","valueRequired":true,"valueName":"search_term_string"}}],"inLanguage":"es"},{"@type":"Organization","@id":"https:\/\/www.daisho.be\/es\/#organization","name":"Daisho","url":"https:\/\/www.daisho.be\/es\/","logo":{"@type":"ImageObject","inLanguage":"es","@id":"https:\/\/www.daisho.be\/es\/#\/schema\/logo\/image\/","url":"https:\/\/www.daisho.be\/wp-content\/uploads\/2019\/07\/color-nothing-horizontale4x-e1564486100247.png","contentUrl":"https:\/\/www.daisho.be\/wp-content\/uploads\/2019\/07\/color-nothing-horizontale4x-e1564486100247.png","width":1547,"height":385,"caption":"Daisho"},"image":{"@id":"https:\/\/www.daisho.be\/es\/#\/schema\/logo\/image\/"}}]}},"_links":{"self":[{"href":"https:\/\/www.daisho.be\/es\/wp-json\/wp\/v2\/product\/346552","targetHints":{"allow":["GET"]}}],"collection":[{"href":"https:\/\/www.daisho.be\/es\/wp-json\/wp\/v2\/product"}],"about":[{"href":"https:\/\/www.daisho.be\/es\/wp-json\/wp\/v2\/types\/product"}],"replies":[{"embeddable":true,"href":"https:\/\/www.daisho.be\/es\/wp-json\/wp\/v2\/comments?post=346552"}],"wp:featuredmedia":[{"embeddable":true,"href":"https:\/\/www.daisho.be\/es\/wp-json\/wp\/v2\/media\/338415"}],"wp:attachment":[{"href":"https:\/\/www.daisho.be\/es\/wp-json\/wp\/v2\/media?parent=346552"}],"wp:term":[{"taxonomy":"product_brand","embeddable":true,"href":"https:\/\/www.daisho.be\/es\/wp-json\/wp\/v2\/product_brand?post=346552"},{"taxonomy":"product_cat","embeddable":true,"href":"https:\/\/www.daisho.be\/es\/wp-json\/wp\/v2\/product_cat?post=346552"},{"taxonomy":"product_tag","embeddable":true,"href":"https:\/\/www.daisho.be\/es\/wp-json\/wp\/v2\/product_tag?post=346552"},{"taxonomy":"sport","embeddable":true,"href":"https:\/\/www.daisho.be\/es\/wp-json\/wp\/v2\/sport?post=346552"}],"curies":[{"name":"wp","href":"https:\/\/api.w.org\/{rel}","templated":true}]}}