{"id":346484,"date":"2020-07-09T13:15:52","date_gmt":"2020-07-09T11:15:52","guid":{"rendered":"https:\/\/www.daisho.be\/produit\/tatami-inicio\/"},"modified":"2026-04-14T14:02:57","modified_gmt":"2026-04-14T12:02:57","slug":"tatami-inicio","status":"publish","type":"product","link":"https:\/\/www.daisho.be\/es\/produit\/tatami-inicio\/","title":{"rendered":"TATAMI INICIO"},"content":{"rendered":"<p>El Tatami Start de ProGame es una soluci\u00f3n de iniciaci\u00f3n para los que quieren iniciarse en el mundo de las artes marciales y para los que quieren practicar sus ejercicios con total seguridad.<br \/>\nExtremadamente vers\u00e1til, fabricado con espuma de polietileno expandido, gracias a su sistema de enganche tipo puzzle, se instala en un abrir y cerrar de ojos y garantiza un rendimiento constante en todo tipo de entrenamientos.<br \/>\nGracias a su ligereza, tambi\u00c3\u00a9n es un producto excelente para uso dom\u00c3\u00a9stico y para fomentar la motricidad de los ni\u00c3\u00b1os.<br \/>\nCaracter\u00edsticas:<br \/>\nColor: Gris \/ Negro<br \/>\nReversible.<br \/>\nRecomendado para: fitness en casa, kick boxing, muay thai, cardio fitness.<br \/>\nDimensiones: 1000 x 1000 x 20 mm.<br \/>\nPeso: 1,4 kg.<br \/>\nNota:<br \/>\nLos bordes de acabado no se incluyen con los tatamis.<br \/>\nPonte en contacto con nosotros para comprobar la disponibilidad de bordillos.<\/p>\n","protected":false},"excerpt":{"rendered":"<p>El Tatami Start de ProGame es una soluci\u00f3n de iniciaci\u00f3n para los que quieren iniciarse en el mundo de las artes marciales y para los que quieren practicar sus ejercicios con total seguridad. Extremadamente vers\u00e1til, fabricado con espuma de polietileno expandido, gracias a su sistema de enganche tipo puzzle, se instala en un abrir y [&hellip;]<\/p>\n","protected":false},"featured_media":339423,"comment_status":"closed","ping_status":"closed","template":"","meta":{"inline_featured_image":false},"product_brand":[],"product_cat":[1346,1294],"product_tag":[1290],"sport":[73,455,79],"class_list":{"0":"post-346484","1":"product","2":"type-product","3":"status-publish","4":"has-post-thumbnail","6":"product_cat-equipo-de-entrenamiento-de-krav-maga","7":"product_cat-tatamis-de-judo-karate-y-taekwondo-artes-marciales","8":"product_tag-progame-tatamis-es","9":"product_shipping_class-productos-voluminosos-es","10":"pa_size-2-cm","11":"sport-karate","12":"sport-muay-thai","13":"sport-taekwondo","15":"first","16":"instock","17":"taxable","18":"shipping-taxable","19":"purchasable","20":"product-type-variable"},"yoast_head":"<!-- This site is optimized with the Yoast SEO plugin v27.2 - https:\/\/yoast.com\/product\/yoast-seo-wordpress\/ -->\n<title>TATAMI INICIO &#8211; Daisho<\/title>\n<meta name=\"description\" content=\"Los tatamis de iniciaci\u00f3n Progame son una soluci\u00f3n b\u00e1sica dise\u00f1ada para las artes marciales. C\u00f3mpralos en nuestra web www.daisho.be|Daisho\" \/>\n<meta name=\"robots\" content=\"index, follow, max-snippet:-1, max-image-preview:large, max-video-preview:-1\" \/>\n<link rel=\"canonical\" href=\"https:\/\/www.daisho.be\/es\/produit\/tatami-inicio\/\" \/>\n<meta property=\"og:locale\" content=\"es_ES\" \/>\n<meta property=\"og:type\" content=\"article\" \/>\n<meta property=\"og:title\" content=\"TATAMI INICIO &#8211; Daisho\" \/>\n<meta property=\"og:description\" content=\"Los tatamis de iniciaci\u00f3n Progame son una soluci\u00f3n b\u00e1sica dise\u00f1ada para las artes marciales. C\u00f3mpralos en nuestra web www.daisho.be|Daisho\" \/>\n<meta property=\"og:url\" content=\"https:\/\/www.daisho.be\/es\/produit\/tatami-inicio\/\" \/>\n<meta property=\"og:site_name\" content=\"Daisho\" \/>\n<meta property=\"article:modified_time\" content=\"2026-04-14T12:02:57+00:00\" \/>\n<meta property=\"og:image\" content=\"https:\/\/www.daisho.be\/wp-content\/uploads\/2023\/11\/image-70.jpg\" \/>\n\t<meta property=\"og:image:width\" content=\"1920\" \/>\n\t<meta property=\"og:image:height\" content=\"1440\" \/>\n\t<meta property=\"og:image:type\" content=\"image\/jpeg\" \/>\n<meta name=\"twitter:card\" content=\"summary_large_image\" \/>\n<meta name=\"twitter:label1\" content=\"Tiempo de lectura\" \/>\n\t<meta name=\"twitter:data1\" content=\"1 minuto\" \/>\n<script type=\"application\/ld+json\" class=\"yoast-schema-graph\">{\"@context\":\"https:\/\/schema.org\",\"@graph\":[{\"@type\":\"WebPage\",\"@id\":\"https:\/\/www.daisho.be\/es\/produit\/tatami-inicio\/\",\"url\":\"https:\/\/www.daisho.be\/es\/produit\/tatami-inicio\/\",\"name\":\"TATAMI INICIO &#8211; Daisho\",\"isPartOf\":{\"@id\":\"https:\/\/www.daisho.be\/es\/#website\"},\"primaryImageOfPage\":{\"@id\":\"https:\/\/www.daisho.be\/es\/produit\/tatami-inicio\/#primaryimage\"},\"image\":{\"@id\":\"https:\/\/www.daisho.be\/es\/produit\/tatami-inicio\/#primaryimage\"},\"thumbnailUrl\":\"https:\/\/www.daisho.be\/wp-content\/uploads\/2023\/11\/image-70.jpg\",\"datePublished\":\"2020-07-09T11:15:52+00:00\",\"dateModified\":\"2026-04-14T12:02:57+00:00\",\"description\":\"Los tatamis de iniciaci\u00f3n Progame son una soluci\u00f3n b\u00e1sica dise\u00f1ada para las artes marciales. C\u00f3mpralos en nuestra web www.daisho.be|Daisho\",\"breadcrumb\":{\"@id\":\"https:\/\/www.daisho.be\/es\/produit\/tatami-inicio\/#breadcrumb\"},\"inLanguage\":\"es\",\"potentialAction\":[{\"@type\":\"ReadAction\",\"target\":[\"https:\/\/www.daisho.be\/es\/produit\/tatami-inicio\/\"]}]},{\"@type\":\"ImageObject\",\"inLanguage\":\"es\",\"@id\":\"https:\/\/www.daisho.be\/es\/produit\/tatami-inicio\/#primaryimage\",\"url\":\"https:\/\/www.daisho.be\/wp-content\/uploads\/2023\/11\/image-70.jpg\",\"contentUrl\":\"https:\/\/www.daisho.be\/wp-content\/uploads\/2023\/11\/image-70.jpg\",\"width\":1920,\"height\":1440,\"caption\":\"TATAMI START-1\"},{\"@type\":\"BreadcrumbList\",\"@id\":\"https:\/\/www.daisho.be\/es\/produit\/tatami-inicio\/#breadcrumb\",\"itemListElement\":[{\"@type\":\"ListItem\",\"position\":1,\"name\":\"Accueil\",\"item\":\"https:\/\/www.daisho.be\/es\/\"},{\"@type\":\"ListItem\",\"position\":2,\"name\":\"Productos\",\"item\":\"https:\/\/www.daisho.be\/es\/productos\/\"},{\"@type\":\"ListItem\",\"position\":3,\"name\":\"Equipamiento y ropa para artes marciales y deportes de combate\",\"item\":\"https:\/\/www.daisho.be\/es\/categorie-produit\/equipamiento-y-ropa-para-artes-marciales-y-deportes-de-combate\/\"},{\"@type\":\"ListItem\",\"position\":4,\"name\":\"Krav Maga\",\"item\":\"https:\/\/www.daisho.be\/es\/categorie-produit\/equipamiento-y-ropa-para-artes-marciales-y-deportes-de-combate\/krav-maga-es\/\"},{\"@type\":\"ListItem\",\"position\":5,\"name\":\"Equipo de entrenamiento de Krav-Maga\",\"item\":\"https:\/\/www.daisho.be\/es\/categorie-produit\/equipamiento-y-ropa-para-artes-marciales-y-deportes-de-combate\/krav-maga-es\/equipo-de-entrenamiento-de-krav-maga\/\"},{\"@type\":\"ListItem\",\"position\":6,\"name\":\"TATAMI INICIO\"}]},{\"@type\":\"WebSite\",\"@id\":\"https:\/\/www.daisho.be\/es\/#website\",\"url\":\"https:\/\/www.daisho.be\/es\/\",\"name\":\"Daisho\",\"description\":\"Sp&eacute;cialiste de l'&eacute;quipement sportif d'arts martiaux\",\"publisher\":{\"@id\":\"https:\/\/www.daisho.be\/es\/#organization\"},\"potentialAction\":[{\"@type\":\"SearchAction\",\"target\":{\"@type\":\"EntryPoint\",\"urlTemplate\":\"https:\/\/www.daisho.be\/es\/?s={search_term_string}\"},\"query-input\":{\"@type\":\"PropertyValueSpecification\",\"valueRequired\":true,\"valueName\":\"search_term_string\"}}],\"inLanguage\":\"es\"},{\"@type\":\"Organization\",\"@id\":\"https:\/\/www.daisho.be\/es\/#organization\",\"name\":\"Daisho\",\"url\":\"https:\/\/www.daisho.be\/es\/\",\"logo\":{\"@type\":\"ImageObject\",\"inLanguage\":\"es\",\"@id\":\"https:\/\/www.daisho.be\/es\/#\/schema\/logo\/image\/\",\"url\":\"https:\/\/www.daisho.be\/wp-content\/uploads\/2019\/07\/color-nothing-horizontale4x-e1564486100247.png\",\"contentUrl\":\"https:\/\/www.daisho.be\/wp-content\/uploads\/2019\/07\/color-nothing-horizontale4x-e1564486100247.png\",\"width\":1547,\"height\":385,\"caption\":\"Daisho\"},\"image\":{\"@id\":\"https:\/\/www.daisho.be\/es\/#\/schema\/logo\/image\/\"}}]}<\/script>\n<!-- \/ Yoast SEO plugin. -->","yoast_head_json":{"title":"TATAMI INICIO &#8211; Daisho","description":"Los tatamis de iniciaci\u00f3n Progame son una soluci\u00f3n b\u00e1sica dise\u00f1ada para las artes marciales. C\u00f3mpralos en nuestra web www.daisho.be|Daisho","robots":{"index":"index","follow":"follow","max-snippet":"max-snippet:-1","max-image-preview":"max-image-preview:large","max-video-preview":"max-video-preview:-1"},"canonical":"https:\/\/www.daisho.be\/es\/produit\/tatami-inicio\/","og_locale":"es_ES","og_type":"article","og_title":"TATAMI INICIO &#8211; Daisho","og_description":"Los tatamis de iniciaci\u00f3n Progame son una soluci\u00f3n b\u00e1sica dise\u00f1ada para las artes marciales. C\u00f3mpralos en nuestra web www.daisho.be|Daisho","og_url":"https:\/\/www.daisho.be\/es\/produit\/tatami-inicio\/","og_site_name":"Daisho","article_modified_time":"2026-04-14T12:02:57+00:00","og_image":[{"width":1920,"height":1440,"url":"https:\/\/www.daisho.be\/wp-content\/uploads\/2023\/11\/image-70.jpg","type":"image\/jpeg"}],"twitter_card":"summary_large_image","twitter_misc":{"Tiempo de lectura":"1 minuto"},"schema":{"@context":"https:\/\/schema.org","@graph":[{"@type":"WebPage","@id":"https:\/\/www.daisho.be\/es\/produit\/tatami-inicio\/","url":"https:\/\/www.daisho.be\/es\/produit\/tatami-inicio\/","name":"TATAMI INICIO &#8211; Daisho","isPartOf":{"@id":"https:\/\/www.daisho.be\/es\/#website"},"primaryImageOfPage":{"@id":"https:\/\/www.daisho.be\/es\/produit\/tatami-inicio\/#primaryimage"},"image":{"@id":"https:\/\/www.daisho.be\/es\/produit\/tatami-inicio\/#primaryimage"},"thumbnailUrl":"https:\/\/www.daisho.be\/wp-content\/uploads\/2023\/11\/image-70.jpg","datePublished":"2020-07-09T11:15:52+00:00","dateModified":"2026-04-14T12:02:57+00:00","description":"Los tatamis de iniciaci\u00f3n Progame son una soluci\u00f3n b\u00e1sica dise\u00f1ada para las artes marciales. C\u00f3mpralos en nuestra web www.daisho.be|Daisho","breadcrumb":{"@id":"https:\/\/www.daisho.be\/es\/produit\/tatami-inicio\/#breadcrumb"},"inLanguage":"es","potentialAction":[{"@type":"ReadAction","target":["https:\/\/www.daisho.be\/es\/produit\/tatami-inicio\/"]}]},{"@type":"ImageObject","inLanguage":"es","@id":"https:\/\/www.daisho.be\/es\/produit\/tatami-inicio\/#primaryimage","url":"https:\/\/www.daisho.be\/wp-content\/uploads\/2023\/11\/image-70.jpg","contentUrl":"https:\/\/www.daisho.be\/wp-content\/uploads\/2023\/11\/image-70.jpg","width":1920,"height":1440,"caption":"TATAMI START-1"},{"@type":"BreadcrumbList","@id":"https:\/\/www.daisho.be\/es\/produit\/tatami-inicio\/#breadcrumb","itemListElement":[{"@type":"ListItem","position":1,"name":"Accueil","item":"https:\/\/www.daisho.be\/es\/"},{"@type":"ListItem","position":2,"name":"Productos","item":"https:\/\/www.daisho.be\/es\/productos\/"},{"@type":"ListItem","position":3,"name":"Equipamiento y ropa para artes marciales y deportes de combate","item":"https:\/\/www.daisho.be\/es\/categorie-produit\/equipamiento-y-ropa-para-artes-marciales-y-deportes-de-combate\/"},{"@type":"ListItem","position":4,"name":"Krav Maga","item":"https:\/\/www.daisho.be\/es\/categorie-produit\/equipamiento-y-ropa-para-artes-marciales-y-deportes-de-combate\/krav-maga-es\/"},{"@type":"ListItem","position":5,"name":"Equipo de entrenamiento de Krav-Maga","item":"https:\/\/www.daisho.be\/es\/categorie-produit\/equipamiento-y-ropa-para-artes-marciales-y-deportes-de-combate\/krav-maga-es\/equipo-de-entrenamiento-de-krav-maga\/"},{"@type":"ListItem","position":6,"name":"TATAMI INICIO"}]},{"@type":"WebSite","@id":"https:\/\/www.daisho.be\/es\/#website","url":"https:\/\/www.daisho.be\/es\/","name":"Daisho","description":"Sp&eacute;cialiste de l'&eacute;quipement sportif d'arts martiaux","publisher":{"@id":"https:\/\/www.daisho.be\/es\/#organization"},"potentialAction":[{"@type":"SearchAction","target":{"@type":"EntryPoint","urlTemplate":"https:\/\/www.daisho.be\/es\/?s={search_term_string}"},"query-input":{"@type":"PropertyValueSpecification","valueRequired":true,"valueName":"search_term_string"}}],"inLanguage":"es"},{"@type":"Organization","@id":"https:\/\/www.daisho.be\/es\/#organization","name":"Daisho","url":"https:\/\/www.daisho.be\/es\/","logo":{"@type":"ImageObject","inLanguage":"es","@id":"https:\/\/www.daisho.be\/es\/#\/schema\/logo\/image\/","url":"https:\/\/www.daisho.be\/wp-content\/uploads\/2019\/07\/color-nothing-horizontale4x-e1564486100247.png","contentUrl":"https:\/\/www.daisho.be\/wp-content\/uploads\/2019\/07\/color-nothing-horizontale4x-e1564486100247.png","width":1547,"height":385,"caption":"Daisho"},"image":{"@id":"https:\/\/www.daisho.be\/es\/#\/schema\/logo\/image\/"}}]}},"_links":{"self":[{"href":"https:\/\/www.daisho.be\/es\/wp-json\/wp\/v2\/product\/346484","targetHints":{"allow":["GET"]}}],"collection":[{"href":"https:\/\/www.daisho.be\/es\/wp-json\/wp\/v2\/product"}],"about":[{"href":"https:\/\/www.daisho.be\/es\/wp-json\/wp\/v2\/types\/product"}],"replies":[{"embeddable":true,"href":"https:\/\/www.daisho.be\/es\/wp-json\/wp\/v2\/comments?post=346484"}],"wp:featuredmedia":[{"embeddable":true,"href":"https:\/\/www.daisho.be\/es\/wp-json\/wp\/v2\/media\/339423"}],"wp:attachment":[{"href":"https:\/\/www.daisho.be\/es\/wp-json\/wp\/v2\/media?parent=346484"}],"wp:term":[{"taxonomy":"product_brand","embeddable":true,"href":"https:\/\/www.daisho.be\/es\/wp-json\/wp\/v2\/product_brand?post=346484"},{"taxonomy":"product_cat","embeddable":true,"href":"https:\/\/www.daisho.be\/es\/wp-json\/wp\/v2\/product_cat?post=346484"},{"taxonomy":"product_tag","embeddable":true,"href":"https:\/\/www.daisho.be\/es\/wp-json\/wp\/v2\/product_tag?post=346484"},{"taxonomy":"sport","embeddable":true,"href":"https:\/\/www.daisho.be\/es\/wp-json\/wp\/v2\/sport?post=346484"}],"curies":[{"name":"wp","href":"https:\/\/api.w.org\/{rel}","templated":true}]}}