{"id":346448,"date":"2020-07-23T13:14:10","date_gmt":"2020-07-23T11:14:10","guid":{"rendered":"https:\/\/www.daisho.be\/produit\/gel-hidroalcoholico-lata-5l-caja-de-4\/"},"modified":"2020-07-23T13:14:10","modified_gmt":"2020-07-23T11:14:10","slug":"gel-hidroalcoholico-lata-5l-caja-de-4","status":"publish","type":"product","link":"https:\/\/www.daisho.be\/es\/produit\/gel-hidroalcoholico-lata-5l-caja-de-4\/","title":{"rendered":"GEL HIDROALCOH\u00d3LICO &#8211; lata 5L &#8211; caja de 4"},"content":{"rendered":"<p>Desinfecci\u00f3n de manos por fricci\u00f3n.<br \/>\nSin perfume ni colorantes.<br \/>\nNo es necesario aclarar ni secar las manos.<br \/>\nCumple las normas EN 13727, EN 1500, EN 12791, EN 13624, EN 14348 y EN 14476.<\/p>\n","protected":false},"excerpt":{"rendered":"<p>Desinfecci\u00f3n de manos por fricci\u00f3n. Sin perfume ni colorantes. No es necesario aclarar ni secar las manos. Cumple las normas EN 13727, EN 1500, EN 12791, EN 13624, EN 14348 y EN 14476.<\/p>\n","protected":false},"featured_media":319234,"comment_status":"open","ping_status":"closed","template":"","meta":{"inline_featured_image":false},"product_brand":[],"product_cat":[1551],"product_tag":[1550],"sport":[],"class_list":{"0":"post-346448","1":"product","2":"type-product","3":"status-publish","4":"has-post-thumbnail","6":"product_cat-higiene","7":"product_tag-sporti-es","8":"pa_size-sans-taille","10":"first","11":"instock","12":"taxable","13":"shipping-taxable","14":"purchasable","15":"product-type-variable"},"yoast_head":"<!-- This site is optimized with the Yoast SEO plugin v27.2 - https:\/\/yoast.com\/product\/yoast-seo-wordpress\/ -->\n<title>GEL HIDROALCOH\u00d3LICO - lata 5L - caja de 4 &#8211; Daisho<\/title>\n<meta name=\"robots\" content=\"index, follow, max-snippet:-1, max-image-preview:large, max-video-preview:-1\" \/>\n<link rel=\"canonical\" href=\"https:\/\/www.daisho.be\/es\/produit\/gel-hidroalcoholico-lata-5l-caja-de-4\/\" \/>\n<meta property=\"og:locale\" content=\"es_ES\" \/>\n<meta property=\"og:type\" content=\"article\" \/>\n<meta property=\"og:title\" content=\"GEL HIDROALCOH\u00d3LICO - lata 5L - caja de 4 &#8211; Daisho\" \/>\n<meta property=\"og:description\" content=\"Desinfecci\u00f3n de manos por fricci\u00f3n. Sin perfume ni colorantes. No es necesario aclarar ni secar las manos. Cumple las normas EN 13727, EN 1500, EN 12791, EN 13624, EN 14348 y EN 14476.\" \/>\n<meta property=\"og:url\" content=\"https:\/\/www.daisho.be\/es\/produit\/gel-hidroalcoholico-lata-5l-caja-de-4\/\" \/>\n<meta property=\"og:site_name\" content=\"Daisho\" \/>\n<meta property=\"og:image\" content=\"https:\/\/www.daisho.be\/wp-content\/uploads\/2020\/07\/image-49.jpg\" \/>\n\t<meta property=\"og:image:width\" content=\"1227\" \/>\n\t<meta property=\"og:image:height\" content=\"1920\" \/>\n\t<meta property=\"og:image:type\" content=\"image\/jpeg\" \/>\n<meta name=\"twitter:card\" content=\"summary_large_image\" \/>\n<script type=\"application\/ld+json\" class=\"yoast-schema-graph\">{\"@context\":\"https:\/\/schema.org\",\"@graph\":[{\"@type\":\"WebPage\",\"@id\":\"https:\/\/www.daisho.be\/es\/produit\/gel-hidroalcoholico-lata-5l-caja-de-4\/\",\"url\":\"https:\/\/www.daisho.be\/es\/produit\/gel-hidroalcoholico-lata-5l-caja-de-4\/\",\"name\":\"GEL HIDROALCOH\u00d3LICO - lata 5L - caja de 4 &#8211; Daisho\",\"isPartOf\":{\"@id\":\"https:\/\/www.daisho.be\/es\/#website\"},\"primaryImageOfPage\":{\"@id\":\"https:\/\/www.daisho.be\/es\/produit\/gel-hidroalcoholico-lata-5l-caja-de-4\/#primaryimage\"},\"image\":{\"@id\":\"https:\/\/www.daisho.be\/es\/produit\/gel-hidroalcoholico-lata-5l-caja-de-4\/#primaryimage\"},\"thumbnailUrl\":\"https:\/\/www.daisho.be\/wp-content\/uploads\/2020\/07\/image-49.jpg\",\"datePublished\":\"2020-07-23T11:14:10+00:00\",\"breadcrumb\":{\"@id\":\"https:\/\/www.daisho.be\/es\/produit\/gel-hidroalcoholico-lata-5l-caja-de-4\/#breadcrumb\"},\"inLanguage\":\"es\",\"potentialAction\":[{\"@type\":\"ReadAction\",\"target\":[\"https:\/\/www.daisho.be\/es\/produit\/gel-hidroalcoholico-lata-5l-caja-de-4\/\"]}]},{\"@type\":\"ImageObject\",\"inLanguage\":\"es\",\"@id\":\"https:\/\/www.daisho.be\/es\/produit\/gel-hidroalcoholico-lata-5l-caja-de-4\/#primaryimage\",\"url\":\"https:\/\/www.daisho.be\/wp-content\/uploads\/2020\/07\/image-49.jpg\",\"contentUrl\":\"https:\/\/www.daisho.be\/wp-content\/uploads\/2020\/07\/image-49.jpg\",\"width\":1227,\"height\":1920,\"caption\":\"GEL HIDROALCOH\u00d3LICO - lata 5L - caja de 4-1\"},{\"@type\":\"BreadcrumbList\",\"@id\":\"https:\/\/www.daisho.be\/es\/produit\/gel-hidroalcoholico-lata-5l-caja-de-4\/#breadcrumb\",\"itemListElement\":[{\"@type\":\"ListItem\",\"position\":1,\"name\":\"Accueil\",\"item\":\"https:\/\/www.daisho.be\/es\/\"},{\"@type\":\"ListItem\",\"position\":2,\"name\":\"Productos\",\"item\":\"https:\/\/www.daisho.be\/es\/productos\/\"},{\"@type\":\"ListItem\",\"position\":3,\"name\":\"Cuidado del deporte\",\"item\":\"https:\/\/www.daisho.be\/es\/categorie-produit\/cuidado-del-deporte\/\"},{\"@type\":\"ListItem\",\"position\":4,\"name\":\"Higiene\",\"item\":\"https:\/\/www.daisho.be\/es\/categorie-produit\/cuidado-del-deporte\/higiene\/\"},{\"@type\":\"ListItem\",\"position\":5,\"name\":\"GEL HIDROALCOH\u00d3LICO &#8211; lata 5L &#8211; caja de 4\"}]},{\"@type\":\"WebSite\",\"@id\":\"https:\/\/www.daisho.be\/es\/#website\",\"url\":\"https:\/\/www.daisho.be\/es\/\",\"name\":\"Daisho\",\"description\":\"Sp&eacute;cialiste de l'&eacute;quipement sportif d'arts martiaux\",\"publisher\":{\"@id\":\"https:\/\/www.daisho.be\/es\/#organization\"},\"potentialAction\":[{\"@type\":\"SearchAction\",\"target\":{\"@type\":\"EntryPoint\",\"urlTemplate\":\"https:\/\/www.daisho.be\/es\/?s={search_term_string}\"},\"query-input\":{\"@type\":\"PropertyValueSpecification\",\"valueRequired\":true,\"valueName\":\"search_term_string\"}}],\"inLanguage\":\"es\"},{\"@type\":\"Organization\",\"@id\":\"https:\/\/www.daisho.be\/es\/#organization\",\"name\":\"Daisho\",\"url\":\"https:\/\/www.daisho.be\/es\/\",\"logo\":{\"@type\":\"ImageObject\",\"inLanguage\":\"es\",\"@id\":\"https:\/\/www.daisho.be\/es\/#\/schema\/logo\/image\/\",\"url\":\"https:\/\/www.daisho.be\/wp-content\/uploads\/2019\/07\/color-nothing-horizontale4x-e1564486100247.png\",\"contentUrl\":\"https:\/\/www.daisho.be\/wp-content\/uploads\/2019\/07\/color-nothing-horizontale4x-e1564486100247.png\",\"width\":1547,\"height\":385,\"caption\":\"Daisho\"},\"image\":{\"@id\":\"https:\/\/www.daisho.be\/es\/#\/schema\/logo\/image\/\"}}]}<\/script>\n<!-- \/ Yoast SEO plugin. -->","yoast_head_json":{"title":"GEL HIDROALCOH\u00d3LICO - lata 5L - caja de 4 &#8211; Daisho","robots":{"index":"index","follow":"follow","max-snippet":"max-snippet:-1","max-image-preview":"max-image-preview:large","max-video-preview":"max-video-preview:-1"},"canonical":"https:\/\/www.daisho.be\/es\/produit\/gel-hidroalcoholico-lata-5l-caja-de-4\/","og_locale":"es_ES","og_type":"article","og_title":"GEL HIDROALCOH\u00d3LICO - lata 5L - caja de 4 &#8211; Daisho","og_description":"Desinfecci\u00f3n de manos por fricci\u00f3n. Sin perfume ni colorantes. No es necesario aclarar ni secar las manos. Cumple las normas EN 13727, EN 1500, EN 12791, EN 13624, EN 14348 y EN 14476.","og_url":"https:\/\/www.daisho.be\/es\/produit\/gel-hidroalcoholico-lata-5l-caja-de-4\/","og_site_name":"Daisho","og_image":[{"width":1227,"height":1920,"url":"https:\/\/www.daisho.be\/wp-content\/uploads\/2020\/07\/image-49.jpg","type":"image\/jpeg"}],"twitter_card":"summary_large_image","schema":{"@context":"https:\/\/schema.org","@graph":[{"@type":"WebPage","@id":"https:\/\/www.daisho.be\/es\/produit\/gel-hidroalcoholico-lata-5l-caja-de-4\/","url":"https:\/\/www.daisho.be\/es\/produit\/gel-hidroalcoholico-lata-5l-caja-de-4\/","name":"GEL HIDROALCOH\u00d3LICO - lata 5L - caja de 4 &#8211; Daisho","isPartOf":{"@id":"https:\/\/www.daisho.be\/es\/#website"},"primaryImageOfPage":{"@id":"https:\/\/www.daisho.be\/es\/produit\/gel-hidroalcoholico-lata-5l-caja-de-4\/#primaryimage"},"image":{"@id":"https:\/\/www.daisho.be\/es\/produit\/gel-hidroalcoholico-lata-5l-caja-de-4\/#primaryimage"},"thumbnailUrl":"https:\/\/www.daisho.be\/wp-content\/uploads\/2020\/07\/image-49.jpg","datePublished":"2020-07-23T11:14:10+00:00","breadcrumb":{"@id":"https:\/\/www.daisho.be\/es\/produit\/gel-hidroalcoholico-lata-5l-caja-de-4\/#breadcrumb"},"inLanguage":"es","potentialAction":[{"@type":"ReadAction","target":["https:\/\/www.daisho.be\/es\/produit\/gel-hidroalcoholico-lata-5l-caja-de-4\/"]}]},{"@type":"ImageObject","inLanguage":"es","@id":"https:\/\/www.daisho.be\/es\/produit\/gel-hidroalcoholico-lata-5l-caja-de-4\/#primaryimage","url":"https:\/\/www.daisho.be\/wp-content\/uploads\/2020\/07\/image-49.jpg","contentUrl":"https:\/\/www.daisho.be\/wp-content\/uploads\/2020\/07\/image-49.jpg","width":1227,"height":1920,"caption":"GEL HIDROALCOH\u00d3LICO - lata 5L - caja de 4-1"},{"@type":"BreadcrumbList","@id":"https:\/\/www.daisho.be\/es\/produit\/gel-hidroalcoholico-lata-5l-caja-de-4\/#breadcrumb","itemListElement":[{"@type":"ListItem","position":1,"name":"Accueil","item":"https:\/\/www.daisho.be\/es\/"},{"@type":"ListItem","position":2,"name":"Productos","item":"https:\/\/www.daisho.be\/es\/productos\/"},{"@type":"ListItem","position":3,"name":"Cuidado del deporte","item":"https:\/\/www.daisho.be\/es\/categorie-produit\/cuidado-del-deporte\/"},{"@type":"ListItem","position":4,"name":"Higiene","item":"https:\/\/www.daisho.be\/es\/categorie-produit\/cuidado-del-deporte\/higiene\/"},{"@type":"ListItem","position":5,"name":"GEL HIDROALCOH\u00d3LICO &#8211; lata 5L &#8211; caja de 4"}]},{"@type":"WebSite","@id":"https:\/\/www.daisho.be\/es\/#website","url":"https:\/\/www.daisho.be\/es\/","name":"Daisho","description":"Sp&eacute;cialiste de l'&eacute;quipement sportif d'arts martiaux","publisher":{"@id":"https:\/\/www.daisho.be\/es\/#organization"},"potentialAction":[{"@type":"SearchAction","target":{"@type":"EntryPoint","urlTemplate":"https:\/\/www.daisho.be\/es\/?s={search_term_string}"},"query-input":{"@type":"PropertyValueSpecification","valueRequired":true,"valueName":"search_term_string"}}],"inLanguage":"es"},{"@type":"Organization","@id":"https:\/\/www.daisho.be\/es\/#organization","name":"Daisho","url":"https:\/\/www.daisho.be\/es\/","logo":{"@type":"ImageObject","inLanguage":"es","@id":"https:\/\/www.daisho.be\/es\/#\/schema\/logo\/image\/","url":"https:\/\/www.daisho.be\/wp-content\/uploads\/2019\/07\/color-nothing-horizontale4x-e1564486100247.png","contentUrl":"https:\/\/www.daisho.be\/wp-content\/uploads\/2019\/07\/color-nothing-horizontale4x-e1564486100247.png","width":1547,"height":385,"caption":"Daisho"},"image":{"@id":"https:\/\/www.daisho.be\/es\/#\/schema\/logo\/image\/"}}]}},"_links":{"self":[{"href":"https:\/\/www.daisho.be\/es\/wp-json\/wp\/v2\/product\/346448","targetHints":{"allow":["GET"]}}],"collection":[{"href":"https:\/\/www.daisho.be\/es\/wp-json\/wp\/v2\/product"}],"about":[{"href":"https:\/\/www.daisho.be\/es\/wp-json\/wp\/v2\/types\/product"}],"replies":[{"embeddable":true,"href":"https:\/\/www.daisho.be\/es\/wp-json\/wp\/v2\/comments?post=346448"}],"wp:featuredmedia":[{"embeddable":true,"href":"https:\/\/www.daisho.be\/es\/wp-json\/wp\/v2\/media\/319234"}],"wp:attachment":[{"href":"https:\/\/www.daisho.be\/es\/wp-json\/wp\/v2\/media?parent=346448"}],"wp:term":[{"taxonomy":"product_brand","embeddable":true,"href":"https:\/\/www.daisho.be\/es\/wp-json\/wp\/v2\/product_brand?post=346448"},{"taxonomy":"product_cat","embeddable":true,"href":"https:\/\/www.daisho.be\/es\/wp-json\/wp\/v2\/product_cat?post=346448"},{"taxonomy":"product_tag","embeddable":true,"href":"https:\/\/www.daisho.be\/es\/wp-json\/wp\/v2\/product_tag?post=346448"},{"taxonomy":"sport","embeddable":true,"href":"https:\/\/www.daisho.be\/es\/wp-json\/wp\/v2\/sport?post=346448"}],"curies":[{"name":"wp","href":"https:\/\/api.w.org\/{rel}","templated":true}]}}