{"id":346439,"date":"2020-06-26T17:58:17","date_gmt":"2020-06-26T15:58:17","guid":{"rendered":"https:\/\/www.daisho.be\/produit\/saco-de-boxeo-con-silueta\/"},"modified":"2025-11-18T15:02:09","modified_gmt":"2025-11-18T14:02:09","slug":"saco-de-boxeo-con-silueta","status":"publish","type":"product","link":"https:\/\/www.daisho.be\/es\/produit\/saco-de-boxeo-con-silueta\/","title":{"rendered":"SACO DE BOXEO CON SILUETA"},"content":{"rendered":"<p>Saco de boxeo de poli\u00e9ster reforzado con cadenas met\u00e1licas de suspensi\u00f3n. Silueta completa de boxeador en posici\u00f3n de guardia con n\u00fameros distribuidos para trabajar las secuencias de pu\u00f1etazos.<\/p>\n<p> Material: poli\u00e9ster Consta de una cadena para fijarlo a un soporte (pared o techo) Tama\u00f1o del saco: 1,45 m Peso: 45 kg El saco consta de una silueta completa de un boxeador (en posici\u00f3n de guardia) y varios n\u00fameros (del 1 al 8).<br \/>\n Recto\/verso.<br \/>\n Su gran tama\u00f1o permite trabajar los ataques de \u00abpu\u00f1o\u00bb y \u00abpie\u00bb (boxeo ingl\u00e9s y franc\u00e9s). La silueta del boxeador en posici\u00f3n de guardia permite tener una referencia visual de las zonas a atacar. Los n\u00c3\u00bameros permiten al entrenador llamar secuencias de golpes, seg\u00c3\u00ban el trabajo t\u00c3\u00a9cnico que quiera conseguir.  <\/p>\n","protected":false},"excerpt":{"rendered":"<p>Saco de boxeo de poli\u00e9ster reforzado con cadenas met\u00e1licas de suspensi\u00f3n. Silueta completa de boxeador en posici\u00f3n de guardia con n\u00fameros distribuidos para trabajar las secuencias de pu\u00f1etazos. Material: poli\u00e9ster Consta de una cadena para fijarlo a un soporte (pared o techo) Tama\u00f1o del saco: 1,45 m Peso: 45 kg El saco consta de una [&hellip;]<\/p>\n","protected":false},"featured_media":447333,"comment_status":"closed","ping_status":"closed","template":"","meta":{"inline_featured_image":false},"product_brand":[],"product_cat":[1418,1301,1459,1321],"product_tag":[2552],"sport":[73,455,79],"class_list":{"0":"post-346439","1":"product","2":"type-product","3":"status-publish","4":"has-post-thumbnail","6":"product_cat-equipo-de-entrenamiento-de-boxeo","7":"product_cat-material-de-entrenamiento-de-karate","8":"product_cat-material-de-entrenamiento-de-taekwondo","9":"product_cat-sacos-de-boxeo","10":"product_tag-cita","11":"product_shipping_class-productos-voluminosos","12":"pa_size-sans-taille","13":"sport-karate","14":"sport-muay-thai","15":"sport-taekwondo","17":"first","18":"instock","19":"taxable","20":"shipping-taxable","21":"purchasable","22":"product-type-simple"},"yoast_head":"<!-- This site is optimized with the Yoast SEO plugin v27.2 - https:\/\/yoast.com\/product\/yoast-seo-wordpress\/ -->\n<title>SACO DE BOXEO CON SILUETA &#8211; Daisho<\/title>\n<meta name=\"robots\" content=\"index, follow, max-snippet:-1, max-image-preview:large, max-video-preview:-1\" \/>\n<link rel=\"canonical\" href=\"https:\/\/www.daisho.be\/es\/produit\/saco-de-boxeo-con-silueta\/\" \/>\n<meta property=\"og:locale\" content=\"es_ES\" \/>\n<meta property=\"og:type\" content=\"article\" \/>\n<meta property=\"og:title\" content=\"SACO DE BOXEO CON SILUETA &#8211; Daisho\" \/>\n<meta property=\"og:description\" content=\"Saco de boxeo de poli\u00e9ster reforzado con cadenas met\u00e1licas de suspensi\u00f3n. Silueta completa de boxeador en posici\u00f3n de guardia con n\u00fameros distribuidos para trabajar las secuencias de pu\u00f1etazos. Material: poli\u00e9ster Consta de una cadena para fijarlo a un soporte (pared o techo) Tama\u00f1o del saco: 1,45 m Peso: 45 kg El saco consta de una [&hellip;]\" \/>\n<meta property=\"og:url\" content=\"https:\/\/www.daisho.be\/es\/produit\/saco-de-boxeo-con-silueta\/\" \/>\n<meta property=\"og:site_name\" content=\"Daisho\" \/>\n<meta property=\"article:modified_time\" content=\"2025-11-18T14:02:09+00:00\" \/>\n<meta property=\"og:image\" content=\"https:\/\/www.daisho.be\/wp-content\/uploads\/2024\/11\/image-20.png\" \/>\n\t<meta property=\"og:image:width\" content=\"760\" \/>\n\t<meta property=\"og:image:height\" content=\"1004\" \/>\n\t<meta property=\"og:image:type\" content=\"image\/png\" \/>\n<meta name=\"twitter:card\" content=\"summary_large_image\" \/>\n<meta name=\"twitter:label1\" content=\"Tiempo de lectura\" \/>\n\t<meta name=\"twitter:data1\" content=\"1 minuto\" \/>\n<script type=\"application\/ld+json\" class=\"yoast-schema-graph\">{\"@context\":\"https:\/\/schema.org\",\"@graph\":[{\"@type\":\"WebPage\",\"@id\":\"https:\/\/www.daisho.be\/es\/produit\/saco-de-boxeo-con-silueta\/\",\"url\":\"https:\/\/www.daisho.be\/es\/produit\/saco-de-boxeo-con-silueta\/\",\"name\":\"SACO DE BOXEO CON SILUETA &#8211; Daisho\",\"isPartOf\":{\"@id\":\"https:\/\/www.daisho.be\/es\/#website\"},\"primaryImageOfPage\":{\"@id\":\"https:\/\/www.daisho.be\/es\/produit\/saco-de-boxeo-con-silueta\/#primaryimage\"},\"image\":{\"@id\":\"https:\/\/www.daisho.be\/es\/produit\/saco-de-boxeo-con-silueta\/#primaryimage\"},\"thumbnailUrl\":\"https:\/\/www.daisho.be\/wp-content\/uploads\/2024\/11\/image-20.png\",\"datePublished\":\"2020-06-26T15:58:17+00:00\",\"dateModified\":\"2025-11-18T14:02:09+00:00\",\"breadcrumb\":{\"@id\":\"https:\/\/www.daisho.be\/es\/produit\/saco-de-boxeo-con-silueta\/#breadcrumb\"},\"inLanguage\":\"es\",\"potentialAction\":[{\"@type\":\"ReadAction\",\"target\":[\"https:\/\/www.daisho.be\/es\/produit\/saco-de-boxeo-con-silueta\/\"]}]},{\"@type\":\"ImageObject\",\"inLanguage\":\"es\",\"@id\":\"https:\/\/www.daisho.be\/es\/produit\/saco-de-boxeo-con-silueta\/#primaryimage\",\"url\":\"https:\/\/www.daisho.be\/wp-content\/uploads\/2024\/11\/image-20.png\",\"contentUrl\":\"https:\/\/www.daisho.be\/wp-content\/uploads\/2024\/11\/image-20.png\",\"width\":760,\"height\":1004,\"caption\":\"SACO DE BOXEO CON SILUETA-1\"},{\"@type\":\"BreadcrumbList\",\"@id\":\"https:\/\/www.daisho.be\/es\/produit\/saco-de-boxeo-con-silueta\/#breadcrumb\",\"itemListElement\":[{\"@type\":\"ListItem\",\"position\":1,\"name\":\"Accueil\",\"item\":\"https:\/\/www.daisho.be\/es\/\"},{\"@type\":\"ListItem\",\"position\":2,\"name\":\"Productos\",\"item\":\"https:\/\/www.daisho.be\/es\/productos\/\"},{\"@type\":\"ListItem\",\"position\":3,\"name\":\"Deportes de combate\",\"item\":\"https:\/\/www.daisho.be\/es\/categorie-produit\/deportes-de-combate\/\"},{\"@type\":\"ListItem\",\"position\":4,\"name\":\"Sacos de boxeo\",\"item\":\"https:\/\/www.daisho.be\/es\/categorie-produit\/deportes-de-combate\/sacos-de-boxeo\/\"},{\"@type\":\"ListItem\",\"position\":5,\"name\":\"SACO DE BOXEO CON SILUETA\"}]},{\"@type\":\"WebSite\",\"@id\":\"https:\/\/www.daisho.be\/es\/#website\",\"url\":\"https:\/\/www.daisho.be\/es\/\",\"name\":\"Daisho\",\"description\":\"Sp&eacute;cialiste de l'&eacute;quipement sportif d'arts martiaux\",\"publisher\":{\"@id\":\"https:\/\/www.daisho.be\/es\/#organization\"},\"potentialAction\":[{\"@type\":\"SearchAction\",\"target\":{\"@type\":\"EntryPoint\",\"urlTemplate\":\"https:\/\/www.daisho.be\/es\/?s={search_term_string}\"},\"query-input\":{\"@type\":\"PropertyValueSpecification\",\"valueRequired\":true,\"valueName\":\"search_term_string\"}}],\"inLanguage\":\"es\"},{\"@type\":\"Organization\",\"@id\":\"https:\/\/www.daisho.be\/es\/#organization\",\"name\":\"Daisho\",\"url\":\"https:\/\/www.daisho.be\/es\/\",\"logo\":{\"@type\":\"ImageObject\",\"inLanguage\":\"es\",\"@id\":\"https:\/\/www.daisho.be\/es\/#\/schema\/logo\/image\/\",\"url\":\"https:\/\/www.daisho.be\/wp-content\/uploads\/2019\/07\/color-nothing-horizontale4x-e1564486100247.png\",\"contentUrl\":\"https:\/\/www.daisho.be\/wp-content\/uploads\/2019\/07\/color-nothing-horizontale4x-e1564486100247.png\",\"width\":1547,\"height\":385,\"caption\":\"Daisho\"},\"image\":{\"@id\":\"https:\/\/www.daisho.be\/es\/#\/schema\/logo\/image\/\"}}]}<\/script>\n<!-- \/ Yoast SEO plugin. -->","yoast_head_json":{"title":"SACO DE BOXEO CON SILUETA &#8211; Daisho","robots":{"index":"index","follow":"follow","max-snippet":"max-snippet:-1","max-image-preview":"max-image-preview:large","max-video-preview":"max-video-preview:-1"},"canonical":"https:\/\/www.daisho.be\/es\/produit\/saco-de-boxeo-con-silueta\/","og_locale":"es_ES","og_type":"article","og_title":"SACO DE BOXEO CON SILUETA &#8211; Daisho","og_description":"Saco de boxeo de poli\u00e9ster reforzado con cadenas met\u00e1licas de suspensi\u00f3n. Silueta completa de boxeador en posici\u00f3n de guardia con n\u00fameros distribuidos para trabajar las secuencias de pu\u00f1etazos. Material: poli\u00e9ster Consta de una cadena para fijarlo a un soporte (pared o techo) Tama\u00f1o del saco: 1,45 m Peso: 45 kg El saco consta de una [&hellip;]","og_url":"https:\/\/www.daisho.be\/es\/produit\/saco-de-boxeo-con-silueta\/","og_site_name":"Daisho","article_modified_time":"2025-11-18T14:02:09+00:00","og_image":[{"width":760,"height":1004,"url":"https:\/\/www.daisho.be\/wp-content\/uploads\/2024\/11\/image-20.png","type":"image\/png"}],"twitter_card":"summary_large_image","twitter_misc":{"Tiempo de lectura":"1 minuto"},"schema":{"@context":"https:\/\/schema.org","@graph":[{"@type":"WebPage","@id":"https:\/\/www.daisho.be\/es\/produit\/saco-de-boxeo-con-silueta\/","url":"https:\/\/www.daisho.be\/es\/produit\/saco-de-boxeo-con-silueta\/","name":"SACO DE BOXEO CON SILUETA &#8211; Daisho","isPartOf":{"@id":"https:\/\/www.daisho.be\/es\/#website"},"primaryImageOfPage":{"@id":"https:\/\/www.daisho.be\/es\/produit\/saco-de-boxeo-con-silueta\/#primaryimage"},"image":{"@id":"https:\/\/www.daisho.be\/es\/produit\/saco-de-boxeo-con-silueta\/#primaryimage"},"thumbnailUrl":"https:\/\/www.daisho.be\/wp-content\/uploads\/2024\/11\/image-20.png","datePublished":"2020-06-26T15:58:17+00:00","dateModified":"2025-11-18T14:02:09+00:00","breadcrumb":{"@id":"https:\/\/www.daisho.be\/es\/produit\/saco-de-boxeo-con-silueta\/#breadcrumb"},"inLanguage":"es","potentialAction":[{"@type":"ReadAction","target":["https:\/\/www.daisho.be\/es\/produit\/saco-de-boxeo-con-silueta\/"]}]},{"@type":"ImageObject","inLanguage":"es","@id":"https:\/\/www.daisho.be\/es\/produit\/saco-de-boxeo-con-silueta\/#primaryimage","url":"https:\/\/www.daisho.be\/wp-content\/uploads\/2024\/11\/image-20.png","contentUrl":"https:\/\/www.daisho.be\/wp-content\/uploads\/2024\/11\/image-20.png","width":760,"height":1004,"caption":"SACO DE BOXEO CON SILUETA-1"},{"@type":"BreadcrumbList","@id":"https:\/\/www.daisho.be\/es\/produit\/saco-de-boxeo-con-silueta\/#breadcrumb","itemListElement":[{"@type":"ListItem","position":1,"name":"Accueil","item":"https:\/\/www.daisho.be\/es\/"},{"@type":"ListItem","position":2,"name":"Productos","item":"https:\/\/www.daisho.be\/es\/productos\/"},{"@type":"ListItem","position":3,"name":"Deportes de combate","item":"https:\/\/www.daisho.be\/es\/categorie-produit\/deportes-de-combate\/"},{"@type":"ListItem","position":4,"name":"Sacos de boxeo","item":"https:\/\/www.daisho.be\/es\/categorie-produit\/deportes-de-combate\/sacos-de-boxeo\/"},{"@type":"ListItem","position":5,"name":"SACO DE BOXEO CON SILUETA"}]},{"@type":"WebSite","@id":"https:\/\/www.daisho.be\/es\/#website","url":"https:\/\/www.daisho.be\/es\/","name":"Daisho","description":"Sp&eacute;cialiste de l'&eacute;quipement sportif d'arts martiaux","publisher":{"@id":"https:\/\/www.daisho.be\/es\/#organization"},"potentialAction":[{"@type":"SearchAction","target":{"@type":"EntryPoint","urlTemplate":"https:\/\/www.daisho.be\/es\/?s={search_term_string}"},"query-input":{"@type":"PropertyValueSpecification","valueRequired":true,"valueName":"search_term_string"}}],"inLanguage":"es"},{"@type":"Organization","@id":"https:\/\/www.daisho.be\/es\/#organization","name":"Daisho","url":"https:\/\/www.daisho.be\/es\/","logo":{"@type":"ImageObject","inLanguage":"es","@id":"https:\/\/www.daisho.be\/es\/#\/schema\/logo\/image\/","url":"https:\/\/www.daisho.be\/wp-content\/uploads\/2019\/07\/color-nothing-horizontale4x-e1564486100247.png","contentUrl":"https:\/\/www.daisho.be\/wp-content\/uploads\/2019\/07\/color-nothing-horizontale4x-e1564486100247.png","width":1547,"height":385,"caption":"Daisho"},"image":{"@id":"https:\/\/www.daisho.be\/es\/#\/schema\/logo\/image\/"}}]}},"_links":{"self":[{"href":"https:\/\/www.daisho.be\/es\/wp-json\/wp\/v2\/product\/346439","targetHints":{"allow":["GET"]}}],"collection":[{"href":"https:\/\/www.daisho.be\/es\/wp-json\/wp\/v2\/product"}],"about":[{"href":"https:\/\/www.daisho.be\/es\/wp-json\/wp\/v2\/types\/product"}],"replies":[{"embeddable":true,"href":"https:\/\/www.daisho.be\/es\/wp-json\/wp\/v2\/comments?post=346439"}],"wp:featuredmedia":[{"embeddable":true,"href":"https:\/\/www.daisho.be\/es\/wp-json\/wp\/v2\/media\/447333"}],"wp:attachment":[{"href":"https:\/\/www.daisho.be\/es\/wp-json\/wp\/v2\/media?parent=346439"}],"wp:term":[{"taxonomy":"product_brand","embeddable":true,"href":"https:\/\/www.daisho.be\/es\/wp-json\/wp\/v2\/product_brand?post=346439"},{"taxonomy":"product_cat","embeddable":true,"href":"https:\/\/www.daisho.be\/es\/wp-json\/wp\/v2\/product_cat?post=346439"},{"taxonomy":"product_tag","embeddable":true,"href":"https:\/\/www.daisho.be\/es\/wp-json\/wp\/v2\/product_tag?post=346439"},{"taxonomy":"sport","embeddable":true,"href":"https:\/\/www.daisho.be\/es\/wp-json\/wp\/v2\/sport?post=346439"}],"curies":[{"name":"wp","href":"https:\/\/api.w.org\/{rel}","templated":true}]}}