{"id":346392,"date":"2020-05-27T11:04:04","date_gmt":"2020-05-27T09:04:04","guid":{"rendered":"https:\/\/www.daisho.be\/produit\/pistola-de-masaje-de-carbono\/"},"modified":"2020-05-27T11:04:04","modified_gmt":"2020-05-27T09:04:04","slug":"pistola-de-masaje-de-carbono","status":"publish","type":"product","link":"https:\/\/www.daisho.be\/es\/produit\/pistola-de-masaje-de-carbono\/","title":{"rendered":"PISTOLA DE MASAJE DE CARBONO"},"content":{"rendered":"<p>Las pistolas de masaje Swissplate siguen una tendencia actual para uso privado como ayudas para masajes.<br \/>\nDescripci\u00f3n t\u00e9cnica :<br \/>\nLas pistolas de masaje mueven un cabezal de masaje de diferentes formas unos 10 mm sobre un eje. El masaje puede aplicarse en cualquier parte del cuerpo, mediante presi\u00f3n, velocidad y variaci\u00f3n de la forma del cabezal de masaje.<br \/>\nLa pistola de masaje V1 de SWISSPLATE se basa en los siguientes puntos principales:<br \/>\n&#8211; Pintura roja de dise\u00f1o noble o aspecto Carbon Waterpaint,<br \/>\n&#8211; Bater\u00eda recargable y sustituible por separado,<br \/>\n&#8211; Empu\u00f1adura de bater\u00eda ergon\u00f3mica,<br \/>\n&#8211; Interruptor principal en la parte inferior de la bater\u00eda,<br \/>\n&#8211; Estado de la bater\u00eda mediante luces de colores en la bater\u00eda,<br \/>\n&#8211; 6 niveles de velocidad 20-53Hz,<br \/>\n&#8211; Pantalla LED azul en el panel trasero,<br \/>\n&#8211; CVA unos 10 mm,<br \/>\n&#8211; Alcance del suministro 4 cabezales diferentes y punto de recarga ,<br \/>\nEl campo de aplicaci\u00f3n es muy vers\u00e1til:<br \/>\n&#8211; tratamiento del dolor<br \/>\n&#8211; Relajaci\u00f3n<br \/>\n&#8211; Aumento de la flexibilidad corporal<br \/>\n&#8211; Apoyo metab\u00f3lico<br \/>\nDimensiones del embalaje: 36 x 28 x 9 cm<br \/>\nPeso : 1100 gr<br \/>\nDimensiones: aprox. 20 x 22 x 6 cm sin cabeza.<\/p>\n","protected":false},"excerpt":{"rendered":"<p>Las pistolas de masaje Swissplate siguen una tendencia actual para uso privado como ayudas para masajes. Descripci\u00f3n t\u00e9cnica : Las pistolas de masaje mueven un cabezal de masaje de diferentes formas unos 10 mm sobre un eje. El masaje puede aplicarse en cualquier parte del cuerpo, mediante presi\u00f3n, velocidad y variaci\u00f3n de la forma del [&hellip;]<\/p>\n","protected":false},"featured_media":317820,"comment_status":"open","ping_status":"closed","template":"","meta":{"inline_featured_image":false},"product_brand":[],"product_cat":[1541],"product_tag":[1540],"sport":[],"class_list":{"0":"post-346392","1":"product","2":"type-product","3":"status-publish","4":"has-post-thumbnail","6":"product_cat-masoterapia","7":"product_tag-swissplate-es","8":"pa_size-sans-taille","10":"first","11":"instock","12":"taxable","13":"shipping-taxable","14":"purchasable","15":"product-type-variable"},"yoast_head":"<!-- This site is optimized with the Yoast SEO plugin v27.2 - https:\/\/yoast.com\/product\/yoast-seo-wordpress\/ -->\n<title>PISTOLA DE MASAJE DE CARBONO &#8211; Daisho<\/title>\n<meta name=\"robots\" content=\"index, follow, max-snippet:-1, max-image-preview:large, max-video-preview:-1\" \/>\n<link rel=\"canonical\" href=\"https:\/\/www.daisho.be\/es\/produit\/pistola-de-masaje-de-carbono\/\" \/>\n<meta property=\"og:locale\" content=\"es_ES\" \/>\n<meta property=\"og:type\" content=\"article\" \/>\n<meta property=\"og:title\" content=\"PISTOLA DE MASAJE DE CARBONO &#8211; Daisho\" \/>\n<meta property=\"og:description\" content=\"Las pistolas de masaje Swissplate siguen una tendencia actual para uso privado como ayudas para masajes. Descripci\u00f3n t\u00e9cnica : Las pistolas de masaje mueven un cabezal de masaje de diferentes formas unos 10 mm sobre un eje. El masaje puede aplicarse en cualquier parte del cuerpo, mediante presi\u00f3n, velocidad y variaci\u00f3n de la forma del [&hellip;]\" \/>\n<meta property=\"og:url\" content=\"https:\/\/www.daisho.be\/es\/produit\/pistola-de-masaje-de-carbono\/\" \/>\n<meta property=\"og:site_name\" content=\"Daisho\" \/>\n<meta property=\"og:image\" content=\"https:\/\/www.daisho.be\/wp-content\/uploads\/2020\/05\/image-81.jpg\" \/>\n\t<meta property=\"og:image:width\" content=\"960\" \/>\n\t<meta property=\"og:image:height\" content=\"1280\" \/>\n\t<meta property=\"og:image:type\" content=\"image\/jpeg\" \/>\n<meta name=\"twitter:card\" content=\"summary_large_image\" \/>\n<meta name=\"twitter:label1\" content=\"Tiempo de lectura\" \/>\n\t<meta name=\"twitter:data1\" content=\"1 minuto\" \/>\n<script type=\"application\/ld+json\" class=\"yoast-schema-graph\">{\"@context\":\"https:\/\/schema.org\",\"@graph\":[{\"@type\":\"WebPage\",\"@id\":\"https:\/\/www.daisho.be\/es\/produit\/pistola-de-masaje-de-carbono\/\",\"url\":\"https:\/\/www.daisho.be\/es\/produit\/pistola-de-masaje-de-carbono\/\",\"name\":\"PISTOLA DE MASAJE DE CARBONO &#8211; Daisho\",\"isPartOf\":{\"@id\":\"https:\/\/www.daisho.be\/es\/#website\"},\"primaryImageOfPage\":{\"@id\":\"https:\/\/www.daisho.be\/es\/produit\/pistola-de-masaje-de-carbono\/#primaryimage\"},\"image\":{\"@id\":\"https:\/\/www.daisho.be\/es\/produit\/pistola-de-masaje-de-carbono\/#primaryimage\"},\"thumbnailUrl\":\"https:\/\/www.daisho.be\/wp-content\/uploads\/2020\/05\/image-81.jpg\",\"datePublished\":\"2020-05-27T09:04:04+00:00\",\"breadcrumb\":{\"@id\":\"https:\/\/www.daisho.be\/es\/produit\/pistola-de-masaje-de-carbono\/#breadcrumb\"},\"inLanguage\":\"es\",\"potentialAction\":[{\"@type\":\"ReadAction\",\"target\":[\"https:\/\/www.daisho.be\/es\/produit\/pistola-de-masaje-de-carbono\/\"]}]},{\"@type\":\"ImageObject\",\"inLanguage\":\"es\",\"@id\":\"https:\/\/www.daisho.be\/es\/produit\/pistola-de-masaje-de-carbono\/#primaryimage\",\"url\":\"https:\/\/www.daisho.be\/wp-content\/uploads\/2020\/05\/image-81.jpg\",\"contentUrl\":\"https:\/\/www.daisho.be\/wp-content\/uploads\/2020\/05\/image-81.jpg\",\"width\":960,\"height\":1280,\"caption\":\"PISTOLA DE MASAJE CARBON-1\"},{\"@type\":\"BreadcrumbList\",\"@id\":\"https:\/\/www.daisho.be\/es\/produit\/pistola-de-masaje-de-carbono\/#breadcrumb\",\"itemListElement\":[{\"@type\":\"ListItem\",\"position\":1,\"name\":\"Accueil\",\"item\":\"https:\/\/www.daisho.be\/es\/\"},{\"@type\":\"ListItem\",\"position\":2,\"name\":\"Productos\",\"item\":\"https:\/\/www.daisho.be\/es\/productos\/\"},{\"@type\":\"ListItem\",\"position\":3,\"name\":\"Cuidado del deporte\",\"item\":\"https:\/\/www.daisho.be\/es\/categorie-produit\/cuidado-del-deporte\/\"},{\"@type\":\"ListItem\",\"position\":4,\"name\":\"Masoterapia\",\"item\":\"https:\/\/www.daisho.be\/es\/categorie-produit\/cuidado-del-deporte\/masoterapia\/\"},{\"@type\":\"ListItem\",\"position\":5,\"name\":\"PISTOLA DE MASAJE DE CARBONO\"}]},{\"@type\":\"WebSite\",\"@id\":\"https:\/\/www.daisho.be\/es\/#website\",\"url\":\"https:\/\/www.daisho.be\/es\/\",\"name\":\"Daisho\",\"description\":\"Sp&eacute;cialiste de l'&eacute;quipement sportif d'arts martiaux\",\"publisher\":{\"@id\":\"https:\/\/www.daisho.be\/es\/#organization\"},\"potentialAction\":[{\"@type\":\"SearchAction\",\"target\":{\"@type\":\"EntryPoint\",\"urlTemplate\":\"https:\/\/www.daisho.be\/es\/?s={search_term_string}\"},\"query-input\":{\"@type\":\"PropertyValueSpecification\",\"valueRequired\":true,\"valueName\":\"search_term_string\"}}],\"inLanguage\":\"es\"},{\"@type\":\"Organization\",\"@id\":\"https:\/\/www.daisho.be\/es\/#organization\",\"name\":\"Daisho\",\"url\":\"https:\/\/www.daisho.be\/es\/\",\"logo\":{\"@type\":\"ImageObject\",\"inLanguage\":\"es\",\"@id\":\"https:\/\/www.daisho.be\/es\/#\/schema\/logo\/image\/\",\"url\":\"https:\/\/www.daisho.be\/wp-content\/uploads\/2019\/07\/color-nothing-horizontale4x-e1564486100247.png\",\"contentUrl\":\"https:\/\/www.daisho.be\/wp-content\/uploads\/2019\/07\/color-nothing-horizontale4x-e1564486100247.png\",\"width\":1547,\"height\":385,\"caption\":\"Daisho\"},\"image\":{\"@id\":\"https:\/\/www.daisho.be\/es\/#\/schema\/logo\/image\/\"}}]}<\/script>\n<!-- \/ Yoast SEO plugin. -->","yoast_head_json":{"title":"PISTOLA DE MASAJE DE CARBONO &#8211; Daisho","robots":{"index":"index","follow":"follow","max-snippet":"max-snippet:-1","max-image-preview":"max-image-preview:large","max-video-preview":"max-video-preview:-1"},"canonical":"https:\/\/www.daisho.be\/es\/produit\/pistola-de-masaje-de-carbono\/","og_locale":"es_ES","og_type":"article","og_title":"PISTOLA DE MASAJE DE CARBONO &#8211; Daisho","og_description":"Las pistolas de masaje Swissplate siguen una tendencia actual para uso privado como ayudas para masajes. Descripci\u00f3n t\u00e9cnica : Las pistolas de masaje mueven un cabezal de masaje de diferentes formas unos 10 mm sobre un eje. El masaje puede aplicarse en cualquier parte del cuerpo, mediante presi\u00f3n, velocidad y variaci\u00f3n de la forma del [&hellip;]","og_url":"https:\/\/www.daisho.be\/es\/produit\/pistola-de-masaje-de-carbono\/","og_site_name":"Daisho","og_image":[{"width":960,"height":1280,"url":"https:\/\/www.daisho.be\/wp-content\/uploads\/2020\/05\/image-81.jpg","type":"image\/jpeg"}],"twitter_card":"summary_large_image","twitter_misc":{"Tiempo de lectura":"1 minuto"},"schema":{"@context":"https:\/\/schema.org","@graph":[{"@type":"WebPage","@id":"https:\/\/www.daisho.be\/es\/produit\/pistola-de-masaje-de-carbono\/","url":"https:\/\/www.daisho.be\/es\/produit\/pistola-de-masaje-de-carbono\/","name":"PISTOLA DE MASAJE DE CARBONO &#8211; Daisho","isPartOf":{"@id":"https:\/\/www.daisho.be\/es\/#website"},"primaryImageOfPage":{"@id":"https:\/\/www.daisho.be\/es\/produit\/pistola-de-masaje-de-carbono\/#primaryimage"},"image":{"@id":"https:\/\/www.daisho.be\/es\/produit\/pistola-de-masaje-de-carbono\/#primaryimage"},"thumbnailUrl":"https:\/\/www.daisho.be\/wp-content\/uploads\/2020\/05\/image-81.jpg","datePublished":"2020-05-27T09:04:04+00:00","breadcrumb":{"@id":"https:\/\/www.daisho.be\/es\/produit\/pistola-de-masaje-de-carbono\/#breadcrumb"},"inLanguage":"es","potentialAction":[{"@type":"ReadAction","target":["https:\/\/www.daisho.be\/es\/produit\/pistola-de-masaje-de-carbono\/"]}]},{"@type":"ImageObject","inLanguage":"es","@id":"https:\/\/www.daisho.be\/es\/produit\/pistola-de-masaje-de-carbono\/#primaryimage","url":"https:\/\/www.daisho.be\/wp-content\/uploads\/2020\/05\/image-81.jpg","contentUrl":"https:\/\/www.daisho.be\/wp-content\/uploads\/2020\/05\/image-81.jpg","width":960,"height":1280,"caption":"PISTOLA DE MASAJE CARBON-1"},{"@type":"BreadcrumbList","@id":"https:\/\/www.daisho.be\/es\/produit\/pistola-de-masaje-de-carbono\/#breadcrumb","itemListElement":[{"@type":"ListItem","position":1,"name":"Accueil","item":"https:\/\/www.daisho.be\/es\/"},{"@type":"ListItem","position":2,"name":"Productos","item":"https:\/\/www.daisho.be\/es\/productos\/"},{"@type":"ListItem","position":3,"name":"Cuidado del deporte","item":"https:\/\/www.daisho.be\/es\/categorie-produit\/cuidado-del-deporte\/"},{"@type":"ListItem","position":4,"name":"Masoterapia","item":"https:\/\/www.daisho.be\/es\/categorie-produit\/cuidado-del-deporte\/masoterapia\/"},{"@type":"ListItem","position":5,"name":"PISTOLA DE MASAJE DE CARBONO"}]},{"@type":"WebSite","@id":"https:\/\/www.daisho.be\/es\/#website","url":"https:\/\/www.daisho.be\/es\/","name":"Daisho","description":"Sp&eacute;cialiste de l'&eacute;quipement sportif d'arts martiaux","publisher":{"@id":"https:\/\/www.daisho.be\/es\/#organization"},"potentialAction":[{"@type":"SearchAction","target":{"@type":"EntryPoint","urlTemplate":"https:\/\/www.daisho.be\/es\/?s={search_term_string}"},"query-input":{"@type":"PropertyValueSpecification","valueRequired":true,"valueName":"search_term_string"}}],"inLanguage":"es"},{"@type":"Organization","@id":"https:\/\/www.daisho.be\/es\/#organization","name":"Daisho","url":"https:\/\/www.daisho.be\/es\/","logo":{"@type":"ImageObject","inLanguage":"es","@id":"https:\/\/www.daisho.be\/es\/#\/schema\/logo\/image\/","url":"https:\/\/www.daisho.be\/wp-content\/uploads\/2019\/07\/color-nothing-horizontale4x-e1564486100247.png","contentUrl":"https:\/\/www.daisho.be\/wp-content\/uploads\/2019\/07\/color-nothing-horizontale4x-e1564486100247.png","width":1547,"height":385,"caption":"Daisho"},"image":{"@id":"https:\/\/www.daisho.be\/es\/#\/schema\/logo\/image\/"}}]}},"_links":{"self":[{"href":"https:\/\/www.daisho.be\/es\/wp-json\/wp\/v2\/product\/346392","targetHints":{"allow":["GET"]}}],"collection":[{"href":"https:\/\/www.daisho.be\/es\/wp-json\/wp\/v2\/product"}],"about":[{"href":"https:\/\/www.daisho.be\/es\/wp-json\/wp\/v2\/types\/product"}],"replies":[{"embeddable":true,"href":"https:\/\/www.daisho.be\/es\/wp-json\/wp\/v2\/comments?post=346392"}],"wp:featuredmedia":[{"embeddable":true,"href":"https:\/\/www.daisho.be\/es\/wp-json\/wp\/v2\/media\/317820"}],"wp:attachment":[{"href":"https:\/\/www.daisho.be\/es\/wp-json\/wp\/v2\/media?parent=346392"}],"wp:term":[{"taxonomy":"product_brand","embeddable":true,"href":"https:\/\/www.daisho.be\/es\/wp-json\/wp\/v2\/product_brand?post=346392"},{"taxonomy":"product_cat","embeddable":true,"href":"https:\/\/www.daisho.be\/es\/wp-json\/wp\/v2\/product_cat?post=346392"},{"taxonomy":"product_tag","embeddable":true,"href":"https:\/\/www.daisho.be\/es\/wp-json\/wp\/v2\/product_tag?post=346392"},{"taxonomy":"sport","embeddable":true,"href":"https:\/\/www.daisho.be\/es\/wp-json\/wp\/v2\/sport?post=346392"}],"curies":[{"name":"wp","href":"https:\/\/api.w.org\/{rel}","templated":true}]}}