{"id":346344,"date":"2020-05-16T21:11:02","date_gmt":"2020-05-16T19:11:02","guid":{"rendered":"https:\/\/www.daisho.be\/produit\/complejo-vitaminico\/"},"modified":"2020-05-16T21:11:02","modified_gmt":"2020-05-16T19:11:02","slug":"complejo-vitaminico","status":"publish","type":"product","link":"https:\/\/www.daisho.be\/es\/produit\/complejo-vitaminico\/","title":{"rendered":"COMPLEJO VITAM\u00cdNICO"},"content":{"rendered":"<p>Las vitaminas son esenciales para todos, por lo que nuestro COMPLEJO VITAM\u00cdNICO es el producto ideal para cualquier persona que desee cubrir sus necesidades vitam\u00ednicas para evitar carencias y combatir la fatiga.<br \/>\nComo deportista, VITAMIN COMPLEX le ayudar\u00e1 a maximizar su rendimiento f\u00edsico, vitalidad y crecimiento muscular. VITAMIN COMPLEX interviene en la recuperaci\u00f3n aportando un gran n\u00famero de vitaminas a su organismo. La coenzima Q10 tiene un efecto antioxidante y combate el estr\u00e9s oxidativo.<br \/>\nVentajas :<br \/>\n&#8211; F\u00f3rmula ultracondensada, una sola c\u00e1psula para un alto contenido vitam\u00ednico<br \/>\n&#8211; Combate la fatiga y las carencias diarias<br \/>\n&#8211; Optimiza el funcionamiento del organismo y, por tanto, la recuperaci\u00f3n.<br \/>\n&#8211; EFECTO ANTIOXIDANTE GRACIAS A LA Q10.<br \/>\nIngredientes : Vitamina C, gelificante: estearato de magnesio, coenzima Q10, vitamina E, vitamina B3, antiaglomerante: di\u00f3xido de silicio, vitamina B5, vitamina A, vitamina B6, vitamina D3, vitamina B12, vitamina B1, vitamina B2, vitamina B9, vitamina B8, ingrediente de la c\u00e1psula: gelatina, colorante: di\u00f3xido de titanio. Puede contener trazas de: leche de soja, gluten, huevo, pescado, marisco y sulfitos.<br \/>\nLa vitamina C ayuda a reducir la fatiga. La vitamina C contribuye al metabolismo energ\u00e9tico normal.<\/p>\n","protected":false},"excerpt":{"rendered":"<p>Las vitaminas son esenciales para todos, por lo que nuestro COMPLEJO VITAM\u00cdNICO es el producto ideal para cualquier persona que desee cubrir sus necesidades vitam\u00ednicas para evitar carencias y combatir la fatiga. Como deportista, VITAMIN COMPLEX le ayudar\u00e1 a maximizar su rendimiento f\u00edsico, vitalidad y crecimiento muscular. VITAMIN COMPLEX interviene en la recuperaci\u00f3n aportando un [&hellip;]<\/p>\n","protected":false},"featured_media":330523,"comment_status":"open","ping_status":"closed","template":"","meta":{"inline_featured_image":false},"product_brand":[],"product_cat":[1535],"product_tag":[1513],"sport":[],"class_list":{"0":"post-346344","1":"product","2":"type-product","3":"status-publish","4":"has-post-thumbnail","6":"product_cat-vitaminas","7":"product_tag-evolucion-de-protech","8":"pa_size-sans-taille-defaut","10":"first","11":"instock","12":"taxable","13":"shipping-taxable","14":"purchasable","15":"product-type-variable"},"yoast_head":"<!-- This site is optimized with the Yoast SEO plugin v27.2 - https:\/\/yoast.com\/product\/yoast-seo-wordpress\/ -->\n<title>COMPLEJO VITAM\u00cdNICO &#8211; Daisho<\/title>\n<meta name=\"robots\" content=\"index, follow, max-snippet:-1, max-image-preview:large, max-video-preview:-1\" \/>\n<link rel=\"canonical\" href=\"https:\/\/www.daisho.be\/es\/produit\/complejo-vitaminico\/\" \/>\n<meta property=\"og:locale\" content=\"es_ES\" \/>\n<meta property=\"og:type\" content=\"article\" \/>\n<meta property=\"og:title\" content=\"COMPLEJO VITAM\u00cdNICO &#8211; Daisho\" \/>\n<meta property=\"og:description\" content=\"Las vitaminas son esenciales para todos, por lo que nuestro COMPLEJO VITAM\u00cdNICO es el producto ideal para cualquier persona que desee cubrir sus necesidades vitam\u00ednicas para evitar carencias y combatir la fatiga. Como deportista, VITAMIN COMPLEX le ayudar\u00e1 a maximizar su rendimiento f\u00edsico, vitalidad y crecimiento muscular. VITAMIN COMPLEX interviene en la recuperaci\u00f3n aportando un [&hellip;]\" \/>\n<meta property=\"og:url\" content=\"https:\/\/www.daisho.be\/es\/produit\/complejo-vitaminico\/\" \/>\n<meta property=\"og:site_name\" content=\"Daisho\" \/>\n<meta property=\"og:image\" content=\"https:\/\/www.daisho.be\/wp-content\/uploads\/2022\/01\/image-9.png\" \/>\n\t<meta property=\"og:image:width\" content=\"713\" \/>\n\t<meta property=\"og:image:height\" content=\"844\" \/>\n\t<meta property=\"og:image:type\" content=\"image\/png\" \/>\n<meta name=\"twitter:card\" content=\"summary_large_image\" \/>\n<meta name=\"twitter:label1\" content=\"Tiempo de lectura\" \/>\n\t<meta name=\"twitter:data1\" content=\"1 minuto\" \/>\n<script type=\"application\/ld+json\" class=\"yoast-schema-graph\">{\"@context\":\"https:\/\/schema.org\",\"@graph\":[{\"@type\":\"WebPage\",\"@id\":\"https:\/\/www.daisho.be\/es\/produit\/complejo-vitaminico\/\",\"url\":\"https:\/\/www.daisho.be\/es\/produit\/complejo-vitaminico\/\",\"name\":\"COMPLEJO VITAM\u00cdNICO &#8211; Daisho\",\"isPartOf\":{\"@id\":\"https:\/\/www.daisho.be\/es\/#website\"},\"primaryImageOfPage\":{\"@id\":\"https:\/\/www.daisho.be\/es\/produit\/complejo-vitaminico\/#primaryimage\"},\"image\":{\"@id\":\"https:\/\/www.daisho.be\/es\/produit\/complejo-vitaminico\/#primaryimage\"},\"thumbnailUrl\":\"https:\/\/www.daisho.be\/wp-content\/uploads\/2022\/01\/image-9.png\",\"datePublished\":\"2020-05-16T19:11:02+00:00\",\"breadcrumb\":{\"@id\":\"https:\/\/www.daisho.be\/es\/produit\/complejo-vitaminico\/#breadcrumb\"},\"inLanguage\":\"es\",\"potentialAction\":[{\"@type\":\"ReadAction\",\"target\":[\"https:\/\/www.daisho.be\/es\/produit\/complejo-vitaminico\/\"]}]},{\"@type\":\"ImageObject\",\"inLanguage\":\"es\",\"@id\":\"https:\/\/www.daisho.be\/es\/produit\/complejo-vitaminico\/#primaryimage\",\"url\":\"https:\/\/www.daisho.be\/wp-content\/uploads\/2022\/01\/image-9.png\",\"contentUrl\":\"https:\/\/www.daisho.be\/wp-content\/uploads\/2022\/01\/image-9.png\",\"width\":713,\"height\":844,\"caption\":\"VITAMINA DEL COMPLEJO-1\"},{\"@type\":\"BreadcrumbList\",\"@id\":\"https:\/\/www.daisho.be\/es\/produit\/complejo-vitaminico\/#breadcrumb\",\"itemListElement\":[{\"@type\":\"ListItem\",\"position\":1,\"name\":\"Accueil\",\"item\":\"https:\/\/www.daisho.be\/es\/\"},{\"@type\":\"ListItem\",\"position\":2,\"name\":\"Productos\",\"item\":\"https:\/\/www.daisho.be\/es\/productos\/\"},{\"@type\":\"ListItem\",\"position\":3,\"name\":\"Nutrici\u00f3n deportiva\",\"item\":\"https:\/\/www.daisho.be\/es\/categorie-produit\/nutricion-deportiva\/\"},{\"@type\":\"ListItem\",\"position\":4,\"name\":\"Vitaminas\",\"item\":\"https:\/\/www.daisho.be\/es\/categorie-produit\/nutricion-deportiva\/vitaminas\/\"},{\"@type\":\"ListItem\",\"position\":5,\"name\":\"COMPLEJO VITAM\u00cdNICO\"}]},{\"@type\":\"WebSite\",\"@id\":\"https:\/\/www.daisho.be\/es\/#website\",\"url\":\"https:\/\/www.daisho.be\/es\/\",\"name\":\"Daisho\",\"description\":\"Sp&eacute;cialiste de l'&eacute;quipement sportif d'arts martiaux\",\"publisher\":{\"@id\":\"https:\/\/www.daisho.be\/es\/#organization\"},\"potentialAction\":[{\"@type\":\"SearchAction\",\"target\":{\"@type\":\"EntryPoint\",\"urlTemplate\":\"https:\/\/www.daisho.be\/es\/?s={search_term_string}\"},\"query-input\":{\"@type\":\"PropertyValueSpecification\",\"valueRequired\":true,\"valueName\":\"search_term_string\"}}],\"inLanguage\":\"es\"},{\"@type\":\"Organization\",\"@id\":\"https:\/\/www.daisho.be\/es\/#organization\",\"name\":\"Daisho\",\"url\":\"https:\/\/www.daisho.be\/es\/\",\"logo\":{\"@type\":\"ImageObject\",\"inLanguage\":\"es\",\"@id\":\"https:\/\/www.daisho.be\/es\/#\/schema\/logo\/image\/\",\"url\":\"https:\/\/www.daisho.be\/wp-content\/uploads\/2019\/07\/color-nothing-horizontale4x-e1564486100247.png\",\"contentUrl\":\"https:\/\/www.daisho.be\/wp-content\/uploads\/2019\/07\/color-nothing-horizontale4x-e1564486100247.png\",\"width\":1547,\"height\":385,\"caption\":\"Daisho\"},\"image\":{\"@id\":\"https:\/\/www.daisho.be\/es\/#\/schema\/logo\/image\/\"}}]}<\/script>\n<!-- \/ Yoast SEO plugin. -->","yoast_head_json":{"title":"COMPLEJO VITAM\u00cdNICO &#8211; Daisho","robots":{"index":"index","follow":"follow","max-snippet":"max-snippet:-1","max-image-preview":"max-image-preview:large","max-video-preview":"max-video-preview:-1"},"canonical":"https:\/\/www.daisho.be\/es\/produit\/complejo-vitaminico\/","og_locale":"es_ES","og_type":"article","og_title":"COMPLEJO VITAM\u00cdNICO &#8211; Daisho","og_description":"Las vitaminas son esenciales para todos, por lo que nuestro COMPLEJO VITAM\u00cdNICO es el producto ideal para cualquier persona que desee cubrir sus necesidades vitam\u00ednicas para evitar carencias y combatir la fatiga. Como deportista, VITAMIN COMPLEX le ayudar\u00e1 a maximizar su rendimiento f\u00edsico, vitalidad y crecimiento muscular. VITAMIN COMPLEX interviene en la recuperaci\u00f3n aportando un [&hellip;]","og_url":"https:\/\/www.daisho.be\/es\/produit\/complejo-vitaminico\/","og_site_name":"Daisho","og_image":[{"width":713,"height":844,"url":"https:\/\/www.daisho.be\/wp-content\/uploads\/2022\/01\/image-9.png","type":"image\/png"}],"twitter_card":"summary_large_image","twitter_misc":{"Tiempo de lectura":"1 minuto"},"schema":{"@context":"https:\/\/schema.org","@graph":[{"@type":"WebPage","@id":"https:\/\/www.daisho.be\/es\/produit\/complejo-vitaminico\/","url":"https:\/\/www.daisho.be\/es\/produit\/complejo-vitaminico\/","name":"COMPLEJO VITAM\u00cdNICO &#8211; Daisho","isPartOf":{"@id":"https:\/\/www.daisho.be\/es\/#website"},"primaryImageOfPage":{"@id":"https:\/\/www.daisho.be\/es\/produit\/complejo-vitaminico\/#primaryimage"},"image":{"@id":"https:\/\/www.daisho.be\/es\/produit\/complejo-vitaminico\/#primaryimage"},"thumbnailUrl":"https:\/\/www.daisho.be\/wp-content\/uploads\/2022\/01\/image-9.png","datePublished":"2020-05-16T19:11:02+00:00","breadcrumb":{"@id":"https:\/\/www.daisho.be\/es\/produit\/complejo-vitaminico\/#breadcrumb"},"inLanguage":"es","potentialAction":[{"@type":"ReadAction","target":["https:\/\/www.daisho.be\/es\/produit\/complejo-vitaminico\/"]}]},{"@type":"ImageObject","inLanguage":"es","@id":"https:\/\/www.daisho.be\/es\/produit\/complejo-vitaminico\/#primaryimage","url":"https:\/\/www.daisho.be\/wp-content\/uploads\/2022\/01\/image-9.png","contentUrl":"https:\/\/www.daisho.be\/wp-content\/uploads\/2022\/01\/image-9.png","width":713,"height":844,"caption":"VITAMINA DEL COMPLEJO-1"},{"@type":"BreadcrumbList","@id":"https:\/\/www.daisho.be\/es\/produit\/complejo-vitaminico\/#breadcrumb","itemListElement":[{"@type":"ListItem","position":1,"name":"Accueil","item":"https:\/\/www.daisho.be\/es\/"},{"@type":"ListItem","position":2,"name":"Productos","item":"https:\/\/www.daisho.be\/es\/productos\/"},{"@type":"ListItem","position":3,"name":"Nutrici\u00f3n deportiva","item":"https:\/\/www.daisho.be\/es\/categorie-produit\/nutricion-deportiva\/"},{"@type":"ListItem","position":4,"name":"Vitaminas","item":"https:\/\/www.daisho.be\/es\/categorie-produit\/nutricion-deportiva\/vitaminas\/"},{"@type":"ListItem","position":5,"name":"COMPLEJO VITAM\u00cdNICO"}]},{"@type":"WebSite","@id":"https:\/\/www.daisho.be\/es\/#website","url":"https:\/\/www.daisho.be\/es\/","name":"Daisho","description":"Sp&eacute;cialiste de l'&eacute;quipement sportif d'arts martiaux","publisher":{"@id":"https:\/\/www.daisho.be\/es\/#organization"},"potentialAction":[{"@type":"SearchAction","target":{"@type":"EntryPoint","urlTemplate":"https:\/\/www.daisho.be\/es\/?s={search_term_string}"},"query-input":{"@type":"PropertyValueSpecification","valueRequired":true,"valueName":"search_term_string"}}],"inLanguage":"es"},{"@type":"Organization","@id":"https:\/\/www.daisho.be\/es\/#organization","name":"Daisho","url":"https:\/\/www.daisho.be\/es\/","logo":{"@type":"ImageObject","inLanguage":"es","@id":"https:\/\/www.daisho.be\/es\/#\/schema\/logo\/image\/","url":"https:\/\/www.daisho.be\/wp-content\/uploads\/2019\/07\/color-nothing-horizontale4x-e1564486100247.png","contentUrl":"https:\/\/www.daisho.be\/wp-content\/uploads\/2019\/07\/color-nothing-horizontale4x-e1564486100247.png","width":1547,"height":385,"caption":"Daisho"},"image":{"@id":"https:\/\/www.daisho.be\/es\/#\/schema\/logo\/image\/"}}]}},"_links":{"self":[{"href":"https:\/\/www.daisho.be\/es\/wp-json\/wp\/v2\/product\/346344","targetHints":{"allow":["GET"]}}],"collection":[{"href":"https:\/\/www.daisho.be\/es\/wp-json\/wp\/v2\/product"}],"about":[{"href":"https:\/\/www.daisho.be\/es\/wp-json\/wp\/v2\/types\/product"}],"replies":[{"embeddable":true,"href":"https:\/\/www.daisho.be\/es\/wp-json\/wp\/v2\/comments?post=346344"}],"wp:featuredmedia":[{"embeddable":true,"href":"https:\/\/www.daisho.be\/es\/wp-json\/wp\/v2\/media\/330523"}],"wp:attachment":[{"href":"https:\/\/www.daisho.be\/es\/wp-json\/wp\/v2\/media?parent=346344"}],"wp:term":[{"taxonomy":"product_brand","embeddable":true,"href":"https:\/\/www.daisho.be\/es\/wp-json\/wp\/v2\/product_brand?post=346344"},{"taxonomy":"product_cat","embeddable":true,"href":"https:\/\/www.daisho.be\/es\/wp-json\/wp\/v2\/product_cat?post=346344"},{"taxonomy":"product_tag","embeddable":true,"href":"https:\/\/www.daisho.be\/es\/wp-json\/wp\/v2\/product_tag?post=346344"},{"taxonomy":"sport","embeddable":true,"href":"https:\/\/www.daisho.be\/es\/wp-json\/wp\/v2\/sport?post=346344"}],"curies":[{"name":"wp","href":"https:\/\/api.w.org\/{rel}","templated":true}]}}