{"id":346200,"date":"2020-01-09T13:06:47","date_gmt":"2020-01-09T12:06:47","guid":{"rendered":"https:\/\/www.daisho.be\/produit\/drainmax\/"},"modified":"2026-03-17T12:00:00","modified_gmt":"2026-03-17T11:00:00","slug":"drainmax","status":"publish","type":"product","link":"https:\/\/www.daisho.be\/es\/produit\/drainmax\/","title":{"rendered":"DRAINMAX"},"content":{"rendered":"<p>Drain Max es un complemento alimenticio que ayuda a combatir el exceso de agua subcut\u00e1nea en el organismo, dejando el cuerpo m\u00e1s seco y fuerte para una sensaci\u00f3n de ligereza y esbeltez. Es un diur\u00e9tico 100% natural, elaborado principalmente con t\u00e9 verde, polvo de ra\u00edz de bardana y extracto seco de acerola. As\u00ed que puede utilizar este suplemento diet\u00e9tico durante todo el a\u00f1o, \u00a1sin ning\u00fan efecto secundario!<br \/>\nEl t\u00e9 verde ya tiene un conocido efecto diur\u00e9tico: acelera el tr\u00e1nsito, reduce los niveles de colesterol malo en sangre, acelera el metabolismo quemando calor\u00edas y grasas, y mejora la digesti\u00f3n. El t\u00e9 verde tambi\u00e9n tiene propiedades desintoxicantes y antiinflamatorias para el organismo. La ra\u00edz de bardana ayuda a eliminar el exceso de agua, combate la inflamaci\u00f3n y elimina bacterias y toxinas. La acerola estimula el sistema inmunitario al tiempo que aporta energ\u00eda y resistencia. Drain Max es el producto ideal para todos los deportistas, compitan o no, que deseen redefinir su fibra muscular, sentirse m\u00e1s ligeros y aumentar su energ\u00eda.<br \/>\nIngredientes: (2 c\u00e1psulas): Extracto seco de t\u00e9 verde (Camellia sinensis, 300 mg), Antioxidante: fosfato pot\u00e1sico, Recubrimiento: c\u00e1psula blanca (gelatina, colorante: di\u00f3xido de titanio), Extracto seco de bardana (Arctium lappa, 180mg), Extracto seco de acerola (Malpighia glabra, 141,2mg, Incluye vitamina C: 24mg, 30% AR*), Agente de carga: celulosa microcristalina, Antiaglomerantes: estearato de magnesio y di\u00f3xido de silicio [Nano].<br \/>\nBENEFICIOS :<\/p>\n<p>Un diur\u00e9tico natural que puede utilizarse durante todo el a\u00f1o.<br \/>\nCombate eficazmente la retenci\u00f3n de l\u00edquidos.<br \/>\nAumenta la energ\u00eda.<br \/>\nTe hace sentir m\u00e1s delgado y ligero.<br \/>\nRedefine la fibra muscular.<br \/>\nMejora el rendimiento f\u00edsico y la resistencia.<br \/>\nMejora la digesti\u00f3n.<\/p>\n","protected":false},"excerpt":{"rendered":"<p>Drain Max es un complemento alimenticio que ayuda a combatir el exceso de agua subcut\u00e1nea en el organismo, dejando el cuerpo m\u00e1s seco y fuerte para una sensaci\u00f3n de ligereza y esbeltez. Es un diur\u00e9tico 100% natural, elaborado principalmente con t\u00e9 verde, polvo de ra\u00edz de bardana y extracto seco de acerola. As\u00ed que puede [&hellip;]<\/p>\n","protected":false},"featured_media":337926,"comment_status":"open","ping_status":"closed","template":"","meta":{"inline_featured_image":false},"product_brand":[],"product_cat":[1517],"product_tag":[1513],"sport":[],"class_list":{"0":"post-346200","1":"product","2":"type-product","3":"status-publish","4":"has-post-thumbnail","6":"product_cat-perdida-y-control-de-peso","7":"product_tag-evolucion-de-protech","8":"pa_size-sans-taille-defaut","10":"first","11":"instock","12":"sale","13":"taxable","14":"shipping-taxable","15":"purchasable","16":"product-type-simple"},"yoast_head":"<!-- This site is optimized with the Yoast SEO plugin v27.2 - https:\/\/yoast.com\/product\/yoast-seo-wordpress\/ -->\n<title>DRAINMAX &#8211; Daisho<\/title>\n<meta name=\"description\" content=\"\u00bfNecesitas un suplemento diet\u00e9tico que te ayude a combatir el exceso de agua subcut\u00e1nea en el cuerpo? Encu\u00e9ntralo en www.daisho.be|Daisho\" \/>\n<meta name=\"robots\" content=\"index, follow, max-snippet:-1, max-image-preview:large, max-video-preview:-1\" \/>\n<link rel=\"canonical\" href=\"https:\/\/www.daisho.be\/es\/produit\/drainmax\/\" \/>\n<meta property=\"og:locale\" content=\"es_ES\" \/>\n<meta property=\"og:type\" content=\"article\" \/>\n<meta property=\"og:title\" content=\"DRAINMAX &#8211; Daisho\" \/>\n<meta property=\"og:description\" content=\"\u00bfNecesitas un suplemento diet\u00e9tico que te ayude a combatir el exceso de agua subcut\u00e1nea en el cuerpo? Encu\u00e9ntralo en www.daisho.be|Daisho\" \/>\n<meta property=\"og:url\" content=\"https:\/\/www.daisho.be\/es\/produit\/drainmax\/\" \/>\n<meta property=\"og:site_name\" content=\"Daisho\" \/>\n<meta property=\"article:modified_time\" content=\"2026-03-17T11:00:00+00:00\" \/>\n<meta property=\"og:image\" content=\"https:\/\/www.daisho.be\/wp-content\/uploads\/2023\/06\/image-3.png\" \/>\n\t<meta property=\"og:image:width\" content=\"312\" \/>\n\t<meta property=\"og:image:height\" content=\"527\" \/>\n\t<meta property=\"og:image:type\" content=\"image\/png\" \/>\n<meta name=\"twitter:card\" content=\"summary_large_image\" \/>\n<meta name=\"twitter:label1\" content=\"Tiempo de lectura\" \/>\n\t<meta name=\"twitter:data1\" content=\"1 minuto\" \/>\n<script type=\"application\/ld+json\" class=\"yoast-schema-graph\">{\"@context\":\"https:\/\/schema.org\",\"@graph\":[{\"@type\":\"WebPage\",\"@id\":\"https:\/\/www.daisho.be\/es\/produit\/drainmax\/\",\"url\":\"https:\/\/www.daisho.be\/es\/produit\/drainmax\/\",\"name\":\"DRAINMAX &#8211; Daisho\",\"isPartOf\":{\"@id\":\"https:\/\/www.daisho.be\/es\/#website\"},\"primaryImageOfPage\":{\"@id\":\"https:\/\/www.daisho.be\/es\/produit\/drainmax\/#primaryimage\"},\"image\":{\"@id\":\"https:\/\/www.daisho.be\/es\/produit\/drainmax\/#primaryimage\"},\"thumbnailUrl\":\"https:\/\/www.daisho.be\/wp-content\/uploads\/2023\/06\/image-3.png\",\"datePublished\":\"2020-01-09T12:06:47+00:00\",\"dateModified\":\"2026-03-17T11:00:00+00:00\",\"description\":\"\u00bfNecesitas un suplemento diet\u00e9tico que te ayude a combatir el exceso de agua subcut\u00e1nea en el cuerpo? Encu\u00e9ntralo en www.daisho.be|Daisho\",\"breadcrumb\":{\"@id\":\"https:\/\/www.daisho.be\/es\/produit\/drainmax\/#breadcrumb\"},\"inLanguage\":\"es\",\"potentialAction\":[{\"@type\":\"ReadAction\",\"target\":[\"https:\/\/www.daisho.be\/es\/produit\/drainmax\/\"]}]},{\"@type\":\"ImageObject\",\"inLanguage\":\"es\",\"@id\":\"https:\/\/www.daisho.be\/es\/produit\/drainmax\/#primaryimage\",\"url\":\"https:\/\/www.daisho.be\/wp-content\/uploads\/2023\/06\/image-3.png\",\"contentUrl\":\"https:\/\/www.daisho.be\/wp-content\/uploads\/2023\/06\/image-3.png\",\"width\":312,\"height\":527,\"caption\":\"DRAINMAX-1\"},{\"@type\":\"BreadcrumbList\",\"@id\":\"https:\/\/www.daisho.be\/es\/produit\/drainmax\/#breadcrumb\",\"itemListElement\":[{\"@type\":\"ListItem\",\"position\":1,\"name\":\"Accueil\",\"item\":\"https:\/\/www.daisho.be\/es\/\"},{\"@type\":\"ListItem\",\"position\":2,\"name\":\"Productos\",\"item\":\"https:\/\/www.daisho.be\/es\/productos\/\"},{\"@type\":\"ListItem\",\"position\":3,\"name\":\"Nutrici\u00f3n deportiva\",\"item\":\"https:\/\/www.daisho.be\/es\/categorie-produit\/nutricion-deportiva\/\"},{\"@type\":\"ListItem\",\"position\":4,\"name\":\"P\u00e9rdida y control de peso\",\"item\":\"https:\/\/www.daisho.be\/es\/categorie-produit\/nutricion-deportiva\/perdida-y-control-de-peso\/\"},{\"@type\":\"ListItem\",\"position\":5,\"name\":\"DRAINMAX\"}]},{\"@type\":\"WebSite\",\"@id\":\"https:\/\/www.daisho.be\/es\/#website\",\"url\":\"https:\/\/www.daisho.be\/es\/\",\"name\":\"Daisho\",\"description\":\"Sp&eacute;cialiste de l'&eacute;quipement sportif d'arts martiaux\",\"publisher\":{\"@id\":\"https:\/\/www.daisho.be\/es\/#organization\"},\"potentialAction\":[{\"@type\":\"SearchAction\",\"target\":{\"@type\":\"EntryPoint\",\"urlTemplate\":\"https:\/\/www.daisho.be\/es\/?s={search_term_string}\"},\"query-input\":{\"@type\":\"PropertyValueSpecification\",\"valueRequired\":true,\"valueName\":\"search_term_string\"}}],\"inLanguage\":\"es\"},{\"@type\":\"Organization\",\"@id\":\"https:\/\/www.daisho.be\/es\/#organization\",\"name\":\"Daisho\",\"url\":\"https:\/\/www.daisho.be\/es\/\",\"logo\":{\"@type\":\"ImageObject\",\"inLanguage\":\"es\",\"@id\":\"https:\/\/www.daisho.be\/es\/#\/schema\/logo\/image\/\",\"url\":\"https:\/\/www.daisho.be\/wp-content\/uploads\/2019\/07\/color-nothing-horizontale4x-e1564486100247.png\",\"contentUrl\":\"https:\/\/www.daisho.be\/wp-content\/uploads\/2019\/07\/color-nothing-horizontale4x-e1564486100247.png\",\"width\":1547,\"height\":385,\"caption\":\"Daisho\"},\"image\":{\"@id\":\"https:\/\/www.daisho.be\/es\/#\/schema\/logo\/image\/\"}}]}<\/script>\n<!-- \/ Yoast SEO plugin. -->","yoast_head_json":{"title":"DRAINMAX &#8211; Daisho","description":"\u00bfNecesitas un suplemento diet\u00e9tico que te ayude a combatir el exceso de agua subcut\u00e1nea en el cuerpo? Encu\u00e9ntralo en www.daisho.be|Daisho","robots":{"index":"index","follow":"follow","max-snippet":"max-snippet:-1","max-image-preview":"max-image-preview:large","max-video-preview":"max-video-preview:-1"},"canonical":"https:\/\/www.daisho.be\/es\/produit\/drainmax\/","og_locale":"es_ES","og_type":"article","og_title":"DRAINMAX &#8211; Daisho","og_description":"\u00bfNecesitas un suplemento diet\u00e9tico que te ayude a combatir el exceso de agua subcut\u00e1nea en el cuerpo? Encu\u00e9ntralo en www.daisho.be|Daisho","og_url":"https:\/\/www.daisho.be\/es\/produit\/drainmax\/","og_site_name":"Daisho","article_modified_time":"2026-03-17T11:00:00+00:00","og_image":[{"width":312,"height":527,"url":"https:\/\/www.daisho.be\/wp-content\/uploads\/2023\/06\/image-3.png","type":"image\/png"}],"twitter_card":"summary_large_image","twitter_misc":{"Tiempo de lectura":"1 minuto"},"schema":{"@context":"https:\/\/schema.org","@graph":[{"@type":"WebPage","@id":"https:\/\/www.daisho.be\/es\/produit\/drainmax\/","url":"https:\/\/www.daisho.be\/es\/produit\/drainmax\/","name":"DRAINMAX &#8211; Daisho","isPartOf":{"@id":"https:\/\/www.daisho.be\/es\/#website"},"primaryImageOfPage":{"@id":"https:\/\/www.daisho.be\/es\/produit\/drainmax\/#primaryimage"},"image":{"@id":"https:\/\/www.daisho.be\/es\/produit\/drainmax\/#primaryimage"},"thumbnailUrl":"https:\/\/www.daisho.be\/wp-content\/uploads\/2023\/06\/image-3.png","datePublished":"2020-01-09T12:06:47+00:00","dateModified":"2026-03-17T11:00:00+00:00","description":"\u00bfNecesitas un suplemento diet\u00e9tico que te ayude a combatir el exceso de agua subcut\u00e1nea en el cuerpo? Encu\u00e9ntralo en www.daisho.be|Daisho","breadcrumb":{"@id":"https:\/\/www.daisho.be\/es\/produit\/drainmax\/#breadcrumb"},"inLanguage":"es","potentialAction":[{"@type":"ReadAction","target":["https:\/\/www.daisho.be\/es\/produit\/drainmax\/"]}]},{"@type":"ImageObject","inLanguage":"es","@id":"https:\/\/www.daisho.be\/es\/produit\/drainmax\/#primaryimage","url":"https:\/\/www.daisho.be\/wp-content\/uploads\/2023\/06\/image-3.png","contentUrl":"https:\/\/www.daisho.be\/wp-content\/uploads\/2023\/06\/image-3.png","width":312,"height":527,"caption":"DRAINMAX-1"},{"@type":"BreadcrumbList","@id":"https:\/\/www.daisho.be\/es\/produit\/drainmax\/#breadcrumb","itemListElement":[{"@type":"ListItem","position":1,"name":"Accueil","item":"https:\/\/www.daisho.be\/es\/"},{"@type":"ListItem","position":2,"name":"Productos","item":"https:\/\/www.daisho.be\/es\/productos\/"},{"@type":"ListItem","position":3,"name":"Nutrici\u00f3n deportiva","item":"https:\/\/www.daisho.be\/es\/categorie-produit\/nutricion-deportiva\/"},{"@type":"ListItem","position":4,"name":"P\u00e9rdida y control de peso","item":"https:\/\/www.daisho.be\/es\/categorie-produit\/nutricion-deportiva\/perdida-y-control-de-peso\/"},{"@type":"ListItem","position":5,"name":"DRAINMAX"}]},{"@type":"WebSite","@id":"https:\/\/www.daisho.be\/es\/#website","url":"https:\/\/www.daisho.be\/es\/","name":"Daisho","description":"Sp&eacute;cialiste de l'&eacute;quipement sportif d'arts martiaux","publisher":{"@id":"https:\/\/www.daisho.be\/es\/#organization"},"potentialAction":[{"@type":"SearchAction","target":{"@type":"EntryPoint","urlTemplate":"https:\/\/www.daisho.be\/es\/?s={search_term_string}"},"query-input":{"@type":"PropertyValueSpecification","valueRequired":true,"valueName":"search_term_string"}}],"inLanguage":"es"},{"@type":"Organization","@id":"https:\/\/www.daisho.be\/es\/#organization","name":"Daisho","url":"https:\/\/www.daisho.be\/es\/","logo":{"@type":"ImageObject","inLanguage":"es","@id":"https:\/\/www.daisho.be\/es\/#\/schema\/logo\/image\/","url":"https:\/\/www.daisho.be\/wp-content\/uploads\/2019\/07\/color-nothing-horizontale4x-e1564486100247.png","contentUrl":"https:\/\/www.daisho.be\/wp-content\/uploads\/2019\/07\/color-nothing-horizontale4x-e1564486100247.png","width":1547,"height":385,"caption":"Daisho"},"image":{"@id":"https:\/\/www.daisho.be\/es\/#\/schema\/logo\/image\/"}}]}},"_links":{"self":[{"href":"https:\/\/www.daisho.be\/es\/wp-json\/wp\/v2\/product\/346200","targetHints":{"allow":["GET"]}}],"collection":[{"href":"https:\/\/www.daisho.be\/es\/wp-json\/wp\/v2\/product"}],"about":[{"href":"https:\/\/www.daisho.be\/es\/wp-json\/wp\/v2\/types\/product"}],"replies":[{"embeddable":true,"href":"https:\/\/www.daisho.be\/es\/wp-json\/wp\/v2\/comments?post=346200"}],"wp:featuredmedia":[{"embeddable":true,"href":"https:\/\/www.daisho.be\/es\/wp-json\/wp\/v2\/media\/337926"}],"wp:attachment":[{"href":"https:\/\/www.daisho.be\/es\/wp-json\/wp\/v2\/media?parent=346200"}],"wp:term":[{"taxonomy":"product_brand","embeddable":true,"href":"https:\/\/www.daisho.be\/es\/wp-json\/wp\/v2\/product_brand?post=346200"},{"taxonomy":"product_cat","embeddable":true,"href":"https:\/\/www.daisho.be\/es\/wp-json\/wp\/v2\/product_cat?post=346200"},{"taxonomy":"product_tag","embeddable":true,"href":"https:\/\/www.daisho.be\/es\/wp-json\/wp\/v2\/product_tag?post=346200"},{"taxonomy":"sport","embeddable":true,"href":"https:\/\/www.daisho.be\/es\/wp-json\/wp\/v2\/sport?post=346200"}],"curies":[{"name":"wp","href":"https:\/\/api.w.org\/{rel}","templated":true}]}}