{"id":346169,"date":"2019-12-13T18:01:49","date_gmt":"2019-12-13T17:01:49","guid":{"rendered":"https:\/\/www.daisho.be\/produit\/limpiador-rhinoc-5l\/"},"modified":"2026-01-29T15:23:48","modified_gmt":"2026-01-29T14:23:48","slug":"limpiador-rhinoc-5l","status":"publish","type":"product","link":"https:\/\/www.daisho.be\/es\/produit\/limpiador-rhinoc-5l\/","title":{"rendered":"Limpiador Rhinoc 5L"},"content":{"rendered":"<p>Potente limpiador org\u00e1nico a base de probi\u00f3ticos, desarrollado para limpiar su equipamiento deportivo de forma segura, a fondo y respetuosa con el medio ambiente.<br \/>\nEste producto es ideal para esteras de tatami, equipos deportivos como sacos de boxeo, paos, protecciones, equipos de fitness, etc.<br \/>\nElimina eficazmente la suciedad, el sudor y sus rastros, los malos olores y proporciona una fragancia fresca. Tambi\u00e9n reduce el riesgo de moho, infecciones y bacterias pat\u00f3genas hasta 5 d\u00edas despu\u00e9s de su uso.<\/p>\n","protected":false},"excerpt":{"rendered":"<p>Potente limpiador org\u00e1nico a base de probi\u00f3ticos, desarrollado para limpiar su equipamiento deportivo de forma segura, a fondo y respetuosa con el medio ambiente. Este producto es ideal para esteras de tatami, equipos deportivos como sacos de boxeo, paos, protecciones, equipos de fitness, etc. Elimina eficazmente la suciedad, el sudor y sus rastros, los malos [&hellip;]<\/p>\n","protected":false},"featured_media":330352,"comment_status":"open","ping_status":"closed","template":"","meta":{"inline_featured_image":false},"product_brand":[],"product_cat":[1481,1294],"product_tag":[1480],"sport":[],"class_list":{"0":"post-346169","1":"product","2":"type-product","3":"status-publish","4":"has-post-thumbnail","6":"product_cat-productos-de-limpieza","7":"product_cat-tatamis-de-judo-karate-y-taekwondo-artes-marciales","8":"product_tag-rhinoc-sport-es","9":"pa_size-sans-taille-defaut","11":"first","12":"instock","13":"taxable","14":"shipping-taxable","15":"purchasable","16":"product-type-variable"},"yoast_head":"<!-- This site is optimized with the Yoast SEO plugin v27.2 - https:\/\/yoast.com\/product\/yoast-seo-wordpress\/ -->\n<title>Limpiador Rhinoc 5L &#8211; Daisho<\/title>\n<meta name=\"robots\" content=\"index, follow, max-snippet:-1, max-image-preview:large, max-video-preview:-1\" \/>\n<link rel=\"canonical\" href=\"https:\/\/www.daisho.be\/es\/produit\/limpiador-rhinoc-5l\/\" \/>\n<meta property=\"og:locale\" content=\"es_ES\" \/>\n<meta property=\"og:type\" content=\"article\" \/>\n<meta property=\"og:title\" content=\"Limpiador Rhinoc 5L &#8211; Daisho\" \/>\n<meta property=\"og:description\" content=\"Potente limpiador org\u00e1nico a base de probi\u00f3ticos, desarrollado para limpiar su equipamiento deportivo de forma segura, a fondo y respetuosa con el medio ambiente. Este producto es ideal para esteras de tatami, equipos deportivos como sacos de boxeo, paos, protecciones, equipos de fitness, etc. Elimina eficazmente la suciedad, el sudor y sus rastros, los malos [&hellip;]\" \/>\n<meta property=\"og:url\" content=\"https:\/\/www.daisho.be\/es\/produit\/limpiador-rhinoc-5l\/\" \/>\n<meta property=\"og:site_name\" content=\"Daisho\" \/>\n<meta property=\"article:modified_time\" content=\"2026-01-29T14:23:48+00:00\" \/>\n<meta property=\"og:image\" content=\"https:\/\/www.daisho.be\/wp-content\/uploads\/2021\/12\/image-354.jpg\" \/>\n\t<meta property=\"og:image:width\" content=\"384\" \/>\n\t<meta property=\"og:image:height\" content=\"543\" \/>\n\t<meta property=\"og:image:type\" content=\"image\/jpeg\" \/>\n<meta name=\"twitter:card\" content=\"summary_large_image\" \/>\n<script type=\"application\/ld+json\" class=\"yoast-schema-graph\">{\"@context\":\"https:\/\/schema.org\",\"@graph\":[{\"@type\":\"WebPage\",\"@id\":\"https:\/\/www.daisho.be\/es\/produit\/limpiador-rhinoc-5l\/\",\"url\":\"https:\/\/www.daisho.be\/es\/produit\/limpiador-rhinoc-5l\/\",\"name\":\"Limpiador Rhinoc 5L &#8211; Daisho\",\"isPartOf\":{\"@id\":\"https:\/\/www.daisho.be\/es\/#website\"},\"primaryImageOfPage\":{\"@id\":\"https:\/\/www.daisho.be\/es\/produit\/limpiador-rhinoc-5l\/#primaryimage\"},\"image\":{\"@id\":\"https:\/\/www.daisho.be\/es\/produit\/limpiador-rhinoc-5l\/#primaryimage\"},\"thumbnailUrl\":\"https:\/\/www.daisho.be\/wp-content\/uploads\/2021\/12\/image-354.jpg\",\"datePublished\":\"2019-12-13T17:01:49+00:00\",\"dateModified\":\"2026-01-29T14:23:48+00:00\",\"breadcrumb\":{\"@id\":\"https:\/\/www.daisho.be\/es\/produit\/limpiador-rhinoc-5l\/#breadcrumb\"},\"inLanguage\":\"es\",\"potentialAction\":[{\"@type\":\"ReadAction\",\"target\":[\"https:\/\/www.daisho.be\/es\/produit\/limpiador-rhinoc-5l\/\"]}]},{\"@type\":\"ImageObject\",\"inLanguage\":\"es\",\"@id\":\"https:\/\/www.daisho.be\/es\/produit\/limpiador-rhinoc-5l\/#primaryimage\",\"url\":\"https:\/\/www.daisho.be\/wp-content\/uploads\/2021\/12\/image-354.jpg\",\"contentUrl\":\"https:\/\/www.daisho.be\/wp-content\/uploads\/2021\/12\/image-354.jpg\",\"width\":384,\"height\":543,\"caption\":\"Limpiador Rhinoc 5L-1\"},{\"@type\":\"BreadcrumbList\",\"@id\":\"https:\/\/www.daisho.be\/es\/produit\/limpiador-rhinoc-5l\/#breadcrumb\",\"itemListElement\":[{\"@type\":\"ListItem\",\"position\":1,\"name\":\"Accueil\",\"item\":\"https:\/\/www.daisho.be\/es\/\"},{\"@type\":\"ListItem\",\"position\":2,\"name\":\"Productos\",\"item\":\"https:\/\/www.daisho.be\/es\/productos\/\"},{\"@type\":\"ListItem\",\"position\":3,\"name\":\"Deportes de combate\",\"item\":\"https:\/\/www.daisho.be\/es\/categorie-produit\/deportes-de-combate\/\"},{\"@type\":\"ListItem\",\"position\":4,\"name\":\"Productos de limpieza\",\"item\":\"https:\/\/www.daisho.be\/es\/categorie-produit\/deportes-de-combate\/productos-de-limpieza\/\"},{\"@type\":\"ListItem\",\"position\":5,\"name\":\"Limpiador Rhinoc 5L\"}]},{\"@type\":\"WebSite\",\"@id\":\"https:\/\/www.daisho.be\/es\/#website\",\"url\":\"https:\/\/www.daisho.be\/es\/\",\"name\":\"Daisho\",\"description\":\"Sp&eacute;cialiste de l'&eacute;quipement sportif d'arts martiaux\",\"publisher\":{\"@id\":\"https:\/\/www.daisho.be\/es\/#organization\"},\"potentialAction\":[{\"@type\":\"SearchAction\",\"target\":{\"@type\":\"EntryPoint\",\"urlTemplate\":\"https:\/\/www.daisho.be\/es\/?s={search_term_string}\"},\"query-input\":{\"@type\":\"PropertyValueSpecification\",\"valueRequired\":true,\"valueName\":\"search_term_string\"}}],\"inLanguage\":\"es\"},{\"@type\":\"Organization\",\"@id\":\"https:\/\/www.daisho.be\/es\/#organization\",\"name\":\"Daisho\",\"url\":\"https:\/\/www.daisho.be\/es\/\",\"logo\":{\"@type\":\"ImageObject\",\"inLanguage\":\"es\",\"@id\":\"https:\/\/www.daisho.be\/es\/#\/schema\/logo\/image\/\",\"url\":\"https:\/\/www.daisho.be\/wp-content\/uploads\/2019\/07\/color-nothing-horizontale4x-e1564486100247.png\",\"contentUrl\":\"https:\/\/www.daisho.be\/wp-content\/uploads\/2019\/07\/color-nothing-horizontale4x-e1564486100247.png\",\"width\":1547,\"height\":385,\"caption\":\"Daisho\"},\"image\":{\"@id\":\"https:\/\/www.daisho.be\/es\/#\/schema\/logo\/image\/\"}}]}<\/script>\n<!-- \/ Yoast SEO plugin. -->","yoast_head_json":{"title":"Limpiador Rhinoc 5L &#8211; Daisho","robots":{"index":"index","follow":"follow","max-snippet":"max-snippet:-1","max-image-preview":"max-image-preview:large","max-video-preview":"max-video-preview:-1"},"canonical":"https:\/\/www.daisho.be\/es\/produit\/limpiador-rhinoc-5l\/","og_locale":"es_ES","og_type":"article","og_title":"Limpiador Rhinoc 5L &#8211; Daisho","og_description":"Potente limpiador org\u00e1nico a base de probi\u00f3ticos, desarrollado para limpiar su equipamiento deportivo de forma segura, a fondo y respetuosa con el medio ambiente. Este producto es ideal para esteras de tatami, equipos deportivos como sacos de boxeo, paos, protecciones, equipos de fitness, etc. Elimina eficazmente la suciedad, el sudor y sus rastros, los malos [&hellip;]","og_url":"https:\/\/www.daisho.be\/es\/produit\/limpiador-rhinoc-5l\/","og_site_name":"Daisho","article_modified_time":"2026-01-29T14:23:48+00:00","og_image":[{"width":384,"height":543,"url":"https:\/\/www.daisho.be\/wp-content\/uploads\/2021\/12\/image-354.jpg","type":"image\/jpeg"}],"twitter_card":"summary_large_image","schema":{"@context":"https:\/\/schema.org","@graph":[{"@type":"WebPage","@id":"https:\/\/www.daisho.be\/es\/produit\/limpiador-rhinoc-5l\/","url":"https:\/\/www.daisho.be\/es\/produit\/limpiador-rhinoc-5l\/","name":"Limpiador Rhinoc 5L &#8211; Daisho","isPartOf":{"@id":"https:\/\/www.daisho.be\/es\/#website"},"primaryImageOfPage":{"@id":"https:\/\/www.daisho.be\/es\/produit\/limpiador-rhinoc-5l\/#primaryimage"},"image":{"@id":"https:\/\/www.daisho.be\/es\/produit\/limpiador-rhinoc-5l\/#primaryimage"},"thumbnailUrl":"https:\/\/www.daisho.be\/wp-content\/uploads\/2021\/12\/image-354.jpg","datePublished":"2019-12-13T17:01:49+00:00","dateModified":"2026-01-29T14:23:48+00:00","breadcrumb":{"@id":"https:\/\/www.daisho.be\/es\/produit\/limpiador-rhinoc-5l\/#breadcrumb"},"inLanguage":"es","potentialAction":[{"@type":"ReadAction","target":["https:\/\/www.daisho.be\/es\/produit\/limpiador-rhinoc-5l\/"]}]},{"@type":"ImageObject","inLanguage":"es","@id":"https:\/\/www.daisho.be\/es\/produit\/limpiador-rhinoc-5l\/#primaryimage","url":"https:\/\/www.daisho.be\/wp-content\/uploads\/2021\/12\/image-354.jpg","contentUrl":"https:\/\/www.daisho.be\/wp-content\/uploads\/2021\/12\/image-354.jpg","width":384,"height":543,"caption":"Limpiador Rhinoc 5L-1"},{"@type":"BreadcrumbList","@id":"https:\/\/www.daisho.be\/es\/produit\/limpiador-rhinoc-5l\/#breadcrumb","itemListElement":[{"@type":"ListItem","position":1,"name":"Accueil","item":"https:\/\/www.daisho.be\/es\/"},{"@type":"ListItem","position":2,"name":"Productos","item":"https:\/\/www.daisho.be\/es\/productos\/"},{"@type":"ListItem","position":3,"name":"Deportes de combate","item":"https:\/\/www.daisho.be\/es\/categorie-produit\/deportes-de-combate\/"},{"@type":"ListItem","position":4,"name":"Productos de limpieza","item":"https:\/\/www.daisho.be\/es\/categorie-produit\/deportes-de-combate\/productos-de-limpieza\/"},{"@type":"ListItem","position":5,"name":"Limpiador Rhinoc 5L"}]},{"@type":"WebSite","@id":"https:\/\/www.daisho.be\/es\/#website","url":"https:\/\/www.daisho.be\/es\/","name":"Daisho","description":"Sp&eacute;cialiste de l'&eacute;quipement sportif d'arts martiaux","publisher":{"@id":"https:\/\/www.daisho.be\/es\/#organization"},"potentialAction":[{"@type":"SearchAction","target":{"@type":"EntryPoint","urlTemplate":"https:\/\/www.daisho.be\/es\/?s={search_term_string}"},"query-input":{"@type":"PropertyValueSpecification","valueRequired":true,"valueName":"search_term_string"}}],"inLanguage":"es"},{"@type":"Organization","@id":"https:\/\/www.daisho.be\/es\/#organization","name":"Daisho","url":"https:\/\/www.daisho.be\/es\/","logo":{"@type":"ImageObject","inLanguage":"es","@id":"https:\/\/www.daisho.be\/es\/#\/schema\/logo\/image\/","url":"https:\/\/www.daisho.be\/wp-content\/uploads\/2019\/07\/color-nothing-horizontale4x-e1564486100247.png","contentUrl":"https:\/\/www.daisho.be\/wp-content\/uploads\/2019\/07\/color-nothing-horizontale4x-e1564486100247.png","width":1547,"height":385,"caption":"Daisho"},"image":{"@id":"https:\/\/www.daisho.be\/es\/#\/schema\/logo\/image\/"}}]}},"_links":{"self":[{"href":"https:\/\/www.daisho.be\/es\/wp-json\/wp\/v2\/product\/346169","targetHints":{"allow":["GET"]}}],"collection":[{"href":"https:\/\/www.daisho.be\/es\/wp-json\/wp\/v2\/product"}],"about":[{"href":"https:\/\/www.daisho.be\/es\/wp-json\/wp\/v2\/types\/product"}],"replies":[{"embeddable":true,"href":"https:\/\/www.daisho.be\/es\/wp-json\/wp\/v2\/comments?post=346169"}],"wp:featuredmedia":[{"embeddable":true,"href":"https:\/\/www.daisho.be\/es\/wp-json\/wp\/v2\/media\/330352"}],"wp:attachment":[{"href":"https:\/\/www.daisho.be\/es\/wp-json\/wp\/v2\/media?parent=346169"}],"wp:term":[{"taxonomy":"product_brand","embeddable":true,"href":"https:\/\/www.daisho.be\/es\/wp-json\/wp\/v2\/product_brand?post=346169"},{"taxonomy":"product_cat","embeddable":true,"href":"https:\/\/www.daisho.be\/es\/wp-json\/wp\/v2\/product_cat?post=346169"},{"taxonomy":"product_tag","embeddable":true,"href":"https:\/\/www.daisho.be\/es\/wp-json\/wp\/v2\/product_tag?post=346169"},{"taxonomy":"sport","embeddable":true,"href":"https:\/\/www.daisho.be\/es\/wp-json\/wp\/v2\/sport?post=346169"}],"curies":[{"name":"wp","href":"https:\/\/api.w.org\/{rel}","templated":true}]}}