{"id":346025,"date":"2019-10-16T21:41:42","date_gmt":"2019-10-16T19:41:42","guid":{"rendered":"https:\/\/www.daisho.be\/produit\/cinturon-rojo-de-judo-para-competicion\/"},"modified":"2026-01-09T12:30:39","modified_gmt":"2026-01-09T11:30:39","slug":"cinturon-rojo-de-judo-para-competicion","status":"publish","type":"product","link":"https:\/\/www.daisho.be\/es\/produit\/cinturon-rojo-de-judo-para-competicion\/","title":{"rendered":"CINTUR\u00d3N ROJO DE JUDO PARA COMPETICI\u00d3N"},"content":{"rendered":"<p>Cintur\u00f3n de judo rojo para competiciones.<br \/>\nCintur\u00f3n cosido varias veces. Esto lo hace especialmente resistente a los desgarros y duradero.<br \/>\nCaracter\u00edsticas:<br \/>\n&#8211; 8 costuras,<br \/>\n&#8211; anchura: aprox. 4,5 cm,<br \/>\n&#8211; Material: 100% algod\u00f3n. <\/p>\n","protected":false},"excerpt":{"rendered":"<p>Cintur\u00f3n de judo rojo para competiciones. Cintur\u00f3n cosido varias veces. Esto lo hace especialmente resistente a los desgarros y duradero. Caracter\u00edsticas: &#8211; 8 costuras, &#8211; anchura: aprox. 4,5 cm, &#8211; Material: 100% algod\u00f3n.<\/p>\n","protected":false},"featured_media":337923,"comment_status":"closed","ping_status":"closed","template":"","meta":{"inline_featured_image":false},"product_brand":[],"product_cat":[1411,1403,1506,1404],"product_tag":[1320],"sport":[74,78],"class_list":{"0":"post-346025","1":"product","2":"type-product","3":"status-publish","4":"has-post-thumbnail","6":"product_cat-cinturon-de-jiu-jitsu","7":"product_cat-cinturones","8":"product_cat-cinturones-de-judo-es","9":"product_cat-cinturones-de-karate","10":"product_tag-dax-es","11":"pa_size-379","12":"pa_size-377","13":"pa_size-383","14":"sport-jiu-jitsu","15":"sport-judo","17":"first","18":"instock","19":"taxable","20":"shipping-taxable","21":"purchasable","22":"product-type-variable"},"yoast_head":"<!-- This site is optimized with the Yoast SEO plugin v27.2 - https:\/\/yoast.com\/product\/yoast-seo-wordpress\/ -->\n<title>Cintur\u00f3n de judo rojo de competici\u00f3n | Daisho Martial Arts<\/title>\n<meta name=\"description\" content=\"Descubre el cintur\u00f3n de judo rojo dise\u00f1ado para competiciones. C\u00f3mpralo ahora en nuestra web www.daisho.be|Daisho\" \/>\n<meta name=\"robots\" content=\"index, follow, max-snippet:-1, max-image-preview:large, max-video-preview:-1\" \/>\n<link rel=\"canonical\" href=\"https:\/\/www.daisho.be\/es\/produit\/cinturon-rojo-de-judo-para-competicion\/\" \/>\n<meta property=\"og:locale\" content=\"es_ES\" \/>\n<meta property=\"og:type\" content=\"article\" \/>\n<meta property=\"og:title\" content=\"Cintur\u00f3n de judo rojo de competici\u00f3n | Daisho Martial Arts\" \/>\n<meta property=\"og:description\" content=\"Descubre el cintur\u00f3n de judo rojo dise\u00f1ado para competiciones. C\u00f3mpralo ahora en nuestra web www.daisho.be|Daisho\" \/>\n<meta property=\"og:url\" content=\"https:\/\/www.daisho.be\/es\/produit\/cinturon-rojo-de-judo-para-competicion\/\" \/>\n<meta property=\"og:site_name\" content=\"Daisho\" \/>\n<meta property=\"article:modified_time\" content=\"2026-01-09T11:30:39+00:00\" \/>\n<meta property=\"og:image\" content=\"https:\/\/www.daisho.be\/wp-content\/uploads\/2023\/06\/image-41.jpg\" \/>\n\t<meta property=\"og:image:width\" content=\"1359\" \/>\n\t<meta property=\"og:image:height\" content=\"1920\" \/>\n\t<meta property=\"og:image:type\" content=\"image\/jpeg\" \/>\n<meta name=\"twitter:card\" content=\"summary_large_image\" \/>\n<script type=\"application\/ld+json\" class=\"yoast-schema-graph\">{\"@context\":\"https:\/\/schema.org\",\"@graph\":[{\"@type\":\"WebPage\",\"@id\":\"https:\/\/www.daisho.be\/es\/produit\/cinturon-rojo-de-judo-para-competicion\/\",\"url\":\"https:\/\/www.daisho.be\/es\/produit\/cinturon-rojo-de-judo-para-competicion\/\",\"name\":\"Cintur\u00f3n de judo rojo de competici\u00f3n | Daisho Martial Arts\",\"isPartOf\":{\"@id\":\"https:\/\/www.daisho.be\/es\/#website\"},\"primaryImageOfPage\":{\"@id\":\"https:\/\/www.daisho.be\/es\/produit\/cinturon-rojo-de-judo-para-competicion\/#primaryimage\"},\"image\":{\"@id\":\"https:\/\/www.daisho.be\/es\/produit\/cinturon-rojo-de-judo-para-competicion\/#primaryimage\"},\"thumbnailUrl\":\"https:\/\/www.daisho.be\/wp-content\/uploads\/2023\/06\/image-41.jpg\",\"datePublished\":\"2019-10-16T19:41:42+00:00\",\"dateModified\":\"2026-01-09T11:30:39+00:00\",\"description\":\"Descubre el cintur\u00f3n de judo rojo dise\u00f1ado para competiciones. C\u00f3mpralo ahora en nuestra web www.daisho.be|Daisho\",\"breadcrumb\":{\"@id\":\"https:\/\/www.daisho.be\/es\/produit\/cinturon-rojo-de-judo-para-competicion\/#breadcrumb\"},\"inLanguage\":\"es\",\"potentialAction\":[{\"@type\":\"ReadAction\",\"target\":[\"https:\/\/www.daisho.be\/es\/produit\/cinturon-rojo-de-judo-para-competicion\/\"]}]},{\"@type\":\"ImageObject\",\"inLanguage\":\"es\",\"@id\":\"https:\/\/www.daisho.be\/es\/produit\/cinturon-rojo-de-judo-para-competicion\/#primaryimage\",\"url\":\"https:\/\/www.daisho.be\/wp-content\/uploads\/2023\/06\/image-41.jpg\",\"contentUrl\":\"https:\/\/www.daisho.be\/wp-content\/uploads\/2023\/06\/image-41.jpg\",\"width\":1359,\"height\":1920,\"caption\":\"CINTUR\u00d3N ROJO DE JUDO PARA COMPETICI\u00d3N-1\"},{\"@type\":\"BreadcrumbList\",\"@id\":\"https:\/\/www.daisho.be\/es\/produit\/cinturon-rojo-de-judo-para-competicion\/#breadcrumb\",\"itemListElement\":[{\"@type\":\"ListItem\",\"position\":1,\"name\":\"Accueil\",\"item\":\"https:\/\/www.daisho.be\/es\/\"},{\"@type\":\"ListItem\",\"position\":2,\"name\":\"Productos\",\"item\":\"https:\/\/www.daisho.be\/es\/productos\/\"},{\"@type\":\"ListItem\",\"position\":3,\"name\":\"Equipamiento y ropa para artes marciales y deportes de combate\",\"item\":\"https:\/\/www.daisho.be\/es\/categorie-produit\/equipamiento-y-ropa-para-artes-marciales-y-deportes-de-combate\/\"},{\"@type\":\"ListItem\",\"position\":4,\"name\":\"Jujitsu y jiu-jitsu brasile\u00f1os\",\"item\":\"https:\/\/www.daisho.be\/es\/categorie-produit\/equipamiento-y-ropa-para-artes-marciales-y-deportes-de-combate\/jujitsu-y-jiu-jitsu-brasilenos\/\"},{\"@type\":\"ListItem\",\"position\":5,\"name\":\"Cintur\u00f3n de Jiu Jitsu\",\"item\":\"https:\/\/www.daisho.be\/es\/categorie-produit\/equipamiento-y-ropa-para-artes-marciales-y-deportes-de-combate\/jujitsu-y-jiu-jitsu-brasilenos\/cinturon-de-jiu-jitsu\/\"},{\"@type\":\"ListItem\",\"position\":6,\"name\":\"CINTUR\u00d3N ROJO DE JUDO PARA COMPETICI\u00d3N\"}]},{\"@type\":\"WebSite\",\"@id\":\"https:\/\/www.daisho.be\/es\/#website\",\"url\":\"https:\/\/www.daisho.be\/es\/\",\"name\":\"Daisho\",\"description\":\"Sp&eacute;cialiste de l'&eacute;quipement sportif d'arts martiaux\",\"publisher\":{\"@id\":\"https:\/\/www.daisho.be\/es\/#organization\"},\"potentialAction\":[{\"@type\":\"SearchAction\",\"target\":{\"@type\":\"EntryPoint\",\"urlTemplate\":\"https:\/\/www.daisho.be\/es\/?s={search_term_string}\"},\"query-input\":{\"@type\":\"PropertyValueSpecification\",\"valueRequired\":true,\"valueName\":\"search_term_string\"}}],\"inLanguage\":\"es\"},{\"@type\":\"Organization\",\"@id\":\"https:\/\/www.daisho.be\/es\/#organization\",\"name\":\"Daisho\",\"url\":\"https:\/\/www.daisho.be\/es\/\",\"logo\":{\"@type\":\"ImageObject\",\"inLanguage\":\"es\",\"@id\":\"https:\/\/www.daisho.be\/es\/#\/schema\/logo\/image\/\",\"url\":\"https:\/\/www.daisho.be\/wp-content\/uploads\/2019\/07\/color-nothing-horizontale4x-e1564486100247.png\",\"contentUrl\":\"https:\/\/www.daisho.be\/wp-content\/uploads\/2019\/07\/color-nothing-horizontale4x-e1564486100247.png\",\"width\":1547,\"height\":385,\"caption\":\"Daisho\"},\"image\":{\"@id\":\"https:\/\/www.daisho.be\/es\/#\/schema\/logo\/image\/\"}}]}<\/script>\n<!-- \/ Yoast SEO plugin. -->","yoast_head_json":{"title":"Cintur\u00f3n de judo rojo de competici\u00f3n | Daisho Martial Arts","description":"Descubre el cintur\u00f3n de judo rojo dise\u00f1ado para competiciones. C\u00f3mpralo ahora en nuestra web www.daisho.be|Daisho","robots":{"index":"index","follow":"follow","max-snippet":"max-snippet:-1","max-image-preview":"max-image-preview:large","max-video-preview":"max-video-preview:-1"},"canonical":"https:\/\/www.daisho.be\/es\/produit\/cinturon-rojo-de-judo-para-competicion\/","og_locale":"es_ES","og_type":"article","og_title":"Cintur\u00f3n de judo rojo de competici\u00f3n | Daisho Martial Arts","og_description":"Descubre el cintur\u00f3n de judo rojo dise\u00f1ado para competiciones. C\u00f3mpralo ahora en nuestra web www.daisho.be|Daisho","og_url":"https:\/\/www.daisho.be\/es\/produit\/cinturon-rojo-de-judo-para-competicion\/","og_site_name":"Daisho","article_modified_time":"2026-01-09T11:30:39+00:00","og_image":[{"width":1359,"height":1920,"url":"https:\/\/www.daisho.be\/wp-content\/uploads\/2023\/06\/image-41.jpg","type":"image\/jpeg"}],"twitter_card":"summary_large_image","schema":{"@context":"https:\/\/schema.org","@graph":[{"@type":"WebPage","@id":"https:\/\/www.daisho.be\/es\/produit\/cinturon-rojo-de-judo-para-competicion\/","url":"https:\/\/www.daisho.be\/es\/produit\/cinturon-rojo-de-judo-para-competicion\/","name":"Cintur\u00f3n de judo rojo de competici\u00f3n | Daisho Martial Arts","isPartOf":{"@id":"https:\/\/www.daisho.be\/es\/#website"},"primaryImageOfPage":{"@id":"https:\/\/www.daisho.be\/es\/produit\/cinturon-rojo-de-judo-para-competicion\/#primaryimage"},"image":{"@id":"https:\/\/www.daisho.be\/es\/produit\/cinturon-rojo-de-judo-para-competicion\/#primaryimage"},"thumbnailUrl":"https:\/\/www.daisho.be\/wp-content\/uploads\/2023\/06\/image-41.jpg","datePublished":"2019-10-16T19:41:42+00:00","dateModified":"2026-01-09T11:30:39+00:00","description":"Descubre el cintur\u00f3n de judo rojo dise\u00f1ado para competiciones. C\u00f3mpralo ahora en nuestra web www.daisho.be|Daisho","breadcrumb":{"@id":"https:\/\/www.daisho.be\/es\/produit\/cinturon-rojo-de-judo-para-competicion\/#breadcrumb"},"inLanguage":"es","potentialAction":[{"@type":"ReadAction","target":["https:\/\/www.daisho.be\/es\/produit\/cinturon-rojo-de-judo-para-competicion\/"]}]},{"@type":"ImageObject","inLanguage":"es","@id":"https:\/\/www.daisho.be\/es\/produit\/cinturon-rojo-de-judo-para-competicion\/#primaryimage","url":"https:\/\/www.daisho.be\/wp-content\/uploads\/2023\/06\/image-41.jpg","contentUrl":"https:\/\/www.daisho.be\/wp-content\/uploads\/2023\/06\/image-41.jpg","width":1359,"height":1920,"caption":"CINTUR\u00d3N ROJO DE JUDO PARA COMPETICI\u00d3N-1"},{"@type":"BreadcrumbList","@id":"https:\/\/www.daisho.be\/es\/produit\/cinturon-rojo-de-judo-para-competicion\/#breadcrumb","itemListElement":[{"@type":"ListItem","position":1,"name":"Accueil","item":"https:\/\/www.daisho.be\/es\/"},{"@type":"ListItem","position":2,"name":"Productos","item":"https:\/\/www.daisho.be\/es\/productos\/"},{"@type":"ListItem","position":3,"name":"Equipamiento y ropa para artes marciales y deportes de combate","item":"https:\/\/www.daisho.be\/es\/categorie-produit\/equipamiento-y-ropa-para-artes-marciales-y-deportes-de-combate\/"},{"@type":"ListItem","position":4,"name":"Jujitsu y jiu-jitsu brasile\u00f1os","item":"https:\/\/www.daisho.be\/es\/categorie-produit\/equipamiento-y-ropa-para-artes-marciales-y-deportes-de-combate\/jujitsu-y-jiu-jitsu-brasilenos\/"},{"@type":"ListItem","position":5,"name":"Cintur\u00f3n de Jiu Jitsu","item":"https:\/\/www.daisho.be\/es\/categorie-produit\/equipamiento-y-ropa-para-artes-marciales-y-deportes-de-combate\/jujitsu-y-jiu-jitsu-brasilenos\/cinturon-de-jiu-jitsu\/"},{"@type":"ListItem","position":6,"name":"CINTUR\u00d3N ROJO DE JUDO PARA COMPETICI\u00d3N"}]},{"@type":"WebSite","@id":"https:\/\/www.daisho.be\/es\/#website","url":"https:\/\/www.daisho.be\/es\/","name":"Daisho","description":"Sp&eacute;cialiste de l'&eacute;quipement sportif d'arts martiaux","publisher":{"@id":"https:\/\/www.daisho.be\/es\/#organization"},"potentialAction":[{"@type":"SearchAction","target":{"@type":"EntryPoint","urlTemplate":"https:\/\/www.daisho.be\/es\/?s={search_term_string}"},"query-input":{"@type":"PropertyValueSpecification","valueRequired":true,"valueName":"search_term_string"}}],"inLanguage":"es"},{"@type":"Organization","@id":"https:\/\/www.daisho.be\/es\/#organization","name":"Daisho","url":"https:\/\/www.daisho.be\/es\/","logo":{"@type":"ImageObject","inLanguage":"es","@id":"https:\/\/www.daisho.be\/es\/#\/schema\/logo\/image\/","url":"https:\/\/www.daisho.be\/wp-content\/uploads\/2019\/07\/color-nothing-horizontale4x-e1564486100247.png","contentUrl":"https:\/\/www.daisho.be\/wp-content\/uploads\/2019\/07\/color-nothing-horizontale4x-e1564486100247.png","width":1547,"height":385,"caption":"Daisho"},"image":{"@id":"https:\/\/www.daisho.be\/es\/#\/schema\/logo\/image\/"}}]}},"_links":{"self":[{"href":"https:\/\/www.daisho.be\/es\/wp-json\/wp\/v2\/product\/346025","targetHints":{"allow":["GET"]}}],"collection":[{"href":"https:\/\/www.daisho.be\/es\/wp-json\/wp\/v2\/product"}],"about":[{"href":"https:\/\/www.daisho.be\/es\/wp-json\/wp\/v2\/types\/product"}],"replies":[{"embeddable":true,"href":"https:\/\/www.daisho.be\/es\/wp-json\/wp\/v2\/comments?post=346025"}],"wp:featuredmedia":[{"embeddable":true,"href":"https:\/\/www.daisho.be\/es\/wp-json\/wp\/v2\/media\/337923"}],"wp:attachment":[{"href":"https:\/\/www.daisho.be\/es\/wp-json\/wp\/v2\/media?parent=346025"}],"wp:term":[{"taxonomy":"product_brand","embeddable":true,"href":"https:\/\/www.daisho.be\/es\/wp-json\/wp\/v2\/product_brand?post=346025"},{"taxonomy":"product_cat","embeddable":true,"href":"https:\/\/www.daisho.be\/es\/wp-json\/wp\/v2\/product_cat?post=346025"},{"taxonomy":"product_tag","embeddable":true,"href":"https:\/\/www.daisho.be\/es\/wp-json\/wp\/v2\/product_tag?post=346025"},{"taxonomy":"sport","embeddable":true,"href":"https:\/\/www.daisho.be\/es\/wp-json\/wp\/v2\/sport?post=346025"}],"curies":[{"name":"wp","href":"https:\/\/api.w.org\/{rel}","templated":true}]}}