{"id":345901,"date":"2019-09-23T11:24:41","date_gmt":"2019-09-23T09:24:41","guid":{"rendered":"https:\/\/www.daisho.be\/produit\/casco-de-boxeo-black-line-sparring\/"},"modified":"2019-09-23T11:24:41","modified_gmt":"2019-09-23T09:24:41","slug":"casco-de-boxeo-black-line-sparring","status":"publish","type":"product","link":"https:\/\/www.daisho.be\/es\/produit\/casco-de-boxeo-black-line-sparring\/","title":{"rendered":"CASCO DE BOXEO BLACK LINE SPARRING"},"content":{"rendered":"<p>Casco ligero y c\u00f3modo para un entrenamiento seguro. Prevenci\u00f3n eficaz de lesiones en la frente, los p\u00f3mulos, la barbilla, la mand\u00edbula, las orejas y la sien.<br \/>\nForma ergon\u00f3mica optimizada para un ajuste c\u00f3modo.<br \/>\nCaracter\u00edsticas :<br \/>\n&#8211; Parte superior de PU resistente,<br \/>\n&#8211; bien acolchado,<br \/>\n&#8211; protecci\u00f3n de los p\u00f3mulos,<br \/>\n&#8211; segura y ligera,<br \/>\n&#8211; velcro en la parte trasera,<br \/>\n&#8211; dise\u00f1ado en Alemania,<br \/>\n&#8211; color: negro mate.<\/p>\n","protected":false},"excerpt":{"rendered":"<p>Casco ligero y c\u00f3modo para un entrenamiento seguro. Prevenci\u00f3n eficaz de lesiones en la frente, los p\u00f3mulos, la barbilla, la mand\u00edbula, las orejas y la sien. Forma ergon\u00f3mica optimizada para un ajuste c\u00f3modo. Caracter\u00edsticas : &#8211; Parte superior de PU resistente, &#8211; bien acolchado, &#8211; protecci\u00f3n de los p\u00f3mulos, &#8211; segura y ligera, &#8211; velcro [&hellip;]<\/p>\n","protected":false},"featured_media":338013,"comment_status":"open","ping_status":"closed","template":"","meta":{"inline_featured_image":false},"product_brand":[],"product_cat":[1366,1368,1500,1361],"product_tag":[1320],"sport":[446],"class_list":{"0":"post-345901","1":"product","2":"type-product","3":"status-publish","4":"has-post-thumbnail","6":"product_cat-proteccion-del-boxeo","7":"product_cat-proteccion-kick-boxing","8":"product_cat-proteccion-mma","9":"product_cat-protecciones","10":"product_tag-dax-es","11":"pa_size-l","12":"pa_size-m","13":"pa_size-s","14":"pa_size-xl","15":"sport-boxe","17":"first","18":"instock","19":"taxable","20":"shipping-taxable","21":"purchasable","22":"product-type-variable"},"yoast_head":"<!-- This site is optimized with the Yoast SEO plugin v27.2 - https:\/\/yoast.com\/product\/yoast-seo-wordpress\/ -->\n<title>Casco de boxeo Sparring Black Line | Daisho boxing equipment<\/title>\n<meta name=\"robots\" content=\"index, follow, max-snippet:-1, max-image-preview:large, max-video-preview:-1\" \/>\n<link rel=\"canonical\" href=\"https:\/\/www.daisho.be\/es\/produit\/casco-de-boxeo-black-line-sparring\/\" \/>\n<meta property=\"og:locale\" content=\"es_ES\" \/>\n<meta property=\"og:type\" content=\"article\" \/>\n<meta property=\"og:title\" content=\"Casco de boxeo Sparring Black Line | Daisho boxing equipment\" \/>\n<meta property=\"og:description\" content=\"Casco ligero y c\u00f3modo para un entrenamiento seguro. Prevenci\u00f3n eficaz de lesiones en la frente, los p\u00f3mulos, la barbilla, la mand\u00edbula, las orejas y la sien. Forma ergon\u00f3mica optimizada para un ajuste c\u00f3modo. Caracter\u00edsticas : &#8211; Parte superior de PU resistente, &#8211; bien acolchado, &#8211; protecci\u00f3n de los p\u00f3mulos, &#8211; segura y ligera, &#8211; velcro [&hellip;]\" \/>\n<meta property=\"og:url\" content=\"https:\/\/www.daisho.be\/es\/produit\/casco-de-boxeo-black-line-sparring\/\" \/>\n<meta property=\"og:site_name\" content=\"Daisho\" \/>\n<meta property=\"og:image\" content=\"https:\/\/www.daisho.be\/wp-content\/uploads\/2023\/06\/image-66.jpg\" \/>\n\t<meta property=\"og:image:width\" content=\"1359\" \/>\n\t<meta property=\"og:image:height\" content=\"1920\" \/>\n\t<meta property=\"og:image:type\" content=\"image\/jpeg\" \/>\n<meta name=\"twitter:card\" content=\"summary_large_image\" \/>\n<script type=\"application\/ld+json\" class=\"yoast-schema-graph\">{\"@context\":\"https:\/\/schema.org\",\"@graph\":[{\"@type\":\"WebPage\",\"@id\":\"https:\/\/www.daisho.be\/es\/produit\/casco-de-boxeo-black-line-sparring\/\",\"url\":\"https:\/\/www.daisho.be\/es\/produit\/casco-de-boxeo-black-line-sparring\/\",\"name\":\"Casco de boxeo Sparring Black Line | Daisho boxing equipment\",\"isPartOf\":{\"@id\":\"https:\/\/www.daisho.be\/es\/#website\"},\"primaryImageOfPage\":{\"@id\":\"https:\/\/www.daisho.be\/es\/produit\/casco-de-boxeo-black-line-sparring\/#primaryimage\"},\"image\":{\"@id\":\"https:\/\/www.daisho.be\/es\/produit\/casco-de-boxeo-black-line-sparring\/#primaryimage\"},\"thumbnailUrl\":\"https:\/\/www.daisho.be\/wp-content\/uploads\/2023\/06\/image-66.jpg\",\"datePublished\":\"2019-09-23T09:24:41+00:00\",\"breadcrumb\":{\"@id\":\"https:\/\/www.daisho.be\/es\/produit\/casco-de-boxeo-black-line-sparring\/#breadcrumb\"},\"inLanguage\":\"es\",\"potentialAction\":[{\"@type\":\"ReadAction\",\"target\":[\"https:\/\/www.daisho.be\/es\/produit\/casco-de-boxeo-black-line-sparring\/\"]}]},{\"@type\":\"ImageObject\",\"inLanguage\":\"es\",\"@id\":\"https:\/\/www.daisho.be\/es\/produit\/casco-de-boxeo-black-line-sparring\/#primaryimage\",\"url\":\"https:\/\/www.daisho.be\/wp-content\/uploads\/2023\/06\/image-66.jpg\",\"contentUrl\":\"https:\/\/www.daisho.be\/wp-content\/uploads\/2023\/06\/image-66.jpg\",\"width\":1359,\"height\":1920,\"caption\":\"CASCO DE BOXEO SPARRING BLACK LINE-1\"},{\"@type\":\"BreadcrumbList\",\"@id\":\"https:\/\/www.daisho.be\/es\/produit\/casco-de-boxeo-black-line-sparring\/#breadcrumb\",\"itemListElement\":[{\"@type\":\"ListItem\",\"position\":1,\"name\":\"Accueil\",\"item\":\"https:\/\/www.daisho.be\/es\/\"},{\"@type\":\"ListItem\",\"position\":2,\"name\":\"Productos\",\"item\":\"https:\/\/www.daisho.be\/es\/productos\/\"},{\"@type\":\"ListItem\",\"position\":3,\"name\":\"Equipamiento y ropa para artes marciales y deportes de combate\",\"item\":\"https:\/\/www.daisho.be\/es\/categorie-produit\/equipamiento-y-ropa-para-artes-marciales-y-deportes-de-combate\/\"},{\"@type\":\"ListItem\",\"position\":4,\"name\":\"Boxeo\",\"item\":\"https:\/\/www.daisho.be\/es\/categorie-produit\/equipamiento-y-ropa-para-artes-marciales-y-deportes-de-combate\/boxeo-es\/\"},{\"@type\":\"ListItem\",\"position\":5,\"name\":\"Protecci\u00f3n del boxeo\",\"item\":\"https:\/\/www.daisho.be\/es\/categorie-produit\/equipamiento-y-ropa-para-artes-marciales-y-deportes-de-combate\/boxeo-es\/proteccion-del-boxeo\/\"},{\"@type\":\"ListItem\",\"position\":6,\"name\":\"CASCO DE BOXEO BLACK LINE SPARRING\"}]},{\"@type\":\"WebSite\",\"@id\":\"https:\/\/www.daisho.be\/es\/#website\",\"url\":\"https:\/\/www.daisho.be\/es\/\",\"name\":\"Daisho\",\"description\":\"Sp&eacute;cialiste de l'&eacute;quipement sportif d'arts martiaux\",\"publisher\":{\"@id\":\"https:\/\/www.daisho.be\/es\/#organization\"},\"potentialAction\":[{\"@type\":\"SearchAction\",\"target\":{\"@type\":\"EntryPoint\",\"urlTemplate\":\"https:\/\/www.daisho.be\/es\/?s={search_term_string}\"},\"query-input\":{\"@type\":\"PropertyValueSpecification\",\"valueRequired\":true,\"valueName\":\"search_term_string\"}}],\"inLanguage\":\"es\"},{\"@type\":\"Organization\",\"@id\":\"https:\/\/www.daisho.be\/es\/#organization\",\"name\":\"Daisho\",\"url\":\"https:\/\/www.daisho.be\/es\/\",\"logo\":{\"@type\":\"ImageObject\",\"inLanguage\":\"es\",\"@id\":\"https:\/\/www.daisho.be\/es\/#\/schema\/logo\/image\/\",\"url\":\"https:\/\/www.daisho.be\/wp-content\/uploads\/2019\/07\/color-nothing-horizontale4x-e1564486100247.png\",\"contentUrl\":\"https:\/\/www.daisho.be\/wp-content\/uploads\/2019\/07\/color-nothing-horizontale4x-e1564486100247.png\",\"width\":1547,\"height\":385,\"caption\":\"Daisho\"},\"image\":{\"@id\":\"https:\/\/www.daisho.be\/es\/#\/schema\/logo\/image\/\"}}]}<\/script>\n<!-- \/ Yoast SEO plugin. -->","yoast_head_json":{"title":"Casco de boxeo Sparring Black Line | Daisho boxing equipment","robots":{"index":"index","follow":"follow","max-snippet":"max-snippet:-1","max-image-preview":"max-image-preview:large","max-video-preview":"max-video-preview:-1"},"canonical":"https:\/\/www.daisho.be\/es\/produit\/casco-de-boxeo-black-line-sparring\/","og_locale":"es_ES","og_type":"article","og_title":"Casco de boxeo Sparring Black Line | Daisho boxing equipment","og_description":"Casco ligero y c\u00f3modo para un entrenamiento seguro. Prevenci\u00f3n eficaz de lesiones en la frente, los p\u00f3mulos, la barbilla, la mand\u00edbula, las orejas y la sien. Forma ergon\u00f3mica optimizada para un ajuste c\u00f3modo. Caracter\u00edsticas : &#8211; Parte superior de PU resistente, &#8211; bien acolchado, &#8211; protecci\u00f3n de los p\u00f3mulos, &#8211; segura y ligera, &#8211; velcro [&hellip;]","og_url":"https:\/\/www.daisho.be\/es\/produit\/casco-de-boxeo-black-line-sparring\/","og_site_name":"Daisho","og_image":[{"width":1359,"height":1920,"url":"https:\/\/www.daisho.be\/wp-content\/uploads\/2023\/06\/image-66.jpg","type":"image\/jpeg"}],"twitter_card":"summary_large_image","schema":{"@context":"https:\/\/schema.org","@graph":[{"@type":"WebPage","@id":"https:\/\/www.daisho.be\/es\/produit\/casco-de-boxeo-black-line-sparring\/","url":"https:\/\/www.daisho.be\/es\/produit\/casco-de-boxeo-black-line-sparring\/","name":"Casco de boxeo Sparring Black Line | Daisho boxing equipment","isPartOf":{"@id":"https:\/\/www.daisho.be\/es\/#website"},"primaryImageOfPage":{"@id":"https:\/\/www.daisho.be\/es\/produit\/casco-de-boxeo-black-line-sparring\/#primaryimage"},"image":{"@id":"https:\/\/www.daisho.be\/es\/produit\/casco-de-boxeo-black-line-sparring\/#primaryimage"},"thumbnailUrl":"https:\/\/www.daisho.be\/wp-content\/uploads\/2023\/06\/image-66.jpg","datePublished":"2019-09-23T09:24:41+00:00","breadcrumb":{"@id":"https:\/\/www.daisho.be\/es\/produit\/casco-de-boxeo-black-line-sparring\/#breadcrumb"},"inLanguage":"es","potentialAction":[{"@type":"ReadAction","target":["https:\/\/www.daisho.be\/es\/produit\/casco-de-boxeo-black-line-sparring\/"]}]},{"@type":"ImageObject","inLanguage":"es","@id":"https:\/\/www.daisho.be\/es\/produit\/casco-de-boxeo-black-line-sparring\/#primaryimage","url":"https:\/\/www.daisho.be\/wp-content\/uploads\/2023\/06\/image-66.jpg","contentUrl":"https:\/\/www.daisho.be\/wp-content\/uploads\/2023\/06\/image-66.jpg","width":1359,"height":1920,"caption":"CASCO DE BOXEO SPARRING BLACK LINE-1"},{"@type":"BreadcrumbList","@id":"https:\/\/www.daisho.be\/es\/produit\/casco-de-boxeo-black-line-sparring\/#breadcrumb","itemListElement":[{"@type":"ListItem","position":1,"name":"Accueil","item":"https:\/\/www.daisho.be\/es\/"},{"@type":"ListItem","position":2,"name":"Productos","item":"https:\/\/www.daisho.be\/es\/productos\/"},{"@type":"ListItem","position":3,"name":"Equipamiento y ropa para artes marciales y deportes de combate","item":"https:\/\/www.daisho.be\/es\/categorie-produit\/equipamiento-y-ropa-para-artes-marciales-y-deportes-de-combate\/"},{"@type":"ListItem","position":4,"name":"Boxeo","item":"https:\/\/www.daisho.be\/es\/categorie-produit\/equipamiento-y-ropa-para-artes-marciales-y-deportes-de-combate\/boxeo-es\/"},{"@type":"ListItem","position":5,"name":"Protecci\u00f3n del boxeo","item":"https:\/\/www.daisho.be\/es\/categorie-produit\/equipamiento-y-ropa-para-artes-marciales-y-deportes-de-combate\/boxeo-es\/proteccion-del-boxeo\/"},{"@type":"ListItem","position":6,"name":"CASCO DE BOXEO BLACK LINE SPARRING"}]},{"@type":"WebSite","@id":"https:\/\/www.daisho.be\/es\/#website","url":"https:\/\/www.daisho.be\/es\/","name":"Daisho","description":"Sp&eacute;cialiste de l'&eacute;quipement sportif d'arts martiaux","publisher":{"@id":"https:\/\/www.daisho.be\/es\/#organization"},"potentialAction":[{"@type":"SearchAction","target":{"@type":"EntryPoint","urlTemplate":"https:\/\/www.daisho.be\/es\/?s={search_term_string}"},"query-input":{"@type":"PropertyValueSpecification","valueRequired":true,"valueName":"search_term_string"}}],"inLanguage":"es"},{"@type":"Organization","@id":"https:\/\/www.daisho.be\/es\/#organization","name":"Daisho","url":"https:\/\/www.daisho.be\/es\/","logo":{"@type":"ImageObject","inLanguage":"es","@id":"https:\/\/www.daisho.be\/es\/#\/schema\/logo\/image\/","url":"https:\/\/www.daisho.be\/wp-content\/uploads\/2019\/07\/color-nothing-horizontale4x-e1564486100247.png","contentUrl":"https:\/\/www.daisho.be\/wp-content\/uploads\/2019\/07\/color-nothing-horizontale4x-e1564486100247.png","width":1547,"height":385,"caption":"Daisho"},"image":{"@id":"https:\/\/www.daisho.be\/es\/#\/schema\/logo\/image\/"}}]}},"_links":{"self":[{"href":"https:\/\/www.daisho.be\/es\/wp-json\/wp\/v2\/product\/345901","targetHints":{"allow":["GET"]}}],"collection":[{"href":"https:\/\/www.daisho.be\/es\/wp-json\/wp\/v2\/product"}],"about":[{"href":"https:\/\/www.daisho.be\/es\/wp-json\/wp\/v2\/types\/product"}],"replies":[{"embeddable":true,"href":"https:\/\/www.daisho.be\/es\/wp-json\/wp\/v2\/comments?post=345901"}],"wp:featuredmedia":[{"embeddable":true,"href":"https:\/\/www.daisho.be\/es\/wp-json\/wp\/v2\/media\/338013"}],"wp:attachment":[{"href":"https:\/\/www.daisho.be\/es\/wp-json\/wp\/v2\/media?parent=345901"}],"wp:term":[{"taxonomy":"product_brand","embeddable":true,"href":"https:\/\/www.daisho.be\/es\/wp-json\/wp\/v2\/product_brand?post=345901"},{"taxonomy":"product_cat","embeddable":true,"href":"https:\/\/www.daisho.be\/es\/wp-json\/wp\/v2\/product_cat?post=345901"},{"taxonomy":"product_tag","embeddable":true,"href":"https:\/\/www.daisho.be\/es\/wp-json\/wp\/v2\/product_tag?post=345901"},{"taxonomy":"sport","embeddable":true,"href":"https:\/\/www.daisho.be\/es\/wp-json\/wp\/v2\/sport?post=345901"}],"curies":[{"name":"wp","href":"https:\/\/api.w.org\/{rel}","templated":true}]}}