{"id":345860,"date":"2019-09-23T11:25:20","date_gmt":"2019-09-23T09:25:20","guid":{"rendered":"https:\/\/www.daisho.be\/produit\/dax-kids-judo-pants-white\/"},"modified":"2025-12-22T12:54:08","modified_gmt":"2025-12-22T11:54:08","slug":"dax-kids-judo-pants-white","status":"publish","type":"product","link":"https:\/\/www.daisho.be\/es\/produit\/dax-kids-judo-pants-white\/","title":{"rendered":"DAX KIDS JUDO PANTS WHITE"},"content":{"rendered":"<p>Pantal\u00f3n de judo DAX para ni\u00f1os.<br \/>\nDe tejido de algod\u00f3n transpirable y suave con la piel. Con cintura el\u00e1stica.<br \/>\nLa elecci\u00f3n adecuada para principiantes. <\/p>\n<p>Caracter\u00edsticas:<br \/>\n&#8211; gran comodidad,<br \/>\n&#8211; rodillas con doble costura,<br \/>\n&#8211; logotipo orientado a los ni\u00f1os,<br \/>\n&#8211; tambi\u00e9n adecuado para jiu-jitsu,<br \/>\n&#8211; material: 100% algod\u00f3n.<\/p>\n","protected":false},"excerpt":{"rendered":"<p>Pantal\u00f3n de judo DAX para ni\u00f1os. De tejido de algod\u00f3n transpirable y suave con la piel. Con cintura el\u00e1stica. La elecci\u00f3n adecuada para principiantes. Caracter\u00edsticas: &#8211; gran comodidad, &#8211; rodillas con doble costura, &#8211; logotipo orientado a los ni\u00f1os, &#8211; tambi\u00e9n adecuado para jiu-jitsu, &#8211; material: 100% algod\u00f3n.<\/p>\n","protected":false},"featured_media":336622,"comment_status":"closed","ping_status":"closed","template":"","meta":{"inline_featured_image":false},"product_brand":[],"product_cat":[1327,1326,1498,1311],"product_tag":[1320],"sport":[74,78],"class_list":{"0":"post-345860","1":"product","2":"type-product","3":"status-publish","4":"has-post-thumbnail","6":"product_cat-kimono-de-jujitsu-es","7":"product_cat-kimonos-de-aikido","8":"product_cat-pantalones-de-judo","9":"product_cat-trajes-kimonos","10":"product_tag-dax-es","11":"pa_size-375","12":"pa_size-374","13":"pa_size-373","14":"pa_size-381","15":"pa_size-380","16":"pa_size-379","17":"pa_size-378","18":"pa_size-377","19":"sport-jiu-jitsu","20":"sport-judo","22":"first","23":"instock","24":"taxable","25":"shipping-taxable","26":"purchasable","27":"product-type-variable"},"yoast_head":"<!-- This site is optimized with the Yoast SEO plugin v27.2 - https:\/\/yoast.com\/product\/yoast-seo-wordpress\/ -->\n<title>DAX KIDS JUDO PANTS WHITE &#8211; Daisho<\/title>\n<meta name=\"description\" content=\"\u00bfNecesitas pantalones de judo para tus hijos? Descubre la marca Dax, que combina comodidad y calidad. C\u00f3mpralos en nuestra web www.dzisho.be|Daisho\" \/>\n<meta name=\"robots\" content=\"index, follow, max-snippet:-1, max-image-preview:large, max-video-preview:-1\" \/>\n<link rel=\"canonical\" href=\"https:\/\/www.daisho.be\/es\/produit\/dax-kids-judo-pants-white\/\" \/>\n<meta property=\"og:locale\" content=\"es_ES\" \/>\n<meta property=\"og:type\" content=\"article\" \/>\n<meta property=\"og:title\" content=\"DAX KIDS JUDO PANTS WHITE &#8211; Daisho\" \/>\n<meta property=\"og:description\" content=\"\u00bfNecesitas pantalones de judo para tus hijos? Descubre la marca Dax, que combina comodidad y calidad. C\u00f3mpralos en nuestra web www.dzisho.be|Daisho\" \/>\n<meta property=\"og:url\" content=\"https:\/\/www.daisho.be\/es\/produit\/dax-kids-judo-pants-white\/\" \/>\n<meta property=\"og:site_name\" content=\"Daisho\" \/>\n<meta property=\"article:modified_time\" content=\"2025-12-22T11:54:08+00:00\" \/>\n<meta property=\"og:image\" content=\"https:\/\/www.daisho.be\/wp-content\/uploads\/2023\/03\/image-20.jpg\" \/>\n\t<meta property=\"og:image:width\" content=\"736\" \/>\n\t<meta property=\"og:image:height\" content=\"1040\" \/>\n\t<meta property=\"og:image:type\" content=\"image\/jpeg\" \/>\n<meta name=\"twitter:card\" content=\"summary_large_image\" \/>\n<script type=\"application\/ld+json\" class=\"yoast-schema-graph\">{\"@context\":\"https:\/\/schema.org\",\"@graph\":[{\"@type\":\"WebPage\",\"@id\":\"https:\/\/www.daisho.be\/es\/produit\/dax-kids-judo-pants-white\/\",\"url\":\"https:\/\/www.daisho.be\/es\/produit\/dax-kids-judo-pants-white\/\",\"name\":\"DAX KIDS JUDO PANTS WHITE &#8211; Daisho\",\"isPartOf\":{\"@id\":\"https:\/\/www.daisho.be\/es\/#website\"},\"primaryImageOfPage\":{\"@id\":\"https:\/\/www.daisho.be\/es\/produit\/dax-kids-judo-pants-white\/#primaryimage\"},\"image\":{\"@id\":\"https:\/\/www.daisho.be\/es\/produit\/dax-kids-judo-pants-white\/#primaryimage\"},\"thumbnailUrl\":\"https:\/\/www.daisho.be\/wp-content\/uploads\/2023\/03\/image-20.jpg\",\"datePublished\":\"2019-09-23T09:25:20+00:00\",\"dateModified\":\"2025-12-22T11:54:08+00:00\",\"description\":\"\u00bfNecesitas pantalones de judo para tus hijos? Descubre la marca Dax, que combina comodidad y calidad. C\u00f3mpralos en nuestra web www.dzisho.be|Daisho\",\"breadcrumb\":{\"@id\":\"https:\/\/www.daisho.be\/es\/produit\/dax-kids-judo-pants-white\/#breadcrumb\"},\"inLanguage\":\"es\",\"potentialAction\":[{\"@type\":\"ReadAction\",\"target\":[\"https:\/\/www.daisho.be\/es\/produit\/dax-kids-judo-pants-white\/\"]}]},{\"@type\":\"ImageObject\",\"inLanguage\":\"es\",\"@id\":\"https:\/\/www.daisho.be\/es\/produit\/dax-kids-judo-pants-white\/#primaryimage\",\"url\":\"https:\/\/www.daisho.be\/wp-content\/uploads\/2023\/03\/image-20.jpg\",\"contentUrl\":\"https:\/\/www.daisho.be\/wp-content\/uploads\/2023\/03\/image-20.jpg\",\"width\":736,\"height\":1040,\"caption\":\"DAX KIDS JUDO PANTS WHITE-1\"},{\"@type\":\"BreadcrumbList\",\"@id\":\"https:\/\/www.daisho.be\/es\/produit\/dax-kids-judo-pants-white\/#breadcrumb\",\"itemListElement\":[{\"@type\":\"ListItem\",\"position\":1,\"name\":\"Accueil\",\"item\":\"https:\/\/www.daisho.be\/es\/\"},{\"@type\":\"ListItem\",\"position\":2,\"name\":\"Productos\",\"item\":\"https:\/\/www.daisho.be\/es\/productos\/\"},{\"@type\":\"ListItem\",\"position\":3,\"name\":\"Equipamiento y ropa para artes marciales y deportes de combate\",\"item\":\"https:\/\/www.daisho.be\/es\/categorie-produit\/equipamiento-y-ropa-para-artes-marciales-y-deportes-de-combate\/\"},{\"@type\":\"ListItem\",\"position\":4,\"name\":\"Jujitsu y jiu-jitsu brasile\u00f1os\",\"item\":\"https:\/\/www.daisho.be\/es\/categorie-produit\/equipamiento-y-ropa-para-artes-marciales-y-deportes-de-combate\/jujitsu-y-jiu-jitsu-brasilenos\/\"},{\"@type\":\"ListItem\",\"position\":5,\"name\":\"Kimono de Jujitsu\",\"item\":\"https:\/\/www.daisho.be\/es\/categorie-produit\/equipamiento-y-ropa-para-artes-marciales-y-deportes-de-combate\/jujitsu-y-jiu-jitsu-brasilenos\/kimono-de-jujitsu-es\/\"},{\"@type\":\"ListItem\",\"position\":6,\"name\":\"DAX KIDS JUDO PANTS WHITE\"}]},{\"@type\":\"WebSite\",\"@id\":\"https:\/\/www.daisho.be\/es\/#website\",\"url\":\"https:\/\/www.daisho.be\/es\/\",\"name\":\"Daisho\",\"description\":\"Sp&eacute;cialiste de l'&eacute;quipement sportif d'arts martiaux\",\"publisher\":{\"@id\":\"https:\/\/www.daisho.be\/es\/#organization\"},\"potentialAction\":[{\"@type\":\"SearchAction\",\"target\":{\"@type\":\"EntryPoint\",\"urlTemplate\":\"https:\/\/www.daisho.be\/es\/?s={search_term_string}\"},\"query-input\":{\"@type\":\"PropertyValueSpecification\",\"valueRequired\":true,\"valueName\":\"search_term_string\"}}],\"inLanguage\":\"es\"},{\"@type\":\"Organization\",\"@id\":\"https:\/\/www.daisho.be\/es\/#organization\",\"name\":\"Daisho\",\"url\":\"https:\/\/www.daisho.be\/es\/\",\"logo\":{\"@type\":\"ImageObject\",\"inLanguage\":\"es\",\"@id\":\"https:\/\/www.daisho.be\/es\/#\/schema\/logo\/image\/\",\"url\":\"https:\/\/www.daisho.be\/wp-content\/uploads\/2019\/07\/color-nothing-horizontale4x-e1564486100247.png\",\"contentUrl\":\"https:\/\/www.daisho.be\/wp-content\/uploads\/2019\/07\/color-nothing-horizontale4x-e1564486100247.png\",\"width\":1547,\"height\":385,\"caption\":\"Daisho\"},\"image\":{\"@id\":\"https:\/\/www.daisho.be\/es\/#\/schema\/logo\/image\/\"}}]}<\/script>\n<!-- \/ Yoast SEO plugin. -->","yoast_head_json":{"title":"DAX KIDS JUDO PANTS WHITE &#8211; Daisho","description":"\u00bfNecesitas pantalones de judo para tus hijos? Descubre la marca Dax, que combina comodidad y calidad. C\u00f3mpralos en nuestra web www.dzisho.be|Daisho","robots":{"index":"index","follow":"follow","max-snippet":"max-snippet:-1","max-image-preview":"max-image-preview:large","max-video-preview":"max-video-preview:-1"},"canonical":"https:\/\/www.daisho.be\/es\/produit\/dax-kids-judo-pants-white\/","og_locale":"es_ES","og_type":"article","og_title":"DAX KIDS JUDO PANTS WHITE &#8211; Daisho","og_description":"\u00bfNecesitas pantalones de judo para tus hijos? Descubre la marca Dax, que combina comodidad y calidad. C\u00f3mpralos en nuestra web www.dzisho.be|Daisho","og_url":"https:\/\/www.daisho.be\/es\/produit\/dax-kids-judo-pants-white\/","og_site_name":"Daisho","article_modified_time":"2025-12-22T11:54:08+00:00","og_image":[{"width":736,"height":1040,"url":"https:\/\/www.daisho.be\/wp-content\/uploads\/2023\/03\/image-20.jpg","type":"image\/jpeg"}],"twitter_card":"summary_large_image","schema":{"@context":"https:\/\/schema.org","@graph":[{"@type":"WebPage","@id":"https:\/\/www.daisho.be\/es\/produit\/dax-kids-judo-pants-white\/","url":"https:\/\/www.daisho.be\/es\/produit\/dax-kids-judo-pants-white\/","name":"DAX KIDS JUDO PANTS WHITE &#8211; Daisho","isPartOf":{"@id":"https:\/\/www.daisho.be\/es\/#website"},"primaryImageOfPage":{"@id":"https:\/\/www.daisho.be\/es\/produit\/dax-kids-judo-pants-white\/#primaryimage"},"image":{"@id":"https:\/\/www.daisho.be\/es\/produit\/dax-kids-judo-pants-white\/#primaryimage"},"thumbnailUrl":"https:\/\/www.daisho.be\/wp-content\/uploads\/2023\/03\/image-20.jpg","datePublished":"2019-09-23T09:25:20+00:00","dateModified":"2025-12-22T11:54:08+00:00","description":"\u00bfNecesitas pantalones de judo para tus hijos? Descubre la marca Dax, que combina comodidad y calidad. C\u00f3mpralos en nuestra web www.dzisho.be|Daisho","breadcrumb":{"@id":"https:\/\/www.daisho.be\/es\/produit\/dax-kids-judo-pants-white\/#breadcrumb"},"inLanguage":"es","potentialAction":[{"@type":"ReadAction","target":["https:\/\/www.daisho.be\/es\/produit\/dax-kids-judo-pants-white\/"]}]},{"@type":"ImageObject","inLanguage":"es","@id":"https:\/\/www.daisho.be\/es\/produit\/dax-kids-judo-pants-white\/#primaryimage","url":"https:\/\/www.daisho.be\/wp-content\/uploads\/2023\/03\/image-20.jpg","contentUrl":"https:\/\/www.daisho.be\/wp-content\/uploads\/2023\/03\/image-20.jpg","width":736,"height":1040,"caption":"DAX KIDS JUDO PANTS WHITE-1"},{"@type":"BreadcrumbList","@id":"https:\/\/www.daisho.be\/es\/produit\/dax-kids-judo-pants-white\/#breadcrumb","itemListElement":[{"@type":"ListItem","position":1,"name":"Accueil","item":"https:\/\/www.daisho.be\/es\/"},{"@type":"ListItem","position":2,"name":"Productos","item":"https:\/\/www.daisho.be\/es\/productos\/"},{"@type":"ListItem","position":3,"name":"Equipamiento y ropa para artes marciales y deportes de combate","item":"https:\/\/www.daisho.be\/es\/categorie-produit\/equipamiento-y-ropa-para-artes-marciales-y-deportes-de-combate\/"},{"@type":"ListItem","position":4,"name":"Jujitsu y jiu-jitsu brasile\u00f1os","item":"https:\/\/www.daisho.be\/es\/categorie-produit\/equipamiento-y-ropa-para-artes-marciales-y-deportes-de-combate\/jujitsu-y-jiu-jitsu-brasilenos\/"},{"@type":"ListItem","position":5,"name":"Kimono de Jujitsu","item":"https:\/\/www.daisho.be\/es\/categorie-produit\/equipamiento-y-ropa-para-artes-marciales-y-deportes-de-combate\/jujitsu-y-jiu-jitsu-brasilenos\/kimono-de-jujitsu-es\/"},{"@type":"ListItem","position":6,"name":"DAX KIDS JUDO PANTS WHITE"}]},{"@type":"WebSite","@id":"https:\/\/www.daisho.be\/es\/#website","url":"https:\/\/www.daisho.be\/es\/","name":"Daisho","description":"Sp&eacute;cialiste de l'&eacute;quipement sportif d'arts martiaux","publisher":{"@id":"https:\/\/www.daisho.be\/es\/#organization"},"potentialAction":[{"@type":"SearchAction","target":{"@type":"EntryPoint","urlTemplate":"https:\/\/www.daisho.be\/es\/?s={search_term_string}"},"query-input":{"@type":"PropertyValueSpecification","valueRequired":true,"valueName":"search_term_string"}}],"inLanguage":"es"},{"@type":"Organization","@id":"https:\/\/www.daisho.be\/es\/#organization","name":"Daisho","url":"https:\/\/www.daisho.be\/es\/","logo":{"@type":"ImageObject","inLanguage":"es","@id":"https:\/\/www.daisho.be\/es\/#\/schema\/logo\/image\/","url":"https:\/\/www.daisho.be\/wp-content\/uploads\/2019\/07\/color-nothing-horizontale4x-e1564486100247.png","contentUrl":"https:\/\/www.daisho.be\/wp-content\/uploads\/2019\/07\/color-nothing-horizontale4x-e1564486100247.png","width":1547,"height":385,"caption":"Daisho"},"image":{"@id":"https:\/\/www.daisho.be\/es\/#\/schema\/logo\/image\/"}}]}},"_links":{"self":[{"href":"https:\/\/www.daisho.be\/es\/wp-json\/wp\/v2\/product\/345860","targetHints":{"allow":["GET"]}}],"collection":[{"href":"https:\/\/www.daisho.be\/es\/wp-json\/wp\/v2\/product"}],"about":[{"href":"https:\/\/www.daisho.be\/es\/wp-json\/wp\/v2\/types\/product"}],"replies":[{"embeddable":true,"href":"https:\/\/www.daisho.be\/es\/wp-json\/wp\/v2\/comments?post=345860"}],"wp:featuredmedia":[{"embeddable":true,"href":"https:\/\/www.daisho.be\/es\/wp-json\/wp\/v2\/media\/336622"}],"wp:attachment":[{"href":"https:\/\/www.daisho.be\/es\/wp-json\/wp\/v2\/media?parent=345860"}],"wp:term":[{"taxonomy":"product_brand","embeddable":true,"href":"https:\/\/www.daisho.be\/es\/wp-json\/wp\/v2\/product_brand?post=345860"},{"taxonomy":"product_cat","embeddable":true,"href":"https:\/\/www.daisho.be\/es\/wp-json\/wp\/v2\/product_cat?post=345860"},{"taxonomy":"product_tag","embeddable":true,"href":"https:\/\/www.daisho.be\/es\/wp-json\/wp\/v2\/product_tag?post=345860"},{"taxonomy":"sport","embeddable":true,"href":"https:\/\/www.daisho.be\/es\/wp-json\/wp\/v2\/sport?post=345860"}],"curies":[{"name":"wp","href":"https:\/\/api.w.org\/{rel}","templated":true}]}}