{"id":345708,"date":"2019-09-18T22:38:28","date_gmt":"2019-09-18T20:38:28","guid":{"rendered":"https:\/\/www.daisho.be\/produit\/marcador-de-judo-cjm\/"},"modified":"2025-11-20T13:57:38","modified_gmt":"2025-11-20T12:57:38","slug":"marcador-de-judo-cjm","status":"publish","type":"product","link":"https:\/\/www.daisho.be\/es\/produit\/marcador-de-judo-cjm\/","title":{"rendered":"Marcador de Judo CJM"},"content":{"rendered":"<p>La pantalla CJM est\u00e1 especialmente dise\u00f1ada para competiciones de k\u00e1rate. Tiene una pantalla LCD de 340 x 175 x 60 mm.<br \/>\nComposici\u00f3n:<br \/>\n1 pantalla compuesta por 1 m\u00f3dulo<br \/>\n  2 paneles de control<br \/>\nCables y cajas de derivaci\u00f3n para modelos cableados<br \/>\nInstrucciones de instalaci\u00f3n y funcionamiento<br \/>\nDescripci\u00f3n t\u00e9cnica :<br \/>\nUso: Interior<br \/>\nTransmisi\u00f3n: por radio (868 MHz) o por cable<br \/>\nLegibilidad: 45 m, \u00e1ngulo  &gt;160\u00b0<br \/>\nDimensiones: 1500 x 600 x 90 mm<br \/>\nPeso: 25 kg<br \/>\nAlimentaci\u00f3n: Red 230V \/ 50-60Hz 5,6A<br \/>\n  Protecci\u00f3n: Panel frontal irrompible de policarbonato negro mate antideslumbrante (DIN 18032-3)<br \/>\nBocina incorporada: 116 dB a 1 m<br \/>\nCable de red (suministrado): 25 m &#8211; Tipo: 230 V, 3G, 0,75 mm\u00b2 &#8211; Cable de red (suministrado): 25 m<br \/>\n  Cableado de transmisi\u00f3n: para modelo cableado o radio con kit Cableado Caja de empalmes + 50 m de cable de transmisi\u00f3n r\u00edgido (panel\/caja de empalmes) &#8211; Tipo: cable de 2 pares 6\/10 + 10 m de cable de transmisi\u00f3n flexible DIN\/DIN (caja de empalmes\/panel)<br \/>\nFunci\u00f3n de visualizaci\u00f3n :<br \/>\nCron\u00f3metro: 3 d\u00edgitos rojos (12 cm) + puntos intermitentes<br \/>\nCategor\u00eda de peso: 4 caracteres amarillos (9 cm)<br \/>\nIntervenci\u00f3n m\u00e9dica: 4 cruces verdes<br \/>\n  Puntuaciones: Ippon, Waza ari, (nuevas reglas)<br \/>\n  Penalizaciones: Hansoku-make, Shido<br \/>\n  Indicaci\u00f3n del ganador: 2 flechas rojas<br \/>\nTiempo de inactividad: 2 d\u00edgitos rojos (12 cm)<br \/>\n  Aviso ac\u00fastico<\/p>\n<p>Panel de control :<br \/>\n  2 pupitres: (340 x 175 x 60 mm) con pantalla LCD de 2 l\u00edneas, 20 caracteres y 9 mm<br \/>\n2 estuches : Almacenamiento para atriles (360 x 260 x 90 mm)<br \/>\n1 cargador: carga permanente de los paneles radioel\u00e9ctricos cuando no se utilizan (tiempo m\u00e1ximo de funcionamiento 16 h)<br \/>\nOpciones :<br \/>\n  Interfaz de TV (RS 485) : Transmisi\u00f3n de datos de la consola al sistema de TV<br \/>\nInterfaz de sonido: Amplificaci\u00f3n de bocinas, conexi\u00f3n de sistema de sonido ambiental<br \/>\nKit por cable: Transmisi\u00f3n adicional por cable para los modelos de radio<br \/>\nBastidor de instalaci\u00f3n o Pies rodantes<\/p>\n","protected":false},"excerpt":{"rendered":"<p>La pantalla CJM est\u00e1 especialmente dise\u00f1ada para competiciones de k\u00e1rate. Tiene una pantalla LCD de 340 x 175 x 60 mm. Composici\u00f3n: 1 pantalla compuesta por 1 m\u00f3dulo 2 paneles de control Cables y cajas de derivaci\u00f3n para modelos cableados Instrucciones de instalaci\u00f3n y funcionamiento Descripci\u00f3n t\u00e9cnica : Uso: Interior Transmisi\u00f3n: por radio (868 MHz) [&hellip;]<\/p>\n","protected":false},"featured_media":419440,"comment_status":"closed","ping_status":"closed","template":"","meta":{"inline_featured_image":false},"product_brand":[],"product_cat":[1431],"product_tag":[1429],"sport":[78],"class_list":{"0":"post-345708","1":"product","2":"type-product","3":"status-publish","4":"has-post-thumbnail","6":"product_cat-exposiciones-concurso","7":"product_tag-stramatel-es","8":"pa_size-sans-taille-defaut","9":"sport-judo","11":"first","12":"instock","13":"taxable","14":"shipping-taxable","15":"purchasable","16":"product-type-variable"},"yoast_head":"<!-- This site is optimized with the Yoast SEO plugin v27.2 - https:\/\/yoast.com\/product\/yoast-seo-wordpress\/ -->\n<title>Expositor de judo CJM, marca Stramatel 1500 x 600 x 90 mm | Daisho<\/title>\n<meta name=\"description\" content=\"Pantalla de judo Stramatel CJM para competici\u00f3n de nivel intermedio. Pida su equipo de judo en l\u00ednea en nuestra tienda en l\u00ednea.\" \/>\n<meta name=\"robots\" content=\"index, follow, max-snippet:-1, max-image-preview:large, max-video-preview:-1\" \/>\n<link rel=\"canonical\" href=\"https:\/\/www.daisho.be\/es\/produit\/marcador-de-judo-cjm\/\" \/>\n<meta property=\"og:locale\" content=\"es_ES\" \/>\n<meta property=\"og:type\" content=\"article\" \/>\n<meta property=\"og:title\" content=\"Expositor de judo CJM, marca Stramatel 1500 x 600 x 90 mm | Daisho\" \/>\n<meta property=\"og:description\" content=\"Pantalla de judo Stramatel CJM para competici\u00f3n de nivel intermedio. Pida su equipo de judo en l\u00ednea en nuestra tienda en l\u00ednea.\" \/>\n<meta property=\"og:url\" content=\"https:\/\/www.daisho.be\/es\/produit\/marcador-de-judo-cjm\/\" \/>\n<meta property=\"og:site_name\" content=\"Daisho\" \/>\n<meta property=\"article:modified_time\" content=\"2025-11-20T12:57:38+00:00\" \/>\n<meta property=\"og:image\" content=\"https:\/\/www.daisho.be\/wp-content\/uploads\/2024\/06\/image-15.png\" \/>\n\t<meta property=\"og:image:width\" content=\"1772\" \/>\n\t<meta property=\"og:image:height\" content=\"709\" \/>\n\t<meta property=\"og:image:type\" content=\"image\/png\" \/>\n<meta name=\"twitter:card\" content=\"summary_large_image\" \/>\n<meta name=\"twitter:label1\" content=\"Tiempo de lectura\" \/>\n\t<meta name=\"twitter:data1\" content=\"1 minuto\" \/>\n<script type=\"application\/ld+json\" class=\"yoast-schema-graph\">{\"@context\":\"https:\/\/schema.org\",\"@graph\":[{\"@type\":\"WebPage\",\"@id\":\"https:\/\/www.daisho.be\/es\/produit\/marcador-de-judo-cjm\/\",\"url\":\"https:\/\/www.daisho.be\/es\/produit\/marcador-de-judo-cjm\/\",\"name\":\"Expositor de judo CJM, marca Stramatel 1500 x 600 x 90 mm | Daisho\",\"isPartOf\":{\"@id\":\"https:\/\/www.daisho.be\/es\/#website\"},\"primaryImageOfPage\":{\"@id\":\"https:\/\/www.daisho.be\/es\/produit\/marcador-de-judo-cjm\/#primaryimage\"},\"image\":{\"@id\":\"https:\/\/www.daisho.be\/es\/produit\/marcador-de-judo-cjm\/#primaryimage\"},\"thumbnailUrl\":\"https:\/\/www.daisho.be\/wp-content\/uploads\/2024\/06\/image-15.png\",\"datePublished\":\"2019-09-18T20:38:28+00:00\",\"dateModified\":\"2025-11-20T12:57:38+00:00\",\"description\":\"Pantalla de judo Stramatel CJM para competici\u00f3n de nivel intermedio. Pida su equipo de judo en l\u00ednea en nuestra tienda en l\u00ednea.\",\"breadcrumb\":{\"@id\":\"https:\/\/www.daisho.be\/es\/produit\/marcador-de-judo-cjm\/#breadcrumb\"},\"inLanguage\":\"es\",\"potentialAction\":[{\"@type\":\"ReadAction\",\"target\":[\"https:\/\/www.daisho.be\/es\/produit\/marcador-de-judo-cjm\/\"]}]},{\"@type\":\"ImageObject\",\"inLanguage\":\"es\",\"@id\":\"https:\/\/www.daisho.be\/es\/produit\/marcador-de-judo-cjm\/#primaryimage\",\"url\":\"https:\/\/www.daisho.be\/wp-content\/uploads\/2024\/06\/image-15.png\",\"contentUrl\":\"https:\/\/www.daisho.be\/wp-content\/uploads\/2024\/06\/image-15.png\",\"width\":1772,\"height\":709,\"caption\":\"Pantalla de judo CJM-1\"},{\"@type\":\"BreadcrumbList\",\"@id\":\"https:\/\/www.daisho.be\/es\/produit\/marcador-de-judo-cjm\/#breadcrumb\",\"itemListElement\":[{\"@type\":\"ListItem\",\"position\":1,\"name\":\"Accueil\",\"item\":\"https:\/\/www.daisho.be\/es\/\"},{\"@type\":\"ListItem\",\"position\":2,\"name\":\"Productos\",\"item\":\"https:\/\/www.daisho.be\/es\/productos\/\"},{\"@type\":\"ListItem\",\"position\":3,\"name\":\"Deportes de combate\",\"item\":\"https:\/\/www.daisho.be\/es\/categorie-produit\/deportes-de-combate\/\"},{\"@type\":\"ListItem\",\"position\":4,\"name\":\"Exposiciones (concurso)\",\"item\":\"https:\/\/www.daisho.be\/es\/categorie-produit\/deportes-de-combate\/exposiciones-concurso\/\"},{\"@type\":\"ListItem\",\"position\":5,\"name\":\"Marcador de Judo CJM\"}]},{\"@type\":\"WebSite\",\"@id\":\"https:\/\/www.daisho.be\/es\/#website\",\"url\":\"https:\/\/www.daisho.be\/es\/\",\"name\":\"Daisho\",\"description\":\"Sp&eacute;cialiste de l'&eacute;quipement sportif d'arts martiaux\",\"publisher\":{\"@id\":\"https:\/\/www.daisho.be\/es\/#organization\"},\"potentialAction\":[{\"@type\":\"SearchAction\",\"target\":{\"@type\":\"EntryPoint\",\"urlTemplate\":\"https:\/\/www.daisho.be\/es\/?s={search_term_string}\"},\"query-input\":{\"@type\":\"PropertyValueSpecification\",\"valueRequired\":true,\"valueName\":\"search_term_string\"}}],\"inLanguage\":\"es\"},{\"@type\":\"Organization\",\"@id\":\"https:\/\/www.daisho.be\/es\/#organization\",\"name\":\"Daisho\",\"url\":\"https:\/\/www.daisho.be\/es\/\",\"logo\":{\"@type\":\"ImageObject\",\"inLanguage\":\"es\",\"@id\":\"https:\/\/www.daisho.be\/es\/#\/schema\/logo\/image\/\",\"url\":\"https:\/\/www.daisho.be\/wp-content\/uploads\/2019\/07\/color-nothing-horizontale4x-e1564486100247.png\",\"contentUrl\":\"https:\/\/www.daisho.be\/wp-content\/uploads\/2019\/07\/color-nothing-horizontale4x-e1564486100247.png\",\"width\":1547,\"height\":385,\"caption\":\"Daisho\"},\"image\":{\"@id\":\"https:\/\/www.daisho.be\/es\/#\/schema\/logo\/image\/\"}}]}<\/script>\n<!-- \/ Yoast SEO plugin. -->","yoast_head_json":{"title":"Expositor de judo CJM, marca Stramatel 1500 x 600 x 90 mm | Daisho","description":"Pantalla de judo Stramatel CJM para competici\u00f3n de nivel intermedio. Pida su equipo de judo en l\u00ednea en nuestra tienda en l\u00ednea.","robots":{"index":"index","follow":"follow","max-snippet":"max-snippet:-1","max-image-preview":"max-image-preview:large","max-video-preview":"max-video-preview:-1"},"canonical":"https:\/\/www.daisho.be\/es\/produit\/marcador-de-judo-cjm\/","og_locale":"es_ES","og_type":"article","og_title":"Expositor de judo CJM, marca Stramatel 1500 x 600 x 90 mm | Daisho","og_description":"Pantalla de judo Stramatel CJM para competici\u00f3n de nivel intermedio. Pida su equipo de judo en l\u00ednea en nuestra tienda en l\u00ednea.","og_url":"https:\/\/www.daisho.be\/es\/produit\/marcador-de-judo-cjm\/","og_site_name":"Daisho","article_modified_time":"2025-11-20T12:57:38+00:00","og_image":[{"width":1772,"height":709,"url":"https:\/\/www.daisho.be\/wp-content\/uploads\/2024\/06\/image-15.png","type":"image\/png"}],"twitter_card":"summary_large_image","twitter_misc":{"Tiempo de lectura":"1 minuto"},"schema":{"@context":"https:\/\/schema.org","@graph":[{"@type":"WebPage","@id":"https:\/\/www.daisho.be\/es\/produit\/marcador-de-judo-cjm\/","url":"https:\/\/www.daisho.be\/es\/produit\/marcador-de-judo-cjm\/","name":"Expositor de judo CJM, marca Stramatel 1500 x 600 x 90 mm | Daisho","isPartOf":{"@id":"https:\/\/www.daisho.be\/es\/#website"},"primaryImageOfPage":{"@id":"https:\/\/www.daisho.be\/es\/produit\/marcador-de-judo-cjm\/#primaryimage"},"image":{"@id":"https:\/\/www.daisho.be\/es\/produit\/marcador-de-judo-cjm\/#primaryimage"},"thumbnailUrl":"https:\/\/www.daisho.be\/wp-content\/uploads\/2024\/06\/image-15.png","datePublished":"2019-09-18T20:38:28+00:00","dateModified":"2025-11-20T12:57:38+00:00","description":"Pantalla de judo Stramatel CJM para competici\u00f3n de nivel intermedio. Pida su equipo de judo en l\u00ednea en nuestra tienda en l\u00ednea.","breadcrumb":{"@id":"https:\/\/www.daisho.be\/es\/produit\/marcador-de-judo-cjm\/#breadcrumb"},"inLanguage":"es","potentialAction":[{"@type":"ReadAction","target":["https:\/\/www.daisho.be\/es\/produit\/marcador-de-judo-cjm\/"]}]},{"@type":"ImageObject","inLanguage":"es","@id":"https:\/\/www.daisho.be\/es\/produit\/marcador-de-judo-cjm\/#primaryimage","url":"https:\/\/www.daisho.be\/wp-content\/uploads\/2024\/06\/image-15.png","contentUrl":"https:\/\/www.daisho.be\/wp-content\/uploads\/2024\/06\/image-15.png","width":1772,"height":709,"caption":"Pantalla de judo CJM-1"},{"@type":"BreadcrumbList","@id":"https:\/\/www.daisho.be\/es\/produit\/marcador-de-judo-cjm\/#breadcrumb","itemListElement":[{"@type":"ListItem","position":1,"name":"Accueil","item":"https:\/\/www.daisho.be\/es\/"},{"@type":"ListItem","position":2,"name":"Productos","item":"https:\/\/www.daisho.be\/es\/productos\/"},{"@type":"ListItem","position":3,"name":"Deportes de combate","item":"https:\/\/www.daisho.be\/es\/categorie-produit\/deportes-de-combate\/"},{"@type":"ListItem","position":4,"name":"Exposiciones (concurso)","item":"https:\/\/www.daisho.be\/es\/categorie-produit\/deportes-de-combate\/exposiciones-concurso\/"},{"@type":"ListItem","position":5,"name":"Marcador de Judo CJM"}]},{"@type":"WebSite","@id":"https:\/\/www.daisho.be\/es\/#website","url":"https:\/\/www.daisho.be\/es\/","name":"Daisho","description":"Sp&eacute;cialiste de l'&eacute;quipement sportif d'arts martiaux","publisher":{"@id":"https:\/\/www.daisho.be\/es\/#organization"},"potentialAction":[{"@type":"SearchAction","target":{"@type":"EntryPoint","urlTemplate":"https:\/\/www.daisho.be\/es\/?s={search_term_string}"},"query-input":{"@type":"PropertyValueSpecification","valueRequired":true,"valueName":"search_term_string"}}],"inLanguage":"es"},{"@type":"Organization","@id":"https:\/\/www.daisho.be\/es\/#organization","name":"Daisho","url":"https:\/\/www.daisho.be\/es\/","logo":{"@type":"ImageObject","inLanguage":"es","@id":"https:\/\/www.daisho.be\/es\/#\/schema\/logo\/image\/","url":"https:\/\/www.daisho.be\/wp-content\/uploads\/2019\/07\/color-nothing-horizontale4x-e1564486100247.png","contentUrl":"https:\/\/www.daisho.be\/wp-content\/uploads\/2019\/07\/color-nothing-horizontale4x-e1564486100247.png","width":1547,"height":385,"caption":"Daisho"},"image":{"@id":"https:\/\/www.daisho.be\/es\/#\/schema\/logo\/image\/"}}]}},"_links":{"self":[{"href":"https:\/\/www.daisho.be\/es\/wp-json\/wp\/v2\/product\/345708","targetHints":{"allow":["GET"]}}],"collection":[{"href":"https:\/\/www.daisho.be\/es\/wp-json\/wp\/v2\/product"}],"about":[{"href":"https:\/\/www.daisho.be\/es\/wp-json\/wp\/v2\/types\/product"}],"replies":[{"embeddable":true,"href":"https:\/\/www.daisho.be\/es\/wp-json\/wp\/v2\/comments?post=345708"}],"wp:featuredmedia":[{"embeddable":true,"href":"https:\/\/www.daisho.be\/es\/wp-json\/wp\/v2\/media\/419440"}],"wp:attachment":[{"href":"https:\/\/www.daisho.be\/es\/wp-json\/wp\/v2\/media?parent=345708"}],"wp:term":[{"taxonomy":"product_brand","embeddable":true,"href":"https:\/\/www.daisho.be\/es\/wp-json\/wp\/v2\/product_brand?post=345708"},{"taxonomy":"product_cat","embeddable":true,"href":"https:\/\/www.daisho.be\/es\/wp-json\/wp\/v2\/product_cat?post=345708"},{"taxonomy":"product_tag","embeddable":true,"href":"https:\/\/www.daisho.be\/es\/wp-json\/wp\/v2\/product_tag?post=345708"},{"taxonomy":"sport","embeddable":true,"href":"https:\/\/www.daisho.be\/es\/wp-json\/wp\/v2\/sport?post=345708"}],"curies":[{"name":"wp","href":"https:\/\/api.w.org\/{rel}","templated":true}]}}