{"id":345671,"date":"2019-09-18T22:38:03","date_gmt":"2019-09-18T20:38:03","guid":{"rendered":"https:\/\/www.daisho.be\/produit\/exhibicion-de-boxeo-cbf\/"},"modified":"2025-10-09T13:53:41","modified_gmt":"2025-10-09T11:53:41","slug":"exhibicion-de-boxeo-cbf","status":"publish","type":"product","link":"https:\/\/www.daisho.be\/es\/produit\/exhibicion-de-boxeo-cbf\/","title":{"rendered":"Exhibici\u00f3n de boxeo CBF"},"content":{"rendered":"<p>Composici\u00f3n:<br \/>\n1 tabl\u00f3n de anuncios<br \/>\n1 consola de control<br \/>\n5 paneles de control Jueces<br \/>\n2 fundas de transporte<br \/>\n1 cable de alimentaci\u00f3n (50 m)<br \/>\n1 caja de conexiones<br \/>\n2 cables de transmisi\u00f3n (10 m y 50 m)<br \/>\nInstrucciones de uso<br \/>\nDescripci\u00f3n t\u00e9cnica :<br \/>\nUso : Interior<br \/>\nTransmisi\u00f3n: cable<br \/>\nLegibilidad: 60 m, \u00e1ngulo  &gt;160\u00b0<br \/>\nDimensiones: 1800 x 800 x 90 mm<br \/>\nPeso: 27 kg<br \/>\nAlimentaci\u00f3n: 230 V\/60Hz Consumo: 140 VA<br \/>\nProtecci\u00f3n: Panel frontal de policarbonato mate irrompible<br \/>\nBocina incorporada: 116 dB a 1 m<br \/>\nFunciones de visualizaci\u00f3n :<br \/>\nC\u00f3digo de pa\u00eds: 2 x 3 caracteres LED amarillos (16 cm)<br \/>\nPuntuaci\u00f3n: 2 x 2 d\u00edgitos LED rojos (16 cm)<br \/>\nIdentificaci\u00f3n del equipo : Pegatinas azules y rojas<br \/>\nN\u00famero de torre: 1 n\u00famero LED amarillo (16 cm)<br \/>\nTemporizador (rebotes y pausa): 3 d\u00edgitos LED rojos (16 cm) + 2 puntos intermitentes<br \/>\nAdvertencia (Av): 2 x 1 d\u00edgitos amarillos (16 cm)<br \/>\nConsolas de control:<br \/>\n1 consola: (340 x 175 x 60 mm) con pantalla LCD retroiluminada con 2 canales de 20 caracteres (9 mm de altura)<br \/>\n5 consolas: (145 x 150 x 40 mm)<br \/>\nPrograma: Cumple las normas de la Federaci\u00f3n Internacional de Boxeo:<br \/>\nSe\u00f1al ac\u00fastica: Zumbador autom\u00e1tico al final de un tiempo programado (temporizador, tiempo de descanso, pr\u00f3rroga).<br \/>\nPrograma multiling\u00fce<br \/>\nOpciones :<br \/>\nRepetidor: Ampliable con un repetidor esclavo CBF<\/p>\n","protected":false},"excerpt":{"rendered":"<p>Composici\u00f3n: 1 tabl\u00f3n de anuncios 1 consola de control 5 paneles de control Jueces 2 fundas de transporte 1 cable de alimentaci\u00f3n (50 m) 1 caja de conexiones 2 cables de transmisi\u00f3n (10 m y 50 m) Instrucciones de uso Descripci\u00f3n t\u00e9cnica : Uso : Interior Transmisi\u00f3n: cable Legibilidad: 60 m, \u00e1ngulo &gt;160\u00b0 Dimensiones: 1800 [&hellip;]<\/p>\n","protected":false},"featured_media":524414,"comment_status":"closed","ping_status":"closed","template":"","meta":{"inline_featured_image":false},"product_brand":[],"product_cat":[1431],"product_tag":[1429],"sport":[446],"class_list":{"0":"post-345671","1":"product","2":"type-product","3":"status-publish","4":"has-post-thumbnail","6":"product_cat-exposiciones-concurso","7":"product_tag-stramatel-es","8":"pa_size-sans-taille","9":"sport-boxe","11":"first","12":"instock","13":"taxable","14":"shipping-taxable","15":"purchasable","16":"product-type-simple"},"yoast_head":"<!-- This site is optimized with the Yoast SEO plugin v27.2 - https:\/\/yoast.com\/product\/yoast-seo-wordpress\/ -->\n<title>Exhibici\u00f3n de boxeo CBF &#8211; Daisho<\/title>\n<meta name=\"description\" content=\"Descubre la pantalla de red CBF para tus competiciones de boxeo. C\u00f3mpralo ahora en nuestra web www.daisho.be|Daisho\" \/>\n<meta name=\"robots\" content=\"index, follow, max-snippet:-1, max-image-preview:large, max-video-preview:-1\" \/>\n<link rel=\"canonical\" href=\"https:\/\/www.daisho.be\/es\/produit\/exhibicion-de-boxeo-cbf\/\" \/>\n<meta property=\"og:locale\" content=\"es_ES\" \/>\n<meta property=\"og:type\" content=\"article\" \/>\n<meta property=\"og:title\" content=\"Exhibici\u00f3n de boxeo CBF &#8211; Daisho\" \/>\n<meta property=\"og:description\" content=\"Descubre la pantalla de red CBF para tus competiciones de boxeo. C\u00f3mpralo ahora en nuestra web www.daisho.be|Daisho\" \/>\n<meta property=\"og:url\" content=\"https:\/\/www.daisho.be\/es\/produit\/exhibicion-de-boxeo-cbf\/\" \/>\n<meta property=\"og:site_name\" content=\"Daisho\" \/>\n<meta property=\"article:modified_time\" content=\"2025-10-09T11:53:41+00:00\" \/>\n<meta property=\"og:image\" content=\"https:\/\/www.daisho.be\/wp-content\/uploads\/2025\/06\/image-9.png\" \/>\n\t<meta property=\"og:image:width\" content=\"512\" \/>\n\t<meta property=\"og:image:height\" content=\"131\" \/>\n\t<meta property=\"og:image:type\" content=\"image\/png\" \/>\n<meta name=\"twitter:card\" content=\"summary_large_image\" \/>\n<meta name=\"twitter:label1\" content=\"Tiempo de lectura\" \/>\n\t<meta name=\"twitter:data1\" content=\"1 minuto\" \/>\n<script type=\"application\/ld+json\" class=\"yoast-schema-graph\">{\"@context\":\"https:\/\/schema.org\",\"@graph\":[{\"@type\":\"WebPage\",\"@id\":\"https:\/\/www.daisho.be\/es\/produit\/exhibicion-de-boxeo-cbf\/\",\"url\":\"https:\/\/www.daisho.be\/es\/produit\/exhibicion-de-boxeo-cbf\/\",\"name\":\"Exhibici\u00f3n de boxeo CBF &#8211; Daisho\",\"isPartOf\":{\"@id\":\"https:\/\/www.daisho.be\/es\/#website\"},\"primaryImageOfPage\":{\"@id\":\"https:\/\/www.daisho.be\/es\/produit\/exhibicion-de-boxeo-cbf\/#primaryimage\"},\"image\":{\"@id\":\"https:\/\/www.daisho.be\/es\/produit\/exhibicion-de-boxeo-cbf\/#primaryimage\"},\"thumbnailUrl\":\"https:\/\/www.daisho.be\/wp-content\/uploads\/2025\/06\/image-9.png\",\"datePublished\":\"2019-09-18T20:38:03+00:00\",\"dateModified\":\"2025-10-09T11:53:41+00:00\",\"description\":\"Descubre la pantalla de red CBF para tus competiciones de boxeo. C\u00f3mpralo ahora en nuestra web www.daisho.be|Daisho\",\"breadcrumb\":{\"@id\":\"https:\/\/www.daisho.be\/es\/produit\/exhibicion-de-boxeo-cbf\/#breadcrumb\"},\"inLanguage\":\"es\",\"potentialAction\":[{\"@type\":\"ReadAction\",\"target\":[\"https:\/\/www.daisho.be\/es\/produit\/exhibicion-de-boxeo-cbf\/\"]}]},{\"@type\":\"ImageObject\",\"inLanguage\":\"es\",\"@id\":\"https:\/\/www.daisho.be\/es\/produit\/exhibicion-de-boxeo-cbf\/#primaryimage\",\"url\":\"https:\/\/www.daisho.be\/wp-content\/uploads\/2025\/06\/image-9.png\",\"contentUrl\":\"https:\/\/www.daisho.be\/wp-content\/uploads\/2025\/06\/image-9.png\",\"width\":512,\"height\":131,\"caption\":\"Pantalla de boxeo CBF-1\"},{\"@type\":\"BreadcrumbList\",\"@id\":\"https:\/\/www.daisho.be\/es\/produit\/exhibicion-de-boxeo-cbf\/#breadcrumb\",\"itemListElement\":[{\"@type\":\"ListItem\",\"position\":1,\"name\":\"Accueil\",\"item\":\"https:\/\/www.daisho.be\/es\/\"},{\"@type\":\"ListItem\",\"position\":2,\"name\":\"Productos\",\"item\":\"https:\/\/www.daisho.be\/es\/productos\/\"},{\"@type\":\"ListItem\",\"position\":3,\"name\":\"Deportes de combate\",\"item\":\"https:\/\/www.daisho.be\/es\/categorie-produit\/deportes-de-combate\/\"},{\"@type\":\"ListItem\",\"position\":4,\"name\":\"Exposiciones (concurso)\",\"item\":\"https:\/\/www.daisho.be\/es\/categorie-produit\/deportes-de-combate\/exposiciones-concurso\/\"},{\"@type\":\"ListItem\",\"position\":5,\"name\":\"Exhibici\u00f3n de boxeo CBF\"}]},{\"@type\":\"WebSite\",\"@id\":\"https:\/\/www.daisho.be\/es\/#website\",\"url\":\"https:\/\/www.daisho.be\/es\/\",\"name\":\"Daisho\",\"description\":\"Sp&eacute;cialiste de l'&eacute;quipement sportif d'arts martiaux\",\"publisher\":{\"@id\":\"https:\/\/www.daisho.be\/es\/#organization\"},\"potentialAction\":[{\"@type\":\"SearchAction\",\"target\":{\"@type\":\"EntryPoint\",\"urlTemplate\":\"https:\/\/www.daisho.be\/es\/?s={search_term_string}\"},\"query-input\":{\"@type\":\"PropertyValueSpecification\",\"valueRequired\":true,\"valueName\":\"search_term_string\"}}],\"inLanguage\":\"es\"},{\"@type\":\"Organization\",\"@id\":\"https:\/\/www.daisho.be\/es\/#organization\",\"name\":\"Daisho\",\"url\":\"https:\/\/www.daisho.be\/es\/\",\"logo\":{\"@type\":\"ImageObject\",\"inLanguage\":\"es\",\"@id\":\"https:\/\/www.daisho.be\/es\/#\/schema\/logo\/image\/\",\"url\":\"https:\/\/www.daisho.be\/wp-content\/uploads\/2019\/07\/color-nothing-horizontale4x-e1564486100247.png\",\"contentUrl\":\"https:\/\/www.daisho.be\/wp-content\/uploads\/2019\/07\/color-nothing-horizontale4x-e1564486100247.png\",\"width\":1547,\"height\":385,\"caption\":\"Daisho\"},\"image\":{\"@id\":\"https:\/\/www.daisho.be\/es\/#\/schema\/logo\/image\/\"}}]}<\/script>\n<!-- \/ Yoast SEO plugin. -->","yoast_head_json":{"title":"Exhibici\u00f3n de boxeo CBF &#8211; Daisho","description":"Descubre la pantalla de red CBF para tus competiciones de boxeo. C\u00f3mpralo ahora en nuestra web www.daisho.be|Daisho","robots":{"index":"index","follow":"follow","max-snippet":"max-snippet:-1","max-image-preview":"max-image-preview:large","max-video-preview":"max-video-preview:-1"},"canonical":"https:\/\/www.daisho.be\/es\/produit\/exhibicion-de-boxeo-cbf\/","og_locale":"es_ES","og_type":"article","og_title":"Exhibici\u00f3n de boxeo CBF &#8211; Daisho","og_description":"Descubre la pantalla de red CBF para tus competiciones de boxeo. C\u00f3mpralo ahora en nuestra web www.daisho.be|Daisho","og_url":"https:\/\/www.daisho.be\/es\/produit\/exhibicion-de-boxeo-cbf\/","og_site_name":"Daisho","article_modified_time":"2025-10-09T11:53:41+00:00","og_image":[{"width":512,"height":131,"url":"https:\/\/www.daisho.be\/wp-content\/uploads\/2025\/06\/image-9.png","type":"image\/png"}],"twitter_card":"summary_large_image","twitter_misc":{"Tiempo de lectura":"1 minuto"},"schema":{"@context":"https:\/\/schema.org","@graph":[{"@type":"WebPage","@id":"https:\/\/www.daisho.be\/es\/produit\/exhibicion-de-boxeo-cbf\/","url":"https:\/\/www.daisho.be\/es\/produit\/exhibicion-de-boxeo-cbf\/","name":"Exhibici\u00f3n de boxeo CBF &#8211; Daisho","isPartOf":{"@id":"https:\/\/www.daisho.be\/es\/#website"},"primaryImageOfPage":{"@id":"https:\/\/www.daisho.be\/es\/produit\/exhibicion-de-boxeo-cbf\/#primaryimage"},"image":{"@id":"https:\/\/www.daisho.be\/es\/produit\/exhibicion-de-boxeo-cbf\/#primaryimage"},"thumbnailUrl":"https:\/\/www.daisho.be\/wp-content\/uploads\/2025\/06\/image-9.png","datePublished":"2019-09-18T20:38:03+00:00","dateModified":"2025-10-09T11:53:41+00:00","description":"Descubre la pantalla de red CBF para tus competiciones de boxeo. C\u00f3mpralo ahora en nuestra web www.daisho.be|Daisho","breadcrumb":{"@id":"https:\/\/www.daisho.be\/es\/produit\/exhibicion-de-boxeo-cbf\/#breadcrumb"},"inLanguage":"es","potentialAction":[{"@type":"ReadAction","target":["https:\/\/www.daisho.be\/es\/produit\/exhibicion-de-boxeo-cbf\/"]}]},{"@type":"ImageObject","inLanguage":"es","@id":"https:\/\/www.daisho.be\/es\/produit\/exhibicion-de-boxeo-cbf\/#primaryimage","url":"https:\/\/www.daisho.be\/wp-content\/uploads\/2025\/06\/image-9.png","contentUrl":"https:\/\/www.daisho.be\/wp-content\/uploads\/2025\/06\/image-9.png","width":512,"height":131,"caption":"Pantalla de boxeo CBF-1"},{"@type":"BreadcrumbList","@id":"https:\/\/www.daisho.be\/es\/produit\/exhibicion-de-boxeo-cbf\/#breadcrumb","itemListElement":[{"@type":"ListItem","position":1,"name":"Accueil","item":"https:\/\/www.daisho.be\/es\/"},{"@type":"ListItem","position":2,"name":"Productos","item":"https:\/\/www.daisho.be\/es\/productos\/"},{"@type":"ListItem","position":3,"name":"Deportes de combate","item":"https:\/\/www.daisho.be\/es\/categorie-produit\/deportes-de-combate\/"},{"@type":"ListItem","position":4,"name":"Exposiciones (concurso)","item":"https:\/\/www.daisho.be\/es\/categorie-produit\/deportes-de-combate\/exposiciones-concurso\/"},{"@type":"ListItem","position":5,"name":"Exhibici\u00f3n de boxeo CBF"}]},{"@type":"WebSite","@id":"https:\/\/www.daisho.be\/es\/#website","url":"https:\/\/www.daisho.be\/es\/","name":"Daisho","description":"Sp&eacute;cialiste de l'&eacute;quipement sportif d'arts martiaux","publisher":{"@id":"https:\/\/www.daisho.be\/es\/#organization"},"potentialAction":[{"@type":"SearchAction","target":{"@type":"EntryPoint","urlTemplate":"https:\/\/www.daisho.be\/es\/?s={search_term_string}"},"query-input":{"@type":"PropertyValueSpecification","valueRequired":true,"valueName":"search_term_string"}}],"inLanguage":"es"},{"@type":"Organization","@id":"https:\/\/www.daisho.be\/es\/#organization","name":"Daisho","url":"https:\/\/www.daisho.be\/es\/","logo":{"@type":"ImageObject","inLanguage":"es","@id":"https:\/\/www.daisho.be\/es\/#\/schema\/logo\/image\/","url":"https:\/\/www.daisho.be\/wp-content\/uploads\/2019\/07\/color-nothing-horizontale4x-e1564486100247.png","contentUrl":"https:\/\/www.daisho.be\/wp-content\/uploads\/2019\/07\/color-nothing-horizontale4x-e1564486100247.png","width":1547,"height":385,"caption":"Daisho"},"image":{"@id":"https:\/\/www.daisho.be\/es\/#\/schema\/logo\/image\/"}}]}},"_links":{"self":[{"href":"https:\/\/www.daisho.be\/es\/wp-json\/wp\/v2\/product\/345671","targetHints":{"allow":["GET"]}}],"collection":[{"href":"https:\/\/www.daisho.be\/es\/wp-json\/wp\/v2\/product"}],"about":[{"href":"https:\/\/www.daisho.be\/es\/wp-json\/wp\/v2\/types\/product"}],"replies":[{"embeddable":true,"href":"https:\/\/www.daisho.be\/es\/wp-json\/wp\/v2\/comments?post=345671"}],"wp:featuredmedia":[{"embeddable":true,"href":"https:\/\/www.daisho.be\/es\/wp-json\/wp\/v2\/media\/524414"}],"wp:attachment":[{"href":"https:\/\/www.daisho.be\/es\/wp-json\/wp\/v2\/media?parent=345671"}],"wp:term":[{"taxonomy":"product_brand","embeddable":true,"href":"https:\/\/www.daisho.be\/es\/wp-json\/wp\/v2\/product_brand?post=345671"},{"taxonomy":"product_cat","embeddable":true,"href":"https:\/\/www.daisho.be\/es\/wp-json\/wp\/v2\/product_cat?post=345671"},{"taxonomy":"product_tag","embeddable":true,"href":"https:\/\/www.daisho.be\/es\/wp-json\/wp\/v2\/product_tag?post=345671"},{"taxonomy":"sport","embeddable":true,"href":"https:\/\/www.daisho.be\/es\/wp-json\/wp\/v2\/sport?post=345671"}],"curies":[{"name":"wp","href":"https:\/\/api.w.org\/{rel}","templated":true}]}}