{"id":345169,"date":"2019-09-18T22:39:10","date_gmt":"2019-09-18T20:39:10","guid":{"rendered":"https:\/\/www.daisho.be\/produit\/pantalla-de-lucha-l-topb\/"},"modified":"2026-03-31T15:39:24","modified_gmt":"2026-03-31T13:39:24","slug":"pantalla-de-lucha-l-topb","status":"publish","type":"product","link":"https:\/\/www.daisho.be\/es\/produit\/pantalla-de-lucha-l-topb\/","title":{"rendered":"Pantalla de lucha L-TOPB"},"content":{"rendered":"<p>El marcador L-TOPB est\u00e1 especialmente dise\u00f1ado para luchadores.<\/p>\n<p>Composici\u00f3n:<\/p>\n<p>&#8211;<br \/>\n1 expositor port\u00e1til con consola retr\u00e1ctil<\/p>\n<p>&#8211;<br \/>\n1<br \/>\ncargador<\/p>\n<p>&#8211;<br \/>\nManual de instrucciones<\/p>\n<p>Descripci\u00f3n :<\/p>\n<p>Uso : Interior Transmisi\u00f3n : Directa<\/p>\n<p>Legibilidad:<br \/>\n35 m, \u00e1ngulo &gt;160\u00b0.<\/p>\n<p>Dimensiones: 730 x 370 x 110 mm<\/p>\n<p>Peso : 5,5 kg<\/p>\n<p>Fuente de alimentaci\u00f3n: 2 bater\u00edas internas de plomo-\u00e1cido de 6 V y 4,5 Ah<br \/>\n(aprox. 20 horas de funcionamiento).<\/p>\n<p>Protecci\u00f3n: Panel frontal de policarbonato antirreflejos negro mate<br \/>\nirrompible (DIN 18032-3)<\/p>\n<p>Bocina integrada: 86 dB a 1 m<\/p>\n<p>Funciones de la pantalla<\/p>\n<p>Puntuaci\u00f3n: 2 x 2<br \/>\nD\u00edgitos LED (9 cm)<\/p>\n<p>Indicaci\u00f3n de<br \/>\nluchadores: pegatinas azules y rojas<\/p>\n<p>N\u00famero de per\u00edodo: LED de 1 d\u00edgito (9 cm)<\/p>\n<p>Ganador del periodo<br \/>\n(V): 1 flecha LED azul + 1 flecha LED roja<\/p>\n<p>Cron\u00f3metro: 3<br \/>\nd\u00edgitos LED rojos (9 cm) + 2 puntos intermitentes<\/p>\n<p>Advertencia (Av): 2 x 3 puntos amarillos<\/p>\n<p>Escritorio :<\/p>\n<p>1 consola integrada:<br \/>\n(340 x 175 x 60 mm) con pantalla LCD de 2 l\u00edneas y 20 caracteres (9 mm)<\/p>\n<p>Puerto USB: Para actualizar programas<\/p>\n<p>Programa: Seg\u00fan las normas de la FILA<\/p>\n<p>Bocina:<br \/>\nautom\u00e1tica al final del tiempo del programa (tiempo de lucha, tiempo de descanso, tiempo extra,<br \/>\npasividad).<\/p>\n<p>Opciones :<\/p>\n<p>&#8211;<br \/>\nRepetidor L-Top:.<\/p>\n<p>&#8211;<\/p>\n<p> malet\u00edn de almacenamiento y transporte<\/p>\n","protected":false},"excerpt":{"rendered":"<p>El marcador L-TOPB est\u00e1 especialmente dise\u00f1ado para luchadores. Composici\u00f3n: &#8211; 1 expositor port\u00e1til con consola retr\u00e1ctil &#8211; 1 cargador &#8211; Manual de instrucciones Descripci\u00f3n : Uso : Interior Transmisi\u00f3n : Directa Legibilidad: 35 m, \u00e1ngulo &gt;160\u00b0. Dimensiones: 730 x 370 x 110 mm Peso : 5,5 kg Fuente de alimentaci\u00f3n: 2 bater\u00edas internas de plomo-\u00e1cido [&hellip;]<\/p>\n","protected":false},"featured_media":470506,"comment_status":"open","ping_status":"closed","template":"","meta":{"inline_featured_image":false},"product_brand":[],"product_cat":[1475,1431],"product_tag":[1429],"sport":[],"class_list":{"0":"post-345169","1":"product","2":"type-product","3":"status-publish","4":"has-post-thumbnail","6":"product_cat-equipos-de-competicion","7":"product_cat-exposiciones-concurso","8":"product_tag-stramatel-es","9":"pa_size-sans-taille","11":"first","12":"instock","13":"taxable","14":"shipping-taxable","15":"purchasable","16":"product-type-simple"},"yoast_head":"<!-- This site is optimized with the Yoast SEO plugin v27.2 - https:\/\/yoast.com\/product\/yoast-seo-wordpress\/ -->\n<title>Pantalla de lucha L-TOPB &#8211; Daisho<\/title>\n<meta name=\"description\" content=\"Tablero de lucha L-TOPB: pantalla LED de alta visibilidad (35 m). Autonom\u00eda de 20 horas, certificado FILA. Robusto y preciso. Encu\u00e9ntralo en www.daisho.be|Daisho\" \/>\n<meta name=\"robots\" content=\"index, follow, max-snippet:-1, max-image-preview:large, max-video-preview:-1\" \/>\n<link rel=\"canonical\" href=\"https:\/\/www.daisho.be\/es\/produit\/pantalla-de-lucha-l-topb\/\" \/>\n<meta property=\"og:locale\" content=\"es_ES\" \/>\n<meta property=\"og:type\" content=\"article\" \/>\n<meta property=\"og:title\" content=\"Pantalla de lucha L-TOPB &#8211; Daisho\" \/>\n<meta property=\"og:description\" content=\"Tablero de lucha L-TOPB: pantalla LED de alta visibilidad (35 m). Autonom\u00eda de 20 horas, certificado FILA. Robusto y preciso. Encu\u00e9ntralo en www.daisho.be|Daisho\" \/>\n<meta property=\"og:url\" content=\"https:\/\/www.daisho.be\/es\/produit\/pantalla-de-lucha-l-topb\/\" \/>\n<meta property=\"og:site_name\" content=\"Daisho\" \/>\n<meta property=\"article:modified_time\" content=\"2026-03-31T13:39:24+00:00\" \/>\n<meta property=\"og:image\" content=\"https:\/\/www.daisho.be\/wp-content\/uploads\/2024\/12\/image-6.png\" \/>\n\t<meta property=\"og:image:width\" content=\"570\" \/>\n\t<meta property=\"og:image:height\" content=\"310\" \/>\n\t<meta property=\"og:image:type\" content=\"image\/png\" \/>\n<meta name=\"twitter:card\" content=\"summary_large_image\" \/>\n<meta name=\"twitter:label1\" content=\"Tiempo de lectura\" \/>\n\t<meta name=\"twitter:data1\" content=\"1 minuto\" \/>\n<script type=\"application\/ld+json\" class=\"yoast-schema-graph\">{\"@context\":\"https:\/\/schema.org\",\"@graph\":[{\"@type\":\"WebPage\",\"@id\":\"https:\/\/www.daisho.be\/es\/produit\/pantalla-de-lucha-l-topb\/\",\"url\":\"https:\/\/www.daisho.be\/es\/produit\/pantalla-de-lucha-l-topb\/\",\"name\":\"Pantalla de lucha L-TOPB &#8211; Daisho\",\"isPartOf\":{\"@id\":\"https:\/\/www.daisho.be\/es\/#website\"},\"primaryImageOfPage\":{\"@id\":\"https:\/\/www.daisho.be\/es\/produit\/pantalla-de-lucha-l-topb\/#primaryimage\"},\"image\":{\"@id\":\"https:\/\/www.daisho.be\/es\/produit\/pantalla-de-lucha-l-topb\/#primaryimage\"},\"thumbnailUrl\":\"https:\/\/www.daisho.be\/wp-content\/uploads\/2024\/12\/image-6.png\",\"datePublished\":\"2019-09-18T20:39:10+00:00\",\"dateModified\":\"2026-03-31T13:39:24+00:00\",\"description\":\"Tablero de lucha L-TOPB: pantalla LED de alta visibilidad (35 m). Autonom\u00eda de 20 horas, certificado FILA. Robusto y preciso. Encu\u00e9ntralo en www.daisho.be|Daisho\",\"breadcrumb\":{\"@id\":\"https:\/\/www.daisho.be\/es\/produit\/pantalla-de-lucha-l-topb\/#breadcrumb\"},\"inLanguage\":\"es\",\"potentialAction\":[{\"@type\":\"ReadAction\",\"target\":[\"https:\/\/www.daisho.be\/es\/produit\/pantalla-de-lucha-l-topb\/\"]}]},{\"@type\":\"ImageObject\",\"inLanguage\":\"es\",\"@id\":\"https:\/\/www.daisho.be\/es\/produit\/pantalla-de-lucha-l-topb\/#primaryimage\",\"url\":\"https:\/\/www.daisho.be\/wp-content\/uploads\/2024\/12\/image-6.png\",\"contentUrl\":\"https:\/\/www.daisho.be\/wp-content\/uploads\/2024\/12\/image-6.png\",\"width\":570,\"height\":310,\"caption\":\"Pantalla de lucha L-TOPB-1\"},{\"@type\":\"BreadcrumbList\",\"@id\":\"https:\/\/www.daisho.be\/es\/produit\/pantalla-de-lucha-l-topb\/#breadcrumb\",\"itemListElement\":[{\"@type\":\"ListItem\",\"position\":1,\"name\":\"Accueil\",\"item\":\"https:\/\/www.daisho.be\/es\/\"},{\"@type\":\"ListItem\",\"position\":2,\"name\":\"Productos\",\"item\":\"https:\/\/www.daisho.be\/es\/productos\/\"},{\"@type\":\"ListItem\",\"position\":3,\"name\":\"Deportes de combate\",\"item\":\"https:\/\/www.daisho.be\/es\/categorie-produit\/deportes-de-combate\/\"},{\"@type\":\"ListItem\",\"position\":4,\"name\":\"Equipos de competici\u00f3n\",\"item\":\"https:\/\/www.daisho.be\/es\/categorie-produit\/deportes-de-combate\/equipos-de-competicion\/\"},{\"@type\":\"ListItem\",\"position\":5,\"name\":\"Pantalla de lucha L-TOPB\"}]},{\"@type\":\"WebSite\",\"@id\":\"https:\/\/www.daisho.be\/es\/#website\",\"url\":\"https:\/\/www.daisho.be\/es\/\",\"name\":\"Daisho\",\"description\":\"Sp&eacute;cialiste de l'&eacute;quipement sportif d'arts martiaux\",\"publisher\":{\"@id\":\"https:\/\/www.daisho.be\/es\/#organization\"},\"potentialAction\":[{\"@type\":\"SearchAction\",\"target\":{\"@type\":\"EntryPoint\",\"urlTemplate\":\"https:\/\/www.daisho.be\/es\/?s={search_term_string}\"},\"query-input\":{\"@type\":\"PropertyValueSpecification\",\"valueRequired\":true,\"valueName\":\"search_term_string\"}}],\"inLanguage\":\"es\"},{\"@type\":\"Organization\",\"@id\":\"https:\/\/www.daisho.be\/es\/#organization\",\"name\":\"Daisho\",\"url\":\"https:\/\/www.daisho.be\/es\/\",\"logo\":{\"@type\":\"ImageObject\",\"inLanguage\":\"es\",\"@id\":\"https:\/\/www.daisho.be\/es\/#\/schema\/logo\/image\/\",\"url\":\"https:\/\/www.daisho.be\/wp-content\/uploads\/2019\/07\/color-nothing-horizontale4x-e1564486100247.png\",\"contentUrl\":\"https:\/\/www.daisho.be\/wp-content\/uploads\/2019\/07\/color-nothing-horizontale4x-e1564486100247.png\",\"width\":1547,\"height\":385,\"caption\":\"Daisho\"},\"image\":{\"@id\":\"https:\/\/www.daisho.be\/es\/#\/schema\/logo\/image\/\"}}]}<\/script>\n<!-- \/ Yoast SEO plugin. -->","yoast_head_json":{"title":"Pantalla de lucha L-TOPB &#8211; Daisho","description":"Tablero de lucha L-TOPB: pantalla LED de alta visibilidad (35 m). Autonom\u00eda de 20 horas, certificado FILA. Robusto y preciso. Encu\u00e9ntralo en www.daisho.be|Daisho","robots":{"index":"index","follow":"follow","max-snippet":"max-snippet:-1","max-image-preview":"max-image-preview:large","max-video-preview":"max-video-preview:-1"},"canonical":"https:\/\/www.daisho.be\/es\/produit\/pantalla-de-lucha-l-topb\/","og_locale":"es_ES","og_type":"article","og_title":"Pantalla de lucha L-TOPB &#8211; Daisho","og_description":"Tablero de lucha L-TOPB: pantalla LED de alta visibilidad (35 m). Autonom\u00eda de 20 horas, certificado FILA. Robusto y preciso. Encu\u00e9ntralo en www.daisho.be|Daisho","og_url":"https:\/\/www.daisho.be\/es\/produit\/pantalla-de-lucha-l-topb\/","og_site_name":"Daisho","article_modified_time":"2026-03-31T13:39:24+00:00","og_image":[{"width":570,"height":310,"url":"https:\/\/www.daisho.be\/wp-content\/uploads\/2024\/12\/image-6.png","type":"image\/png"}],"twitter_card":"summary_large_image","twitter_misc":{"Tiempo de lectura":"1 minuto"},"schema":{"@context":"https:\/\/schema.org","@graph":[{"@type":"WebPage","@id":"https:\/\/www.daisho.be\/es\/produit\/pantalla-de-lucha-l-topb\/","url":"https:\/\/www.daisho.be\/es\/produit\/pantalla-de-lucha-l-topb\/","name":"Pantalla de lucha L-TOPB &#8211; Daisho","isPartOf":{"@id":"https:\/\/www.daisho.be\/es\/#website"},"primaryImageOfPage":{"@id":"https:\/\/www.daisho.be\/es\/produit\/pantalla-de-lucha-l-topb\/#primaryimage"},"image":{"@id":"https:\/\/www.daisho.be\/es\/produit\/pantalla-de-lucha-l-topb\/#primaryimage"},"thumbnailUrl":"https:\/\/www.daisho.be\/wp-content\/uploads\/2024\/12\/image-6.png","datePublished":"2019-09-18T20:39:10+00:00","dateModified":"2026-03-31T13:39:24+00:00","description":"Tablero de lucha L-TOPB: pantalla LED de alta visibilidad (35 m). Autonom\u00eda de 20 horas, certificado FILA. Robusto y preciso. Encu\u00e9ntralo en www.daisho.be|Daisho","breadcrumb":{"@id":"https:\/\/www.daisho.be\/es\/produit\/pantalla-de-lucha-l-topb\/#breadcrumb"},"inLanguage":"es","potentialAction":[{"@type":"ReadAction","target":["https:\/\/www.daisho.be\/es\/produit\/pantalla-de-lucha-l-topb\/"]}]},{"@type":"ImageObject","inLanguage":"es","@id":"https:\/\/www.daisho.be\/es\/produit\/pantalla-de-lucha-l-topb\/#primaryimage","url":"https:\/\/www.daisho.be\/wp-content\/uploads\/2024\/12\/image-6.png","contentUrl":"https:\/\/www.daisho.be\/wp-content\/uploads\/2024\/12\/image-6.png","width":570,"height":310,"caption":"Pantalla de lucha L-TOPB-1"},{"@type":"BreadcrumbList","@id":"https:\/\/www.daisho.be\/es\/produit\/pantalla-de-lucha-l-topb\/#breadcrumb","itemListElement":[{"@type":"ListItem","position":1,"name":"Accueil","item":"https:\/\/www.daisho.be\/es\/"},{"@type":"ListItem","position":2,"name":"Productos","item":"https:\/\/www.daisho.be\/es\/productos\/"},{"@type":"ListItem","position":3,"name":"Deportes de combate","item":"https:\/\/www.daisho.be\/es\/categorie-produit\/deportes-de-combate\/"},{"@type":"ListItem","position":4,"name":"Equipos de competici\u00f3n","item":"https:\/\/www.daisho.be\/es\/categorie-produit\/deportes-de-combate\/equipos-de-competicion\/"},{"@type":"ListItem","position":5,"name":"Pantalla de lucha L-TOPB"}]},{"@type":"WebSite","@id":"https:\/\/www.daisho.be\/es\/#website","url":"https:\/\/www.daisho.be\/es\/","name":"Daisho","description":"Sp&eacute;cialiste de l'&eacute;quipement sportif d'arts martiaux","publisher":{"@id":"https:\/\/www.daisho.be\/es\/#organization"},"potentialAction":[{"@type":"SearchAction","target":{"@type":"EntryPoint","urlTemplate":"https:\/\/www.daisho.be\/es\/?s={search_term_string}"},"query-input":{"@type":"PropertyValueSpecification","valueRequired":true,"valueName":"search_term_string"}}],"inLanguage":"es"},{"@type":"Organization","@id":"https:\/\/www.daisho.be\/es\/#organization","name":"Daisho","url":"https:\/\/www.daisho.be\/es\/","logo":{"@type":"ImageObject","inLanguage":"es","@id":"https:\/\/www.daisho.be\/es\/#\/schema\/logo\/image\/","url":"https:\/\/www.daisho.be\/wp-content\/uploads\/2019\/07\/color-nothing-horizontale4x-e1564486100247.png","contentUrl":"https:\/\/www.daisho.be\/wp-content\/uploads\/2019\/07\/color-nothing-horizontale4x-e1564486100247.png","width":1547,"height":385,"caption":"Daisho"},"image":{"@id":"https:\/\/www.daisho.be\/es\/#\/schema\/logo\/image\/"}}]}},"_links":{"self":[{"href":"https:\/\/www.daisho.be\/es\/wp-json\/wp\/v2\/product\/345169","targetHints":{"allow":["GET"]}}],"collection":[{"href":"https:\/\/www.daisho.be\/es\/wp-json\/wp\/v2\/product"}],"about":[{"href":"https:\/\/www.daisho.be\/es\/wp-json\/wp\/v2\/types\/product"}],"replies":[{"embeddable":true,"href":"https:\/\/www.daisho.be\/es\/wp-json\/wp\/v2\/comments?post=345169"}],"wp:featuredmedia":[{"embeddable":true,"href":"https:\/\/www.daisho.be\/es\/wp-json\/wp\/v2\/media\/470506"}],"wp:attachment":[{"href":"https:\/\/www.daisho.be\/es\/wp-json\/wp\/v2\/media?parent=345169"}],"wp:term":[{"taxonomy":"product_brand","embeddable":true,"href":"https:\/\/www.daisho.be\/es\/wp-json\/wp\/v2\/product_brand?post=345169"},{"taxonomy":"product_cat","embeddable":true,"href":"https:\/\/www.daisho.be\/es\/wp-json\/wp\/v2\/product_cat?post=345169"},{"taxonomy":"product_tag","embeddable":true,"href":"https:\/\/www.daisho.be\/es\/wp-json\/wp\/v2\/product_tag?post=345169"},{"taxonomy":"sport","embeddable":true,"href":"https:\/\/www.daisho.be\/es\/wp-json\/wp\/v2\/sport?post=345169"}],"curies":[{"name":"wp","href":"https:\/\/api.w.org\/{rel}","templated":true}]}}