{"id":345157,"date":"2019-09-18T22:39:16","date_gmt":"2019-09-18T20:39:16","guid":{"rendered":"https:\/\/www.daisho.be\/produit\/l-tops-pantalla-de-lucha\/"},"modified":"2025-10-09T13:53:06","modified_gmt":"2025-10-09T11:53:06","slug":"l-tops-pantalla-de-lucha","status":"publish","type":"product","link":"https:\/\/www.daisho.be\/es\/produit\/l-tops-pantalla-de-lucha\/","title":{"rendered":"L-TOPS Pantalla de lucha"},"content":{"rendered":"<p>El marcador L-TOPS est\u00e1 especialmente dise\u00f1ado para luchadores.<br \/>\nComposici\u00f3n:<br \/>\n&#8211; 1 expositor port\u00e1til con consola retr\u00e1ctil<br \/>\n&#8211; 1 cargador<br \/>\n&#8211; Instrucciones de uso<br \/>\nDescripci\u00f3n :<br \/>\nUso : Interior Transmisi\u00f3n : Directa<br \/>\nLegibilidad: 35 m, \u00e1ngulo  &gt;160\u00b0<br \/>\nDimensiones: 730 x 370 x 110 mm<br \/>\nPeso : 5,5 kg<br \/>\nAlimentaci\u00f3n: 230 V (red el\u00e9ctrica)<br \/>\nProtecci\u00f3n: Panel frontal irrompible de policarbonato negro mate antideslumbrante (DIN 18032-3)<br \/>\nBocina integrada: 86 dB a 1 m<br \/>\nFunciones de la pantalla<br \/>\n  Puntuaci\u00f3n: 2 x 2 d\u00edgitos LED (9 cm)<br \/>\n  Identificaci\u00f3n del luchador: Pegatinas azules y rojas<br \/>\nN\u00famero de per\u00edodo: LED de 1 d\u00edgito (9 cm)<br \/>\n  Ganador del periodo (V): 1 flecha LED azul + 1 flecha LED roja<br \/>\n  Cron\u00f3metro: 3 d\u00edgitos LED rojos (9 cm) + 2 puntos intermitentes<br \/>\nAdvertencia (Av): 2 x 3 puntos amarillos<br \/>\nConsola:<br \/>\n 1 consola integrada: (340 x 175 x 60 mm) con pantalla LCD de 2 l\u00edneas y 20 caracteres (9 mm)<br \/>\nPuerto USB: Para actualizaciones del programa<br \/>\n Programa: Seg\u00fan normas FILA<br \/>\n Bocina: Autom\u00e1tica al final del tiempo del programa (tiempo de lucha, tiempo de descanso, tiempo extra, pasividad).<br \/>\nOpciones:<br \/>\n&#8211; Repetidor L-Top:.<br \/>\n&#8211; Malet\u00edn de almacenamiento y transporte<\/p>\n","protected":false},"excerpt":{"rendered":"<p>El marcador L-TOPS est\u00e1 especialmente dise\u00f1ado para luchadores. Composici\u00f3n: &#8211; 1 expositor port\u00e1til con consola retr\u00e1ctil &#8211; 1 cargador &#8211; Instrucciones de uso Descripci\u00f3n : Uso : Interior Transmisi\u00f3n : Directa Legibilidad: 35 m, \u00e1ngulo &gt;160\u00b0 Dimensiones: 730 x 370 x 110 mm Peso : 5,5 kg Alimentaci\u00f3n: 230 V (red el\u00e9ctrica) Protecci\u00f3n: Panel frontal [&hellip;]<\/p>\n","protected":false},"featured_media":470516,"comment_status":"open","ping_status":"closed","template":"","meta":{"inline_featured_image":false},"product_brand":[],"product_cat":[1431],"product_tag":[1429],"sport":[],"class_list":{"0":"post-345157","1":"product","2":"type-product","3":"status-publish","4":"has-post-thumbnail","6":"product_cat-exposiciones-concurso","7":"product_tag-stramatel-es","8":"pa_size-sans-taille","10":"first","11":"instock","12":"taxable","13":"shipping-taxable","14":"purchasable","15":"product-type-simple"},"yoast_head":"<!-- This site is optimized with the Yoast SEO plugin v27.2 - https:\/\/yoast.com\/product\/yoast-seo-wordpress\/ -->\n<title>L-TOPS Pantalla de lucha &#8211; Daisho<\/title>\n<meta name=\"description\" content=\"Descubre las pantallas de lucha port\u00e1tiles y alimentadas por red con atriles retr\u00e1ctiles para tus competiciones. C\u00f3mpralo en www.daisho.be|Daisho\" \/>\n<meta name=\"robots\" content=\"index, follow, max-snippet:-1, max-image-preview:large, max-video-preview:-1\" \/>\n<link rel=\"canonical\" href=\"https:\/\/www.daisho.be\/es\/produit\/l-tops-pantalla-de-lucha\/\" \/>\n<meta property=\"og:locale\" content=\"es_ES\" \/>\n<meta property=\"og:type\" content=\"article\" \/>\n<meta property=\"og:title\" content=\"L-TOPS Pantalla de lucha &#8211; Daisho\" \/>\n<meta property=\"og:description\" content=\"Descubre las pantallas de lucha port\u00e1tiles y alimentadas por red con atriles retr\u00e1ctiles para tus competiciones. C\u00f3mpralo en www.daisho.be|Daisho\" \/>\n<meta property=\"og:url\" content=\"https:\/\/www.daisho.be\/es\/produit\/l-tops-pantalla-de-lucha\/\" \/>\n<meta property=\"og:site_name\" content=\"Daisho\" \/>\n<meta property=\"article:modified_time\" content=\"2025-10-09T11:53:06+00:00\" \/>\n<meta property=\"og:image\" content=\"https:\/\/www.daisho.be\/wp-content\/uploads\/2024\/12\/image-7.png\" \/>\n\t<meta property=\"og:image:width\" content=\"570\" \/>\n\t<meta property=\"og:image:height\" content=\"310\" \/>\n\t<meta property=\"og:image:type\" content=\"image\/png\" \/>\n<meta name=\"twitter:card\" content=\"summary_large_image\" \/>\n<meta name=\"twitter:label1\" content=\"Tiempo de lectura\" \/>\n\t<meta name=\"twitter:data1\" content=\"1 minuto\" \/>\n<script type=\"application\/ld+json\" class=\"yoast-schema-graph\">{\"@context\":\"https:\/\/schema.org\",\"@graph\":[{\"@type\":\"WebPage\",\"@id\":\"https:\/\/www.daisho.be\/es\/produit\/l-tops-pantalla-de-lucha\/\",\"url\":\"https:\/\/www.daisho.be\/es\/produit\/l-tops-pantalla-de-lucha\/\",\"name\":\"L-TOPS Pantalla de lucha &#8211; Daisho\",\"isPartOf\":{\"@id\":\"https:\/\/www.daisho.be\/es\/#website\"},\"primaryImageOfPage\":{\"@id\":\"https:\/\/www.daisho.be\/es\/produit\/l-tops-pantalla-de-lucha\/#primaryimage\"},\"image\":{\"@id\":\"https:\/\/www.daisho.be\/es\/produit\/l-tops-pantalla-de-lucha\/#primaryimage\"},\"thumbnailUrl\":\"https:\/\/www.daisho.be\/wp-content\/uploads\/2024\/12\/image-7.png\",\"datePublished\":\"2019-09-18T20:39:16+00:00\",\"dateModified\":\"2025-10-09T11:53:06+00:00\",\"description\":\"Descubre las pantallas de lucha port\u00e1tiles y alimentadas por red con atriles retr\u00e1ctiles para tus competiciones. C\u00f3mpralo en www.daisho.be|Daisho\",\"breadcrumb\":{\"@id\":\"https:\/\/www.daisho.be\/es\/produit\/l-tops-pantalla-de-lucha\/#breadcrumb\"},\"inLanguage\":\"es\",\"potentialAction\":[{\"@type\":\"ReadAction\",\"target\":[\"https:\/\/www.daisho.be\/es\/produit\/l-tops-pantalla-de-lucha\/\"]}]},{\"@type\":\"ImageObject\",\"inLanguage\":\"es\",\"@id\":\"https:\/\/www.daisho.be\/es\/produit\/l-tops-pantalla-de-lucha\/#primaryimage\",\"url\":\"https:\/\/www.daisho.be\/wp-content\/uploads\/2024\/12\/image-7.png\",\"contentUrl\":\"https:\/\/www.daisho.be\/wp-content\/uploads\/2024\/12\/image-7.png\",\"width\":570,\"height\":310,\"caption\":\"Pantalla de lucha L-TOPS-1\"},{\"@type\":\"BreadcrumbList\",\"@id\":\"https:\/\/www.daisho.be\/es\/produit\/l-tops-pantalla-de-lucha\/#breadcrumb\",\"itemListElement\":[{\"@type\":\"ListItem\",\"position\":1,\"name\":\"Accueil\",\"item\":\"https:\/\/www.daisho.be\/es\/\"},{\"@type\":\"ListItem\",\"position\":2,\"name\":\"Productos\",\"item\":\"https:\/\/www.daisho.be\/es\/productos\/\"},{\"@type\":\"ListItem\",\"position\":3,\"name\":\"Deportes de combate\",\"item\":\"https:\/\/www.daisho.be\/es\/categorie-produit\/deportes-de-combate\/\"},{\"@type\":\"ListItem\",\"position\":4,\"name\":\"Exposiciones (concurso)\",\"item\":\"https:\/\/www.daisho.be\/es\/categorie-produit\/deportes-de-combate\/exposiciones-concurso\/\"},{\"@type\":\"ListItem\",\"position\":5,\"name\":\"L-TOPS Pantalla de lucha\"}]},{\"@type\":\"WebSite\",\"@id\":\"https:\/\/www.daisho.be\/es\/#website\",\"url\":\"https:\/\/www.daisho.be\/es\/\",\"name\":\"Daisho\",\"description\":\"Sp&eacute;cialiste de l'&eacute;quipement sportif d'arts martiaux\",\"publisher\":{\"@id\":\"https:\/\/www.daisho.be\/es\/#organization\"},\"potentialAction\":[{\"@type\":\"SearchAction\",\"target\":{\"@type\":\"EntryPoint\",\"urlTemplate\":\"https:\/\/www.daisho.be\/es\/?s={search_term_string}\"},\"query-input\":{\"@type\":\"PropertyValueSpecification\",\"valueRequired\":true,\"valueName\":\"search_term_string\"}}],\"inLanguage\":\"es\"},{\"@type\":\"Organization\",\"@id\":\"https:\/\/www.daisho.be\/es\/#organization\",\"name\":\"Daisho\",\"url\":\"https:\/\/www.daisho.be\/es\/\",\"logo\":{\"@type\":\"ImageObject\",\"inLanguage\":\"es\",\"@id\":\"https:\/\/www.daisho.be\/es\/#\/schema\/logo\/image\/\",\"url\":\"https:\/\/www.daisho.be\/wp-content\/uploads\/2019\/07\/color-nothing-horizontale4x-e1564486100247.png\",\"contentUrl\":\"https:\/\/www.daisho.be\/wp-content\/uploads\/2019\/07\/color-nothing-horizontale4x-e1564486100247.png\",\"width\":1547,\"height\":385,\"caption\":\"Daisho\"},\"image\":{\"@id\":\"https:\/\/www.daisho.be\/es\/#\/schema\/logo\/image\/\"}}]}<\/script>\n<!-- \/ Yoast SEO plugin. -->","yoast_head_json":{"title":"L-TOPS Pantalla de lucha &#8211; Daisho","description":"Descubre las pantallas de lucha port\u00e1tiles y alimentadas por red con atriles retr\u00e1ctiles para tus competiciones. C\u00f3mpralo en www.daisho.be|Daisho","robots":{"index":"index","follow":"follow","max-snippet":"max-snippet:-1","max-image-preview":"max-image-preview:large","max-video-preview":"max-video-preview:-1"},"canonical":"https:\/\/www.daisho.be\/es\/produit\/l-tops-pantalla-de-lucha\/","og_locale":"es_ES","og_type":"article","og_title":"L-TOPS Pantalla de lucha &#8211; Daisho","og_description":"Descubre las pantallas de lucha port\u00e1tiles y alimentadas por red con atriles retr\u00e1ctiles para tus competiciones. C\u00f3mpralo en www.daisho.be|Daisho","og_url":"https:\/\/www.daisho.be\/es\/produit\/l-tops-pantalla-de-lucha\/","og_site_name":"Daisho","article_modified_time":"2025-10-09T11:53:06+00:00","og_image":[{"width":570,"height":310,"url":"https:\/\/www.daisho.be\/wp-content\/uploads\/2024\/12\/image-7.png","type":"image\/png"}],"twitter_card":"summary_large_image","twitter_misc":{"Tiempo de lectura":"1 minuto"},"schema":{"@context":"https:\/\/schema.org","@graph":[{"@type":"WebPage","@id":"https:\/\/www.daisho.be\/es\/produit\/l-tops-pantalla-de-lucha\/","url":"https:\/\/www.daisho.be\/es\/produit\/l-tops-pantalla-de-lucha\/","name":"L-TOPS Pantalla de lucha &#8211; Daisho","isPartOf":{"@id":"https:\/\/www.daisho.be\/es\/#website"},"primaryImageOfPage":{"@id":"https:\/\/www.daisho.be\/es\/produit\/l-tops-pantalla-de-lucha\/#primaryimage"},"image":{"@id":"https:\/\/www.daisho.be\/es\/produit\/l-tops-pantalla-de-lucha\/#primaryimage"},"thumbnailUrl":"https:\/\/www.daisho.be\/wp-content\/uploads\/2024\/12\/image-7.png","datePublished":"2019-09-18T20:39:16+00:00","dateModified":"2025-10-09T11:53:06+00:00","description":"Descubre las pantallas de lucha port\u00e1tiles y alimentadas por red con atriles retr\u00e1ctiles para tus competiciones. C\u00f3mpralo en www.daisho.be|Daisho","breadcrumb":{"@id":"https:\/\/www.daisho.be\/es\/produit\/l-tops-pantalla-de-lucha\/#breadcrumb"},"inLanguage":"es","potentialAction":[{"@type":"ReadAction","target":["https:\/\/www.daisho.be\/es\/produit\/l-tops-pantalla-de-lucha\/"]}]},{"@type":"ImageObject","inLanguage":"es","@id":"https:\/\/www.daisho.be\/es\/produit\/l-tops-pantalla-de-lucha\/#primaryimage","url":"https:\/\/www.daisho.be\/wp-content\/uploads\/2024\/12\/image-7.png","contentUrl":"https:\/\/www.daisho.be\/wp-content\/uploads\/2024\/12\/image-7.png","width":570,"height":310,"caption":"Pantalla de lucha L-TOPS-1"},{"@type":"BreadcrumbList","@id":"https:\/\/www.daisho.be\/es\/produit\/l-tops-pantalla-de-lucha\/#breadcrumb","itemListElement":[{"@type":"ListItem","position":1,"name":"Accueil","item":"https:\/\/www.daisho.be\/es\/"},{"@type":"ListItem","position":2,"name":"Productos","item":"https:\/\/www.daisho.be\/es\/productos\/"},{"@type":"ListItem","position":3,"name":"Deportes de combate","item":"https:\/\/www.daisho.be\/es\/categorie-produit\/deportes-de-combate\/"},{"@type":"ListItem","position":4,"name":"Exposiciones (concurso)","item":"https:\/\/www.daisho.be\/es\/categorie-produit\/deportes-de-combate\/exposiciones-concurso\/"},{"@type":"ListItem","position":5,"name":"L-TOPS Pantalla de lucha"}]},{"@type":"WebSite","@id":"https:\/\/www.daisho.be\/es\/#website","url":"https:\/\/www.daisho.be\/es\/","name":"Daisho","description":"Sp&eacute;cialiste de l'&eacute;quipement sportif d'arts martiaux","publisher":{"@id":"https:\/\/www.daisho.be\/es\/#organization"},"potentialAction":[{"@type":"SearchAction","target":{"@type":"EntryPoint","urlTemplate":"https:\/\/www.daisho.be\/es\/?s={search_term_string}"},"query-input":{"@type":"PropertyValueSpecification","valueRequired":true,"valueName":"search_term_string"}}],"inLanguage":"es"},{"@type":"Organization","@id":"https:\/\/www.daisho.be\/es\/#organization","name":"Daisho","url":"https:\/\/www.daisho.be\/es\/","logo":{"@type":"ImageObject","inLanguage":"es","@id":"https:\/\/www.daisho.be\/es\/#\/schema\/logo\/image\/","url":"https:\/\/www.daisho.be\/wp-content\/uploads\/2019\/07\/color-nothing-horizontale4x-e1564486100247.png","contentUrl":"https:\/\/www.daisho.be\/wp-content\/uploads\/2019\/07\/color-nothing-horizontale4x-e1564486100247.png","width":1547,"height":385,"caption":"Daisho"},"image":{"@id":"https:\/\/www.daisho.be\/es\/#\/schema\/logo\/image\/"}}]}},"_links":{"self":[{"href":"https:\/\/www.daisho.be\/es\/wp-json\/wp\/v2\/product\/345157","targetHints":{"allow":["GET"]}}],"collection":[{"href":"https:\/\/www.daisho.be\/es\/wp-json\/wp\/v2\/product"}],"about":[{"href":"https:\/\/www.daisho.be\/es\/wp-json\/wp\/v2\/types\/product"}],"replies":[{"embeddable":true,"href":"https:\/\/www.daisho.be\/es\/wp-json\/wp\/v2\/comments?post=345157"}],"wp:featuredmedia":[{"embeddable":true,"href":"https:\/\/www.daisho.be\/es\/wp-json\/wp\/v2\/media\/470516"}],"wp:attachment":[{"href":"https:\/\/www.daisho.be\/es\/wp-json\/wp\/v2\/media?parent=345157"}],"wp:term":[{"taxonomy":"product_brand","embeddable":true,"href":"https:\/\/www.daisho.be\/es\/wp-json\/wp\/v2\/product_brand?post=345157"},{"taxonomy":"product_cat","embeddable":true,"href":"https:\/\/www.daisho.be\/es\/wp-json\/wp\/v2\/product_cat?post=345157"},{"taxonomy":"product_tag","embeddable":true,"href":"https:\/\/www.daisho.be\/es\/wp-json\/wp\/v2\/product_tag?post=345157"},{"taxonomy":"sport","embeddable":true,"href":"https:\/\/www.daisho.be\/es\/wp-json\/wp\/v2\/sport?post=345157"}],"curies":[{"name":"wp","href":"https:\/\/api.w.org\/{rel}","templated":true}]}}