{"id":345150,"date":"2019-09-18T22:39:04","date_gmt":"2019-09-18T20:39:04","guid":{"rendered":"https:\/\/www.daisho.be\/produit\/exhibicion-de-lucha-de-clm\/"},"modified":"2025-10-09T13:53:13","modified_gmt":"2025-10-09T11:53:13","slug":"exhibicion-de-lucha-de-clm","status":"publish","type":"product","link":"https:\/\/www.daisho.be\/es\/produit\/exhibicion-de-lucha-de-clm\/","title":{"rendered":"Exhibici\u00f3n de lucha de CLM"},"content":{"rendered":"<p>Composici\u00f3n:<\/p>\n<p>&#8211;<br \/>\n1<br \/>\ntabl\u00f3n de anuncios<\/p>\n<p>&#8211;<br \/>\n1<br \/>\nconsola de control<\/p>\n<p>&#8211;<br \/>\n1<br \/>\nmalet\u00edn de transporte<\/p>\n<p>&#8211;<br \/>\n1<br \/>\ncargador de la consola de control<\/p>\n<p>&#8211;<br \/>\n1<br \/>\ncable de alimentaci\u00f3n (12 m)<\/p>\n<p>&#8211;<br \/>\nInstrucciones<\/p>\n<p>Descripci\u00f3n :<\/p>\n<p>Uso :<br \/>\nInterior<\/p>\n<p>Transmisi\u00f3n:<br \/>\nradio o cable<\/p>\n<p>Legibilidad: 50<br \/>\nm, \u00e1ngulo &gt;160\u00b0.<\/p>\n<p>Dimensiones: 1000<br \/>\nx 600 x 90 mm<\/p>\n<p>Peso: 12 kg<\/p>\n<p>Fuente de alimentaci\u00f3n:<br \/>\n230 V\/60Hz<\/p>\n<p>Protecci\u00f3n: Frontal<br \/>\nde policarbonato mate irrompible<\/p>\n<p>bocina integrada: 100 dB a 1 m<\/p>\n<p>Funciones<br \/>\n:<\/p>\n<p>Puntuaci\u00f3n: 2 x 2<br \/>\nd\u00edgitos LED amarillos (9 cm)<\/p>\n<p>Indicaci\u00f3n de los equipos<br \/>\n: Pegatinas azules y rojas<\/p>\n<p>Ganador del periodo<br \/>\n(V): 1 punto LED azul + 1 punto LED rojo<\/p>\n<p>Temporizador: 3<br \/>\nd\u00edgitos LED rojos (9 cm) + 2 puntos intermitentes<\/p>\n<p>Advertencia<br \/>\n(Av): 2 x 3 puntos amarillos<\/p>\n<p>Mostrador de control<br \/>\n:<\/p>\n<p>1 consola: (340<br \/>\nx 175 x 60 mm) con pantalla LCD retroiluminada con 2 canales de 20 caracteres (9 mm de altura<br \/>\n)<\/p>\n<p>Puerto USB: Para actualizar el programa<\/p>\n<p>Programa: Seg\u00fan las normas de<br \/>\nFILA<\/p>\n<p>Se\u00f1al ac\u00fastica:<br \/>\nBocina autom\u00e1tica al final de un tiempo programado (tiempo de lucha,<br \/>\ntiempo de descanso, pr\u00f3rroga, pasividad).<\/p>\n","protected":false},"excerpt":{"rendered":"<p>Composici\u00f3n: &#8211; 1 tabl\u00f3n de anuncios &#8211; 1 consola de control &#8211; 1 malet\u00edn de transporte &#8211; 1 cargador de la consola de control &#8211; 1 cable de alimentaci\u00f3n (12 m) &#8211; Instrucciones Descripci\u00f3n : Uso : Interior Transmisi\u00f3n: radio o cable Legibilidad: 50 m, \u00e1ngulo &gt;160\u00b0. Dimensiones: 1000 x 600 x 90 mm Peso: [&hellip;]<\/p>\n","protected":false},"featured_media":419410,"comment_status":"open","ping_status":"closed","template":"","meta":{"inline_featured_image":false},"product_brand":[],"product_cat":[1431],"product_tag":[1429],"sport":[],"class_list":{"0":"post-345150","1":"product","2":"type-product","3":"status-publish","4":"has-post-thumbnail","6":"product_cat-exposiciones-concurso","7":"product_tag-stramatel-es","8":"pa_size-sans-taille","10":"first","11":"instock","12":"taxable","13":"shipping-taxable","14":"purchasable","15":"product-type-simple"},"yoast_head":"<!-- This site is optimized with the Yoast SEO plugin v27.2 - https:\/\/yoast.com\/product\/yoast-seo-wordpress\/ -->\n<title>Exhibici\u00f3n de lucha de CLM &#8211; Daisho<\/title>\n<meta name=\"description\" content=\"Descubre la pantalla de lucha CLM con cable de alimentaci\u00f3n para tus competiciones. C\u00f3mpralo en nuestra web www.daisho.be|Daisho\" \/>\n<meta name=\"robots\" content=\"index, follow, max-snippet:-1, max-image-preview:large, max-video-preview:-1\" \/>\n<link rel=\"canonical\" href=\"https:\/\/www.daisho.be\/es\/produit\/exhibicion-de-lucha-de-clm\/\" \/>\n<meta property=\"og:locale\" content=\"es_ES\" \/>\n<meta property=\"og:type\" content=\"article\" \/>\n<meta property=\"og:title\" content=\"Exhibici\u00f3n de lucha de CLM &#8211; Daisho\" \/>\n<meta property=\"og:description\" content=\"Descubre la pantalla de lucha CLM con cable de alimentaci\u00f3n para tus competiciones. C\u00f3mpralo en nuestra web www.daisho.be|Daisho\" \/>\n<meta property=\"og:url\" content=\"https:\/\/www.daisho.be\/es\/produit\/exhibicion-de-lucha-de-clm\/\" \/>\n<meta property=\"og:site_name\" content=\"Daisho\" \/>\n<meta property=\"article:modified_time\" content=\"2025-10-09T11:53:13+00:00\" \/>\n<meta property=\"og:image\" content=\"https:\/\/www.daisho.be\/wp-content\/uploads\/2024\/06\/image-10.png\" \/>\n\t<meta property=\"og:image:width\" content=\"1181\" \/>\n\t<meta property=\"og:image:height\" content=\"710\" \/>\n\t<meta property=\"og:image:type\" content=\"image\/png\" \/>\n<meta name=\"twitter:card\" content=\"summary_large_image\" \/>\n<meta name=\"twitter:label1\" content=\"Tiempo de lectura\" \/>\n\t<meta name=\"twitter:data1\" content=\"1 minuto\" \/>\n<script type=\"application\/ld+json\" class=\"yoast-schema-graph\">{\"@context\":\"https:\/\/schema.org\",\"@graph\":[{\"@type\":\"WebPage\",\"@id\":\"https:\/\/www.daisho.be\/es\/produit\/exhibicion-de-lucha-de-clm\/\",\"url\":\"https:\/\/www.daisho.be\/es\/produit\/exhibicion-de-lucha-de-clm\/\",\"name\":\"Exhibici\u00f3n de lucha de CLM &#8211; Daisho\",\"isPartOf\":{\"@id\":\"https:\/\/www.daisho.be\/es\/#website\"},\"primaryImageOfPage\":{\"@id\":\"https:\/\/www.daisho.be\/es\/produit\/exhibicion-de-lucha-de-clm\/#primaryimage\"},\"image\":{\"@id\":\"https:\/\/www.daisho.be\/es\/produit\/exhibicion-de-lucha-de-clm\/#primaryimage\"},\"thumbnailUrl\":\"https:\/\/www.daisho.be\/wp-content\/uploads\/2024\/06\/image-10.png\",\"datePublished\":\"2019-09-18T20:39:04+00:00\",\"dateModified\":\"2025-10-09T11:53:13+00:00\",\"description\":\"Descubre la pantalla de lucha CLM con cable de alimentaci\u00f3n para tus competiciones. C\u00f3mpralo en nuestra web www.daisho.be|Daisho\",\"breadcrumb\":{\"@id\":\"https:\/\/www.daisho.be\/es\/produit\/exhibicion-de-lucha-de-clm\/#breadcrumb\"},\"inLanguage\":\"es\",\"potentialAction\":[{\"@type\":\"ReadAction\",\"target\":[\"https:\/\/www.daisho.be\/es\/produit\/exhibicion-de-lucha-de-clm\/\"]}]},{\"@type\":\"ImageObject\",\"inLanguage\":\"es\",\"@id\":\"https:\/\/www.daisho.be\/es\/produit\/exhibicion-de-lucha-de-clm\/#primaryimage\",\"url\":\"https:\/\/www.daisho.be\/wp-content\/uploads\/2024\/06\/image-10.png\",\"contentUrl\":\"https:\/\/www.daisho.be\/wp-content\/uploads\/2024\/06\/image-10.png\",\"width\":1181,\"height\":710,\"caption\":\"Pantalla de lucha CLM-1\"},{\"@type\":\"BreadcrumbList\",\"@id\":\"https:\/\/www.daisho.be\/es\/produit\/exhibicion-de-lucha-de-clm\/#breadcrumb\",\"itemListElement\":[{\"@type\":\"ListItem\",\"position\":1,\"name\":\"Accueil\",\"item\":\"https:\/\/www.daisho.be\/es\/\"},{\"@type\":\"ListItem\",\"position\":2,\"name\":\"Productos\",\"item\":\"https:\/\/www.daisho.be\/es\/productos\/\"},{\"@type\":\"ListItem\",\"position\":3,\"name\":\"Deportes de combate\",\"item\":\"https:\/\/www.daisho.be\/es\/categorie-produit\/deportes-de-combate\/\"},{\"@type\":\"ListItem\",\"position\":4,\"name\":\"Exposiciones (concurso)\",\"item\":\"https:\/\/www.daisho.be\/es\/categorie-produit\/deportes-de-combate\/exposiciones-concurso\/\"},{\"@type\":\"ListItem\",\"position\":5,\"name\":\"Exhibici\u00f3n de lucha de CLM\"}]},{\"@type\":\"WebSite\",\"@id\":\"https:\/\/www.daisho.be\/es\/#website\",\"url\":\"https:\/\/www.daisho.be\/es\/\",\"name\":\"Daisho\",\"description\":\"Sp&eacute;cialiste de l'&eacute;quipement sportif d'arts martiaux\",\"publisher\":{\"@id\":\"https:\/\/www.daisho.be\/es\/#organization\"},\"potentialAction\":[{\"@type\":\"SearchAction\",\"target\":{\"@type\":\"EntryPoint\",\"urlTemplate\":\"https:\/\/www.daisho.be\/es\/?s={search_term_string}\"},\"query-input\":{\"@type\":\"PropertyValueSpecification\",\"valueRequired\":true,\"valueName\":\"search_term_string\"}}],\"inLanguage\":\"es\"},{\"@type\":\"Organization\",\"@id\":\"https:\/\/www.daisho.be\/es\/#organization\",\"name\":\"Daisho\",\"url\":\"https:\/\/www.daisho.be\/es\/\",\"logo\":{\"@type\":\"ImageObject\",\"inLanguage\":\"es\",\"@id\":\"https:\/\/www.daisho.be\/es\/#\/schema\/logo\/image\/\",\"url\":\"https:\/\/www.daisho.be\/wp-content\/uploads\/2019\/07\/color-nothing-horizontale4x-e1564486100247.png\",\"contentUrl\":\"https:\/\/www.daisho.be\/wp-content\/uploads\/2019\/07\/color-nothing-horizontale4x-e1564486100247.png\",\"width\":1547,\"height\":385,\"caption\":\"Daisho\"},\"image\":{\"@id\":\"https:\/\/www.daisho.be\/es\/#\/schema\/logo\/image\/\"}}]}<\/script>\n<!-- \/ Yoast SEO plugin. -->","yoast_head_json":{"title":"Exhibici\u00f3n de lucha de CLM &#8211; Daisho","description":"Descubre la pantalla de lucha CLM con cable de alimentaci\u00f3n para tus competiciones. C\u00f3mpralo en nuestra web www.daisho.be|Daisho","robots":{"index":"index","follow":"follow","max-snippet":"max-snippet:-1","max-image-preview":"max-image-preview:large","max-video-preview":"max-video-preview:-1"},"canonical":"https:\/\/www.daisho.be\/es\/produit\/exhibicion-de-lucha-de-clm\/","og_locale":"es_ES","og_type":"article","og_title":"Exhibici\u00f3n de lucha de CLM &#8211; Daisho","og_description":"Descubre la pantalla de lucha CLM con cable de alimentaci\u00f3n para tus competiciones. C\u00f3mpralo en nuestra web www.daisho.be|Daisho","og_url":"https:\/\/www.daisho.be\/es\/produit\/exhibicion-de-lucha-de-clm\/","og_site_name":"Daisho","article_modified_time":"2025-10-09T11:53:13+00:00","og_image":[{"width":1181,"height":710,"url":"https:\/\/www.daisho.be\/wp-content\/uploads\/2024\/06\/image-10.png","type":"image\/png"}],"twitter_card":"summary_large_image","twitter_misc":{"Tiempo de lectura":"1 minuto"},"schema":{"@context":"https:\/\/schema.org","@graph":[{"@type":"WebPage","@id":"https:\/\/www.daisho.be\/es\/produit\/exhibicion-de-lucha-de-clm\/","url":"https:\/\/www.daisho.be\/es\/produit\/exhibicion-de-lucha-de-clm\/","name":"Exhibici\u00f3n de lucha de CLM &#8211; Daisho","isPartOf":{"@id":"https:\/\/www.daisho.be\/es\/#website"},"primaryImageOfPage":{"@id":"https:\/\/www.daisho.be\/es\/produit\/exhibicion-de-lucha-de-clm\/#primaryimage"},"image":{"@id":"https:\/\/www.daisho.be\/es\/produit\/exhibicion-de-lucha-de-clm\/#primaryimage"},"thumbnailUrl":"https:\/\/www.daisho.be\/wp-content\/uploads\/2024\/06\/image-10.png","datePublished":"2019-09-18T20:39:04+00:00","dateModified":"2025-10-09T11:53:13+00:00","description":"Descubre la pantalla de lucha CLM con cable de alimentaci\u00f3n para tus competiciones. C\u00f3mpralo en nuestra web www.daisho.be|Daisho","breadcrumb":{"@id":"https:\/\/www.daisho.be\/es\/produit\/exhibicion-de-lucha-de-clm\/#breadcrumb"},"inLanguage":"es","potentialAction":[{"@type":"ReadAction","target":["https:\/\/www.daisho.be\/es\/produit\/exhibicion-de-lucha-de-clm\/"]}]},{"@type":"ImageObject","inLanguage":"es","@id":"https:\/\/www.daisho.be\/es\/produit\/exhibicion-de-lucha-de-clm\/#primaryimage","url":"https:\/\/www.daisho.be\/wp-content\/uploads\/2024\/06\/image-10.png","contentUrl":"https:\/\/www.daisho.be\/wp-content\/uploads\/2024\/06\/image-10.png","width":1181,"height":710,"caption":"Pantalla de lucha CLM-1"},{"@type":"BreadcrumbList","@id":"https:\/\/www.daisho.be\/es\/produit\/exhibicion-de-lucha-de-clm\/#breadcrumb","itemListElement":[{"@type":"ListItem","position":1,"name":"Accueil","item":"https:\/\/www.daisho.be\/es\/"},{"@type":"ListItem","position":2,"name":"Productos","item":"https:\/\/www.daisho.be\/es\/productos\/"},{"@type":"ListItem","position":3,"name":"Deportes de combate","item":"https:\/\/www.daisho.be\/es\/categorie-produit\/deportes-de-combate\/"},{"@type":"ListItem","position":4,"name":"Exposiciones (concurso)","item":"https:\/\/www.daisho.be\/es\/categorie-produit\/deportes-de-combate\/exposiciones-concurso\/"},{"@type":"ListItem","position":5,"name":"Exhibici\u00f3n de lucha de CLM"}]},{"@type":"WebSite","@id":"https:\/\/www.daisho.be\/es\/#website","url":"https:\/\/www.daisho.be\/es\/","name":"Daisho","description":"Sp&eacute;cialiste de l'&eacute;quipement sportif d'arts martiaux","publisher":{"@id":"https:\/\/www.daisho.be\/es\/#organization"},"potentialAction":[{"@type":"SearchAction","target":{"@type":"EntryPoint","urlTemplate":"https:\/\/www.daisho.be\/es\/?s={search_term_string}"},"query-input":{"@type":"PropertyValueSpecification","valueRequired":true,"valueName":"search_term_string"}}],"inLanguage":"es"},{"@type":"Organization","@id":"https:\/\/www.daisho.be\/es\/#organization","name":"Daisho","url":"https:\/\/www.daisho.be\/es\/","logo":{"@type":"ImageObject","inLanguage":"es","@id":"https:\/\/www.daisho.be\/es\/#\/schema\/logo\/image\/","url":"https:\/\/www.daisho.be\/wp-content\/uploads\/2019\/07\/color-nothing-horizontale4x-e1564486100247.png","contentUrl":"https:\/\/www.daisho.be\/wp-content\/uploads\/2019\/07\/color-nothing-horizontale4x-e1564486100247.png","width":1547,"height":385,"caption":"Daisho"},"image":{"@id":"https:\/\/www.daisho.be\/es\/#\/schema\/logo\/image\/"}}]}},"_links":{"self":[{"href":"https:\/\/www.daisho.be\/es\/wp-json\/wp\/v2\/product\/345150","targetHints":{"allow":["GET"]}}],"collection":[{"href":"https:\/\/www.daisho.be\/es\/wp-json\/wp\/v2\/product"}],"about":[{"href":"https:\/\/www.daisho.be\/es\/wp-json\/wp\/v2\/types\/product"}],"replies":[{"embeddable":true,"href":"https:\/\/www.daisho.be\/es\/wp-json\/wp\/v2\/comments?post=345150"}],"wp:featuredmedia":[{"embeddable":true,"href":"https:\/\/www.daisho.be\/es\/wp-json\/wp\/v2\/media\/419410"}],"wp:attachment":[{"href":"https:\/\/www.daisho.be\/es\/wp-json\/wp\/v2\/media?parent=345150"}],"wp:term":[{"taxonomy":"product_brand","embeddable":true,"href":"https:\/\/www.daisho.be\/es\/wp-json\/wp\/v2\/product_brand?post=345150"},{"taxonomy":"product_cat","embeddable":true,"href":"https:\/\/www.daisho.be\/es\/wp-json\/wp\/v2\/product_cat?post=345150"},{"taxonomy":"product_tag","embeddable":true,"href":"https:\/\/www.daisho.be\/es\/wp-json\/wp\/v2\/product_tag?post=345150"},{"taxonomy":"sport","embeddable":true,"href":"https:\/\/www.daisho.be\/es\/wp-json\/wp\/v2\/sport?post=345150"}],"curies":[{"name":"wp","href":"https:\/\/api.w.org\/{rel}","templated":true}]}}