{"id":345128,"date":"2019-09-18T22:38:52","date_gmt":"2019-09-18T20:38:52","guid":{"rendered":"https:\/\/www.daisho.be\/produit\/exhibicion-de-karate-ktops\/"},"modified":"2025-10-09T13:53:19","modified_gmt":"2025-10-09T11:53:19","slug":"exhibicion-de-karate-ktops","status":"publish","type":"product","link":"https:\/\/www.daisho.be\/es\/produit\/exhibicion-de-karate-ktops\/","title":{"rendered":"Pantalla de k\u00e1rate KTOPS alimentada por la red el\u00e9ctrica"},"content":{"rendered":"<p>Marcador de k\u00e1rate port\u00e1til KTOP\/S con consola retr\u00e1ctil.<br \/>\nEl marcador de k\u00e1rate K-Top es un marcador verdaderamente port\u00e1til. Funciona con la red el\u00e9ctrica o con pilas e incluye una consola plegable. Se alimenta a trav\u00e9s de la red el\u00e9ctrica.<br \/>\nCon su pantalla LCD retroiluminada para una mayor facilidad de uso, su dise\u00f1o ergon\u00f3mico, su peso ligero y su facilidad de transporte y almacenamiento, el marcador K-Top est\u00e1 fabricado con un enfoque de dise\u00f1o ecol\u00f3gico destinado a minimizar el consumo de energ\u00eda y el impacto del transporte.<br \/>\nCompuesto por:<br \/>\n&#8211; 1 marcador port\u00e1til con consola de control integrada<br \/>\n&#8211; 1 cargador de red<br \/>\n&#8211; Instrucciones de instalaci\u00f3n    <\/p>\n<p>Especificaciones t\u00e9cnicas:<br \/>\nUso: Interior<br \/>\nTransmisi\u00f3n: Directa<br \/>\nLegibilidad: 35 m, \u00e1ngulo &gt;160\u00b0<br \/>\nDimensiones: 730 x 370 x 110 mm<br \/>\nPeso: 5,5 kg<br \/>\nAlimentaci\u00f3n: Entrada : 100-240 V \/ 47-63 Hz \/ 0,4 A, Salida: 13,6 V CC \/ 0,75 A<br \/>\nProtecci\u00f3n: Panel frontal de policarbonato negro mate inastillable (DIN 18032-3)<br \/>\nBocina integrada: 86 dB a 1 m  <\/p>\n<p>Dimensiones: 733 x 368 x 115 mm<br \/>\nD\u00edgitos: 9 cm &#8211; Legibilidad 35 m<\/p>\n<p>Funciones de la pantalla:<br \/>\nMarcador: 4 d\u00edgitos amarillos (cm)<br \/>\nPenaltis: Puntos luminosos para las faltas de categor\u00eda 1 y 2.<br \/>\nCron\u00f3metro: Temporizador de juego &#8211; cron\u00f3metro de 10 segundos<br \/>\nSenshu: Dos flechas verdes<br \/>\nIndicaci\u00f3n de los equipos : Pegatinas rojas y azules  <\/p>\n<p>Consola:<br \/>\n1 consola integrada: (340 x 175 x 60 mm) con pantalla LCD de 2 l\u00edneas con 20 caracteres de 9 mm<br \/>\nPuerto USB: para actualizar el programa<br \/>\nPrograma: K\u00e1rate (competici\u00f3n), Randori (entrenamiento) seg\u00fan las normas de la FFKDA (2013)<br \/>\nBocina Programable con 3 sonidos diferentes (para 3 competiciones en el mismo dojo)<br \/>\nPrograma multiling\u00fce  <\/p>\n<p>Opciones:<br \/>\nRepetidor de pantalla K-Top<br \/>\nMaleta<\/p>\n","protected":false},"excerpt":{"rendered":"<p>Marcador de k\u00e1rate port\u00e1til KTOP\/S con consola retr\u00e1ctil. El marcador de k\u00e1rate K-Top es un marcador verdaderamente port\u00e1til. Funciona con la red el\u00e9ctrica o con pilas e incluye una consola plegable. Se alimenta a trav\u00e9s de la red el\u00e9ctrica. Con su pantalla LCD retroiluminada para una mayor facilidad de uso, su dise\u00f1o ergon\u00f3mico, su peso [&hellip;]<\/p>\n","protected":false},"featured_media":521090,"comment_status":"closed","ping_status":"closed","template":"","meta":{"inline_featured_image":false},"product_brand":[],"product_cat":[1476,1431],"product_tag":[1429],"sport":[73],"class_list":{"0":"post-345128","1":"product","2":"type-product","3":"status-publish","4":"has-post-thumbnail","6":"product_cat-equipamiento-de-competicion-de-karate","7":"product_cat-exposiciones-concurso","8":"product_tag-stramatel-es","9":"pa_size-sans-taille-defaut","10":"sport-karate","12":"first","13":"instock","14":"taxable","15":"shipping-taxable","16":"purchasable","17":"product-type-variable"},"yoast_head":"<!-- This site is optimized with the Yoast SEO plugin v27.2 - https:\/\/yoast.com\/product\/yoast-seo-wordpress\/ -->\n<title>Pantalla de k\u00e1rate KTOPS alimentada por la red el\u00e9ctrica &#8211; Daisho<\/title>\n<meta name=\"description\" content=\"Descubre la pantalla KTOPS para tus competiciones de k\u00e1rate. Funciona con la red el\u00e9ctrica y es port\u00e1til. C\u00f3mpralo en www.daisho.be|Daisho\" \/>\n<meta name=\"robots\" content=\"index, follow, max-snippet:-1, max-image-preview:large, max-video-preview:-1\" \/>\n<link rel=\"canonical\" href=\"https:\/\/www.daisho.be\/es\/produit\/exhibicion-de-karate-ktops\/\" \/>\n<meta property=\"og:locale\" content=\"es_ES\" \/>\n<meta property=\"og:type\" content=\"article\" \/>\n<meta property=\"og:title\" content=\"Pantalla de k\u00e1rate KTOPS alimentada por la red el\u00e9ctrica &#8211; Daisho\" \/>\n<meta property=\"og:description\" content=\"Descubre la pantalla KTOPS para tus competiciones de k\u00e1rate. Funciona con la red el\u00e9ctrica y es port\u00e1til. C\u00f3mpralo en www.daisho.be|Daisho\" \/>\n<meta property=\"og:url\" content=\"https:\/\/www.daisho.be\/es\/produit\/exhibicion-de-karate-ktops\/\" \/>\n<meta property=\"og:site_name\" content=\"Daisho\" \/>\n<meta property=\"article:modified_time\" content=\"2025-10-09T11:53:19+00:00\" \/>\n<meta property=\"og:image\" content=\"https:\/\/www.daisho.be\/wp-content\/uploads\/2025\/05\/image-17.webp\" \/>\n\t<meta property=\"og:image:width\" content=\"500\" \/>\n\t<meta property=\"og:image:height\" content=\"500\" \/>\n\t<meta property=\"og:image:type\" content=\"image\/webp\" \/>\n<meta name=\"twitter:card\" content=\"summary_large_image\" \/>\n<meta name=\"twitter:label1\" content=\"Tiempo de lectura\" \/>\n\t<meta name=\"twitter:data1\" content=\"1 minuto\" \/>\n<script type=\"application\/ld+json\" class=\"yoast-schema-graph\">{\"@context\":\"https:\/\/schema.org\",\"@graph\":[{\"@type\":\"WebPage\",\"@id\":\"https:\/\/www.daisho.be\/es\/produit\/exhibicion-de-karate-ktops\/\",\"url\":\"https:\/\/www.daisho.be\/es\/produit\/exhibicion-de-karate-ktops\/\",\"name\":\"Pantalla de k\u00e1rate KTOPS alimentada por la red el\u00e9ctrica &#8211; Daisho\",\"isPartOf\":{\"@id\":\"https:\/\/www.daisho.be\/es\/#website\"},\"primaryImageOfPage\":{\"@id\":\"https:\/\/www.daisho.be\/es\/produit\/exhibicion-de-karate-ktops\/#primaryimage\"},\"image\":{\"@id\":\"https:\/\/www.daisho.be\/es\/produit\/exhibicion-de-karate-ktops\/#primaryimage\"},\"thumbnailUrl\":\"https:\/\/www.daisho.be\/wp-content\/uploads\/2025\/05\/image-17.webp\",\"datePublished\":\"2019-09-18T20:38:52+00:00\",\"dateModified\":\"2025-10-09T11:53:19+00:00\",\"description\":\"Descubre la pantalla KTOPS para tus competiciones de k\u00e1rate. Funciona con la red el\u00e9ctrica y es port\u00e1til. C\u00f3mpralo en www.daisho.be|Daisho\",\"breadcrumb\":{\"@id\":\"https:\/\/www.daisho.be\/es\/produit\/exhibicion-de-karate-ktops\/#breadcrumb\"},\"inLanguage\":\"es\",\"potentialAction\":[{\"@type\":\"ReadAction\",\"target\":[\"https:\/\/www.daisho.be\/es\/produit\/exhibicion-de-karate-ktops\/\"]}]},{\"@type\":\"ImageObject\",\"inLanguage\":\"es\",\"@id\":\"https:\/\/www.daisho.be\/es\/produit\/exhibicion-de-karate-ktops\/#primaryimage\",\"url\":\"https:\/\/www.daisho.be\/wp-content\/uploads\/2025\/05\/image-17.webp\",\"contentUrl\":\"https:\/\/www.daisho.be\/wp-content\/uploads\/2025\/05\/image-17.webp\",\"width\":500,\"height\":500,\"caption\":\"Pantalla KTOPS en red-1\"},{\"@type\":\"BreadcrumbList\",\"@id\":\"https:\/\/www.daisho.be\/es\/produit\/exhibicion-de-karate-ktops\/#breadcrumb\",\"itemListElement\":[{\"@type\":\"ListItem\",\"position\":1,\"name\":\"Accueil\",\"item\":\"https:\/\/www.daisho.be\/es\/\"},{\"@type\":\"ListItem\",\"position\":2,\"name\":\"Productos\",\"item\":\"https:\/\/www.daisho.be\/es\/productos\/\"},{\"@type\":\"ListItem\",\"position\":3,\"name\":\"Equipamiento y ropa para artes marciales y deportes de combate\",\"item\":\"https:\/\/www.daisho.be\/es\/categorie-produit\/equipamiento-y-ropa-para-artes-marciales-y-deportes-de-combate\/\"},{\"@type\":\"ListItem\",\"position\":4,\"name\":\"Karate\",\"item\":\"https:\/\/www.daisho.be\/es\/categorie-produit\/equipamiento-y-ropa-para-artes-marciales-y-deportes-de-combate\/karate-es-2\/\"},{\"@type\":\"ListItem\",\"position\":5,\"name\":\"Equipamiento de competici\u00f3n de k\u00e1rate\",\"item\":\"https:\/\/www.daisho.be\/es\/categorie-produit\/equipamiento-y-ropa-para-artes-marciales-y-deportes-de-combate\/karate-es-2\/equipamiento-de-competicion-de-karate\/\"},{\"@type\":\"ListItem\",\"position\":6,\"name\":\"Pantalla de k\u00e1rate KTOPS alimentada por la red el\u00e9ctrica\"}]},{\"@type\":\"WebSite\",\"@id\":\"https:\/\/www.daisho.be\/es\/#website\",\"url\":\"https:\/\/www.daisho.be\/es\/\",\"name\":\"Daisho\",\"description\":\"Sp&eacute;cialiste de l'&eacute;quipement sportif d'arts martiaux\",\"publisher\":{\"@id\":\"https:\/\/www.daisho.be\/es\/#organization\"},\"potentialAction\":[{\"@type\":\"SearchAction\",\"target\":{\"@type\":\"EntryPoint\",\"urlTemplate\":\"https:\/\/www.daisho.be\/es\/?s={search_term_string}\"},\"query-input\":{\"@type\":\"PropertyValueSpecification\",\"valueRequired\":true,\"valueName\":\"search_term_string\"}}],\"inLanguage\":\"es\"},{\"@type\":\"Organization\",\"@id\":\"https:\/\/www.daisho.be\/es\/#organization\",\"name\":\"Daisho\",\"url\":\"https:\/\/www.daisho.be\/es\/\",\"logo\":{\"@type\":\"ImageObject\",\"inLanguage\":\"es\",\"@id\":\"https:\/\/www.daisho.be\/es\/#\/schema\/logo\/image\/\",\"url\":\"https:\/\/www.daisho.be\/wp-content\/uploads\/2019\/07\/color-nothing-horizontale4x-e1564486100247.png\",\"contentUrl\":\"https:\/\/www.daisho.be\/wp-content\/uploads\/2019\/07\/color-nothing-horizontale4x-e1564486100247.png\",\"width\":1547,\"height\":385,\"caption\":\"Daisho\"},\"image\":{\"@id\":\"https:\/\/www.daisho.be\/es\/#\/schema\/logo\/image\/\"}}]}<\/script>\n<!-- \/ Yoast SEO plugin. -->","yoast_head_json":{"title":"Pantalla de k\u00e1rate KTOPS alimentada por la red el\u00e9ctrica &#8211; Daisho","description":"Descubre la pantalla KTOPS para tus competiciones de k\u00e1rate. Funciona con la red el\u00e9ctrica y es port\u00e1til. C\u00f3mpralo en www.daisho.be|Daisho","robots":{"index":"index","follow":"follow","max-snippet":"max-snippet:-1","max-image-preview":"max-image-preview:large","max-video-preview":"max-video-preview:-1"},"canonical":"https:\/\/www.daisho.be\/es\/produit\/exhibicion-de-karate-ktops\/","og_locale":"es_ES","og_type":"article","og_title":"Pantalla de k\u00e1rate KTOPS alimentada por la red el\u00e9ctrica &#8211; Daisho","og_description":"Descubre la pantalla KTOPS para tus competiciones de k\u00e1rate. Funciona con la red el\u00e9ctrica y es port\u00e1til. C\u00f3mpralo en www.daisho.be|Daisho","og_url":"https:\/\/www.daisho.be\/es\/produit\/exhibicion-de-karate-ktops\/","og_site_name":"Daisho","article_modified_time":"2025-10-09T11:53:19+00:00","og_image":[{"width":500,"height":500,"url":"https:\/\/www.daisho.be\/wp-content\/uploads\/2025\/05\/image-17.webp","type":"image\/webp"}],"twitter_card":"summary_large_image","twitter_misc":{"Tiempo de lectura":"1 minuto"},"schema":{"@context":"https:\/\/schema.org","@graph":[{"@type":"WebPage","@id":"https:\/\/www.daisho.be\/es\/produit\/exhibicion-de-karate-ktops\/","url":"https:\/\/www.daisho.be\/es\/produit\/exhibicion-de-karate-ktops\/","name":"Pantalla de k\u00e1rate KTOPS alimentada por la red el\u00e9ctrica &#8211; Daisho","isPartOf":{"@id":"https:\/\/www.daisho.be\/es\/#website"},"primaryImageOfPage":{"@id":"https:\/\/www.daisho.be\/es\/produit\/exhibicion-de-karate-ktops\/#primaryimage"},"image":{"@id":"https:\/\/www.daisho.be\/es\/produit\/exhibicion-de-karate-ktops\/#primaryimage"},"thumbnailUrl":"https:\/\/www.daisho.be\/wp-content\/uploads\/2025\/05\/image-17.webp","datePublished":"2019-09-18T20:38:52+00:00","dateModified":"2025-10-09T11:53:19+00:00","description":"Descubre la pantalla KTOPS para tus competiciones de k\u00e1rate. Funciona con la red el\u00e9ctrica y es port\u00e1til. C\u00f3mpralo en www.daisho.be|Daisho","breadcrumb":{"@id":"https:\/\/www.daisho.be\/es\/produit\/exhibicion-de-karate-ktops\/#breadcrumb"},"inLanguage":"es","potentialAction":[{"@type":"ReadAction","target":["https:\/\/www.daisho.be\/es\/produit\/exhibicion-de-karate-ktops\/"]}]},{"@type":"ImageObject","inLanguage":"es","@id":"https:\/\/www.daisho.be\/es\/produit\/exhibicion-de-karate-ktops\/#primaryimage","url":"https:\/\/www.daisho.be\/wp-content\/uploads\/2025\/05\/image-17.webp","contentUrl":"https:\/\/www.daisho.be\/wp-content\/uploads\/2025\/05\/image-17.webp","width":500,"height":500,"caption":"Pantalla KTOPS en red-1"},{"@type":"BreadcrumbList","@id":"https:\/\/www.daisho.be\/es\/produit\/exhibicion-de-karate-ktops\/#breadcrumb","itemListElement":[{"@type":"ListItem","position":1,"name":"Accueil","item":"https:\/\/www.daisho.be\/es\/"},{"@type":"ListItem","position":2,"name":"Productos","item":"https:\/\/www.daisho.be\/es\/productos\/"},{"@type":"ListItem","position":3,"name":"Equipamiento y ropa para artes marciales y deportes de combate","item":"https:\/\/www.daisho.be\/es\/categorie-produit\/equipamiento-y-ropa-para-artes-marciales-y-deportes-de-combate\/"},{"@type":"ListItem","position":4,"name":"Karate","item":"https:\/\/www.daisho.be\/es\/categorie-produit\/equipamiento-y-ropa-para-artes-marciales-y-deportes-de-combate\/karate-es-2\/"},{"@type":"ListItem","position":5,"name":"Equipamiento de competici\u00f3n de k\u00e1rate","item":"https:\/\/www.daisho.be\/es\/categorie-produit\/equipamiento-y-ropa-para-artes-marciales-y-deportes-de-combate\/karate-es-2\/equipamiento-de-competicion-de-karate\/"},{"@type":"ListItem","position":6,"name":"Pantalla de k\u00e1rate KTOPS alimentada por la red el\u00e9ctrica"}]},{"@type":"WebSite","@id":"https:\/\/www.daisho.be\/es\/#website","url":"https:\/\/www.daisho.be\/es\/","name":"Daisho","description":"Sp&eacute;cialiste de l'&eacute;quipement sportif d'arts martiaux","publisher":{"@id":"https:\/\/www.daisho.be\/es\/#organization"},"potentialAction":[{"@type":"SearchAction","target":{"@type":"EntryPoint","urlTemplate":"https:\/\/www.daisho.be\/es\/?s={search_term_string}"},"query-input":{"@type":"PropertyValueSpecification","valueRequired":true,"valueName":"search_term_string"}}],"inLanguage":"es"},{"@type":"Organization","@id":"https:\/\/www.daisho.be\/es\/#organization","name":"Daisho","url":"https:\/\/www.daisho.be\/es\/","logo":{"@type":"ImageObject","inLanguage":"es","@id":"https:\/\/www.daisho.be\/es\/#\/schema\/logo\/image\/","url":"https:\/\/www.daisho.be\/wp-content\/uploads\/2019\/07\/color-nothing-horizontale4x-e1564486100247.png","contentUrl":"https:\/\/www.daisho.be\/wp-content\/uploads\/2019\/07\/color-nothing-horizontale4x-e1564486100247.png","width":1547,"height":385,"caption":"Daisho"},"image":{"@id":"https:\/\/www.daisho.be\/es\/#\/schema\/logo\/image\/"}}]}},"_links":{"self":[{"href":"https:\/\/www.daisho.be\/es\/wp-json\/wp\/v2\/product\/345128","targetHints":{"allow":["GET"]}}],"collection":[{"href":"https:\/\/www.daisho.be\/es\/wp-json\/wp\/v2\/product"}],"about":[{"href":"https:\/\/www.daisho.be\/es\/wp-json\/wp\/v2\/types\/product"}],"replies":[{"embeddable":true,"href":"https:\/\/www.daisho.be\/es\/wp-json\/wp\/v2\/comments?post=345128"}],"wp:featuredmedia":[{"embeddable":true,"href":"https:\/\/www.daisho.be\/es\/wp-json\/wp\/v2\/media\/521090"}],"wp:attachment":[{"href":"https:\/\/www.daisho.be\/es\/wp-json\/wp\/v2\/media?parent=345128"}],"wp:term":[{"taxonomy":"product_brand","embeddable":true,"href":"https:\/\/www.daisho.be\/es\/wp-json\/wp\/v2\/product_brand?post=345128"},{"taxonomy":"product_cat","embeddable":true,"href":"https:\/\/www.daisho.be\/es\/wp-json\/wp\/v2\/product_cat?post=345128"},{"taxonomy":"product_tag","embeddable":true,"href":"https:\/\/www.daisho.be\/es\/wp-json\/wp\/v2\/product_tag?post=345128"},{"taxonomy":"sport","embeddable":true,"href":"https:\/\/www.daisho.be\/es\/wp-json\/wp\/v2\/sport?post=345128"}],"curies":[{"name":"wp","href":"https:\/\/api.w.org\/{rel}","templated":true}]}}