{"id":345123,"date":"2019-09-18T22:38:34","date_gmt":"2019-09-18T20:38:34","guid":{"rendered":"https:\/\/www.daisho.be\/produit\/pantalla-de-judo-j-topb\/"},"modified":"2026-03-31T15:52:19","modified_gmt":"2026-03-31T13:52:19","slug":"pantalla-de-judo-j-topb","status":"publish","type":"product","link":"https:\/\/www.daisho.be\/es\/produit\/pantalla-de-judo-j-topb\/","title":{"rendered":"Marcador de judo J-TOPB a pilas"},"content":{"rendered":"<p>Marcador de judo port\u00e1til JTOP\/S con consola retr\u00e1ctil.<br \/>\nEl marcador de judo J-Top es un marcador verdaderamente port\u00e1til. Funciona con alimentaci\u00f3n de red o a pilas y est\u00e1 equipado con una consola abatible. Funciona con pilas.<br \/>\nCon su pantalla LCD retroiluminada para una mayor facilidad de uso, el marcador J-Top es ergon\u00f3mico, ligero y f\u00e1cil de transportar y almacenar. Est\u00e1 fabricado con un enfoque de dise\u00f1o ecol\u00f3gico pensado para minimizar el consumo de energ\u00eda y el impacto del transporte.<br \/>\nCompuesto por:<br \/>\n&#8211; 1 Marcador port\u00e1til con consola de control integrada<br \/>\n&#8211; 1 Cargador de pilas<br \/>\n&#8211; Instrucciones de instalaci\u00f3n  <\/p>\n<p>Especificaciones t\u00e9cnicas:<br \/>\nUso: Interior<br \/>\nTransmisi\u00f3n: Directa<br \/>\nLegibilidad: 35 m, \u00e1ngulo &gt;160\u00b0<br \/>\nDimensiones: 730 x 370 x 110 mm<br \/>\nPeso: 5,5 kg<br \/>\nAlimentaci\u00f3n: Bater\u00edas internas de plomo &#8211; 2 x 6V 4,5Ah (tiempo de funcionamiento aprox. 20 horas).<br \/>\nProtecci\u00f3n: Panel frontal irrompible de policarbonato negro mate antideslumbrante (DIN 18032-3)<br \/>\nBocina integrada: 86 dB a 1 m<\/p>\n<p>Dimensiones: 733 x 368 x 115 mm<br \/>\nD\u00edgitos: 9 cm &#8211; Legibilidad 35 m<\/p>\n<p>Funciones de visualizaci\u00f3n:<br \/>\nPuntuaci\u00f3n:<br \/>\n&#8211; Ippon (I): 2 x 1 d\u00edgitos rojos (9 cm)<br \/>\n&#8211; Waza-Hari (W): 2 x 1 d\u00edgitos rojos (9 cm)<br \/>\n&#8211; Yoko (Y): 2 x 1 d\u00edgitos rojos (9 cm)<br \/>\n&#8211; D\u00edgitos intermitentes (para indicar el lado ganador)<br \/>\nFaltas:<br \/>\n&#8211; Hansoku-make (H): 2 x 1 d\u00edgitos rojos<br \/>\n&#8211; Shido (S) 1-2-3: 2 x 3 d\u00edgitos rojos<br \/>\nCron\u00f3metro:<br \/>\n&#8211; Duraci\u00f3n de la competici\u00f3n, Osaekomi,<br \/>\n&#8211; Puntuaci\u00f3n de oro: 3 d\u00edgitos rojos (9 cm)<br \/>\nIndicaci\u00f3n de los equipos : Pegatinas rojas y azules<\/p>\n<p>Consola:<br \/>\n1 consola integrada: (340 x 175 x 60 mm) con pantalla LCD de 2 l\u00edneas con 20 caracteres de 9 mm<br \/>\nPuerto USB: para actualizar el programa<br \/>\nPrograma: Judo (competici\u00f3n), Randori (entrenamiento) seg\u00fan las normas de la FIJ (2013)<br \/>\nBocina Programable con 3 sonidos diferentes (para 3 competiciones en el mismo dojo)<br \/>\nPrograma multiling\u00fce<\/p>\n<p>Opciones:<br \/>\nPantalla del repetidor J-Top<br \/>\nMalet\u00edn de transporte<\/p>\n","protected":false},"excerpt":{"rendered":"<p>Marcador de judo port\u00e1til JTOP\/S con consola retr\u00e1ctil. El marcador de judo J-Top es un marcador verdaderamente port\u00e1til. Funciona con alimentaci\u00f3n de red o a pilas y est\u00e1 equipado con una consola abatible. Funciona con pilas. Con su pantalla LCD retroiluminada para una mayor facilidad de uso, el marcador J-Top es ergon\u00f3mico, ligero y f\u00e1cil [&hellip;]<\/p>\n","protected":false},"featured_media":521268,"comment_status":"open","ping_status":"closed","template":"","meta":{"inline_featured_image":false},"product_brand":[],"product_cat":[1477,1431],"product_tag":[1429],"sport":[78],"class_list":{"0":"post-345123","1":"product","2":"type-product","3":"status-publish","4":"has-post-thumbnail","6":"product_cat-equipos-de-competicion-es","7":"product_cat-exposiciones-concurso","8":"product_tag-stramatel-es","9":"pa_size-sans-taille","10":"sport-judo","12":"first","13":"instock","14":"taxable","15":"shipping-taxable","16":"purchasable","17":"product-type-simple"},"yoast_head":"<!-- This site is optimized with the Yoast SEO plugin v27.2 - https:\/\/yoast.com\/product\/yoast-seo-wordpress\/ -->\n<title>Marcador de judo J-TOPB a pilas &#8211; Daisho<\/title>\n<meta name=\"description\" content=\"Marcador de judo J-TOP a pilas: autonom\u00eda de 20 horas, homologado por la FIJ. Legibilidad de 35 m, puntuaciones y tiempos completos. Encu\u00e9ntralo en www.daisho.be|Daisho\" \/>\n<meta name=\"robots\" content=\"index, follow, max-snippet:-1, max-image-preview:large, max-video-preview:-1\" \/>\n<link rel=\"canonical\" href=\"https:\/\/www.daisho.be\/es\/produit\/pantalla-de-judo-j-topb\/\" \/>\n<meta property=\"og:locale\" content=\"es_ES\" \/>\n<meta property=\"og:type\" content=\"article\" \/>\n<meta property=\"og:title\" content=\"Marcador de judo J-TOPB a pilas &#8211; Daisho\" \/>\n<meta property=\"og:description\" content=\"Marcador de judo J-TOP a pilas: autonom\u00eda de 20 horas, homologado por la FIJ. Legibilidad de 35 m, puntuaciones y tiempos completos. Encu\u00e9ntralo en www.daisho.be|Daisho\" \/>\n<meta property=\"og:url\" content=\"https:\/\/www.daisho.be\/es\/produit\/pantalla-de-judo-j-topb\/\" \/>\n<meta property=\"og:site_name\" content=\"Daisho\" \/>\n<meta property=\"article:modified_time\" content=\"2026-03-31T13:52:19+00:00\" \/>\n<meta property=\"og:image\" content=\"https:\/\/www.daisho.be\/wp-content\/uploads\/2025\/05\/image-24.webp\" \/>\n\t<meta property=\"og:image:width\" content=\"500\" \/>\n\t<meta property=\"og:image:height\" content=\"500\" \/>\n\t<meta property=\"og:image:type\" content=\"image\/webp\" \/>\n<meta name=\"twitter:card\" content=\"summary_large_image\" \/>\n<meta name=\"twitter:label1\" content=\"Tiempo de lectura\" \/>\n\t<meta name=\"twitter:data1\" content=\"2 minutos\" \/>\n<script type=\"application\/ld+json\" class=\"yoast-schema-graph\">{\"@context\":\"https:\/\/schema.org\",\"@graph\":[{\"@type\":\"WebPage\",\"@id\":\"https:\/\/www.daisho.be\/es\/produit\/pantalla-de-judo-j-topb\/\",\"url\":\"https:\/\/www.daisho.be\/es\/produit\/pantalla-de-judo-j-topb\/\",\"name\":\"Marcador de judo J-TOPB a pilas &#8211; Daisho\",\"isPartOf\":{\"@id\":\"https:\/\/www.daisho.be\/es\/#website\"},\"primaryImageOfPage\":{\"@id\":\"https:\/\/www.daisho.be\/es\/produit\/pantalla-de-judo-j-topb\/#primaryimage\"},\"image\":{\"@id\":\"https:\/\/www.daisho.be\/es\/produit\/pantalla-de-judo-j-topb\/#primaryimage\"},\"thumbnailUrl\":\"https:\/\/www.daisho.be\/wp-content\/uploads\/2025\/05\/image-24.webp\",\"datePublished\":\"2019-09-18T20:38:34+00:00\",\"dateModified\":\"2026-03-31T13:52:19+00:00\",\"description\":\"Marcador de judo J-TOP a pilas: autonom\u00eda de 20 horas, homologado por la FIJ. Legibilidad de 35 m, puntuaciones y tiempos completos. Encu\u00e9ntralo en www.daisho.be|Daisho\",\"breadcrumb\":{\"@id\":\"https:\/\/www.daisho.be\/es\/produit\/pantalla-de-judo-j-topb\/#breadcrumb\"},\"inLanguage\":\"es\",\"potentialAction\":[{\"@type\":\"ReadAction\",\"target\":[\"https:\/\/www.daisho.be\/es\/produit\/pantalla-de-judo-j-topb\/\"]}]},{\"@type\":\"ImageObject\",\"inLanguage\":\"es\",\"@id\":\"https:\/\/www.daisho.be\/es\/produit\/pantalla-de-judo-j-topb\/#primaryimage\",\"url\":\"https:\/\/www.daisho.be\/wp-content\/uploads\/2025\/05\/image-24.webp\",\"contentUrl\":\"https:\/\/www.daisho.be\/wp-content\/uploads\/2025\/05\/image-24.webp\",\"width\":500,\"height\":500,\"caption\":\"Pantalla de judo J-TOPB a pilas-1\"},{\"@type\":\"BreadcrumbList\",\"@id\":\"https:\/\/www.daisho.be\/es\/produit\/pantalla-de-judo-j-topb\/#breadcrumb\",\"itemListElement\":[{\"@type\":\"ListItem\",\"position\":1,\"name\":\"Accueil\",\"item\":\"https:\/\/www.daisho.be\/es\/\"},{\"@type\":\"ListItem\",\"position\":2,\"name\":\"Productos\",\"item\":\"https:\/\/www.daisho.be\/es\/productos\/\"},{\"@type\":\"ListItem\",\"position\":3,\"name\":\"Equipamiento y ropa para artes marciales y deportes de combate\",\"item\":\"https:\/\/www.daisho.be\/es\/categorie-produit\/equipamiento-y-ropa-para-artes-marciales-y-deportes-de-combate\/\"},{\"@type\":\"ListItem\",\"position\":4,\"name\":\"Judo\",\"item\":\"https:\/\/www.daisho.be\/es\/categorie-produit\/equipamiento-y-ropa-para-artes-marciales-y-deportes-de-combate\/judo-es\/\"},{\"@type\":\"ListItem\",\"position\":5,\"name\":\"Equipos de competici\u00f3n\",\"item\":\"https:\/\/www.daisho.be\/es\/categorie-produit\/equipamiento-y-ropa-para-artes-marciales-y-deportes-de-combate\/judo-es\/equipos-de-competicion-es\/\"},{\"@type\":\"ListItem\",\"position\":6,\"name\":\"Marcador de judo J-TOPB a pilas\"}]},{\"@type\":\"WebSite\",\"@id\":\"https:\/\/www.daisho.be\/es\/#website\",\"url\":\"https:\/\/www.daisho.be\/es\/\",\"name\":\"Daisho\",\"description\":\"Sp&eacute;cialiste de l'&eacute;quipement sportif d'arts martiaux\",\"publisher\":{\"@id\":\"https:\/\/www.daisho.be\/es\/#organization\"},\"potentialAction\":[{\"@type\":\"SearchAction\",\"target\":{\"@type\":\"EntryPoint\",\"urlTemplate\":\"https:\/\/www.daisho.be\/es\/?s={search_term_string}\"},\"query-input\":{\"@type\":\"PropertyValueSpecification\",\"valueRequired\":true,\"valueName\":\"search_term_string\"}}],\"inLanguage\":\"es\"},{\"@type\":\"Organization\",\"@id\":\"https:\/\/www.daisho.be\/es\/#organization\",\"name\":\"Daisho\",\"url\":\"https:\/\/www.daisho.be\/es\/\",\"logo\":{\"@type\":\"ImageObject\",\"inLanguage\":\"es\",\"@id\":\"https:\/\/www.daisho.be\/es\/#\/schema\/logo\/image\/\",\"url\":\"https:\/\/www.daisho.be\/wp-content\/uploads\/2019\/07\/color-nothing-horizontale4x-e1564486100247.png\",\"contentUrl\":\"https:\/\/www.daisho.be\/wp-content\/uploads\/2019\/07\/color-nothing-horizontale4x-e1564486100247.png\",\"width\":1547,\"height\":385,\"caption\":\"Daisho\"},\"image\":{\"@id\":\"https:\/\/www.daisho.be\/es\/#\/schema\/logo\/image\/\"}}]}<\/script>\n<!-- \/ Yoast SEO plugin. -->","yoast_head_json":{"title":"Marcador de judo J-TOPB a pilas &#8211; Daisho","description":"Marcador de judo J-TOP a pilas: autonom\u00eda de 20 horas, homologado por la FIJ. Legibilidad de 35 m, puntuaciones y tiempos completos. Encu\u00e9ntralo en www.daisho.be|Daisho","robots":{"index":"index","follow":"follow","max-snippet":"max-snippet:-1","max-image-preview":"max-image-preview:large","max-video-preview":"max-video-preview:-1"},"canonical":"https:\/\/www.daisho.be\/es\/produit\/pantalla-de-judo-j-topb\/","og_locale":"es_ES","og_type":"article","og_title":"Marcador de judo J-TOPB a pilas &#8211; Daisho","og_description":"Marcador de judo J-TOP a pilas: autonom\u00eda de 20 horas, homologado por la FIJ. Legibilidad de 35 m, puntuaciones y tiempos completos. Encu\u00e9ntralo en www.daisho.be|Daisho","og_url":"https:\/\/www.daisho.be\/es\/produit\/pantalla-de-judo-j-topb\/","og_site_name":"Daisho","article_modified_time":"2026-03-31T13:52:19+00:00","og_image":[{"width":500,"height":500,"url":"https:\/\/www.daisho.be\/wp-content\/uploads\/2025\/05\/image-24.webp","type":"image\/webp"}],"twitter_card":"summary_large_image","twitter_misc":{"Tiempo de lectura":"2 minutos"},"schema":{"@context":"https:\/\/schema.org","@graph":[{"@type":"WebPage","@id":"https:\/\/www.daisho.be\/es\/produit\/pantalla-de-judo-j-topb\/","url":"https:\/\/www.daisho.be\/es\/produit\/pantalla-de-judo-j-topb\/","name":"Marcador de judo J-TOPB a pilas &#8211; Daisho","isPartOf":{"@id":"https:\/\/www.daisho.be\/es\/#website"},"primaryImageOfPage":{"@id":"https:\/\/www.daisho.be\/es\/produit\/pantalla-de-judo-j-topb\/#primaryimage"},"image":{"@id":"https:\/\/www.daisho.be\/es\/produit\/pantalla-de-judo-j-topb\/#primaryimage"},"thumbnailUrl":"https:\/\/www.daisho.be\/wp-content\/uploads\/2025\/05\/image-24.webp","datePublished":"2019-09-18T20:38:34+00:00","dateModified":"2026-03-31T13:52:19+00:00","description":"Marcador de judo J-TOP a pilas: autonom\u00eda de 20 horas, homologado por la FIJ. Legibilidad de 35 m, puntuaciones y tiempos completos. Encu\u00e9ntralo en www.daisho.be|Daisho","breadcrumb":{"@id":"https:\/\/www.daisho.be\/es\/produit\/pantalla-de-judo-j-topb\/#breadcrumb"},"inLanguage":"es","potentialAction":[{"@type":"ReadAction","target":["https:\/\/www.daisho.be\/es\/produit\/pantalla-de-judo-j-topb\/"]}]},{"@type":"ImageObject","inLanguage":"es","@id":"https:\/\/www.daisho.be\/es\/produit\/pantalla-de-judo-j-topb\/#primaryimage","url":"https:\/\/www.daisho.be\/wp-content\/uploads\/2025\/05\/image-24.webp","contentUrl":"https:\/\/www.daisho.be\/wp-content\/uploads\/2025\/05\/image-24.webp","width":500,"height":500,"caption":"Pantalla de judo J-TOPB a pilas-1"},{"@type":"BreadcrumbList","@id":"https:\/\/www.daisho.be\/es\/produit\/pantalla-de-judo-j-topb\/#breadcrumb","itemListElement":[{"@type":"ListItem","position":1,"name":"Accueil","item":"https:\/\/www.daisho.be\/es\/"},{"@type":"ListItem","position":2,"name":"Productos","item":"https:\/\/www.daisho.be\/es\/productos\/"},{"@type":"ListItem","position":3,"name":"Equipamiento y ropa para artes marciales y deportes de combate","item":"https:\/\/www.daisho.be\/es\/categorie-produit\/equipamiento-y-ropa-para-artes-marciales-y-deportes-de-combate\/"},{"@type":"ListItem","position":4,"name":"Judo","item":"https:\/\/www.daisho.be\/es\/categorie-produit\/equipamiento-y-ropa-para-artes-marciales-y-deportes-de-combate\/judo-es\/"},{"@type":"ListItem","position":5,"name":"Equipos de competici\u00f3n","item":"https:\/\/www.daisho.be\/es\/categorie-produit\/equipamiento-y-ropa-para-artes-marciales-y-deportes-de-combate\/judo-es\/equipos-de-competicion-es\/"},{"@type":"ListItem","position":6,"name":"Marcador de judo J-TOPB a pilas"}]},{"@type":"WebSite","@id":"https:\/\/www.daisho.be\/es\/#website","url":"https:\/\/www.daisho.be\/es\/","name":"Daisho","description":"Sp&eacute;cialiste de l'&eacute;quipement sportif d'arts martiaux","publisher":{"@id":"https:\/\/www.daisho.be\/es\/#organization"},"potentialAction":[{"@type":"SearchAction","target":{"@type":"EntryPoint","urlTemplate":"https:\/\/www.daisho.be\/es\/?s={search_term_string}"},"query-input":{"@type":"PropertyValueSpecification","valueRequired":true,"valueName":"search_term_string"}}],"inLanguage":"es"},{"@type":"Organization","@id":"https:\/\/www.daisho.be\/es\/#organization","name":"Daisho","url":"https:\/\/www.daisho.be\/es\/","logo":{"@type":"ImageObject","inLanguage":"es","@id":"https:\/\/www.daisho.be\/es\/#\/schema\/logo\/image\/","url":"https:\/\/www.daisho.be\/wp-content\/uploads\/2019\/07\/color-nothing-horizontale4x-e1564486100247.png","contentUrl":"https:\/\/www.daisho.be\/wp-content\/uploads\/2019\/07\/color-nothing-horizontale4x-e1564486100247.png","width":1547,"height":385,"caption":"Daisho"},"image":{"@id":"https:\/\/www.daisho.be\/es\/#\/schema\/logo\/image\/"}}]}},"_links":{"self":[{"href":"https:\/\/www.daisho.be\/es\/wp-json\/wp\/v2\/product\/345123","targetHints":{"allow":["GET"]}}],"collection":[{"href":"https:\/\/www.daisho.be\/es\/wp-json\/wp\/v2\/product"}],"about":[{"href":"https:\/\/www.daisho.be\/es\/wp-json\/wp\/v2\/types\/product"}],"replies":[{"embeddable":true,"href":"https:\/\/www.daisho.be\/es\/wp-json\/wp\/v2\/comments?post=345123"}],"wp:featuredmedia":[{"embeddable":true,"href":"https:\/\/www.daisho.be\/es\/wp-json\/wp\/v2\/media\/521268"}],"wp:attachment":[{"href":"https:\/\/www.daisho.be\/es\/wp-json\/wp\/v2\/media?parent=345123"}],"wp:term":[{"taxonomy":"product_brand","embeddable":true,"href":"https:\/\/www.daisho.be\/es\/wp-json\/wp\/v2\/product_brand?post=345123"},{"taxonomy":"product_cat","embeddable":true,"href":"https:\/\/www.daisho.be\/es\/wp-json\/wp\/v2\/product_cat?post=345123"},{"taxonomy":"product_tag","embeddable":true,"href":"https:\/\/www.daisho.be\/es\/wp-json\/wp\/v2\/product_tag?post=345123"},{"taxonomy":"sport","embeddable":true,"href":"https:\/\/www.daisho.be\/es\/wp-json\/wp\/v2\/sport?post=345123"}],"curies":[{"name":"wp","href":"https:\/\/api.w.org\/{rel}","templated":true}]}}