{"id":345122,"date":"2019-09-18T22:38:59","date_gmt":"2019-09-18T20:38:59","guid":{"rendered":"https:\/\/www.daisho.be\/produit\/exhibicion-de-lucha-libre-de-la-clf\/"},"modified":"2025-10-09T13:53:19","modified_gmt":"2025-10-09T11:53:19","slug":"exhibicion-de-lucha-libre-de-la-clf","status":"publish","type":"product","link":"https:\/\/www.daisho.be\/es\/produit\/exhibicion-de-lucha-libre-de-la-clf\/","title":{"rendered":"Exhibici\u00f3n de lucha libre de la CLF"},"content":{"rendered":"<p>Composici\u00f3n:<\/p>\n<p>&#8211; 1 tabl\u00f3n de anuncios<\/p>\n<p>&#8211; 1 soporte con ruedas<\/p>\n<p>&#8211; 1 consola de control<\/p>\n<p>&#8211; 1 malet\u00edn de transporte<\/p>\n<p>&#8211; 1 cargador de consola de control<\/p>\n<p>&#8211; 1 cable de alimentaci\u00f3n (12 m)<\/p>\n<p>&#8211; Instrucciones de uso<\/p>\n<p>Descripci\u00f3n :<\/p>\n<p>Uso : Interior<\/p>\n<p>Transmisi\u00f3n: radio o cable<\/p>\n<p>Legibilidad: 90 m, \u00e1ngulo &gt;160\u00b0.<\/p>\n<p>Dimensiones: 2000 x 800 x 90 mm<\/p>\n<p>Peso: 32 kg<\/p>\n<p>Alimentaci\u00f3n: 230 V\/60Hz<\/p>\n<p>Protecci\u00f3n: Panel frontal de policarbonato mate irrompible<\/p>\n<p>Bocina integrada: 100 dB a 1 m<\/p>\n<p>Funciones de visualizaci\u00f3n :<\/p>\n<p>C\u00f3digo de pa\u00eds: 2 x 3 caracteres LED amarillos (16 cm)<\/p>\n<p>Puntuaci\u00f3n: 2 x 2 d\u00edgitos LED amarillos (16 cm)<\/p>\n<p>Identificaci\u00f3n del equipo : Pegatinas azules y rojas<\/p>\n<p>Ganador del periodo (V): 1 punto LED azul + 1 punto LED rojo<\/p>\n<p>N\u00famero de partido: 3 d\u00edgitos LED amarillos (12 cm)<\/p>\n<p>Cron\u00f3metro: 3 d\u00edgitos LED rojos (16 cm) + 2 puntos intermitentes<\/p>\n<p>Categor\u00eda de peso: 3 d\u00edgitos LED rojos (16 cm)<\/p>\n<p>Advertencia (Av): 2 x 3 puntos amarillos<\/p>\n<p>Panel de control :<\/p>\n<p>1 consola: (340 x 175 x 60 mm) con pantalla LCD retroiluminada de 2 canales y 20 caracteres (9 mm de altura)<\/p>\n<p>Puerto USB: Para actualizar el programa<\/p>\n<p>Programa: Seg\u00fan las normas de la FILA<\/p>\n<p>Se\u00f1al ac\u00fastica: bocina autom\u00e1tica al final de un tiempo programado (tiempo de lucha, tiempo de descanso, pr\u00f3rroga, pasividad).<\/p>\n","protected":false},"excerpt":{"rendered":"<p>Composici\u00f3n: &#8211; 1 tabl\u00f3n de anuncios &#8211; 1 soporte con ruedas &#8211; 1 consola de control &#8211; 1 malet\u00edn de transporte &#8211; 1 cargador de consola de control &#8211; 1 cable de alimentaci\u00f3n (12 m) &#8211; Instrucciones de uso Descripci\u00f3n : Uso : Interior Transmisi\u00f3n: radio o cable Legibilidad: 90 m, \u00e1ngulo &gt;160\u00b0. Dimensiones: 2000 [&hellip;]<\/p>\n","protected":false},"featured_media":524325,"comment_status":"open","ping_status":"closed","template":"","meta":{"inline_featured_image":false},"product_brand":[],"product_cat":[1431],"product_tag":[1429],"sport":[],"class_list":{"0":"post-345122","1":"product","2":"type-product","3":"status-publish","4":"has-post-thumbnail","6":"product_cat-exposiciones-concurso","7":"product_tag-stramatel-es","8":"pa_size-sans-taille","10":"first","11":"instock","12":"taxable","13":"shipping-taxable","14":"purchasable","15":"product-type-simple"},"yoast_head":"<!-- This site is optimized with the Yoast SEO plugin v27.2 - https:\/\/yoast.com\/product\/yoast-seo-wordpress\/ -->\n<title>Exhibici\u00f3n de lucha libre de la CLF &#8211; Daisho<\/title>\n<meta name=\"description\" content=\"Descubre la pantalla de lucha CLF alimentada por la red el\u00e9ctrica para tus competiciones. C\u00f3mpralo ahora en nuestro sitio web www.daisho.be|Daisho\" \/>\n<meta name=\"robots\" content=\"index, follow, max-snippet:-1, max-image-preview:large, max-video-preview:-1\" \/>\n<link rel=\"canonical\" href=\"https:\/\/www.daisho.be\/es\/produit\/exhibicion-de-lucha-libre-de-la-clf\/\" \/>\n<meta property=\"og:locale\" content=\"es_ES\" \/>\n<meta property=\"og:type\" content=\"article\" \/>\n<meta property=\"og:title\" content=\"Exhibici\u00f3n de lucha libre de la CLF &#8211; Daisho\" \/>\n<meta property=\"og:description\" content=\"Descubre la pantalla de lucha CLF alimentada por la red el\u00e9ctrica para tus competiciones. C\u00f3mpralo ahora en nuestro sitio web www.daisho.be|Daisho\" \/>\n<meta property=\"og:url\" content=\"https:\/\/www.daisho.be\/es\/produit\/exhibicion-de-lucha-libre-de-la-clf\/\" \/>\n<meta property=\"og:site_name\" content=\"Daisho\" \/>\n<meta property=\"article:modified_time\" content=\"2025-10-09T11:53:19+00:00\" \/>\n<meta property=\"og:image\" content=\"https:\/\/www.daisho.be\/wp-content\/uploads\/2025\/06\/image-3.png\" \/>\n\t<meta property=\"og:image:width\" content=\"500\" \/>\n\t<meta property=\"og:image:height\" content=\"202\" \/>\n\t<meta property=\"og:image:type\" content=\"image\/png\" \/>\n<meta name=\"twitter:card\" content=\"summary_large_image\" \/>\n<meta name=\"twitter:label1\" content=\"Tiempo de lectura\" \/>\n\t<meta name=\"twitter:data1\" content=\"1 minuto\" \/>\n<script type=\"application\/ld+json\" class=\"yoast-schema-graph\">{\"@context\":\"https:\/\/schema.org\",\"@graph\":[{\"@type\":\"WebPage\",\"@id\":\"https:\/\/www.daisho.be\/es\/produit\/exhibicion-de-lucha-libre-de-la-clf\/\",\"url\":\"https:\/\/www.daisho.be\/es\/produit\/exhibicion-de-lucha-libre-de-la-clf\/\",\"name\":\"Exhibici\u00f3n de lucha libre de la CLF &#8211; Daisho\",\"isPartOf\":{\"@id\":\"https:\/\/www.daisho.be\/es\/#website\"},\"primaryImageOfPage\":{\"@id\":\"https:\/\/www.daisho.be\/es\/produit\/exhibicion-de-lucha-libre-de-la-clf\/#primaryimage\"},\"image\":{\"@id\":\"https:\/\/www.daisho.be\/es\/produit\/exhibicion-de-lucha-libre-de-la-clf\/#primaryimage\"},\"thumbnailUrl\":\"https:\/\/www.daisho.be\/wp-content\/uploads\/2025\/06\/image-3.png\",\"datePublished\":\"2019-09-18T20:38:59+00:00\",\"dateModified\":\"2025-10-09T11:53:19+00:00\",\"description\":\"Descubre la pantalla de lucha CLF alimentada por la red el\u00e9ctrica para tus competiciones. C\u00f3mpralo ahora en nuestro sitio web www.daisho.be|Daisho\",\"breadcrumb\":{\"@id\":\"https:\/\/www.daisho.be\/es\/produit\/exhibicion-de-lucha-libre-de-la-clf\/#breadcrumb\"},\"inLanguage\":\"es\",\"potentialAction\":[{\"@type\":\"ReadAction\",\"target\":[\"https:\/\/www.daisho.be\/es\/produit\/exhibicion-de-lucha-libre-de-la-clf\/\"]}]},{\"@type\":\"ImageObject\",\"inLanguage\":\"es\",\"@id\":\"https:\/\/www.daisho.be\/es\/produit\/exhibicion-de-lucha-libre-de-la-clf\/#primaryimage\",\"url\":\"https:\/\/www.daisho.be\/wp-content\/uploads\/2025\/06\/image-3.png\",\"contentUrl\":\"https:\/\/www.daisho.be\/wp-content\/uploads\/2025\/06\/image-3.png\",\"width\":500,\"height\":202,\"caption\":\"Pantalla de lucha CLF-1\"},{\"@type\":\"BreadcrumbList\",\"@id\":\"https:\/\/www.daisho.be\/es\/produit\/exhibicion-de-lucha-libre-de-la-clf\/#breadcrumb\",\"itemListElement\":[{\"@type\":\"ListItem\",\"position\":1,\"name\":\"Accueil\",\"item\":\"https:\/\/www.daisho.be\/es\/\"},{\"@type\":\"ListItem\",\"position\":2,\"name\":\"Productos\",\"item\":\"https:\/\/www.daisho.be\/es\/productos\/\"},{\"@type\":\"ListItem\",\"position\":3,\"name\":\"Deportes de combate\",\"item\":\"https:\/\/www.daisho.be\/es\/categorie-produit\/deportes-de-combate\/\"},{\"@type\":\"ListItem\",\"position\":4,\"name\":\"Exposiciones (concurso)\",\"item\":\"https:\/\/www.daisho.be\/es\/categorie-produit\/deportes-de-combate\/exposiciones-concurso\/\"},{\"@type\":\"ListItem\",\"position\":5,\"name\":\"Exhibici\u00f3n de lucha libre de la CLF\"}]},{\"@type\":\"WebSite\",\"@id\":\"https:\/\/www.daisho.be\/es\/#website\",\"url\":\"https:\/\/www.daisho.be\/es\/\",\"name\":\"Daisho\",\"description\":\"Sp&eacute;cialiste de l'&eacute;quipement sportif d'arts martiaux\",\"publisher\":{\"@id\":\"https:\/\/www.daisho.be\/es\/#organization\"},\"potentialAction\":[{\"@type\":\"SearchAction\",\"target\":{\"@type\":\"EntryPoint\",\"urlTemplate\":\"https:\/\/www.daisho.be\/es\/?s={search_term_string}\"},\"query-input\":{\"@type\":\"PropertyValueSpecification\",\"valueRequired\":true,\"valueName\":\"search_term_string\"}}],\"inLanguage\":\"es\"},{\"@type\":\"Organization\",\"@id\":\"https:\/\/www.daisho.be\/es\/#organization\",\"name\":\"Daisho\",\"url\":\"https:\/\/www.daisho.be\/es\/\",\"logo\":{\"@type\":\"ImageObject\",\"inLanguage\":\"es\",\"@id\":\"https:\/\/www.daisho.be\/es\/#\/schema\/logo\/image\/\",\"url\":\"https:\/\/www.daisho.be\/wp-content\/uploads\/2019\/07\/color-nothing-horizontale4x-e1564486100247.png\",\"contentUrl\":\"https:\/\/www.daisho.be\/wp-content\/uploads\/2019\/07\/color-nothing-horizontale4x-e1564486100247.png\",\"width\":1547,\"height\":385,\"caption\":\"Daisho\"},\"image\":{\"@id\":\"https:\/\/www.daisho.be\/es\/#\/schema\/logo\/image\/\"}}]}<\/script>\n<!-- \/ Yoast SEO plugin. -->","yoast_head_json":{"title":"Exhibici\u00f3n de lucha libre de la CLF &#8211; Daisho","description":"Descubre la pantalla de lucha CLF alimentada por la red el\u00e9ctrica para tus competiciones. C\u00f3mpralo ahora en nuestro sitio web www.daisho.be|Daisho","robots":{"index":"index","follow":"follow","max-snippet":"max-snippet:-1","max-image-preview":"max-image-preview:large","max-video-preview":"max-video-preview:-1"},"canonical":"https:\/\/www.daisho.be\/es\/produit\/exhibicion-de-lucha-libre-de-la-clf\/","og_locale":"es_ES","og_type":"article","og_title":"Exhibici\u00f3n de lucha libre de la CLF &#8211; Daisho","og_description":"Descubre la pantalla de lucha CLF alimentada por la red el\u00e9ctrica para tus competiciones. C\u00f3mpralo ahora en nuestro sitio web www.daisho.be|Daisho","og_url":"https:\/\/www.daisho.be\/es\/produit\/exhibicion-de-lucha-libre-de-la-clf\/","og_site_name":"Daisho","article_modified_time":"2025-10-09T11:53:19+00:00","og_image":[{"width":500,"height":202,"url":"https:\/\/www.daisho.be\/wp-content\/uploads\/2025\/06\/image-3.png","type":"image\/png"}],"twitter_card":"summary_large_image","twitter_misc":{"Tiempo de lectura":"1 minuto"},"schema":{"@context":"https:\/\/schema.org","@graph":[{"@type":"WebPage","@id":"https:\/\/www.daisho.be\/es\/produit\/exhibicion-de-lucha-libre-de-la-clf\/","url":"https:\/\/www.daisho.be\/es\/produit\/exhibicion-de-lucha-libre-de-la-clf\/","name":"Exhibici\u00f3n de lucha libre de la CLF &#8211; Daisho","isPartOf":{"@id":"https:\/\/www.daisho.be\/es\/#website"},"primaryImageOfPage":{"@id":"https:\/\/www.daisho.be\/es\/produit\/exhibicion-de-lucha-libre-de-la-clf\/#primaryimage"},"image":{"@id":"https:\/\/www.daisho.be\/es\/produit\/exhibicion-de-lucha-libre-de-la-clf\/#primaryimage"},"thumbnailUrl":"https:\/\/www.daisho.be\/wp-content\/uploads\/2025\/06\/image-3.png","datePublished":"2019-09-18T20:38:59+00:00","dateModified":"2025-10-09T11:53:19+00:00","description":"Descubre la pantalla de lucha CLF alimentada por la red el\u00e9ctrica para tus competiciones. C\u00f3mpralo ahora en nuestro sitio web www.daisho.be|Daisho","breadcrumb":{"@id":"https:\/\/www.daisho.be\/es\/produit\/exhibicion-de-lucha-libre-de-la-clf\/#breadcrumb"},"inLanguage":"es","potentialAction":[{"@type":"ReadAction","target":["https:\/\/www.daisho.be\/es\/produit\/exhibicion-de-lucha-libre-de-la-clf\/"]}]},{"@type":"ImageObject","inLanguage":"es","@id":"https:\/\/www.daisho.be\/es\/produit\/exhibicion-de-lucha-libre-de-la-clf\/#primaryimage","url":"https:\/\/www.daisho.be\/wp-content\/uploads\/2025\/06\/image-3.png","contentUrl":"https:\/\/www.daisho.be\/wp-content\/uploads\/2025\/06\/image-3.png","width":500,"height":202,"caption":"Pantalla de lucha CLF-1"},{"@type":"BreadcrumbList","@id":"https:\/\/www.daisho.be\/es\/produit\/exhibicion-de-lucha-libre-de-la-clf\/#breadcrumb","itemListElement":[{"@type":"ListItem","position":1,"name":"Accueil","item":"https:\/\/www.daisho.be\/es\/"},{"@type":"ListItem","position":2,"name":"Productos","item":"https:\/\/www.daisho.be\/es\/productos\/"},{"@type":"ListItem","position":3,"name":"Deportes de combate","item":"https:\/\/www.daisho.be\/es\/categorie-produit\/deportes-de-combate\/"},{"@type":"ListItem","position":4,"name":"Exposiciones (concurso)","item":"https:\/\/www.daisho.be\/es\/categorie-produit\/deportes-de-combate\/exposiciones-concurso\/"},{"@type":"ListItem","position":5,"name":"Exhibici\u00f3n de lucha libre de la CLF"}]},{"@type":"WebSite","@id":"https:\/\/www.daisho.be\/es\/#website","url":"https:\/\/www.daisho.be\/es\/","name":"Daisho","description":"Sp&eacute;cialiste de l'&eacute;quipement sportif d'arts martiaux","publisher":{"@id":"https:\/\/www.daisho.be\/es\/#organization"},"potentialAction":[{"@type":"SearchAction","target":{"@type":"EntryPoint","urlTemplate":"https:\/\/www.daisho.be\/es\/?s={search_term_string}"},"query-input":{"@type":"PropertyValueSpecification","valueRequired":true,"valueName":"search_term_string"}}],"inLanguage":"es"},{"@type":"Organization","@id":"https:\/\/www.daisho.be\/es\/#organization","name":"Daisho","url":"https:\/\/www.daisho.be\/es\/","logo":{"@type":"ImageObject","inLanguage":"es","@id":"https:\/\/www.daisho.be\/es\/#\/schema\/logo\/image\/","url":"https:\/\/www.daisho.be\/wp-content\/uploads\/2019\/07\/color-nothing-horizontale4x-e1564486100247.png","contentUrl":"https:\/\/www.daisho.be\/wp-content\/uploads\/2019\/07\/color-nothing-horizontale4x-e1564486100247.png","width":1547,"height":385,"caption":"Daisho"},"image":{"@id":"https:\/\/www.daisho.be\/es\/#\/schema\/logo\/image\/"}}]}},"_links":{"self":[{"href":"https:\/\/www.daisho.be\/es\/wp-json\/wp\/v2\/product\/345122","targetHints":{"allow":["GET"]}}],"collection":[{"href":"https:\/\/www.daisho.be\/es\/wp-json\/wp\/v2\/product"}],"about":[{"href":"https:\/\/www.daisho.be\/es\/wp-json\/wp\/v2\/types\/product"}],"replies":[{"embeddable":true,"href":"https:\/\/www.daisho.be\/es\/wp-json\/wp\/v2\/comments?post=345122"}],"wp:featuredmedia":[{"embeddable":true,"href":"https:\/\/www.daisho.be\/es\/wp-json\/wp\/v2\/media\/524325"}],"wp:attachment":[{"href":"https:\/\/www.daisho.be\/es\/wp-json\/wp\/v2\/media?parent=345122"}],"wp:term":[{"taxonomy":"product_brand","embeddable":true,"href":"https:\/\/www.daisho.be\/es\/wp-json\/wp\/v2\/product_brand?post=345122"},{"taxonomy":"product_cat","embeddable":true,"href":"https:\/\/www.daisho.be\/es\/wp-json\/wp\/v2\/product_cat?post=345122"},{"taxonomy":"product_tag","embeddable":true,"href":"https:\/\/www.daisho.be\/es\/wp-json\/wp\/v2\/product_tag?post=345122"},{"taxonomy":"sport","embeddable":true,"href":"https:\/\/www.daisho.be\/es\/wp-json\/wp\/v2\/sport?post=345122"}],"curies":[{"name":"wp","href":"https:\/\/api.w.org\/{rel}","templated":true}]}}