{"id":344959,"date":"2019-09-18T22:38:00","date_gmt":"2019-09-18T20:38:00","guid":{"rendered":"https:\/\/www.daisho.be\/produit\/exhibicion-de-boxeo-cbb\/"},"modified":"2025-10-09T13:45:00","modified_gmt":"2025-10-09T11:45:00","slug":"exhibicion-de-boxeo-cbb","status":"publish","type":"product","link":"https:\/\/www.daisho.be\/es\/produit\/exhibicion-de-boxeo-cbb\/","title":{"rendered":"Exhibici\u00f3n de boxeo CBB"},"content":{"rendered":"<p>La pantalla de boxeo CBB es un aut\u00e9ntico marcador. Se alimenta a trav\u00e9s de la red el\u00e9ctrica con un cable de 50 m y puede equiparse con un soporte rodante para facilitar su desplazamiento. Tiene una pantalla LCD, que proporciona una mejor calidad de visualizaci\u00f3n.<br \/>\nComposici\u00f3n:<br \/>\n-1 pantalla<br \/>\n-1 consola de radio principal<br \/>\n-5 juez peras<br \/>\n-1 maleta grande<br \/>\n-5 maleta peque\u00f1a<br \/>\n-1 cable de alimentaci\u00f3n de 50 m<br \/>\n-1 instrucciones de uso<br \/>\n-1 manual de instalaci\u00f3n<br \/>\nDescripci\u00f3n t\u00e9cnica :<br \/>\nUso : Interior<br \/>\nTransmisi\u00f3n: Radio<br \/>\nLegibilidad: 60 m, \u00e1ngulo  &gt;160\u00b0<br \/>\nDimensiones: 1500 x 600 x 90 mm<br \/>\nPeso: 24 kg<br \/>\nAlimentaci\u00f3n: Red 230V 50\/60 Hz<br \/>\nProtecci\u00f3n: Panel frontal irrompible de policarbonato negro mate antideslumbrante (DIN 18032-3)<br \/>\nBocina integrada: 116 dB a 1 m<br \/>\nFunciones de visualizaci\u00f3n :<br \/>\nRedondo: 1 d\u00edgitos LED de alta luminosidad de 16 cm<br \/>\nCron\u00f3metro: 3 d\u00edgitos LED de alta luminosidad 16 cm<br \/>\nPuntos: 2&#215;2 d\u00edgitos LED de alta luminosidad de 16 cm<br \/>\nEmpu\u00f1adura: 2&#215;1 d\u00edgitos LED de alta luminosidad 16cm<br \/>\nEscritorio :<br \/>\n1 consola: (340 x 175 x 60 mm) con pantalla LCD de 2 l\u00edneas, 20 caracteres y 9 mm<br \/>\n5 peras juez<br \/>\nPrograma :<br \/>\n&#8211; Longitud redonda<br \/>\n&#8211; Duraci\u00f3n de la pausa entre 2 rondas<br \/>\n&#8211; N\u00famero de rondas<br \/>\n&#8211; Puntos por jugador<br \/>\n&#8211; Rondas ganadas<br \/>\n&#8211; Timbre de fin de ronda<br \/>\nPrograma multiling\u00fce<br \/>\nOpciones:<br \/>\nPie rodante.<\/p>\n","protected":false},"excerpt":{"rendered":"<p>La pantalla de boxeo CBB es un aut\u00e9ntico marcador. Se alimenta a trav\u00e9s de la red el\u00e9ctrica con un cable de 50 m y puede equiparse con un soporte rodante para facilitar su desplazamiento. Tiene una pantalla LCD, que proporciona una mejor calidad de visualizaci\u00f3n. Composici\u00f3n: -1 pantalla -1 consola de radio principal -5 juez [&hellip;]<\/p>\n","protected":false},"featured_media":524836,"comment_status":"closed","ping_status":"closed","template":"","meta":{"inline_featured_image":false},"product_brand":[],"product_cat":[1431],"product_tag":[1429],"sport":[446],"class_list":{"0":"post-344959","1":"product","2":"type-product","3":"status-publish","4":"has-post-thumbnail","6":"product_cat-exposiciones-concurso","7":"product_tag-stramatel-es","8":"pa_size-sans-taille","9":"sport-boxe","11":"first","12":"instock","13":"taxable","14":"shipping-taxable","15":"purchasable","16":"product-type-simple"},"yoast_head":"<!-- This site is optimized with the Yoast SEO plugin v27.2 - https:\/\/yoast.com\/product\/yoast-seo-wordpress\/ -->\n<title>Exhibici\u00f3n de boxeo CBB &#8211; Daisho<\/title>\n<meta name=\"description\" content=\"Descubre el expositor CBB para tus competiciones de boxeo. Podemos a\u00f1adir un pie rodante para moverlo m\u00e1s f\u00e1cilmente. C\u00f3mpralo en www.daisho.be\" \/>\n<meta name=\"robots\" content=\"index, follow, max-snippet:-1, max-image-preview:large, max-video-preview:-1\" \/>\n<link rel=\"canonical\" href=\"https:\/\/www.daisho.be\/es\/produit\/exhibicion-de-boxeo-cbb\/\" \/>\n<meta property=\"og:locale\" content=\"es_ES\" \/>\n<meta property=\"og:type\" content=\"article\" \/>\n<meta property=\"og:title\" content=\"Exhibici\u00f3n de boxeo CBB &#8211; Daisho\" \/>\n<meta property=\"og:description\" content=\"Descubre el expositor CBB para tus competiciones de boxeo. Podemos a\u00f1adir un pie rodante para moverlo m\u00e1s f\u00e1cilmente. C\u00f3mpralo en www.daisho.be\" \/>\n<meta property=\"og:url\" content=\"https:\/\/www.daisho.be\/es\/produit\/exhibicion-de-boxeo-cbb\/\" \/>\n<meta property=\"og:site_name\" content=\"Daisho\" \/>\n<meta property=\"article:modified_time\" content=\"2025-10-09T11:45:00+00:00\" \/>\n<meta property=\"og:image\" content=\"https:\/\/www.daisho.be\/wp-content\/uploads\/2025\/06\/image-12.png\" \/>\n\t<meta property=\"og:image:width\" content=\"476\" \/>\n\t<meta property=\"og:image:height\" content=\"228\" \/>\n\t<meta property=\"og:image:type\" content=\"image\/png\" \/>\n<meta name=\"twitter:card\" content=\"summary_large_image\" \/>\n<meta name=\"twitter:label1\" content=\"Tiempo de lectura\" \/>\n\t<meta name=\"twitter:data1\" content=\"1 minuto\" \/>\n<script type=\"application\/ld+json\" class=\"yoast-schema-graph\">{\"@context\":\"https:\/\/schema.org\",\"@graph\":[{\"@type\":\"WebPage\",\"@id\":\"https:\/\/www.daisho.be\/es\/produit\/exhibicion-de-boxeo-cbb\/\",\"url\":\"https:\/\/www.daisho.be\/es\/produit\/exhibicion-de-boxeo-cbb\/\",\"name\":\"Exhibici\u00f3n de boxeo CBB &#8211; Daisho\",\"isPartOf\":{\"@id\":\"https:\/\/www.daisho.be\/es\/#website\"},\"primaryImageOfPage\":{\"@id\":\"https:\/\/www.daisho.be\/es\/produit\/exhibicion-de-boxeo-cbb\/#primaryimage\"},\"image\":{\"@id\":\"https:\/\/www.daisho.be\/es\/produit\/exhibicion-de-boxeo-cbb\/#primaryimage\"},\"thumbnailUrl\":\"https:\/\/www.daisho.be\/wp-content\/uploads\/2025\/06\/image-12.png\",\"datePublished\":\"2019-09-18T20:38:00+00:00\",\"dateModified\":\"2025-10-09T11:45:00+00:00\",\"description\":\"Descubre el expositor CBB para tus competiciones de boxeo. Podemos a\u00f1adir un pie rodante para moverlo m\u00e1s f\u00e1cilmente. C\u00f3mpralo en www.daisho.be\",\"breadcrumb\":{\"@id\":\"https:\/\/www.daisho.be\/es\/produit\/exhibicion-de-boxeo-cbb\/#breadcrumb\"},\"inLanguage\":\"es\",\"potentialAction\":[{\"@type\":\"ReadAction\",\"target\":[\"https:\/\/www.daisho.be\/es\/produit\/exhibicion-de-boxeo-cbb\/\"]}]},{\"@type\":\"ImageObject\",\"inLanguage\":\"es\",\"@id\":\"https:\/\/www.daisho.be\/es\/produit\/exhibicion-de-boxeo-cbb\/#primaryimage\",\"url\":\"https:\/\/www.daisho.be\/wp-content\/uploads\/2025\/06\/image-12.png\",\"contentUrl\":\"https:\/\/www.daisho.be\/wp-content\/uploads\/2025\/06\/image-12.png\",\"width\":476,\"height\":228,\"caption\":\"Pantalla de boxeo CBB-1\"},{\"@type\":\"BreadcrumbList\",\"@id\":\"https:\/\/www.daisho.be\/es\/produit\/exhibicion-de-boxeo-cbb\/#breadcrumb\",\"itemListElement\":[{\"@type\":\"ListItem\",\"position\":1,\"name\":\"Accueil\",\"item\":\"https:\/\/www.daisho.be\/es\/\"},{\"@type\":\"ListItem\",\"position\":2,\"name\":\"Productos\",\"item\":\"https:\/\/www.daisho.be\/es\/productos\/\"},{\"@type\":\"ListItem\",\"position\":3,\"name\":\"Deportes de combate\",\"item\":\"https:\/\/www.daisho.be\/es\/categorie-produit\/deportes-de-combate\/\"},{\"@type\":\"ListItem\",\"position\":4,\"name\":\"Exposiciones (concurso)\",\"item\":\"https:\/\/www.daisho.be\/es\/categorie-produit\/deportes-de-combate\/exposiciones-concurso\/\"},{\"@type\":\"ListItem\",\"position\":5,\"name\":\"Exhibici\u00f3n de boxeo CBB\"}]},{\"@type\":\"WebSite\",\"@id\":\"https:\/\/www.daisho.be\/es\/#website\",\"url\":\"https:\/\/www.daisho.be\/es\/\",\"name\":\"Daisho\",\"description\":\"Sp&eacute;cialiste de l'&eacute;quipement sportif d'arts martiaux\",\"publisher\":{\"@id\":\"https:\/\/www.daisho.be\/es\/#organization\"},\"potentialAction\":[{\"@type\":\"SearchAction\",\"target\":{\"@type\":\"EntryPoint\",\"urlTemplate\":\"https:\/\/www.daisho.be\/es\/?s={search_term_string}\"},\"query-input\":{\"@type\":\"PropertyValueSpecification\",\"valueRequired\":true,\"valueName\":\"search_term_string\"}}],\"inLanguage\":\"es\"},{\"@type\":\"Organization\",\"@id\":\"https:\/\/www.daisho.be\/es\/#organization\",\"name\":\"Daisho\",\"url\":\"https:\/\/www.daisho.be\/es\/\",\"logo\":{\"@type\":\"ImageObject\",\"inLanguage\":\"es\",\"@id\":\"https:\/\/www.daisho.be\/es\/#\/schema\/logo\/image\/\",\"url\":\"https:\/\/www.daisho.be\/wp-content\/uploads\/2019\/07\/color-nothing-horizontale4x-e1564486100247.png\",\"contentUrl\":\"https:\/\/www.daisho.be\/wp-content\/uploads\/2019\/07\/color-nothing-horizontale4x-e1564486100247.png\",\"width\":1547,\"height\":385,\"caption\":\"Daisho\"},\"image\":{\"@id\":\"https:\/\/www.daisho.be\/es\/#\/schema\/logo\/image\/\"}}]}<\/script>\n<!-- \/ Yoast SEO plugin. -->","yoast_head_json":{"title":"Exhibici\u00f3n de boxeo CBB &#8211; Daisho","description":"Descubre el expositor CBB para tus competiciones de boxeo. Podemos a\u00f1adir un pie rodante para moverlo m\u00e1s f\u00e1cilmente. C\u00f3mpralo en www.daisho.be","robots":{"index":"index","follow":"follow","max-snippet":"max-snippet:-1","max-image-preview":"max-image-preview:large","max-video-preview":"max-video-preview:-1"},"canonical":"https:\/\/www.daisho.be\/es\/produit\/exhibicion-de-boxeo-cbb\/","og_locale":"es_ES","og_type":"article","og_title":"Exhibici\u00f3n de boxeo CBB &#8211; Daisho","og_description":"Descubre el expositor CBB para tus competiciones de boxeo. Podemos a\u00f1adir un pie rodante para moverlo m\u00e1s f\u00e1cilmente. C\u00f3mpralo en www.daisho.be","og_url":"https:\/\/www.daisho.be\/es\/produit\/exhibicion-de-boxeo-cbb\/","og_site_name":"Daisho","article_modified_time":"2025-10-09T11:45:00+00:00","og_image":[{"width":476,"height":228,"url":"https:\/\/www.daisho.be\/wp-content\/uploads\/2025\/06\/image-12.png","type":"image\/png"}],"twitter_card":"summary_large_image","twitter_misc":{"Tiempo de lectura":"1 minuto"},"schema":{"@context":"https:\/\/schema.org","@graph":[{"@type":"WebPage","@id":"https:\/\/www.daisho.be\/es\/produit\/exhibicion-de-boxeo-cbb\/","url":"https:\/\/www.daisho.be\/es\/produit\/exhibicion-de-boxeo-cbb\/","name":"Exhibici\u00f3n de boxeo CBB &#8211; Daisho","isPartOf":{"@id":"https:\/\/www.daisho.be\/es\/#website"},"primaryImageOfPage":{"@id":"https:\/\/www.daisho.be\/es\/produit\/exhibicion-de-boxeo-cbb\/#primaryimage"},"image":{"@id":"https:\/\/www.daisho.be\/es\/produit\/exhibicion-de-boxeo-cbb\/#primaryimage"},"thumbnailUrl":"https:\/\/www.daisho.be\/wp-content\/uploads\/2025\/06\/image-12.png","datePublished":"2019-09-18T20:38:00+00:00","dateModified":"2025-10-09T11:45:00+00:00","description":"Descubre el expositor CBB para tus competiciones de boxeo. Podemos a\u00f1adir un pie rodante para moverlo m\u00e1s f\u00e1cilmente. C\u00f3mpralo en www.daisho.be","breadcrumb":{"@id":"https:\/\/www.daisho.be\/es\/produit\/exhibicion-de-boxeo-cbb\/#breadcrumb"},"inLanguage":"es","potentialAction":[{"@type":"ReadAction","target":["https:\/\/www.daisho.be\/es\/produit\/exhibicion-de-boxeo-cbb\/"]}]},{"@type":"ImageObject","inLanguage":"es","@id":"https:\/\/www.daisho.be\/es\/produit\/exhibicion-de-boxeo-cbb\/#primaryimage","url":"https:\/\/www.daisho.be\/wp-content\/uploads\/2025\/06\/image-12.png","contentUrl":"https:\/\/www.daisho.be\/wp-content\/uploads\/2025\/06\/image-12.png","width":476,"height":228,"caption":"Pantalla de boxeo CBB-1"},{"@type":"BreadcrumbList","@id":"https:\/\/www.daisho.be\/es\/produit\/exhibicion-de-boxeo-cbb\/#breadcrumb","itemListElement":[{"@type":"ListItem","position":1,"name":"Accueil","item":"https:\/\/www.daisho.be\/es\/"},{"@type":"ListItem","position":2,"name":"Productos","item":"https:\/\/www.daisho.be\/es\/productos\/"},{"@type":"ListItem","position":3,"name":"Deportes de combate","item":"https:\/\/www.daisho.be\/es\/categorie-produit\/deportes-de-combate\/"},{"@type":"ListItem","position":4,"name":"Exposiciones (concurso)","item":"https:\/\/www.daisho.be\/es\/categorie-produit\/deportes-de-combate\/exposiciones-concurso\/"},{"@type":"ListItem","position":5,"name":"Exhibici\u00f3n de boxeo CBB"}]},{"@type":"WebSite","@id":"https:\/\/www.daisho.be\/es\/#website","url":"https:\/\/www.daisho.be\/es\/","name":"Daisho","description":"Sp&eacute;cialiste de l'&eacute;quipement sportif d'arts martiaux","publisher":{"@id":"https:\/\/www.daisho.be\/es\/#organization"},"potentialAction":[{"@type":"SearchAction","target":{"@type":"EntryPoint","urlTemplate":"https:\/\/www.daisho.be\/es\/?s={search_term_string}"},"query-input":{"@type":"PropertyValueSpecification","valueRequired":true,"valueName":"search_term_string"}}],"inLanguage":"es"},{"@type":"Organization","@id":"https:\/\/www.daisho.be\/es\/#organization","name":"Daisho","url":"https:\/\/www.daisho.be\/es\/","logo":{"@type":"ImageObject","inLanguage":"es","@id":"https:\/\/www.daisho.be\/es\/#\/schema\/logo\/image\/","url":"https:\/\/www.daisho.be\/wp-content\/uploads\/2019\/07\/color-nothing-horizontale4x-e1564486100247.png","contentUrl":"https:\/\/www.daisho.be\/wp-content\/uploads\/2019\/07\/color-nothing-horizontale4x-e1564486100247.png","width":1547,"height":385,"caption":"Daisho"},"image":{"@id":"https:\/\/www.daisho.be\/es\/#\/schema\/logo\/image\/"}}]}},"_links":{"self":[{"href":"https:\/\/www.daisho.be\/es\/wp-json\/wp\/v2\/product\/344959","targetHints":{"allow":["GET"]}}],"collection":[{"href":"https:\/\/www.daisho.be\/es\/wp-json\/wp\/v2\/product"}],"about":[{"href":"https:\/\/www.daisho.be\/es\/wp-json\/wp\/v2\/types\/product"}],"replies":[{"embeddable":true,"href":"https:\/\/www.daisho.be\/es\/wp-json\/wp\/v2\/comments?post=344959"}],"wp:featuredmedia":[{"embeddable":true,"href":"https:\/\/www.daisho.be\/es\/wp-json\/wp\/v2\/media\/524836"}],"wp:attachment":[{"href":"https:\/\/www.daisho.be\/es\/wp-json\/wp\/v2\/media?parent=344959"}],"wp:term":[{"taxonomy":"product_brand","embeddable":true,"href":"https:\/\/www.daisho.be\/es\/wp-json\/wp\/v2\/product_brand?post=344959"},{"taxonomy":"product_cat","embeddable":true,"href":"https:\/\/www.daisho.be\/es\/wp-json\/wp\/v2\/product_cat?post=344959"},{"taxonomy":"product_tag","embeddable":true,"href":"https:\/\/www.daisho.be\/es\/wp-json\/wp\/v2\/product_tag?post=344959"},{"taxonomy":"sport","embeddable":true,"href":"https:\/\/www.daisho.be\/es\/wp-json\/wp\/v2\/sport?post=344959"}],"curies":[{"name":"wp","href":"https:\/\/api.w.org\/{rel}","templated":true}]}}