{"id":343317,"date":"2019-09-16T16:05:36","date_gmt":"2019-09-16T14:05:36","guid":{"rendered":"https:\/\/www.daisho.be\/produit\/camiseta-tokaido-athletic-elite-training\/"},"modified":"2019-09-16T16:05:36","modified_gmt":"2019-09-16T14:05:36","slug":"camiseta-tokaido-athletic-elite-training","status":"publish","type":"product","link":"https:\/\/www.daisho.be\/es\/produit\/camiseta-tokaido-athletic-elite-training\/","title":{"rendered":"CAMISETA TOKAIDO ATHLETIC ELITE TRAINING"},"content":{"rendered":"<p>Camiseta ajustada de manga larga Tokaido comrpession.<br \/>\nEsta camiseta mejora la circulaci\u00f3n sangu\u00ednea durante el ejercicio.<br \/>\nTejido transpirable y de secado r\u00e1pido.<br \/>\nAdecuado para todo tipo de entrenamiento.<br \/>\nColor: negro y verde oliva.<\/p>\n","protected":false},"excerpt":{"rendered":"<p>Camiseta ajustada de manga larga Tokaido comrpession. Esta camiseta mejora la circulaci\u00f3n sangu\u00ednea durante el ejercicio. Tejido transpirable y de secado r\u00e1pido. Adecuado para todo tipo de entrenamiento. Color: negro y verde oliva.<\/p>\n","protected":false},"featured_media":417732,"comment_status":"closed","ping_status":"closed","template":"","meta":{"inline_featured_image":false},"product_brand":[],"product_cat":[1388,1390],"product_tag":[1306],"sport":[73],"class_list":{"0":"post-343317","1":"product","2":"type-product","3":"status-publish","4":"has-post-thumbnail","6":"product_cat-ropa","7":"product_cat-ropa-de-karate","8":"product_tag-tokaido-es","9":"pa_size-l","10":"pa_size-m","11":"pa_size-s","12":"pa_size-xl","13":"pa_size-xs","14":"sport-karate","16":"first","17":"instock","18":"taxable","19":"shipping-taxable","20":"purchasable","21":"product-type-variable"},"yoast_head":"<!-- This site is optimized with the Yoast SEO plugin v27.2 - https:\/\/yoast.com\/product\/yoast-seo-wordpress\/ -->\n<title>Camiseta de compresi\u00f3n Tokaido Athletic Elite Training - Daisho<\/title>\n<meta name=\"description\" content=\"Camiseta de compresi\u00f3n de manga larga para entrenamiento f\u00edsico de k\u00e1rate de \u00e9lite. Mejora la circulaci\u00f3n sangu\u00ednea. P\u00eddalo en l\u00ednea\" \/>\n<meta name=\"robots\" content=\"index, follow, max-snippet:-1, max-image-preview:large, max-video-preview:-1\" \/>\n<link rel=\"canonical\" href=\"https:\/\/www.daisho.be\/es\/produit\/camiseta-tokaido-athletic-elite-training\/\" \/>\n<meta property=\"og:locale\" content=\"es_ES\" \/>\n<meta property=\"og:type\" content=\"article\" \/>\n<meta property=\"og:title\" content=\"Camiseta de compresi\u00f3n Tokaido Athletic Elite Training - Daisho\" \/>\n<meta property=\"og:description\" content=\"Camiseta de compresi\u00f3n de manga larga para entrenamiento f\u00edsico de k\u00e1rate de \u00e9lite. Mejora la circulaci\u00f3n sangu\u00ednea. P\u00eddalo en l\u00ednea\" \/>\n<meta property=\"og:url\" content=\"https:\/\/www.daisho.be\/es\/produit\/camiseta-tokaido-athletic-elite-training\/\" \/>\n<meta property=\"og:site_name\" content=\"Daisho\" \/>\n<meta property=\"og:image\" content=\"https:\/\/www.daisho.be\/wp-content\/uploads\/2024\/06\/image-102.jpg\" \/>\n\t<meta property=\"og:image:width\" content=\"800\" \/>\n\t<meta property=\"og:image:height\" content=\"1280\" \/>\n\t<meta property=\"og:image:type\" content=\"image\/jpeg\" \/>\n<meta name=\"twitter:card\" content=\"summary_large_image\" \/>\n<script type=\"application\/ld+json\" class=\"yoast-schema-graph\">{\"@context\":\"https:\/\/schema.org\",\"@graph\":[{\"@type\":\"WebPage\",\"@id\":\"https:\/\/www.daisho.be\/es\/produit\/camiseta-tokaido-athletic-elite-training\/\",\"url\":\"https:\/\/www.daisho.be\/es\/produit\/camiseta-tokaido-athletic-elite-training\/\",\"name\":\"Camiseta de compresi\u00f3n Tokaido Athletic Elite Training - Daisho\",\"isPartOf\":{\"@id\":\"https:\/\/www.daisho.be\/es\/#website\"},\"primaryImageOfPage\":{\"@id\":\"https:\/\/www.daisho.be\/es\/produit\/camiseta-tokaido-athletic-elite-training\/#primaryimage\"},\"image\":{\"@id\":\"https:\/\/www.daisho.be\/es\/produit\/camiseta-tokaido-athletic-elite-training\/#primaryimage\"},\"thumbnailUrl\":\"https:\/\/www.daisho.be\/wp-content\/uploads\/2024\/06\/image-102.jpg\",\"datePublished\":\"2019-09-16T14:05:36+00:00\",\"description\":\"Camiseta de compresi\u00f3n de manga larga para entrenamiento f\u00edsico de k\u00e1rate de \u00e9lite. Mejora la circulaci\u00f3n sangu\u00ednea. P\u00eddalo en l\u00ednea\",\"breadcrumb\":{\"@id\":\"https:\/\/www.daisho.be\/es\/produit\/camiseta-tokaido-athletic-elite-training\/#breadcrumb\"},\"inLanguage\":\"es\",\"potentialAction\":[{\"@type\":\"ReadAction\",\"target\":[\"https:\/\/www.daisho.be\/es\/produit\/camiseta-tokaido-athletic-elite-training\/\"]}]},{\"@type\":\"ImageObject\",\"inLanguage\":\"es\",\"@id\":\"https:\/\/www.daisho.be\/es\/produit\/camiseta-tokaido-athletic-elite-training\/#primaryimage\",\"url\":\"https:\/\/www.daisho.be\/wp-content\/uploads\/2024\/06\/image-102.jpg\",\"contentUrl\":\"https:\/\/www.daisho.be\/wp-content\/uploads\/2024\/06\/image-102.jpg\",\"width\":800,\"height\":1280},{\"@type\":\"BreadcrumbList\",\"@id\":\"https:\/\/www.daisho.be\/es\/produit\/camiseta-tokaido-athletic-elite-training\/#breadcrumb\",\"itemListElement\":[{\"@type\":\"ListItem\",\"position\":1,\"name\":\"Accueil\",\"item\":\"https:\/\/www.daisho.be\/es\/\"},{\"@type\":\"ListItem\",\"position\":2,\"name\":\"Productos\",\"item\":\"https:\/\/www.daisho.be\/es\/productos\/\"},{\"@type\":\"ListItem\",\"position\":3,\"name\":\"Equipamiento y ropa para artes marciales y deportes de combate\",\"item\":\"https:\/\/www.daisho.be\/es\/categorie-produit\/equipamiento-y-ropa-para-artes-marciales-y-deportes-de-combate\/\"},{\"@type\":\"ListItem\",\"position\":4,\"name\":\"Karate\",\"item\":\"https:\/\/www.daisho.be\/es\/categorie-produit\/equipamiento-y-ropa-para-artes-marciales-y-deportes-de-combate\/karate-es-2\/\"},{\"@type\":\"ListItem\",\"position\":5,\"name\":\"Ropa de k\u00e1rate\",\"item\":\"https:\/\/www.daisho.be\/es\/categorie-produit\/equipamiento-y-ropa-para-artes-marciales-y-deportes-de-combate\/karate-es-2\/ropa-de-karate\/\"},{\"@type\":\"ListItem\",\"position\":6,\"name\":\"CAMISETA TOKAIDO ATHLETIC ELITE TRAINING\"}]},{\"@type\":\"WebSite\",\"@id\":\"https:\/\/www.daisho.be\/es\/#website\",\"url\":\"https:\/\/www.daisho.be\/es\/\",\"name\":\"Daisho\",\"description\":\"Sp&eacute;cialiste de l'&eacute;quipement sportif d'arts martiaux\",\"publisher\":{\"@id\":\"https:\/\/www.daisho.be\/es\/#organization\"},\"potentialAction\":[{\"@type\":\"SearchAction\",\"target\":{\"@type\":\"EntryPoint\",\"urlTemplate\":\"https:\/\/www.daisho.be\/es\/?s={search_term_string}\"},\"query-input\":{\"@type\":\"PropertyValueSpecification\",\"valueRequired\":true,\"valueName\":\"search_term_string\"}}],\"inLanguage\":\"es\"},{\"@type\":\"Organization\",\"@id\":\"https:\/\/www.daisho.be\/es\/#organization\",\"name\":\"Daisho\",\"url\":\"https:\/\/www.daisho.be\/es\/\",\"logo\":{\"@type\":\"ImageObject\",\"inLanguage\":\"es\",\"@id\":\"https:\/\/www.daisho.be\/es\/#\/schema\/logo\/image\/\",\"url\":\"https:\/\/www.daisho.be\/wp-content\/uploads\/2019\/07\/color-nothing-horizontale4x-e1564486100247.png\",\"contentUrl\":\"https:\/\/www.daisho.be\/wp-content\/uploads\/2019\/07\/color-nothing-horizontale4x-e1564486100247.png\",\"width\":1547,\"height\":385,\"caption\":\"Daisho\"},\"image\":{\"@id\":\"https:\/\/www.daisho.be\/es\/#\/schema\/logo\/image\/\"}}]}<\/script>\n<!-- \/ Yoast SEO plugin. -->","yoast_head_json":{"title":"Camiseta de compresi\u00f3n Tokaido Athletic Elite Training - Daisho","description":"Camiseta de compresi\u00f3n de manga larga para entrenamiento f\u00edsico de k\u00e1rate de \u00e9lite. Mejora la circulaci\u00f3n sangu\u00ednea. P\u00eddalo en l\u00ednea","robots":{"index":"index","follow":"follow","max-snippet":"max-snippet:-1","max-image-preview":"max-image-preview:large","max-video-preview":"max-video-preview:-1"},"canonical":"https:\/\/www.daisho.be\/es\/produit\/camiseta-tokaido-athletic-elite-training\/","og_locale":"es_ES","og_type":"article","og_title":"Camiseta de compresi\u00f3n Tokaido Athletic Elite Training - Daisho","og_description":"Camiseta de compresi\u00f3n de manga larga para entrenamiento f\u00edsico de k\u00e1rate de \u00e9lite. Mejora la circulaci\u00f3n sangu\u00ednea. P\u00eddalo en l\u00ednea","og_url":"https:\/\/www.daisho.be\/es\/produit\/camiseta-tokaido-athletic-elite-training\/","og_site_name":"Daisho","og_image":[{"width":800,"height":1280,"url":"https:\/\/www.daisho.be\/wp-content\/uploads\/2024\/06\/image-102.jpg","type":"image\/jpeg"}],"twitter_card":"summary_large_image","schema":{"@context":"https:\/\/schema.org","@graph":[{"@type":"WebPage","@id":"https:\/\/www.daisho.be\/es\/produit\/camiseta-tokaido-athletic-elite-training\/","url":"https:\/\/www.daisho.be\/es\/produit\/camiseta-tokaido-athletic-elite-training\/","name":"Camiseta de compresi\u00f3n Tokaido Athletic Elite Training - Daisho","isPartOf":{"@id":"https:\/\/www.daisho.be\/es\/#website"},"primaryImageOfPage":{"@id":"https:\/\/www.daisho.be\/es\/produit\/camiseta-tokaido-athletic-elite-training\/#primaryimage"},"image":{"@id":"https:\/\/www.daisho.be\/es\/produit\/camiseta-tokaido-athletic-elite-training\/#primaryimage"},"thumbnailUrl":"https:\/\/www.daisho.be\/wp-content\/uploads\/2024\/06\/image-102.jpg","datePublished":"2019-09-16T14:05:36+00:00","description":"Camiseta de compresi\u00f3n de manga larga para entrenamiento f\u00edsico de k\u00e1rate de \u00e9lite. Mejora la circulaci\u00f3n sangu\u00ednea. P\u00eddalo en l\u00ednea","breadcrumb":{"@id":"https:\/\/www.daisho.be\/es\/produit\/camiseta-tokaido-athletic-elite-training\/#breadcrumb"},"inLanguage":"es","potentialAction":[{"@type":"ReadAction","target":["https:\/\/www.daisho.be\/es\/produit\/camiseta-tokaido-athletic-elite-training\/"]}]},{"@type":"ImageObject","inLanguage":"es","@id":"https:\/\/www.daisho.be\/es\/produit\/camiseta-tokaido-athletic-elite-training\/#primaryimage","url":"https:\/\/www.daisho.be\/wp-content\/uploads\/2024\/06\/image-102.jpg","contentUrl":"https:\/\/www.daisho.be\/wp-content\/uploads\/2024\/06\/image-102.jpg","width":800,"height":1280},{"@type":"BreadcrumbList","@id":"https:\/\/www.daisho.be\/es\/produit\/camiseta-tokaido-athletic-elite-training\/#breadcrumb","itemListElement":[{"@type":"ListItem","position":1,"name":"Accueil","item":"https:\/\/www.daisho.be\/es\/"},{"@type":"ListItem","position":2,"name":"Productos","item":"https:\/\/www.daisho.be\/es\/productos\/"},{"@type":"ListItem","position":3,"name":"Equipamiento y ropa para artes marciales y deportes de combate","item":"https:\/\/www.daisho.be\/es\/categorie-produit\/equipamiento-y-ropa-para-artes-marciales-y-deportes-de-combate\/"},{"@type":"ListItem","position":4,"name":"Karate","item":"https:\/\/www.daisho.be\/es\/categorie-produit\/equipamiento-y-ropa-para-artes-marciales-y-deportes-de-combate\/karate-es-2\/"},{"@type":"ListItem","position":5,"name":"Ropa de k\u00e1rate","item":"https:\/\/www.daisho.be\/es\/categorie-produit\/equipamiento-y-ropa-para-artes-marciales-y-deportes-de-combate\/karate-es-2\/ropa-de-karate\/"},{"@type":"ListItem","position":6,"name":"CAMISETA TOKAIDO ATHLETIC ELITE TRAINING"}]},{"@type":"WebSite","@id":"https:\/\/www.daisho.be\/es\/#website","url":"https:\/\/www.daisho.be\/es\/","name":"Daisho","description":"Sp&eacute;cialiste de l'&eacute;quipement sportif d'arts martiaux","publisher":{"@id":"https:\/\/www.daisho.be\/es\/#organization"},"potentialAction":[{"@type":"SearchAction","target":{"@type":"EntryPoint","urlTemplate":"https:\/\/www.daisho.be\/es\/?s={search_term_string}"},"query-input":{"@type":"PropertyValueSpecification","valueRequired":true,"valueName":"search_term_string"}}],"inLanguage":"es"},{"@type":"Organization","@id":"https:\/\/www.daisho.be\/es\/#organization","name":"Daisho","url":"https:\/\/www.daisho.be\/es\/","logo":{"@type":"ImageObject","inLanguage":"es","@id":"https:\/\/www.daisho.be\/es\/#\/schema\/logo\/image\/","url":"https:\/\/www.daisho.be\/wp-content\/uploads\/2019\/07\/color-nothing-horizontale4x-e1564486100247.png","contentUrl":"https:\/\/www.daisho.be\/wp-content\/uploads\/2019\/07\/color-nothing-horizontale4x-e1564486100247.png","width":1547,"height":385,"caption":"Daisho"},"image":{"@id":"https:\/\/www.daisho.be\/es\/#\/schema\/logo\/image\/"}}]}},"_links":{"self":[{"href":"https:\/\/www.daisho.be\/es\/wp-json\/wp\/v2\/product\/343317","targetHints":{"allow":["GET"]}}],"collection":[{"href":"https:\/\/www.daisho.be\/es\/wp-json\/wp\/v2\/product"}],"about":[{"href":"https:\/\/www.daisho.be\/es\/wp-json\/wp\/v2\/types\/product"}],"replies":[{"embeddable":true,"href":"https:\/\/www.daisho.be\/es\/wp-json\/wp\/v2\/comments?post=343317"}],"wp:featuredmedia":[{"embeddable":true,"href":"https:\/\/www.daisho.be\/es\/wp-json\/wp\/v2\/media\/417732"}],"wp:attachment":[{"href":"https:\/\/www.daisho.be\/es\/wp-json\/wp\/v2\/media?parent=343317"}],"wp:term":[{"taxonomy":"product_brand","embeddable":true,"href":"https:\/\/www.daisho.be\/es\/wp-json\/wp\/v2\/product_brand?post=343317"},{"taxonomy":"product_cat","embeddable":true,"href":"https:\/\/www.daisho.be\/es\/wp-json\/wp\/v2\/product_cat?post=343317"},{"taxonomy":"product_tag","embeddable":true,"href":"https:\/\/www.daisho.be\/es\/wp-json\/wp\/v2\/product_tag?post=343317"},{"taxonomy":"sport","embeddable":true,"href":"https:\/\/www.daisho.be\/es\/wp-json\/wp\/v2\/sport?post=343317"}],"curies":[{"name":"wp","href":"https:\/\/api.w.org\/{rel}","templated":true}]}}