{"id":343185,"date":"2019-09-16T10:10:29","date_gmt":"2019-09-16T08:10:29","guid":{"rendered":"https:\/\/www.daisho.be\/produit\/tokaido-mens-athletic-shell-homologado-wkf\/"},"modified":"2026-02-17T16:58:53","modified_gmt":"2026-02-17T15:58:53","slug":"tokaido-mens-athletic-shell-homologado-wkf","status":"publish","type":"product","link":"https:\/\/www.daisho.be\/es\/produit\/tokaido-mens-athletic-shell-homologado-wkf\/","title":{"rendered":"TOKAIDO MEN&#8217;S ATHLETIC SHELL, HOMOLOGADO WKF"},"content":{"rendered":"<p>Ligero chaleco Tokaido para hombre, de algod\u00f3n, con anchas tiras el\u00e1sticas.<br \/>\nHomologado por la WKF.<br \/>\nEl chaleco de pl\u00e1stico se puede separar del tejido para lavarlo.<br \/>\nNegro.<\/p>\n","protected":false},"excerpt":{"rendered":"<p>Ligero chaleco Tokaido para hombre, de algod\u00f3n, con anchas tiras el\u00e1sticas. Homologado por la WKF. El chaleco de pl\u00e1stico se puede separar del tejido para lavarlo. Negro.<\/p>\n","protected":false},"featured_media":340497,"comment_status":"open","ping_status":"closed","template":"","meta":{"inline_featured_image":false},"product_brand":[],"product_cat":[1364,1363,1361],"product_tag":[1306],"sport":[73],"class_list":{"0":"post-343185","1":"product","2":"type-product","3":"status-publish","4":"has-post-thumbnail","6":"product_cat-equipos-de-proteccion-para-taekwondo","7":"product_cat-proteccion-del-karate","8":"product_cat-protecciones","9":"product_tag-tokaido-es","10":"pa_size-l","11":"pa_size-m","12":"pa_size-s","13":"pa_size-xl","14":"sport-karate","16":"first","17":"instock","18":"taxable","19":"shipping-taxable","20":"purchasable","21":"product-type-variable"},"yoast_head":"<!-- This site is optimized with the Yoast SEO plugin v27.2 - https:\/\/yoast.com\/product\/yoast-seo-wordpress\/ -->\n<title>Tokaido Men&#039;s Athletic Shell - WKF Approved | Daisho Karate Equipment<\/title>\n<meta name=\"description\" content=\"Ligero chaleco Tokaido de algod\u00f3n para hombre con anchos tirantes el\u00e1sticos. Aprobado por la WKF. Encu\u00e9ntrala en www.daisho.be | Daisho\" \/>\n<meta name=\"robots\" content=\"index, follow, max-snippet:-1, max-image-preview:large, max-video-preview:-1\" \/>\n<link rel=\"canonical\" href=\"https:\/\/www.daisho.be\/es\/produit\/tokaido-mens-athletic-shell-homologado-wkf\/\" \/>\n<meta property=\"og:locale\" content=\"es_ES\" \/>\n<meta property=\"og:type\" content=\"article\" \/>\n<meta property=\"og:title\" content=\"Tokaido Men&#039;s Athletic Shell - WKF Approved | Daisho Karate Equipment\" \/>\n<meta property=\"og:description\" content=\"Ligero chaleco Tokaido de algod\u00f3n para hombre con anchos tirantes el\u00e1sticos. Aprobado por la WKF. Encu\u00e9ntrala en www.daisho.be | Daisho\" \/>\n<meta property=\"og:url\" content=\"https:\/\/www.daisho.be\/es\/produit\/tokaido-mens-athletic-shell-homologado-wkf\/\" \/>\n<meta property=\"og:site_name\" content=\"Daisho\" \/>\n<meta property=\"article:modified_time\" content=\"2026-02-17T15:58:53+00:00\" \/>\n<meta property=\"og:image\" content=\"https:\/\/www.daisho.be\/wp-content\/uploads\/2024\/01\/image-101-scaled.jpg\" \/>\n\t<meta property=\"og:image:width\" content=\"1449\" \/>\n\t<meta property=\"og:image:height\" content=\"2048\" \/>\n\t<meta property=\"og:image:type\" content=\"image\/jpeg\" \/>\n<meta name=\"twitter:card\" content=\"summary_large_image\" \/>\n<script type=\"application\/ld+json\" class=\"yoast-schema-graph\">{\"@context\":\"https:\/\/schema.org\",\"@graph\":[{\"@type\":\"WebPage\",\"@id\":\"https:\/\/www.daisho.be\/es\/produit\/tokaido-mens-athletic-shell-homologado-wkf\/\",\"url\":\"https:\/\/www.daisho.be\/es\/produit\/tokaido-mens-athletic-shell-homologado-wkf\/\",\"name\":\"Tokaido Men's Athletic Shell - WKF Approved | Daisho Karate Equipment\",\"isPartOf\":{\"@id\":\"https:\/\/www.daisho.be\/es\/#website\"},\"primaryImageOfPage\":{\"@id\":\"https:\/\/www.daisho.be\/es\/produit\/tokaido-mens-athletic-shell-homologado-wkf\/#primaryimage\"},\"image\":{\"@id\":\"https:\/\/www.daisho.be\/es\/produit\/tokaido-mens-athletic-shell-homologado-wkf\/#primaryimage\"},\"thumbnailUrl\":\"https:\/\/www.daisho.be\/wp-content\/uploads\/2024\/01\/image-101-scaled.jpg\",\"datePublished\":\"2019-09-16T08:10:29+00:00\",\"dateModified\":\"2026-02-17T15:58:53+00:00\",\"description\":\"Ligero chaleco Tokaido de algod\u00f3n para hombre con anchos tirantes el\u00e1sticos. Aprobado por la WKF. Encu\u00e9ntrala en www.daisho.be | Daisho\",\"breadcrumb\":{\"@id\":\"https:\/\/www.daisho.be\/es\/produit\/tokaido-mens-athletic-shell-homologado-wkf\/#breadcrumb\"},\"inLanguage\":\"es\",\"potentialAction\":[{\"@type\":\"ReadAction\",\"target\":[\"https:\/\/www.daisho.be\/es\/produit\/tokaido-mens-athletic-shell-homologado-wkf\/\"]}]},{\"@type\":\"ImageObject\",\"inLanguage\":\"es\",\"@id\":\"https:\/\/www.daisho.be\/es\/produit\/tokaido-mens-athletic-shell-homologado-wkf\/#primaryimage\",\"url\":\"https:\/\/www.daisho.be\/wp-content\/uploads\/2024\/01\/image-101-scaled.jpg\",\"contentUrl\":\"https:\/\/www.daisho.be\/wp-content\/uploads\/2024\/01\/image-101-scaled.jpg\",\"width\":1449,\"height\":2048,\"caption\":\"TOKAIDO MEN'S ATHLETIC SHELL, WKF APPROVED-1\"},{\"@type\":\"BreadcrumbList\",\"@id\":\"https:\/\/www.daisho.be\/es\/produit\/tokaido-mens-athletic-shell-homologado-wkf\/#breadcrumb\",\"itemListElement\":[{\"@type\":\"ListItem\",\"position\":1,\"name\":\"Accueil\",\"item\":\"https:\/\/www.daisho.be\/es\/\"},{\"@type\":\"ListItem\",\"position\":2,\"name\":\"Productos\",\"item\":\"https:\/\/www.daisho.be\/es\/productos\/\"},{\"@type\":\"ListItem\",\"position\":3,\"name\":\"Equipamiento y ropa para artes marciales y deportes de combate\",\"item\":\"https:\/\/www.daisho.be\/es\/categorie-produit\/equipamiento-y-ropa-para-artes-marciales-y-deportes-de-combate\/\"},{\"@type\":\"ListItem\",\"position\":4,\"name\":\"Taekwondo\",\"item\":\"https:\/\/www.daisho.be\/es\/categorie-produit\/equipamiento-y-ropa-para-artes-marciales-y-deportes-de-combate\/taekwondo-es\/\"},{\"@type\":\"ListItem\",\"position\":5,\"name\":\"Equipos de protecci\u00f3n para taekwondo\",\"item\":\"https:\/\/www.daisho.be\/es\/categorie-produit\/equipamiento-y-ropa-para-artes-marciales-y-deportes-de-combate\/taekwondo-es\/equipos-de-proteccion-para-taekwondo\/\"},{\"@type\":\"ListItem\",\"position\":6,\"name\":\"TOKAIDO MEN&rsquo;S ATHLETIC SHELL, HOMOLOGADO WKF\"}]},{\"@type\":\"WebSite\",\"@id\":\"https:\/\/www.daisho.be\/es\/#website\",\"url\":\"https:\/\/www.daisho.be\/es\/\",\"name\":\"Daisho\",\"description\":\"Sp&eacute;cialiste de l'&eacute;quipement sportif d'arts martiaux\",\"publisher\":{\"@id\":\"https:\/\/www.daisho.be\/es\/#organization\"},\"potentialAction\":[{\"@type\":\"SearchAction\",\"target\":{\"@type\":\"EntryPoint\",\"urlTemplate\":\"https:\/\/www.daisho.be\/es\/?s={search_term_string}\"},\"query-input\":{\"@type\":\"PropertyValueSpecification\",\"valueRequired\":true,\"valueName\":\"search_term_string\"}}],\"inLanguage\":\"es\"},{\"@type\":\"Organization\",\"@id\":\"https:\/\/www.daisho.be\/es\/#organization\",\"name\":\"Daisho\",\"url\":\"https:\/\/www.daisho.be\/es\/\",\"logo\":{\"@type\":\"ImageObject\",\"inLanguage\":\"es\",\"@id\":\"https:\/\/www.daisho.be\/es\/#\/schema\/logo\/image\/\",\"url\":\"https:\/\/www.daisho.be\/wp-content\/uploads\/2019\/07\/color-nothing-horizontale4x-e1564486100247.png\",\"contentUrl\":\"https:\/\/www.daisho.be\/wp-content\/uploads\/2019\/07\/color-nothing-horizontale4x-e1564486100247.png\",\"width\":1547,\"height\":385,\"caption\":\"Daisho\"},\"image\":{\"@id\":\"https:\/\/www.daisho.be\/es\/#\/schema\/logo\/image\/\"}}]}<\/script>\n<!-- \/ Yoast SEO plugin. -->","yoast_head_json":{"title":"Tokaido Men's Athletic Shell - WKF Approved | Daisho Karate Equipment","description":"Ligero chaleco Tokaido de algod\u00f3n para hombre con anchos tirantes el\u00e1sticos. Aprobado por la WKF. Encu\u00e9ntrala en www.daisho.be | Daisho","robots":{"index":"index","follow":"follow","max-snippet":"max-snippet:-1","max-image-preview":"max-image-preview:large","max-video-preview":"max-video-preview:-1"},"canonical":"https:\/\/www.daisho.be\/es\/produit\/tokaido-mens-athletic-shell-homologado-wkf\/","og_locale":"es_ES","og_type":"article","og_title":"Tokaido Men's Athletic Shell - WKF Approved | Daisho Karate Equipment","og_description":"Ligero chaleco Tokaido de algod\u00f3n para hombre con anchos tirantes el\u00e1sticos. Aprobado por la WKF. Encu\u00e9ntrala en www.daisho.be | Daisho","og_url":"https:\/\/www.daisho.be\/es\/produit\/tokaido-mens-athletic-shell-homologado-wkf\/","og_site_name":"Daisho","article_modified_time":"2026-02-17T15:58:53+00:00","og_image":[{"width":1449,"height":2048,"url":"https:\/\/www.daisho.be\/wp-content\/uploads\/2024\/01\/image-101-scaled.jpg","type":"image\/jpeg"}],"twitter_card":"summary_large_image","schema":{"@context":"https:\/\/schema.org","@graph":[{"@type":"WebPage","@id":"https:\/\/www.daisho.be\/es\/produit\/tokaido-mens-athletic-shell-homologado-wkf\/","url":"https:\/\/www.daisho.be\/es\/produit\/tokaido-mens-athletic-shell-homologado-wkf\/","name":"Tokaido Men's Athletic Shell - WKF Approved | Daisho Karate Equipment","isPartOf":{"@id":"https:\/\/www.daisho.be\/es\/#website"},"primaryImageOfPage":{"@id":"https:\/\/www.daisho.be\/es\/produit\/tokaido-mens-athletic-shell-homologado-wkf\/#primaryimage"},"image":{"@id":"https:\/\/www.daisho.be\/es\/produit\/tokaido-mens-athletic-shell-homologado-wkf\/#primaryimage"},"thumbnailUrl":"https:\/\/www.daisho.be\/wp-content\/uploads\/2024\/01\/image-101-scaled.jpg","datePublished":"2019-09-16T08:10:29+00:00","dateModified":"2026-02-17T15:58:53+00:00","description":"Ligero chaleco Tokaido de algod\u00f3n para hombre con anchos tirantes el\u00e1sticos. Aprobado por la WKF. Encu\u00e9ntrala en www.daisho.be | Daisho","breadcrumb":{"@id":"https:\/\/www.daisho.be\/es\/produit\/tokaido-mens-athletic-shell-homologado-wkf\/#breadcrumb"},"inLanguage":"es","potentialAction":[{"@type":"ReadAction","target":["https:\/\/www.daisho.be\/es\/produit\/tokaido-mens-athletic-shell-homologado-wkf\/"]}]},{"@type":"ImageObject","inLanguage":"es","@id":"https:\/\/www.daisho.be\/es\/produit\/tokaido-mens-athletic-shell-homologado-wkf\/#primaryimage","url":"https:\/\/www.daisho.be\/wp-content\/uploads\/2024\/01\/image-101-scaled.jpg","contentUrl":"https:\/\/www.daisho.be\/wp-content\/uploads\/2024\/01\/image-101-scaled.jpg","width":1449,"height":2048,"caption":"TOKAIDO MEN'S ATHLETIC SHELL, WKF APPROVED-1"},{"@type":"BreadcrumbList","@id":"https:\/\/www.daisho.be\/es\/produit\/tokaido-mens-athletic-shell-homologado-wkf\/#breadcrumb","itemListElement":[{"@type":"ListItem","position":1,"name":"Accueil","item":"https:\/\/www.daisho.be\/es\/"},{"@type":"ListItem","position":2,"name":"Productos","item":"https:\/\/www.daisho.be\/es\/productos\/"},{"@type":"ListItem","position":3,"name":"Equipamiento y ropa para artes marciales y deportes de combate","item":"https:\/\/www.daisho.be\/es\/categorie-produit\/equipamiento-y-ropa-para-artes-marciales-y-deportes-de-combate\/"},{"@type":"ListItem","position":4,"name":"Taekwondo","item":"https:\/\/www.daisho.be\/es\/categorie-produit\/equipamiento-y-ropa-para-artes-marciales-y-deportes-de-combate\/taekwondo-es\/"},{"@type":"ListItem","position":5,"name":"Equipos de protecci\u00f3n para taekwondo","item":"https:\/\/www.daisho.be\/es\/categorie-produit\/equipamiento-y-ropa-para-artes-marciales-y-deportes-de-combate\/taekwondo-es\/equipos-de-proteccion-para-taekwondo\/"},{"@type":"ListItem","position":6,"name":"TOKAIDO MEN&rsquo;S ATHLETIC SHELL, HOMOLOGADO WKF"}]},{"@type":"WebSite","@id":"https:\/\/www.daisho.be\/es\/#website","url":"https:\/\/www.daisho.be\/es\/","name":"Daisho","description":"Sp&eacute;cialiste de l'&eacute;quipement sportif d'arts martiaux","publisher":{"@id":"https:\/\/www.daisho.be\/es\/#organization"},"potentialAction":[{"@type":"SearchAction","target":{"@type":"EntryPoint","urlTemplate":"https:\/\/www.daisho.be\/es\/?s={search_term_string}"},"query-input":{"@type":"PropertyValueSpecification","valueRequired":true,"valueName":"search_term_string"}}],"inLanguage":"es"},{"@type":"Organization","@id":"https:\/\/www.daisho.be\/es\/#organization","name":"Daisho","url":"https:\/\/www.daisho.be\/es\/","logo":{"@type":"ImageObject","inLanguage":"es","@id":"https:\/\/www.daisho.be\/es\/#\/schema\/logo\/image\/","url":"https:\/\/www.daisho.be\/wp-content\/uploads\/2019\/07\/color-nothing-horizontale4x-e1564486100247.png","contentUrl":"https:\/\/www.daisho.be\/wp-content\/uploads\/2019\/07\/color-nothing-horizontale4x-e1564486100247.png","width":1547,"height":385,"caption":"Daisho"},"image":{"@id":"https:\/\/www.daisho.be\/es\/#\/schema\/logo\/image\/"}}]}},"_links":{"self":[{"href":"https:\/\/www.daisho.be\/es\/wp-json\/wp\/v2\/product\/343185","targetHints":{"allow":["GET"]}}],"collection":[{"href":"https:\/\/www.daisho.be\/es\/wp-json\/wp\/v2\/product"}],"about":[{"href":"https:\/\/www.daisho.be\/es\/wp-json\/wp\/v2\/types\/product"}],"replies":[{"embeddable":true,"href":"https:\/\/www.daisho.be\/es\/wp-json\/wp\/v2\/comments?post=343185"}],"wp:featuredmedia":[{"embeddable":true,"href":"https:\/\/www.daisho.be\/es\/wp-json\/wp\/v2\/media\/340497"}],"wp:attachment":[{"href":"https:\/\/www.daisho.be\/es\/wp-json\/wp\/v2\/media?parent=343185"}],"wp:term":[{"taxonomy":"product_brand","embeddable":true,"href":"https:\/\/www.daisho.be\/es\/wp-json\/wp\/v2\/product_brand?post=343185"},{"taxonomy":"product_cat","embeddable":true,"href":"https:\/\/www.daisho.be\/es\/wp-json\/wp\/v2\/product_cat?post=343185"},{"taxonomy":"product_tag","embeddable":true,"href":"https:\/\/www.daisho.be\/es\/wp-json\/wp\/v2\/product_tag?post=343185"},{"taxonomy":"sport","embeddable":true,"href":"https:\/\/www.daisho.be\/es\/wp-json\/wp\/v2\/sport?post=343185"}],"curies":[{"name":"wp","href":"https:\/\/api.w.org\/{rel}","templated":true}]}}