{"id":343045,"date":"2019-09-16T10:06:49","date_gmt":"2019-09-16T08:06:49","guid":{"rendered":"https:\/\/www.daisho.be\/produit\/maniqui-rojo-de-velocidad\/"},"modified":"2026-03-05T10:03:19","modified_gmt":"2026-03-05T09:03:19","slug":"maniqui-rojo-de-velocidad","status":"publish","type":"product","link":"https:\/\/www.daisho.be\/es\/produit\/maniqui-rojo-de-velocidad\/","title":{"rendered":"MANIQU\u00cd ROJO DE VELOCIDAD"},"content":{"rendered":"<p>Este maniqu\u00ed de velocidad se ha desarrollado especialmente para trabajar la eficacia y la velocidad de las t\u00e9cnicas de lanzamiento en diversas artes marciales, como judo, ju-jutsu, MMA y otras.<\/p>\n<p>Fabricado con vinilo reforzado con fibra de alta calidad.  <\/p>\n<p>Las costuras se cosen varias veces y est\u00e1n extra reforzadas.<\/p>\n<p>Dimensiones y peso :<\/p>\n<p>XS = 11 kg \/ 130 cm<\/p>\n<p>S = 14 kg \/ 145 cm<\/p>\n<p>M = 17 kg \/ 160 cm<\/p>\n<p>L = 22 kg \/ 170 cm<\/p>\n<p>Los gastos de transporte (pal\u00e9) se a\u00f1adir\u00e1n al precio del art\u00edculo.<\/p>\n","protected":false},"excerpt":{"rendered":"<p>Este maniqu\u00ed de velocidad se ha desarrollado especialmente para trabajar la eficacia y la velocidad de las t\u00e9cnicas de lanzamiento en diversas artes marciales, como judo, ju-jutsu, MMA y otras. Fabricado con vinilo reforzado con fibra de alta calidad. Las costuras se cosen varias veces y est\u00e1n extra reforzadas. Dimensiones y peso : XS = [&hellip;]<\/p>\n","protected":false},"featured_media":665996,"comment_status":"closed","ping_status":"closed","template":"","meta":{"inline_featured_image":false},"product_brand":[],"product_cat":[1338,1339,1316,1409],"product_tag":[1419],"sport":[74,430,78,431],"class_list":{"0":"post-343045","1":"product","2":"type-product","3":"status-publish","4":"has-post-thumbnail","6":"product_cat-equipo-de-entrenamiento-de-jiu-jitsu","7":"product_cat-equipo-de-entrenamiento-de-mma","8":"product_cat-equipos-de-formacion","9":"product_cat-equipos-de-formacion-es","10":"product_tag-suples-es","11":"product_shipping_class-productos-voluminosos","12":"pa_size-l","13":"pa_size-m","14":"pa_size-s","15":"pa_size-xs","16":"sport-jiu-jitsu","17":"sport-jiu-jitsu-bresilien","18":"sport-judo","19":"sport-mma","21":"first","22":"instock","23":"taxable","24":"shipping-taxable","25":"purchasable","26":"product-type-variable"},"yoast_head":"<!-- This site is optimized with the Yoast SEO plugin v27.2 - https:\/\/yoast.com\/product\/yoast-seo-wordpress\/ -->\n<title>MANIQU\u00cd ROJO DE VELOCIDAD &#8211; Daisho<\/title>\n<meta name=\"description\" content=\"Maniqu\u00ed rojo de velocidad para el entrenamiento de competidores de jiu-jitsu y MMA Suples. Talla L. Encu\u00e9ntralo en Daisho.\" \/>\n<meta name=\"robots\" content=\"index, follow, max-snippet:-1, max-image-preview:large, max-video-preview:-1\" \/>\n<link rel=\"canonical\" href=\"https:\/\/www.daisho.be\/es\/produit\/maniqui-rojo-de-velocidad\/\" \/>\n<meta property=\"og:locale\" content=\"es_ES\" \/>\n<meta property=\"og:type\" content=\"article\" \/>\n<meta property=\"og:title\" content=\"MANIQU\u00cd ROJO DE VELOCIDAD &#8211; Daisho\" \/>\n<meta property=\"og:description\" content=\"Maniqu\u00ed rojo de velocidad para el entrenamiento de competidores de jiu-jitsu y MMA Suples. Talla L. Encu\u00e9ntralo en Daisho.\" \/>\n<meta property=\"og:url\" content=\"https:\/\/www.daisho.be\/es\/produit\/maniqui-rojo-de-velocidad\/\" \/>\n<meta property=\"og:site_name\" content=\"Daisho\" \/>\n<meta property=\"article:modified_time\" content=\"2026-03-05T09:03:19+00:00\" \/>\n<meta property=\"og:image\" content=\"https:\/\/www.daisho.be\/wp-content\/uploads\/2026\/03\/image-16.jpg\" \/>\n\t<meta property=\"og:image:width\" content=\"510\" \/>\n\t<meta property=\"og:image:height\" content=\"720\" \/>\n\t<meta property=\"og:image:type\" content=\"image\/jpeg\" \/>\n<meta name=\"twitter:card\" content=\"summary_large_image\" \/>\n<script type=\"application\/ld+json\" class=\"yoast-schema-graph\">{\"@context\":\"https:\/\/schema.org\",\"@graph\":[{\"@type\":\"WebPage\",\"@id\":\"https:\/\/www.daisho.be\/es\/produit\/maniqui-rojo-de-velocidad\/\",\"url\":\"https:\/\/www.daisho.be\/es\/produit\/maniqui-rojo-de-velocidad\/\",\"name\":\"MANIQU\u00cd ROJO DE VELOCIDAD &#8211; Daisho\",\"isPartOf\":{\"@id\":\"https:\/\/www.daisho.be\/es\/#website\"},\"primaryImageOfPage\":{\"@id\":\"https:\/\/www.daisho.be\/es\/produit\/maniqui-rojo-de-velocidad\/#primaryimage\"},\"image\":{\"@id\":\"https:\/\/www.daisho.be\/es\/produit\/maniqui-rojo-de-velocidad\/#primaryimage\"},\"thumbnailUrl\":\"https:\/\/www.daisho.be\/wp-content\/uploads\/2026\/03\/image-16.jpg\",\"datePublished\":\"2019-09-16T08:06:49+00:00\",\"dateModified\":\"2026-03-05T09:03:19+00:00\",\"description\":\"Maniqu\u00ed rojo de velocidad para el entrenamiento de competidores de jiu-jitsu y MMA Suples. Talla L. Encu\u00e9ntralo en Daisho.\",\"breadcrumb\":{\"@id\":\"https:\/\/www.daisho.be\/es\/produit\/maniqui-rojo-de-velocidad\/#breadcrumb\"},\"inLanguage\":\"es\",\"potentialAction\":[{\"@type\":\"ReadAction\",\"target\":[\"https:\/\/www.daisho.be\/es\/produit\/maniqui-rojo-de-velocidad\/\"]}]},{\"@type\":\"ImageObject\",\"inLanguage\":\"es\",\"@id\":\"https:\/\/www.daisho.be\/es\/produit\/maniqui-rojo-de-velocidad\/#primaryimage\",\"url\":\"https:\/\/www.daisho.be\/wp-content\/uploads\/2026\/03\/image-16.jpg\",\"contentUrl\":\"https:\/\/www.daisho.be\/wp-content\/uploads\/2026\/03\/image-16.jpg\",\"width\":510,\"height\":720,\"caption\":\"VELOCIDAD ROJA DUMMY-1\"},{\"@type\":\"BreadcrumbList\",\"@id\":\"https:\/\/www.daisho.be\/es\/produit\/maniqui-rojo-de-velocidad\/#breadcrumb\",\"itemListElement\":[{\"@type\":\"ListItem\",\"position\":1,\"name\":\"Accueil\",\"item\":\"https:\/\/www.daisho.be\/es\/\"},{\"@type\":\"ListItem\",\"position\":2,\"name\":\"Productos\",\"item\":\"https:\/\/www.daisho.be\/es\/productos\/\"},{\"@type\":\"ListItem\",\"position\":3,\"name\":\"Equipamiento y ropa para artes marciales y deportes de combate\",\"item\":\"https:\/\/www.daisho.be\/es\/categorie-produit\/equipamiento-y-ropa-para-artes-marciales-y-deportes-de-combate\/\"},{\"@type\":\"ListItem\",\"position\":4,\"name\":\"Jujitsu y jiu-jitsu brasile\u00f1os\",\"item\":\"https:\/\/www.daisho.be\/es\/categorie-produit\/equipamiento-y-ropa-para-artes-marciales-y-deportes-de-combate\/jujitsu-y-jiu-jitsu-brasilenos\/\"},{\"@type\":\"ListItem\",\"position\":5,\"name\":\"Equipo de entrenamiento de Jiu Jitsu\",\"item\":\"https:\/\/www.daisho.be\/es\/categorie-produit\/equipamiento-y-ropa-para-artes-marciales-y-deportes-de-combate\/jujitsu-y-jiu-jitsu-brasilenos\/equipo-de-entrenamiento-de-jiu-jitsu\/\"},{\"@type\":\"ListItem\",\"position\":6,\"name\":\"MANIQU\u00cd ROJO DE VELOCIDAD\"}]},{\"@type\":\"WebSite\",\"@id\":\"https:\/\/www.daisho.be\/es\/#website\",\"url\":\"https:\/\/www.daisho.be\/es\/\",\"name\":\"Daisho\",\"description\":\"Sp&eacute;cialiste de l'&eacute;quipement sportif d'arts martiaux\",\"publisher\":{\"@id\":\"https:\/\/www.daisho.be\/es\/#organization\"},\"potentialAction\":[{\"@type\":\"SearchAction\",\"target\":{\"@type\":\"EntryPoint\",\"urlTemplate\":\"https:\/\/www.daisho.be\/es\/?s={search_term_string}\"},\"query-input\":{\"@type\":\"PropertyValueSpecification\",\"valueRequired\":true,\"valueName\":\"search_term_string\"}}],\"inLanguage\":\"es\"},{\"@type\":\"Organization\",\"@id\":\"https:\/\/www.daisho.be\/es\/#organization\",\"name\":\"Daisho\",\"url\":\"https:\/\/www.daisho.be\/es\/\",\"logo\":{\"@type\":\"ImageObject\",\"inLanguage\":\"es\",\"@id\":\"https:\/\/www.daisho.be\/es\/#\/schema\/logo\/image\/\",\"url\":\"https:\/\/www.daisho.be\/wp-content\/uploads\/2019\/07\/color-nothing-horizontale4x-e1564486100247.png\",\"contentUrl\":\"https:\/\/www.daisho.be\/wp-content\/uploads\/2019\/07\/color-nothing-horizontale4x-e1564486100247.png\",\"width\":1547,\"height\":385,\"caption\":\"Daisho\"},\"image\":{\"@id\":\"https:\/\/www.daisho.be\/es\/#\/schema\/logo\/image\/\"}}]}<\/script>\n<!-- \/ Yoast SEO plugin. -->","yoast_head_json":{"title":"MANIQU\u00cd ROJO DE VELOCIDAD &#8211; Daisho","description":"Maniqu\u00ed rojo de velocidad para el entrenamiento de competidores de jiu-jitsu y MMA Suples. Talla L. Encu\u00e9ntralo en Daisho.","robots":{"index":"index","follow":"follow","max-snippet":"max-snippet:-1","max-image-preview":"max-image-preview:large","max-video-preview":"max-video-preview:-1"},"canonical":"https:\/\/www.daisho.be\/es\/produit\/maniqui-rojo-de-velocidad\/","og_locale":"es_ES","og_type":"article","og_title":"MANIQU\u00cd ROJO DE VELOCIDAD &#8211; Daisho","og_description":"Maniqu\u00ed rojo de velocidad para el entrenamiento de competidores de jiu-jitsu y MMA Suples. Talla L. Encu\u00e9ntralo en Daisho.","og_url":"https:\/\/www.daisho.be\/es\/produit\/maniqui-rojo-de-velocidad\/","og_site_name":"Daisho","article_modified_time":"2026-03-05T09:03:19+00:00","og_image":[{"width":510,"height":720,"url":"https:\/\/www.daisho.be\/wp-content\/uploads\/2026\/03\/image-16.jpg","type":"image\/jpeg"}],"twitter_card":"summary_large_image","schema":{"@context":"https:\/\/schema.org","@graph":[{"@type":"WebPage","@id":"https:\/\/www.daisho.be\/es\/produit\/maniqui-rojo-de-velocidad\/","url":"https:\/\/www.daisho.be\/es\/produit\/maniqui-rojo-de-velocidad\/","name":"MANIQU\u00cd ROJO DE VELOCIDAD &#8211; Daisho","isPartOf":{"@id":"https:\/\/www.daisho.be\/es\/#website"},"primaryImageOfPage":{"@id":"https:\/\/www.daisho.be\/es\/produit\/maniqui-rojo-de-velocidad\/#primaryimage"},"image":{"@id":"https:\/\/www.daisho.be\/es\/produit\/maniqui-rojo-de-velocidad\/#primaryimage"},"thumbnailUrl":"https:\/\/www.daisho.be\/wp-content\/uploads\/2026\/03\/image-16.jpg","datePublished":"2019-09-16T08:06:49+00:00","dateModified":"2026-03-05T09:03:19+00:00","description":"Maniqu\u00ed rojo de velocidad para el entrenamiento de competidores de jiu-jitsu y MMA Suples. Talla L. Encu\u00e9ntralo en Daisho.","breadcrumb":{"@id":"https:\/\/www.daisho.be\/es\/produit\/maniqui-rojo-de-velocidad\/#breadcrumb"},"inLanguage":"es","potentialAction":[{"@type":"ReadAction","target":["https:\/\/www.daisho.be\/es\/produit\/maniqui-rojo-de-velocidad\/"]}]},{"@type":"ImageObject","inLanguage":"es","@id":"https:\/\/www.daisho.be\/es\/produit\/maniqui-rojo-de-velocidad\/#primaryimage","url":"https:\/\/www.daisho.be\/wp-content\/uploads\/2026\/03\/image-16.jpg","contentUrl":"https:\/\/www.daisho.be\/wp-content\/uploads\/2026\/03\/image-16.jpg","width":510,"height":720,"caption":"VELOCIDAD ROJA DUMMY-1"},{"@type":"BreadcrumbList","@id":"https:\/\/www.daisho.be\/es\/produit\/maniqui-rojo-de-velocidad\/#breadcrumb","itemListElement":[{"@type":"ListItem","position":1,"name":"Accueil","item":"https:\/\/www.daisho.be\/es\/"},{"@type":"ListItem","position":2,"name":"Productos","item":"https:\/\/www.daisho.be\/es\/productos\/"},{"@type":"ListItem","position":3,"name":"Equipamiento y ropa para artes marciales y deportes de combate","item":"https:\/\/www.daisho.be\/es\/categorie-produit\/equipamiento-y-ropa-para-artes-marciales-y-deportes-de-combate\/"},{"@type":"ListItem","position":4,"name":"Jujitsu y jiu-jitsu brasile\u00f1os","item":"https:\/\/www.daisho.be\/es\/categorie-produit\/equipamiento-y-ropa-para-artes-marciales-y-deportes-de-combate\/jujitsu-y-jiu-jitsu-brasilenos\/"},{"@type":"ListItem","position":5,"name":"Equipo de entrenamiento de Jiu Jitsu","item":"https:\/\/www.daisho.be\/es\/categorie-produit\/equipamiento-y-ropa-para-artes-marciales-y-deportes-de-combate\/jujitsu-y-jiu-jitsu-brasilenos\/equipo-de-entrenamiento-de-jiu-jitsu\/"},{"@type":"ListItem","position":6,"name":"MANIQU\u00cd ROJO DE VELOCIDAD"}]},{"@type":"WebSite","@id":"https:\/\/www.daisho.be\/es\/#website","url":"https:\/\/www.daisho.be\/es\/","name":"Daisho","description":"Sp&eacute;cialiste de l'&eacute;quipement sportif d'arts martiaux","publisher":{"@id":"https:\/\/www.daisho.be\/es\/#organization"},"potentialAction":[{"@type":"SearchAction","target":{"@type":"EntryPoint","urlTemplate":"https:\/\/www.daisho.be\/es\/?s={search_term_string}"},"query-input":{"@type":"PropertyValueSpecification","valueRequired":true,"valueName":"search_term_string"}}],"inLanguage":"es"},{"@type":"Organization","@id":"https:\/\/www.daisho.be\/es\/#organization","name":"Daisho","url":"https:\/\/www.daisho.be\/es\/","logo":{"@type":"ImageObject","inLanguage":"es","@id":"https:\/\/www.daisho.be\/es\/#\/schema\/logo\/image\/","url":"https:\/\/www.daisho.be\/wp-content\/uploads\/2019\/07\/color-nothing-horizontale4x-e1564486100247.png","contentUrl":"https:\/\/www.daisho.be\/wp-content\/uploads\/2019\/07\/color-nothing-horizontale4x-e1564486100247.png","width":1547,"height":385,"caption":"Daisho"},"image":{"@id":"https:\/\/www.daisho.be\/es\/#\/schema\/logo\/image\/"}}]}},"_links":{"self":[{"href":"https:\/\/www.daisho.be\/es\/wp-json\/wp\/v2\/product\/343045","targetHints":{"allow":["GET"]}}],"collection":[{"href":"https:\/\/www.daisho.be\/es\/wp-json\/wp\/v2\/product"}],"about":[{"href":"https:\/\/www.daisho.be\/es\/wp-json\/wp\/v2\/types\/product"}],"replies":[{"embeddable":true,"href":"https:\/\/www.daisho.be\/es\/wp-json\/wp\/v2\/comments?post=343045"}],"wp:featuredmedia":[{"embeddable":true,"href":"https:\/\/www.daisho.be\/es\/wp-json\/wp\/v2\/media\/665996"}],"wp:attachment":[{"href":"https:\/\/www.daisho.be\/es\/wp-json\/wp\/v2\/media?parent=343045"}],"wp:term":[{"taxonomy":"product_brand","embeddable":true,"href":"https:\/\/www.daisho.be\/es\/wp-json\/wp\/v2\/product_brand?post=343045"},{"taxonomy":"product_cat","embeddable":true,"href":"https:\/\/www.daisho.be\/es\/wp-json\/wp\/v2\/product_cat?post=343045"},{"taxonomy":"product_tag","embeddable":true,"href":"https:\/\/www.daisho.be\/es\/wp-json\/wp\/v2\/product_tag?post=343045"},{"taxonomy":"sport","embeddable":true,"href":"https:\/\/www.daisho.be\/es\/wp-json\/wp\/v2\/sport?post=343045"}],"curies":[{"name":"wp","href":"https:\/\/api.w.org\/{rel}","templated":true}]}}