{"id":342924,"date":"2019-09-16T10:05:08","date_gmt":"2019-09-16T08:05:08","guid":{"rendered":"https:\/\/www.daisho.be\/produit\/cinturon-negro-tokaido-de-algodon-made-in-japan\/"},"modified":"2025-10-09T13:44:07","modified_gmt":"2025-10-09T11:44:07","slug":"cinturon-negro-tokaido-de-algodon-made-in-japan","status":"publish","type":"product","link":"https:\/\/www.daisho.be\/es\/produit\/cinturon-negro-tokaido-de-algodon-made-in-japan\/","title":{"rendered":"CINTUR\u00d3N NEGRO TOKAIDO DE ALGOD\u00d3N MADE IN JAPAN"},"content":{"rendered":"<p>Un sensei suele tener varios karategis, mientras que el cintur\u00f3n negro permanece con \u00e9l durante a\u00f1os.<br \/>\nPor este motivo, desde 1956 karatekas de todo el mundo conf\u00edan en los cinturones negros de k\u00e1rate Tokaido fabricados en Jap\u00f3n.<\/p>\n<p>Caracter\u00edsticas:<br \/>\n&#8211; 11 costuras,<br \/>\n&#8211; f\u00e1cil de atar,<br \/>\n&#8211; producto de muy alta calidad,<br \/>\n&#8211; etiqueta con logotipo \u00abIn-Yo\u00bb o pu\u00f1o oficial,<br \/>\n&#8211; anchura: aprox. 4,5 cm,<br \/>\n&#8211; material: 100% algod\u00f3n. <\/p>\n","protected":false},"excerpt":{"rendered":"<p>Un sensei suele tener varios karategis, mientras que el cintur\u00f3n negro permanece con \u00e9l durante a\u00f1os. Por este motivo, desde 1956 karatekas de todo el mundo conf\u00edan en los cinturones negros de k\u00e1rate Tokaido fabricados en Jap\u00f3n. Caracter\u00edsticas: &#8211; 11 costuras, &#8211; f\u00e1cil de atar, &#8211; producto de muy alta calidad, &#8211; etiqueta con logotipo [&hellip;]<\/p>\n","protected":false},"featured_media":417191,"comment_status":"closed","ping_status":"closed","template":"","meta":{"inline_featured_image":false},"product_brand":[],"product_cat":[1411,1403,1410,1404],"product_tag":[1306],"sport":[73],"class_list":{"0":"post-342924","1":"product","2":"type-product","3":"status-publish","4":"has-post-thumbnail","6":"product_cat-cinturon-de-jiu-jitsu","7":"product_cat-cinturones","8":"product_cat-cinturones-de-aikido","9":"product_cat-cinturones-de-karate","10":"product_tag-tokaido-es","11":"pa_size-250-30","12":"pa_size-265-40","13":"pa_size-280-50","14":"pa_size-295-60","15":"pa_size-310-70","16":"pa_size-325-80","17":"pa_size-340-90","18":"pa_size-355-100","19":"sport-karate","21":"first","22":"instock","23":"taxable","24":"shipping-taxable","25":"purchasable","26":"product-type-variable"},"yoast_head":"<!-- This site is optimized with the Yoast SEO plugin v27.2 - https:\/\/yoast.com\/product\/yoast-seo-wordpress\/ -->\n<title>Cintur\u00f3n negro Tokaido de algod\u00f3n fabricado en Jap\u00f3n<\/title>\n<meta name=\"description\" content=\"Un sensei suele tener varios karategis, mientras que el cintur\u00f3n negro permanece con \u00e9l durante a\u00f1os. Desde 1956, karatekas de todo el mundo conf\u00edan en Tokaido.\" \/>\n<meta name=\"robots\" content=\"index, follow, max-snippet:-1, max-image-preview:large, max-video-preview:-1\" \/>\n<link rel=\"canonical\" href=\"https:\/\/www.daisho.be\/es\/produit\/cinturon-negro-tokaido-de-algodon-made-in-japan\/\" \/>\n<meta property=\"og:locale\" content=\"es_ES\" \/>\n<meta property=\"og:type\" content=\"article\" \/>\n<meta property=\"og:title\" content=\"Cintur\u00f3n negro Tokaido de algod\u00f3n fabricado en Jap\u00f3n\" \/>\n<meta property=\"og:description\" content=\"Un sensei suele tener varios karategis, mientras que el cintur\u00f3n negro permanece con \u00e9l durante a\u00f1os. Desde 1956, karatekas de todo el mundo conf\u00edan en Tokaido.\" \/>\n<meta property=\"og:url\" content=\"https:\/\/www.daisho.be\/es\/produit\/cinturon-negro-tokaido-de-algodon-made-in-japan\/\" \/>\n<meta property=\"og:site_name\" content=\"Daisho\" \/>\n<meta property=\"article:modified_time\" content=\"2025-10-09T11:44:07+00:00\" \/>\n<meta property=\"og:image\" content=\"https:\/\/www.daisho.be\/wp-content\/uploads\/2024\/06\/image-52.jpg\" \/>\n\t<meta property=\"og:image:width\" content=\"800\" \/>\n\t<meta property=\"og:image:height\" content=\"1280\" \/>\n\t<meta property=\"og:image:type\" content=\"image\/jpeg\" \/>\n<meta name=\"twitter:card\" content=\"summary_large_image\" \/>\n<script type=\"application\/ld+json\" class=\"yoast-schema-graph\">{\"@context\":\"https:\/\/schema.org\",\"@graph\":[{\"@type\":\"WebPage\",\"@id\":\"https:\/\/www.daisho.be\/es\/produit\/cinturon-negro-tokaido-de-algodon-made-in-japan\/\",\"url\":\"https:\/\/www.daisho.be\/es\/produit\/cinturon-negro-tokaido-de-algodon-made-in-japan\/\",\"name\":\"Cintur\u00f3n negro Tokaido de algod\u00f3n fabricado en Jap\u00f3n\",\"isPartOf\":{\"@id\":\"https:\/\/www.daisho.be\/es\/#website\"},\"primaryImageOfPage\":{\"@id\":\"https:\/\/www.daisho.be\/es\/produit\/cinturon-negro-tokaido-de-algodon-made-in-japan\/#primaryimage\"},\"image\":{\"@id\":\"https:\/\/www.daisho.be\/es\/produit\/cinturon-negro-tokaido-de-algodon-made-in-japan\/#primaryimage\"},\"thumbnailUrl\":\"https:\/\/www.daisho.be\/wp-content\/uploads\/2024\/06\/image-52.jpg\",\"datePublished\":\"2019-09-16T08:05:08+00:00\",\"dateModified\":\"2025-10-09T11:44:07+00:00\",\"description\":\"Un sensei suele tener varios karategis, mientras que el cintur\u00f3n negro permanece con \u00e9l durante a\u00f1os. Desde 1956, karatekas de todo el mundo conf\u00edan en Tokaido.\",\"breadcrumb\":{\"@id\":\"https:\/\/www.daisho.be\/es\/produit\/cinturon-negro-tokaido-de-algodon-made-in-japan\/#breadcrumb\"},\"inLanguage\":\"es\",\"potentialAction\":[{\"@type\":\"ReadAction\",\"target\":[\"https:\/\/www.daisho.be\/es\/produit\/cinturon-negro-tokaido-de-algodon-made-in-japan\/\"]}]},{\"@type\":\"ImageObject\",\"inLanguage\":\"es\",\"@id\":\"https:\/\/www.daisho.be\/es\/produit\/cinturon-negro-tokaido-de-algodon-made-in-japan\/#primaryimage\",\"url\":\"https:\/\/www.daisho.be\/wp-content\/uploads\/2024\/06\/image-52.jpg\",\"contentUrl\":\"https:\/\/www.daisho.be\/wp-content\/uploads\/2024\/06\/image-52.jpg\",\"width\":800,\"height\":1280,\"caption\":\"TOKAIDO CINTUR\u00d3N DE ALGOD\u00d3N NEGRO MADE IN JAPAN-1\"},{\"@type\":\"BreadcrumbList\",\"@id\":\"https:\/\/www.daisho.be\/es\/produit\/cinturon-negro-tokaido-de-algodon-made-in-japan\/#breadcrumb\",\"itemListElement\":[{\"@type\":\"ListItem\",\"position\":1,\"name\":\"Accueil\",\"item\":\"https:\/\/www.daisho.be\/es\/\"},{\"@type\":\"ListItem\",\"position\":2,\"name\":\"Productos\",\"item\":\"https:\/\/www.daisho.be\/es\/productos\/\"},{\"@type\":\"ListItem\",\"position\":3,\"name\":\"Equipamiento y ropa para artes marciales y deportes de combate\",\"item\":\"https:\/\/www.daisho.be\/es\/categorie-produit\/equipamiento-y-ropa-para-artes-marciales-y-deportes-de-combate\/\"},{\"@type\":\"ListItem\",\"position\":4,\"name\":\"Jujitsu y jiu-jitsu brasile\u00f1os\",\"item\":\"https:\/\/www.daisho.be\/es\/categorie-produit\/equipamiento-y-ropa-para-artes-marciales-y-deportes-de-combate\/jujitsu-y-jiu-jitsu-brasilenos\/\"},{\"@type\":\"ListItem\",\"position\":5,\"name\":\"Cintur\u00f3n de Jiu Jitsu\",\"item\":\"https:\/\/www.daisho.be\/es\/categorie-produit\/equipamiento-y-ropa-para-artes-marciales-y-deportes-de-combate\/jujitsu-y-jiu-jitsu-brasilenos\/cinturon-de-jiu-jitsu\/\"},{\"@type\":\"ListItem\",\"position\":6,\"name\":\"CINTUR\u00d3N NEGRO TOKAIDO DE ALGOD\u00d3N MADE IN JAPAN\"}]},{\"@type\":\"WebSite\",\"@id\":\"https:\/\/www.daisho.be\/es\/#website\",\"url\":\"https:\/\/www.daisho.be\/es\/\",\"name\":\"Daisho\",\"description\":\"Sp&eacute;cialiste de l'&eacute;quipement sportif d'arts martiaux\",\"publisher\":{\"@id\":\"https:\/\/www.daisho.be\/es\/#organization\"},\"potentialAction\":[{\"@type\":\"SearchAction\",\"target\":{\"@type\":\"EntryPoint\",\"urlTemplate\":\"https:\/\/www.daisho.be\/es\/?s={search_term_string}\"},\"query-input\":{\"@type\":\"PropertyValueSpecification\",\"valueRequired\":true,\"valueName\":\"search_term_string\"}}],\"inLanguage\":\"es\"},{\"@type\":\"Organization\",\"@id\":\"https:\/\/www.daisho.be\/es\/#organization\",\"name\":\"Daisho\",\"url\":\"https:\/\/www.daisho.be\/es\/\",\"logo\":{\"@type\":\"ImageObject\",\"inLanguage\":\"es\",\"@id\":\"https:\/\/www.daisho.be\/es\/#\/schema\/logo\/image\/\",\"url\":\"https:\/\/www.daisho.be\/wp-content\/uploads\/2019\/07\/color-nothing-horizontale4x-e1564486100247.png\",\"contentUrl\":\"https:\/\/www.daisho.be\/wp-content\/uploads\/2019\/07\/color-nothing-horizontale4x-e1564486100247.png\",\"width\":1547,\"height\":385,\"caption\":\"Daisho\"},\"image\":{\"@id\":\"https:\/\/www.daisho.be\/es\/#\/schema\/logo\/image\/\"}}]}<\/script>\n<!-- \/ Yoast SEO plugin. -->","yoast_head_json":{"title":"Cintur\u00f3n negro Tokaido de algod\u00f3n fabricado en Jap\u00f3n","description":"Un sensei suele tener varios karategis, mientras que el cintur\u00f3n negro permanece con \u00e9l durante a\u00f1os. Desde 1956, karatekas de todo el mundo conf\u00edan en Tokaido.","robots":{"index":"index","follow":"follow","max-snippet":"max-snippet:-1","max-image-preview":"max-image-preview:large","max-video-preview":"max-video-preview:-1"},"canonical":"https:\/\/www.daisho.be\/es\/produit\/cinturon-negro-tokaido-de-algodon-made-in-japan\/","og_locale":"es_ES","og_type":"article","og_title":"Cintur\u00f3n negro Tokaido de algod\u00f3n fabricado en Jap\u00f3n","og_description":"Un sensei suele tener varios karategis, mientras que el cintur\u00f3n negro permanece con \u00e9l durante a\u00f1os. Desde 1956, karatekas de todo el mundo conf\u00edan en Tokaido.","og_url":"https:\/\/www.daisho.be\/es\/produit\/cinturon-negro-tokaido-de-algodon-made-in-japan\/","og_site_name":"Daisho","article_modified_time":"2025-10-09T11:44:07+00:00","og_image":[{"width":800,"height":1280,"url":"https:\/\/www.daisho.be\/wp-content\/uploads\/2024\/06\/image-52.jpg","type":"image\/jpeg"}],"twitter_card":"summary_large_image","schema":{"@context":"https:\/\/schema.org","@graph":[{"@type":"WebPage","@id":"https:\/\/www.daisho.be\/es\/produit\/cinturon-negro-tokaido-de-algodon-made-in-japan\/","url":"https:\/\/www.daisho.be\/es\/produit\/cinturon-negro-tokaido-de-algodon-made-in-japan\/","name":"Cintur\u00f3n negro Tokaido de algod\u00f3n fabricado en Jap\u00f3n","isPartOf":{"@id":"https:\/\/www.daisho.be\/es\/#website"},"primaryImageOfPage":{"@id":"https:\/\/www.daisho.be\/es\/produit\/cinturon-negro-tokaido-de-algodon-made-in-japan\/#primaryimage"},"image":{"@id":"https:\/\/www.daisho.be\/es\/produit\/cinturon-negro-tokaido-de-algodon-made-in-japan\/#primaryimage"},"thumbnailUrl":"https:\/\/www.daisho.be\/wp-content\/uploads\/2024\/06\/image-52.jpg","datePublished":"2019-09-16T08:05:08+00:00","dateModified":"2025-10-09T11:44:07+00:00","description":"Un sensei suele tener varios karategis, mientras que el cintur\u00f3n negro permanece con \u00e9l durante a\u00f1os. Desde 1956, karatekas de todo el mundo conf\u00edan en Tokaido.","breadcrumb":{"@id":"https:\/\/www.daisho.be\/es\/produit\/cinturon-negro-tokaido-de-algodon-made-in-japan\/#breadcrumb"},"inLanguage":"es","potentialAction":[{"@type":"ReadAction","target":["https:\/\/www.daisho.be\/es\/produit\/cinturon-negro-tokaido-de-algodon-made-in-japan\/"]}]},{"@type":"ImageObject","inLanguage":"es","@id":"https:\/\/www.daisho.be\/es\/produit\/cinturon-negro-tokaido-de-algodon-made-in-japan\/#primaryimage","url":"https:\/\/www.daisho.be\/wp-content\/uploads\/2024\/06\/image-52.jpg","contentUrl":"https:\/\/www.daisho.be\/wp-content\/uploads\/2024\/06\/image-52.jpg","width":800,"height":1280,"caption":"TOKAIDO CINTUR\u00d3N DE ALGOD\u00d3N NEGRO MADE IN JAPAN-1"},{"@type":"BreadcrumbList","@id":"https:\/\/www.daisho.be\/es\/produit\/cinturon-negro-tokaido-de-algodon-made-in-japan\/#breadcrumb","itemListElement":[{"@type":"ListItem","position":1,"name":"Accueil","item":"https:\/\/www.daisho.be\/es\/"},{"@type":"ListItem","position":2,"name":"Productos","item":"https:\/\/www.daisho.be\/es\/productos\/"},{"@type":"ListItem","position":3,"name":"Equipamiento y ropa para artes marciales y deportes de combate","item":"https:\/\/www.daisho.be\/es\/categorie-produit\/equipamiento-y-ropa-para-artes-marciales-y-deportes-de-combate\/"},{"@type":"ListItem","position":4,"name":"Jujitsu y jiu-jitsu brasile\u00f1os","item":"https:\/\/www.daisho.be\/es\/categorie-produit\/equipamiento-y-ropa-para-artes-marciales-y-deportes-de-combate\/jujitsu-y-jiu-jitsu-brasilenos\/"},{"@type":"ListItem","position":5,"name":"Cintur\u00f3n de Jiu Jitsu","item":"https:\/\/www.daisho.be\/es\/categorie-produit\/equipamiento-y-ropa-para-artes-marciales-y-deportes-de-combate\/jujitsu-y-jiu-jitsu-brasilenos\/cinturon-de-jiu-jitsu\/"},{"@type":"ListItem","position":6,"name":"CINTUR\u00d3N NEGRO TOKAIDO DE ALGOD\u00d3N MADE IN JAPAN"}]},{"@type":"WebSite","@id":"https:\/\/www.daisho.be\/es\/#website","url":"https:\/\/www.daisho.be\/es\/","name":"Daisho","description":"Sp&eacute;cialiste de l'&eacute;quipement sportif d'arts martiaux","publisher":{"@id":"https:\/\/www.daisho.be\/es\/#organization"},"potentialAction":[{"@type":"SearchAction","target":{"@type":"EntryPoint","urlTemplate":"https:\/\/www.daisho.be\/es\/?s={search_term_string}"},"query-input":{"@type":"PropertyValueSpecification","valueRequired":true,"valueName":"search_term_string"}}],"inLanguage":"es"},{"@type":"Organization","@id":"https:\/\/www.daisho.be\/es\/#organization","name":"Daisho","url":"https:\/\/www.daisho.be\/es\/","logo":{"@type":"ImageObject","inLanguage":"es","@id":"https:\/\/www.daisho.be\/es\/#\/schema\/logo\/image\/","url":"https:\/\/www.daisho.be\/wp-content\/uploads\/2019\/07\/color-nothing-horizontale4x-e1564486100247.png","contentUrl":"https:\/\/www.daisho.be\/wp-content\/uploads\/2019\/07\/color-nothing-horizontale4x-e1564486100247.png","width":1547,"height":385,"caption":"Daisho"},"image":{"@id":"https:\/\/www.daisho.be\/es\/#\/schema\/logo\/image\/"}}]}},"_links":{"self":[{"href":"https:\/\/www.daisho.be\/es\/wp-json\/wp\/v2\/product\/342924","targetHints":{"allow":["GET"]}}],"collection":[{"href":"https:\/\/www.daisho.be\/es\/wp-json\/wp\/v2\/product"}],"about":[{"href":"https:\/\/www.daisho.be\/es\/wp-json\/wp\/v2\/types\/product"}],"replies":[{"embeddable":true,"href":"https:\/\/www.daisho.be\/es\/wp-json\/wp\/v2\/comments?post=342924"}],"wp:featuredmedia":[{"embeddable":true,"href":"https:\/\/www.daisho.be\/es\/wp-json\/wp\/v2\/media\/417191"}],"wp:attachment":[{"href":"https:\/\/www.daisho.be\/es\/wp-json\/wp\/v2\/media?parent=342924"}],"wp:term":[{"taxonomy":"product_brand","embeddable":true,"href":"https:\/\/www.daisho.be\/es\/wp-json\/wp\/v2\/product_brand?post=342924"},{"taxonomy":"product_cat","embeddable":true,"href":"https:\/\/www.daisho.be\/es\/wp-json\/wp\/v2\/product_cat?post=342924"},{"taxonomy":"product_tag","embeddable":true,"href":"https:\/\/www.daisho.be\/es\/wp-json\/wp\/v2\/product_tag?post=342924"},{"taxonomy":"sport","embeddable":true,"href":"https:\/\/www.daisho.be\/es\/wp-json\/wp\/v2\/sport?post=342924"}],"curies":[{"name":"wp","href":"https:\/\/api.w.org\/{rel}","templated":true}]}}