{"id":342866,"date":"2019-09-16T10:05:54","date_gmt":"2019-09-16T08:05:54","guid":{"rendered":"https:\/\/www.daisho.be\/produit\/cinturon-negro-de-seda-tokaido\/"},"modified":"2024-06-13T15:19:07","modified_gmt":"2024-06-13T13:19:07","slug":"cinturon-negro-de-seda-tokaido","status":"publish","type":"product","link":"https:\/\/www.daisho.be\/es\/produit\/cinturon-negro-de-seda-tokaido\/","title":{"rendered":"CINTUR\u00d3N NEGRO DE SEDA TOKAIDO"},"content":{"rendered":"<p>Cintur\u00f3n negro de k\u00e1rate de seda Tokaido. La ajustada fibra interior desemboca en una cintura transparente que brilla con la luz.<br \/>\nCintur\u00f3n de muy alta calidad del fabricante japon\u00e9s a un precio razonable.<\/p>\n<p>Caracter\u00edsticas :<br \/>\n&#8211; 11 costuras,<br \/>\n&#8211; f\u00e1cil de atar,<br \/>\n&#8211; alta calidad,<br \/>\n&#8211; etiqueta con el logotipo oficial \u00abIn-Yo\u00bb,<br \/>\n&#8211; anchura: aprox. 4,5 cm,<br \/>\n&#8211; Material: 100% seda artificial.<\/p>\n","protected":false},"excerpt":{"rendered":"<p>Cintur\u00f3n negro de k\u00e1rate de seda Tokaido. La ajustada fibra interior desemboca en una cintura transparente que brilla con la luz. Cintur\u00f3n de muy alta calidad del fabricante japon\u00e9s a un precio razonable. Caracter\u00edsticas : &#8211; 11 costuras, &#8211; f\u00e1cil de atar, &#8211; alta calidad, &#8211; etiqueta con el logotipo oficial \u00abIn-Yo\u00bb, &#8211; anchura: aprox. [&hellip;]<\/p>\n","protected":false},"featured_media":417167,"comment_status":"closed","ping_status":"closed","template":"","meta":{"inline_featured_image":false},"product_brand":[],"product_cat":[1403,1404],"product_tag":[1306],"sport":[73],"class_list":{"0":"post-342866","1":"product","2":"type-product","3":"status-publish","4":"has-post-thumbnail","6":"product_cat-cinturones","7":"product_cat-cinturones-de-karate","8":"product_tag-tokaido-es","9":"pa_size-255-30","10":"pa_size-265-35","11":"pa_size-275-40","12":"pa_size-285-45","13":"pa_size-295-50","14":"pa_size-305-55","15":"pa_size-315-60","16":"pa_size-325-65","17":"pa_size-335-70","18":"pa_size-345-75","19":"pa_size-355-80","20":"sport-karate","22":"first","23":"instock","24":"taxable","25":"shipping-taxable","26":"purchasable","27":"product-type-variable"},"yoast_head":"<!-- This site is optimized with the Yoast SEO plugin v27.2 - https:\/\/yoast.com\/product\/yoast-seo-wordpress\/ -->\n<title>Cintur\u00f3n Tokaido de seda negra &quot;made in Japan&quot; - Daisho<\/title>\n<meta name=\"description\" content=\"El cintur\u00f3n negro de k\u00e1rate de seda Tokaido es de la m\u00e1xima calidad y se fabrica espec\u00edficamente en Jap\u00f3n. C\u00f3mprelo en nuestro sitio web.\" \/>\n<meta name=\"robots\" content=\"index, follow, max-snippet:-1, max-image-preview:large, max-video-preview:-1\" \/>\n<link rel=\"canonical\" href=\"https:\/\/www.daisho.be\/es\/produit\/cinturon-negro-de-seda-tokaido\/\" \/>\n<meta property=\"og:locale\" content=\"es_ES\" \/>\n<meta property=\"og:type\" content=\"article\" \/>\n<meta property=\"og:title\" content=\"Cintur\u00f3n Tokaido de seda negra &quot;made in Japan&quot; - Daisho\" \/>\n<meta property=\"og:description\" content=\"El cintur\u00f3n negro de k\u00e1rate de seda Tokaido es de la m\u00e1xima calidad y se fabrica espec\u00edficamente en Jap\u00f3n. C\u00f3mprelo en nuestro sitio web.\" \/>\n<meta property=\"og:url\" content=\"https:\/\/www.daisho.be\/es\/produit\/cinturon-negro-de-seda-tokaido\/\" \/>\n<meta property=\"og:site_name\" content=\"Daisho\" \/>\n<meta property=\"article:modified_time\" content=\"2024-06-13T13:19:07+00:00\" \/>\n<meta property=\"og:image\" content=\"https:\/\/www.daisho.be\/wp-content\/uploads\/2024\/06\/image-50.jpg\" \/>\n\t<meta property=\"og:image:width\" content=\"800\" \/>\n\t<meta property=\"og:image:height\" content=\"1280\" \/>\n\t<meta property=\"og:image:type\" content=\"image\/jpeg\" \/>\n<meta name=\"twitter:card\" content=\"summary_large_image\" \/>\n<script type=\"application\/ld+json\" class=\"yoast-schema-graph\">{\"@context\":\"https:\/\/schema.org\",\"@graph\":[{\"@type\":\"WebPage\",\"@id\":\"https:\/\/www.daisho.be\/es\/produit\/cinturon-negro-de-seda-tokaido\/\",\"url\":\"https:\/\/www.daisho.be\/es\/produit\/cinturon-negro-de-seda-tokaido\/\",\"name\":\"Cintur\u00f3n Tokaido de seda negra \\\"made in Japan\\\" - Daisho\",\"isPartOf\":{\"@id\":\"https:\/\/www.daisho.be\/es\/#website\"},\"primaryImageOfPage\":{\"@id\":\"https:\/\/www.daisho.be\/es\/produit\/cinturon-negro-de-seda-tokaido\/#primaryimage\"},\"image\":{\"@id\":\"https:\/\/www.daisho.be\/es\/produit\/cinturon-negro-de-seda-tokaido\/#primaryimage\"},\"thumbnailUrl\":\"https:\/\/www.daisho.be\/wp-content\/uploads\/2024\/06\/image-50.jpg\",\"datePublished\":\"2019-09-16T08:05:54+00:00\",\"dateModified\":\"2024-06-13T13:19:07+00:00\",\"description\":\"El cintur\u00f3n negro de k\u00e1rate de seda Tokaido es de la m\u00e1xima calidad y se fabrica espec\u00edficamente en Jap\u00f3n. C\u00f3mprelo en nuestro sitio web.\",\"breadcrumb\":{\"@id\":\"https:\/\/www.daisho.be\/es\/produit\/cinturon-negro-de-seda-tokaido\/#breadcrumb\"},\"inLanguage\":\"es\",\"potentialAction\":[{\"@type\":\"ReadAction\",\"target\":[\"https:\/\/www.daisho.be\/es\/produit\/cinturon-negro-de-seda-tokaido\/\"]}]},{\"@type\":\"ImageObject\",\"inLanguage\":\"es\",\"@id\":\"https:\/\/www.daisho.be\/es\/produit\/cinturon-negro-de-seda-tokaido\/#primaryimage\",\"url\":\"https:\/\/www.daisho.be\/wp-content\/uploads\/2024\/06\/image-50.jpg\",\"contentUrl\":\"https:\/\/www.daisho.be\/wp-content\/uploads\/2024\/06\/image-50.jpg\",\"width\":800,\"height\":1280,\"caption\":\"TOKAIDO CINTUR\u00d3N NEGRO DE SEDA-1\"},{\"@type\":\"BreadcrumbList\",\"@id\":\"https:\/\/www.daisho.be\/es\/produit\/cinturon-negro-de-seda-tokaido\/#breadcrumb\",\"itemListElement\":[{\"@type\":\"ListItem\",\"position\":1,\"name\":\"Accueil\",\"item\":\"https:\/\/www.daisho.be\/es\/\"},{\"@type\":\"ListItem\",\"position\":2,\"name\":\"Productos\",\"item\":\"https:\/\/www.daisho.be\/es\/productos\/\"},{\"@type\":\"ListItem\",\"position\":3,\"name\":\"Equipamiento y ropa para artes marciales y deportes de combate\",\"item\":\"https:\/\/www.daisho.be\/es\/categorie-produit\/equipamiento-y-ropa-para-artes-marciales-y-deportes-de-combate\/\"},{\"@type\":\"ListItem\",\"position\":4,\"name\":\"Karate\",\"item\":\"https:\/\/www.daisho.be\/es\/categorie-produit\/equipamiento-y-ropa-para-artes-marciales-y-deportes-de-combate\/karate-es-2\/\"},{\"@type\":\"ListItem\",\"position\":5,\"name\":\"Cinturones de k\u00e1rate\",\"item\":\"https:\/\/www.daisho.be\/es\/categorie-produit\/equipamiento-y-ropa-para-artes-marciales-y-deportes-de-combate\/karate-es-2\/cinturones-de-karate\/\"},{\"@type\":\"ListItem\",\"position\":6,\"name\":\"CINTUR\u00d3N NEGRO DE SEDA TOKAIDO\"}]},{\"@type\":\"WebSite\",\"@id\":\"https:\/\/www.daisho.be\/es\/#website\",\"url\":\"https:\/\/www.daisho.be\/es\/\",\"name\":\"Daisho\",\"description\":\"Sp&eacute;cialiste de l'&eacute;quipement sportif d'arts martiaux\",\"publisher\":{\"@id\":\"https:\/\/www.daisho.be\/es\/#organization\"},\"potentialAction\":[{\"@type\":\"SearchAction\",\"target\":{\"@type\":\"EntryPoint\",\"urlTemplate\":\"https:\/\/www.daisho.be\/es\/?s={search_term_string}\"},\"query-input\":{\"@type\":\"PropertyValueSpecification\",\"valueRequired\":true,\"valueName\":\"search_term_string\"}}],\"inLanguage\":\"es\"},{\"@type\":\"Organization\",\"@id\":\"https:\/\/www.daisho.be\/es\/#organization\",\"name\":\"Daisho\",\"url\":\"https:\/\/www.daisho.be\/es\/\",\"logo\":{\"@type\":\"ImageObject\",\"inLanguage\":\"es\",\"@id\":\"https:\/\/www.daisho.be\/es\/#\/schema\/logo\/image\/\",\"url\":\"https:\/\/www.daisho.be\/wp-content\/uploads\/2019\/07\/color-nothing-horizontale4x-e1564486100247.png\",\"contentUrl\":\"https:\/\/www.daisho.be\/wp-content\/uploads\/2019\/07\/color-nothing-horizontale4x-e1564486100247.png\",\"width\":1547,\"height\":385,\"caption\":\"Daisho\"},\"image\":{\"@id\":\"https:\/\/www.daisho.be\/es\/#\/schema\/logo\/image\/\"}}]}<\/script>\n<!-- \/ Yoast SEO plugin. -->","yoast_head_json":{"title":"Cintur\u00f3n Tokaido de seda negra \"made in Japan\" - Daisho","description":"El cintur\u00f3n negro de k\u00e1rate de seda Tokaido es de la m\u00e1xima calidad y se fabrica espec\u00edficamente en Jap\u00f3n. C\u00f3mprelo en nuestro sitio web.","robots":{"index":"index","follow":"follow","max-snippet":"max-snippet:-1","max-image-preview":"max-image-preview:large","max-video-preview":"max-video-preview:-1"},"canonical":"https:\/\/www.daisho.be\/es\/produit\/cinturon-negro-de-seda-tokaido\/","og_locale":"es_ES","og_type":"article","og_title":"Cintur\u00f3n Tokaido de seda negra \"made in Japan\" - Daisho","og_description":"El cintur\u00f3n negro de k\u00e1rate de seda Tokaido es de la m\u00e1xima calidad y se fabrica espec\u00edficamente en Jap\u00f3n. C\u00f3mprelo en nuestro sitio web.","og_url":"https:\/\/www.daisho.be\/es\/produit\/cinturon-negro-de-seda-tokaido\/","og_site_name":"Daisho","article_modified_time":"2024-06-13T13:19:07+00:00","og_image":[{"width":800,"height":1280,"url":"https:\/\/www.daisho.be\/wp-content\/uploads\/2024\/06\/image-50.jpg","type":"image\/jpeg"}],"twitter_card":"summary_large_image","schema":{"@context":"https:\/\/schema.org","@graph":[{"@type":"WebPage","@id":"https:\/\/www.daisho.be\/es\/produit\/cinturon-negro-de-seda-tokaido\/","url":"https:\/\/www.daisho.be\/es\/produit\/cinturon-negro-de-seda-tokaido\/","name":"Cintur\u00f3n Tokaido de seda negra \"made in Japan\" - Daisho","isPartOf":{"@id":"https:\/\/www.daisho.be\/es\/#website"},"primaryImageOfPage":{"@id":"https:\/\/www.daisho.be\/es\/produit\/cinturon-negro-de-seda-tokaido\/#primaryimage"},"image":{"@id":"https:\/\/www.daisho.be\/es\/produit\/cinturon-negro-de-seda-tokaido\/#primaryimage"},"thumbnailUrl":"https:\/\/www.daisho.be\/wp-content\/uploads\/2024\/06\/image-50.jpg","datePublished":"2019-09-16T08:05:54+00:00","dateModified":"2024-06-13T13:19:07+00:00","description":"El cintur\u00f3n negro de k\u00e1rate de seda Tokaido es de la m\u00e1xima calidad y se fabrica espec\u00edficamente en Jap\u00f3n. C\u00f3mprelo en nuestro sitio web.","breadcrumb":{"@id":"https:\/\/www.daisho.be\/es\/produit\/cinturon-negro-de-seda-tokaido\/#breadcrumb"},"inLanguage":"es","potentialAction":[{"@type":"ReadAction","target":["https:\/\/www.daisho.be\/es\/produit\/cinturon-negro-de-seda-tokaido\/"]}]},{"@type":"ImageObject","inLanguage":"es","@id":"https:\/\/www.daisho.be\/es\/produit\/cinturon-negro-de-seda-tokaido\/#primaryimage","url":"https:\/\/www.daisho.be\/wp-content\/uploads\/2024\/06\/image-50.jpg","contentUrl":"https:\/\/www.daisho.be\/wp-content\/uploads\/2024\/06\/image-50.jpg","width":800,"height":1280,"caption":"TOKAIDO CINTUR\u00d3N NEGRO DE SEDA-1"},{"@type":"BreadcrumbList","@id":"https:\/\/www.daisho.be\/es\/produit\/cinturon-negro-de-seda-tokaido\/#breadcrumb","itemListElement":[{"@type":"ListItem","position":1,"name":"Accueil","item":"https:\/\/www.daisho.be\/es\/"},{"@type":"ListItem","position":2,"name":"Productos","item":"https:\/\/www.daisho.be\/es\/productos\/"},{"@type":"ListItem","position":3,"name":"Equipamiento y ropa para artes marciales y deportes de combate","item":"https:\/\/www.daisho.be\/es\/categorie-produit\/equipamiento-y-ropa-para-artes-marciales-y-deportes-de-combate\/"},{"@type":"ListItem","position":4,"name":"Karate","item":"https:\/\/www.daisho.be\/es\/categorie-produit\/equipamiento-y-ropa-para-artes-marciales-y-deportes-de-combate\/karate-es-2\/"},{"@type":"ListItem","position":5,"name":"Cinturones de k\u00e1rate","item":"https:\/\/www.daisho.be\/es\/categorie-produit\/equipamiento-y-ropa-para-artes-marciales-y-deportes-de-combate\/karate-es-2\/cinturones-de-karate\/"},{"@type":"ListItem","position":6,"name":"CINTUR\u00d3N NEGRO DE SEDA TOKAIDO"}]},{"@type":"WebSite","@id":"https:\/\/www.daisho.be\/es\/#website","url":"https:\/\/www.daisho.be\/es\/","name":"Daisho","description":"Sp&eacute;cialiste de l'&eacute;quipement sportif d'arts martiaux","publisher":{"@id":"https:\/\/www.daisho.be\/es\/#organization"},"potentialAction":[{"@type":"SearchAction","target":{"@type":"EntryPoint","urlTemplate":"https:\/\/www.daisho.be\/es\/?s={search_term_string}"},"query-input":{"@type":"PropertyValueSpecification","valueRequired":true,"valueName":"search_term_string"}}],"inLanguage":"es"},{"@type":"Organization","@id":"https:\/\/www.daisho.be\/es\/#organization","name":"Daisho","url":"https:\/\/www.daisho.be\/es\/","logo":{"@type":"ImageObject","inLanguage":"es","@id":"https:\/\/www.daisho.be\/es\/#\/schema\/logo\/image\/","url":"https:\/\/www.daisho.be\/wp-content\/uploads\/2019\/07\/color-nothing-horizontale4x-e1564486100247.png","contentUrl":"https:\/\/www.daisho.be\/wp-content\/uploads\/2019\/07\/color-nothing-horizontale4x-e1564486100247.png","width":1547,"height":385,"caption":"Daisho"},"image":{"@id":"https:\/\/www.daisho.be\/es\/#\/schema\/logo\/image\/"}}]}},"_links":{"self":[{"href":"https:\/\/www.daisho.be\/es\/wp-json\/wp\/v2\/product\/342866","targetHints":{"allow":["GET"]}}],"collection":[{"href":"https:\/\/www.daisho.be\/es\/wp-json\/wp\/v2\/product"}],"about":[{"href":"https:\/\/www.daisho.be\/es\/wp-json\/wp\/v2\/types\/product"}],"replies":[{"embeddable":true,"href":"https:\/\/www.daisho.be\/es\/wp-json\/wp\/v2\/comments?post=342866"}],"wp:featuredmedia":[{"embeddable":true,"href":"https:\/\/www.daisho.be\/es\/wp-json\/wp\/v2\/media\/417167"}],"wp:attachment":[{"href":"https:\/\/www.daisho.be\/es\/wp-json\/wp\/v2\/media?parent=342866"}],"wp:term":[{"taxonomy":"product_brand","embeddable":true,"href":"https:\/\/www.daisho.be\/es\/wp-json\/wp\/v2\/product_brand?post=342866"},{"taxonomy":"product_cat","embeddable":true,"href":"https:\/\/www.daisho.be\/es\/wp-json\/wp\/v2\/product_cat?post=342866"},{"taxonomy":"product_tag","embeddable":true,"href":"https:\/\/www.daisho.be\/es\/wp-json\/wp\/v2\/product_tag?post=342866"},{"taxonomy":"sport","embeddable":true,"href":"https:\/\/www.daisho.be\/es\/wp-json\/wp\/v2\/sport?post=342866"}],"curies":[{"name":"wp","href":"https:\/\/api.w.org\/{rel}","templated":true}]}}